{"id":36639,"date":"2023-02-10T16:17:35","date_gmt":"2023-02-10T13:17:35","guid":{"rendered":"https:\/\/rst-steel.fi-c.seravo.com\/product\/lazer-triple-r-1000-white-with-beacon_pr_18691\/"},"modified":"2026-03-16T09:21:20","modified_gmt":"2026-03-16T06:21:20","slug":"lazer-triple-r-1000-with-beacon-white_pr_18691","status":"publish","type":"product","link":"https:\/\/rst-steel.com\/nb\/produkt\/lazer-triple-r-1000-with-beacon-white_pr_18691\/","title":{"rendered":"Lazer Triple-R 1000 With Beacon, White"},"content":{"rendered":"<p>Den ikoniske Triple-R 1000, som er en storfavoritt blant tunge lastebiler og varebiler, tilbys n\u00e5 med integrert gult blinklys. Den ekstra sikkerhetsfunksjonen i lykten, som omfatter 16 forskjellige foroverrettede blinkm\u00f8nstre, kombineres med muligheten til \u00e5 koble til en hvit eller gul posisjons-\/sidelysfunksjon, samt den eksepsjonelle fjernlysfunksjonen, og gj\u00f8r at Triple-R 1000 virkelig skiller seg ut fra konkurrentene.<\/p>\n<p><\/p>\n<p>Triple-R 1000 er et kj\u00f8relys med h\u00f8y ytelse og et punktlysbilde som egner seg godt til bruk p\u00e5 veien. Nylige designoppdateringer av Triple-R-serien har resultert i en ren, moderne design med en mer aggressiv kant som passer til den estetiske designen som er vanlig p\u00e5 moderne biler. Med en lysstyrke p\u00e5 9 240 lumen og en lysstyrke p\u00e5 1 lux til 612 m (E-Boost-modus) gir LED-kj\u00f8relyset forbedret spredning av lyset til venstre\/h\u00f8yre uten at det g\u00e5r p\u00e5 bekostning av spredningen opp\/ned, noe som sikrer at lyktene passer til en lang rekke kj\u00f8ret\u00f8yer, ogs\u00e5 der lyktene er montert h\u00f8yt oppe p\u00e5 kj\u00f8ret\u00f8yet. E-Boost-teknologien med to utganger muliggj\u00f8r drift innenfor ECE-regulativets 112-parametere n\u00e5r den medf\u00f8lgende E-Boost-hetten er fjernet, og der nasjonale forskrifter krever bruk p\u00e5 vei parallelt med kj\u00f8ret\u00f8yets standard fjernlys.<\/p>\n<p><\/p>\n<p>Lampen har mulighet til \u00e5 koble til en integrert posisjons-\/sidelysfunksjon, slik at du f\u00e5r en lysinstallasjon som blir lagt merke til like mye om dagen som om natten. Det er mulig \u00e5 koble til hvitt eller gult posisjonslys ved \u00e5 sette den tilsvarende ledningen inn i lampekontakten p\u00e5 installasjonsstedet, eller la begge v\u00e6re frakoblet slik at Triple-R 1000 kun fungerer som fjernlys. Posisjonslysfunksjonen (kun hvitt) er godkjent i henhold til ECE-regulativ 7, slik at den kan brukes parallelt med bilens standardlys.<\/p>\n<p><\/p>\n<p>Det finnes 16 ulike innstillinger for gult varsellys, inkludert blinkm\u00f8nstre som er godkjent i henhold til ECE-regulativ 65 som varsellys, og som kan velges og synkroniseres (mellom flere lamper) p\u00e5 installasjonsstedet, eller ved hjelp av en \u00f8yeblikksbryter der det er behov for \u00e5 endre blinkm\u00f8nsteret etter behov.&nbsp;<\/p>\n<p><\/p>\n<p>Produktegenskaper:<\/p>\n<p><\/p>\n<p>Highly efficient 11W LED technology (upgraded for 2020\/21)<\/p>\n<p>5000K LED fargetemperatur og 80CRI maksimerer skarphet og definisjon<\/p>\n<p>Integrated amber flashing beacon function \u2013 16 flash patterns (incl UNECE Reg65 option)<\/p>\n<p>Integrert hvitt og gult posisjonslysfunksjon<\/p>\n<p>Ultrareflekterende vakuummetallisert optikk leverer punktstr\u00e5lem\u00f8nster<\/p>\n<p>UNECE Reg 112 Klasse B kj\u00f8relys, godkjent for fjernlys p\u00e5 vei (E-Boost-teknologi) og Reg 7 posisjons-\/sidelysfunksjon (kun hvit)<\/p>\n<p>Contemporary lamp design \u2013 Black or White colour options<\/p>\n<p>Includes versatile \u2018Centre Mount\u2019 mounting system plus integral features to enable side mounting (brackets sold separately)<\/p>\n<p>Elektronisk termisk styringssystem optimerer lyseffekten for \u00e5 bevare levetiden til lysdiodene<\/p>\n<p>Anodised pre-treatment and automotive grade powder top-coat for ultimate corrosion and chemical protection<\/p>\n<p>CAE-optimalisert kj\u00f8leribbe tilbyr forbedret termisk dynamikk<\/p>\n<p>Overspenningsbeskyttet<\/p>\n<p>Beskyttet mot omvendt polaritet<\/p>\n<p>\u2018Uknuselig\u2019 polykarbonatlinse med hardcoat lakk<\/p>\n<p>UNECE-godkjent Reg 10<\/p>\n<p>IP67 vanntett<\/p>\n<p>5 \u00e5rs garanti<\/p>\n<p>Leveres med forh\u00e5ndskoblede 6-pinners Superseal-kontakter (hann\/hunn)<\/p>\n<p>Designet og produsert i Storbritannia<\/p>\n<p><\/p>\n<p><\/p>\n<p>Tekniske spesifikasjoner:<\/p>\n<p><\/p>\n<p>Spenningsomr\u00e5de: 10-32V<\/p>\n<p>Weight: 1.7 kg<\/p>\n<p>Total lysstr\u00f8m: 9240 lm (E-Boost), 1848 lm (E-Mark-modus)<\/p>\n<p>Str\u00f8mforbruk: 88 watt (E-Boost), 17,6 watt (E-Mark-modus)<\/p>\n<p>Antall lysdioder med h\u00f8y effekt:  8<\/p>\n<p><\/p>\n<p>DIMENSJONER:<\/p>\n<p>&nbsp; &nbsp; Width: 410 mm<\/p>\n<p>&nbsp; &nbsp; Dybde: 105 mm<\/p>\n<p>&nbsp; &nbsp; H\u00f8yde: 73 mm<\/p>\n<p>&nbsp; &nbsp; H\u00f8yde med feste: 103 mm<\/p>\n<p><\/p>\n<p>PHOTOMETRIC DATA:<\/p>\n<p>&nbsp; &nbsp; Horisontal str\u00e5levinkel: 19 grader<\/p>\n<p>&nbsp; &nbsp; 0,25 lx Linje: 1225 meter \/ 548 meter (E-Boost \/ E-Mark-modus)<\/p>\n<p>&nbsp; &nbsp; 0,5 lx Linje: 866 meter \/ 387 meter (E-Boost\/E-Mark-modus)<\/p>\n<p>&nbsp; &nbsp; 1 lx Line: 612 meter \/ 274 meter (E-Boost\/E-Mark-modus)<\/p>\n<p>&nbsp; &nbsp; 3 lx Line: 354 meter \/ 158 meter (E-Boost\/E-Mark-modus)<\/p>\n<p><\/p>\n<p>SERTIFIKASJON:<\/p>\n<p>&nbsp; &nbsp; High Beam: \u00a0\u00a0\u00a0\u00a0\u00a0\u00a0\u00a0\u00a0\u00a0\u00a0\u00a0\u00a0\u00a0\u00a0\u00a0\u00a0\u00a0\u00a0\u00a0\u00a0\u00a0\u00a0\u00a0N\/A (E-Boost), ECE R112 (E-Mark Mode)<\/p>\n<p>&nbsp; &nbsp; E-Mark Ref-nummer: 12.5<\/p>\n<p>&nbsp; &nbsp; Position Light (White) :<span>\t<\/span>ECE R7<\/p>\n<p>&nbsp; &nbsp; Varsellys (gult) ECE R65<\/p>\n<p><\/p>\n<p><\/p>\n<p>Hva er inkludert?<\/p>\n<p>Triple-R 1000 LED-lampe<\/p>\n<p>2x Senterfeste<\/p>\n<p>Installasjonsinstruksjoner<\/p>","protected":false},"excerpt":{"rendered":"<p>Integrated amber flashing beacon function \u2013 16 flash patterns (incl UNECE Reg65 option)<\/p>\n<p><\/p>\n<p>Integrert hvitt og gult posisjonslysfunksjon<\/p>","protected":false},"featured_media":36634,"comment_status":"open","ping_status":"closed","template":"","meta":{"_improvement_type_select":"improve_an_existing","_thumb_yes_seoaic":false,"_frame_yes_seoaic":false,"seoaic_generate_description":"","seoaic_improve_instructions_prompt":"","seoaic_rollback_content_improvement":"","seoaic_idea_thumbnail_generator":"","thumbnail_generated":false,"thumbnail_generate_prompt":"","seoaic_article_description":""},"make_fuel_type":[],"make_model":[],"make_brand":[],"make_year":[3748,6373],"pwb-brand":[8332],"product_brand":[],"product_cat":[6195,6209,6211,7205],"product_tag":[7551,6298,6362],"class_list":{"0":"post-36639","1":"product","2":"type-product","3":"status-publish","4":"has-post-thumbnail","6":"make_year-trucks","7":"make_year-van","8":"pwb-brand-brand_lazerlamps","9":"product_cat-lamps","10":"product_cat-auxiliary-lights","11":"product_cat-lazer-lamps-auxiliary-lights","12":"product_cat-rst-triplerr","13":"product_tag-extraljus","14":"product_tag-lazer-lamps","15":"product_tag-triple-r","17":"first","18":"instock","19":"taxable","20":"shipping-taxable","21":"purchasable","22":"product-type-simple"},"yoast_head":"<!-- This site is optimized with the Yoast SEO plugin v25.7 - https:\/\/yoast.com\/wordpress\/plugins\/seo\/ -->\n<title>Lazer Triple-R 1000 With Beacon, White - RST-Steel<\/title>\n<meta name=\"description\" content=\"The Lazer Triple-R 1000 with Beacon combines powerful LED lighting with a beacon for enhanced visibility and safety in challenging driving conditions.\" \/>\n<meta name=\"robots\" content=\"index, follow, max-snippet:-1, max-image-preview:large, max-video-preview:-1\" \/>\n<link rel=\"canonical\" href=\"https:\/\/rst-steel.com\/nb\/produkt\/lazer-triple-r-1000-with-beacon-white_pr_18691\/\" \/>\n<meta property=\"og:locale\" content=\"nb_NO\" \/>\n<meta property=\"og:type\" content=\"article\" \/>\n<meta property=\"og:title\" content=\"Lazer Triple-R 1000 With Beacon, White - RST-Steel\" \/>\n<meta property=\"og:description\" content=\"The Lazer Triple-R 1000 with Beacon combines powerful LED lighting with a beacon for enhanced visibility and safety in challenging driving conditions.\" \/>\n<meta property=\"og:url\" content=\"https:\/\/rst-steel.com\/nb\/produkt\/lazer-triple-r-1000-with-beacon-white_pr_18691\/\" \/>\n<meta property=\"og:site_name\" content=\"RST-Steel\" \/>\n<meta property=\"article:publisher\" content=\"https:\/\/www.facebook.com\/rststeel\" \/>\n<meta property=\"article:modified_time\" content=\"2026-03-16T06:21:20+00:00\" \/>\n<meta property=\"og:image\" content=\"https:\/\/rst-steel.com\/wp-content\/uploads\/2023\/02\/552048f7bed0d5a346e588db87b48d4014afc1be_LazerTriple_R1000GEN2majakkatoiminnollaValkoinen_RSTLZ0003STDFW.jpeg\" \/>\n\t<meta property=\"og:image:width\" content=\"2000\" \/>\n\t<meta property=\"og:image:height\" content=\"1336\" \/>\n\t<meta property=\"og:image:type\" content=\"image\/jpeg\" \/>\n<meta name=\"twitter:card\" content=\"summary_large_image\" \/>\n<meta name=\"twitter:label1\" content=\"Ansl. lesetid\" \/>\n\t<meta name=\"twitter:data1\" content=\"4 minutter\" \/>\n<script type=\"application\/ld+json\" class=\"yoast-schema-graph\">{\"@context\":\"https:\/\/schema.org\",\"@graph\":[{\"@type\":\"WebPage\",\"@id\":\"https:\/\/rst-steel.com\/product\/lazer-triple-r-1000-with-beacon-white_pr_18691\/\",\"url\":\"https:\/\/rst-steel.com\/product\/lazer-triple-r-1000-with-beacon-white_pr_18691\/\",\"name\":\"Lazer Triple-R 1000 With Beacon, White - RST-Steel\",\"isPartOf\":{\"@id\":\"https:\/\/rst-steel.com\/#website\"},\"primaryImageOfPage\":{\"@id\":\"https:\/\/rst-steel.com\/product\/lazer-triple-r-1000-with-beacon-white_pr_18691\/#primaryimage\"},\"image\":{\"@id\":\"https:\/\/rst-steel.com\/product\/lazer-triple-r-1000-with-beacon-white_pr_18691\/#primaryimage\"},\"thumbnailUrl\":\"https:\/\/rst-steel.com\/wp-content\/uploads\/2023\/02\/552048f7bed0d5a346e588db87b48d4014afc1be_LazerTriple_R1000GEN2majakkatoiminnollaValkoinen_RSTLZ0003STDFW.jpeg\",\"datePublished\":\"2023-02-10T13:17:35+00:00\",\"dateModified\":\"2026-03-16T06:21:20+00:00\",\"description\":\"The Lazer Triple-R 1000 with Beacon combines powerful LED lighting with a beacon for enhanced visibility and safety in challenging driving conditions.\",\"breadcrumb\":{\"@id\":\"https:\/\/rst-steel.com\/product\/lazer-triple-r-1000-with-beacon-white_pr_18691\/#breadcrumb\"},\"inLanguage\":\"nb-NO\",\"potentialAction\":[{\"@type\":\"ReadAction\",\"target\":[\"https:\/\/rst-steel.com\/product\/lazer-triple-r-1000-with-beacon-white_pr_18691\/\"]}]},{\"@type\":\"ImageObject\",\"inLanguage\":\"nb-NO\",\"@id\":\"https:\/\/rst-steel.com\/product\/lazer-triple-r-1000-with-beacon-white_pr_18691\/#primaryimage\",\"url\":\"https:\/\/rst-steel.com\/wp-content\/uploads\/2023\/02\/552048f7bed0d5a346e588db87b48d4014afc1be_LazerTriple_R1000GEN2majakkatoiminnollaValkoinen_RSTLZ0003STDFW.jpeg\",\"contentUrl\":\"https:\/\/rst-steel.com\/wp-content\/uploads\/2023\/02\/552048f7bed0d5a346e588db87b48d4014afc1be_LazerTriple_R1000GEN2majakkatoiminnollaValkoinen_RSTLZ0003STDFW.jpeg\",\"width\":2000,\"height\":1336,\"caption\":\"Lazer Triple-R 1000 With Beacon, White\"},{\"@type\":\"BreadcrumbList\",\"@id\":\"https:\/\/rst-steel.com\/product\/lazer-triple-r-1000-with-beacon-white_pr_18691\/#breadcrumb\",\"itemListElement\":[{\"@type\":\"ListItem\",\"position\":1,\"name\":\"Home\",\"item\":\"https:\/\/rst-steel.com\/\"},{\"@type\":\"ListItem\",\"position\":2,\"name\":\"RST-Steel Shop\",\"item\":\"https:\/\/rst-steel.com\/shop\/\"},{\"@type\":\"ListItem\",\"position\":3,\"name\":\"Lazer Triple-R 1000 With Beacon, White\"}]},{\"@type\":\"WebSite\",\"@id\":\"https:\/\/rst-steel.com\/#website\",\"url\":\"https:\/\/rst-steel.com\/\",\"name\":\"RST-Steel.com\",\"description\":\"Finnish quality steel, for quality-conscious drivers\",\"publisher\":{\"@id\":\"https:\/\/rst-steel.com\/#organization\"},\"alternateName\":\"Safe and stylish RST-Steel quality\",\"potentialAction\":[{\"@type\":\"SearchAction\",\"target\":{\"@type\":\"EntryPoint\",\"urlTemplate\":\"https:\/\/rst-steel.com\/?s={search_term_string}\"},\"query-input\":{\"@type\":\"PropertyValueSpecification\",\"valueRequired\":true,\"valueName\":\"search_term_string\"}}],\"inLanguage\":\"nb-NO\"},{\"@type\":\"Organization\",\"@id\":\"https:\/\/rst-steel.com\/#organization\",\"name\":\"RST-Steel Oy\",\"url\":\"https:\/\/rst-steel.com\/\",\"logo\":{\"@type\":\"ImageObject\",\"inLanguage\":\"nb-NO\",\"@id\":\"https:\/\/rst-steel.com\/#\/schema\/logo\/image\/\",\"url\":\"https:\/\/rst-steel.com\/wp-content\/uploads\/2023\/04\/cropped-Rst-logo-valkoinen-teksti-3.png\",\"contentUrl\":\"https:\/\/rst-steel.com\/wp-content\/uploads\/2023\/04\/cropped-Rst-logo-valkoinen-teksti-3.png\",\"width\":512,\"height\":115,\"caption\":\"RST-Steel Oy\"},\"image\":{\"@id\":\"https:\/\/rst-steel.com\/#\/schema\/logo\/image\/\"},\"sameAs\":[\"https:\/\/www.facebook.com\/rststeel\",\"https:\/\/www.instagram.com\/rststeeloy\/\"]}]}<\/script>\n<!-- \/ Yoast SEO plugin. -->","yoast_head_json":{"title":"Lazer Triple-R 1000 With Beacon, White - RST-Steel","description":"The Lazer Triple-R 1000 with Beacon combines powerful LED lighting with a beacon for enhanced visibility and safety in challenging driving conditions.","robots":{"index":"index","follow":"follow","max-snippet":"max-snippet:-1","max-image-preview":"max-image-preview:large","max-video-preview":"max-video-preview:-1"},"canonical":"https:\/\/rst-steel.com\/nb\/produkt\/lazer-triple-r-1000-with-beacon-white_pr_18691\/","og_locale":"nb_NO","og_type":"article","og_title":"Lazer Triple-R 1000 With Beacon, White - RST-Steel","og_description":"The Lazer Triple-R 1000 with Beacon combines powerful LED lighting with a beacon for enhanced visibility and safety in challenging driving conditions.","og_url":"https:\/\/rst-steel.com\/nb\/produkt\/lazer-triple-r-1000-with-beacon-white_pr_18691\/","og_site_name":"RST-Steel","article_publisher":"https:\/\/www.facebook.com\/rststeel","article_modified_time":"2026-03-16T06:21:20+00:00","og_image":[{"width":2000,"height":1336,"url":"https:\/\/rst-steel.com\/wp-content\/uploads\/2023\/02\/552048f7bed0d5a346e588db87b48d4014afc1be_LazerTriple_R1000GEN2majakkatoiminnollaValkoinen_RSTLZ0003STDFW.jpeg","type":"image\/jpeg"}],"twitter_card":"summary_large_image","twitter_misc":{"Ansl. lesetid":"4 minutter"},"schema":{"@context":"https:\/\/schema.org","@graph":[{"@type":"WebPage","@id":"https:\/\/rst-steel.com\/product\/lazer-triple-r-1000-with-beacon-white_pr_18691\/","url":"https:\/\/rst-steel.com\/product\/lazer-triple-r-1000-with-beacon-white_pr_18691\/","name":"Lazer Triple-R 1000 With Beacon, White - RST-Steel","isPartOf":{"@id":"https:\/\/rst-steel.com\/#website"},"primaryImageOfPage":{"@id":"https:\/\/rst-steel.com\/product\/lazer-triple-r-1000-with-beacon-white_pr_18691\/#primaryimage"},"image":{"@id":"https:\/\/rst-steel.com\/product\/lazer-triple-r-1000-with-beacon-white_pr_18691\/#primaryimage"},"thumbnailUrl":"https:\/\/rst-steel.com\/wp-content\/uploads\/2023\/02\/552048f7bed0d5a346e588db87b48d4014afc1be_LazerTriple_R1000GEN2majakkatoiminnollaValkoinen_RSTLZ0003STDFW.jpeg","datePublished":"2023-02-10T13:17:35+00:00","dateModified":"2026-03-16T06:21:20+00:00","description":"The Lazer Triple-R 1000 with Beacon combines powerful LED lighting with a beacon for enhanced visibility and safety in challenging driving conditions.","breadcrumb":{"@id":"https:\/\/rst-steel.com\/product\/lazer-triple-r-1000-with-beacon-white_pr_18691\/#breadcrumb"},"inLanguage":"nb-NO","potentialAction":[{"@type":"ReadAction","target":["https:\/\/rst-steel.com\/product\/lazer-triple-r-1000-with-beacon-white_pr_18691\/"]}]},{"@type":"ImageObject","inLanguage":"nb-NO","@id":"https:\/\/rst-steel.com\/product\/lazer-triple-r-1000-with-beacon-white_pr_18691\/#primaryimage","url":"https:\/\/rst-steel.com\/wp-content\/uploads\/2023\/02\/552048f7bed0d5a346e588db87b48d4014afc1be_LazerTriple_R1000GEN2majakkatoiminnollaValkoinen_RSTLZ0003STDFW.jpeg","contentUrl":"https:\/\/rst-steel.com\/wp-content\/uploads\/2023\/02\/552048f7bed0d5a346e588db87b48d4014afc1be_LazerTriple_R1000GEN2majakkatoiminnollaValkoinen_RSTLZ0003STDFW.jpeg","width":2000,"height":1336,"caption":"Lazer Triple-R 1000 With Beacon, White"},{"@type":"BreadcrumbList","@id":"https:\/\/rst-steel.com\/product\/lazer-triple-r-1000-with-beacon-white_pr_18691\/#breadcrumb","itemListElement":[{"@type":"ListItem","position":1,"name":"Home","item":"https:\/\/rst-steel.com\/"},{"@type":"ListItem","position":2,"name":"RST-Steel Shop","item":"https:\/\/rst-steel.com\/shop\/"},{"@type":"ListItem","position":3,"name":"Lazer Triple-R 1000 With Beacon, White"}]},{"@type":"WebSite","@id":"https:\/\/rst-steel.com\/#website","url":"https:\/\/rst-steel.com\/","name":"RST-Steel.com","description":"Finsk kvalitetsst\u00e5l, for kvalitetsbevisste sj\u00e5f\u00f8rer","publisher":{"@id":"https:\/\/rst-steel.com\/#organization"},"alternateName":"Safe and stylish RST-Steel quality","potentialAction":[{"@type":"SearchAction","target":{"@type":"EntryPoint","urlTemplate":"https:\/\/rst-steel.com\/?s={search_term_string}"},"query-input":{"@type":"PropertyValueSpecification","valueRequired":true,"valueName":"search_term_string"}}],"inLanguage":"nb-NO"},{"@type":"Organization","@id":"https:\/\/rst-steel.com\/#organization","name":"RST-Steel Oy","url":"https:\/\/rst-steel.com\/","logo":{"@type":"ImageObject","inLanguage":"nb-NO","@id":"https:\/\/rst-steel.com\/#\/schema\/logo\/image\/","url":"https:\/\/rst-steel.com\/wp-content\/uploads\/2023\/04\/cropped-Rst-logo-valkoinen-teksti-3.png","contentUrl":"https:\/\/rst-steel.com\/wp-content\/uploads\/2023\/04\/cropped-Rst-logo-valkoinen-teksti-3.png","width":512,"height":115,"caption":"RST-Steel Oy"},"image":{"@id":"https:\/\/rst-steel.com\/#\/schema\/logo\/image\/"},"sameAs":["https:\/\/www.facebook.com\/rststeel","https:\/\/www.instagram.com\/rststeeloy\/"]}]}},"brands":[{"id":8332,"name":"Lazer Lamps","slug":"brand_lazerlamps"}],"_links":{"self":[{"href":"https:\/\/rst-steel.com\/nb\/wp-json\/wp\/v2\/product\/36639","targetHints":{"allow":["GET"]}}],"collection":[{"href":"https:\/\/rst-steel.com\/nb\/wp-json\/wp\/v2\/product"}],"about":[{"href":"https:\/\/rst-steel.com\/nb\/wp-json\/wp\/v2\/types\/product"}],"replies":[{"embeddable":true,"href":"https:\/\/rst-steel.com\/nb\/wp-json\/wp\/v2\/comments?post=36639"}],"version-history":[{"count":0,"href":"https:\/\/rst-steel.com\/nb\/wp-json\/wp\/v2\/product\/36639\/revisions"}],"wp:featuredmedia":[{"embeddable":true,"href":"https:\/\/rst-steel.com\/nb\/wp-json\/wp\/v2\/media\/36634"}],"wp:attachment":[{"href":"https:\/\/rst-steel.com\/nb\/wp-json\/wp\/v2\/media?parent=36639"}],"wp:term":[{"taxonomy":"make_fuel_type","embeddable":true,"href":"https:\/\/rst-steel.com\/nb\/wp-json\/wp\/v2\/make_fuel_type?post=36639"},{"taxonomy":"make_model","embeddable":true,"href":"https:\/\/rst-steel.com\/nb\/wp-json\/wp\/v2\/make_model?post=36639"},{"taxonomy":"make_brand","embeddable":true,"href":"https:\/\/rst-steel.com\/nb\/wp-json\/wp\/v2\/make_brand?post=36639"},{"taxonomy":"make_year","embeddable":true,"href":"https:\/\/rst-steel.com\/nb\/wp-json\/wp\/v2\/make_year?post=36639"},{"taxonomy":"pwb-brand","embeddable":true,"href":"https:\/\/rst-steel.com\/nb\/wp-json\/wp\/v2\/pwb-brand?post=36639"},{"taxonomy":"product_brand","embeddable":true,"href":"https:\/\/rst-steel.com\/nb\/wp-json\/wp\/v2\/product_brand?post=36639"},{"taxonomy":"product_cat","embeddable":true,"href":"https:\/\/rst-steel.com\/nb\/wp-json\/wp\/v2\/product_cat?post=36639"},{"taxonomy":"product_tag","embeddable":true,"href":"https:\/\/rst-steel.com\/nb\/wp-json\/wp\/v2\/product_tag?post=36639"}],"curies":[{"name":"wp","href":"https:\/\/api.w.org\/{rel}","templated":true}]}}