{"id":40435,"date":"2023-08-04T13:03:00","date_gmt":"2023-08-04T10:03:00","guid":{"rendered":"https:\/\/rst-steel.com\/product\/bull-bar-dakar-volvo-fmx_prm_9803\/"},"modified":"2026-03-16T09:16:13","modified_gmt":"2026-03-16T06:16:13","slug":"bull-bar-dakar-v28-volvo-fmx_prm_9803","status":"publish","type":"product","link":"https:\/\/rst-steel.com\/nb\/produkt\/bull-bar-dakar-v28-volvo-fmx_prm_9803\/","title":{"rendered":"Bull Bar Dakar V28 Volvo FMX"},"content":{"rendered":"<p><span style=\"font-weight: bold;\">Bull Bar Dakar V28 Volvo FMX<\/span><\/p>\n<ul>\n<li><\/li>\n<\/ul>\n<p>RST-Steels frontbeskytter er h\u00f8ykvalitetsprodukter laget av rustfritt st\u00e5l.<\/p>\n<ul>\n<li><\/li>\n<\/ul>\n<p>En frontbeskytter beskytter fronten p\u00e5 bilen ved kollisjoner og gir bilen et stilig utseende som vekker oppsikt. En veldig fin frontbeskytter kan for\u00e5rsake \"jernfeber\", noe som gj\u00f8r at du og din bedrift skiller seg ut.<\/p>\n<ul>\n<li><\/li>\n<\/ul>\n<p>En frontbeskytter kan utstyres med ekstralys og posisjonslys, som forbedrer sikten din i trafikken, og samtidig \u00f8ker sikkerheten for deg selv og andre i trafikken.<\/p>\n<p>Det er gjort s\u00e5 enkelt som mulig \u00e5 ta av styrestangen<\/p>\n<ul>\n<li><\/li>\n<\/ul>\n<p><strong>Teknisk informasjon:<\/strong><\/p>\n<ul>\n<li>Farge: Speilpolert rustfritt st\u00e5l eller maling med RAL-grunnfarger<\/li>\n<li>R\u00f8rdiameter: 76 mm \/ 60 mm<\/li>\n<li><\/li>\n<\/ul>\n<p><span style=\"font-weight: bold;\"><a href=\"https:\/\/www.youtube.com\/watch?v=G2FVajPh-pM\">BULLBAR WIRING KIT INSTALLATION VIDEO IS HERE<\/a><\/span><\/p>\n<p><strong>Innhold i leveransen:<\/strong><\/p>\n<ul>\n<li>Bull bar Dakar Volvo FMX<\/li>\n<li>Festemidler som kreves for installasjon<\/li>\n<li>Installasjonsinstruksjoner<\/li>\n<\/ul>","protected":false},"excerpt":{"rendered":"<p>Flere modellalternativer tilgjengelig!<\/p>","protected":false},"featured_media":40434,"comment_status":"open","ping_status":"closed","template":"","meta":{"_improvement_type_select":"improve_an_existing","_thumb_yes_seoaic":false,"_frame_yes_seoaic":false,"seoaic_generate_description":"","seoaic_improve_instructions_prompt":"","seoaic_rollback_content_improvement":"","seoaic_idea_thumbnail_generator":"","thumbnail_generated":false,"thumbnail_generate_prompt":"","seoaic_article_description":""},"make_fuel_type":[],"make_model":[5640,5300],"make_brand":[3745],"make_year":[3748],"pwb-brand":[8334],"product_brand":[],"product_cat":[6280,7158],"product_tag":[8501,6683],"class_list":{"0":"post-40435","1":"product","2":"type-product","3":"status-publish","4":"has-post-thumbnail","6":"make_model-fmx-2013","7":"make_model-volvo-fmx","8":"make_brand-volvo","9":"make_year-trucks","10":"pwb-brand-brand_rststeel","11":"product_cat-bullbars","12":"product_cat-volvo-ka-kk","13":"product_tag-bullbar-dakar","14":"product_tag-frontskydd","15":"product_shipping_class-bullbars","17":"first","18":"onbackorder","19":"taxable","20":"shipping-taxable","21":"purchasable","22":"product-type-variable"},"yoast_head":"<!-- This site is optimized with the Yoast SEO plugin v25.7 - https:\/\/yoast.com\/wordpress\/plugins\/seo\/ -->\n<title>Bull Bar Dakar V28 Volvo FMX - RST-Steel<\/title>\n<meta name=\"description\" content=\"Bull Bar Dakar Volvo FMX models. RST-Steel&#039;s bull bars are high-quality products made of stainless steel.\u00a0Get to know the products!\" \/>\n<meta name=\"robots\" content=\"index, follow, max-snippet:-1, max-image-preview:large, max-video-preview:-1\" \/>\n<link rel=\"canonical\" href=\"https:\/\/rst-steel.com\/nb\/produkt\/bull-bar-dakar-v28-volvo-fmx_prm_9803\/\" \/>\n<meta property=\"og:locale\" content=\"nb_NO\" \/>\n<meta property=\"og:type\" content=\"article\" \/>\n<meta property=\"og:title\" content=\"Bull Bar Dakar V28 Volvo FMX - RST-Steel\" \/>\n<meta property=\"og:description\" content=\"Bull Bar Dakar Volvo FMX models. RST-Steel&#039;s bull bars are high-quality products made of stainless steel.\u00a0Get to know the products!\" \/>\n<meta property=\"og:url\" content=\"https:\/\/rst-steel.com\/nb\/produkt\/bull-bar-dakar-v28-volvo-fmx_prm_9803\/\" \/>\n<meta property=\"og:site_name\" content=\"RST-Steel\" \/>\n<meta property=\"article:publisher\" content=\"https:\/\/www.facebook.com\/rststeel\" \/>\n<meta property=\"article:modified_time\" content=\"2026-03-16T06:16:13+00:00\" \/>\n<meta property=\"og:image\" content=\"https:\/\/rst-steel.com\/wp-content\/uploads\/2023\/08\/02a6fc8edcb20b3c7e53edd30e929ca86f48d3ae_KarjapuskuriDakarVolvoFMX_RST2004_6b8428296bc62ffae41fe4611e189495_4.jpg\" \/>\n\t<meta property=\"og:image:width\" content=\"1024\" \/>\n\t<meta property=\"og:image:height\" content=\"768\" \/>\n\t<meta property=\"og:image:type\" content=\"image\/jpeg\" \/>\n<meta name=\"twitter:card\" content=\"summary_large_image\" \/>\n<meta name=\"twitter:label1\" content=\"Ansl. lesetid\" \/>\n\t<meta name=\"twitter:data1\" content=\"1 minutt\" \/>\n<script type=\"application\/ld+json\" class=\"yoast-schema-graph\">{\"@context\":\"https:\/\/schema.org\",\"@graph\":[{\"@type\":\"WebPage\",\"@id\":\"https:\/\/rst-steel.com\/product\/bull-bar-dakar-v28-volvo-fmx_prm_9803\/\",\"url\":\"https:\/\/rst-steel.com\/product\/bull-bar-dakar-v28-volvo-fmx_prm_9803\/\",\"name\":\"Bull Bar Dakar V28 Volvo FMX - RST-Steel\",\"isPartOf\":{\"@id\":\"https:\/\/rst-steel.com\/#website\"},\"primaryImageOfPage\":{\"@id\":\"https:\/\/rst-steel.com\/product\/bull-bar-dakar-v28-volvo-fmx_prm_9803\/#primaryimage\"},\"image\":{\"@id\":\"https:\/\/rst-steel.com\/product\/bull-bar-dakar-v28-volvo-fmx_prm_9803\/#primaryimage\"},\"thumbnailUrl\":\"https:\/\/rst-steel.com\/wp-content\/uploads\/2023\/08\/02a6fc8edcb20b3c7e53edd30e929ca86f48d3ae_KarjapuskuriDakarVolvoFMX_RST2004_6b8428296bc62ffae41fe4611e189495_4.jpg\",\"datePublished\":\"2023-08-04T10:03:00+00:00\",\"dateModified\":\"2026-03-16T06:16:13+00:00\",\"description\":\"Bull Bar Dakar Volvo FMX models. RST-Steel's bull bars are high-quality products made of stainless steel.\u00a0Get to know the products!\",\"breadcrumb\":{\"@id\":\"https:\/\/rst-steel.com\/product\/bull-bar-dakar-v28-volvo-fmx_prm_9803\/#breadcrumb\"},\"inLanguage\":\"nb-NO\",\"potentialAction\":[{\"@type\":\"ReadAction\",\"target\":[\"https:\/\/rst-steel.com\/product\/bull-bar-dakar-v28-volvo-fmx_prm_9803\/\"]}]},{\"@type\":\"ImageObject\",\"inLanguage\":\"nb-NO\",\"@id\":\"https:\/\/rst-steel.com\/product\/bull-bar-dakar-v28-volvo-fmx_prm_9803\/#primaryimage\",\"url\":\"https:\/\/rst-steel.com\/wp-content\/uploads\/2023\/08\/02a6fc8edcb20b3c7e53edd30e929ca86f48d3ae_KarjapuskuriDakarVolvoFMX_RST2004_6b8428296bc62ffae41fe4611e189495_4.jpg\",\"contentUrl\":\"https:\/\/rst-steel.com\/wp-content\/uploads\/2023\/08\/02a6fc8edcb20b3c7e53edd30e929ca86f48d3ae_KarjapuskuriDakarVolvoFMX_RST2004_6b8428296bc62ffae41fe4611e189495_4.jpg\",\"width\":1024,\"height\":768,\"caption\":\"Bull Bar Dakar Volvo FMX\"},{\"@type\":\"BreadcrumbList\",\"@id\":\"https:\/\/rst-steel.com\/product\/bull-bar-dakar-v28-volvo-fmx_prm_9803\/#breadcrumb\",\"itemListElement\":[{\"@type\":\"ListItem\",\"position\":1,\"name\":\"Home\",\"item\":\"https:\/\/rst-steel.com\/\"},{\"@type\":\"ListItem\",\"position\":2,\"name\":\"RST-Steel Shop\",\"item\":\"https:\/\/rst-steel.com\/shop\/\"},{\"@type\":\"ListItem\",\"position\":3,\"name\":\"Bull Bar Dakar V28 Volvo FMX\"}]},{\"@type\":\"WebSite\",\"@id\":\"https:\/\/rst-steel.com\/#website\",\"url\":\"https:\/\/rst-steel.com\/\",\"name\":\"RST-Steel.com\",\"description\":\"Finnish quality steel, for quality-conscious drivers\",\"publisher\":{\"@id\":\"https:\/\/rst-steel.com\/#organization\"},\"alternateName\":\"Safe and stylish RST-Steel quality\",\"potentialAction\":[{\"@type\":\"SearchAction\",\"target\":{\"@type\":\"EntryPoint\",\"urlTemplate\":\"https:\/\/rst-steel.com\/?s={search_term_string}\"},\"query-input\":{\"@type\":\"PropertyValueSpecification\",\"valueRequired\":true,\"valueName\":\"search_term_string\"}}],\"inLanguage\":\"nb-NO\"},{\"@type\":\"Organization\",\"@id\":\"https:\/\/rst-steel.com\/#organization\",\"name\":\"RST-Steel Oy\",\"url\":\"https:\/\/rst-steel.com\/\",\"logo\":{\"@type\":\"ImageObject\",\"inLanguage\":\"nb-NO\",\"@id\":\"https:\/\/rst-steel.com\/#\/schema\/logo\/image\/\",\"url\":\"https:\/\/rst-steel.com\/wp-content\/uploads\/2023\/04\/cropped-Rst-logo-valkoinen-teksti-3.png\",\"contentUrl\":\"https:\/\/rst-steel.com\/wp-content\/uploads\/2023\/04\/cropped-Rst-logo-valkoinen-teksti-3.png\",\"width\":512,\"height\":115,\"caption\":\"RST-Steel Oy\"},\"image\":{\"@id\":\"https:\/\/rst-steel.com\/#\/schema\/logo\/image\/\"},\"sameAs\":[\"https:\/\/www.facebook.com\/rststeel\",\"https:\/\/www.instagram.com\/rststeeloy\/\"]}]}<\/script>\n<!-- \/ Yoast SEO plugin. -->","yoast_head_json":{"title":"Bull Bar Dakar V28 Volvo FMX - RST-Steel","description":"Bull Bar Dakar Volvo FMX models. RST-Steel's bull bars are high-quality products made of stainless steel.\u00a0Get to know the products!","robots":{"index":"index","follow":"follow","max-snippet":"max-snippet:-1","max-image-preview":"max-image-preview:large","max-video-preview":"max-video-preview:-1"},"canonical":"https:\/\/rst-steel.com\/nb\/produkt\/bull-bar-dakar-v28-volvo-fmx_prm_9803\/","og_locale":"nb_NO","og_type":"article","og_title":"Bull Bar Dakar V28 Volvo FMX - RST-Steel","og_description":"Bull Bar Dakar Volvo FMX models. RST-Steel's bull bars are high-quality products made of stainless steel.\u00a0Get to know the products!","og_url":"https:\/\/rst-steel.com\/nb\/produkt\/bull-bar-dakar-v28-volvo-fmx_prm_9803\/","og_site_name":"RST-Steel","article_publisher":"https:\/\/www.facebook.com\/rststeel","article_modified_time":"2026-03-16T06:16:13+00:00","og_image":[{"width":1024,"height":768,"url":"https:\/\/rst-steel.com\/wp-content\/uploads\/2023\/08\/02a6fc8edcb20b3c7e53edd30e929ca86f48d3ae_KarjapuskuriDakarVolvoFMX_RST2004_6b8428296bc62ffae41fe4611e189495_4.jpg","type":"image\/jpeg"}],"twitter_card":"summary_large_image","twitter_misc":{"Ansl. lesetid":"1 minutt"},"schema":{"@context":"https:\/\/schema.org","@graph":[{"@type":"WebPage","@id":"https:\/\/rst-steel.com\/product\/bull-bar-dakar-v28-volvo-fmx_prm_9803\/","url":"https:\/\/rst-steel.com\/product\/bull-bar-dakar-v28-volvo-fmx_prm_9803\/","name":"Bull Bar Dakar V28 Volvo FMX - RST-Steel","isPartOf":{"@id":"https:\/\/rst-steel.com\/#website"},"primaryImageOfPage":{"@id":"https:\/\/rst-steel.com\/product\/bull-bar-dakar-v28-volvo-fmx_prm_9803\/#primaryimage"},"image":{"@id":"https:\/\/rst-steel.com\/product\/bull-bar-dakar-v28-volvo-fmx_prm_9803\/#primaryimage"},"thumbnailUrl":"https:\/\/rst-steel.com\/wp-content\/uploads\/2023\/08\/02a6fc8edcb20b3c7e53edd30e929ca86f48d3ae_KarjapuskuriDakarVolvoFMX_RST2004_6b8428296bc62ffae41fe4611e189495_4.jpg","datePublished":"2023-08-04T10:03:00+00:00","dateModified":"2026-03-16T06:16:13+00:00","description":"Bull Bar Dakar Volvo FMX models. RST-Steel's bull bars are high-quality products made of stainless steel.\u00a0Get to know the products!","breadcrumb":{"@id":"https:\/\/rst-steel.com\/product\/bull-bar-dakar-v28-volvo-fmx_prm_9803\/#breadcrumb"},"inLanguage":"nb-NO","potentialAction":[{"@type":"ReadAction","target":["https:\/\/rst-steel.com\/product\/bull-bar-dakar-v28-volvo-fmx_prm_9803\/"]}]},{"@type":"ImageObject","inLanguage":"nb-NO","@id":"https:\/\/rst-steel.com\/product\/bull-bar-dakar-v28-volvo-fmx_prm_9803\/#primaryimage","url":"https:\/\/rst-steel.com\/wp-content\/uploads\/2023\/08\/02a6fc8edcb20b3c7e53edd30e929ca86f48d3ae_KarjapuskuriDakarVolvoFMX_RST2004_6b8428296bc62ffae41fe4611e189495_4.jpg","contentUrl":"https:\/\/rst-steel.com\/wp-content\/uploads\/2023\/08\/02a6fc8edcb20b3c7e53edd30e929ca86f48d3ae_KarjapuskuriDakarVolvoFMX_RST2004_6b8428296bc62ffae41fe4611e189495_4.jpg","width":1024,"height":768,"caption":"Bull Bar Dakar Volvo FMX"},{"@type":"BreadcrumbList","@id":"https:\/\/rst-steel.com\/product\/bull-bar-dakar-v28-volvo-fmx_prm_9803\/#breadcrumb","itemListElement":[{"@type":"ListItem","position":1,"name":"Home","item":"https:\/\/rst-steel.com\/"},{"@type":"ListItem","position":2,"name":"RST-Steel Shop","item":"https:\/\/rst-steel.com\/shop\/"},{"@type":"ListItem","position":3,"name":"Bull Bar Dakar V28 Volvo FMX"}]},{"@type":"WebSite","@id":"https:\/\/rst-steel.com\/#website","url":"https:\/\/rst-steel.com\/","name":"RST-Steel.com","description":"Finsk kvalitetsst\u00e5l, for kvalitetsbevisste sj\u00e5f\u00f8rer","publisher":{"@id":"https:\/\/rst-steel.com\/#organization"},"alternateName":"Safe and stylish RST-Steel quality","potentialAction":[{"@type":"SearchAction","target":{"@type":"EntryPoint","urlTemplate":"https:\/\/rst-steel.com\/?s={search_term_string}"},"query-input":{"@type":"PropertyValueSpecification","valueRequired":true,"valueName":"search_term_string"}}],"inLanguage":"nb-NO"},{"@type":"Organization","@id":"https:\/\/rst-steel.com\/#organization","name":"RST-Steel Oy","url":"https:\/\/rst-steel.com\/","logo":{"@type":"ImageObject","inLanguage":"nb-NO","@id":"https:\/\/rst-steel.com\/#\/schema\/logo\/image\/","url":"https:\/\/rst-steel.com\/wp-content\/uploads\/2023\/04\/cropped-Rst-logo-valkoinen-teksti-3.png","contentUrl":"https:\/\/rst-steel.com\/wp-content\/uploads\/2023\/04\/cropped-Rst-logo-valkoinen-teksti-3.png","width":512,"height":115,"caption":"RST-Steel Oy"},"image":{"@id":"https:\/\/rst-steel.com\/#\/schema\/logo\/image\/"},"sameAs":["https:\/\/www.facebook.com\/rststeel","https:\/\/www.instagram.com\/rststeeloy\/"]}]}},"brands":[{"id":8334,"name":"RST-Steel","slug":"brand_rststeel"}],"_links":{"self":[{"href":"https:\/\/rst-steel.com\/nb\/wp-json\/wp\/v2\/product\/40435","targetHints":{"allow":["GET"]}}],"collection":[{"href":"https:\/\/rst-steel.com\/nb\/wp-json\/wp\/v2\/product"}],"about":[{"href":"https:\/\/rst-steel.com\/nb\/wp-json\/wp\/v2\/types\/product"}],"replies":[{"embeddable":true,"href":"https:\/\/rst-steel.com\/nb\/wp-json\/wp\/v2\/comments?post=40435"}],"version-history":[{"count":0,"href":"https:\/\/rst-steel.com\/nb\/wp-json\/wp\/v2\/product\/40435\/revisions"}],"wp:featuredmedia":[{"embeddable":true,"href":"https:\/\/rst-steel.com\/nb\/wp-json\/wp\/v2\/media\/40434"}],"wp:attachment":[{"href":"https:\/\/rst-steel.com\/nb\/wp-json\/wp\/v2\/media?parent=40435"}],"wp:term":[{"taxonomy":"make_fuel_type","embeddable":true,"href":"https:\/\/rst-steel.com\/nb\/wp-json\/wp\/v2\/make_fuel_type?post=40435"},{"taxonomy":"make_model","embeddable":true,"href":"https:\/\/rst-steel.com\/nb\/wp-json\/wp\/v2\/make_model?post=40435"},{"taxonomy":"make_brand","embeddable":true,"href":"https:\/\/rst-steel.com\/nb\/wp-json\/wp\/v2\/make_brand?post=40435"},{"taxonomy":"make_year","embeddable":true,"href":"https:\/\/rst-steel.com\/nb\/wp-json\/wp\/v2\/make_year?post=40435"},{"taxonomy":"pwb-brand","embeddable":true,"href":"https:\/\/rst-steel.com\/nb\/wp-json\/wp\/v2\/pwb-brand?post=40435"},{"taxonomy":"product_brand","embeddable":true,"href":"https:\/\/rst-steel.com\/nb\/wp-json\/wp\/v2\/product_brand?post=40435"},{"taxonomy":"product_cat","embeddable":true,"href":"https:\/\/rst-steel.com\/nb\/wp-json\/wp\/v2\/product_cat?post=40435"},{"taxonomy":"product_tag","embeddable":true,"href":"https:\/\/rst-steel.com\/nb\/wp-json\/wp\/v2\/product_tag?post=40435"}],"curies":[{"name":"wp","href":"https:\/\/api.w.org\/{rel}","templated":true}]}}