{"id":40750,"date":"2023-09-15T12:07:52","date_gmt":"2023-09-15T09:07:52","guid":{"rendered":"https:\/\/rst-steel.com\/product\/front-spoiler-bar-man-tgm-2022-_prm_70415\/"},"modified":"2026-03-16T09:16:19","modified_gmt":"2026-03-16T06:16:19","slug":"front-spoiler-bar-man-tgm-2022-_prm_70415","status":"publish","type":"product","link":"https:\/\/rst-steel.com\/nb\/produkt\/front-spoiler-bar-man-tgm-2022-_prm_70415\/","title":{"rendered":"Front Spoiler Bar MAN TGM 2022-"},"content":{"rendered":"<p><strong>Front Spoiler Bar MAN TGM 2022-<\/strong><\/p>\n<ul>\n<li><\/li>\n<\/ul>\n<p>RST-Steels frontspoilerstenger er h\u00f8ykvalitetsprodukter laget av rustfritt st\u00e5l.<\/p>\n<p>Frontspoiler er et stilig tilbeh\u00f8r for \u00e5 beskytte st\u00f8tfangeren foran p\u00e5 bilen din. Frontspoilerb\u00f8ylene kan utstyres med posisjonslys, noe som forbedrer sikten din i trafikken, og samtidig \u00f8ker sikkerheten for deg selv og andre i trafikken<\/p>\n<p>\u00c5 treffe fortauskanter, fartsdumper eller sn\u00f8klumper p\u00e5 veien kan for\u00e5rsake skader foran p\u00e5 bilen. \u00c5 reparere skaden kan v\u00e6re dyrt og tidkrevende. Ved \u00e5 forberede seg p\u00e5 disse farene fortsetter reisen med et trygt sinn og virksomheten er sikret i disse henseender.<\/p>\n<ul>\n<li><\/li>\n<\/ul>\n<p><span style=\"font-weight: bold;\">Teknisk informasjon:<\/span><\/p>\n<ul>\n<li>Farge: Speilpolert rustfritt st\u00e5l eller maling med RAL grunnfarge<\/li>\n<li>R\u00f8rdiameter: 60 mm<\/li>\n<li>Enkel \u00e5 installere<\/li>\n<li><\/li>\n<\/ul>\n<p><span style=\"font-weight: bold;\">Innhold i leveransen:<\/span><\/p>\n<ul>\n<li>Front spoiler bar MAN<\/li>\n<li>Festemidler som kreves for installasjon<\/li>\n<li>Installasjonsinstruksjoner<\/li>\n<\/ul>","protected":false},"excerpt":{"rendered":"<p>Flere modellalternativer tilgjengelig!<\/p>","protected":false},"featured_media":40748,"comment_status":"open","ping_status":"closed","template":"","meta":{"_improvement_type_select":"improve_an_existing","_thumb_yes_seoaic":false,"_frame_yes_seoaic":false,"seoaic_generate_description":"","seoaic_improve_instructions_prompt":"","seoaic_rollback_content_improvement":"","seoaic_idea_thumbnail_generator":"","thumbnail_generated":false,"thumbnail_generate_prompt":"","seoaic_article_description":""},"make_fuel_type":[],"make_model":[5673],"make_brand":[6641],"make_year":[3748],"pwb-brand":[8334],"product_brand":[],"product_cat":[6092,6093,7293],"product_tag":[7550,8499],"class_list":{"0":"post-40750","1":"product","2":"type-product","3":"status-publish","4":"has-post-thumbnail","6":"make_model-tgm","7":"make_brand-man-truck","8":"make_year-trucks","9":"pwb-brand-brand_rststeel","10":"product_cat-front-spoiler-bars","11":"product_cat-front-spoiler-bars-for-trucks","12":"product_cat-man-ep-ka","13":"product_tag-frontbagar","14":"product_tag-man","15":"product_shipping_class-lightbars","17":"first","18":"onbackorder","19":"taxable","20":"shipping-taxable","21":"purchasable","22":"product-type-variable"},"yoast_head":"<!-- This site is optimized with the Yoast SEO plugin v25.7 - https:\/\/yoast.com\/wordpress\/plugins\/seo\/ -->\n<title>Front Spoiler Bar MAN TGM 2022- RST-Steel<\/title>\n<meta name=\"description\" content=\"Front Spoiler Bar MAN TGM 2022- models. Several models options available! Get to know the products and place an order now!\" \/>\n<meta name=\"robots\" content=\"index, follow, max-snippet:-1, max-image-preview:large, max-video-preview:-1\" \/>\n<link rel=\"canonical\" href=\"https:\/\/rst-steel.com\/nb\/produkt\/front-spoiler-bar-man-tgm-2022-_prm_70415\/\" \/>\n<meta property=\"og:locale\" content=\"nb_NO\" \/>\n<meta property=\"og:type\" content=\"article\" \/>\n<meta property=\"og:title\" content=\"Front Spoiler Bar MAN TGM 2022- RST-Steel\" \/>\n<meta property=\"og:description\" content=\"Front Spoiler Bar MAN TGM 2022- models. Several models options available! Get to know the products and place an order now!\" \/>\n<meta property=\"og:url\" content=\"https:\/\/rst-steel.com\/nb\/produkt\/front-spoiler-bar-man-tgm-2022-_prm_70415\/\" \/>\n<meta property=\"og:site_name\" content=\"RST-Steel\" \/>\n<meta property=\"article:publisher\" content=\"https:\/\/www.facebook.com\/rststeel\" \/>\n<meta property=\"article:modified_time\" content=\"2026-03-16T06:16:19+00:00\" \/>\n<meta property=\"og:image\" content=\"https:\/\/rst-steel.com\/wp-content\/uploads\/2023\/09\/317d1247b8c9cb3447ea9ed2597912d63f0601f7_MA0408A_tuotekuva.jpg\" \/>\n\t<meta property=\"og:image:width\" content=\"1159\" \/>\n\t<meta property=\"og:image:height\" content=\"733\" \/>\n\t<meta property=\"og:image:type\" content=\"image\/jpeg\" \/>\n<meta name=\"twitter:card\" content=\"summary_large_image\" \/>\n<meta name=\"twitter:label1\" content=\"Ansl. lesetid\" \/>\n\t<meta name=\"twitter:data1\" content=\"1 minutt\" \/>\n<script type=\"application\/ld+json\" class=\"yoast-schema-graph\">{\"@context\":\"https:\/\/schema.org\",\"@graph\":[{\"@type\":\"WebPage\",\"@id\":\"https:\/\/rst-steel.com\/product\/front-spoiler-bar-man-tgm-2022-_prm_70415\/\",\"url\":\"https:\/\/rst-steel.com\/product\/front-spoiler-bar-man-tgm-2022-_prm_70415\/\",\"name\":\"Front Spoiler Bar MAN TGM 2022- RST-Steel\",\"isPartOf\":{\"@id\":\"https:\/\/rst-steel.com\/#website\"},\"primaryImageOfPage\":{\"@id\":\"https:\/\/rst-steel.com\/product\/front-spoiler-bar-man-tgm-2022-_prm_70415\/#primaryimage\"},\"image\":{\"@id\":\"https:\/\/rst-steel.com\/product\/front-spoiler-bar-man-tgm-2022-_prm_70415\/#primaryimage\"},\"thumbnailUrl\":\"https:\/\/rst-steel.com\/wp-content\/uploads\/2023\/09\/317d1247b8c9cb3447ea9ed2597912d63f0601f7_MA0408A_tuotekuva.jpg\",\"datePublished\":\"2023-09-15T09:07:52+00:00\",\"dateModified\":\"2026-03-16T06:16:19+00:00\",\"description\":\"Front Spoiler Bar MAN TGM 2022- models. Several models options available! Get to know the products and place an order now!\",\"breadcrumb\":{\"@id\":\"https:\/\/rst-steel.com\/product\/front-spoiler-bar-man-tgm-2022-_prm_70415\/#breadcrumb\"},\"inLanguage\":\"nb-NO\",\"potentialAction\":[{\"@type\":\"ReadAction\",\"target\":[\"https:\/\/rst-steel.com\/product\/front-spoiler-bar-man-tgm-2022-_prm_70415\/\"]}]},{\"@type\":\"ImageObject\",\"inLanguage\":\"nb-NO\",\"@id\":\"https:\/\/rst-steel.com\/product\/front-spoiler-bar-man-tgm-2022-_prm_70415\/#primaryimage\",\"url\":\"https:\/\/rst-steel.com\/wp-content\/uploads\/2023\/09\/317d1247b8c9cb3447ea9ed2597912d63f0601f7_MA0408A_tuotekuva.jpg\",\"contentUrl\":\"https:\/\/rst-steel.com\/wp-content\/uploads\/2023\/09\/317d1247b8c9cb3447ea9ed2597912d63f0601f7_MA0408A_tuotekuva.jpg\",\"width\":1159,\"height\":733,\"caption\":\"Front Spoiler Bar MAN TGM 2022-\"},{\"@type\":\"BreadcrumbList\",\"@id\":\"https:\/\/rst-steel.com\/product\/front-spoiler-bar-man-tgm-2022-_prm_70415\/#breadcrumb\",\"itemListElement\":[{\"@type\":\"ListItem\",\"position\":1,\"name\":\"Home\",\"item\":\"https:\/\/rst-steel.com\/\"},{\"@type\":\"ListItem\",\"position\":2,\"name\":\"RST-Steel Shop\",\"item\":\"https:\/\/rst-steel.com\/shop\/\"},{\"@type\":\"ListItem\",\"position\":3,\"name\":\"Front Spoiler Bar MAN TGM 2022-\"}]},{\"@type\":\"WebSite\",\"@id\":\"https:\/\/rst-steel.com\/#website\",\"url\":\"https:\/\/rst-steel.com\/\",\"name\":\"RST-Steel.com\",\"description\":\"Finnish quality steel, for quality-conscious drivers\",\"publisher\":{\"@id\":\"https:\/\/rst-steel.com\/#organization\"},\"alternateName\":\"Safe and stylish RST-Steel quality\",\"potentialAction\":[{\"@type\":\"SearchAction\",\"target\":{\"@type\":\"EntryPoint\",\"urlTemplate\":\"https:\/\/rst-steel.com\/?s={search_term_string}\"},\"query-input\":{\"@type\":\"PropertyValueSpecification\",\"valueRequired\":true,\"valueName\":\"search_term_string\"}}],\"inLanguage\":\"nb-NO\"},{\"@type\":\"Organization\",\"@id\":\"https:\/\/rst-steel.com\/#organization\",\"name\":\"RST-Steel Oy\",\"url\":\"https:\/\/rst-steel.com\/\",\"logo\":{\"@type\":\"ImageObject\",\"inLanguage\":\"nb-NO\",\"@id\":\"https:\/\/rst-steel.com\/#\/schema\/logo\/image\/\",\"url\":\"https:\/\/rst-steel.com\/wp-content\/uploads\/2023\/04\/cropped-Rst-logo-valkoinen-teksti-3.png\",\"contentUrl\":\"https:\/\/rst-steel.com\/wp-content\/uploads\/2023\/04\/cropped-Rst-logo-valkoinen-teksti-3.png\",\"width\":512,\"height\":115,\"caption\":\"RST-Steel Oy\"},\"image\":{\"@id\":\"https:\/\/rst-steel.com\/#\/schema\/logo\/image\/\"},\"sameAs\":[\"https:\/\/www.facebook.com\/rststeel\",\"https:\/\/www.instagram.com\/rststeeloy\/\"]}]}<\/script>\n<!-- \/ Yoast SEO plugin. -->","yoast_head_json":{"title":"Frontspoilerbjelke MAN TGM 2022- RST-Steel","description":"Frontspoilerbjelke MAN TGM 2022- modeller. Flere modellalternativer tilgjengelig! Bli kjent med produktene og legg inn en bestilling n\u00e5!","robots":{"index":"index","follow":"follow","max-snippet":"max-snippet:-1","max-image-preview":"max-image-preview:large","max-video-preview":"max-video-preview:-1"},"canonical":"https:\/\/rst-steel.com\/nb\/produkt\/front-spoiler-bar-man-tgm-2022-_prm_70415\/","og_locale":"nb_NO","og_type":"article","og_title":"Front Spoiler Bar MAN TGM 2022- RST-Steel","og_description":"Front Spoiler Bar MAN TGM 2022- models. Several models options available! Get to know the products and place an order now!","og_url":"https:\/\/rst-steel.com\/nb\/produkt\/front-spoiler-bar-man-tgm-2022-_prm_70415\/","og_site_name":"RST-Steel","article_publisher":"https:\/\/www.facebook.com\/rststeel","article_modified_time":"2026-03-16T06:16:19+00:00","og_image":[{"width":1159,"height":733,"url":"https:\/\/rst-steel.com\/wp-content\/uploads\/2023\/09\/317d1247b8c9cb3447ea9ed2597912d63f0601f7_MA0408A_tuotekuva.jpg","type":"image\/jpeg"}],"twitter_card":"summary_large_image","twitter_misc":{"Ansl. lesetid":"1 minutt"},"schema":{"@context":"https:\/\/schema.org","@graph":[{"@type":"WebPage","@id":"https:\/\/rst-steel.com\/product\/front-spoiler-bar-man-tgm-2022-_prm_70415\/","url":"https:\/\/rst-steel.com\/product\/front-spoiler-bar-man-tgm-2022-_prm_70415\/","name":"Frontspoilerbjelke MAN TGM 2022- RST-Steel","isPartOf":{"@id":"https:\/\/rst-steel.com\/#website"},"primaryImageOfPage":{"@id":"https:\/\/rst-steel.com\/product\/front-spoiler-bar-man-tgm-2022-_prm_70415\/#primaryimage"},"image":{"@id":"https:\/\/rst-steel.com\/product\/front-spoiler-bar-man-tgm-2022-_prm_70415\/#primaryimage"},"thumbnailUrl":"https:\/\/rst-steel.com\/wp-content\/uploads\/2023\/09\/317d1247b8c9cb3447ea9ed2597912d63f0601f7_MA0408A_tuotekuva.jpg","datePublished":"2023-09-15T09:07:52+00:00","dateModified":"2026-03-16T06:16:19+00:00","description":"Frontspoilerbjelke MAN TGM 2022- modeller. Flere modellalternativer tilgjengelig! Bli kjent med produktene og legg inn en bestilling n\u00e5!","breadcrumb":{"@id":"https:\/\/rst-steel.com\/product\/front-spoiler-bar-man-tgm-2022-_prm_70415\/#breadcrumb"},"inLanguage":"nb-NO","potentialAction":[{"@type":"ReadAction","target":["https:\/\/rst-steel.com\/product\/front-spoiler-bar-man-tgm-2022-_prm_70415\/"]}]},{"@type":"ImageObject","inLanguage":"nb-NO","@id":"https:\/\/rst-steel.com\/product\/front-spoiler-bar-man-tgm-2022-_prm_70415\/#primaryimage","url":"https:\/\/rst-steel.com\/wp-content\/uploads\/2023\/09\/317d1247b8c9cb3447ea9ed2597912d63f0601f7_MA0408A_tuotekuva.jpg","contentUrl":"https:\/\/rst-steel.com\/wp-content\/uploads\/2023\/09\/317d1247b8c9cb3447ea9ed2597912d63f0601f7_MA0408A_tuotekuva.jpg","width":1159,"height":733,"caption":"Front Spoiler Bar MAN TGM 2022-"},{"@type":"BreadcrumbList","@id":"https:\/\/rst-steel.com\/product\/front-spoiler-bar-man-tgm-2022-_prm_70415\/#breadcrumb","itemListElement":[{"@type":"ListItem","position":1,"name":"Home","item":"https:\/\/rst-steel.com\/"},{"@type":"ListItem","position":2,"name":"RST-Steel Shop","item":"https:\/\/rst-steel.com\/shop\/"},{"@type":"ListItem","position":3,"name":"Front Spoiler Bar MAN TGM 2022-"}]},{"@type":"WebSite","@id":"https:\/\/rst-steel.com\/#website","url":"https:\/\/rst-steel.com\/","name":"RST-Steel.com","description":"Finsk kvalitetsst\u00e5l, for kvalitetsbevisste sj\u00e5f\u00f8rer","publisher":{"@id":"https:\/\/rst-steel.com\/#organization"},"alternateName":"Safe and stylish RST-Steel quality","potentialAction":[{"@type":"SearchAction","target":{"@type":"EntryPoint","urlTemplate":"https:\/\/rst-steel.com\/?s={search_term_string}"},"query-input":{"@type":"PropertyValueSpecification","valueRequired":true,"valueName":"search_term_string"}}],"inLanguage":"nb-NO"},{"@type":"Organization","@id":"https:\/\/rst-steel.com\/#organization","name":"RST-Steel Oy","url":"https:\/\/rst-steel.com\/","logo":{"@type":"ImageObject","inLanguage":"nb-NO","@id":"https:\/\/rst-steel.com\/#\/schema\/logo\/image\/","url":"https:\/\/rst-steel.com\/wp-content\/uploads\/2023\/04\/cropped-Rst-logo-valkoinen-teksti-3.png","contentUrl":"https:\/\/rst-steel.com\/wp-content\/uploads\/2023\/04\/cropped-Rst-logo-valkoinen-teksti-3.png","width":512,"height":115,"caption":"RST-Steel Oy"},"image":{"@id":"https:\/\/rst-steel.com\/#\/schema\/logo\/image\/"},"sameAs":["https:\/\/www.facebook.com\/rststeel","https:\/\/www.instagram.com\/rststeeloy\/"]}]}},"brands":[{"id":8334,"name":"RST-Steel","slug":"brand_rststeel"}],"_links":{"self":[{"href":"https:\/\/rst-steel.com\/nb\/wp-json\/wp\/v2\/product\/40750","targetHints":{"allow":["GET"]}}],"collection":[{"href":"https:\/\/rst-steel.com\/nb\/wp-json\/wp\/v2\/product"}],"about":[{"href":"https:\/\/rst-steel.com\/nb\/wp-json\/wp\/v2\/types\/product"}],"replies":[{"embeddable":true,"href":"https:\/\/rst-steel.com\/nb\/wp-json\/wp\/v2\/comments?post=40750"}],"version-history":[{"count":0,"href":"https:\/\/rst-steel.com\/nb\/wp-json\/wp\/v2\/product\/40750\/revisions"}],"wp:featuredmedia":[{"embeddable":true,"href":"https:\/\/rst-steel.com\/nb\/wp-json\/wp\/v2\/media\/40748"}],"wp:attachment":[{"href":"https:\/\/rst-steel.com\/nb\/wp-json\/wp\/v2\/media?parent=40750"}],"wp:term":[{"taxonomy":"make_fuel_type","embeddable":true,"href":"https:\/\/rst-steel.com\/nb\/wp-json\/wp\/v2\/make_fuel_type?post=40750"},{"taxonomy":"make_model","embeddable":true,"href":"https:\/\/rst-steel.com\/nb\/wp-json\/wp\/v2\/make_model?post=40750"},{"taxonomy":"make_brand","embeddable":true,"href":"https:\/\/rst-steel.com\/nb\/wp-json\/wp\/v2\/make_brand?post=40750"},{"taxonomy":"make_year","embeddable":true,"href":"https:\/\/rst-steel.com\/nb\/wp-json\/wp\/v2\/make_year?post=40750"},{"taxonomy":"pwb-brand","embeddable":true,"href":"https:\/\/rst-steel.com\/nb\/wp-json\/wp\/v2\/pwb-brand?post=40750"},{"taxonomy":"product_brand","embeddable":true,"href":"https:\/\/rst-steel.com\/nb\/wp-json\/wp\/v2\/product_brand?post=40750"},{"taxonomy":"product_cat","embeddable":true,"href":"https:\/\/rst-steel.com\/nb\/wp-json\/wp\/v2\/product_cat?post=40750"},{"taxonomy":"product_tag","embeddable":true,"href":"https:\/\/rst-steel.com\/nb\/wp-json\/wp\/v2\/product_tag?post=40750"}],"curies":[{"name":"wp","href":"https:\/\/api.w.org\/{rel}","templated":true}]}}