{"id":41057,"date":"2023-09-28T18:22:57","date_gmt":"2023-09-28T15:22:57","guid":{"rendered":"https:\/\/rst-steel.com\/product\/bull-bar-freeway-volvo-fh-2021-_prm_70315\/"},"modified":"2026-04-02T14:14:34","modified_gmt":"2026-04-02T11:14:34","slug":"bull-bar-freeway-v04-volvo-fh4-_prm_70315","status":"publish","type":"product","link":"https:\/\/rst-steel.com\/nb\/produkt\/bull-bar-freeway-v04-volvo-fh4-_prm_70315\/","title":{"rendered":"BullBar Freeway V37 Volvo FH4- (Legalpro)"},"content":{"rendered":"<h2 data-start=\"145\" data-end=\"157\">Egenskaper:<\/h2>\n<ul>\n<li><strong data-start=\"159\" data-end=\"177\">Compatibility:<\/strong> Perfectly fits Freeway V37 Volvo FH4\u2013 models.<\/li>\n<li><strong data-start=\"233\" data-end=\"248\">Holdbarhet:<\/strong> Made from high-quality stainless steel, designed to withstand the toughest conditions.<\/li>\n<li><strong data-start=\"338\" data-end=\"360\">Enkel installasjon:<\/strong> Includes installation instructions and mounting hardware, allowing you to install the bull bar yourself.<\/li>\n<li><strong data-start=\"468\" data-end=\"491\">Stilig utseende:<\/strong> This bull bar gives your vehicle a modern and dynamic look. Its sleek design and polished or painted steel finish make your truck stand out and look impressive.<\/li>\n<li><strong data-start=\"655\" data-end=\"678\">Maksimal beskyttelse:<\/strong> The bull bar provides effective protection for the front of your vehicle, safeguarding it from collisions and damage. This reduces the risk of costly repairs and helps keep your truck in excellent condition for longer.<\/li>\n<li><\/li>\n<\/ul>\n<h3 data-start=\"904\" data-end=\"990\">Note! <span style=\"font-weight: normal;\">I and J model bull bars comply with the following international regulations:<\/span><\/h3>\n<ul data-start=\"992\" data-end=\"1087\">\n<li data-start=\"992\" data-end=\"1033\">\n<p data-start=\"994\" data-end=\"1033\">Swedish Transport Agency TSFS 2017:10<\/p>\n<\/li>\n<li data-start=\"1034\" data-end=\"1061\">\n<p data-start=\"1036\" data-end=\"1061\">EU Directive 92\/114\/EEC<\/p>\n<\/li>\n<li data-start=\"1062\" data-end=\"1087\">\n<p data-start=\"1064\" data-end=\"1087\">ECE Regulation No. 61<\/p>\n<\/li>\n<\/ul>\n<p>&nbsp;<\/p>\n<p data-start=\"1089\" data-end=\"1244\">Based on these approvals, the bull bars have received <span style=\"font-weight: bold;\">official road traffic certification<\/span> and can be legally used in <span style=\"font-weight: bold;\">all EU countries as well as in Norway.<\/span><\/p>\n<p data-start=\"1246\" data-end=\"1458\"><strong data-start=\"1246\" data-end=\"1298\">What does a road traffic-approved bull bar mean?<\/strong><br data-start=\"1298\" data-end=\"1301\" \/>A road traffic-approved bull bar is fully approved for use on public roads in Europe and Norway and can remain installed on the vehicle during inspections.<\/p>\n<p>&nbsp;<\/p>\n<p data-start=\"1502\" data-end=\"1589\">RST-Steel\u2019s bull bars are premium <span style=\"font-weight: bold;\">Finnish-made<\/span> products crafted from stainless steel.<\/p>\n<p data-start=\"1591\" data-end=\"1809\">The bull bar protects the front of the truck in potential collision situations. It gives your vehicle a robust and stylish appearance, draws attention, and can spark admiration\u2014helping you and your company stand out.<\/p>\n<p data-start=\"1811\" data-end=\"1963\">The bull bar can be equipped with auxiliary and position lights to improve visibility in traffic, increasing safety for both you and other road users.<\/p>\n<p data-start=\"1965\" data-end=\"2054\">The bull bar is designed for quick and easy removal, for example during maintenance work.<\/p>\n<p>&nbsp;<\/p>\n<h2 data-start=\"2061\" data-end=\"2085\">Hvorfor velge RST-Steel?<\/h2>\n<ul>\n<li><strong data-start=\"2087\" data-end=\"2103\">Reliability:<\/strong> Years of experience and expertise ensure the high quality and durability of our products.<\/li>\n<li><strong data-start=\"2196\" data-end=\"2222\">Kundetilfredshet:<\/strong> Tusenvis av forn\u00f8yde kunder over hele verden stoler p\u00e5 RST-Steel-produkter.<\/li>\n<\/ul>\n<p>&nbsp;<\/p>\n<h2 data-start=\"2298\" data-end=\"2326\">Tekniske spesifikasjoner:<\/h2>\n<ul>\n<li><strong data-start=\"2328\" data-end=\"2338\">Farge:<\/strong> Mirror-polished stainless steel or powder-coated in RAL standard colors<\/li>\n<li><strong data-start=\"2413\" data-end=\"2432\">Pipe Diameters:<\/strong> 76 mm \/ 60 mm<\/li>\n<\/ul>\n<p>&nbsp;<\/p>\n<p><span style=\"font-weight: bold;\"><a href=\"https:\/\/www.youtube.com\/watch?v=G2FVajPh-pM\">BULLBAR WIRING KIT INSTALLATION VIDEO IS HERE<\/a><\/span><\/p>\n<h2 data-start=\"2455\" data-end=\"2475\">Pakken inneholder:<\/h2>\n<ul data-start=\"2477\" data-end=\"2567\">\n<li data-start=\"2477\" data-end=\"2489\">\n<p data-start=\"2479\" data-end=\"2489\">Frontbeskytter<\/p>\n<\/li>\n<li data-start=\"2490\" data-end=\"2537\">\n<p data-start=\"2492\" data-end=\"2537\">Monteringsbraketter kreves for installasjon<\/p>\n<\/li>\n<li data-start=\"2538\" data-end=\"2567\">\n<p data-start=\"2540\" data-end=\"2567\">Installasjonsinstruksjoner<\/p>\n<\/li>\n<\/ul>\n<p data-start=\"2569\" data-end=\"2627\"><span style=\"font-weight: bold;\">Kj\u00f8p n\u00e5 og beskytt lastebilen din p\u00e5 best mulig m\u00e5te!<\/span><\/p>","protected":false},"excerpt":{"rendered":"<p>Flere modellalternativer tilgjengelig!<\/p>","protected":false},"featured_media":120671,"comment_status":"open","ping_status":"closed","template":"","meta":{"_improvement_type_select":"improve_an_existing","_thumb_yes_seoaic":false,"_frame_yes_seoaic":false,"seoaic_generate_description":"","seoaic_improve_instructions_prompt":"","seoaic_rollback_content_improvement":"","seoaic_idea_thumbnail_generator":"","thumbnail_generated":false,"thumbnail_generate_prompt":"","seoaic_article_description":""},"make_fuel_type":[],"make_model":[5637],"make_brand":[3745],"make_year":[3748],"pwb-brand":[8334],"product_brand":[],"product_cat":[6280,7158],"product_tag":[8487,6683],"class_list":{"0":"post-41057","1":"product","2":"type-product","3":"status-publish","4":"has-post-thumbnail","6":"make_engine-normal-cab","7":"make_engine-globetrotter","8":"make_engine-globetrotter-xl-cab","9":"make_model-fh-2021","10":"make_brand-volvo","11":"make_year-trucks","12":"pwb-brand-brand_rststeel","13":"product_cat-bullbars","14":"product_cat-volvo-ka-kk","15":"product_tag-bullbar-freeway","16":"product_tag-frontskydd","17":"product_shipping_class-bullbars","19":"first","20":"instock","21":"taxable","22":"shipping-taxable","23":"purchasable","24":"product-type-variable"},"yoast_head":"<!-- This site is optimized with the Yoast SEO plugin v25.7 - https:\/\/yoast.com\/wordpress\/plugins\/seo\/ -->\n<title>BullBar Freeway V37 Volvo FH4- (Legalpro) - RST-Steel<\/title>\n<meta name=\"description\" content=\"Bull Bar Freeway Volvo FH 2021- models. RST-Steel\u2019s bull bars are high-quality products made of stainless steel. Check out the products in our online store!\" \/>\n<meta name=\"robots\" content=\"index, follow, max-snippet:-1, max-image-preview:large, max-video-preview:-1\" \/>\n<link rel=\"canonical\" href=\"https:\/\/rst-steel.com\/nb\/produkt\/bull-bar-freeway-v04-volvo-fh4-_prm_70315\/\" \/>\n<meta property=\"og:locale\" content=\"nb_NO\" \/>\n<meta property=\"og:type\" content=\"article\" \/>\n<meta property=\"og:title\" content=\"BullBar Freeway V37 Volvo FH4- (Legalpro) - RST-Steel\" \/>\n<meta property=\"og:description\" content=\"Bull Bar Freeway Volvo FH 2021- models. RST-Steel\u2019s bull bars are high-quality products made of stainless steel. Check out the products in our online store!\" \/>\n<meta property=\"og:url\" content=\"https:\/\/rst-steel.com\/nb\/produkt\/bull-bar-freeway-v04-volvo-fh4-_prm_70315\/\" \/>\n<meta property=\"og:site_name\" content=\"RST-Steel\" \/>\n<meta property=\"article:publisher\" content=\"https:\/\/www.facebook.com\/rststeel\" \/>\n<meta property=\"article:modified_time\" content=\"2026-04-02T11:14:34+00:00\" \/>\n<meta property=\"og:image\" content=\"https:\/\/rst-steel.com\/wp-content\/uploads\/2026\/01\/1a361655338ebc31d8ec0f8ffaa81fc6ad4645c5_VO0137.jpg\" \/>\n\t<meta property=\"og:image:width\" content=\"2048\" \/>\n\t<meta property=\"og:image:height\" content=\"2048\" \/>\n\t<meta property=\"og:image:type\" content=\"image\/jpeg\" \/>\n<meta name=\"twitter:card\" content=\"summary_large_image\" \/>\n<meta name=\"twitter:label1\" content=\"Ansl. lesetid\" \/>\n\t<meta name=\"twitter:data1\" content=\"2 minutter\" \/>\n<script type=\"application\/ld+json\" class=\"yoast-schema-graph\">{\"@context\":\"https:\/\/schema.org\",\"@graph\":[{\"@type\":\"WebPage\",\"@id\":\"https:\/\/rst-steel.com\/product\/bull-bar-freeway-v04-volvo-fh4-_prm_70315\/\",\"url\":\"https:\/\/rst-steel.com\/product\/bull-bar-freeway-v04-volvo-fh4-_prm_70315\/\",\"name\":\"BullBar Freeway V37 Volvo FH4- (Legalpro) - RST-Steel\",\"isPartOf\":{\"@id\":\"https:\/\/rst-steel.com\/#website\"},\"primaryImageOfPage\":{\"@id\":\"https:\/\/rst-steel.com\/product\/bull-bar-freeway-v04-volvo-fh4-_prm_70315\/#primaryimage\"},\"image\":{\"@id\":\"https:\/\/rst-steel.com\/product\/bull-bar-freeway-v04-volvo-fh4-_prm_70315\/#primaryimage\"},\"thumbnailUrl\":\"https:\/\/rst-steel.com\/wp-content\/uploads\/2026\/01\/1a361655338ebc31d8ec0f8ffaa81fc6ad4645c5_VO0137.jpg\",\"datePublished\":\"2023-09-28T15:22:57+00:00\",\"dateModified\":\"2026-04-02T11:14:34+00:00\",\"description\":\"Bull Bar Freeway Volvo FH 2021- models. RST-Steel\u2019s bull bars are high-quality products made of stainless steel. Check out the products in our online store!\",\"breadcrumb\":{\"@id\":\"https:\/\/rst-steel.com\/product\/bull-bar-freeway-v04-volvo-fh4-_prm_70315\/#breadcrumb\"},\"inLanguage\":\"nb-NO\",\"potentialAction\":[{\"@type\":\"ReadAction\",\"target\":[\"https:\/\/rst-steel.com\/product\/bull-bar-freeway-v04-volvo-fh4-_prm_70315\/\"]}]},{\"@type\":\"ImageObject\",\"inLanguage\":\"nb-NO\",\"@id\":\"https:\/\/rst-steel.com\/product\/bull-bar-freeway-v04-volvo-fh4-_prm_70315\/#primaryimage\",\"url\":\"https:\/\/rst-steel.com\/wp-content\/uploads\/2026\/01\/1a361655338ebc31d8ec0f8ffaa81fc6ad4645c5_VO0137.jpg\",\"contentUrl\":\"https:\/\/rst-steel.com\/wp-content\/uploads\/2026\/01\/1a361655338ebc31d8ec0f8ffaa81fc6ad4645c5_VO0137.jpg\",\"width\":2048,\"height\":2048},{\"@type\":\"BreadcrumbList\",\"@id\":\"https:\/\/rst-steel.com\/product\/bull-bar-freeway-v04-volvo-fh4-_prm_70315\/#breadcrumb\",\"itemListElement\":[{\"@type\":\"ListItem\",\"position\":1,\"name\":\"Home\",\"item\":\"https:\/\/rst-steel.com\/\"},{\"@type\":\"ListItem\",\"position\":2,\"name\":\"RST-Steel Shop\",\"item\":\"https:\/\/rst-steel.com\/shop\/\"},{\"@type\":\"ListItem\",\"position\":3,\"name\":\"BullBar Freeway V37 Volvo FH4- (Legalpro)\"}]},{\"@type\":\"WebSite\",\"@id\":\"https:\/\/rst-steel.com\/#website\",\"url\":\"https:\/\/rst-steel.com\/\",\"name\":\"RST-Steel.com\",\"description\":\"Finnish quality steel, for quality-conscious drivers\",\"publisher\":{\"@id\":\"https:\/\/rst-steel.com\/#organization\"},\"alternateName\":\"Safe and stylish RST-Steel quality\",\"potentialAction\":[{\"@type\":\"SearchAction\",\"target\":{\"@type\":\"EntryPoint\",\"urlTemplate\":\"https:\/\/rst-steel.com\/?s={search_term_string}\"},\"query-input\":{\"@type\":\"PropertyValueSpecification\",\"valueRequired\":true,\"valueName\":\"search_term_string\"}}],\"inLanguage\":\"nb-NO\"},{\"@type\":\"Organization\",\"@id\":\"https:\/\/rst-steel.com\/#organization\",\"name\":\"RST-Steel Oy\",\"url\":\"https:\/\/rst-steel.com\/\",\"logo\":{\"@type\":\"ImageObject\",\"inLanguage\":\"nb-NO\",\"@id\":\"https:\/\/rst-steel.com\/#\/schema\/logo\/image\/\",\"url\":\"https:\/\/rst-steel.com\/wp-content\/uploads\/2023\/04\/cropped-Rst-logo-valkoinen-teksti-3.png\",\"contentUrl\":\"https:\/\/rst-steel.com\/wp-content\/uploads\/2023\/04\/cropped-Rst-logo-valkoinen-teksti-3.png\",\"width\":512,\"height\":115,\"caption\":\"RST-Steel Oy\"},\"image\":{\"@id\":\"https:\/\/rst-steel.com\/#\/schema\/logo\/image\/\"},\"sameAs\":[\"https:\/\/www.facebook.com\/rststeel\",\"https:\/\/www.instagram.com\/rststeeloy\/\"]}]}<\/script>\n<!-- \/ Yoast SEO plugin. -->","yoast_head_json":{"title":"BullBar Freeway V37 Volvo FH4- (Legalpro) - RST-Steel","description":"Bull Bar Freeway Volvo FH 2021- modeller. RST-Steels bull bars er h\u00f8ykvalitetsprodukter laget av rustfritt st\u00e5l. Sjekk ut produktene i v\u00e5r nettbutikk!","robots":{"index":"index","follow":"follow","max-snippet":"max-snippet:-1","max-image-preview":"max-image-preview:large","max-video-preview":"max-video-preview:-1"},"canonical":"https:\/\/rst-steel.com\/nb\/produkt\/bull-bar-freeway-v04-volvo-fh4-_prm_70315\/","og_locale":"nb_NO","og_type":"article","og_title":"BullBar Freeway V37 Volvo FH4- (Legalpro) - RST-Steel","og_description":"Bull Bar Freeway Volvo FH 2021- models. RST-Steel\u2019s bull bars are high-quality products made of stainless steel. Check out the products in our online store!","og_url":"https:\/\/rst-steel.com\/nb\/produkt\/bull-bar-freeway-v04-volvo-fh4-_prm_70315\/","og_site_name":"RST-Steel","article_publisher":"https:\/\/www.facebook.com\/rststeel","article_modified_time":"2026-04-02T11:14:34+00:00","og_image":[{"width":2048,"height":2048,"url":"https:\/\/rst-steel.com\/wp-content\/uploads\/2026\/01\/1a361655338ebc31d8ec0f8ffaa81fc6ad4645c5_VO0137.jpg","type":"image\/jpeg"}],"twitter_card":"summary_large_image","twitter_misc":{"Ansl. lesetid":"2 minutter"},"schema":{"@context":"https:\/\/schema.org","@graph":[{"@type":"WebPage","@id":"https:\/\/rst-steel.com\/product\/bull-bar-freeway-v04-volvo-fh4-_prm_70315\/","url":"https:\/\/rst-steel.com\/product\/bull-bar-freeway-v04-volvo-fh4-_prm_70315\/","name":"BullBar Freeway V37 Volvo FH4- (Legalpro) - RST-Steel","isPartOf":{"@id":"https:\/\/rst-steel.com\/#website"},"primaryImageOfPage":{"@id":"https:\/\/rst-steel.com\/product\/bull-bar-freeway-v04-volvo-fh4-_prm_70315\/#primaryimage"},"image":{"@id":"https:\/\/rst-steel.com\/product\/bull-bar-freeway-v04-volvo-fh4-_prm_70315\/#primaryimage"},"thumbnailUrl":"https:\/\/rst-steel.com\/wp-content\/uploads\/2026\/01\/1a361655338ebc31d8ec0f8ffaa81fc6ad4645c5_VO0137.jpg","datePublished":"2023-09-28T15:22:57+00:00","dateModified":"2026-04-02T11:14:34+00:00","description":"Bull Bar Freeway Volvo FH 2021- modeller. RST-Steels bull bars er h\u00f8ykvalitetsprodukter laget av rustfritt st\u00e5l. Sjekk ut produktene i v\u00e5r nettbutikk!","breadcrumb":{"@id":"https:\/\/rst-steel.com\/product\/bull-bar-freeway-v04-volvo-fh4-_prm_70315\/#breadcrumb"},"inLanguage":"nb-NO","potentialAction":[{"@type":"ReadAction","target":["https:\/\/rst-steel.com\/product\/bull-bar-freeway-v04-volvo-fh4-_prm_70315\/"]}]},{"@type":"ImageObject","inLanguage":"nb-NO","@id":"https:\/\/rst-steel.com\/product\/bull-bar-freeway-v04-volvo-fh4-_prm_70315\/#primaryimage","url":"https:\/\/rst-steel.com\/wp-content\/uploads\/2026\/01\/1a361655338ebc31d8ec0f8ffaa81fc6ad4645c5_VO0137.jpg","contentUrl":"https:\/\/rst-steel.com\/wp-content\/uploads\/2026\/01\/1a361655338ebc31d8ec0f8ffaa81fc6ad4645c5_VO0137.jpg","width":2048,"height":2048},{"@type":"BreadcrumbList","@id":"https:\/\/rst-steel.com\/product\/bull-bar-freeway-v04-volvo-fh4-_prm_70315\/#breadcrumb","itemListElement":[{"@type":"ListItem","position":1,"name":"Home","item":"https:\/\/rst-steel.com\/"},{"@type":"ListItem","position":2,"name":"RST-Steel Shop","item":"https:\/\/rst-steel.com\/shop\/"},{"@type":"ListItem","position":3,"name":"BullBar Freeway V37 Volvo FH4- (Legalpro)"}]},{"@type":"WebSite","@id":"https:\/\/rst-steel.com\/#website","url":"https:\/\/rst-steel.com\/","name":"RST-Steel.com","description":"Finsk kvalitetsst\u00e5l, for kvalitetsbevisste sj\u00e5f\u00f8rer","publisher":{"@id":"https:\/\/rst-steel.com\/#organization"},"alternateName":"Safe and stylish RST-Steel quality","potentialAction":[{"@type":"SearchAction","target":{"@type":"EntryPoint","urlTemplate":"https:\/\/rst-steel.com\/?s={search_term_string}"},"query-input":{"@type":"PropertyValueSpecification","valueRequired":true,"valueName":"search_term_string"}}],"inLanguage":"nb-NO"},{"@type":"Organization","@id":"https:\/\/rst-steel.com\/#organization","name":"RST-Steel Oy","url":"https:\/\/rst-steel.com\/","logo":{"@type":"ImageObject","inLanguage":"nb-NO","@id":"https:\/\/rst-steel.com\/#\/schema\/logo\/image\/","url":"https:\/\/rst-steel.com\/wp-content\/uploads\/2023\/04\/cropped-Rst-logo-valkoinen-teksti-3.png","contentUrl":"https:\/\/rst-steel.com\/wp-content\/uploads\/2023\/04\/cropped-Rst-logo-valkoinen-teksti-3.png","width":512,"height":115,"caption":"RST-Steel Oy"},"image":{"@id":"https:\/\/rst-steel.com\/#\/schema\/logo\/image\/"},"sameAs":["https:\/\/www.facebook.com\/rststeel","https:\/\/www.instagram.com\/rststeeloy\/"]}]}},"brands":[{"id":8334,"name":"RST-Steel","slug":"brand_rststeel"}],"_links":{"self":[{"href":"https:\/\/rst-steel.com\/nb\/wp-json\/wp\/v2\/product\/41057","targetHints":{"allow":["GET"]}}],"collection":[{"href":"https:\/\/rst-steel.com\/nb\/wp-json\/wp\/v2\/product"}],"about":[{"href":"https:\/\/rst-steel.com\/nb\/wp-json\/wp\/v2\/types\/product"}],"replies":[{"embeddable":true,"href":"https:\/\/rst-steel.com\/nb\/wp-json\/wp\/v2\/comments?post=41057"}],"version-history":[{"count":0,"href":"https:\/\/rst-steel.com\/nb\/wp-json\/wp\/v2\/product\/41057\/revisions"}],"wp:featuredmedia":[{"embeddable":true,"href":"https:\/\/rst-steel.com\/nb\/wp-json\/wp\/v2\/media\/120671"}],"wp:attachment":[{"href":"https:\/\/rst-steel.com\/nb\/wp-json\/wp\/v2\/media?parent=41057"}],"wp:term":[{"taxonomy":"make_fuel_type","embeddable":true,"href":"https:\/\/rst-steel.com\/nb\/wp-json\/wp\/v2\/make_fuel_type?post=41057"},{"taxonomy":"make_model","embeddable":true,"href":"https:\/\/rst-steel.com\/nb\/wp-json\/wp\/v2\/make_model?post=41057"},{"taxonomy":"make_brand","embeddable":true,"href":"https:\/\/rst-steel.com\/nb\/wp-json\/wp\/v2\/make_brand?post=41057"},{"taxonomy":"make_year","embeddable":true,"href":"https:\/\/rst-steel.com\/nb\/wp-json\/wp\/v2\/make_year?post=41057"},{"taxonomy":"pwb-brand","embeddable":true,"href":"https:\/\/rst-steel.com\/nb\/wp-json\/wp\/v2\/pwb-brand?post=41057"},{"taxonomy":"product_brand","embeddable":true,"href":"https:\/\/rst-steel.com\/nb\/wp-json\/wp\/v2\/product_brand?post=41057"},{"taxonomy":"product_cat","embeddable":true,"href":"https:\/\/rst-steel.com\/nb\/wp-json\/wp\/v2\/product_cat?post=41057"},{"taxonomy":"product_tag","embeddable":true,"href":"https:\/\/rst-steel.com\/nb\/wp-json\/wp\/v2\/product_tag?post=41057"}],"curies":[{"name":"wp","href":"https:\/\/api.w.org\/{rel}","templated":true}]}}