{"id":43159,"date":"2024-04-26T11:21:47","date_gmt":"2024-04-26T08:21:47","guid":{"rendered":"https:\/\/rst-steel.com\/product\/roof-bar-volvo-ec-ew-ecr-ewr-excavators_prm_65598\/"},"modified":"2026-03-16T09:19:43","modified_gmt":"2026-03-16T06:19:43","slug":"roof-bar-volvo-ec-ew-ecr-ewr-excavators_prm_65598","status":"publish","type":"product","link":"https:\/\/rst-steel.com\/nb\/produkt\/roof-bar-volvo-ec-ew-ecr-ewr-excavators_prm_65598\/","title":{"rendered":"Takb\u00f8yle Volvo EC\/ EW\/ ECR\/ EWR Gravemaskiner"},"content":{"rendered":"<p><span style=\"font-weight: bold\">Takb\u00f8yle Volvo EC\/ EW\/ ECR\/ EWR Gravemaskiner<\/span><\/p>\n<ul>\n<li><\/li>\n<\/ul>\n<p>Passer til E-modeller!<\/p>\n<p><span style=\"font-weight: bold\">Merknad<\/span>! Passer ikke til D-modeller!<\/p>\n<ul>\n<li><\/li>\n<\/ul>\n<p>RST-Steels takbjelker er h\u00f8ykvalitetsprodukter laget av rustfritt st\u00e5l.&nbsp;<\/p>\n<p>Takb\u00f8ylene kan utstyres med arbeidslys og posisjonslys, noe som forbedrer sikten i trafikken og samtidig \u00f8ker sikkerheten for deg selv og andre i trafikken.<\/p>\n<ul>\n<li><\/li>\n<\/ul>\n<p><span style=\"font-weight: bold\">Teknisk informasjon:<\/span><\/p>\n<ul>\n<li>Farge: Polert rustfritt st\u00e5l eller pulverlakkert med RAL-fargekode<\/li>\n<li>R\u00f8rdiameter: 76 mm<\/li>\n<li>Sveiset skinne for lampebeslag<\/li>\n<li><\/li>\n<\/ul>\n<p><span style=\"font-weight: bold\">Innhold i leveransen:<\/span><\/p>\n<p><span style=\"font-weight: bold\"><\/span><\/p>\n<ul>\n<li>Takbjelke<\/li>\n<li>Festemidler som kreves for installasjon<\/li>\n<li>Installasjonsinstruksjoner<\/li>\n<\/ul>","protected":false},"excerpt":{"rendered":"<p>Flere modellalternativer tilgjengelig!<\/p>","protected":false},"featured_media":43156,"comment_status":"open","ping_status":"closed","template":"","meta":{"_improvement_type_select":"improve_an_existing","_thumb_yes_seoaic":false,"_frame_yes_seoaic":false,"seoaic_generate_description":"","seoaic_improve_instructions_prompt":"","seoaic_rollback_content_improvement":"","seoaic_idea_thumbnail_generator":"","thumbnail_generated":false,"thumbnail_generate_prompt":"","seoaic_article_description":""},"make_fuel_type":[],"make_model":[6627],"make_brand":[6533],"make_year":[6465],"pwb-brand":[8334],"product_brand":[],"product_cat":[6057,6068,7280],"product_tag":[7549],"class_list":{"0":"post-43159","1":"product","2":"type-product","3":"status-publish","4":"has-post-thumbnail","6":"make_model-volvo-excavators","7":"make_brand-volvo-workmachines","8":"make_year-workmachines","9":"pwb-brand-brand_rststeel","10":"product_cat-lightbars","11":"product_cat-roofbars-for-excavators","12":"product_cat-volvo-vr-kkk","13":"product_tag-takbage","14":"product_shipping_class-lightbars","16":"first","17":"instock","18":"taxable","19":"shipping-taxable","20":"purchasable","21":"product-type-variable"},"yoast_head":"<!-- This site is optimized with the Yoast SEO plugin v25.7 - https:\/\/yoast.com\/wordpress\/plugins\/seo\/ -->\n<title>Roof Bar Volvo EC\/ EW\/ ECR\/ EWR Excavators - RST-Steel<\/title>\n<meta name=\"description\" content=\"Roof Bar Volvo EC\/ EW\/ ECR\/ EWR models. Suitable for all E model excavators! Does not fit D models! Check out the product variants in our online store!\" \/>\n<meta name=\"robots\" content=\"index, follow, max-snippet:-1, max-image-preview:large, max-video-preview:-1\" \/>\n<link rel=\"canonical\" href=\"https:\/\/rst-steel.com\/nb\/produkt\/roof-bar-volvo-ec-ew-ecr-ewr-excavators_prm_65598\/\" \/>\n<meta property=\"og:locale\" content=\"nb_NO\" \/>\n<meta property=\"og:type\" content=\"article\" \/>\n<meta property=\"og:title\" content=\"Roof Bar Volvo EC\/ EW\/ ECR\/ EWR Excavators - RST-Steel\" \/>\n<meta property=\"og:description\" content=\"Roof Bar Volvo EC\/ EW\/ ECR\/ EWR models. Suitable for all E model excavators! Does not fit D models! Check out the product variants in our online store!\" \/>\n<meta property=\"og:url\" content=\"https:\/\/rst-steel.com\/nb\/produkt\/roof-bar-volvo-ec-ew-ecr-ewr-excavators_prm_65598\/\" \/>\n<meta property=\"og:site_name\" content=\"RST-Steel\" \/>\n<meta property=\"article:publisher\" content=\"https:\/\/www.facebook.com\/rststeel\" \/>\n<meta property=\"article:modified_time\" content=\"2026-03-16T06:19:43+00:00\" \/>\n<meta property=\"og:image\" content=\"https:\/\/rst-steel.com\/wp-content\/uploads\/2024\/04\/25135abb2c29f22538136867c5b49a8684f94c6e_Volvo_kaivinkone_2-scaled.jpg\" \/>\n\t<meta property=\"og:image:width\" content=\"2048\" \/>\n\t<meta property=\"og:image:height\" content=\"2560\" \/>\n\t<meta property=\"og:image:type\" content=\"image\/jpeg\" \/>\n<meta name=\"twitter:card\" content=\"summary_large_image\" \/>\n<meta name=\"twitter:label1\" content=\"Ansl. lesetid\" \/>\n\t<meta name=\"twitter:data1\" content=\"1 minutt\" \/>\n<script type=\"application\/ld+json\" class=\"yoast-schema-graph\">{\"@context\":\"https:\/\/schema.org\",\"@graph\":[{\"@type\":\"WebPage\",\"@id\":\"https:\/\/rst-steel.com\/product\/roof-bar-volvo-ec-ew-ecr-ewr-excavators_prm_65598\/\",\"url\":\"https:\/\/rst-steel.com\/product\/roof-bar-volvo-ec-ew-ecr-ewr-excavators_prm_65598\/\",\"name\":\"Roof Bar Volvo EC\/ EW\/ ECR\/ EWR Excavators - RST-Steel\",\"isPartOf\":{\"@id\":\"https:\/\/rst-steel.com\/#website\"},\"primaryImageOfPage\":{\"@id\":\"https:\/\/rst-steel.com\/product\/roof-bar-volvo-ec-ew-ecr-ewr-excavators_prm_65598\/#primaryimage\"},\"image\":{\"@id\":\"https:\/\/rst-steel.com\/product\/roof-bar-volvo-ec-ew-ecr-ewr-excavators_prm_65598\/#primaryimage\"},\"thumbnailUrl\":\"https:\/\/rst-steel.com\/wp-content\/uploads\/2024\/04\/25135abb2c29f22538136867c5b49a8684f94c6e_Volvo_kaivinkone_2-scaled.jpg\",\"datePublished\":\"2024-04-26T08:21:47+00:00\",\"dateModified\":\"2026-03-16T06:19:43+00:00\",\"description\":\"Roof Bar Volvo EC\/ EW\/ ECR\/ EWR models. Suitable for all E model excavators! Does not fit D models! Check out the product variants in our online store!\",\"breadcrumb\":{\"@id\":\"https:\/\/rst-steel.com\/product\/roof-bar-volvo-ec-ew-ecr-ewr-excavators_prm_65598\/#breadcrumb\"},\"inLanguage\":\"nb-NO\",\"potentialAction\":[{\"@type\":\"ReadAction\",\"target\":[\"https:\/\/rst-steel.com\/product\/roof-bar-volvo-ec-ew-ecr-ewr-excavators_prm_65598\/\"]}]},{\"@type\":\"ImageObject\",\"inLanguage\":\"nb-NO\",\"@id\":\"https:\/\/rst-steel.com\/product\/roof-bar-volvo-ec-ew-ecr-ewr-excavators_prm_65598\/#primaryimage\",\"url\":\"https:\/\/rst-steel.com\/wp-content\/uploads\/2024\/04\/25135abb2c29f22538136867c5b49a8684f94c6e_Volvo_kaivinkone_2-scaled.jpg\",\"contentUrl\":\"https:\/\/rst-steel.com\/wp-content\/uploads\/2024\/04\/25135abb2c29f22538136867c5b49a8684f94c6e_Volvo_kaivinkone_2-scaled.jpg\",\"width\":2048,\"height\":2560,\"caption\":\"Roof Bar Volvo EC\/ EW\/ ECR\/ EWR Excavators\"},{\"@type\":\"BreadcrumbList\",\"@id\":\"https:\/\/rst-steel.com\/product\/roof-bar-volvo-ec-ew-ecr-ewr-excavators_prm_65598\/#breadcrumb\",\"itemListElement\":[{\"@type\":\"ListItem\",\"position\":1,\"name\":\"Home\",\"item\":\"https:\/\/rst-steel.com\/\"},{\"@type\":\"ListItem\",\"position\":2,\"name\":\"RST-Steel Shop\",\"item\":\"https:\/\/rst-steel.com\/shop\/\"},{\"@type\":\"ListItem\",\"position\":3,\"name\":\"Roof Bar Volvo EC\/ EW\/ ECR\/ EWR Excavators\"}]},{\"@type\":\"WebSite\",\"@id\":\"https:\/\/rst-steel.com\/#website\",\"url\":\"https:\/\/rst-steel.com\/\",\"name\":\"RST-Steel.com\",\"description\":\"Finnish quality steel, for quality-conscious drivers\",\"publisher\":{\"@id\":\"https:\/\/rst-steel.com\/#organization\"},\"alternateName\":\"Safe and stylish RST-Steel quality\",\"potentialAction\":[{\"@type\":\"SearchAction\",\"target\":{\"@type\":\"EntryPoint\",\"urlTemplate\":\"https:\/\/rst-steel.com\/?s={search_term_string}\"},\"query-input\":{\"@type\":\"PropertyValueSpecification\",\"valueRequired\":true,\"valueName\":\"search_term_string\"}}],\"inLanguage\":\"nb-NO\"},{\"@type\":\"Organization\",\"@id\":\"https:\/\/rst-steel.com\/#organization\",\"name\":\"RST-Steel Oy\",\"url\":\"https:\/\/rst-steel.com\/\",\"logo\":{\"@type\":\"ImageObject\",\"inLanguage\":\"nb-NO\",\"@id\":\"https:\/\/rst-steel.com\/#\/schema\/logo\/image\/\",\"url\":\"https:\/\/rst-steel.com\/wp-content\/uploads\/2023\/04\/cropped-Rst-logo-valkoinen-teksti-3.png\",\"contentUrl\":\"https:\/\/rst-steel.com\/wp-content\/uploads\/2023\/04\/cropped-Rst-logo-valkoinen-teksti-3.png\",\"width\":512,\"height\":115,\"caption\":\"RST-Steel Oy\"},\"image\":{\"@id\":\"https:\/\/rst-steel.com\/#\/schema\/logo\/image\/\"},\"sameAs\":[\"https:\/\/www.facebook.com\/rststeel\",\"https:\/\/www.instagram.com\/rststeeloy\/\"]}]}<\/script>\n<!-- \/ Yoast SEO plugin. -->","yoast_head_json":{"title":"Takb\u00f8yle Volvo EC\/ EW\/ ECR\/ EWR gravemaskiner - RST-Steel","description":"Takb\u00f8yle for Volvo EC\/ EW\/ ECR\/ EWR-modeller. Passer til alle gravemaskiner av E-modell! Passer ikke til D-modeller! Sjekk ut produktvariantene i v\u00e5r nettbutikk!","robots":{"index":"index","follow":"follow","max-snippet":"max-snippet:-1","max-image-preview":"max-image-preview:large","max-video-preview":"max-video-preview:-1"},"canonical":"https:\/\/rst-steel.com\/nb\/produkt\/roof-bar-volvo-ec-ew-ecr-ewr-excavators_prm_65598\/","og_locale":"nb_NO","og_type":"article","og_title":"Roof Bar Volvo EC\/ EW\/ ECR\/ EWR Excavators - RST-Steel","og_description":"Roof Bar Volvo EC\/ EW\/ ECR\/ EWR models. Suitable for all E model excavators! Does not fit D models! Check out the product variants in our online store!","og_url":"https:\/\/rst-steel.com\/nb\/produkt\/roof-bar-volvo-ec-ew-ecr-ewr-excavators_prm_65598\/","og_site_name":"RST-Steel","article_publisher":"https:\/\/www.facebook.com\/rststeel","article_modified_time":"2026-03-16T06:19:43+00:00","og_image":[{"width":2048,"height":2560,"url":"https:\/\/rst-steel.com\/wp-content\/uploads\/2024\/04\/25135abb2c29f22538136867c5b49a8684f94c6e_Volvo_kaivinkone_2-scaled.jpg","type":"image\/jpeg"}],"twitter_card":"summary_large_image","twitter_misc":{"Ansl. lesetid":"1 minutt"},"schema":{"@context":"https:\/\/schema.org","@graph":[{"@type":"WebPage","@id":"https:\/\/rst-steel.com\/product\/roof-bar-volvo-ec-ew-ecr-ewr-excavators_prm_65598\/","url":"https:\/\/rst-steel.com\/product\/roof-bar-volvo-ec-ew-ecr-ewr-excavators_prm_65598\/","name":"Takb\u00f8yle Volvo EC\/ EW\/ ECR\/ EWR gravemaskiner - RST-Steel","isPartOf":{"@id":"https:\/\/rst-steel.com\/#website"},"primaryImageOfPage":{"@id":"https:\/\/rst-steel.com\/product\/roof-bar-volvo-ec-ew-ecr-ewr-excavators_prm_65598\/#primaryimage"},"image":{"@id":"https:\/\/rst-steel.com\/product\/roof-bar-volvo-ec-ew-ecr-ewr-excavators_prm_65598\/#primaryimage"},"thumbnailUrl":"https:\/\/rst-steel.com\/wp-content\/uploads\/2024\/04\/25135abb2c29f22538136867c5b49a8684f94c6e_Volvo_kaivinkone_2-scaled.jpg","datePublished":"2024-04-26T08:21:47+00:00","dateModified":"2026-03-16T06:19:43+00:00","description":"Takb\u00f8yle for Volvo EC\/ EW\/ ECR\/ EWR-modeller. Passer til alle gravemaskiner av E-modell! Passer ikke til D-modeller! Sjekk ut produktvariantene i v\u00e5r nettbutikk!","breadcrumb":{"@id":"https:\/\/rst-steel.com\/product\/roof-bar-volvo-ec-ew-ecr-ewr-excavators_prm_65598\/#breadcrumb"},"inLanguage":"nb-NO","potentialAction":[{"@type":"ReadAction","target":["https:\/\/rst-steel.com\/product\/roof-bar-volvo-ec-ew-ecr-ewr-excavators_prm_65598\/"]}]},{"@type":"ImageObject","inLanguage":"nb-NO","@id":"https:\/\/rst-steel.com\/product\/roof-bar-volvo-ec-ew-ecr-ewr-excavators_prm_65598\/#primaryimage","url":"https:\/\/rst-steel.com\/wp-content\/uploads\/2024\/04\/25135abb2c29f22538136867c5b49a8684f94c6e_Volvo_kaivinkone_2-scaled.jpg","contentUrl":"https:\/\/rst-steel.com\/wp-content\/uploads\/2024\/04\/25135abb2c29f22538136867c5b49a8684f94c6e_Volvo_kaivinkone_2-scaled.jpg","width":2048,"height":2560,"caption":"Roof Bar Volvo EC\/ EW\/ ECR\/ EWR Excavators"},{"@type":"BreadcrumbList","@id":"https:\/\/rst-steel.com\/product\/roof-bar-volvo-ec-ew-ecr-ewr-excavators_prm_65598\/#breadcrumb","itemListElement":[{"@type":"ListItem","position":1,"name":"Home","item":"https:\/\/rst-steel.com\/"},{"@type":"ListItem","position":2,"name":"RST-Steel Shop","item":"https:\/\/rst-steel.com\/shop\/"},{"@type":"ListItem","position":3,"name":"Roof Bar Volvo EC\/ EW\/ ECR\/ EWR Excavators"}]},{"@type":"WebSite","@id":"https:\/\/rst-steel.com\/#website","url":"https:\/\/rst-steel.com\/","name":"RST-Steel.com","description":"Finsk kvalitetsst\u00e5l, for kvalitetsbevisste sj\u00e5f\u00f8rer","publisher":{"@id":"https:\/\/rst-steel.com\/#organization"},"alternateName":"Safe and stylish RST-Steel quality","potentialAction":[{"@type":"SearchAction","target":{"@type":"EntryPoint","urlTemplate":"https:\/\/rst-steel.com\/?s={search_term_string}"},"query-input":{"@type":"PropertyValueSpecification","valueRequired":true,"valueName":"search_term_string"}}],"inLanguage":"nb-NO"},{"@type":"Organization","@id":"https:\/\/rst-steel.com\/#organization","name":"RST-Steel Oy","url":"https:\/\/rst-steel.com\/","logo":{"@type":"ImageObject","inLanguage":"nb-NO","@id":"https:\/\/rst-steel.com\/#\/schema\/logo\/image\/","url":"https:\/\/rst-steel.com\/wp-content\/uploads\/2023\/04\/cropped-Rst-logo-valkoinen-teksti-3.png","contentUrl":"https:\/\/rst-steel.com\/wp-content\/uploads\/2023\/04\/cropped-Rst-logo-valkoinen-teksti-3.png","width":512,"height":115,"caption":"RST-Steel Oy"},"image":{"@id":"https:\/\/rst-steel.com\/#\/schema\/logo\/image\/"},"sameAs":["https:\/\/www.facebook.com\/rststeel","https:\/\/www.instagram.com\/rststeeloy\/"]}]}},"brands":[{"id":8334,"name":"RST-Steel","slug":"brand_rststeel"}],"_links":{"self":[{"href":"https:\/\/rst-steel.com\/nb\/wp-json\/wp\/v2\/product\/43159","targetHints":{"allow":["GET"]}}],"collection":[{"href":"https:\/\/rst-steel.com\/nb\/wp-json\/wp\/v2\/product"}],"about":[{"href":"https:\/\/rst-steel.com\/nb\/wp-json\/wp\/v2\/types\/product"}],"replies":[{"embeddable":true,"href":"https:\/\/rst-steel.com\/nb\/wp-json\/wp\/v2\/comments?post=43159"}],"version-history":[{"count":0,"href":"https:\/\/rst-steel.com\/nb\/wp-json\/wp\/v2\/product\/43159\/revisions"}],"wp:featuredmedia":[{"embeddable":true,"href":"https:\/\/rst-steel.com\/nb\/wp-json\/wp\/v2\/media\/43156"}],"wp:attachment":[{"href":"https:\/\/rst-steel.com\/nb\/wp-json\/wp\/v2\/media?parent=43159"}],"wp:term":[{"taxonomy":"make_fuel_type","embeddable":true,"href":"https:\/\/rst-steel.com\/nb\/wp-json\/wp\/v2\/make_fuel_type?post=43159"},{"taxonomy":"make_model","embeddable":true,"href":"https:\/\/rst-steel.com\/nb\/wp-json\/wp\/v2\/make_model?post=43159"},{"taxonomy":"make_brand","embeddable":true,"href":"https:\/\/rst-steel.com\/nb\/wp-json\/wp\/v2\/make_brand?post=43159"},{"taxonomy":"make_year","embeddable":true,"href":"https:\/\/rst-steel.com\/nb\/wp-json\/wp\/v2\/make_year?post=43159"},{"taxonomy":"pwb-brand","embeddable":true,"href":"https:\/\/rst-steel.com\/nb\/wp-json\/wp\/v2\/pwb-brand?post=43159"},{"taxonomy":"product_brand","embeddable":true,"href":"https:\/\/rst-steel.com\/nb\/wp-json\/wp\/v2\/product_brand?post=43159"},{"taxonomy":"product_cat","embeddable":true,"href":"https:\/\/rst-steel.com\/nb\/wp-json\/wp\/v2\/product_cat?post=43159"},{"taxonomy":"product_tag","embeddable":true,"href":"https:\/\/rst-steel.com\/nb\/wp-json\/wp\/v2\/product_tag?post=43159"}],"curies":[{"name":"wp","href":"https:\/\/api.w.org\/{rel}","templated":true}]}}