{"id":43210,"date":"2024-04-26T13:17:21","date_gmt":"2024-04-26T10:17:21","guid":{"rendered":"https:\/\/rst-steel.com\/product\/rear-bar-volvo-ewr130e_prm_64092\/"},"modified":"2026-03-19T11:09:55","modified_gmt":"2026-03-19T08:09:55","slug":"counterweight-bar-volvo-ewr130e_prm_64092","status":"publish","type":"product","link":"https:\/\/rst-steel.com\/nb\/produkt\/counterweight-bar-volvo-ewr130e_prm_64092\/","title":{"rendered":"Counterweight Bar Volvo EWR130E"},"content":{"rendered":"<p><strong>Counterweight Bar Volvo EWR130E<\/strong><\/p>\n<p>&nbsp;<\/p>\n<p>RST-Steel\u2019s counterweight bars are high-quality products made of stainless steel.<\/p>\n<p>The counterweight bars can be equipped with work lights and position lights, which improve your visibility in traffic, and at the same time increase safety for yourself and others in traffic.<\/p>\n<p>&nbsp;<\/p>\n<p><span style=\"font-weight: bold;\">Teknisk informasjon:<\/span><\/p>\n<ul>\n<li>Color: Polished stainless steel or Powdercoated with RAL-color<\/li>\n<li>R\u00f8rdiameter: 60 mm<\/li>\n<\/ul>\n<p>&nbsp;<\/p>\n<p><span style=\"font-weight: bold;\">Innhold i leveransen:<\/span><\/p>\n<ul>\n<li>Counterweight Bar<\/li>\n<li>Festemidler som kreves for installasjon<\/li>\n<li>Installasjonsinstruksjoner<\/li>\n<\/ul>","protected":false},"excerpt":{"rendered":"<p>Flere modellalternativer tilgjengelig!<\/p>","protected":false},"featured_media":43209,"comment_status":"open","ping_status":"closed","template":"","meta":{"_improvement_type_select":"improve_an_existing","_thumb_yes_seoaic":false,"_frame_yes_seoaic":false,"seoaic_generate_description":"","seoaic_improve_instructions_prompt":"","seoaic_rollback_content_improvement":"","seoaic_idea_thumbnail_generator":"","thumbnail_generated":false,"thumbnail_generate_prompt":"","seoaic_article_description":""},"make_fuel_type":[],"make_model":[6627],"make_brand":[6533],"make_year":[6465],"pwb-brand":[8334],"product_brand":[],"product_cat":[6057,6069,7283],"product_tag":[8485,8484,8483],"class_list":{"0":"post-43210","1":"product","2":"type-product","3":"status-publish","4":"has-post-thumbnail","6":"make_model-volvo-excavators","7":"make_brand-volvo-workmachines","8":"make_year-workmachines","9":"pwb-brand-brand_rststeel","10":"product_cat-lightbars","11":"product_cat-rearbars-for-excavators","12":"product_cat-volvo-vr-kkp","13":"product_tag-motviktsbage","14":"product_tag-volvo-motviktsbage","15":"product_tag-volvo-rear-bar","16":"product_shipping_class-lightbars","18":"first","19":"instock","20":"taxable","21":"shipping-taxable","22":"purchasable","23":"product-type-variable"},"yoast_head":"<!-- This site is optimized with the Yoast SEO plugin v25.7 - https:\/\/yoast.com\/wordpress\/plugins\/seo\/ -->\n<title>Counterweight Bar Volvo EWR130E - RST-Steel<\/title>\n<meta name=\"description\" content=\"Counterweight Bar Volvo EWR130E models. RST-Steel\u2019s rear bars are high-quality products made of stainless steel.\u00a0Check out the product in our online store!\" \/>\n<meta name=\"robots\" content=\"index, follow, max-snippet:-1, max-image-preview:large, max-video-preview:-1\" \/>\n<link rel=\"canonical\" href=\"https:\/\/rst-steel.com\/nb\/produkt\/counterweight-bar-volvo-ewr130e_prm_64092\/\" \/>\n<meta property=\"og:locale\" content=\"nb_NO\" \/>\n<meta property=\"og:type\" content=\"article\" \/>\n<meta property=\"og:title\" content=\"Counterweight Bar Volvo EWR130E - RST-Steel\" \/>\n<meta property=\"og:description\" content=\"Counterweight Bar Volvo EWR130E models. RST-Steel\u2019s rear bars are high-quality products made of stainless steel.\u00a0Check out the product in our online store!\" \/>\n<meta property=\"og:url\" content=\"https:\/\/rst-steel.com\/nb\/produkt\/counterweight-bar-volvo-ewr130e_prm_64092\/\" \/>\n<meta property=\"og:site_name\" content=\"RST-Steel\" \/>\n<meta property=\"article:publisher\" content=\"https:\/\/www.facebook.com\/rststeel\" \/>\n<meta property=\"article:modified_time\" content=\"2026-03-19T08:09:55+00:00\" \/>\n<meta property=\"og:image\" content=\"https:\/\/rst-steel.com\/wp-content\/uploads\/2024\/04\/53df4b3ec1465e98871e822bd1a6d0658b2a4214_TVO218C_tuotekuva.jpg\" \/>\n\t<meta property=\"og:image:width\" content=\"1920\" \/>\n\t<meta property=\"og:image:height\" content=\"1080\" \/>\n\t<meta property=\"og:image:type\" content=\"image\/jpeg\" \/>\n<meta name=\"twitter:card\" content=\"summary_large_image\" \/>\n<meta name=\"twitter:label1\" content=\"Ansl. lesetid\" \/>\n\t<meta name=\"twitter:data1\" content=\"1 minutt\" \/>\n<script type=\"application\/ld+json\" class=\"yoast-schema-graph\">{\"@context\":\"https:\/\/schema.org\",\"@graph\":[{\"@type\":\"WebPage\",\"@id\":\"https:\/\/rst-steel.com\/product\/counterweight-bar-volvo-ewr130e_prm_64092\/\",\"url\":\"https:\/\/rst-steel.com\/product\/counterweight-bar-volvo-ewr130e_prm_64092\/\",\"name\":\"Counterweight Bar Volvo EWR130E - RST-Steel\",\"isPartOf\":{\"@id\":\"https:\/\/rst-steel.com\/#website\"},\"primaryImageOfPage\":{\"@id\":\"https:\/\/rst-steel.com\/product\/counterweight-bar-volvo-ewr130e_prm_64092\/#primaryimage\"},\"image\":{\"@id\":\"https:\/\/rst-steel.com\/product\/counterweight-bar-volvo-ewr130e_prm_64092\/#primaryimage\"},\"thumbnailUrl\":\"https:\/\/rst-steel.com\/wp-content\/uploads\/2024\/04\/53df4b3ec1465e98871e822bd1a6d0658b2a4214_TVO218C_tuotekuva.jpg\",\"datePublished\":\"2024-04-26T10:17:21+00:00\",\"dateModified\":\"2026-03-19T08:09:55+00:00\",\"description\":\"Counterweight Bar Volvo EWR130E models. RST-Steel\u2019s rear bars are high-quality products made of stainless steel.\u00a0Check out the product in our online store!\",\"breadcrumb\":{\"@id\":\"https:\/\/rst-steel.com\/product\/counterweight-bar-volvo-ewr130e_prm_64092\/#breadcrumb\"},\"inLanguage\":\"nb-NO\",\"potentialAction\":[{\"@type\":\"ReadAction\",\"target\":[\"https:\/\/rst-steel.com\/product\/counterweight-bar-volvo-ewr130e_prm_64092\/\"]}]},{\"@type\":\"ImageObject\",\"inLanguage\":\"nb-NO\",\"@id\":\"https:\/\/rst-steel.com\/product\/counterweight-bar-volvo-ewr130e_prm_64092\/#primaryimage\",\"url\":\"https:\/\/rst-steel.com\/wp-content\/uploads\/2024\/04\/53df4b3ec1465e98871e822bd1a6d0658b2a4214_TVO218C_tuotekuva.jpg\",\"contentUrl\":\"https:\/\/rst-steel.com\/wp-content\/uploads\/2024\/04\/53df4b3ec1465e98871e822bd1a6d0658b2a4214_TVO218C_tuotekuva.jpg\",\"width\":1920,\"height\":1080,\"caption\":\"Counterweight Bar Volvo EWR130E\"},{\"@type\":\"BreadcrumbList\",\"@id\":\"https:\/\/rst-steel.com\/product\/counterweight-bar-volvo-ewr130e_prm_64092\/#breadcrumb\",\"itemListElement\":[{\"@type\":\"ListItem\",\"position\":1,\"name\":\"Home\",\"item\":\"https:\/\/rst-steel.com\/\"},{\"@type\":\"ListItem\",\"position\":2,\"name\":\"RST-Steel Shop\",\"item\":\"https:\/\/rst-steel.com\/shop\/\"},{\"@type\":\"ListItem\",\"position\":3,\"name\":\"Counterweight Bar Volvo EWR130E\"}]},{\"@type\":\"WebSite\",\"@id\":\"https:\/\/rst-steel.com\/#website\",\"url\":\"https:\/\/rst-steel.com\/\",\"name\":\"RST-Steel.com\",\"description\":\"Finnish quality steel, for quality-conscious drivers\",\"publisher\":{\"@id\":\"https:\/\/rst-steel.com\/#organization\"},\"alternateName\":\"Safe and stylish RST-Steel quality\",\"potentialAction\":[{\"@type\":\"SearchAction\",\"target\":{\"@type\":\"EntryPoint\",\"urlTemplate\":\"https:\/\/rst-steel.com\/?s={search_term_string}\"},\"query-input\":{\"@type\":\"PropertyValueSpecification\",\"valueRequired\":true,\"valueName\":\"search_term_string\"}}],\"inLanguage\":\"nb-NO\"},{\"@type\":\"Organization\",\"@id\":\"https:\/\/rst-steel.com\/#organization\",\"name\":\"RST-Steel Oy\",\"url\":\"https:\/\/rst-steel.com\/\",\"logo\":{\"@type\":\"ImageObject\",\"inLanguage\":\"nb-NO\",\"@id\":\"https:\/\/rst-steel.com\/#\/schema\/logo\/image\/\",\"url\":\"https:\/\/rst-steel.com\/wp-content\/uploads\/2023\/04\/cropped-Rst-logo-valkoinen-teksti-3.png\",\"contentUrl\":\"https:\/\/rst-steel.com\/wp-content\/uploads\/2023\/04\/cropped-Rst-logo-valkoinen-teksti-3.png\",\"width\":512,\"height\":115,\"caption\":\"RST-Steel Oy\"},\"image\":{\"@id\":\"https:\/\/rst-steel.com\/#\/schema\/logo\/image\/\"},\"sameAs\":[\"https:\/\/www.facebook.com\/rststeel\",\"https:\/\/www.instagram.com\/rststeeloy\/\"]}]}<\/script>\n<!-- \/ Yoast SEO plugin. -->","yoast_head_json":{"title":"Counterweight Bar Volvo EWR130E - RST-Steel","description":"Counterweight Bar Volvo EWR130E models. RST-Steel\u2019s rear bars are high-quality products made of stainless steel.\u00a0Check out the product in our online store!","robots":{"index":"index","follow":"follow","max-snippet":"max-snippet:-1","max-image-preview":"max-image-preview:large","max-video-preview":"max-video-preview:-1"},"canonical":"https:\/\/rst-steel.com\/nb\/produkt\/counterweight-bar-volvo-ewr130e_prm_64092\/","og_locale":"nb_NO","og_type":"article","og_title":"Counterweight Bar Volvo EWR130E - RST-Steel","og_description":"Counterweight Bar Volvo EWR130E models. RST-Steel\u2019s rear bars are high-quality products made of stainless steel.\u00a0Check out the product in our online store!","og_url":"https:\/\/rst-steel.com\/nb\/produkt\/counterweight-bar-volvo-ewr130e_prm_64092\/","og_site_name":"RST-Steel","article_publisher":"https:\/\/www.facebook.com\/rststeel","article_modified_time":"2026-03-19T08:09:55+00:00","og_image":[{"width":1920,"height":1080,"url":"https:\/\/rst-steel.com\/wp-content\/uploads\/2024\/04\/53df4b3ec1465e98871e822bd1a6d0658b2a4214_TVO218C_tuotekuva.jpg","type":"image\/jpeg"}],"twitter_card":"summary_large_image","twitter_misc":{"Ansl. lesetid":"1 minutt"},"schema":{"@context":"https:\/\/schema.org","@graph":[{"@type":"WebPage","@id":"https:\/\/rst-steel.com\/product\/counterweight-bar-volvo-ewr130e_prm_64092\/","url":"https:\/\/rst-steel.com\/product\/counterweight-bar-volvo-ewr130e_prm_64092\/","name":"Counterweight Bar Volvo EWR130E - RST-Steel","isPartOf":{"@id":"https:\/\/rst-steel.com\/#website"},"primaryImageOfPage":{"@id":"https:\/\/rst-steel.com\/product\/counterweight-bar-volvo-ewr130e_prm_64092\/#primaryimage"},"image":{"@id":"https:\/\/rst-steel.com\/product\/counterweight-bar-volvo-ewr130e_prm_64092\/#primaryimage"},"thumbnailUrl":"https:\/\/rst-steel.com\/wp-content\/uploads\/2024\/04\/53df4b3ec1465e98871e822bd1a6d0658b2a4214_TVO218C_tuotekuva.jpg","datePublished":"2024-04-26T10:17:21+00:00","dateModified":"2026-03-19T08:09:55+00:00","description":"Counterweight Bar Volvo EWR130E models. RST-Steel\u2019s rear bars are high-quality products made of stainless steel.\u00a0Check out the product in our online store!","breadcrumb":{"@id":"https:\/\/rst-steel.com\/product\/counterweight-bar-volvo-ewr130e_prm_64092\/#breadcrumb"},"inLanguage":"nb-NO","potentialAction":[{"@type":"ReadAction","target":["https:\/\/rst-steel.com\/product\/counterweight-bar-volvo-ewr130e_prm_64092\/"]}]},{"@type":"ImageObject","inLanguage":"nb-NO","@id":"https:\/\/rst-steel.com\/product\/counterweight-bar-volvo-ewr130e_prm_64092\/#primaryimage","url":"https:\/\/rst-steel.com\/wp-content\/uploads\/2024\/04\/53df4b3ec1465e98871e822bd1a6d0658b2a4214_TVO218C_tuotekuva.jpg","contentUrl":"https:\/\/rst-steel.com\/wp-content\/uploads\/2024\/04\/53df4b3ec1465e98871e822bd1a6d0658b2a4214_TVO218C_tuotekuva.jpg","width":1920,"height":1080,"caption":"Counterweight Bar Volvo EWR130E"},{"@type":"BreadcrumbList","@id":"https:\/\/rst-steel.com\/product\/counterweight-bar-volvo-ewr130e_prm_64092\/#breadcrumb","itemListElement":[{"@type":"ListItem","position":1,"name":"Home","item":"https:\/\/rst-steel.com\/"},{"@type":"ListItem","position":2,"name":"RST-Steel Shop","item":"https:\/\/rst-steel.com\/shop\/"},{"@type":"ListItem","position":3,"name":"Counterweight Bar Volvo EWR130E"}]},{"@type":"WebSite","@id":"https:\/\/rst-steel.com\/#website","url":"https:\/\/rst-steel.com\/","name":"RST-Steel.com","description":"Finsk kvalitetsst\u00e5l, for kvalitetsbevisste sj\u00e5f\u00f8rer","publisher":{"@id":"https:\/\/rst-steel.com\/#organization"},"alternateName":"Safe and stylish RST-Steel quality","potentialAction":[{"@type":"SearchAction","target":{"@type":"EntryPoint","urlTemplate":"https:\/\/rst-steel.com\/?s={search_term_string}"},"query-input":{"@type":"PropertyValueSpecification","valueRequired":true,"valueName":"search_term_string"}}],"inLanguage":"nb-NO"},{"@type":"Organization","@id":"https:\/\/rst-steel.com\/#organization","name":"RST-Steel Oy","url":"https:\/\/rst-steel.com\/","logo":{"@type":"ImageObject","inLanguage":"nb-NO","@id":"https:\/\/rst-steel.com\/#\/schema\/logo\/image\/","url":"https:\/\/rst-steel.com\/wp-content\/uploads\/2023\/04\/cropped-Rst-logo-valkoinen-teksti-3.png","contentUrl":"https:\/\/rst-steel.com\/wp-content\/uploads\/2023\/04\/cropped-Rst-logo-valkoinen-teksti-3.png","width":512,"height":115,"caption":"RST-Steel Oy"},"image":{"@id":"https:\/\/rst-steel.com\/#\/schema\/logo\/image\/"},"sameAs":["https:\/\/www.facebook.com\/rststeel","https:\/\/www.instagram.com\/rststeeloy\/"]}]}},"brands":[{"id":8334,"name":"RST-Steel","slug":"brand_rststeel"}],"_links":{"self":[{"href":"https:\/\/rst-steel.com\/nb\/wp-json\/wp\/v2\/product\/43210","targetHints":{"allow":["GET"]}}],"collection":[{"href":"https:\/\/rst-steel.com\/nb\/wp-json\/wp\/v2\/product"}],"about":[{"href":"https:\/\/rst-steel.com\/nb\/wp-json\/wp\/v2\/types\/product"}],"replies":[{"embeddable":true,"href":"https:\/\/rst-steel.com\/nb\/wp-json\/wp\/v2\/comments?post=43210"}],"version-history":[{"count":0,"href":"https:\/\/rst-steel.com\/nb\/wp-json\/wp\/v2\/product\/43210\/revisions"}],"wp:featuredmedia":[{"embeddable":true,"href":"https:\/\/rst-steel.com\/nb\/wp-json\/wp\/v2\/media\/43209"}],"wp:attachment":[{"href":"https:\/\/rst-steel.com\/nb\/wp-json\/wp\/v2\/media?parent=43210"}],"wp:term":[{"taxonomy":"make_fuel_type","embeddable":true,"href":"https:\/\/rst-steel.com\/nb\/wp-json\/wp\/v2\/make_fuel_type?post=43210"},{"taxonomy":"make_model","embeddable":true,"href":"https:\/\/rst-steel.com\/nb\/wp-json\/wp\/v2\/make_model?post=43210"},{"taxonomy":"make_brand","embeddable":true,"href":"https:\/\/rst-steel.com\/nb\/wp-json\/wp\/v2\/make_brand?post=43210"},{"taxonomy":"make_year","embeddable":true,"href":"https:\/\/rst-steel.com\/nb\/wp-json\/wp\/v2\/make_year?post=43210"},{"taxonomy":"pwb-brand","embeddable":true,"href":"https:\/\/rst-steel.com\/nb\/wp-json\/wp\/v2\/pwb-brand?post=43210"},{"taxonomy":"product_brand","embeddable":true,"href":"https:\/\/rst-steel.com\/nb\/wp-json\/wp\/v2\/product_brand?post=43210"},{"taxonomy":"product_cat","embeddable":true,"href":"https:\/\/rst-steel.com\/nb\/wp-json\/wp\/v2\/product_cat?post=43210"},{"taxonomy":"product_tag","embeddable":true,"href":"https:\/\/rst-steel.com\/nb\/wp-json\/wp\/v2\/product_tag?post=43210"}],"curies":[{"name":"wp","href":"https:\/\/api.w.org\/{rel}","templated":true}]}}