{"id":46729,"date":"2024-09-25T13:42:27","date_gmt":"2024-09-25T10:42:27","guid":{"rendered":"https:\/\/rst-steel.com\/product\/side-window-deflectors-scania-nextgen-s-r-2017-_pr_10654\/"},"modified":"2026-03-16T09:21:17","modified_gmt":"2026-03-16T06:21:17","slug":"sidevindusavvisere-scania-nextgen-s-r-2017-_pr_10654","status":"publish","type":"product","link":"https:\/\/rst-steel.com\/nb\/produkt\/sidevindusavvisere-scania-nextgen-s-r-2017-_pr_10654\/","title":{"rendered":"Sidevindusavvisere Scania NextGen S\/R 2017-"},"content":{"rendered":"<p>Sidevindusavvisere Scania NextGen S\/R 2017-<\/p>\n<p>&nbsp;<\/p>\n<p>Sidevindusavvisere er et viktig tilbeh\u00f8r for deg som vil unng\u00e5 trekkf\u00f8lelse inne i bilen og samtidig opprettholde god ventilasjon. De bidrar til \u00e5 forhindre dugg p\u00e5 regnv\u00e6rsdager ved \u00e5 tillate luftsirkulasjon inne i bilen. N\u00e5r vinduet er \u00e5pent, beskytter vindavviserne f\u00f8reren mot direkte vindkast.<\/p>\n<p>Sidevindusdeflektorene reduserer ogs\u00e5 smussansamling p\u00e5 sidevinduene, noe som forbedrer sikten gjennom sidespeilene. Selv under kraftig regn eller sn\u00f8storm kan du holde vinduene litt \u00e5pne uten at det kommer vann eller sn\u00f8 inn i bilen. Forbedre b\u00e5de stilen og funksjonaliteten til lastebilen din. Enkel montering!<\/p>\n<p>Laget av st\u00f8pte akrylplater av h\u00f8y kvalitet. Monteres p\u00e5 vindusforseglingen med akryltape, uten \u00e5 belaste vindusmekanismen. Passer ogs\u00e5 til vinduer med doble vinduer.<\/p>\n<p>&nbsp;<\/p>\n<p><strong>Passer:<\/strong><\/p>\n<ul>\n<li>Scania NextGen S 2017-<\/li>\n<li>Scania NextGen R 2017-<\/li>\n<\/ul>\n<p>&nbsp;<\/p>\n<p><strong>Innhold:<\/strong><\/p>\n<ul>\n<li>Vindusavvisere (venstre og h\u00f8yre)<\/li>\n<li>N\u00f8dvendig monteringsutstyr<\/li>\n<\/ul>","protected":false},"excerpt":{"rendered":"<p><span style=\"font-weight: bold;\">Passer til Scania NextGen S\/R 2017-modeller!<\/span><\/p>","protected":false},"featured_media":46728,"comment_status":"open","ping_status":"closed","template":"","meta":{"_improvement_type_select":"improve_an_existing","_thumb_yes_seoaic":false,"_frame_yes_seoaic":false,"seoaic_generate_description":"","seoaic_improve_instructions_prompt":"","seoaic_rollback_content_improvement":"","seoaic_idea_thumbnail_generator":"","thumbnail_generated":false,"thumbnail_generate_prompt":"","seoaic_article_description":""},"make_fuel_type":[],"make_model":[5620,5623],"make_brand":[3744],"make_year":[3748],"pwb-brand":[8347],"product_brand":[],"product_cat":[7210,7212],"product_tag":[8488,8494],"class_list":{"0":"post-46729","1":"product","2":"type-product","3":"status-publish","4":"has-post-thumbnail","6":"make_engine-daycab-low-cr","7":"make_engine-daycab-normal-cr","8":"make_engine-sleepercab-highline-cr","9":"make_engine-sleepercab-highline-cs","10":"make_engine-sleepercab-low-cr","11":"make_engine-sleepercab-normal-cr","12":"make_engine-sleepercab-normal-cs","13":"make_model-nextgen-r-2017","14":"make_model-nextgen-s-2017","15":"make_brand-scania","16":"make_year-trucks","17":"pwb-brand-brand_vepro","18":"product_cat-sun-visors-and-wind-deflectors","19":"product_cat-window-wind-deflectors-for-trucks","20":"product_tag-scania","21":"product_tag-scania-nextgen","23":"first","24":"instock","25":"taxable","26":"shipping-taxable","27":"purchasable","28":"product-type-simple"},"yoast_head":"<!-- This site is optimized with the Yoast SEO plugin v25.7 - https:\/\/yoast.com\/wordpress\/plugins\/seo\/ -->\n<title>Side Window Deflectors Scania NextGen S\/R 2017- RST-Steel<\/title>\n<meta name=\"description\" content=\"Side Window Deflectors Scania NextGen S\/R-Series. Made from high-quality molded acrylic sheets. Installed on the window seal with acrylic tape!\" \/>\n<meta name=\"robots\" content=\"index, follow, max-snippet:-1, max-image-preview:large, max-video-preview:-1\" \/>\n<link rel=\"canonical\" href=\"https:\/\/rst-steel.com\/nb\/produkt\/sidevindusavvisere-scania-nextgen-s-r-2017-_pr_10654\/\" \/>\n<meta property=\"og:locale\" content=\"nb_NO\" \/>\n<meta property=\"og:type\" content=\"article\" \/>\n<meta property=\"og:title\" content=\"Side Window Deflectors Scania NextGen S\/R 2017- RST-Steel\" \/>\n<meta property=\"og:description\" content=\"Side Window Deflectors Scania NextGen S\/R-Series. Made from high-quality molded acrylic sheets. Installed on the window seal with acrylic tape!\" \/>\n<meta property=\"og:url\" content=\"https:\/\/rst-steel.com\/nb\/produkt\/sidevindusavvisere-scania-nextgen-s-r-2017-_pr_10654\/\" \/>\n<meta property=\"og:site_name\" content=\"RST-Steel\" \/>\n<meta property=\"article:publisher\" content=\"https:\/\/www.facebook.com\/rststeel\" \/>\n<meta property=\"article:modified_time\" content=\"2026-03-16T06:21:17+00:00\" \/>\n<meta property=\"og:image\" content=\"https:\/\/rst-steel.com\/wp-content\/uploads\/2024\/09\/916667014b32006a4dcf4fa2c52673090569c8d1_80124.jpg\" \/>\n\t<meta property=\"og:image:width\" content=\"700\" \/>\n\t<meta property=\"og:image:height\" content=\"278\" \/>\n\t<meta property=\"og:image:type\" content=\"image\/jpeg\" \/>\n<meta name=\"twitter:card\" content=\"summary_large_image\" \/>\n<meta name=\"twitter:label1\" content=\"Ansl. lesetid\" \/>\n\t<meta name=\"twitter:data1\" content=\"1 minutt\" \/>\n<script type=\"application\/ld+json\" class=\"yoast-schema-graph\">{\"@context\":\"https:\/\/schema.org\",\"@graph\":[{\"@type\":\"WebPage\",\"@id\":\"https:\/\/rst-steel.com\/product\/side-window-deflectors-scania-nextgen-s-r-2017-_pr_10654\/\",\"url\":\"https:\/\/rst-steel.com\/product\/side-window-deflectors-scania-nextgen-s-r-2017-_pr_10654\/\",\"name\":\"Side Window Deflectors Scania NextGen S\/R 2017- RST-Steel\",\"isPartOf\":{\"@id\":\"https:\/\/rst-steel.com\/#website\"},\"primaryImageOfPage\":{\"@id\":\"https:\/\/rst-steel.com\/product\/side-window-deflectors-scania-nextgen-s-r-2017-_pr_10654\/#primaryimage\"},\"image\":{\"@id\":\"https:\/\/rst-steel.com\/product\/side-window-deflectors-scania-nextgen-s-r-2017-_pr_10654\/#primaryimage\"},\"thumbnailUrl\":\"https:\/\/rst-steel.com\/wp-content\/uploads\/2024\/09\/916667014b32006a4dcf4fa2c52673090569c8d1_80124.jpg\",\"datePublished\":\"2024-09-25T10:42:27+00:00\",\"dateModified\":\"2026-03-16T06:21:17+00:00\",\"description\":\"Side Window Deflectors Scania NextGen S\/R-Series. Made from high-quality molded acrylic sheets. Installed on the window seal with acrylic tape!\",\"breadcrumb\":{\"@id\":\"https:\/\/rst-steel.com\/product\/side-window-deflectors-scania-nextgen-s-r-2017-_pr_10654\/#breadcrumb\"},\"inLanguage\":\"nb-NO\",\"potentialAction\":[{\"@type\":\"ReadAction\",\"target\":[\"https:\/\/rst-steel.com\/product\/side-window-deflectors-scania-nextgen-s-r-2017-_pr_10654\/\"]}]},{\"@type\":\"ImageObject\",\"inLanguage\":\"nb-NO\",\"@id\":\"https:\/\/rst-steel.com\/product\/side-window-deflectors-scania-nextgen-s-r-2017-_pr_10654\/#primaryimage\",\"url\":\"https:\/\/rst-steel.com\/wp-content\/uploads\/2024\/09\/916667014b32006a4dcf4fa2c52673090569c8d1_80124.jpg\",\"contentUrl\":\"https:\/\/rst-steel.com\/wp-content\/uploads\/2024\/09\/916667014b32006a4dcf4fa2c52673090569c8d1_80124.jpg\",\"width\":700,\"height\":278},{\"@type\":\"BreadcrumbList\",\"@id\":\"https:\/\/rst-steel.com\/product\/side-window-deflectors-scania-nextgen-s-r-2017-_pr_10654\/#breadcrumb\",\"itemListElement\":[{\"@type\":\"ListItem\",\"position\":1,\"name\":\"Home\",\"item\":\"https:\/\/rst-steel.com\/\"},{\"@type\":\"ListItem\",\"position\":2,\"name\":\"RST-Steel Shop\",\"item\":\"https:\/\/rst-steel.com\/shop\/\"},{\"@type\":\"ListItem\",\"position\":3,\"name\":\"Side Window Deflectors Scania NextGen S\/R 2017-\"}]},{\"@type\":\"WebSite\",\"@id\":\"https:\/\/rst-steel.com\/#website\",\"url\":\"https:\/\/rst-steel.com\/\",\"name\":\"RST-Steel.com\",\"description\":\"Finnish quality steel, for quality-conscious drivers\",\"publisher\":{\"@id\":\"https:\/\/rst-steel.com\/#organization\"},\"alternateName\":\"Safe and stylish RST-Steel quality\",\"potentialAction\":[{\"@type\":\"SearchAction\",\"target\":{\"@type\":\"EntryPoint\",\"urlTemplate\":\"https:\/\/rst-steel.com\/?s={search_term_string}\"},\"query-input\":{\"@type\":\"PropertyValueSpecification\",\"valueRequired\":true,\"valueName\":\"search_term_string\"}}],\"inLanguage\":\"nb-NO\"},{\"@type\":\"Organization\",\"@id\":\"https:\/\/rst-steel.com\/#organization\",\"name\":\"RST-Steel Oy\",\"url\":\"https:\/\/rst-steel.com\/\",\"logo\":{\"@type\":\"ImageObject\",\"inLanguage\":\"nb-NO\",\"@id\":\"https:\/\/rst-steel.com\/#\/schema\/logo\/image\/\",\"url\":\"https:\/\/rst-steel.com\/wp-content\/uploads\/2023\/04\/cropped-Rst-logo-valkoinen-teksti-3.png\",\"contentUrl\":\"https:\/\/rst-steel.com\/wp-content\/uploads\/2023\/04\/cropped-Rst-logo-valkoinen-teksti-3.png\",\"width\":512,\"height\":115,\"caption\":\"RST-Steel Oy\"},\"image\":{\"@id\":\"https:\/\/rst-steel.com\/#\/schema\/logo\/image\/\"},\"sameAs\":[\"https:\/\/www.facebook.com\/rststeel\",\"https:\/\/www.instagram.com\/rststeeloy\/\"]}]}<\/script>\n<!-- \/ Yoast SEO plugin. -->","yoast_head_json":{"title":"Sidevindusavvisere Scania NextGen S\/R 2017- RST-Steel","description":"Sidevindusavvisere Scania NextGen S\/R-serien. Laget av st\u00f8pte akrylplater av h\u00f8y kvalitet. Monteres p\u00e5 vinduspakningen med akryltape!","robots":{"index":"index","follow":"follow","max-snippet":"max-snippet:-1","max-image-preview":"max-image-preview:large","max-video-preview":"max-video-preview:-1"},"canonical":"https:\/\/rst-steel.com\/nb\/produkt\/sidevindusavvisere-scania-nextgen-s-r-2017-_pr_10654\/","og_locale":"nb_NO","og_type":"article","og_title":"Side Window Deflectors Scania NextGen S\/R 2017- RST-Steel","og_description":"Side Window Deflectors Scania NextGen S\/R-Series. Made from high-quality molded acrylic sheets. Installed on the window seal with acrylic tape!","og_url":"https:\/\/rst-steel.com\/nb\/produkt\/sidevindusavvisere-scania-nextgen-s-r-2017-_pr_10654\/","og_site_name":"RST-Steel","article_publisher":"https:\/\/www.facebook.com\/rststeel","article_modified_time":"2026-03-16T06:21:17+00:00","og_image":[{"width":700,"height":278,"url":"https:\/\/rst-steel.com\/wp-content\/uploads\/2024\/09\/916667014b32006a4dcf4fa2c52673090569c8d1_80124.jpg","type":"image\/jpeg"}],"twitter_card":"summary_large_image","twitter_misc":{"Ansl. lesetid":"1 minutt"},"schema":{"@context":"https:\/\/schema.org","@graph":[{"@type":"WebPage","@id":"https:\/\/rst-steel.com\/product\/side-window-deflectors-scania-nextgen-s-r-2017-_pr_10654\/","url":"https:\/\/rst-steel.com\/product\/side-window-deflectors-scania-nextgen-s-r-2017-_pr_10654\/","name":"Sidevindusavvisere Scania NextGen S\/R 2017- RST-Steel","isPartOf":{"@id":"https:\/\/rst-steel.com\/#website"},"primaryImageOfPage":{"@id":"https:\/\/rst-steel.com\/product\/side-window-deflectors-scania-nextgen-s-r-2017-_pr_10654\/#primaryimage"},"image":{"@id":"https:\/\/rst-steel.com\/product\/side-window-deflectors-scania-nextgen-s-r-2017-_pr_10654\/#primaryimage"},"thumbnailUrl":"https:\/\/rst-steel.com\/wp-content\/uploads\/2024\/09\/916667014b32006a4dcf4fa2c52673090569c8d1_80124.jpg","datePublished":"2024-09-25T10:42:27+00:00","dateModified":"2026-03-16T06:21:17+00:00","description":"Sidevindusavvisere Scania NextGen S\/R-serien. Laget av st\u00f8pte akrylplater av h\u00f8y kvalitet. Monteres p\u00e5 vinduspakningen med akryltape!","breadcrumb":{"@id":"https:\/\/rst-steel.com\/product\/side-window-deflectors-scania-nextgen-s-r-2017-_pr_10654\/#breadcrumb"},"inLanguage":"nb-NO","potentialAction":[{"@type":"ReadAction","target":["https:\/\/rst-steel.com\/product\/side-window-deflectors-scania-nextgen-s-r-2017-_pr_10654\/"]}]},{"@type":"ImageObject","inLanguage":"nb-NO","@id":"https:\/\/rst-steel.com\/product\/side-window-deflectors-scania-nextgen-s-r-2017-_pr_10654\/#primaryimage","url":"https:\/\/rst-steel.com\/wp-content\/uploads\/2024\/09\/916667014b32006a4dcf4fa2c52673090569c8d1_80124.jpg","contentUrl":"https:\/\/rst-steel.com\/wp-content\/uploads\/2024\/09\/916667014b32006a4dcf4fa2c52673090569c8d1_80124.jpg","width":700,"height":278},{"@type":"BreadcrumbList","@id":"https:\/\/rst-steel.com\/product\/side-window-deflectors-scania-nextgen-s-r-2017-_pr_10654\/#breadcrumb","itemListElement":[{"@type":"ListItem","position":1,"name":"Home","item":"https:\/\/rst-steel.com\/"},{"@type":"ListItem","position":2,"name":"RST-Steel Shop","item":"https:\/\/rst-steel.com\/shop\/"},{"@type":"ListItem","position":3,"name":"Side Window Deflectors Scania NextGen S\/R 2017-"}]},{"@type":"WebSite","@id":"https:\/\/rst-steel.com\/#website","url":"https:\/\/rst-steel.com\/","name":"RST-Steel.com","description":"Finsk kvalitetsst\u00e5l, for kvalitetsbevisste sj\u00e5f\u00f8rer","publisher":{"@id":"https:\/\/rst-steel.com\/#organization"},"alternateName":"Safe and stylish RST-Steel quality","potentialAction":[{"@type":"SearchAction","target":{"@type":"EntryPoint","urlTemplate":"https:\/\/rst-steel.com\/?s={search_term_string}"},"query-input":{"@type":"PropertyValueSpecification","valueRequired":true,"valueName":"search_term_string"}}],"inLanguage":"nb-NO"},{"@type":"Organization","@id":"https:\/\/rst-steel.com\/#organization","name":"RST-Steel Oy","url":"https:\/\/rst-steel.com\/","logo":{"@type":"ImageObject","inLanguage":"nb-NO","@id":"https:\/\/rst-steel.com\/#\/schema\/logo\/image\/","url":"https:\/\/rst-steel.com\/wp-content\/uploads\/2023\/04\/cropped-Rst-logo-valkoinen-teksti-3.png","contentUrl":"https:\/\/rst-steel.com\/wp-content\/uploads\/2023\/04\/cropped-Rst-logo-valkoinen-teksti-3.png","width":512,"height":115,"caption":"RST-Steel Oy"},"image":{"@id":"https:\/\/rst-steel.com\/#\/schema\/logo\/image\/"},"sameAs":["https:\/\/www.facebook.com\/rststeel","https:\/\/www.instagram.com\/rststeeloy\/"]}]}},"brands":[{"id":8347,"name":"Vepro","slug":"brand_vepro"}],"_links":{"self":[{"href":"https:\/\/rst-steel.com\/nb\/wp-json\/wp\/v2\/product\/46729","targetHints":{"allow":["GET"]}}],"collection":[{"href":"https:\/\/rst-steel.com\/nb\/wp-json\/wp\/v2\/product"}],"about":[{"href":"https:\/\/rst-steel.com\/nb\/wp-json\/wp\/v2\/types\/product"}],"replies":[{"embeddable":true,"href":"https:\/\/rst-steel.com\/nb\/wp-json\/wp\/v2\/comments?post=46729"}],"version-history":[{"count":0,"href":"https:\/\/rst-steel.com\/nb\/wp-json\/wp\/v2\/product\/46729\/revisions"}],"wp:featuredmedia":[{"embeddable":true,"href":"https:\/\/rst-steel.com\/nb\/wp-json\/wp\/v2\/media\/46728"}],"wp:attachment":[{"href":"https:\/\/rst-steel.com\/nb\/wp-json\/wp\/v2\/media?parent=46729"}],"wp:term":[{"taxonomy":"make_fuel_type","embeddable":true,"href":"https:\/\/rst-steel.com\/nb\/wp-json\/wp\/v2\/make_fuel_type?post=46729"},{"taxonomy":"make_model","embeddable":true,"href":"https:\/\/rst-steel.com\/nb\/wp-json\/wp\/v2\/make_model?post=46729"},{"taxonomy":"make_brand","embeddable":true,"href":"https:\/\/rst-steel.com\/nb\/wp-json\/wp\/v2\/make_brand?post=46729"},{"taxonomy":"make_year","embeddable":true,"href":"https:\/\/rst-steel.com\/nb\/wp-json\/wp\/v2\/make_year?post=46729"},{"taxonomy":"pwb-brand","embeddable":true,"href":"https:\/\/rst-steel.com\/nb\/wp-json\/wp\/v2\/pwb-brand?post=46729"},{"taxonomy":"product_brand","embeddable":true,"href":"https:\/\/rst-steel.com\/nb\/wp-json\/wp\/v2\/product_brand?post=46729"},{"taxonomy":"product_cat","embeddable":true,"href":"https:\/\/rst-steel.com\/nb\/wp-json\/wp\/v2\/product_cat?post=46729"},{"taxonomy":"product_tag","embeddable":true,"href":"https:\/\/rst-steel.com\/nb\/wp-json\/wp\/v2\/product_tag?post=46729"}],"curies":[{"name":"wp","href":"https:\/\/api.w.org\/{rel}","templated":true}]}}