{"id":46733,"date":"2024-09-25T13:42:39","date_gmt":"2024-09-25T10:42:39","guid":{"rendered":"https:\/\/rst-steel.com\/product\/side-window-deflectors-scania-nextgen-2017-black-axe-short_pr_10667\/"},"modified":"2026-03-16T09:21:17","modified_gmt":"2026-03-16T06:21:17","slug":"sidevindusavvisere-scania-nextgen-2017-black-axe-short_pr_10667","status":"publish","type":"product","link":"https:\/\/rst-steel.com\/nb\/produkt\/sidevindusavvisere-scania-nextgen-2017-black-axe-short_pr_10667\/","title":{"rendered":"Sidevindusavvisere Scania NextGen 2017- Black Axe (kort)"},"content":{"rendered":"<p>Sidevindusavvisere Scania NextGen 2017- Black Axe (kort)<\/p>\n<p>&nbsp;<\/p>\n<p>Sidevindusavviserne er et viktig tilbeh\u00f8r for deg som vil unng\u00e5 trekkf\u00f8lelse inne i bilen og samtidig opprettholde god ventilasjon. De bidrar til \u00e5 forhindre dugg p\u00e5 regnv\u00e6rsdager ved \u00e5 s\u00f8rge for luftsirkulasjon inne i kj\u00f8ret\u00f8yet. N\u00e5r vinduet er \u00e5pent, skjermer vindusavviserne f\u00f8reren mot direkte vindkast.<\/p>\n<p>&nbsp;<\/p>\n<p>Sidevindusdeflektorene reduserer ogs\u00e5 smussansamling p\u00e5 sidevinduene, noe som forbedrer sikten gjennom sidespeilene. Selv under kraftig regn eller sn\u00f8storm kan du holde vinduene litt \u00e5pne uten at det kommer vann eller sn\u00f8 inn i bilen. Forbedre b\u00e5de stilen og funksjonaliteten til lastebilen din. Enkel montering!<\/p>\n<p>&nbsp;<\/p>\n<p>Laget av UV-beskyttet svart ABS-plast, som er s\u00e5 lett som mulig \u00e5 lakkere. Produktene er laget for venstrestyrte lastebiler med en fordypning for sidespeilet p\u00e5 vindavviseren for h\u00f8yre side.  Vindavviserne monteres raskt og enkelt med den selvklebende teipen som f\u00f8lger med.<\/p>\n<p>&nbsp;<\/p>\n<p><span style=\"font-weight: bold;\">Merk! Sidevindusavviserne leveres i svart. Bilder i andre farger enn svart er mer for \u00e5 vise forskjellige alternativer n\u00e5r de er lakkert.<br \/>\n<\/span><\/p>\n<p>&nbsp;<\/p>\n<p><span style=\"font-weight: bold;\">Passer:<\/span><\/p>\n<ul>\n<li>Alle f\u00f8rerhus for Scania NextGen<\/li>\n<\/ul>\n<p>&nbsp;<\/p>\n<p><span style=\"font-weight: bold;\">Dimensjoner:<\/span><\/p>\n<ul>\n<li>Lengde: 83,5 cm<\/li>\n<li>H\u00f8yde: 23 cm<\/li>\n<li>Dybde: 1,5 cm<\/li>\n<li>Vekt: 335 g<\/li>\n<\/ul>\n<p>&nbsp;<\/p>\n<p>&nbsp;<\/p>\n<p><span style=\"font-weight: bold;\">Innhold i leveransen:<\/span><\/p>\n<ul>\n<li>Vindusavvisere (venstre og h\u00f8yre)<\/li>\n<li>N\u00f8dvendig monteringsutstyr<\/li>\n<\/ul>","protected":false},"excerpt":{"rendered":"<p><span style=\"font-weight: bold;\">Passer til alle f\u00f8rerhus i Scania NexGen-serien.<\/span><\/p>","protected":false},"featured_media":46730,"comment_status":"open","ping_status":"closed","template":"","meta":{"_improvement_type_select":"improve_an_existing","_thumb_yes_seoaic":false,"_frame_yes_seoaic":false,"seoaic_generate_description":"","seoaic_improve_instructions_prompt":"","seoaic_rollback_content_improvement":"","seoaic_idea_thumbnail_generator":"","thumbnail_generated":false,"thumbnail_generate_prompt":"","seoaic_article_description":""},"make_fuel_type":[],"make_model":[5614,5608,5620,5623,5624],"make_brand":[3744],"make_year":[3748],"pwb-brand":[8341],"product_brand":[],"product_cat":[7210,7212],"product_tag":[8488,8494],"class_list":{"0":"post-46733","1":"product","2":"type-product","3":"status-publish","4":"has-post-thumbnail","6":"make_engine-daycab-low-cg","7":"make_engine-daycab-low-cp","8":"make_engine-daycab-low-cr","9":"make_engine-daycab-normal-cg","10":"make_engine-daycab-normal-cp","11":"make_engine-daycab-normal-cr","12":"make_engine-scng-sleeper-cab","13":"make_engine-sleepercab-highline-cg","14":"make_engine-sleepercab-high-cp","15":"make_engine-sleepercab-highline-cr","16":"make_engine-sleepercab-highline-cs","17":"make_engine-sleepercab-low-cg","18":"make_engine-scng-sleeper-cab-low-cp20l","19":"make_engine-sleepercab-low-cr","20":"make_engine-sleepercab-normal-cg","21":"make_engine-sleepercab-normal-cp","22":"make_engine-sleepercab-normal-cr","23":"make_engine-sleepercab-normal-cs","24":"make_engine-low-cp20l","25":"make_model-nextgen-g-2017","26":"make_model-nextgen-p-2017","27":"make_model-nextgen-r-2017","28":"make_model-nextgen-s-2017","29":"make_model-nextgen-xt-2017","30":"make_brand-scania","31":"make_year-trucks","32":"pwb-brand-brand_truckstylesweden","33":"product_cat-sun-visors-and-wind-deflectors","34":"product_cat-window-wind-deflectors-for-trucks","35":"product_tag-scania","36":"product_tag-scania-nextgen","38":"first","39":"instock","40":"taxable","41":"shipping-taxable","42":"purchasable","43":"product-type-simple"},"yoast_head":"<!-- This site is optimized with the Yoast SEO plugin v25.7 - https:\/\/yoast.com\/wordpress\/plugins\/seo\/ -->\n<title>Side Window Deflectors Scania NextGen 2017- Black Axe (short) - RST-Steel<\/title>\n<meta name=\"description\" content=\"Side Window Deflectors Scania NextGen 2017- models. Made from UV protected black ABS-plastic, which is easy as possible to paint.\" \/>\n<meta name=\"robots\" content=\"index, follow, max-snippet:-1, max-image-preview:large, max-video-preview:-1\" \/>\n<link rel=\"canonical\" href=\"https:\/\/rst-steel.com\/nb\/produkt\/sidevindusavvisere-scania-nextgen-2017-black-axe-short_pr_10667\/\" \/>\n<meta property=\"og:locale\" content=\"nb_NO\" \/>\n<meta property=\"og:type\" content=\"article\" \/>\n<meta property=\"og:title\" content=\"Side Window Deflectors Scania NextGen 2017- Black Axe (short) - RST-Steel\" \/>\n<meta property=\"og:description\" content=\"Side Window Deflectors Scania NextGen 2017- models. Made from UV protected black ABS-plastic, which is easy as possible to paint.\" \/>\n<meta property=\"og:url\" content=\"https:\/\/rst-steel.com\/nb\/produkt\/sidevindusavvisere-scania-nextgen-2017-black-axe-short_pr_10667\/\" \/>\n<meta property=\"og:site_name\" content=\"RST-Steel\" \/>\n<meta property=\"article:publisher\" content=\"https:\/\/www.facebook.com\/rststeel\" \/>\n<meta property=\"article:modified_time\" content=\"2026-03-16T06:21:17+00:00\" \/>\n<meta property=\"og:image\" content=\"https:\/\/rst-steel.com\/wp-content\/uploads\/2024\/09\/44102f88f11da29d6e24c0f33816e4f529e5be79_SC801212.jpg\" \/>\n\t<meta property=\"og:image:width\" content=\"2048\" \/>\n\t<meta property=\"og:image:height\" content=\"2048\" \/>\n\t<meta property=\"og:image:type\" content=\"image\/jpeg\" \/>\n<meta name=\"twitter:card\" content=\"summary_large_image\" \/>\n<meta name=\"twitter:label1\" content=\"Ansl. lesetid\" \/>\n\t<meta name=\"twitter:data1\" content=\"2 minutter\" \/>\n<script type=\"application\/ld+json\" class=\"yoast-schema-graph\">{\"@context\":\"https:\/\/schema.org\",\"@graph\":[{\"@type\":\"WebPage\",\"@id\":\"https:\/\/rst-steel.com\/product\/side-window-deflectors-scania-nextgen-2017-black-axe-short_pr_10667\/\",\"url\":\"https:\/\/rst-steel.com\/product\/side-window-deflectors-scania-nextgen-2017-black-axe-short_pr_10667\/\",\"name\":\"Side Window Deflectors Scania NextGen 2017- Black Axe (short) - RST-Steel\",\"isPartOf\":{\"@id\":\"https:\/\/rst-steel.com\/#website\"},\"primaryImageOfPage\":{\"@id\":\"https:\/\/rst-steel.com\/product\/side-window-deflectors-scania-nextgen-2017-black-axe-short_pr_10667\/#primaryimage\"},\"image\":{\"@id\":\"https:\/\/rst-steel.com\/product\/side-window-deflectors-scania-nextgen-2017-black-axe-short_pr_10667\/#primaryimage\"},\"thumbnailUrl\":\"https:\/\/rst-steel.com\/wp-content\/uploads\/2024\/09\/44102f88f11da29d6e24c0f33816e4f529e5be79_SC801212.jpg\",\"datePublished\":\"2024-09-25T10:42:39+00:00\",\"dateModified\":\"2026-03-16T06:21:17+00:00\",\"description\":\"Side Window Deflectors Scania NextGen 2017- models. Made from UV protected black ABS-plastic, which is easy as possible to paint.\",\"breadcrumb\":{\"@id\":\"https:\/\/rst-steel.com\/product\/side-window-deflectors-scania-nextgen-2017-black-axe-short_pr_10667\/#breadcrumb\"},\"inLanguage\":\"nb-NO\",\"potentialAction\":[{\"@type\":\"ReadAction\",\"target\":[\"https:\/\/rst-steel.com\/product\/side-window-deflectors-scania-nextgen-2017-black-axe-short_pr_10667\/\"]}]},{\"@type\":\"ImageObject\",\"inLanguage\":\"nb-NO\",\"@id\":\"https:\/\/rst-steel.com\/product\/side-window-deflectors-scania-nextgen-2017-black-axe-short_pr_10667\/#primaryimage\",\"url\":\"https:\/\/rst-steel.com\/wp-content\/uploads\/2024\/09\/44102f88f11da29d6e24c0f33816e4f529e5be79_SC801212.jpg\",\"contentUrl\":\"https:\/\/rst-steel.com\/wp-content\/uploads\/2024\/09\/44102f88f11da29d6e24c0f33816e4f529e5be79_SC801212.jpg\",\"width\":2048,\"height\":2048,\"caption\":\"Side Window Deflectors Scania NextGen 2017- Black Axe (short)\"},{\"@type\":\"BreadcrumbList\",\"@id\":\"https:\/\/rst-steel.com\/product\/side-window-deflectors-scania-nextgen-2017-black-axe-short_pr_10667\/#breadcrumb\",\"itemListElement\":[{\"@type\":\"ListItem\",\"position\":1,\"name\":\"Home\",\"item\":\"https:\/\/rst-steel.com\/\"},{\"@type\":\"ListItem\",\"position\":2,\"name\":\"RST-Steel Shop\",\"item\":\"https:\/\/rst-steel.com\/shop\/\"},{\"@type\":\"ListItem\",\"position\":3,\"name\":\"Side Window Deflectors Scania NextGen 2017- Black Axe (short)\"}]},{\"@type\":\"WebSite\",\"@id\":\"https:\/\/rst-steel.com\/#website\",\"url\":\"https:\/\/rst-steel.com\/\",\"name\":\"RST-Steel.com\",\"description\":\"Finnish quality steel, for quality-conscious drivers\",\"publisher\":{\"@id\":\"https:\/\/rst-steel.com\/#organization\"},\"alternateName\":\"Safe and stylish RST-Steel quality\",\"potentialAction\":[{\"@type\":\"SearchAction\",\"target\":{\"@type\":\"EntryPoint\",\"urlTemplate\":\"https:\/\/rst-steel.com\/?s={search_term_string}\"},\"query-input\":{\"@type\":\"PropertyValueSpecification\",\"valueRequired\":true,\"valueName\":\"search_term_string\"}}],\"inLanguage\":\"nb-NO\"},{\"@type\":\"Organization\",\"@id\":\"https:\/\/rst-steel.com\/#organization\",\"name\":\"RST-Steel Oy\",\"url\":\"https:\/\/rst-steel.com\/\",\"logo\":{\"@type\":\"ImageObject\",\"inLanguage\":\"nb-NO\",\"@id\":\"https:\/\/rst-steel.com\/#\/schema\/logo\/image\/\",\"url\":\"https:\/\/rst-steel.com\/wp-content\/uploads\/2023\/04\/cropped-Rst-logo-valkoinen-teksti-3.png\",\"contentUrl\":\"https:\/\/rst-steel.com\/wp-content\/uploads\/2023\/04\/cropped-Rst-logo-valkoinen-teksti-3.png\",\"width\":512,\"height\":115,\"caption\":\"RST-Steel Oy\"},\"image\":{\"@id\":\"https:\/\/rst-steel.com\/#\/schema\/logo\/image\/\"},\"sameAs\":[\"https:\/\/www.facebook.com\/rststeel\",\"https:\/\/www.instagram.com\/rststeeloy\/\"]}]}<\/script>\n<!-- \/ Yoast SEO plugin. -->","yoast_head_json":{"title":"Sidevindusavvisere Scania NextGen 2017- Black Axe (kort) - RST-Steel","description":"Sidevindusavvisere Scania NextGen 2017- modeller. Laget av UV-beskyttet svart ABS-plast, som er s\u00e5 lett som mulig \u00e5 lakkere.","robots":{"index":"index","follow":"follow","max-snippet":"max-snippet:-1","max-image-preview":"max-image-preview:large","max-video-preview":"max-video-preview:-1"},"canonical":"https:\/\/rst-steel.com\/nb\/produkt\/sidevindusavvisere-scania-nextgen-2017-black-axe-short_pr_10667\/","og_locale":"nb_NO","og_type":"article","og_title":"Side Window Deflectors Scania NextGen 2017- Black Axe (short) - RST-Steel","og_description":"Side Window Deflectors Scania NextGen 2017- models. Made from UV protected black ABS-plastic, which is easy as possible to paint.","og_url":"https:\/\/rst-steel.com\/nb\/produkt\/sidevindusavvisere-scania-nextgen-2017-black-axe-short_pr_10667\/","og_site_name":"RST-Steel","article_publisher":"https:\/\/www.facebook.com\/rststeel","article_modified_time":"2026-03-16T06:21:17+00:00","og_image":[{"width":2048,"height":2048,"url":"https:\/\/rst-steel.com\/wp-content\/uploads\/2024\/09\/44102f88f11da29d6e24c0f33816e4f529e5be79_SC801212.jpg","type":"image\/jpeg"}],"twitter_card":"summary_large_image","twitter_misc":{"Ansl. lesetid":"2 minutter"},"schema":{"@context":"https:\/\/schema.org","@graph":[{"@type":"WebPage","@id":"https:\/\/rst-steel.com\/product\/side-window-deflectors-scania-nextgen-2017-black-axe-short_pr_10667\/","url":"https:\/\/rst-steel.com\/product\/side-window-deflectors-scania-nextgen-2017-black-axe-short_pr_10667\/","name":"Sidevindusavvisere Scania NextGen 2017- Black Axe (kort) - RST-Steel","isPartOf":{"@id":"https:\/\/rst-steel.com\/#website"},"primaryImageOfPage":{"@id":"https:\/\/rst-steel.com\/product\/side-window-deflectors-scania-nextgen-2017-black-axe-short_pr_10667\/#primaryimage"},"image":{"@id":"https:\/\/rst-steel.com\/product\/side-window-deflectors-scania-nextgen-2017-black-axe-short_pr_10667\/#primaryimage"},"thumbnailUrl":"https:\/\/rst-steel.com\/wp-content\/uploads\/2024\/09\/44102f88f11da29d6e24c0f33816e4f529e5be79_SC801212.jpg","datePublished":"2024-09-25T10:42:39+00:00","dateModified":"2026-03-16T06:21:17+00:00","description":"Sidevindusavvisere Scania NextGen 2017- modeller. Laget av UV-beskyttet svart ABS-plast, som er s\u00e5 lett som mulig \u00e5 lakkere.","breadcrumb":{"@id":"https:\/\/rst-steel.com\/product\/side-window-deflectors-scania-nextgen-2017-black-axe-short_pr_10667\/#breadcrumb"},"inLanguage":"nb-NO","potentialAction":[{"@type":"ReadAction","target":["https:\/\/rst-steel.com\/product\/side-window-deflectors-scania-nextgen-2017-black-axe-short_pr_10667\/"]}]},{"@type":"ImageObject","inLanguage":"nb-NO","@id":"https:\/\/rst-steel.com\/product\/side-window-deflectors-scania-nextgen-2017-black-axe-short_pr_10667\/#primaryimage","url":"https:\/\/rst-steel.com\/wp-content\/uploads\/2024\/09\/44102f88f11da29d6e24c0f33816e4f529e5be79_SC801212.jpg","contentUrl":"https:\/\/rst-steel.com\/wp-content\/uploads\/2024\/09\/44102f88f11da29d6e24c0f33816e4f529e5be79_SC801212.jpg","width":2048,"height":2048,"caption":"Side Window Deflectors Scania NextGen 2017- Black Axe (short)"},{"@type":"BreadcrumbList","@id":"https:\/\/rst-steel.com\/product\/side-window-deflectors-scania-nextgen-2017-black-axe-short_pr_10667\/#breadcrumb","itemListElement":[{"@type":"ListItem","position":1,"name":"Home","item":"https:\/\/rst-steel.com\/"},{"@type":"ListItem","position":2,"name":"RST-Steel Shop","item":"https:\/\/rst-steel.com\/shop\/"},{"@type":"ListItem","position":3,"name":"Side Window Deflectors Scania NextGen 2017- Black Axe (short)"}]},{"@type":"WebSite","@id":"https:\/\/rst-steel.com\/#website","url":"https:\/\/rst-steel.com\/","name":"RST-Steel.com","description":"Finsk kvalitetsst\u00e5l, for kvalitetsbevisste sj\u00e5f\u00f8rer","publisher":{"@id":"https:\/\/rst-steel.com\/#organization"},"alternateName":"Safe and stylish RST-Steel quality","potentialAction":[{"@type":"SearchAction","target":{"@type":"EntryPoint","urlTemplate":"https:\/\/rst-steel.com\/?s={search_term_string}"},"query-input":{"@type":"PropertyValueSpecification","valueRequired":true,"valueName":"search_term_string"}}],"inLanguage":"nb-NO"},{"@type":"Organization","@id":"https:\/\/rst-steel.com\/#organization","name":"RST-Steel Oy","url":"https:\/\/rst-steel.com\/","logo":{"@type":"ImageObject","inLanguage":"nb-NO","@id":"https:\/\/rst-steel.com\/#\/schema\/logo\/image\/","url":"https:\/\/rst-steel.com\/wp-content\/uploads\/2023\/04\/cropped-Rst-logo-valkoinen-teksti-3.png","contentUrl":"https:\/\/rst-steel.com\/wp-content\/uploads\/2023\/04\/cropped-Rst-logo-valkoinen-teksti-3.png","width":512,"height":115,"caption":"RST-Steel Oy"},"image":{"@id":"https:\/\/rst-steel.com\/#\/schema\/logo\/image\/"},"sameAs":["https:\/\/www.facebook.com\/rststeel","https:\/\/www.instagram.com\/rststeeloy\/"]}]}},"brands":[{"id":8341,"name":"TruckStyle Sweden","slug":"brand_truckstylesweden"}],"_links":{"self":[{"href":"https:\/\/rst-steel.com\/nb\/wp-json\/wp\/v2\/product\/46733","targetHints":{"allow":["GET"]}}],"collection":[{"href":"https:\/\/rst-steel.com\/nb\/wp-json\/wp\/v2\/product"}],"about":[{"href":"https:\/\/rst-steel.com\/nb\/wp-json\/wp\/v2\/types\/product"}],"replies":[{"embeddable":true,"href":"https:\/\/rst-steel.com\/nb\/wp-json\/wp\/v2\/comments?post=46733"}],"version-history":[{"count":0,"href":"https:\/\/rst-steel.com\/nb\/wp-json\/wp\/v2\/product\/46733\/revisions"}],"wp:featuredmedia":[{"embeddable":true,"href":"https:\/\/rst-steel.com\/nb\/wp-json\/wp\/v2\/media\/46730"}],"wp:attachment":[{"href":"https:\/\/rst-steel.com\/nb\/wp-json\/wp\/v2\/media?parent=46733"}],"wp:term":[{"taxonomy":"make_fuel_type","embeddable":true,"href":"https:\/\/rst-steel.com\/nb\/wp-json\/wp\/v2\/make_fuel_type?post=46733"},{"taxonomy":"make_model","embeddable":true,"href":"https:\/\/rst-steel.com\/nb\/wp-json\/wp\/v2\/make_model?post=46733"},{"taxonomy":"make_brand","embeddable":true,"href":"https:\/\/rst-steel.com\/nb\/wp-json\/wp\/v2\/make_brand?post=46733"},{"taxonomy":"make_year","embeddable":true,"href":"https:\/\/rst-steel.com\/nb\/wp-json\/wp\/v2\/make_year?post=46733"},{"taxonomy":"pwb-brand","embeddable":true,"href":"https:\/\/rst-steel.com\/nb\/wp-json\/wp\/v2\/pwb-brand?post=46733"},{"taxonomy":"product_brand","embeddable":true,"href":"https:\/\/rst-steel.com\/nb\/wp-json\/wp\/v2\/product_brand?post=46733"},{"taxonomy":"product_cat","embeddable":true,"href":"https:\/\/rst-steel.com\/nb\/wp-json\/wp\/v2\/product_cat?post=46733"},{"taxonomy":"product_tag","embeddable":true,"href":"https:\/\/rst-steel.com\/nb\/wp-json\/wp\/v2\/product_tag?post=46733"}],"curies":[{"name":"wp","href":"https:\/\/api.w.org\/{rel}","templated":true}]}}