{"id":48306,"date":"2024-11-11T12:35:44","date_gmt":"2024-11-11T09:35:44","guid":{"rendered":"https:\/\/rst-steel.com\/product\/purelux-9200-auxiliary-light_pr_77288\/"},"modified":"2026-03-16T09:16:21","modified_gmt":"2026-03-16T06:16:21","slug":"purelux-9200-hjelpelys_pr_77288","status":"publish","type":"product","link":"https:\/\/rst-steel.com\/nb\/produkt\/purelux-9200-hjelpelys_pr_77288\/","title":{"rendered":"Auxiliary light Purelux 9200"},"content":{"rendered":"<p>Purelux 9200 - Ekstra lys<\/p>\n<ul>\n<li>&nbsp;<\/li>\n<\/ul>\n<p>En rund ekstralys som representerer den absolutte toppen i sin st\u00f8rrelsesklasse. Toppfunksjonene inkluderer bl.a. Purelux PowerBoost\u00ae-teknologi, eksepsjonelt flott kombinasjonslys og tofarget (oransje og hvitt) parkeringslys! M\u00e5lt lysutbytte 10487 lm, m\u00e5lt rekkevidde 551 m ved 1 lux.<\/p>\n<ul>\n<li>&nbsp;<\/li>\n<\/ul>\n<p>Purelux 9200 er en h\u00f8ytytende rund 9\u2033 ekstralys som ligger i toppen av sin st\u00f8rrelseskategori b\u00e5de n\u00e5r det gjelder lysutbytte og andre toppfunksjoner. Denne lykten er for eksempel utstyrt med et tofarget parkeringslys (hvitt og oransje), en n\u00f8ytral fargetemperatur p\u00e5 5000K og to forskjellige str\u00f8mmoduser, som du kan veksle mellom ved \u00e5 trykke p\u00e5 en knapp! Lyset kan byttes til en mer moderat effektmodus som er godkjent for veitrafikk, eller til PowerBoost\u00ae-modus, som fjerner begrensningene og frigj\u00f8r hele det m\u00e5lte lysutbyttet p\u00e5 10487 lumen. Kraftige lysdioder kombinert med avansert linse- og reflektorteknologi skaper en kombinert lysstr\u00e5le av h\u00f8y kvalitet, noe som gj\u00f8r at effekten til 9200 er nok til \u00e5 lyse opp veistrekningen foran deg p\u00e5 opptil 551 meter (m\u00e5lt, 1 @ lux), samtidig som reflektorene retter lyset jevnt fra side til side av veien.<\/p>\n<ul>\n<li>&nbsp;<\/li>\n<\/ul>\n<p>I motsetning til mange andre runde ekstralys er lysstr\u00e5len p\u00e5 9200 bredere enn vanlig, og lyset spres fra den sterke, sideveis brede hovedstr\u00e5len jevnt over hele veibredden. I h\u00f8yderetningen er lyskeglen mykt avgrenset, slik at str\u00f8lyset ikke un\u00f8dig slipper ut mot himmelen eller fokuserer forstyrrende p\u00e5 veien foran. Derfor skaper ikke 9200 en lysende lyskule foran kj\u00f8ret\u00f8yet som forstyrrer f\u00f8rerens evne til \u00e5 se. Takket v\u00e6re den utmerkede lyskeglen trenger ikke 9200 flere lykter med bredere eller smalere lysbilde, og med to (eller flere) 9200-lykter kan selv den bredeste veistrekningen belyses p\u00e5 en slik m\u00e5te at dyr som kommer opp fra gr\u00f8fta og inn p\u00e5 veibanen, kan oppdages i god tid. Med to eller flere lyskastere kan lyskasterne ogs\u00e5 rettes enten parallelt (maksimerer bredden) eller opp\u00e5 hverandre (maksimerer avstanden), slik at lyset kan rettes n\u00f8yaktig dit det trengs mest.<\/p>\n<ul>\n<li>&nbsp;<\/li>\n<\/ul>\n<p>P\u00e5 grunn av st\u00f8rrelsen passer 9200 perfekt b\u00e5de i st\u00f8rre kj\u00f8ret\u00f8y og som en del av utstyret til tunge kj\u00f8ret\u00f8y, og takket v\u00e6re det enorme lysutbyttet og PowerBoost\u00ae-funksjonen er den ogs\u00e5 godt egnet for offroad-kj\u00f8ret\u00f8y, som kj\u00f8res p\u00e5 de uopplyste terrengl\u00f8ypene i nord, disiplinert av m\u00f8rket som sluker alt lyset rundt. Knappen for \u00e5 endre str\u00f8mmodus er plassert lett tilgjengelig p\u00e5 baksiden av lykten, og den fungerer som en mekanisk bryter, noe som betyr at den sist brukte innstillingen alltid forblir i lyktens minne.<\/p>\n<p>For \u00e5 maksimere synligheten er 9200 utstyrt med en n\u00f8ytral fargetemperatur p\u00e5 5000 Kelvin, som er optimalisert spesielt for veitrafikk. Den n\u00f8ytrale fargetemperaturen gj\u00f8r det lettere \u00e5 observere f.eks. terrengformer og mulige hindringer, dyr og trafikkskilt, og den reflekterer ikke lys tilbake i f\u00f8rerens \u00f8yne fra naturens hvite sn\u00f8dekke eller falske farger i omgivelsene. I tillegg fungerer den n\u00f8ytrale fargetemperaturen bedre enn kj\u00f8lige toner under d\u00e5rlige v\u00e6rforhold, som t\u00e5ke og regn, og den bidrar til \u00e5 holde \u00f8ynene skarpe i det tilsynelatende endel\u00f8se m\u00f8rket. Fargetemperaturen p\u00e5 5000K passer fint til nyere biler med standard LED- eller Xenon-lys, og gir \u00f8nsket lysstyrke og skarphet selv sammen med de egne lysene p\u00e5 eldre biler utstyrt med halogenlys.<\/p>\n<p>Utseendet til 9200 er moderne, og den moderne m\u00f8rke optikken og den svarte profilen gir en stilig og imponerende installasjon. Det oransje eller hvite parkeringslyset som g\u00e5r gjennom midten av lykten, og den rammel\u00f8se linsen som forhindrer opphopning av sn\u00f8 og is, gir lykten et flott utseende uansett om den er p\u00e5 eller av. I tillegg til det stilige utseendet er 9200 ogs\u00e5 sv\u00e6rt slitesterk, noe som blant annet bekreftes av en praktisk talt uknuselig polykarbonatlinse, et hus av pulverlakkert og UV-beskyttet aluminium og den h\u00f8yest mulige tetthetsgraden (IP68\/IP69K), som gj\u00f8r lampen sv\u00e6rt motstandsdyktig mot v\u00e6r og vind og korrosjon \u00e5ret rundt, og UV-beskyttelsen gj\u00f8r at huset ikke falmer.<\/p>\n<p>I motsetning til mange andre runde ekstralys er 9200 betydelig tynnere i dybderetningen, noe som gj\u00f8r det enkelt \u00e5 montere lykten, f.eks. p\u00e5 st\u00f8tfangere som er vanskelige \u00e5 forme. I tillegg er lyktens monteringsben plassert rett under lykten, dvs. at det ikke \u00f8ker monteringsbredden, noe som gj\u00f8r det mulig \u00e5 montere lyktene helt ved siden av hverandre om n\u00f8dvendig. Installasjonen forenkles av det solide monteringsbenet som f\u00f8lger med lykten, DTP-kontakten som allerede er p\u00e5 plass i str\u00f8mledningen, og de ferdige plusskablene fra str\u00f8mledningen til parkeringslysene. Det brede driftsspenningsomr\u00e5det (9-36 V) muliggj\u00f8r installasjon i b\u00e5de 12 V- og 24 V-systemer. Lampen er beskyttet mot radiost\u00f8y i henhold til ECE R10-standarden. To \u00e5rs (24 m\u00e5neder) garanti!<\/p>\n<ul>\n<li>&nbsp;<\/li>\n<\/ul>\n<p><span style=\"font-weight: bold\">Innhold i leveransen<\/span><\/p>\n<ul>\n<li>Purelux 9200<\/li>\n<li>Montering av ben<\/li>\n<li>Str\u00f8mledning med DTP-2-kontakt<\/li>\n<li>Tilkoblings- og installasjonsinstruksjoner (EN\/FI\/SE\/NO\/DK)<\/li>\n<li>&nbsp;<\/li>\n<\/ul>\n<p><span style=\"font-weight: bold\">Technical information<\/span><\/p>\n<ul>\n<li>LED: 6 x 20W + 8 x 10W<\/li>\n<li>Driftsspenning: 9-36 V (likestr\u00f8m)<\/li>\n<li>Referansenummer: 30<\/li>\n<li>Beregnet effekt: 200 W<\/li>\n<li>M\u00e5lt str\u00f8mforbruk<\/li>\n<li>Purelux PowerBoost\u00ae: 14,75A VED 12V \/ 6,41A VED 24V<\/li>\n<li>Veimodus: 4,33A @ 12V \/ 2,125A @ 24V<\/li>\n<li>M\u00e5lt effekt<\/li>\n<li>Purelux PowerBoost\u00ae: 177 W @ 12V \/ 154 W @ 24V<\/li>\n<li>Veimodus: 52 W VED 12 V \/ 51 W VED 24 V<\/li>\n<li>Lyseffekt oppgitt av produsenten: 14600 lm (Purelux PowerBoost\u00ae)<\/li>\n<li>M\u00e5lt: 10487 lm (Purelux PowerBoost\u00ae)<\/li>\n<li>M\u00e5lt: 4116 lm (trafikkforhold)<\/li>\n<li>Rekkevidde oppgitt av produsenten: 552 m ved 1 lux (Purelux PowerBoost\u00ae) \/ 376 m ved 1 lux (veitrafikkmodus)<\/li>\n<li>M\u00e5lt: 551 m ved 1 lux \/ 1102 m ved 0,25 lux (Purelux PowerBoost\u2122)<\/li>\n<li>M\u00e5lt: 344 m ved 1 lux \/ 688 m ved 0,25 lux (trafikkmodus)<\/li>\n<li>Fargetemperatur oppgitt av produsenten: 5000 K<\/li>\n<li>M\u00e5lt: 5313 K<\/li>\n<li>Montering: Monteringsben<\/li>\n<li>Kontakt: DTP-2<\/li>\n<li>Parkeringslysene + ledninger er separate<\/li>\n<li>Kabellengde: ca. 50 cm<\/li>\n<li>Dimensjoner: 222 x 216 x 62 mm (bredde x h\u00f8yde x dybde)<\/li>\n<li>H\u00f8yde med monteringsfot: 230 mm<\/li>\n<li>Vekt: 2000 g<\/li>\n<li>IP-klassifisering: IP68\/IP69K<\/li>\n<li>Godkjenninger: ECE R7, R10, R112*<\/li>\n<li>*Godkjenning for veitrafikk gjelder ikke for Purelux PowerBoost\u00ae-modus<\/li>\n<li>Annet: Lyset har en ferdig plass for stabilisator<\/li>\n<li>Garanti: 24 m\u00e5neder<\/li>\n<\/ul>","protected":false},"excerpt":{"rendered":"<p><span style=\"font-weight: bold\">En rund ekstralys som representerer den absolutte toppen i sin st\u00f8rrelsesklasse.<\/span><\/p>","protected":false},"featured_media":48302,"comment_status":"open","ping_status":"closed","template":"","meta":{"_improvement_type_select":"improve_an_existing","_thumb_yes_seoaic":false,"_frame_yes_seoaic":false,"seoaic_generate_description":"","seoaic_improve_instructions_prompt":"","seoaic_rollback_content_improvement":"","seoaic_idea_thumbnail_generator":"","thumbnail_generated":false,"thumbnail_generate_prompt":"","seoaic_article_description":""},"make_fuel_type":[],"make_model":[],"make_brand":[],"make_year":[],"pwb-brand":[8333],"product_brand":[],"product_cat":[6195,6209,7373],"product_tag":[8498,7551,8489],"class_list":{"0":"post-48306","1":"product","2":"type-product","3":"status-publish","4":"has-post-thumbnail","6":"pwb-brand-brand_purelux","7":"product_cat-lamps","8":"product_cat-auxiliary-lights","9":"product_cat-rstcom-purelux","10":"product_tag-auxiliary-light","11":"product_tag-extraljus","12":"product_tag-purelux","14":"first","15":"onbackorder","16":"taxable","17":"shipping-taxable","18":"purchasable","19":"product-type-simple"},"yoast_head":"<!-- This site is optimized with the Yoast SEO plugin v25.7 - https:\/\/yoast.com\/wordpress\/plugins\/seo\/ -->\n<title>Auxiliary light Purelux 9200 - RST-Steel<\/title>\n<meta name=\"description\" content=\"Purelux 9200 is a powerful round auxiliary light with Purelux PowerBoost\u00ae technology, a wide combination beam, and a two-color parking light (orange\/white).\" \/>\n<meta name=\"robots\" content=\"index, follow, max-snippet:-1, max-image-preview:large, max-video-preview:-1\" \/>\n<link rel=\"canonical\" href=\"https:\/\/rst-steel.com\/nb\/produkt\/purelux-9200-hjelpelys_pr_77288\/\" \/>\n<meta property=\"og:locale\" content=\"nb_NO\" \/>\n<meta property=\"og:type\" content=\"article\" \/>\n<meta property=\"og:title\" content=\"Auxiliary light Purelux 9200 - RST-Steel\" \/>\n<meta property=\"og:description\" content=\"Purelux 9200 is a powerful round auxiliary light with Purelux PowerBoost\u00ae technology, a wide combination beam, and a two-color parking light (orange\/white).\" \/>\n<meta property=\"og:url\" content=\"https:\/\/rst-steel.com\/nb\/produkt\/purelux-9200-hjelpelys_pr_77288\/\" \/>\n<meta property=\"og:site_name\" content=\"RST-Steel\" \/>\n<meta property=\"article:publisher\" content=\"https:\/\/www.facebook.com\/rststeel\" \/>\n<meta property=\"article:modified_time\" content=\"2026-03-16T06:16:21+00:00\" \/>\n<meta property=\"og:image\" content=\"https:\/\/rst-steel.com\/wp-content\/uploads\/2024\/11\/0181e8e4ba05f58dac7a829db6ae26c933676b57_purelux_9200_1.jpg\" \/>\n\t<meta property=\"og:image:width\" content=\"2048\" \/>\n\t<meta property=\"og:image:height\" content=\"2048\" \/>\n\t<meta property=\"og:image:type\" content=\"image\/jpeg\" \/>\n<meta name=\"twitter:card\" content=\"summary_large_image\" \/>\n<meta name=\"twitter:label1\" content=\"Ansl. lesetid\" \/>\n\t<meta name=\"twitter:data1\" content=\"5 minutter\" \/>\n<script type=\"application\/ld+json\" class=\"yoast-schema-graph\">{\"@context\":\"https:\/\/schema.org\",\"@graph\":[{\"@type\":\"WebPage\",\"@id\":\"https:\/\/rst-steel.com\/product\/purelux-9200-pyorea-lisavalo_pr_77288\/\",\"url\":\"https:\/\/rst-steel.com\/product\/purelux-9200-pyorea-lisavalo_pr_77288\/\",\"name\":\"Auxiliary light Purelux 9200 - RST-Steel\",\"isPartOf\":{\"@id\":\"https:\/\/rst-steel.com\/#website\"},\"primaryImageOfPage\":{\"@id\":\"https:\/\/rst-steel.com\/product\/purelux-9200-pyorea-lisavalo_pr_77288\/#primaryimage\"},\"image\":{\"@id\":\"https:\/\/rst-steel.com\/product\/purelux-9200-pyorea-lisavalo_pr_77288\/#primaryimage\"},\"thumbnailUrl\":\"https:\/\/rst-steel.com\/wp-content\/uploads\/2024\/11\/0181e8e4ba05f58dac7a829db6ae26c933676b57_purelux_9200_1.jpg\",\"datePublished\":\"2024-11-11T09:35:44+00:00\",\"dateModified\":\"2026-03-16T06:16:21+00:00\",\"description\":\"Purelux 9200 is a powerful round auxiliary light with Purelux PowerBoost\u00ae technology, a wide combination beam, and a two-color parking light (orange\/white).\",\"breadcrumb\":{\"@id\":\"https:\/\/rst-steel.com\/product\/purelux-9200-pyorea-lisavalo_pr_77288\/#breadcrumb\"},\"inLanguage\":\"nb-NO\",\"potentialAction\":[{\"@type\":\"ReadAction\",\"target\":[\"https:\/\/rst-steel.com\/product\/purelux-9200-pyorea-lisavalo_pr_77288\/\"]}]},{\"@type\":\"ImageObject\",\"inLanguage\":\"nb-NO\",\"@id\":\"https:\/\/rst-steel.com\/product\/purelux-9200-pyorea-lisavalo_pr_77288\/#primaryimage\",\"url\":\"https:\/\/rst-steel.com\/wp-content\/uploads\/2024\/11\/0181e8e4ba05f58dac7a829db6ae26c933676b57_purelux_9200_1.jpg\",\"contentUrl\":\"https:\/\/rst-steel.com\/wp-content\/uploads\/2024\/11\/0181e8e4ba05f58dac7a829db6ae26c933676b57_purelux_9200_1.jpg\",\"width\":2048,\"height\":2048,\"caption\":\"Purelux 9200 - Auxiliary Light\"},{\"@type\":\"BreadcrumbList\",\"@id\":\"https:\/\/rst-steel.com\/product\/purelux-9200-pyorea-lisavalo_pr_77288\/#breadcrumb\",\"itemListElement\":[{\"@type\":\"ListItem\",\"position\":1,\"name\":\"Home\",\"item\":\"https:\/\/rst-steel.com\/\"},{\"@type\":\"ListItem\",\"position\":2,\"name\":\"RST-Steel Shop\",\"item\":\"https:\/\/rst-steel.com\/shop\/\"},{\"@type\":\"ListItem\",\"position\":3,\"name\":\"Auxiliary light Purelux 9200\"}]},{\"@type\":\"WebSite\",\"@id\":\"https:\/\/rst-steel.com\/#website\",\"url\":\"https:\/\/rst-steel.com\/\",\"name\":\"RST-Steel.com\",\"description\":\"Finnish quality steel, for quality-conscious drivers\",\"publisher\":{\"@id\":\"https:\/\/rst-steel.com\/#organization\"},\"alternateName\":\"Safe and stylish RST-Steel quality\",\"potentialAction\":[{\"@type\":\"SearchAction\",\"target\":{\"@type\":\"EntryPoint\",\"urlTemplate\":\"https:\/\/rst-steel.com\/?s={search_term_string}\"},\"query-input\":{\"@type\":\"PropertyValueSpecification\",\"valueRequired\":true,\"valueName\":\"search_term_string\"}}],\"inLanguage\":\"nb-NO\"},{\"@type\":\"Organization\",\"@id\":\"https:\/\/rst-steel.com\/#organization\",\"name\":\"RST-Steel Oy\",\"url\":\"https:\/\/rst-steel.com\/\",\"logo\":{\"@type\":\"ImageObject\",\"inLanguage\":\"nb-NO\",\"@id\":\"https:\/\/rst-steel.com\/#\/schema\/logo\/image\/\",\"url\":\"https:\/\/rst-steel.com\/wp-content\/uploads\/2023\/04\/cropped-Rst-logo-valkoinen-teksti-3.png\",\"contentUrl\":\"https:\/\/rst-steel.com\/wp-content\/uploads\/2023\/04\/cropped-Rst-logo-valkoinen-teksti-3.png\",\"width\":512,\"height\":115,\"caption\":\"RST-Steel Oy\"},\"image\":{\"@id\":\"https:\/\/rst-steel.com\/#\/schema\/logo\/image\/\"},\"sameAs\":[\"https:\/\/www.facebook.com\/rststeel\",\"https:\/\/www.instagram.com\/rststeeloy\/\"]}]}<\/script>\n<!-- \/ Yoast SEO plugin. -->","yoast_head_json":{"title":"Auxiliary light Purelux 9200 - RST-Steel","description":"Purelux 9200 er et kraftig, rundt ekstralys med Purelux PowerBoost\u00ae-teknologi, en bred kombinasjonsstr\u00e5le og et tofarget parkeringslys (oransje\/hvitt).","robots":{"index":"index","follow":"follow","max-snippet":"max-snippet:-1","max-image-preview":"max-image-preview:large","max-video-preview":"max-video-preview:-1"},"canonical":"https:\/\/rst-steel.com\/nb\/produkt\/purelux-9200-hjelpelys_pr_77288\/","og_locale":"nb_NO","og_type":"article","og_title":"Auxiliary light Purelux 9200 - RST-Steel","og_description":"Purelux 9200 is a powerful round auxiliary light with Purelux PowerBoost\u00ae technology, a wide combination beam, and a two-color parking light (orange\/white).","og_url":"https:\/\/rst-steel.com\/nb\/produkt\/purelux-9200-hjelpelys_pr_77288\/","og_site_name":"RST-Steel","article_publisher":"https:\/\/www.facebook.com\/rststeel","article_modified_time":"2026-03-16T06:16:21+00:00","og_image":[{"width":2048,"height":2048,"url":"https:\/\/rst-steel.com\/wp-content\/uploads\/2024\/11\/0181e8e4ba05f58dac7a829db6ae26c933676b57_purelux_9200_1.jpg","type":"image\/jpeg"}],"twitter_card":"summary_large_image","twitter_misc":{"Ansl. lesetid":"5 minutter"},"schema":{"@context":"https:\/\/schema.org","@graph":[{"@type":"WebPage","@id":"https:\/\/rst-steel.com\/product\/purelux-9200-pyorea-lisavalo_pr_77288\/","url":"https:\/\/rst-steel.com\/product\/purelux-9200-pyorea-lisavalo_pr_77288\/","name":"Auxiliary light Purelux 9200 - RST-Steel","isPartOf":{"@id":"https:\/\/rst-steel.com\/#website"},"primaryImageOfPage":{"@id":"https:\/\/rst-steel.com\/product\/purelux-9200-pyorea-lisavalo_pr_77288\/#primaryimage"},"image":{"@id":"https:\/\/rst-steel.com\/product\/purelux-9200-pyorea-lisavalo_pr_77288\/#primaryimage"},"thumbnailUrl":"https:\/\/rst-steel.com\/wp-content\/uploads\/2024\/11\/0181e8e4ba05f58dac7a829db6ae26c933676b57_purelux_9200_1.jpg","datePublished":"2024-11-11T09:35:44+00:00","dateModified":"2026-03-16T06:16:21+00:00","description":"Purelux 9200 er et kraftig, rundt ekstralys med Purelux PowerBoost\u00ae-teknologi, en bred kombinasjonsstr\u00e5le og et tofarget parkeringslys (oransje\/hvitt).","breadcrumb":{"@id":"https:\/\/rst-steel.com\/product\/purelux-9200-pyorea-lisavalo_pr_77288\/#breadcrumb"},"inLanguage":"nb-NO","potentialAction":[{"@type":"ReadAction","target":["https:\/\/rst-steel.com\/product\/purelux-9200-pyorea-lisavalo_pr_77288\/"]}]},{"@type":"ImageObject","inLanguage":"nb-NO","@id":"https:\/\/rst-steel.com\/product\/purelux-9200-pyorea-lisavalo_pr_77288\/#primaryimage","url":"https:\/\/rst-steel.com\/wp-content\/uploads\/2024\/11\/0181e8e4ba05f58dac7a829db6ae26c933676b57_purelux_9200_1.jpg","contentUrl":"https:\/\/rst-steel.com\/wp-content\/uploads\/2024\/11\/0181e8e4ba05f58dac7a829db6ae26c933676b57_purelux_9200_1.jpg","width":2048,"height":2048,"caption":"Purelux 9200 - Auxiliary Light"},{"@type":"BreadcrumbList","@id":"https:\/\/rst-steel.com\/product\/purelux-9200-pyorea-lisavalo_pr_77288\/#breadcrumb","itemListElement":[{"@type":"ListItem","position":1,"name":"Home","item":"https:\/\/rst-steel.com\/"},{"@type":"ListItem","position":2,"name":"RST-Steel Shop","item":"https:\/\/rst-steel.com\/shop\/"},{"@type":"ListItem","position":3,"name":"Auxiliary light Purelux 9200"}]},{"@type":"WebSite","@id":"https:\/\/rst-steel.com\/#website","url":"https:\/\/rst-steel.com\/","name":"RST-Steel.com","description":"Finsk kvalitetsst\u00e5l, for kvalitetsbevisste sj\u00e5f\u00f8rer","publisher":{"@id":"https:\/\/rst-steel.com\/#organization"},"alternateName":"Safe and stylish RST-Steel quality","potentialAction":[{"@type":"SearchAction","target":{"@type":"EntryPoint","urlTemplate":"https:\/\/rst-steel.com\/?s={search_term_string}"},"query-input":{"@type":"PropertyValueSpecification","valueRequired":true,"valueName":"search_term_string"}}],"inLanguage":"nb-NO"},{"@type":"Organization","@id":"https:\/\/rst-steel.com\/#organization","name":"RST-Steel Oy","url":"https:\/\/rst-steel.com\/","logo":{"@type":"ImageObject","inLanguage":"nb-NO","@id":"https:\/\/rst-steel.com\/#\/schema\/logo\/image\/","url":"https:\/\/rst-steel.com\/wp-content\/uploads\/2023\/04\/cropped-Rst-logo-valkoinen-teksti-3.png","contentUrl":"https:\/\/rst-steel.com\/wp-content\/uploads\/2023\/04\/cropped-Rst-logo-valkoinen-teksti-3.png","width":512,"height":115,"caption":"RST-Steel Oy"},"image":{"@id":"https:\/\/rst-steel.com\/#\/schema\/logo\/image\/"},"sameAs":["https:\/\/www.facebook.com\/rststeel","https:\/\/www.instagram.com\/rststeeloy\/"]}]}},"brands":[{"id":8333,"name":"Purelux","slug":"brand_purelux"}],"_links":{"self":[{"href":"https:\/\/rst-steel.com\/nb\/wp-json\/wp\/v2\/product\/48306","targetHints":{"allow":["GET"]}}],"collection":[{"href":"https:\/\/rst-steel.com\/nb\/wp-json\/wp\/v2\/product"}],"about":[{"href":"https:\/\/rst-steel.com\/nb\/wp-json\/wp\/v2\/types\/product"}],"replies":[{"embeddable":true,"href":"https:\/\/rst-steel.com\/nb\/wp-json\/wp\/v2\/comments?post=48306"}],"version-history":[{"count":0,"href":"https:\/\/rst-steel.com\/nb\/wp-json\/wp\/v2\/product\/48306\/revisions"}],"wp:featuredmedia":[{"embeddable":true,"href":"https:\/\/rst-steel.com\/nb\/wp-json\/wp\/v2\/media\/48302"}],"wp:attachment":[{"href":"https:\/\/rst-steel.com\/nb\/wp-json\/wp\/v2\/media?parent=48306"}],"wp:term":[{"taxonomy":"make_fuel_type","embeddable":true,"href":"https:\/\/rst-steel.com\/nb\/wp-json\/wp\/v2\/make_fuel_type?post=48306"},{"taxonomy":"make_model","embeddable":true,"href":"https:\/\/rst-steel.com\/nb\/wp-json\/wp\/v2\/make_model?post=48306"},{"taxonomy":"make_brand","embeddable":true,"href":"https:\/\/rst-steel.com\/nb\/wp-json\/wp\/v2\/make_brand?post=48306"},{"taxonomy":"make_year","embeddable":true,"href":"https:\/\/rst-steel.com\/nb\/wp-json\/wp\/v2\/make_year?post=48306"},{"taxonomy":"pwb-brand","embeddable":true,"href":"https:\/\/rst-steel.com\/nb\/wp-json\/wp\/v2\/pwb-brand?post=48306"},{"taxonomy":"product_brand","embeddable":true,"href":"https:\/\/rst-steel.com\/nb\/wp-json\/wp\/v2\/product_brand?post=48306"},{"taxonomy":"product_cat","embeddable":true,"href":"https:\/\/rst-steel.com\/nb\/wp-json\/wp\/v2\/product_cat?post=48306"},{"taxonomy":"product_tag","embeddable":true,"href":"https:\/\/rst-steel.com\/nb\/wp-json\/wp\/v2\/product_tag?post=48306"}],"curies":[{"name":"wp","href":"https:\/\/api.w.org\/{rel}","templated":true}]}}