{"id":50920,"date":"2025-03-20T12:56:52","date_gmt":"2025-03-20T09:56:52","guid":{"rendered":"https:\/\/rst-steel.com\/product\/ozz-xr3-p9-65_prm_76276\/"},"modified":"2026-03-16T09:19:26","modified_gmt":"2026-03-16T06:19:26","slug":"driving-light-ozz-xr3-p9-65_prm_76276","status":"publish","type":"product","link":"https:\/\/rst-steel.com\/nb\/produkt\/driving-light-ozz-xr3-p9-65_prm_76276\/","title":{"rendered":"Driving Light OZZ XR3 P9&#8243; 65"},"content":{"rendered":"<p>OZZ XR3 P9\u2033 65<\/p>\n<ul>\n<li><\/li>\n<\/ul>\n<p><\/p>\n<p><span style=\"font-weight: bold\">Kraftig XR3-kj\u00f8relys - forbedret ytelse og nye funksjoner!<\/span><\/p>\n<ul>\n<li><\/li>\n<\/ul>\n<p><\/p>\n<p>Fjernlysets fjernlys gir en bred og kraftig lysfordeling, noe som gj\u00f8r det til et utmerket valg for allsidige kj\u00f8reforhold. I tillegg gj\u00f8r E-Boost-funksjonen det mulig \u00e5 \u00f8ke lyseffekten til opptil 10 424 lumen.<\/p>\n<ul>\n<li><\/li>\n<\/ul>\n<p><\/p>\n<p><span style=\"font-weight: bold\">XR3 - oppgradert fra XR2 for enda bedre ytelse!<\/span><\/p>\n<ul>\n<li><span style=\"font-weight: bold\"><br \/><\/span><\/li>\n<\/ul>\n<p><span style=\"font-weight: bold\"><br \/><\/span><\/p>\n<p>Den nye XR3-modellen introduserer flere forbedringer i forhold til den forrige XR2-modellen. For det f\u00f8rste har effekten \u00f8kt fra 130W til 135W, og lysutbyttet er justert. Mens XR2 oppn\u00e5dde 10 600 lumen med boost-modus, leverer XR3 n\u00e5 10 424 lumen.<\/p>\n<p>I tillegg har lysrekkevidden blitt utvidet - der den forrige modellen n\u00e5dde 454 meter (680 meter med boost-modus), n\u00e5r XR3 n\u00e5 480 meter (735 meter med boost-modus).<\/p>\n<p>Den viktigste oppgraderingen er imidlertid den integrerte varsellysfunksjonen, som ikke var tilgjengelig i den forrige modellen. Andre viktige funksjoner, som fargetemperatur p\u00e5 5000K, referansenummer 50 og et dynamisk parkeringslys i gult eller hvitt, forblir uendret.<\/p>\n<ul>\n<li><span style=\"font-weight: bold\"><br \/><\/span><\/li>\n<\/ul>\n<p><span style=\"font-weight: bold\"><br \/><\/span><\/p>\n<p><span style=\"font-weight: bold\">Tekniske spesifikasjoner:<\/span><\/p>\n<ul>\n<li>Spenning: 10-35V<\/li>\n<li>Effekt: 135 W<\/li>\n<li>Dimensjoner: 220 mm \/ 85 mm \/ 227 mm<\/li>\n<li>Fargetemperatur: 5000K<\/li>\n<li>Kontakt: 6-pinners DT-kontakt<\/li>\n<li>IP-klasse: IP69K<\/li>\n<li>Husmateriale: Aluminium<\/li>\n<li>Materiale linse: Polykarbonat<\/li>\n<li>Referansenummer: 50<\/li>\n<li>Rekkevidde (1 lux @): 480 m (735 m med E-Boost)<\/li>\n<li>Vekt: 2,8 kg<\/li>\n<li>Sertifiseringer: ECE R65, ECE R10, ECE R7, ECE R112<\/li>\n<li><\/li>\n<\/ul>\n<p><\/p>\n<p><span style=\"font-weight: bold\">Lyseffekt:<\/span><\/p>\n<ul>\n<li>M\u00e5lte lumen: 7010 Lm<\/li>\n<li>E-Boost: 10 424 lm<\/li>\n<\/ul>","protected":false},"excerpt":{"rendered":"<p><span style=\"font-weight: bold\">Kraftig XR3-kj\u00f8relys - forbedret ytelse og nye funksjoner!<\/span><\/p>","protected":false},"featured_media":50917,"comment_status":"open","ping_status":"closed","template":"","meta":{"_improvement_type_select":"improve_an_existing","_thumb_yes_seoaic":false,"_frame_yes_seoaic":false,"seoaic_generate_description":"","seoaic_improve_instructions_prompt":"","seoaic_rollback_content_improvement":"","seoaic_idea_thumbnail_generator":"","thumbnail_generated":false,"thumbnail_generate_prompt":"","seoaic_article_description":""},"make_fuel_type":[],"make_model":[],"make_brand":[],"make_year":[],"pwb-brand":[8337],"product_brand":[],"product_cat":[8223,6195,6209],"product_tag":[8498,8495],"class_list":{"0":"post-50920","1":"product","2":"type-product","3":"status-publish","4":"has-post-thumbnail","6":"pwb-brand-brand_ozz","7":"product_cat-rstozz","8":"product_cat-lamps","9":"product_cat-auxiliary-lights","10":"product_tag-auxiliary-light","11":"product_tag-ozz","13":"first","14":"instock","15":"taxable","16":"shipping-taxable","17":"purchasable","18":"product-type-variable"},"yoast_head":"<!-- This site is optimized with the Yoast SEO plugin v25.7 - https:\/\/yoast.com\/wordpress\/plugins\/seo\/ -->\n<title>Driving Light OZZ XR3 P9&quot; 65 - RST-Steel<\/title>\n<meta name=\"description\" content=\"Powerful OZZ XR3 P9&quot; 65 Driving Light \u2013 Enhanced Performance &amp; New Features! The new XR3 model introduces several improvements over the previous XR2 model.\" \/>\n<meta name=\"robots\" content=\"index, follow, max-snippet:-1, max-image-preview:large, max-video-preview:-1\" \/>\n<link rel=\"canonical\" href=\"https:\/\/rst-steel.com\/nb\/produkt\/driving-light-ozz-xr3-p9-65_prm_76276\/\" \/>\n<meta property=\"og:locale\" content=\"nb_NO\" \/>\n<meta property=\"og:type\" content=\"article\" \/>\n<meta property=\"og:title\" content=\"Driving Light OZZ XR3 P9&quot; 65 - RST-Steel\" \/>\n<meta property=\"og:description\" content=\"Powerful OZZ XR3 P9&quot; 65 Driving Light \u2013 Enhanced Performance &amp; New Features! The new XR3 model introduces several improvements over the previous XR2 model.\" \/>\n<meta property=\"og:url\" content=\"https:\/\/rst-steel.com\/nb\/produkt\/driving-light-ozz-xr3-p9-65_prm_76276\/\" \/>\n<meta property=\"og:site_name\" content=\"RST-Steel\" \/>\n<meta property=\"article:publisher\" content=\"https:\/\/www.facebook.com\/rststeel\" \/>\n<meta property=\"article:modified_time\" content=\"2026-03-16T06:19:26+00:00\" \/>\n<meta property=\"og:image\" content=\"https:\/\/rst-steel.com\/wp-content\/uploads\/2025\/03\/0be280f06f89504972509d67928ab519e6fd9e58_Lis__valo_88107.jpg\" \/>\n\t<meta property=\"og:image:width\" content=\"600\" \/>\n\t<meta property=\"og:image:height\" content=\"600\" \/>\n\t<meta property=\"og:image:type\" content=\"image\/jpeg\" \/>\n<meta name=\"twitter:card\" content=\"summary_large_image\" \/>\n<meta name=\"twitter:label1\" content=\"Ansl. lesetid\" \/>\n\t<meta name=\"twitter:data1\" content=\"2 minutter\" \/>\n<script type=\"application\/ld+json\" class=\"yoast-schema-graph\">{\"@context\":\"https:\/\/schema.org\",\"@graph\":[{\"@type\":\"WebPage\",\"@id\":\"https:\/\/rst-steel.com\/product\/driving-light-ozz-xr3-p9-65_prm_76276\/\",\"url\":\"https:\/\/rst-steel.com\/product\/driving-light-ozz-xr3-p9-65_prm_76276\/\",\"name\":\"Driving Light OZZ XR3 P9\\\" 65 - RST-Steel\",\"isPartOf\":{\"@id\":\"https:\/\/rst-steel.com\/#website\"},\"primaryImageOfPage\":{\"@id\":\"https:\/\/rst-steel.com\/product\/driving-light-ozz-xr3-p9-65_prm_76276\/#primaryimage\"},\"image\":{\"@id\":\"https:\/\/rst-steel.com\/product\/driving-light-ozz-xr3-p9-65_prm_76276\/#primaryimage\"},\"thumbnailUrl\":\"https:\/\/rst-steel.com\/wp-content\/uploads\/2025\/03\/0be280f06f89504972509d67928ab519e6fd9e58_Lis__valo_88107.jpg\",\"datePublished\":\"2025-03-20T09:56:52+00:00\",\"dateModified\":\"2026-03-16T06:19:26+00:00\",\"description\":\"Powerful OZZ XR3 P9\\\" 65 Driving Light \u2013 Enhanced Performance & New Features! The new XR3 model introduces several improvements over the previous XR2 model.\",\"breadcrumb\":{\"@id\":\"https:\/\/rst-steel.com\/product\/driving-light-ozz-xr3-p9-65_prm_76276\/#breadcrumb\"},\"inLanguage\":\"nb-NO\",\"potentialAction\":[{\"@type\":\"ReadAction\",\"target\":[\"https:\/\/rst-steel.com\/product\/driving-light-ozz-xr3-p9-65_prm_76276\/\"]}]},{\"@type\":\"ImageObject\",\"inLanguage\":\"nb-NO\",\"@id\":\"https:\/\/rst-steel.com\/product\/driving-light-ozz-xr3-p9-65_prm_76276\/#primaryimage\",\"url\":\"https:\/\/rst-steel.com\/wp-content\/uploads\/2025\/03\/0be280f06f89504972509d67928ab519e6fd9e58_Lis__valo_88107.jpg\",\"contentUrl\":\"https:\/\/rst-steel.com\/wp-content\/uploads\/2025\/03\/0be280f06f89504972509d67928ab519e6fd9e58_Lis__valo_88107.jpg\",\"width\":600,\"height\":600},{\"@type\":\"BreadcrumbList\",\"@id\":\"https:\/\/rst-steel.com\/product\/driving-light-ozz-xr3-p9-65_prm_76276\/#breadcrumb\",\"itemListElement\":[{\"@type\":\"ListItem\",\"position\":1,\"name\":\"Home\",\"item\":\"https:\/\/rst-steel.com\/\"},{\"@type\":\"ListItem\",\"position\":2,\"name\":\"RST-Steel Shop\",\"item\":\"https:\/\/rst-steel.com\/shop\/\"},{\"@type\":\"ListItem\",\"position\":3,\"name\":\"Driving Light OZZ XR3 P9&#8243; 65\"}]},{\"@type\":\"WebSite\",\"@id\":\"https:\/\/rst-steel.com\/#website\",\"url\":\"https:\/\/rst-steel.com\/\",\"name\":\"RST-Steel.com\",\"description\":\"Finnish quality steel, for quality-conscious drivers\",\"publisher\":{\"@id\":\"https:\/\/rst-steel.com\/#organization\"},\"alternateName\":\"Safe and stylish RST-Steel quality\",\"potentialAction\":[{\"@type\":\"SearchAction\",\"target\":{\"@type\":\"EntryPoint\",\"urlTemplate\":\"https:\/\/rst-steel.com\/?s={search_term_string}\"},\"query-input\":{\"@type\":\"PropertyValueSpecification\",\"valueRequired\":true,\"valueName\":\"search_term_string\"}}],\"inLanguage\":\"nb-NO\"},{\"@type\":\"Organization\",\"@id\":\"https:\/\/rst-steel.com\/#organization\",\"name\":\"RST-Steel Oy\",\"url\":\"https:\/\/rst-steel.com\/\",\"logo\":{\"@type\":\"ImageObject\",\"inLanguage\":\"nb-NO\",\"@id\":\"https:\/\/rst-steel.com\/#\/schema\/logo\/image\/\",\"url\":\"https:\/\/rst-steel.com\/wp-content\/uploads\/2023\/04\/cropped-Rst-logo-valkoinen-teksti-3.png\",\"contentUrl\":\"https:\/\/rst-steel.com\/wp-content\/uploads\/2023\/04\/cropped-Rst-logo-valkoinen-teksti-3.png\",\"width\":512,\"height\":115,\"caption\":\"RST-Steel Oy\"},\"image\":{\"@id\":\"https:\/\/rst-steel.com\/#\/schema\/logo\/image\/\"},\"sameAs\":[\"https:\/\/www.facebook.com\/rststeel\",\"https:\/\/www.instagram.com\/rststeeloy\/\"]}]}<\/script>\n<!-- \/ Yoast SEO plugin. -->","yoast_head_json":{"title":"Driving Light OZZ XR3 P9\" 65 - RST-Steel","description":"Kraftig OZZ XR3 P9\" 65 kj\u00f8relys - Forbedret ytelse og nye funksjoner! Den nye XR3-modellen introduserer flere forbedringer i forhold til den tidligere XR2-modellen.","robots":{"index":"index","follow":"follow","max-snippet":"max-snippet:-1","max-image-preview":"max-image-preview:large","max-video-preview":"max-video-preview:-1"},"canonical":"https:\/\/rst-steel.com\/nb\/produkt\/driving-light-ozz-xr3-p9-65_prm_76276\/","og_locale":"nb_NO","og_type":"article","og_title":"Driving Light OZZ XR3 P9\" 65 - RST-Steel","og_description":"Powerful OZZ XR3 P9\" 65 Driving Light \u2013 Enhanced Performance & New Features! The new XR3 model introduces several improvements over the previous XR2 model.","og_url":"https:\/\/rst-steel.com\/nb\/produkt\/driving-light-ozz-xr3-p9-65_prm_76276\/","og_site_name":"RST-Steel","article_publisher":"https:\/\/www.facebook.com\/rststeel","article_modified_time":"2026-03-16T06:19:26+00:00","og_image":[{"width":600,"height":600,"url":"https:\/\/rst-steel.com\/wp-content\/uploads\/2025\/03\/0be280f06f89504972509d67928ab519e6fd9e58_Lis__valo_88107.jpg","type":"image\/jpeg"}],"twitter_card":"summary_large_image","twitter_misc":{"Ansl. lesetid":"2 minutter"},"schema":{"@context":"https:\/\/schema.org","@graph":[{"@type":"WebPage","@id":"https:\/\/rst-steel.com\/product\/driving-light-ozz-xr3-p9-65_prm_76276\/","url":"https:\/\/rst-steel.com\/product\/driving-light-ozz-xr3-p9-65_prm_76276\/","name":"Driving Light OZZ XR3 P9\" 65 - RST-Steel","isPartOf":{"@id":"https:\/\/rst-steel.com\/#website"},"primaryImageOfPage":{"@id":"https:\/\/rst-steel.com\/product\/driving-light-ozz-xr3-p9-65_prm_76276\/#primaryimage"},"image":{"@id":"https:\/\/rst-steel.com\/product\/driving-light-ozz-xr3-p9-65_prm_76276\/#primaryimage"},"thumbnailUrl":"https:\/\/rst-steel.com\/wp-content\/uploads\/2025\/03\/0be280f06f89504972509d67928ab519e6fd9e58_Lis__valo_88107.jpg","datePublished":"2025-03-20T09:56:52+00:00","dateModified":"2026-03-16T06:19:26+00:00","description":"Kraftig OZZ XR3 P9\" 65 kj\u00f8relys - Forbedret ytelse og nye funksjoner! Den nye XR3-modellen introduserer flere forbedringer i forhold til den tidligere XR2-modellen.","breadcrumb":{"@id":"https:\/\/rst-steel.com\/product\/driving-light-ozz-xr3-p9-65_prm_76276\/#breadcrumb"},"inLanguage":"nb-NO","potentialAction":[{"@type":"ReadAction","target":["https:\/\/rst-steel.com\/product\/driving-light-ozz-xr3-p9-65_prm_76276\/"]}]},{"@type":"ImageObject","inLanguage":"nb-NO","@id":"https:\/\/rst-steel.com\/product\/driving-light-ozz-xr3-p9-65_prm_76276\/#primaryimage","url":"https:\/\/rst-steel.com\/wp-content\/uploads\/2025\/03\/0be280f06f89504972509d67928ab519e6fd9e58_Lis__valo_88107.jpg","contentUrl":"https:\/\/rst-steel.com\/wp-content\/uploads\/2025\/03\/0be280f06f89504972509d67928ab519e6fd9e58_Lis__valo_88107.jpg","width":600,"height":600},{"@type":"BreadcrumbList","@id":"https:\/\/rst-steel.com\/product\/driving-light-ozz-xr3-p9-65_prm_76276\/#breadcrumb","itemListElement":[{"@type":"ListItem","position":1,"name":"Home","item":"https:\/\/rst-steel.com\/"},{"@type":"ListItem","position":2,"name":"RST-Steel Shop","item":"https:\/\/rst-steel.com\/shop\/"},{"@type":"ListItem","position":3,"name":"Driving Light OZZ XR3 P9&#8243; 65"}]},{"@type":"WebSite","@id":"https:\/\/rst-steel.com\/#website","url":"https:\/\/rst-steel.com\/","name":"RST-Steel.com","description":"Finsk kvalitetsst\u00e5l, for kvalitetsbevisste sj\u00e5f\u00f8rer","publisher":{"@id":"https:\/\/rst-steel.com\/#organization"},"alternateName":"Safe and stylish RST-Steel quality","potentialAction":[{"@type":"SearchAction","target":{"@type":"EntryPoint","urlTemplate":"https:\/\/rst-steel.com\/?s={search_term_string}"},"query-input":{"@type":"PropertyValueSpecification","valueRequired":true,"valueName":"search_term_string"}}],"inLanguage":"nb-NO"},{"@type":"Organization","@id":"https:\/\/rst-steel.com\/#organization","name":"RST-Steel Oy","url":"https:\/\/rst-steel.com\/","logo":{"@type":"ImageObject","inLanguage":"nb-NO","@id":"https:\/\/rst-steel.com\/#\/schema\/logo\/image\/","url":"https:\/\/rst-steel.com\/wp-content\/uploads\/2023\/04\/cropped-Rst-logo-valkoinen-teksti-3.png","contentUrl":"https:\/\/rst-steel.com\/wp-content\/uploads\/2023\/04\/cropped-Rst-logo-valkoinen-teksti-3.png","width":512,"height":115,"caption":"RST-Steel Oy"},"image":{"@id":"https:\/\/rst-steel.com\/#\/schema\/logo\/image\/"},"sameAs":["https:\/\/www.facebook.com\/rststeel","https:\/\/www.instagram.com\/rststeeloy\/"]}]}},"brands":[{"id":8337,"name":"OZZ","slug":"brand_ozz"}],"_links":{"self":[{"href":"https:\/\/rst-steel.com\/nb\/wp-json\/wp\/v2\/product\/50920","targetHints":{"allow":["GET"]}}],"collection":[{"href":"https:\/\/rst-steel.com\/nb\/wp-json\/wp\/v2\/product"}],"about":[{"href":"https:\/\/rst-steel.com\/nb\/wp-json\/wp\/v2\/types\/product"}],"replies":[{"embeddable":true,"href":"https:\/\/rst-steel.com\/nb\/wp-json\/wp\/v2\/comments?post=50920"}],"version-history":[{"count":0,"href":"https:\/\/rst-steel.com\/nb\/wp-json\/wp\/v2\/product\/50920\/revisions"}],"wp:featuredmedia":[{"embeddable":true,"href":"https:\/\/rst-steel.com\/nb\/wp-json\/wp\/v2\/media\/50917"}],"wp:attachment":[{"href":"https:\/\/rst-steel.com\/nb\/wp-json\/wp\/v2\/media?parent=50920"}],"wp:term":[{"taxonomy":"make_fuel_type","embeddable":true,"href":"https:\/\/rst-steel.com\/nb\/wp-json\/wp\/v2\/make_fuel_type?post=50920"},{"taxonomy":"make_model","embeddable":true,"href":"https:\/\/rst-steel.com\/nb\/wp-json\/wp\/v2\/make_model?post=50920"},{"taxonomy":"make_brand","embeddable":true,"href":"https:\/\/rst-steel.com\/nb\/wp-json\/wp\/v2\/make_brand?post=50920"},{"taxonomy":"make_year","embeddable":true,"href":"https:\/\/rst-steel.com\/nb\/wp-json\/wp\/v2\/make_year?post=50920"},{"taxonomy":"pwb-brand","embeddable":true,"href":"https:\/\/rst-steel.com\/nb\/wp-json\/wp\/v2\/pwb-brand?post=50920"},{"taxonomy":"product_brand","embeddable":true,"href":"https:\/\/rst-steel.com\/nb\/wp-json\/wp\/v2\/product_brand?post=50920"},{"taxonomy":"product_cat","embeddable":true,"href":"https:\/\/rst-steel.com\/nb\/wp-json\/wp\/v2\/product_cat?post=50920"},{"taxonomy":"product_tag","embeddable":true,"href":"https:\/\/rst-steel.com\/nb\/wp-json\/wp\/v2\/product_tag?post=50920"}],"curies":[{"name":"wp","href":"https:\/\/api.w.org\/{rel}","templated":true}]}}