{"id":52710,"date":"2025-06-27T08:39:57","date_gmt":"2025-06-27T05:39:57","guid":{"rendered":"https:\/\/rst-steel.com\/product\/karjapuskuri-freeway-volvo-fh-aero-2024-_prm_77612\/"},"modified":"2026-03-16T09:20:07","modified_gmt":"2026-03-16T06:20:07","slug":"bullbar-freeway-v57-volvo-fh-aero-legalpro_prm_77612","status":"publish","type":"product","link":"https:\/\/rst-steel.com\/nb\/produkt\/bullbar-freeway-v57-volvo-fh-aero-legalpro_prm_77612\/","title":{"rendered":"Bullbar  Freeway V57 Volvo FH Aero (LegalPro)"},"content":{"rendered":"<p><span style=\"font-weight: bold\">Bullbar&nbsp; Freeway V57 Volvo FH Aero (LegalPro)<\/span><\/p>\n<ul>\n<li>&nbsp;<\/li>\n<\/ul>\n<p><strong>This bullbar have received official road approval and may be used legally in all EU countries as well as Norway.<\/strong><\/p>\n<ul>\n<li>&nbsp;<\/li>\n<\/ul>\n<p><span style=\"font-weight: bold\">Egenskaper:<\/span><\/p>\n<ul>\n<li><span style=\"font-weight: bold\">Compatibility:<\/span> Perfect fit for Volvo FH Aero.<\/li>\n<li><strong>Towability:<\/strong> Truck can be easily towed using our specially developed towing loops, which are revealed when the bull bar is placed in service position(towing loops needs to be purchased separately. Product code <a href=\"https:\/\/rst-steel.com\/nb\/produkt\/towing-loops-for-volvo-aero-bull-bar_prm_76166\/\">31221<\/a>)<\/li>\n<li><span style=\"font-weight: bold\">Holdbarhet:<\/span> Produsert av h\u00f8ykvalitets rustfritt st\u00e5l som er designet for \u00e5 t\u00e5le selv de t\u00f8ffeste forholdene.<\/li>\n<li><span style=\"font-weight: bold\">Enkel installasjon:<\/span> Leveres med installasjonsinstruksjoner og monteringsutstyr, slik at du selv kan montere st\u00f8tfangeren hvis \u00f8nskelig.<\/li>\n<li><strong>Stylish Design:<\/strong> Gir lastebilen din et moderne og dynamisk utseende. Den slanke designen med polert eller lakkert st\u00e5loverflate f\u00e5r lastebilen til \u00e5 skille seg ut og se imponerende ut.<\/li>\n<li><strong>Maksimal beskyttelse:<\/strong> The bull bar provides effective protection for the front of your vehicle, safeguarding it from collisions and damage. This reduces the risk of repairs and keeps your truck performing at its best for years to come.<\/li>\n<li><strong>Kompatibel med ACC, AEB, Lane Keeping Assist osv.<\/strong><\/li>\n<li>&nbsp;<\/li>\n<\/ul>\n<p><span style=\"font-weight: bold\">Hva betyr en veigodkjent bullbar?<\/span><\/p>\n<p>En veigodkjent bullbar betyr at produktet er fullt godkjent for veitrafikk i Europa og Norge, og at det kan forbli montert p\u00e5 kj\u00f8ret\u00f8yet under periodisk kontroll.<\/p>\n<p>RST-Steel bull bars are premium-quality products manufactured in Finland from stainless steel and carrying the Key Flag Symbol.<\/p>\n<p>The bull bar protects the front of the vehicle in potential collision situations. It gives the truck a bold and stylish appearance, attracts attention, and may even spark \u201csteel fever,\u201d helping you and your company stand out in a positive way.<\/p>\n<p>Vehicle front grille can be opened and cabin tilted with the bull bar in place.<\/p>\n<p>The bull bar can be equipped with auxiliary lights and marker lights to improve visibility in traffic, while increasing safety for both you and other road users.<\/p>\n<ul>\n<li>&nbsp;<\/li>\n<\/ul>\n<p><strong>The bull bar is designed for quick and easy removal, making maintenance fast and efficient.<\/strong><\/p>\n<ul>\n<li>&nbsp;<\/li>\n<\/ul>\n<p><strong>Hvorfor velge RST-Steel?<\/strong><\/p>\n<ul>\n<li><strong>Laget in Finalnd<\/strong>&nbsp;Alle v\u00e5re produkter produseres i v\u00e5rt eget produksjonsanlegg i Nivala, Finland.<\/li>\n<li><strong>Reliability:<\/strong> Years of experience and expertise ensure the high quality and durability of our products.<\/li>\n<li><strong>Kundetilfredshet:<\/strong>&nbsp;Tusenvis av forn\u00f8yde kunder over hele verden stoler p\u00e5 RST-Steel-produkter.<\/li>\n<li>&nbsp;<\/li>\n<\/ul>\n<p><strong>Teknisk informasjon:<\/strong><\/p>\n<ul>\n<li><strong>Farge:<\/strong> Polished stainless steel or Powdercoated with RAL colors<\/li>\n<li><strong>Net:<\/strong> On the front side of bullbar<\/li>\n<li><strong>Pipes diameters:<\/strong> 76 mm \/ 60 mm<\/li>\n<li><strong>Pipes material:<\/strong> AISI 304<\/li>\n<li><strong>Lamp holders:<\/strong> 6pcs welded lamp holders for 9&#8221; round lamps, or for example 2x 40cm Lightbars or 1x 80cm Lightbar<\/li>\n<li><strong>Wiring kit holder:<\/strong> Behind the vertical beam is holder for the RST-Steel&#8217;s wiring kit<\/li>\n<li><strong>Wiring kit connector holder: <\/strong>Welded holder in bracket for wiring kit connector.<\/li>\n<li><strong>Weight:<\/strong> 50kg<\/li>\n<li><strong>Warranty:<\/strong> 1 year<\/li>\n<li>&nbsp;<\/li>\n<\/ul>\n<p><a href=\"https:\/\/www.youtube.com\/watch?v=G2FVajPh-pM\"><strong>VIDEO AV INSTALLASJON AV BULLBAR-KABELSETT FINNES HER!<\/strong><\/a><\/p>\n<p><strong>Innhold i leveransen:<\/strong><\/p>\n<ul>\n<li>Frontbeskytter<\/li>\n<li>Festemidler som kreves for installasjon<\/li>\n<li>Installasjonsinstruksjoner<\/li>\n<li>&nbsp;<\/li>\n<\/ul>\n<p><strong>Installasjonstid:<\/strong><\/p>\n<ul>\n<li>&nbsp;45 minutter uten de elektriske tilkoblingene<\/li>\n<\/ul>","protected":false},"excerpt":{"rendered":"<p>Beskytt lastebilen din p\u00e5 best mulig m\u00e5te!<\/p>\n<p><\/p>","protected":false},"featured_media":53105,"comment_status":"open","ping_status":"closed","template":"","meta":{"_improvement_type_select":"improve_an_existing","_thumb_yes_seoaic":false,"_frame_yes_seoaic":false,"seoaic_generate_description":"","seoaic_improve_instructions_prompt":"","seoaic_rollback_content_improvement":"","seoaic_idea_thumbnail_generator":"","thumbnail_generated":false,"thumbnail_generate_prompt":"","seoaic_article_description":""},"make_fuel_type":[],"make_model":[6966],"make_brand":[3745],"make_year":[3748],"pwb-brand":[8334],"product_brand":[],"product_cat":[6280,7158],"product_tag":[8487,6683],"class_list":{"0":"post-52710","1":"product","2":"type-product","3":"status-publish","4":"has-post-thumbnail","6":"make_engine-normal-cab","7":"make_engine-globetrotter","8":"make_engine-globetrotter-xl-cab","9":"make_model-fh-aero","10":"make_brand-volvo","11":"make_year-trucks","12":"pwb-brand-brand_rststeel","13":"product_cat-bullbars","14":"product_cat-volvo-ka-kk","15":"product_tag-bullbar-freeway","16":"product_tag-frontskydd","17":"product_shipping_class-bullbars","19":"first","20":"instock","21":"taxable","22":"shipping-taxable","23":"purchasable","24":"product-type-variable"},"yoast_head":"<!-- This site is optimized with the Yoast SEO plugin v25.7 - https:\/\/yoast.com\/wordpress\/plugins\/seo\/ -->\n<title>Bullbar Freeway V57 Volvo FH Aero (LegalPro)<\/title>\n<meta name=\"description\" content=\"This high-quality bull bar is designed to provide maximum protection and durability, while also adding a touch of elegance and prestige to your vehicle.\" \/>\n<meta name=\"robots\" content=\"index, follow, max-snippet:-1, max-image-preview:large, max-video-preview:-1\" \/>\n<link rel=\"canonical\" href=\"https:\/\/rst-steel.com\/nb\/produkt\/bullbar-freeway-v57-volvo-fh-aero-legalpro_prm_77612\/\" \/>\n<meta property=\"og:locale\" content=\"nb_NO\" \/>\n<meta property=\"og:type\" content=\"article\" \/>\n<meta property=\"og:title\" content=\"Bullbar Freeway V57 Volvo FH Aero (LegalPro)\" \/>\n<meta property=\"og:description\" content=\"This high-quality bull bar is designed to provide maximum protection and durability, while also adding a touch of elegance and prestige to your vehicle.\" \/>\n<meta property=\"og:url\" content=\"https:\/\/rst-steel.com\/nb\/produkt\/bullbar-freeway-v57-volvo-fh-aero-legalpro_prm_77612\/\" \/>\n<meta property=\"og:site_name\" content=\"RST-Steel\" \/>\n<meta property=\"article:publisher\" content=\"https:\/\/www.facebook.com\/rststeel\" \/>\n<meta property=\"article:modified_time\" content=\"2026-03-16T06:20:07+00:00\" \/>\n<meta property=\"og:image\" content=\"https:\/\/rst-steel.com\/wp-content\/uploads\/2025\/09\/ffbd940a93891a3db8a45efc54a089b362d2cbb8_VO0157JM_web.jpg\" \/>\n\t<meta property=\"og:image:width\" content=\"1000\" \/>\n\t<meta property=\"og:image:height\" content=\"750\" \/>\n\t<meta property=\"og:image:type\" content=\"image\/jpeg\" \/>\n<meta name=\"twitter:card\" content=\"summary_large_image\" \/>\n<meta name=\"twitter:label1\" content=\"Ansl. lesetid\" \/>\n\t<meta name=\"twitter:data1\" content=\"3 minutter\" \/>\n<script type=\"application\/ld+json\" class=\"yoast-schema-graph\">{\"@context\":\"https:\/\/schema.org\",\"@graph\":[{\"@type\":\"WebPage\",\"@id\":\"https:\/\/rst-steel.com\/product\/bullbar-freeway-v57-volvo-fh-aero-legalpro_prm_77612\/\",\"url\":\"https:\/\/rst-steel.com\/product\/bullbar-freeway-v57-volvo-fh-aero-legalpro_prm_77612\/\",\"name\":\"Bullbar Freeway V57 Volvo FH Aero (LegalPro)\",\"isPartOf\":{\"@id\":\"https:\/\/rst-steel.com\/#website\"},\"primaryImageOfPage\":{\"@id\":\"https:\/\/rst-steel.com\/product\/bullbar-freeway-v57-volvo-fh-aero-legalpro_prm_77612\/#primaryimage\"},\"image\":{\"@id\":\"https:\/\/rst-steel.com\/product\/bullbar-freeway-v57-volvo-fh-aero-legalpro_prm_77612\/#primaryimage\"},\"thumbnailUrl\":\"https:\/\/rst-steel.com\/wp-content\/uploads\/2025\/09\/ffbd940a93891a3db8a45efc54a089b362d2cbb8_VO0157JM_web.jpg\",\"datePublished\":\"2025-06-27T05:39:57+00:00\",\"dateModified\":\"2026-03-16T06:20:07+00:00\",\"description\":\"This high-quality bull bar is designed to provide maximum protection and durability, while also adding a touch of elegance and prestige to your vehicle.\",\"breadcrumb\":{\"@id\":\"https:\/\/rst-steel.com\/product\/bullbar-freeway-v57-volvo-fh-aero-legalpro_prm_77612\/#breadcrumb\"},\"inLanguage\":\"nb-NO\",\"potentialAction\":[{\"@type\":\"ReadAction\",\"target\":[\"https:\/\/rst-steel.com\/product\/bullbar-freeway-v57-volvo-fh-aero-legalpro_prm_77612\/\"]}]},{\"@type\":\"ImageObject\",\"inLanguage\":\"nb-NO\",\"@id\":\"https:\/\/rst-steel.com\/product\/bullbar-freeway-v57-volvo-fh-aero-legalpro_prm_77612\/#primaryimage\",\"url\":\"https:\/\/rst-steel.com\/wp-content\/uploads\/2025\/09\/ffbd940a93891a3db8a45efc54a089b362d2cbb8_VO0157JM_web.jpg\",\"contentUrl\":\"https:\/\/rst-steel.com\/wp-content\/uploads\/2025\/09\/ffbd940a93891a3db8a45efc54a089b362d2cbb8_VO0157JM_web.jpg\",\"width\":1000,\"height\":750,\"caption\":\"Bullbar Freeway V57 Volvo FH Aero (LegalPro)\"},{\"@type\":\"BreadcrumbList\",\"@id\":\"https:\/\/rst-steel.com\/product\/bullbar-freeway-v57-volvo-fh-aero-legalpro_prm_77612\/#breadcrumb\",\"itemListElement\":[{\"@type\":\"ListItem\",\"position\":1,\"name\":\"Home\",\"item\":\"https:\/\/rst-steel.com\/\"},{\"@type\":\"ListItem\",\"position\":2,\"name\":\"RST-Steel Shop\",\"item\":\"https:\/\/rst-steel.com\/shop\/\"},{\"@type\":\"ListItem\",\"position\":3,\"name\":\"Bullbar Freeway V57 Volvo FH Aero (LegalPro)\"}]},{\"@type\":\"WebSite\",\"@id\":\"https:\/\/rst-steel.com\/#website\",\"url\":\"https:\/\/rst-steel.com\/\",\"name\":\"RST-Steel.com\",\"description\":\"Finnish quality steel, for quality-conscious drivers\",\"publisher\":{\"@id\":\"https:\/\/rst-steel.com\/#organization\"},\"alternateName\":\"Safe and stylish RST-Steel quality\",\"potentialAction\":[{\"@type\":\"SearchAction\",\"target\":{\"@type\":\"EntryPoint\",\"urlTemplate\":\"https:\/\/rst-steel.com\/?s={search_term_string}\"},\"query-input\":{\"@type\":\"PropertyValueSpecification\",\"valueRequired\":true,\"valueName\":\"search_term_string\"}}],\"inLanguage\":\"nb-NO\"},{\"@type\":\"Organization\",\"@id\":\"https:\/\/rst-steel.com\/#organization\",\"name\":\"RST-Steel Oy\",\"url\":\"https:\/\/rst-steel.com\/\",\"logo\":{\"@type\":\"ImageObject\",\"inLanguage\":\"nb-NO\",\"@id\":\"https:\/\/rst-steel.com\/#\/schema\/logo\/image\/\",\"url\":\"https:\/\/rst-steel.com\/wp-content\/uploads\/2023\/04\/cropped-Rst-logo-valkoinen-teksti-3.png\",\"contentUrl\":\"https:\/\/rst-steel.com\/wp-content\/uploads\/2023\/04\/cropped-Rst-logo-valkoinen-teksti-3.png\",\"width\":512,\"height\":115,\"caption\":\"RST-Steel Oy\"},\"image\":{\"@id\":\"https:\/\/rst-steel.com\/#\/schema\/logo\/image\/\"},\"sameAs\":[\"https:\/\/www.facebook.com\/rststeel\",\"https:\/\/www.instagram.com\/rststeeloy\/\"]}]}<\/script>\n<!-- \/ Yoast SEO plugin. -->","yoast_head_json":{"title":"Bullbar Freeway V57 Volvo FH Aero (LegalPro)","description":"This high-quality bull bar is designed to provide maximum protection and durability, while also adding a touch of elegance and prestige to your vehicle.","robots":{"index":"index","follow":"follow","max-snippet":"max-snippet:-1","max-image-preview":"max-image-preview:large","max-video-preview":"max-video-preview:-1"},"canonical":"https:\/\/rst-steel.com\/nb\/produkt\/bullbar-freeway-v57-volvo-fh-aero-legalpro_prm_77612\/","og_locale":"nb_NO","og_type":"article","og_title":"Bullbar Freeway V57 Volvo FH Aero (LegalPro)","og_description":"This high-quality bull bar is designed to provide maximum protection and durability, while also adding a touch of elegance and prestige to your vehicle.","og_url":"https:\/\/rst-steel.com\/nb\/produkt\/bullbar-freeway-v57-volvo-fh-aero-legalpro_prm_77612\/","og_site_name":"RST-Steel","article_publisher":"https:\/\/www.facebook.com\/rststeel","article_modified_time":"2026-03-16T06:20:07+00:00","og_image":[{"width":1000,"height":750,"url":"https:\/\/rst-steel.com\/wp-content\/uploads\/2025\/09\/ffbd940a93891a3db8a45efc54a089b362d2cbb8_VO0157JM_web.jpg","type":"image\/jpeg"}],"twitter_card":"summary_large_image","twitter_misc":{"Ansl. lesetid":"3 minutter"},"schema":{"@context":"https:\/\/schema.org","@graph":[{"@type":"WebPage","@id":"https:\/\/rst-steel.com\/product\/bullbar-freeway-v57-volvo-fh-aero-legalpro_prm_77612\/","url":"https:\/\/rst-steel.com\/product\/bullbar-freeway-v57-volvo-fh-aero-legalpro_prm_77612\/","name":"Bullbar Freeway V57 Volvo FH Aero (LegalPro)","isPartOf":{"@id":"https:\/\/rst-steel.com\/#website"},"primaryImageOfPage":{"@id":"https:\/\/rst-steel.com\/product\/bullbar-freeway-v57-volvo-fh-aero-legalpro_prm_77612\/#primaryimage"},"image":{"@id":"https:\/\/rst-steel.com\/product\/bullbar-freeway-v57-volvo-fh-aero-legalpro_prm_77612\/#primaryimage"},"thumbnailUrl":"https:\/\/rst-steel.com\/wp-content\/uploads\/2025\/09\/ffbd940a93891a3db8a45efc54a089b362d2cbb8_VO0157JM_web.jpg","datePublished":"2025-06-27T05:39:57+00:00","dateModified":"2026-03-16T06:20:07+00:00","description":"This high-quality bull bar is designed to provide maximum protection and durability, while also adding a touch of elegance and prestige to your vehicle.","breadcrumb":{"@id":"https:\/\/rst-steel.com\/product\/bullbar-freeway-v57-volvo-fh-aero-legalpro_prm_77612\/#breadcrumb"},"inLanguage":"nb-NO","potentialAction":[{"@type":"ReadAction","target":["https:\/\/rst-steel.com\/product\/bullbar-freeway-v57-volvo-fh-aero-legalpro_prm_77612\/"]}]},{"@type":"ImageObject","inLanguage":"nb-NO","@id":"https:\/\/rst-steel.com\/product\/bullbar-freeway-v57-volvo-fh-aero-legalpro_prm_77612\/#primaryimage","url":"https:\/\/rst-steel.com\/wp-content\/uploads\/2025\/09\/ffbd940a93891a3db8a45efc54a089b362d2cbb8_VO0157JM_web.jpg","contentUrl":"https:\/\/rst-steel.com\/wp-content\/uploads\/2025\/09\/ffbd940a93891a3db8a45efc54a089b362d2cbb8_VO0157JM_web.jpg","width":1000,"height":750,"caption":"Bullbar Freeway V57 Volvo FH Aero (LegalPro)"},{"@type":"BreadcrumbList","@id":"https:\/\/rst-steel.com\/product\/bullbar-freeway-v57-volvo-fh-aero-legalpro_prm_77612\/#breadcrumb","itemListElement":[{"@type":"ListItem","position":1,"name":"Home","item":"https:\/\/rst-steel.com\/"},{"@type":"ListItem","position":2,"name":"RST-Steel Shop","item":"https:\/\/rst-steel.com\/shop\/"},{"@type":"ListItem","position":3,"name":"Bullbar Freeway V57 Volvo FH Aero (LegalPro)"}]},{"@type":"WebSite","@id":"https:\/\/rst-steel.com\/#website","url":"https:\/\/rst-steel.com\/","name":"RST-Steel.com","description":"Finsk kvalitetsst\u00e5l, for kvalitetsbevisste sj\u00e5f\u00f8rer","publisher":{"@id":"https:\/\/rst-steel.com\/#organization"},"alternateName":"Safe and stylish RST-Steel quality","potentialAction":[{"@type":"SearchAction","target":{"@type":"EntryPoint","urlTemplate":"https:\/\/rst-steel.com\/?s={search_term_string}"},"query-input":{"@type":"PropertyValueSpecification","valueRequired":true,"valueName":"search_term_string"}}],"inLanguage":"nb-NO"},{"@type":"Organization","@id":"https:\/\/rst-steel.com\/#organization","name":"RST-Steel Oy","url":"https:\/\/rst-steel.com\/","logo":{"@type":"ImageObject","inLanguage":"nb-NO","@id":"https:\/\/rst-steel.com\/#\/schema\/logo\/image\/","url":"https:\/\/rst-steel.com\/wp-content\/uploads\/2023\/04\/cropped-Rst-logo-valkoinen-teksti-3.png","contentUrl":"https:\/\/rst-steel.com\/wp-content\/uploads\/2023\/04\/cropped-Rst-logo-valkoinen-teksti-3.png","width":512,"height":115,"caption":"RST-Steel Oy"},"image":{"@id":"https:\/\/rst-steel.com\/#\/schema\/logo\/image\/"},"sameAs":["https:\/\/www.facebook.com\/rststeel","https:\/\/www.instagram.com\/rststeeloy\/"]}]}},"brands":[{"id":8334,"name":"RST-Steel","slug":"brand_rststeel"}],"_links":{"self":[{"href":"https:\/\/rst-steel.com\/nb\/wp-json\/wp\/v2\/product\/52710","targetHints":{"allow":["GET"]}}],"collection":[{"href":"https:\/\/rst-steel.com\/nb\/wp-json\/wp\/v2\/product"}],"about":[{"href":"https:\/\/rst-steel.com\/nb\/wp-json\/wp\/v2\/types\/product"}],"replies":[{"embeddable":true,"href":"https:\/\/rst-steel.com\/nb\/wp-json\/wp\/v2\/comments?post=52710"}],"version-history":[{"count":0,"href":"https:\/\/rst-steel.com\/nb\/wp-json\/wp\/v2\/product\/52710\/revisions"}],"wp:featuredmedia":[{"embeddable":true,"href":"https:\/\/rst-steel.com\/nb\/wp-json\/wp\/v2\/media\/53105"}],"wp:attachment":[{"href":"https:\/\/rst-steel.com\/nb\/wp-json\/wp\/v2\/media?parent=52710"}],"wp:term":[{"taxonomy":"make_fuel_type","embeddable":true,"href":"https:\/\/rst-steel.com\/nb\/wp-json\/wp\/v2\/make_fuel_type?post=52710"},{"taxonomy":"make_model","embeddable":true,"href":"https:\/\/rst-steel.com\/nb\/wp-json\/wp\/v2\/make_model?post=52710"},{"taxonomy":"make_brand","embeddable":true,"href":"https:\/\/rst-steel.com\/nb\/wp-json\/wp\/v2\/make_brand?post=52710"},{"taxonomy":"make_year","embeddable":true,"href":"https:\/\/rst-steel.com\/nb\/wp-json\/wp\/v2\/make_year?post=52710"},{"taxonomy":"pwb-brand","embeddable":true,"href":"https:\/\/rst-steel.com\/nb\/wp-json\/wp\/v2\/pwb-brand?post=52710"},{"taxonomy":"product_brand","embeddable":true,"href":"https:\/\/rst-steel.com\/nb\/wp-json\/wp\/v2\/product_brand?post=52710"},{"taxonomy":"product_cat","embeddable":true,"href":"https:\/\/rst-steel.com\/nb\/wp-json\/wp\/v2\/product_cat?post=52710"},{"taxonomy":"product_tag","embeddable":true,"href":"https:\/\/rst-steel.com\/nb\/wp-json\/wp\/v2\/product_tag?post=52710"}],"curies":[{"name":"wp","href":"https:\/\/api.w.org\/{rel}","templated":true}]}}