{"id":104245,"date":"2025-04-30T15:01:07","date_gmt":"2025-04-30T12:01:07","guid":{"rendered":"https:\/\/rst-steel.com\/?page_id=104245"},"modified":"2025-04-30T15:27:10","modified_gmt":"2025-04-30T12:27:10","slug":"poppy","status":"publish","type":"page","link":"https:\/\/rst-steel.com\/sv\/poppy\/","title":{"rendered":"Poppy"},"content":{"rendered":"<div data-elementor-type=\"wp-page\" data-elementor-id=\"104245\" class=\"elementor elementor-104245\" data-elementor-post-type=\"page\">\n\t\t\t\t\t\t<section class=\"elementor-section elementor-top-section elementor-element elementor-element-15cd0f7 elementor-section-boxed elementor-section-height-default elementor-section-height-default\" data-id=\"15cd0f7\" data-element_type=\"section\" data-e-type=\"section\">\n\t\t\t\t\t\t<div class=\"elementor-container elementor-column-gap-default\">\n\t\t\t\t\t<div class=\"elementor-column elementor-col-50 elementor-top-column elementor-element elementor-element-06e8edb\" data-id=\"06e8edb\" data-element_type=\"column\" data-e-type=\"column\">\n\t\t\t<div class=\"elementor-widget-wrap elementor-element-populated\">\n\t\t\t\t\t\t<div class=\"elementor-element elementor-element-15badea elementor-widget elementor-widget-breadcrumbs\" data-id=\"15badea\" data-element_type=\"widget\" data-e-type=\"widget\" data-widget_type=\"breadcrumbs.default\">\n\t\t\t\t<div class=\"elementor-widget-container\">\n\t\t\t\t\t<p id=\"breadcrumbs\"><span><span><a href=\"https:\/\/rst-steel.com\/sv\/\">Hem<\/a><\/span><\/span><\/p>\t\t\t\t<\/div>\n\t\t\t\t<\/div>\n\t\t\t\t<div class=\"elementor-element elementor-element-aef3ca7 elementor-widget elementor-widget-heading\" data-id=\"aef3ca7\" data-element_type=\"widget\" data-e-type=\"widget\" data-widget_type=\"heading.default\">\n\t\t\t\t<div class=\"elementor-widget-container\">\n\t\t\t\t\t<h1 class=\"elementor-heading-title elementor-size-default\">Poppy bildofter<\/h1>\t\t\t\t<\/div>\n\t\t\t\t<\/div>\n\t\t\t\t<div class=\"elementor-element elementor-element-dc46a20 elementor-widget elementor-widget-text-editor\" data-id=\"dc46a20\" data-element_type=\"widget\" data-e-type=\"widget\" data-widget_type=\"text-editor.default\">\n\t\t\t\t<div class=\"elementor-widget-container\">\n\t\t\t\t\t\t\t\t\t<p class=\"\" data-start=\"180\" data-end=\"467\">Poppy luftfr\u00e4schare \u00e4r ett popul\u00e4rt val f\u00f6r f\u00f6rare som uppskattar frisk luft och premiumk\u00e4nsla i sitt fordon. Poppy-dofter kombinerar stilfull design med l\u00e5ngvarig fr\u00e4sch\u00f6r, vilket g\u00f6r dem till det perfekta till\u00e4gget f\u00f6r b\u00e5de personbilar och lastbilar.<\/p><p class=\"\" data-start=\"469\" data-end=\"764\">V\u00e5rt sortiment inkluderar ett brett urval av Poppy-dofter \u2013 fr\u00e5n klassiska och fr\u00e4scha alternativ till s\u00f6tare och mer distinkta dofter. Produkterna \u00e4r enkla att anv\u00e4nda och designade f\u00f6r att vara l\u00e4nge. Poppy \u00e4r k\u00e4nt f\u00f6r sin h\u00f6ga kvalitet och dess dofter \u00e4r erk\u00e4nda v\u00e4rlden \u00f6ver.<\/p>\t\t\t\t\t\t\t\t<\/div>\n\t\t\t\t<\/div>\n\t\t\t\t\t<\/div>\n\t\t<\/div>\n\t\t\t\t<div class=\"elementor-column elementor-col-50 elementor-top-column elementor-element elementor-element-30e0cd1 elementor-hidden-mobile\" data-id=\"30e0cd1\" data-element_type=\"column\" data-e-type=\"column\">\n\t\t\t<div class=\"elementor-widget-wrap elementor-element-populated\">\n\t\t\t\t\t\t<div class=\"elementor-element elementor-element-93be0a8 elementor-widget elementor-widget-image\" data-id=\"93be0a8\" data-element_type=\"widget\" data-e-type=\"widget\" data-widget_type=\"image.default\">\n\t\t\t\t<div class=\"elementor-widget-container\">\n\t\t\t\t\t\t\t\t\t\t\t\t\t\t\t<img loading=\"lazy\" decoding=\"async\" width=\"890\" height=\"836\" src=\"https:\/\/rst-steel.com\/wp-content\/uploads\/2022\/12\/poppy.png\" class=\"attachment-large size-large wp-image-63276\" alt=\"\" srcset=\"https:\/\/rst-steel.com\/wp-content\/uploads\/2022\/12\/poppy.png 890w, https:\/\/rst-steel.com\/wp-content\/uploads\/2022\/12\/poppy-130x122.png 130w, https:\/\/rst-steel.com\/wp-content\/uploads\/2022\/12\/poppy-600x564.png 600w, https:\/\/rst-steel.com\/wp-content\/uploads\/2022\/12\/poppy-300x282.png 300w, https:\/\/rst-steel.com\/wp-content\/uploads\/2022\/12\/poppy-768x721.png 768w\" sizes=\"auto, (max-width: 890px) 100vw, 890px\" \/>\t\t\t\t\t\t\t\t\t\t\t\t\t\t\t<\/div>\n\t\t\t\t<\/div>\n\t\t\t\t\t<\/div>\n\t\t<\/div>\n\t\t\t\t\t<\/div>\n\t\t<\/section>\n\t\t\t\t<section class=\"elementor-section elementor-top-section elementor-element elementor-element-bc2386d elementor-section-boxed elementor-section-height-default elementor-section-height-default\" data-id=\"bc2386d\" data-element_type=\"section\" data-e-type=\"section\">\n\t\t\t\t\t\t<div class=\"elementor-container elementor-column-gap-default\">\n\t\t\t\t\t<div class=\"elementor-column elementor-col-100 elementor-top-column elementor-element elementor-element-042609e\" data-id=\"042609e\" data-element_type=\"column\" data-e-type=\"column\">\n\t\t\t<div class=\"elementor-widget-wrap elementor-element-populated\">\n\t\t\t\t\t\t<div class=\"elementor-element elementor-element-f53f341 elementor-widget elementor-widget-text-editor\" data-id=\"f53f341\" data-element_type=\"widget\" data-e-type=\"widget\" data-widget_type=\"text-editor.default\">\n\t\t\t\t<div class=\"elementor-widget-container\">\n\t\t\t\t\t\t\t\t\t<p><strong>Looking for more options for your vehicle interior? Also check out <a href=\"https:\/\/rst-steel.com\/sv\/produkt-kategori\/ohjaamon-sisustus-ja-tarvikkeet\/ilmanraikastimet\/\"><span style=\"text-decoration: underline;\">f\u00f6r luftfr\u00e4schare<\/span> \u00a0<\/a>ja <a href=\"https:\/\/rst-steel.com\/sv\/produkt-kategori\/ohjaamon-sisustus-ja-tarvikkeet\/koristeet\/\"><span style=\"text-decoration: underline;\">f\u00f6r dekorationer<\/span> <\/a>\u2013 our wide range has products to suit your style.<\/strong><\/p>\t\t\t\t\t\t\t\t<\/div>\n\t\t\t\t<\/div>\n\t\t\t\t\t<\/div>\n\t\t<\/div>\n\t\t\t\t\t<\/div>\n\t\t<\/section>\n\t\t\t\t<\/div>","protected":false},"excerpt":{"rendered":"<p>Poppy autotuoksut Poppy air fresheners are a popular choice for drivers who appreciate fresh air and premium finishing in their&#8230;<\/p>","protected":false},"author":4,"featured_media":0,"parent":0,"menu_order":0,"comment_status":"closed","ping_status":"closed","template":"","meta":{"footnotes":""},"wf_page_folders":[],"class_list":["post-104245","page","type-page","status-publish","hentry"],"yoast_head":"<!-- This site is optimized with the Yoast SEO plugin v27.1.1 - https:\/\/yoast.com\/product\/yoast-seo-wordpress\/ -->\n<title>Poppy Air Fresheners - RST-Steel<\/title>\n<meta name=\"description\" content=\"Poppy air fresheners are a popular choice for drivers who appreciate fresh air and premium finishing in their vehicle.\" \/>\n<meta name=\"robots\" content=\"index, follow, max-snippet:-1, max-image-preview:large, max-video-preview:-1\" \/>\n<link rel=\"canonical\" href=\"https:\/\/rst-steel.com\/sv\/poppy\/\" \/>\n<meta property=\"og:locale\" content=\"sv_SE\" \/>\n<meta property=\"og:type\" content=\"article\" \/>\n<meta property=\"og:title\" content=\"Poppy Air Fresheners - RST-Steel\" \/>\n<meta property=\"og:description\" content=\"Poppy air fresheners are a popular choice for drivers who appreciate fresh air and premium finishing in their vehicle.\" \/>\n<meta property=\"og:url\" content=\"https:\/\/rst-steel.com\/sv\/poppy\/\" \/>\n<meta property=\"og:site_name\" content=\"RST-Steel\" \/>\n<meta property=\"article:modified_time\" content=\"2025-04-30T12:27:10+00:00\" \/>\n<meta property=\"og:image\" content=\"https:\/\/dev.wp02.rst-steel.fi\/wp-content\/uploads\/2022\/12\/poppy.png\" \/>\n<meta name=\"twitter:card\" content=\"summary_large_image\" \/>\n<meta name=\"twitter:label1\" content=\"Ber\u00e4knad l\u00e4stid\" \/>\n\t<meta name=\"twitter:data1\" content=\"8 minuter\" \/>\n<script type=\"application\/ld+json\" class=\"yoast-schema-graph\">{\"@context\":\"https:\/\/schema.org\",\"@graph\":[{\"@type\":\"WebPage\",\"@id\":\"https:\/\/rst-steel.com\/poppy\/\",\"url\":\"https:\/\/rst-steel.com\/poppy\/\",\"name\":\"Poppy Air Fresheners - RST-Steel\",\"isPartOf\":{\"@id\":\"https:\/\/rst-steel.com\/#website\"},\"primaryImageOfPage\":{\"@id\":\"https:\/\/rst-steel.com\/poppy\/#primaryimage\"},\"image\":{\"@id\":\"https:\/\/rst-steel.com\/poppy\/#primaryimage\"},\"thumbnailUrl\":\"https:\/\/rst-steel.com\/wp-content\/uploads\/2022\/12\/poppy.png\",\"datePublished\":\"2025-04-30T12:01:07+00:00\",\"dateModified\":\"2025-04-30T12:27:10+00:00\",\"description\":\"Poppy air fresheners are a popular choice for drivers who appreciate fresh air and premium finishing in their vehicle.\",\"breadcrumb\":{\"@id\":\"https:\/\/rst-steel.com\/poppy\/#breadcrumb\"},\"inLanguage\":\"sv-SE\",\"potentialAction\":[{\"@type\":\"ReadAction\",\"target\":[\"https:\/\/rst-steel.com\/poppy\/\"]}]},{\"@type\":\"ImageObject\",\"inLanguage\":\"sv-SE\",\"@id\":\"https:\/\/rst-steel.com\/poppy\/#primaryimage\",\"url\":\"https:\/\/rst-steel.com\/wp-content\/uploads\/2022\/12\/poppy.png\",\"contentUrl\":\"https:\/\/rst-steel.com\/wp-content\/uploads\/2022\/12\/poppy.png\"},{\"@type\":\"BreadcrumbList\",\"@id\":\"https:\/\/rst-steel.com\/poppy\/#breadcrumb\",\"itemListElement\":[{\"@type\":\"ListItem\",\"position\":1,\"name\":\"Home\",\"item\":\"https:\/\/rst-steel.com\/\"},{\"@type\":\"ListItem\",\"position\":2,\"name\":\"Poppy\"}]},{\"@type\":\"WebSite\",\"@id\":\"https:\/\/rst-steel.com\/#website\",\"url\":\"https:\/\/rst-steel.com\/\",\"name\":\"RST-Steel Oy - Turvallista, tyylik\u00e4st\u00e4, ter\u00e4st\u00e4\",\"description\":\"Finnish quality for discerning drivers\",\"publisher\":{\"@id\":\"https:\/\/rst-steel.com\/#organization\"},\"potentialAction\":[{\"@type\":\"SearchAction\",\"target\":{\"@type\":\"EntryPoint\",\"urlTemplate\":\"https:\/\/rst-steel.com\/?s={search_term_string}\"},\"query-input\":{\"@type\":\"PropertyValueSpecification\",\"valueRequired\":true,\"valueName\":\"search_term_string\"}}],\"inLanguage\":\"sv-SE\"},{\"@type\":\"Organization\",\"@id\":\"https:\/\/rst-steel.com\/#organization\",\"name\":\"RST-Steel Oy\",\"alternateName\":\"RST-Steel Oy - Turvallista, tyylik\u00e4st\u00e4, ter\u00e4st\u00e4\",\"url\":\"https:\/\/rst-steel.com\/\",\"logo\":{\"@type\":\"ImageObject\",\"inLanguage\":\"sv-SE\",\"@id\":\"https:\/\/rst-steel.com\/#\/schema\/logo\/image\/\",\"url\":\"https:\/\/rst-steel.com\/wp-content\/uploads\/2025\/02\/cropped-rst-valkoinen-ilman-taustaa-02.png\",\"contentUrl\":\"https:\/\/rst-steel.com\/wp-content\/uploads\/2025\/02\/cropped-rst-valkoinen-ilman-taustaa-02.png\",\"width\":2319,\"height\":690,\"caption\":\"RST-Steel Oy\"},\"image\":{\"@id\":\"https:\/\/rst-steel.com\/#\/schema\/logo\/image\/\"}}]}<\/script>\n<!-- \/ Yoast SEO plugin. -->","yoast_head_json":{"title":"Poppy Air Fresheners - RST-Steel","description":"Poppy air fresheners are a popular choice for drivers who appreciate fresh air and premium finishing in their vehicle.","robots":{"index":"index","follow":"follow","max-snippet":"max-snippet:-1","max-image-preview":"max-image-preview:large","max-video-preview":"max-video-preview:-1"},"canonical":"https:\/\/rst-steel.com\/sv\/poppy\/","og_locale":"sv_SE","og_type":"article","og_title":"Poppy Air Fresheners - RST-Steel","og_description":"Poppy air fresheners are a popular choice for drivers who appreciate fresh air and premium finishing in their vehicle.","og_url":"https:\/\/rst-steel.com\/sv\/poppy\/","og_site_name":"RST-Steel","article_modified_time":"2025-04-30T12:27:10+00:00","og_image":[{"url":"https:\/\/dev.wp02.rst-steel.fi\/wp-content\/uploads\/2022\/12\/poppy.png","type":"","width":"","height":""}],"twitter_card":"summary_large_image","twitter_misc":{"Ber\u00e4knad l\u00e4stid":"8 minuter"},"schema":{"@context":"https:\/\/schema.org","@graph":[{"@type":"WebPage","@id":"https:\/\/rst-steel.com\/poppy\/","url":"https:\/\/rst-steel.com\/poppy\/","name":"Poppy Air Fresheners - RST-Steel","isPartOf":{"@id":"https:\/\/rst-steel.com\/#website"},"primaryImageOfPage":{"@id":"https:\/\/rst-steel.com\/poppy\/#primaryimage"},"image":{"@id":"https:\/\/rst-steel.com\/poppy\/#primaryimage"},"thumbnailUrl":"https:\/\/rst-steel.com\/wp-content\/uploads\/2022\/12\/poppy.png","datePublished":"2025-04-30T12:01:07+00:00","dateModified":"2025-04-30T12:27:10+00:00","description":"Poppy air fresheners are a popular choice for drivers who appreciate fresh air and premium finishing in their vehicle.","breadcrumb":{"@id":"https:\/\/rst-steel.com\/poppy\/#breadcrumb"},"inLanguage":"sv-SE","potentialAction":[{"@type":"ReadAction","target":["https:\/\/rst-steel.com\/poppy\/"]}]},{"@type":"ImageObject","inLanguage":"sv-SE","@id":"https:\/\/rst-steel.com\/poppy\/#primaryimage","url":"https:\/\/rst-steel.com\/wp-content\/uploads\/2022\/12\/poppy.png","contentUrl":"https:\/\/rst-steel.com\/wp-content\/uploads\/2022\/12\/poppy.png"},{"@type":"BreadcrumbList","@id":"https:\/\/rst-steel.com\/poppy\/#breadcrumb","itemListElement":[{"@type":"ListItem","position":1,"name":"Home","item":"https:\/\/rst-steel.com\/"},{"@type":"ListItem","position":2,"name":"Poppy"}]},{"@type":"WebSite","@id":"https:\/\/rst-steel.com\/#website","url":"https:\/\/rst-steel.com\/","name":"RST-Steel Oy - Turvallista, tyylik\u00e4st\u00e4, ter\u00e4st\u00e4","description":"Finsk kvalitet f\u00f6r kvalitetsmedvetna f\u00f6rare","publisher":{"@id":"https:\/\/rst-steel.com\/#organization"},"potentialAction":[{"@type":"SearchAction","target":{"@type":"EntryPoint","urlTemplate":"https:\/\/rst-steel.com\/?s={search_term_string}"},"query-input":{"@type":"PropertyValueSpecification","valueRequired":true,"valueName":"search_term_string"}}],"inLanguage":"sv-SE"},{"@type":"Organization","@id":"https:\/\/rst-steel.com\/#organization","name":"RST-Steel Oy","alternateName":"RST-Steel Oy - Turvallista, tyylik\u00e4st\u00e4, ter\u00e4st\u00e4","url":"https:\/\/rst-steel.com\/","logo":{"@type":"ImageObject","inLanguage":"sv-SE","@id":"https:\/\/rst-steel.com\/#\/schema\/logo\/image\/","url":"https:\/\/rst-steel.com\/wp-content\/uploads\/2025\/02\/cropped-rst-valkoinen-ilman-taustaa-02.png","contentUrl":"https:\/\/rst-steel.com\/wp-content\/uploads\/2025\/02\/cropped-rst-valkoinen-ilman-taustaa-02.png","width":2319,"height":690,"caption":"RST-Steel Oy"},"image":{"@id":"https:\/\/rst-steel.com\/#\/schema\/logo\/image\/"}}]}},"_links":{"self":[{"href":"https:\/\/rst-steel.com\/sv\/wp-json\/wp\/v2\/pages\/104245","targetHints":{"allow":["GET"]}}],"collection":[{"href":"https:\/\/rst-steel.com\/sv\/wp-json\/wp\/v2\/pages"}],"about":[{"href":"https:\/\/rst-steel.com\/sv\/wp-json\/wp\/v2\/types\/page"}],"author":[{"embeddable":true,"href":"https:\/\/rst-steel.com\/sv\/wp-json\/wp\/v2\/users\/4"}],"replies":[{"embeddable":true,"href":"https:\/\/rst-steel.com\/sv\/wp-json\/wp\/v2\/comments?post=104245"}],"version-history":[{"count":0,"href":"https:\/\/rst-steel.com\/sv\/wp-json\/wp\/v2\/pages\/104245\/revisions"}],"wp:attachment":[{"href":"https:\/\/rst-steel.com\/sv\/wp-json\/wp\/v2\/media?parent=104245"}],"wp:term":[{"taxonomy":"wf_page_folders","embeddable":true,"href":"https:\/\/rst-steel.com\/sv\/wp-json\/wp\/v2\/wf_page_folders?post=104245"}],"curies":[{"name":"wp","href":"https:\/\/api.w.org\/{rel}","templated":true}]}}