{"id":39706,"date":"2023-04-13T13:22:20","date_gmt":"2023-04-13T10:22:20","guid":{"rendered":"http:\/\/135.181.236.253\/?page_id=39706"},"modified":"2026-03-20T14:50:59","modified_gmt":"2026-03-20T12:50:59","slug":"vans","status":"publish","type":"page","link":"https:\/\/rst-steel.com\/sv\/vans\/","title":{"rendered":"Sk\u00e5pbilar"},"content":{"rendered":"<div data-elementor-type=\"wp-page\" data-elementor-id=\"39706\" class=\"elementor elementor-39706\" data-elementor-post-type=\"page\">\n\t\t\t\t\t\t<section class=\"elementor-section elementor-top-section elementor-element elementor-element-rst_trucks_s1 elementor-section-full_width elementor-section-height-default elementor-section-height-default\" data-id=\"rst_trucks_s1\" data-element_type=\"section\" data-e-type=\"section\">\n\t\t\t\t\t\t<div class=\"elementor-container elementor-column-gap-no\">\n\t\t\t\t\t<div class=\"elementor-column elementor-col-100 elementor-top-column elementor-element elementor-element-rst_trucks_c1\" data-id=\"rst_trucks_c1\" data-element_type=\"column\" data-e-type=\"column\">\n\t\t\t<div class=\"elementor-widget-wrap elementor-element-populated\">\n\t\t\t\t\t\t<div class=\"elementor-element elementor-element-rst_trucks_w1 elementor-widget elementor-widget-html\" data-id=\"rst_trucks_w1\" data-element_type=\"widget\" data-e-type=\"widget\" data-widget_type=\"html.default\">\n\t\t\t\t<div class=\"elementor-widget-container\">\n\t\t\t\t\t<!-- RST-Steel Vans - Landing page -->\n\n<style>\n  .rst-pa * { box-sizing: border-box; }\n  .rst-pa { font-family: 'Red Hat Display', sans-serif; }\n\n  \/* Hero *\/\n  .rst-pa-hero {\n    background: #111;\n    padding: 80px 20px 70px;\n  }\n  .rst-pa-hero-inner {\n    max-width: 1100px;\n    margin: 0 auto;\n    display: grid;\n    grid-template-columns: 1fr 1fr;\n    gap: 50px;\n    align-items: center;\n  }\n  .rst-pa-hero .rst-label {\n    color: #c40000;\n    font-weight: 700;\n    font-size: 13px;\n    text-transform: uppercase;\n    letter-spacing: 2px;\n    margin-bottom: 12px;\n  }\n  .rst-pa-hero h1 {\n    color: #fff;\n    font-size: 42px;\n    line-height: 1.2;\n    margin: 0 0 20px;\n    font-weight: 700;\n  }\n  .rst-pa-hero .rst-hero-desc {\n    color: #aaa;\n    font-size: 16px;\n    line-height: 1.7;\n    margin: 0 0 28px;\n  }\n  .rst-pa-hero .rst-hero-cta {\n    display: inline-flex;\n    align-items: center;\n    gap: 8px;\n    background: #c40000;\n    color: #fff;\n    padding: 14px 28px;\n    border-radius: 8px;\n    text-decoration: none;\n    font-size: 15px;\n    font-weight: 700;\n    transition: background 0.2s;\n  }\n  .rst-pa-hero .rst-hero-cta:hover { background: #a30000; }\n  .rst-pa-hero .rst-hero-cta-secondary {\n    display: inline-flex;\n    align-items: center;\n    gap: 8px;\n    background: transparent;\n    color: #fff;\n    padding: 14px 28px;\n    border-radius: 8px;\n    text-decoration: none;\n    font-size: 15px;\n    font-weight: 700;\n    border: 2px solid rgba(255,255,255,0.3);\n    transition: border-color 0.2s;\n    margin-left: 12px;\n  }\n  .rst-pa-hero .rst-hero-cta-secondary:hover { border-color: #fff; }\n  .rst-pa-hero-img {\n    border-radius: 12px;\n    overflow: hidden;\n  }\n  .rst-pa-hero-img img {\n    width: 100%;\n    height: auto;\n    display: block;\n    border-radius: 12px;\n  }\n\n  \/* Product Categories *\/\n  .rst-pa-categories {\n    background: #f8f8f8;\n    padding: 70px 20px;\n  }\n  .rst-pa-categories-inner {\n    max-width: 1100px;\n    margin: 0 auto;\n  }\n  .rst-pa .rst-section-header {\n    text-align: center;\n    margin-bottom: 40px;\n  }\n  .rst-pa .rst-section-header .rst-label {\n    color: #c40000;\n    font-weight: 700;\n    font-size: 13px;\n    text-transform: uppercase;\n    letter-spacing: 2px;\n    margin-bottom: 10px;\n  }\n  .rst-pa .rst-section-header h2 {\n    color: #111;\n    font-size: 32px;\n    font-weight: 700;\n    margin: 0;\n  }\n  .rst-pa .rst-cat-grid {\n    display: grid;\n    grid-template-columns: repeat(4, 1fr);\n    gap: 24px;\n  }\n  .rst-pa .rst-cat-card {\n    background: #fff;\n    border-radius: 12px;\n    padding: 32px;\n    box-shadow: 0 4px 20px rgba(0,0,0,0.06);\n    text-align: center;\n    text-decoration: none;\n    transition: transform 0.2s, box-shadow 0.2s;\n    display: flex;\n    flex-direction: column;\n    align-items: center;\n  }\n  .rst-pa .rst-cat-card:hover {\n    transform: translateY(-4px);\n    box-shadow: 0 8px 30px rgba(0,0,0,0.12);\n    text-decoration: none;\n  }\n  .rst-pa .rst-cat-card img {\n    width: 80px;\n    height: 80px;\n    object-fit: contain;\n    margin-bottom: 14px;\n  }\n  .rst-pa .rst-cat-card .rst-cat-icon-placeholder {\n    width: 80px;\n    height: 80px;\n    margin: 0 auto 14px;\n    background: #f0f0f0;\n    border-radius: 50%;\n  }\n  .rst-pa .rst-cat-card h4 {\n    color: #111;\n    font-size: 17px;\n    font-weight: 700;\n    margin: 0 0 8px;\n  }\n  .rst-pa .rst-cat-card .rst-cat-count {\n    color: #888;\n    font-size: 14px;\n    margin: 0;\n  }\n\n  \/* Brands *\/\n  .rst-pa-brands {\n    background: #fff;\n    padding: 70px 20px;\n  }\n  .rst-pa-brands-inner {\n    max-width: 1100px;\n    margin: 0 auto;\n  }\n  .rst-pa .rst-brand-grid {\n    display: grid;\n    grid-template-columns: repeat(4, 1fr);\n    gap: 20px;\n  }\n  .rst-pa .rst-brand-card {\n    background: #f8f8f8;\n    border-radius: 12px;\n    padding: 28px 20px;\n    text-align: center;\n    text-decoration: none;\n    transition: transform 0.2s, box-shadow 0.2s;\n    display: block;\n    border: 1px solid #e8e8e8;\n  }\n  .rst-pa .rst-brand-card:hover {\n    transform: translateY(-3px);\n    box-shadow: 0 6px 20px rgba(0,0,0,0.1);\n    border-color: #c40000;\n    text-decoration: none;\n  }\n  .rst-pa .rst-brand-card h4 {\n    color: #111;\n    font-size: 18px;\n    font-weight: 700;\n    margin: 0 0 6px;\n  }\n  .rst-pa .rst-brand-card .rst-brand-count {\n    color: #888;\n    font-size: 13px;\n    margin: 0;\n  }\n\n  \/* Content *\/\n  .rst-pa-content {\n    background: #f8f8f8;\n    padding: 70px 20px;\n  }\n  .rst-pa-content-inner {\n    max-width: 900px;\n    margin: 0 auto;\n  }\n  .rst-pa .rst-content-block {\n    margin-bottom: 40px;\n  }\n  .rst-pa .rst-content-block h3 {\n    color: #111;\n    font-size: 20px;\n    font-weight: 700;\n    margin: 0 0 12px;\n    padding-bottom: 10px;\n    border-bottom: 2px solid #e0e0e0;\n  }\n  .rst-pa .rst-content-block p {\n    color: #444;\n    font-size: 15px;\n    line-height: 1.8;\n    margin: 0 0 12px;\n  }\n  .rst-pa .rst-content-block blockquote {\n    background: #1a1a1a;\n    border-left: 4px solid #c40000;\n    color: #ddd;\n    padding: 20px 24px;\n    border-radius: 8px;\n    margin: 20px 0;\n    font-size: 15px;\n    font-style: italic;\n    line-height: 1.7;\n  }\n  .rst-pa .rst-content-block blockquote::before,\n  .rst-pa .rst-content-block blockquote::after {\n    content: none !important;\n  }\n\n  \/* CTA *\/\n  .rst-pa-cta {\n    background: #c40000;\n    padding: 60px 20px;\n    text-align: center;\n  }\n  .rst-pa-cta h2 {\n    color: #fff;\n    font-size: 28px;\n    font-weight: 700;\n    margin: 0 0 10px;\n  }\n  .rst-pa-cta p {\n    color: rgba(255,255,255,0.85);\n    font-size: 15px;\n    margin: 0 0 20px;\n  }\n  .rst-pa-cta .rst-cta-contacts {\n    display: flex;\n    justify-content: center;\n    gap: 24px;\n    flex-wrap: wrap;\n  }\n  .rst-pa-cta .rst-cta-contacts a {\n    color: #fff;\n    font-size: 16px;\n    font-weight: 600;\n    text-decoration: none;\n    background: rgba(255,255,255,0.15);\n    padding: 12px 24px;\n    border-radius: 8px;\n    transition: background 0.2s;\n  }\n  .rst-pa-cta .rst-cta-contacts a:hover { background: rgba(255,255,255,0.25); }\n\n  \/* Responsive *\/\n  @media (max-width: 991px) {\n    .rst-pa-hero-inner { grid-template-columns: 1fr; text-align: center; }\n    .rst-pa-hero-img { max-width: 500px; margin: 0 auto; }\n    .rst-pa .rst-cat-grid { grid-template-columns: 1fr 1fr; }\n    .rst-pa .rst-brand-grid { grid-template-columns: repeat(3, 1fr); }\n  }\n  @media (max-width: 575px) {\n    .rst-pa-hero { padding: 50px 20px 40px; }\n    .rst-pa-hero h1 { font-size: 30px; }\n    .rst-pa .rst-cat-grid { grid-template-columns: repeat(2, 1fr); }\n    .rst-pa .rst-brand-grid { grid-template-columns: 1fr 1fr; }\n    .rst-pa-hero .rst-hero-cta-secondary { margin-left: 0; margin-top: 12px; }\n    .rst-pa .rst-cta-contacts { flex-direction: column; align-items: center; }\n  }\n<\/style>\n\n<!-- HERO -->\n<div class=\"rst-pa rst-pa-hero\">\n  <div class=\"rst-pa-hero-inner\">\n    <div>\n      <p class=\"rst-label\">Hantera alternativ<\/p>\n      <h1>Sk\u00e5pbilstillbeh\u00f6r<\/h1>\n      <p class=\"rst-hero-desc\">A comprehensive range of van accessories: light bars, front bars, side bars, chrome accessories, skid plates and much more &mdash; all from one place.<\/p>\n    <\/div>\n    <div class=\"rst-pa-hero-img\">\n      <img decoding=\"async\" src=\"\/wp-content\/uploads\/2023\/11\/Asennus.png\" alt=\"Van accessories\">\n    <\/div>\n  <\/div>\n<\/div>\n\n<!-- PRODUCT CATEGORIES -->\n<div class=\"rst-pa rst-pa-categories\">\n  <div class=\"rst-pa-categories-inner\">\n    <div class=\"rst-section-header\">\n      <p class=\"rst-label\">Produktsortiment<\/p>\n      <h2>Mest popul\u00e4ra kategorier<\/h2>\n    <\/div>\n    <div class=\"rst-cat-grid\">\n      <a href=\"\/sv\/produkt-kategori\/light-bars\/roof-bars-for-vans\/\" class=\"rst-cat-card\">\n        <img decoding=\"async\" src=\"\/wp-content\/uploads\/2025\/11\/valoraudat-katolle.jpg\" alt=\"Takb\u00e5gar\" loading=\"lazy\">\n        <h4>Takb\u00e5gar<\/h4>\n        <p class=\"rst-cat-count\">22 produkter<\/p>\n      <\/a>\n      <a href=\"\/sv\/produkt-kategori\/light-bars\/front-bars-for-vans\/\" class=\"rst-cat-card\">\n        <img decoding=\"async\" src=\"\/wp-content\/uploads\/2025\/11\/valoraudat-maskiin.jpg\" alt=\"Frontb\u00e5gar\" loading=\"lazy\">\n        <h4>Frontb\u00e5gar<\/h4>\n        <p class=\"rst-cat-count\">35 produkter<\/p>\n      <\/a>\n      <a href=\"\/sv\/produkt-kategori\/motorhome-accessories\/front-spoiler-bars\/front-spoiler-bars-for-vans\/\" class=\"rst-cat-card\">\n        <img decoding=\"async\" src=\"\/wp-content\/uploads\/2025\/11\/etuhelmaputket.jpg\" alt=\"Frontr\u00f6r\" loading=\"lazy\">\n        <h4>Frontr\u00f6r<\/h4>\n        <p class=\"rst-cat-count\">33 produkter<\/p>\n      <\/a>\n      <a href=\"\/sv\/produkt-kategori\/side-bars-and-side-steps\/side-bars-for-vans\/\" class=\"rst-cat-card\">\n        <img decoding=\"async\" src=\"\/wp-content\/uploads\/2025\/11\/kylkiputket.jpg\" alt=\"Sidor\u00f6r\" loading=\"lazy\">\n        <h4>Sidor\u00f6r<\/h4>\n        <p class=\"rst-cat-count\">15 produkter<\/p>\n      <\/a>\n      <a href=\"\/sv\/produkt-kategori\/side-bars-and-side-steps\/side-bars-with-steps-for-vans\/\" class=\"rst-cat-card\">\n        <img decoding=\"async\" src=\"\/wp-content\/uploads\/2025\/11\/kylkiputket.jpg\" alt=\"Sidor\u00f6r med steg\" loading=\"lazy\">\n        <h4>Sidor\u00f6r med steg<\/h4>\n        <p class=\"rst-cat-count\">15 produkter<\/p>\n      <\/a>\n      <a href=\"\/sv\/produkt-kategori\/side-bars-and-side-steps\/side-steps-for-vans\/\" class=\"rst-cat-card\">\n        <img decoding=\"async\" src=\"\/wp-content\/uploads\/2025\/11\/astinlaudat.jpg\" alt=\"Sidosteg\" loading=\"lazy\">\n        <h4>Sidosteg<\/h4>\n        <p class=\"rst-cat-count\">15 produkter<\/p>\n      <\/a>\n      <a href=\"\/sv\/produkt-kategori\/side-bars-and-side-steps\/rear-corner-bars-for-vans\/\" class=\"rst-cat-card\">\n        <img decoding=\"async\" src=\"\/wp-content\/uploads\/2025\/11\/takakulmaputket.jpg\" alt=\"Bakre r\u00f6r\" loading=\"lazy\">\n        <h4>Bakre r\u00f6r<\/h4>\n        <p class=\"rst-cat-count\">20 produkter<\/p>\n      <\/a>\n      <a href=\"\/sv\/produkt-kategori\/spoilers-guards-chrome-accessories\/mec-one-spoilers-for-vans\/\" class=\"rst-cat-card\">\n        <img decoding=\"async\" src=\"\/wp-content\/uploads\/2025\/11\/mec-one-varustespoilerit.jpg\" alt=\"Mec One Spoilers\" loading=\"lazy\">\n        <h4>Mec One Spoilers<\/h4>\n        <p class=\"rst-cat-count\">13 produkter<\/p>\n      <\/a>\n      <a href=\"\/sv\/produkt-kategori\/spoilers-guards-chrome-accessories\/spoilers-for-vans\/\" class=\"rst-cat-card\">\n        <img decoding=\"async\" src=\"\/wp-content\/uploads\/2025\/11\/spoilerit.jpg\" alt=\"Spoilers\" loading=\"lazy\">\n        <h4>Spoilers<\/h4>\n        <p class=\"rst-cat-count\">13 produkter<\/p>\n      <\/a>\n      <a href=\"\/sv\/produkt-kategori\/spoilers-guards-chrome-accessories\/\" class=\"rst-cat-card\">\n        <img decoding=\"async\" src=\"\/wp-content\/uploads\/2025\/11\/kromikoristeet.jpg\" alt=\"Kromtillbeh\u00f6r\" loading=\"lazy\">\n        <h4>Kromtillbeh\u00f6r<\/h4>\n        <p class=\"rst-cat-count\">132 produkter<\/p>\n      <\/a>\n      <a href=\"\/sv\/produkt-kategori\/van-racking-systems\/\" class=\"rst-cat-card\">\n        <img decoding=\"async\" src=\"\/wp-content\/uploads\/2025\/11\/huoltoautokalusteet.jpg\" alt=\"Sk\u00e5pbilsinredning\" loading=\"lazy\">\n        <h4>Sk\u00e5pbilsinredning<\/h4>\n        <p class=\"rst-cat-count\">225 produkter<\/p>\n      <\/a>\n      <a href=\"\/sv\/produkt-kategori\/sun-visors-and-wind-deflectors\/window-wind-deflectors-for-vans\/\" class=\"rst-cat-card\">\n        <img decoding=\"async\" src=\"\/wp-content\/uploads\/2025\/11\/tuuliohjaimet.jpg\" alt=\"Vindavvisare\" loading=\"lazy\">\n        <h4>Vindavvisare<\/h4>\n        <p class=\"rst-cat-count\">19 produkter<\/p>\n      <\/a>\n      <a href=\"\/sv\/produkt-kategori\/roof-racks\/roof-racks-for-vans\/\" class=\"rst-cat-card\">\n        <img decoding=\"async\" src=\"\/wp-content\/uploads\/2025\/11\/kattokorit.jpg\" alt=\"Takr\u00e4cken\" loading=\"lazy\">\n        <h4>Takr\u00e4cken<\/h4>\n        <p class=\"rst-cat-count\">19 produkter<\/p>\n      <\/a>\n      <a href=\"\/sv\/produkt-kategori\/skid-plates\/skid-plates-for-vans\/\" class=\"rst-cat-card\">\n        <img decoding=\"async\" src=\"\/wp-content\/uploads\/2025\/11\/pohjapanssarit.jpg\" alt=\"Underk\u00f6rningsskydd\" loading=\"lazy\">\n        <h4>Underk\u00f6rningsskydd<\/h4>\n        <p class=\"rst-cat-count\">20 produkter<\/p>\n      <\/a>\n      <a href=\"\/sv\/produkt-kategori\/exterior\/towbars-for-vans\/\" class=\"rst-cat-card\">\n        <img decoding=\"async\" src=\"\/wp-content\/uploads\/2025\/11\/vetokoukut.jpg\" alt=\"Towbars\" loading=\"lazy\">\n        <h4>Towbars<\/h4>\n        <p class=\"rst-cat-count\">9 produkter<\/p>\n      <\/a>\n      <a href=\"\/sv\/produkt-kategori\/sun-visors-and-wind-deflectors\/wind-deflectors-for-vans\/\" class=\"rst-cat-card\">\n        <img decoding=\"async\" src=\"\/wp-content\/uploads\/2025\/11\/vetosuojat.jpg\" alt=\"Vindavvisare\" loading=\"lazy\">\n        <h4>Solskydd<\/h4>\n        <p class=\"rst-cat-count\">10 produkter<\/p>\n      <\/a>\n    <\/div>\n  <\/div>\n<\/div>\n<!-- BRANDS -->\n<div class=\"rst-pa rst-pa-brands\">\n  <div class=\"rst-pa-brands-inner\">\n    <div class=\"rst-section-header\">\n      <p class=\"rst-label\">Bl\u00e4ddra efter m\u00e4rke<\/p>\n      <h2>Handla efter sk\u00e5pbilsm\u00e4rke<\/h2>\n    <\/div>\n    <div class=\"rst-brand-grid\">\n      <a href=\"\/sv\/produkt-kategori\/side-bars-and-side-steps\/side-bars-for-vans\/mercedes-benz-side-bars\/\" class=\"rst-brand-card\">\n        <h4>Mercedes-Benz<\/h4>\n        <p class=\"rst-brand-count\">70 produkter<\/p>\n      <\/a>\n      <a href=\"\/sv\/produkt-kategori\/light-bars\/front-bars-for-vans\/volkswagen-front-bars\/\" class=\"rst-brand-card\">\n        <h4>Volkswagen<\/h4>\n        <p class=\"rst-brand-count\">51 produkter<\/p>\n      <\/a>\n      <a href=\"\/sv\/produkt-kategori\/light-bars\/front-bars-for-vans\/ford-front-bars\/\" class=\"rst-brand-card\">\n        <h4>Ford<\/h4>\n        <p class=\"rst-brand-count\">42 produkter<\/p>\n      <\/a>\n      <a href=\"\/sv\/produkt-kategori\/light-bars\/front-bars-for-vans\/\" class=\"rst-brand-card\">\n        <h4>Renault<\/h4>\n        <p class=\"rst-brand-count\">9 produkter<\/p>\n      <\/a>\n      <a href=\"\/sv\/produkt-kategori\/light-bars\/front-bars-for-vans\/peugeot-front-bars\/\" class=\"rst-brand-card\">\n        <h4>Peugeot<\/h4>\n        <p class=\"rst-brand-count\">9 produkter<\/p>\n      <\/a>\n      <a href=\"\/sv\/produkt-kategori\/light-bars\/front-bars-for-vans\/toyota-front-bars\/\" class=\"rst-brand-card\">\n        <h4>Toyota<\/h4>\n        <p class=\"rst-brand-count\">8 produkter<\/p>\n      <\/a>\n      <a href=\"\/sv\/produkt-kategori\/side-bars-and-side-steps\/rear-corner-bars-for-vans\/man-rear-corner-bars\/\" class=\"rst-brand-card\">\n        <h4>MAN<\/h4>\n        <p class=\"rst-brand-count\">7 produkter<\/p>\n      <\/a>\n      <a href=\"\/sv\/produkt-kategori\/light-bars\/front-bars-for-vans\/\" class=\"rst-brand-card\">\n        <h4>Opel<\/h4>\n        <p class=\"rst-brand-count\">7 produkter<\/p>\n      <\/a>\n    <\/div>\n  <\/div>\n<\/div>\n\n<!-- CONTENT -->\n<div class=\"rst-pa rst-pa-content\">\n  <div class=\"rst-pa-content-inner\">\n    <div class=\"rst-content-block\">\n      <h3>Professionella sk\u00e5pbilstillbeh\u00f6r<\/h3>\n      <p>RST-Steel erbjuder ett omfattande sortiment av sk\u00e5pbilstillbeh\u00f6r f\u00f6r b\u00e5de kommersiellt och fritidsbruk. V\u00e5rt urval inkluderar ljusb\u00e5gar, frontb\u00e5gar, sidosteg, kromtillbeh\u00f6r, underk\u00f6rningsskydd och takr\u00e4cken.<\/p>\n      <blockquote>H\u00f6gkvalitativa tillbeh\u00f6r skyddar ditt fordon och ger det ett professionellt utseende.<\/blockquote>\n    <\/div>\n    <div class=\"rst-content-block\">\n      <h3>Brett m\u00e4rkesurval<\/h3>\n      <p>V\u00e5rt sortiment t\u00e4cker alla de mest popul\u00e4ra sk\u00e5pbilsm\u00e4rkena: Mercedes-Benz Sprinter och Vito, Volkswagen Crafter och Transporter, Ford Transit och Transit Custom, Renault Master och Trafic, och m\u00e5nga fler.<\/p>\n    <\/div>\n    <div class=\"rst-content-block\">\n      <h3>Installationstj\u00e4nst<\/h3>\n      <p>We also offer professional installation services at our locations in Pirkkala, Kempele and Nivala, Finland. Our installation team will equip your van quickly and to the highest quality standards &mdash; contact us for more information.<\/p>\n    <\/div>\n  <\/div>\n<\/div><!-- CTA -->\n<div class=\"rst-pa rst-pa-cta\">\n  <h2>Beh\u00f6ver du hj\u00e4lp att v\u00e4lja r\u00e4tt produkter?<\/h2>\n  <p>V\u00e5rt s\u00e4ljteam hj\u00e4lper dig att hitta r\u00e4tt produkter f\u00f6r ditt fordon.<\/p>\n  <div class=\"rst-cta-contacts\">\n    <a href=\"tel:+358400890813\">&#9742; +358 400 890 813<\/a>\n    <a href=\"mailto:sales@rst-steel.fi\">\u2709 sales@rst-steel.fi<\/a>\n  <\/div>\n<\/div>\t\t\t\t<\/div>\n\t\t\t\t<\/div>\n\t\t\t\t\t<\/div>\n\t\t<\/div>\n\t\t\t\t\t<\/div>\n\t\t<\/section>\n\t\t\t\t<\/div>","protected":false},"excerpt":{"rendered":"<p>RST-Steel Oy Van Accessories A comprehensive range of van accessories: light bars, front bars, side bars, chrome accessories, skid plates&#8230;<\/p>","protected":false},"author":4,"featured_media":0,"parent":0,"menu_order":0,"comment_status":"closed","ping_status":"closed","template":"elementor_header_footer","meta":{"_improvement_type_select":"improve_an_existing","_thumb_yes_seoaic":false,"_frame_yes_seoaic":false,"seoaic_generate_description":"","seoaic_improve_instructions_prompt":"","seoaic_rollback_content_improvement":"","seoaic_idea_thumbnail_generator":"","thumbnail_generated":false,"thumbnail_generate_prompt":"","seoaic_article_description":"","footnotes":""},"wf_page_folders":[],"class_list":["post-39706","page","type-page","status-publish","hentry"],"yoast_head":"<!-- This site is optimized with the Yoast SEO plugin v27.1.1 - https:\/\/yoast.com\/product\/yoast-seo-wordpress\/ -->\n<title>Van Accessories | RST-Steel | Professional Van Equipment<\/title>\n<meta name=\"description\" content=\"Find front bars, side bars, roof racks, chrome accessories and much more for all popular van brands. Browse now!\" \/>\n<meta name=\"robots\" content=\"index, follow, max-snippet:-1, max-image-preview:large, max-video-preview:-1\" \/>\n<link rel=\"canonical\" href=\"https:\/\/rst-steel.com\/sv\/vans\/\" \/>\n<meta property=\"og:locale\" content=\"sv_SE\" \/>\n<meta property=\"og:type\" content=\"article\" \/>\n<meta property=\"og:title\" content=\"Van Accessories | RST-Steel | Professional Van Equipment\" \/>\n<meta property=\"og:description\" content=\"Find front bars, side bars, roof racks, chrome accessories and much more for all popular van brands. Browse now!\" \/>\n<meta property=\"og:url\" content=\"https:\/\/rst-steel.com\/sv\/vans\/\" \/>\n<meta property=\"og:site_name\" content=\"RST-Steel\" \/>\n<meta property=\"article:modified_time\" content=\"2026-03-20T12:50:59+00:00\" \/>\n<meta name=\"twitter:card\" content=\"summary_large_image\" \/>\n<script type=\"application\/ld+json\" class=\"yoast-schema-graph\">{\"@context\":\"https:\/\/schema.org\",\"@graph\":[{\"@type\":\"WebPage\",\"@id\":\"https:\/\/rst-steel.com\/vans\/\",\"url\":\"https:\/\/rst-steel.com\/vans\/\",\"name\":\"Van Accessories | RST-Steel | Professional Van Equipment\",\"isPartOf\":{\"@id\":\"https:\/\/rst-steel.com\/#website\"},\"datePublished\":\"2023-04-13T10:22:20+00:00\",\"dateModified\":\"2026-03-20T12:50:59+00:00\",\"description\":\"Find front bars, side bars, roof racks, chrome accessories and much more for all popular van brands. Browse now!\",\"breadcrumb\":{\"@id\":\"https:\/\/rst-steel.com\/vans\/#breadcrumb\"},\"inLanguage\":\"sv-SE\",\"potentialAction\":[{\"@type\":\"ReadAction\",\"target\":[\"https:\/\/rst-steel.com\/vans\/\"]}]},{\"@type\":\"BreadcrumbList\",\"@id\":\"https:\/\/rst-steel.com\/vans\/#breadcrumb\",\"itemListElement\":[{\"@type\":\"ListItem\",\"position\":1,\"name\":\"Home\",\"item\":\"https:\/\/rst-steel.com\/\"},{\"@type\":\"ListItem\",\"position\":2,\"name\":\"Vans\"}]},{\"@type\":\"WebSite\",\"@id\":\"https:\/\/rst-steel.com\/#website\",\"url\":\"https:\/\/rst-steel.com\/\",\"name\":\"RST-Steel Oy - Turvallista, tyylik\u00e4st\u00e4, ter\u00e4st\u00e4\",\"description\":\"Finnish quality for discerning drivers\",\"publisher\":{\"@id\":\"https:\/\/rst-steel.com\/#organization\"},\"potentialAction\":[{\"@type\":\"SearchAction\",\"target\":{\"@type\":\"EntryPoint\",\"urlTemplate\":\"https:\/\/rst-steel.com\/?s={search_term_string}\"},\"query-input\":{\"@type\":\"PropertyValueSpecification\",\"valueRequired\":true,\"valueName\":\"search_term_string\"}}],\"inLanguage\":\"sv-SE\"},{\"@type\":\"Organization\",\"@id\":\"https:\/\/rst-steel.com\/#organization\",\"name\":\"RST-Steel Oy\",\"alternateName\":\"RST-Steel Oy - Turvallista, tyylik\u00e4st\u00e4, ter\u00e4st\u00e4\",\"url\":\"https:\/\/rst-steel.com\/\",\"logo\":{\"@type\":\"ImageObject\",\"inLanguage\":\"sv-SE\",\"@id\":\"https:\/\/rst-steel.com\/#\/schema\/logo\/image\/\",\"url\":\"https:\/\/rst-steel.com\/wp-content\/uploads\/2025\/02\/cropped-rst-valkoinen-ilman-taustaa-02.png\",\"contentUrl\":\"https:\/\/rst-steel.com\/wp-content\/uploads\/2025\/02\/cropped-rst-valkoinen-ilman-taustaa-02.png\",\"width\":2319,\"height\":690,\"caption\":\"RST-Steel Oy\"},\"image\":{\"@id\":\"https:\/\/rst-steel.com\/#\/schema\/logo\/image\/\"}}]}<\/script>\n<!-- \/ Yoast SEO plugin. -->","yoast_head_json":{"title":"Sk\u00e5pbilstillbeh\u00f6r | RST-Steel | Professionell sk\u00e5pbilsutrustning","description":"Find front bars, side bars, roof racks, chrome accessories and much more for all popular van brands. Browse now!","robots":{"index":"index","follow":"follow","max-snippet":"max-snippet:-1","max-image-preview":"max-image-preview:large","max-video-preview":"max-video-preview:-1"},"canonical":"https:\/\/rst-steel.com\/sv\/vans\/","og_locale":"sv_SE","og_type":"article","og_title":"Van Accessories | RST-Steel | Professional Van Equipment","og_description":"Find front bars, side bars, roof racks, chrome accessories and much more for all popular van brands. Browse now!","og_url":"https:\/\/rst-steel.com\/sv\/vans\/","og_site_name":"RST-Steel","article_modified_time":"2026-03-20T12:50:59+00:00","twitter_card":"summary_large_image","schema":{"@context":"https:\/\/schema.org","@graph":[{"@type":"WebPage","@id":"https:\/\/rst-steel.com\/vans\/","url":"https:\/\/rst-steel.com\/vans\/","name":"Sk\u00e5pbilstillbeh\u00f6r | RST-Steel | Professionell sk\u00e5pbilsutrustning","isPartOf":{"@id":"https:\/\/rst-steel.com\/#website"},"datePublished":"2023-04-13T10:22:20+00:00","dateModified":"2026-03-20T12:50:59+00:00","description":"Find front bars, side bars, roof racks, chrome accessories and much more for all popular van brands. Browse now!","breadcrumb":{"@id":"https:\/\/rst-steel.com\/vans\/#breadcrumb"},"inLanguage":"sv-SE","potentialAction":[{"@type":"ReadAction","target":["https:\/\/rst-steel.com\/vans\/"]}]},{"@type":"BreadcrumbList","@id":"https:\/\/rst-steel.com\/vans\/#breadcrumb","itemListElement":[{"@type":"ListItem","position":1,"name":"Home","item":"https:\/\/rst-steel.com\/"},{"@type":"ListItem","position":2,"name":"Vans"}]},{"@type":"WebSite","@id":"https:\/\/rst-steel.com\/#website","url":"https:\/\/rst-steel.com\/","name":"RST-Steel Oy - Turvallista, tyylik\u00e4st\u00e4, ter\u00e4st\u00e4","description":"Finsk kvalitet f\u00f6r kvalitetsmedvetna f\u00f6rare","publisher":{"@id":"https:\/\/rst-steel.com\/#organization"},"potentialAction":[{"@type":"SearchAction","target":{"@type":"EntryPoint","urlTemplate":"https:\/\/rst-steel.com\/?s={search_term_string}"},"query-input":{"@type":"PropertyValueSpecification","valueRequired":true,"valueName":"search_term_string"}}],"inLanguage":"sv-SE"},{"@type":"Organization","@id":"https:\/\/rst-steel.com\/#organization","name":"Hantera alternativ","alternateName":"RST-Steel Oy - Turvallista, tyylik\u00e4st\u00e4, ter\u00e4st\u00e4","url":"https:\/\/rst-steel.com\/","logo":{"@type":"ImageObject","inLanguage":"sv-SE","@id":"https:\/\/rst-steel.com\/#\/schema\/logo\/image\/","url":"https:\/\/rst-steel.com\/wp-content\/uploads\/2025\/02\/cropped-rst-valkoinen-ilman-taustaa-02.png","contentUrl":"https:\/\/rst-steel.com\/wp-content\/uploads\/2025\/02\/cropped-rst-valkoinen-ilman-taustaa-02.png","width":2319,"height":690,"caption":"RST-Steel Oy"},"image":{"@id":"https:\/\/rst-steel.com\/#\/schema\/logo\/image\/"}}]}},"_links":{"self":[{"href":"https:\/\/rst-steel.com\/sv\/wp-json\/wp\/v2\/pages\/39706","targetHints":{"allow":["GET"]}}],"collection":[{"href":"https:\/\/rst-steel.com\/sv\/wp-json\/wp\/v2\/pages"}],"about":[{"href":"https:\/\/rst-steel.com\/sv\/wp-json\/wp\/v2\/types\/page"}],"author":[{"embeddable":true,"href":"https:\/\/rst-steel.com\/sv\/wp-json\/wp\/v2\/users\/4"}],"replies":[{"embeddable":true,"href":"https:\/\/rst-steel.com\/sv\/wp-json\/wp\/v2\/comments?post=39706"}],"version-history":[{"count":2,"href":"https:\/\/rst-steel.com\/sv\/wp-json\/wp\/v2\/pages\/39706\/revisions"}],"predecessor-version":[{"id":195473,"href":"https:\/\/rst-steel.com\/sv\/wp-json\/wp\/v2\/pages\/39706\/revisions\/195473"}],"wp:attachment":[{"href":"https:\/\/rst-steel.com\/sv\/wp-json\/wp\/v2\/media?parent=39706"}],"wp:term":[{"taxonomy":"wf_page_folders","embeddable":true,"href":"https:\/\/rst-steel.com\/sv\/wp-json\/wp\/v2\/wf_page_folders?post=39706"}],"curies":[{"name":"wp","href":"https:\/\/api.w.org\/{rel}","templated":true}]}}