{"id":60409,"date":"2024-03-26T13:29:29","date_gmt":"2024-03-26T10:29:29","guid":{"rendered":"http:\/\/135.181.236.253\/?page_id=60409"},"modified":"2026-03-25T13:34:20","modified_gmt":"2026-03-25T11:34:20","slug":"product-search","status":"publish","type":"page","link":"https:\/\/rst-steel.com\/sv\/product-search\/","title":{"rendered":"Product Search"},"content":{"rendered":"<style>\n  [x-cloak] {\n    display: none !important;\n  }\n<\/style>\n\n<div x-cloak id=\"rst-prosearch\" x-data=\"rstprosearch\" aria-label=\"S\u00f6k produkter efter fordon\">\n  <div id=\"rst-prosearch-filters\" aria-label=\"Fordonsfilter\">\n    <div class=\"\">\n      <label for=\"makeYear\">Typ av fordon<\/label>\n      <div class=\"rst-prosearch-input-group\">\n        <button role=\"presentation\" class=\"rst-prosearch-input-reset\" disabled>\n          <svg xmlns=\"http:\/\/www.w3.org\/2000\/svg\" viewbox=\"0 0 16 16\" fill=\"currentColor\" class=\"w-3 h-3\">\n            <path d=\"M2.908 2.067A.978.978 0 0 0 2 3.05V8h6V3.05a.978.978 0 0 0-.908-.983 32.481 32.481 0 0 0-4.184 0ZM12.919 4.722A.98.98 0 0 0 11.968 4H10a1 1 0 0 0-1 1v6.268A2 2 0 0 1 12 13h1a.977.977 0 0 0 .985-1 31.99 31.99 0 0 0-1.066-7.278Z\" \/>\n            <path d=\"M11 13a1 1 0 1 1-2 0 1 1 0 0 1 2 0ZM2 12V9h6v3a1 1 0 0 1-1 1 2 2 0 1 0-4 0 1 1 0 0 1-1-1Z\" \/>\n            <path d=\"M6 13a1 1 0 1 1-2 0 1 1 0 0 1 2 0Z\" \/>\n          <\/svg>\n        <\/button>\n        <select class=\"\" name=\"makeYear\" id=\"makeYear\" @change=\"updateYear($event.target.value)\" :disabled=\"activeMatch.makeBrand !== false\">\n          <option value=\"false\">-<\/option>\n          <option value='10905' :selected=\"activeMatch.makeYear === '10905'\">Pickup Lastbil<\/option><option value='10906' :selected=\"activeMatch.makeYear === '10906'\">Traktor<\/option><option value='10907' :selected=\"activeMatch.makeYear === '10907'\">Lastbil<\/option><option value='10908' :selected=\"activeMatch.makeYear === '10908'\">Sk\u00e5pbil<\/option><option value='10909' :selected=\"activeMatch.makeYear === '10909'\">Work machines<\/option>        <\/select>\n      <\/div>\n    <\/div>\n    <div class=\"\">\n      <label for=\"makeBrand\">Varum\u00e4rke<\/label>\n      <div class=\"rst-prosearch-input-group\">\n        <button role=\"presentation\" class=\"rst-prosearch-input-reset\" x-show=\"!activeMatch.makeBrand\" disabled>\n          <svg xmlns=\"http:\/\/www.w3.org\/2000\/svg\" viewbox=\"0 0 16 16\" fill=\"currentColor\" class=\"w-3 h-3\">\n            <path fill-rule=\"evenodd\" d=\"M8 1.75a.75.75 0 0 1 .692.462l1.41 3.393 3.664.293a.75.75 0 0 1 .428 1.317l-2.791 2.39.853 3.575a.75.75 0 0 1-1.12.814L7.998 12.08l-3.135 1.915a.75.75 0 0 1-1.12-.814l.852-3.574-2.79-2.39a.75.75 0 0 1 .427-1.318l3.663-.293 1.41-3.393A.75.75 0 0 1 8 1.75Z\" clip-rule=\"evenodd\" \/>\n          <\/svg>\n        <\/button>\n        <button class=\"rst-prosearch-input-reset\" @click=\"updateBrand('false')\" x-show=\"activeMatch.makeBrand !== false\">\n          <span class=\"sr-only\">\u00c5terst\u00e4ll fordonsm\u00e4rke<\/span>\n          <svg role=\"presentation\" xmlns=\"http:\/\/www.w3.org\/2000\/svg\" viewbox=\"0 0 16 16\" fill=\"currentColor\" class=\"w-3 h-3\">\n            <path fill-rule=\"evenodd\" d=\"M8 15A7 7 0 1 0 8 1a7 7 0 0 0 0 14Zm2.78-4.22a.75.75 0 0 1-1.06 0L8 9.06l-1.72 1.72a.75.75 0 1 1-1.06-1.06L6.94 8 5.22 6.28a.75.75 0 0 1 1.06-1.06L8 6.94l1.72-1.72a.75.75 0 1 1 1.06 1.06L9.06 8l1.72 1.72a.75.75 0 0 1 0 1.06Z\" clip-rule=\"evenodd\" \/>\n          <\/svg>\n        <\/button>\n        <select class=\"rounded-md py-1 px-2\" name=\"makeBrand\" id=\"makeBrand\" @change=\"updateBrand($event.target.value)\" :disabled=\"!activeMatch.makeYear || brandTermsLoading \">\n          <option value=\"false\" default x-text=\"brandTermsLoading ? 'Loading options' : 'Choose brand'\">-<\/option>\n          <template x-for=\"(brand, index) in brandTerms\" :key=\"index\">\n            <option :value=\"brand.term_id\" x-text=\"brand.term_name\" :selected=\"isSelected(brand.term_id, 'makeBrand')\"><\/option>\n          <\/template>\n        <\/select>\n      <\/div>\n    <\/div>\n    <div >\n      <label for=\"makeModel\">Fordonsmodell<\/label>\n      <div class=\"rst-prosearch-input-group\">\n        <button role=\"presentation\" class=\"rst-prosearch-input-reset\" x-show=\"!activeMatch.makeModel\" disabled>\n          <svg xmlns=\"http:\/\/www.w3.org\/2000\/svg\" viewbox=\"0 0 16 16\" fill=\"currentColor\" class=\"w-3 h-3\">\n            <path d=\"M2 4a2 2 0 0 1 2-2h8a2 2 0 1 1 0 4H4a2 2 0 0 1-2-2ZM2 9.25a.75.75 0 0 1 .75-.75h10.5a.75.75 0 0 1 0 1.5H2.75A.75.75 0 0 1 2 9.25ZM2.75 12.5a.75.75 0 0 0 0 1.5h10.5a.75.75 0 0 0 0-1.5H2.75Z\" \/>\n          <\/svg>\n        <\/button>\n        <button class=\"rst-prosearch-input-reset\" @click=\"updateModel('false')\" x-show=\"activeMatch.makeModel !== false\">\n          <span class=\"sr-only\">\u00c5terst\u00e4ll fordonsmodell<\/span>\n          <svg role=\"presentation\" xmlns=\"http:\/\/www.w3.org\/2000\/svg\" viewbox=\"0 0 16 16\" fill=\"currentColor\" class=\"w-3 h-3\">\n            <path fill-rule=\"evenodd\" d=\"M8 15A7 7 0 1 0 8 1a7 7 0 0 0 0 14Zm2.78-4.22a.75.75 0 0 1-1.06 0L8 9.06l-1.72 1.72a.75.75 0 1 1-1.06-1.06L6.94 8 5.22 6.28a.75.75 0 0 1 1.06-1.06L8 6.94l1.72-1.72a.75.75 0 1 1 1.06 1.06L9.06 8l1.72 1.72a.75.75 0 0 1 0 1.06Z\" clip-rule=\"evenodd\" \/>\n          <\/svg>\n        <\/button>\n        <select class=\"rounded-md py-1 px-2\" name=\"makeModel\" id=\"makeModel\" @change=\"updateModel($event.target.value)\" :disabled=\"!activeMatch.makeBrand ||\u00a0modelTermsLoading\">\n          <option value=\"false\" default x-text=\"modelTermsLoading ? 'Loading options' : 'Choose model'\">-<\/option>\n          <template x-for=\"(model, index) in modelTerms\" :key=\"index\">\n            <option :value=\"model.term_id\" x-text=\"model.term_name\" :selected=\"isSelected(model.term_id, 'makeModel')\"><\/option>\n          <\/template>\n        <\/select>\n      <\/div>\n    <\/div>\n    <div class=\"\">\n      <label for=\"makeEngine\">Fordonskaross<\/label>\n      <div class=\"rst-prosearch-input-group\">\n        <button role=\"presentation\" class=\"rst-prosearch-input-reset\" x-show=\"!activeMatch.makeEngine\" disabled>\n          <svg xmlns=\"http:\/\/www.w3.org\/2000\/svg\" viewbox=\"0 0 16 16\" fill=\"currentColor\" class=\"w-3 h-3\">\n            <path fill-rule=\"evenodd\" d=\"M2 3a1 1 0 0 1 1-1h3a1 1 0 0 1 1 1v8.5a2.5 2.5 0 0 1-5 0V3Zm3.25 8.5a.75.75 0 1 1-1.5 0 .75.75 0 0 1 1.5 0Z\" clip-rule=\"evenodd\" \/>\n            <path d=\"m8.5 11.035 3.778-3.778a1 1 0 0 0 0-1.414l-2.122-2.121a1 1 0 0 0-1.414 0l-.242.242v7.07ZM7.656 14H13a1 1 0 0 0 1-1v-3a1 1 0 0 0-1-1h-.344l-5 5Z\" \/>\n          <\/svg>\n        <\/button>\n        <button class=\"rst-prosearch-input-reset\" @click=\"updateEngine('false')\" x-show=\"activeMatch.makeEngine !== false\">\n          <span class=\"sr-only\">\u00c5terst\u00e4ll fordonskaross<\/span>\n          <svg role=\"presentation\" xmlns=\"http:\/\/www.w3.org\/2000\/svg\" viewbox=\"0 0 16 16\" fill=\"currentColor\" class=\"w-3 h-3\">\n            <path fill-rule=\"evenodd\" d=\"M8 15A7 7 0 1 0 8 1a7 7 0 0 0 0 14Zm2.78-4.22a.75.75 0 0 1-1.06 0L8 9.06l-1.72 1.72a.75.75 0 1 1-1.06-1.06L6.94 8 5.22 6.28a.75.75 0 0 1 1.06-1.06L8 6.94l1.72-1.72a.75.75 0 1 1 1.06 1.06L9.06 8l1.72 1.72a.75.75 0 0 1 0 1.06Z\" clip-rule=\"evenodd\" \/>\n          <\/svg>\n        <\/button>\n        <select class=\"rounded-md py-1 px-2\" name=\"makeEngine\" id=\"makeEngine\" @change=\"updateEngine($event.target.value)\" :disabled=\"!activeMatch.makeModel || engineTermsLoading\">\n          <option :value=\"false\" default x-text=\"engineTermsLoading ? 'Loading options' : 'Choose type'\">-<\/option>\n          <template x-for=\"(engine, index) in engineTerms\" :key=\"index\">\n            <option :value=\"engine.term_id\" x-text=\"engine.term_name\" :selected=\"isSelected(engine.term_id, 'makeEngine')\"><\/option>\n          <\/template>\n        <\/select>\n      <\/div>\n    <\/div>\n  <\/div>\n  <button id=\"rst-prosearch-expand-categories\" :class=\"categoriesExpanded && 'categories-open'\" @click=\"categoriesExpanded = !categoriesExpanded\">\n    <span x-text=\"categoriesExpanded ? 'Hide categories filter' : 'Show categories filter' \"><\/span>\n  <\/button>\n  <div id=\"rst-prosearch-categories\" class=\"brator-sidebar-single-item woocommerce widget_product_categories\" aria-label=\"Tillg\u00e4ngliga kategorier\" x-show=\"categoriesExpanded\" x-transition>\n    <h2 class=\"shop-sidebar-title\">Kategorier<\/h2>\n    <p class=\"rst-prosearch-tooltip\" x-show=\"categories.length === 0\">Select vehicle to see categories.<\/p>\n    <template x-if=\"categories.length >= 1\">\n      <aside role=\"list\" class=\"product-categories shop-cat-list\">\n        <button x-show=\"activeCategory\" @click=\"updateCategory(0)\" class=\"category-all\">\n          <svg xmlns=\"http:\/\/www.w3.org\/2000\/svg\" viewbox=\"0 0 16 16\" fill=\"currentColor\" style=\"width: 16px; height:16px;\">\n            <path fill-rule=\"evenodd\" d=\"M14 8a.75.75 0 0 1-.75.75H4.56l1.22 1.22a.75.75 0 1 1-1.06 1.06l-2.5-2.5a.75.75 0 0 1 0-1.06l2.5-2.5a.75.75 0 0 1 1.06 1.06L4.56 7.25h8.69A.75.75 0 0 1 14 8Z\" clip-rule=\"evenodd\" \/>\n          <\/svg>\n          <small>Alla<\/small>\n        <\/button>\n        <template x-for=\"(category, index) in categories\" :key=\"category.term_id\">\n          <div role=\"listitem\" class=\"cat-item\">\n            <button :class=\"activeCategory === category.term_id && 'active current-cat'\" @click=\"updateCategory(category.term_id)\" value=\"category.term_id\" x-text=\"category.term_name\"><\/button>\n            <template x-if=\"category.children\">\n              <div role=\"list\" class=\"rst-prosearch-subcategory-list\">\n                <template x-for=\"(child, index2) in category.children\" :key=\"child.term_id\">\n                  <div>\n                    <button :class=\"activeCategory === child.term_id && 'active'\" role=\"listitem\" @click=\"updateCategory(child.term_id)\" value=\"child.term_id\" x-text=\"child.term_name\"><\/button>\n                    <template x-if=\"hasChildren(child)\">\n                      <div role=\"list\" class=\"rst-prosearch-subcategory-list\">\n                        <template x-for=\"(grandchild, index3) in child.children\" :key=\"grandchild.term_id\">\n                          <button :class=\"activeCategory === grandchild.term_id && 'active'\" role=\"listitem\" @click=\"updateCategory(grandchild.term_id)\" value=\"grandchild.term_id\" x-text=\"grandchild.term_name\"><\/button>\n                        <\/template>\n                      <\/div>\n                    <\/template>\n                  <\/div>\n                <\/template>\n              <\/div>\n            <\/template>\n          <\/div>\n        <\/template>\n      <\/aside>\n    <\/template>\n  <\/div>\n  <template x-if=\"activeMatch.makeYear !== false\">\n    <div x-ref=\"prosearcResults\" id=\"rst-prosearch-results\" class=\"match-products-wrapper col-span-9 brator-filter-show-result\">\n        <div id=\"rst-prosearch-result-meta\">\n          <p class=\"woocommerce-result-count\">\n            <span class=\"sr-only\">Totalt antal produkter:<\/span>\n            <strong class=\"results-on-page\" x-text=\"countResultsOnView()\"><\/strong> \n            of \n            <span x-text=\"totalCount\"><\/span> results          <\/p>\n        <\/div>\n        <div role=\"list\" aria-label=\"S\u00f6kresultat\">\n          <template x-if=\"!loading\">\n            <template x-for=\"(product, index) in results\" :key=\"index\">\n              <div role=\"listitem\" class=\"brator-product-single-item-area design-two product type-product\" :data-sku=\"product.sku\">\n                <figure class=\"brator-product-single-item-img\">\n                  <a :href=\"product.permalink\" x-html=\"product.image\"><\/a>\n                <\/figure>\n                <div class=\"product-summary\">\n                  <h2 class=\"woocommerce-loop-product__title em-font-normal\">\n                    <a :href=\"product.permalink\" x-text=\"product.product_title\"><\/a>\n                  <\/h2>\n                  <div class=\"price-wrapper\">\n                    <template x-if=\"hasDiscount(product.sku)\">\n                      <div class=\"rst-prosearch-discount-price\">\n                        <span x-html=\"formatDiscount(product.regular_price, product.pricelist_price, product.sku)\"><\/span>\n                      <\/div>\n                    <\/template>\n                    <div :style=\"hasDiscount(product.sku) && 'opacity:.7; font-size: 13px;'\">\n                      <span class=\"price\" x-html=\"product.price_html\"><\/span>\n                    <\/div>\n                  <\/div>\n                  <div class=\"product-loop-button\">\n                    <a :href=\"product.permalink\" class=\"button product_type_simple add_to_cart_button ecomus-button product-loop-button product-loop-button-atc em-flex-align-center em-flex-center em-button\">Beg\u00e4r offert<\/a>\n                  <\/div>\n                <\/div>\n              <\/div>\n            <\/template>\n          <\/template>\n          <template x-if=\"loading\">\n            <template x-for=\"i in 24\">\n              <div role=\"presentation\" class=\"rst-prosearch-placeholder\" style=\"width: 100%; background: #ddd; border-radius: 1rem; height: 20rem;\"><\/div>\n            <\/template>\n          <\/template>\n        <\/div>\n        <div id=\"rst-prosearch-resultpages\" class=\"brator-pagination-box brator-product-pagination\">\n          <nav class=\"navigation pagination\" aria-label=\"Navigera mellan resultatsidor\">\n            <div class=\"nav-links\">\n              <!-- <button @click=\"paging('prev')\" :disabled=\"currentPage === 1\">Previous page<\/button> -->\n              <template x-for=\"page in pagingList\" :key=\"page\">\n                <button title=\"G\u00e5 till sida\" :class=\"currentPage === page && 'current'\" @click=\"paging(page)\" x-text=\"page\" class=\"page-numbers\"><\/button>\n              <\/template>\n              <!-- <button @click=\"paging('next')\" :disabled=\"currentPage === pages\">Next page<\/button> -->\n            <\/div>\n          <\/nav>\n        <\/div>\n    <\/div>\n  <\/template>\n  <template x-if=\"activeMatch.makeYear === false\">\n    <div id=\"rst-prosearch-onboarding\">\n      <svg xmlns=\"http:\/\/www.w3.org\/2000\/svg\" xml:space=\"preserve\" style=\"color: #666666; width: 128px; height: 128px;\">\n        <path fill=\"currentColor\" d=\"M84.552 99.768H43.376l-.126-1.865c-.213-3.143-.877-7.437-2.835-10.045-14.686-18.9-15.097-36.969-15.097-37.146 0-21.328 17.352-38.68 38.68-38.68 21.329 0 38.682 17.352 38.682 38.68 0 .177-.411 18.225-15.121 37.171-1.952 2.592-2.64 6.888-2.87 10.031l-.137 1.854zm-37.478-4h33.803c.408-3.406 1.356-7.463 3.504-10.314C98.291 67.537 98.68 50.875 98.68 50.712c0-19.123-15.559-34.68-34.682-34.68-19.122 0-34.68 15.557-34.68 34.68 0 .164.388 16.846 14.275 34.717 1.819 2.422 2.982 5.887 3.481 10.339z\"\/>\n        <path fill=\"currentColor\" d=\"m39.048 50.576-4-.001c.002-15.887 12.99-28.813 28.951-28.813v4c-13.756 0-24.949 11.132-24.951 24.814zM48.955 56.995l7.262 40.312-3.936.709-7.263-40.312zM79.05 57l3.937.71-7.258 40.315-3.938-.709z\"\/>\n        <path fill=\"currentColor\" d=\"m52.806 64.419-6.257-2.201 1.327-3.774 4.93 1.735 5.593-1.968 5.592 1.968 5.596-1.968 5.601 1.968 4.937-1.735 1.326 3.774-6.263 2.2-5.601-1.967-5.596 1.968-5.592-1.968zM40.149 96.201h47.702v4H40.149zM40.149 105.467h47.702v4H40.149zM40.149 114.734h47.702v4H40.149zM46.638 124h34.728v4H46.638z\"\/>\n        <path fill=\"currentColor\" d=\"M43.687 98.693h4v17.608h-4z\"\/>\n        <g>\n          <path fill=\"currentColor\" d=\"M62.001 0h4v7.272h-4zM52.862 1.203l1.883 7.024-3.864 1.036-1.883-7.024zM40.484 5.765l3.636 6.298-3.464 2-3.636-6.298zM29.705 13.378l5.143 5.144-2.83 2.828-5.142-5.144zM21.263 23.518l6.299 3.639-2.001 3.463-6.299-3.638zM15.733 35.499l7.025 1.883-1.035 3.863-7.025-1.883zM13.498 48.502h7.272v4h-7.272zM21.725 59.757l1.034 3.864-7.025 1.88-1.034-3.864zM25.559 70.385l2 3.466-6.3 3.635-2-3.465zM32.013 79.655l2.83 2.828-5.143 5.144-2.83-2.828zM95.975 79.658l5.142 5.144-2.829 2.828-5.142-5.144zM102.444 70.39l6.297 3.637-2 3.463-6.297-3.636zM106.28 59.76l7.025 1.88-1.035 3.865-7.025-1.88zM107.23 48.506h7.272v4h-7.272zM112.27 35.5l1.036 3.865-7.024 1.882-1.036-3.864zM106.734 23.52l2 3.464-6.298 3.636-2-3.464zM98.299 13.38l2.828 2.828-5.143 5.143-2.828-2.829zM87.523 5.767l3.465 2-3.635 6.298-3.465-2zM75.14 1.204l3.864 1.035-1.882 7.024-3.864-1.035z\"\/>\n        <\/g>\n      <\/svg>\n      <p>B\u00f6rja med att v\u00e4lja fordonstyp<\/p>\n    <\/div>\n  <\/template>\n<\/div>\n\n\n\n<h1 class=\"wp-block-heading has-large-font-size\">Product Search &#8211; Find the Right Accessories for Your Vehicle<\/h1>\n\n\n\n<p class=\"has-small-font-size\">V\u00e4lkommen till v\u00e5r produkts\u00f6kningssida! Vi har gjort det enkelt f\u00f6r dig att hitta r\u00e4tt produkter f\u00f6r ditt fordon. Anv\u00e4nd s\u00f6kverktyget f\u00f6r att filtrera produkter genom att v\u00e4lja fordonstyp, tillverkare, modell och modelltyp.<\/p>\n\n\n\n<p class=\"has-small-font-size\">Om du letar efter lastbilstillbeh\u00f6r som kuf\u00e5ngare, ljusramper eller sidor\u00f6r, b\u00f6rja med att v\u00e4lja lastbilstyp och begr\u00e4nsa sedan din s\u00f6kning efter tillverkare, modell och modelltyp. Popul\u00e4ra lastbilss\u00f6kningar inkluderar Scania NextGen och Volvo FH.<\/p>\n\n\n\n<p class=\"has-small-font-size\">F\u00f6r sk\u00e5pbilstillbeh\u00f6r, v\u00e4lj sk\u00e5pbilstyp och s\u00f6k sedan efter tillverkare, modell och modelltyp. Till exempel \u00e4r Ford Transit en popul\u00e4r sk\u00e5pbilsmodell som du kan hitta olika produkter till, som lastl\u00f6sningar och skydds\u00f6verdrag.<\/p>\n\n\n\n<p class=\"has-small-font-size\">Vi har \u00e4ven ett brett utbud av tillbeh\u00f6r f\u00f6r pickuper. V\u00e4lj pickuptyp tillsammans med tillverkare, modell och modelltyp. Till exempel Ford Ranger \u00e4r en av de mest popul\u00e4ra pickuperna f\u00f6r vilken du kan hitta olika tillbeh\u00f6r och uppgraderingar.<\/p>\n\n\n\n<p class=\"has-small-font-size\">Vi har till och med produkter som passar f\u00f6r traktorer. V\u00e4lj traktortyp f\u00f6ljt av tillverkare, modell och modelltyp. Oavsett om det \u00e4r en kompakt eller stor traktor hittar du de produkter du beh\u00f6ver. John Deere-traktorer \u00e4r till exempel popul\u00e4ra och vi erbjuder ett sortiment av tillbeh\u00f6r f\u00f6r dem.<\/p>\n\n\n\n<p class=\"has-small-font-size\">Prova v\u00e5r produkts\u00f6kning och hitta enkelt r\u00e4tt tillbeh\u00f6r till ditt fordon.<\/p>","protected":false},"excerpt":{"rendered":"<p>Product Search &#8211; Find the Right Accessories for Your Vehicle Welcome to our product search page! We have made it&#8230;<\/p>","protected":false},"author":4,"featured_media":0,"parent":0,"menu_order":0,"comment_status":"closed","ping_status":"closed","template":"","meta":{"_improvement_type_select":"improve_an_existing","_thumb_yes_seoaic":false,"_frame_yes_seoaic":false,"seoaic_generate_description":"","seoaic_improve_instructions_prompt":"","seoaic_rollback_content_improvement":"","seoaic_idea_thumbnail_generator":"","thumbnail_generated":false,"thumbnail_generate_prompt":"","seoaic_article_description":"","footnotes":""},"wf_page_folders":[],"class_list":["post-60409","page","type-page","status-publish","hentry"],"yoast_head":"<!-- This site is optimized with the Yoast SEO plugin v27.1.1 - https:\/\/yoast.com\/product\/yoast-seo-wordpress\/ -->\n<title>Product Search \u2013 Find Products for Your Vehicle - RST-Steel<\/title>\n<meta name=\"description\" content=\"Use our product search to easily find the right products and accessories for your specific vehicle.\" \/>\n<meta name=\"robots\" content=\"index, follow, max-snippet:-1, max-image-preview:large, max-video-preview:-1\" \/>\n<link rel=\"canonical\" href=\"https:\/\/rst-steel.com\/sv\/product-search\/\" \/>\n<meta property=\"og:locale\" content=\"sv_SE\" \/>\n<meta property=\"og:type\" content=\"article\" \/>\n<meta property=\"og:title\" content=\"Product Search \u2013 Find Products for Your Vehicle - RST-Steel\" \/>\n<meta property=\"og:description\" content=\"Use our product search to easily find the right products and accessories for your specific vehicle.\" \/>\n<meta property=\"og:url\" content=\"https:\/\/rst-steel.com\/sv\/product-search\/\" \/>\n<meta property=\"og:site_name\" content=\"RST-Steel\" \/>\n<meta property=\"article:modified_time\" content=\"2026-03-25T11:34:20+00:00\" \/>\n<meta name=\"twitter:card\" content=\"summary_large_image\" \/>\n<meta name=\"twitter:label1\" content=\"Ber\u00e4knad l\u00e4stid\" \/>\n\t<meta name=\"twitter:data1\" content=\"2 minuter\" \/>\n<script type=\"application\/ld+json\" class=\"yoast-schema-graph\">{\"@context\":\"https:\/\/schema.org\",\"@graph\":[{\"@type\":\"WebPage\",\"@id\":\"https:\/\/rst-steel.com\/product-search\/\",\"url\":\"https:\/\/rst-steel.com\/product-search\/\",\"name\":\"Product Search \u2013 Find Products for Your Vehicle - RST-Steel\",\"isPartOf\":{\"@id\":\"https:\/\/rst-steel.com\/#website\"},\"datePublished\":\"2024-03-26T10:29:29+00:00\",\"dateModified\":\"2026-03-25T11:34:20+00:00\",\"description\":\"Use our product search to easily find the right products and accessories for your specific vehicle.\",\"breadcrumb\":{\"@id\":\"https:\/\/rst-steel.com\/product-search\/#breadcrumb\"},\"inLanguage\":\"sv-SE\",\"potentialAction\":[{\"@type\":\"ReadAction\",\"target\":[\"https:\/\/rst-steel.com\/product-search\/\"]}]},{\"@type\":\"BreadcrumbList\",\"@id\":\"https:\/\/rst-steel.com\/product-search\/#breadcrumb\",\"itemListElement\":[{\"@type\":\"ListItem\",\"position\":1,\"name\":\"Home\",\"item\":\"https:\/\/rst-steel.com\/\"},{\"@type\":\"ListItem\",\"position\":2,\"name\":\"Product Search\"}]},{\"@type\":\"WebSite\",\"@id\":\"https:\/\/rst-steel.com\/#website\",\"url\":\"https:\/\/rst-steel.com\/\",\"name\":\"RST-Steel Oy - Turvallista, tyylik\u00e4st\u00e4, ter\u00e4st\u00e4\",\"description\":\"Finnish quality for discerning drivers\",\"publisher\":{\"@id\":\"https:\/\/rst-steel.com\/#organization\"},\"potentialAction\":[{\"@type\":\"SearchAction\",\"target\":{\"@type\":\"EntryPoint\",\"urlTemplate\":\"https:\/\/rst-steel.com\/?s={search_term_string}\"},\"query-input\":{\"@type\":\"PropertyValueSpecification\",\"valueRequired\":true,\"valueName\":\"search_term_string\"}}],\"inLanguage\":\"sv-SE\"},{\"@type\":\"Organization\",\"@id\":\"https:\/\/rst-steel.com\/#organization\",\"name\":\"RST-Steel Oy\",\"alternateName\":\"RST-Steel Oy - Turvallista, tyylik\u00e4st\u00e4, ter\u00e4st\u00e4\",\"url\":\"https:\/\/rst-steel.com\/\",\"logo\":{\"@type\":\"ImageObject\",\"inLanguage\":\"sv-SE\",\"@id\":\"https:\/\/rst-steel.com\/#\/schema\/logo\/image\/\",\"url\":\"https:\/\/rst-steel.com\/wp-content\/uploads\/2025\/02\/cropped-rst-valkoinen-ilman-taustaa-02.png\",\"contentUrl\":\"https:\/\/rst-steel.com\/wp-content\/uploads\/2025\/02\/cropped-rst-valkoinen-ilman-taustaa-02.png\",\"width\":2319,\"height\":690,\"caption\":\"RST-Steel Oy\"},\"image\":{\"@id\":\"https:\/\/rst-steel.com\/#\/schema\/logo\/image\/\"}}]}<\/script>\n<!-- \/ Yoast SEO plugin. -->","yoast_head_json":{"title":"Product Search \u2013 Find Products for Your Vehicle - RST-Steel","description":"Use our product search to easily find the right products and accessories for your specific vehicle.","robots":{"index":"index","follow":"follow","max-snippet":"max-snippet:-1","max-image-preview":"max-image-preview:large","max-video-preview":"max-video-preview:-1"},"canonical":"https:\/\/rst-steel.com\/sv\/product-search\/","og_locale":"sv_SE","og_type":"article","og_title":"Product Search \u2013 Find Products for Your Vehicle - RST-Steel","og_description":"Use our product search to easily find the right products and accessories for your specific vehicle.","og_url":"https:\/\/rst-steel.com\/sv\/product-search\/","og_site_name":"RST-Steel","article_modified_time":"2026-03-25T11:34:20+00:00","twitter_card":"summary_large_image","twitter_misc":{"Ber\u00e4knad l\u00e4stid":"2 minuter"},"schema":{"@context":"https:\/\/schema.org","@graph":[{"@type":"WebPage","@id":"https:\/\/rst-steel.com\/product-search\/","url":"https:\/\/rst-steel.com\/product-search\/","name":"Product Search \u2013 Find Products for Your Vehicle - RST-Steel","isPartOf":{"@id":"https:\/\/rst-steel.com\/#website"},"datePublished":"2024-03-26T10:29:29+00:00","dateModified":"2026-03-25T11:34:20+00:00","description":"Use our product search to easily find the right products and accessories for your specific vehicle.","breadcrumb":{"@id":"https:\/\/rst-steel.com\/product-search\/#breadcrumb"},"inLanguage":"sv-SE","potentialAction":[{"@type":"ReadAction","target":["https:\/\/rst-steel.com\/product-search\/"]}]},{"@type":"BreadcrumbList","@id":"https:\/\/rst-steel.com\/product-search\/#breadcrumb","itemListElement":[{"@type":"ListItem","position":1,"name":"Home","item":"https:\/\/rst-steel.com\/"},{"@type":"ListItem","position":2,"name":"Product Search"}]},{"@type":"WebSite","@id":"https:\/\/rst-steel.com\/#website","url":"https:\/\/rst-steel.com\/","name":"RST-Steel Oy - Turvallista, tyylik\u00e4st\u00e4, ter\u00e4st\u00e4","description":"Finsk kvalitet f\u00f6r kvalitetsmedvetna f\u00f6rare","publisher":{"@id":"https:\/\/rst-steel.com\/#organization"},"potentialAction":[{"@type":"SearchAction","target":{"@type":"EntryPoint","urlTemplate":"https:\/\/rst-steel.com\/?s={search_term_string}"},"query-input":{"@type":"PropertyValueSpecification","valueRequired":true,"valueName":"search_term_string"}}],"inLanguage":"sv-SE"},{"@type":"Organization","@id":"https:\/\/rst-steel.com\/#organization","name":"Hantera alternativ","alternateName":"RST-Steel Oy - Turvallista, tyylik\u00e4st\u00e4, ter\u00e4st\u00e4","url":"https:\/\/rst-steel.com\/","logo":{"@type":"ImageObject","inLanguage":"sv-SE","@id":"https:\/\/rst-steel.com\/#\/schema\/logo\/image\/","url":"https:\/\/rst-steel.com\/wp-content\/uploads\/2025\/02\/cropped-rst-valkoinen-ilman-taustaa-02.png","contentUrl":"https:\/\/rst-steel.com\/wp-content\/uploads\/2025\/02\/cropped-rst-valkoinen-ilman-taustaa-02.png","width":2319,"height":690,"caption":"RST-Steel Oy"},"image":{"@id":"https:\/\/rst-steel.com\/#\/schema\/logo\/image\/"}}]}},"_links":{"self":[{"href":"https:\/\/rst-steel.com\/sv\/wp-json\/wp\/v2\/pages\/60409","targetHints":{"allow":["GET"]}}],"collection":[{"href":"https:\/\/rst-steel.com\/sv\/wp-json\/wp\/v2\/pages"}],"about":[{"href":"https:\/\/rst-steel.com\/sv\/wp-json\/wp\/v2\/types\/page"}],"author":[{"embeddable":true,"href":"https:\/\/rst-steel.com\/sv\/wp-json\/wp\/v2\/users\/4"}],"replies":[{"embeddable":true,"href":"https:\/\/rst-steel.com\/sv\/wp-json\/wp\/v2\/comments?post=60409"}],"version-history":[{"count":1,"href":"https:\/\/rst-steel.com\/sv\/wp-json\/wp\/v2\/pages\/60409\/revisions"}],"predecessor-version":[{"id":195613,"href":"https:\/\/rst-steel.com\/sv\/wp-json\/wp\/v2\/pages\/60409\/revisions\/195613"}],"wp:attachment":[{"href":"https:\/\/rst-steel.com\/sv\/wp-json\/wp\/v2\/media?parent=60409"}],"wp:term":[{"taxonomy":"wf_page_folders","embeddable":true,"href":"https:\/\/rst-steel.com\/sv\/wp-json\/wp\/v2\/wf_page_folders?post=60409"}],"curies":[{"name":"wp","href":"https:\/\/api.w.org\/{rel}","templated":true}]}}