{"id":121515,"date":"2026-02-16T16:37:05","date_gmt":"2026-02-16T13:37:05","guid":{"rendered":"https:\/\/rst-steel.com\/product\/decorative-pipes-v-line-v27-scania-nextgen-s-highline-s12_prm_70613\/"},"modified":"2026-03-16T09:18:24","modified_gmt":"2026-03-16T06:18:24","slug":"decorative-pipes-v-line-v27-scania-nextgen-s-highline-s12_prm_70613","status":"publish","type":"product","link":"https:\/\/rst-steel.com\/sv\/produkt\/decorative-pipes-v-line-v27-scania-nextgen-s-highline-s12_prm_70613\/","title":{"rendered":"Decorative Pipes V-Line V27 Scania NextGen S Highline S12"},"content":{"rendered":"<p data-start=\"0\" data-end=\"67\"><span style=\"font-weight: bold;\">Decorative Pipes V-Line V27 Scania NextGen S Highline S12<\/span><\/p>\n<ul>\n<li><\/li>\n<\/ul>\n<p data-start=\"0\" data-end=\"67\">Enhance your Scania NextGen S Highline with RST\u2011Steel\u2019s V\u2011Line V27 decorative pipe set, designed specifically for <strong data-start=\"183\" data-end=\"202\">Highline S cabs<\/strong> \u2014 <strong data-start=\"205\" data-end=\"241\">note: not compatible with R cabs<\/strong>. This pipe set is made for vehicles equipped with <strong data-start=\"292\" data-end=\"315\">12\u202fcm side spoilers<\/strong>, and it only covers the side spoiler area (roof spoiler height does not affect fit).<\/p>\n<p data-start=\"404\" data-end=\"598\">Constructed from high\u2011quality stainless steel with a <strong data-start=\"457\" data-end=\"475\">60\u202fmm diameter<\/strong>, these decorative pipes add a premium look and superior durability to your truck. Choose between two LED configurations:<\/p>\n<ul data-start=\"600\" data-end=\"707\">\n<li data-start=\"600\" data-end=\"653\">\n<p data-start=\"602\" data-end=\"653\"><strong data-start=\"602\" data-end=\"614\">B\u2011model:<\/strong> 6 LEDs per pipe directed to the side<\/p>\n<\/li>\n<li data-start=\"654\" data-end=\"707\">\n<p data-start=\"656\" data-end=\"707\"><strong data-start=\"656\" data-end=\"668\">C\u2011model:<\/strong> 6 LEDs per pipe directed to the rear<\/p>\n<\/li>\n<\/ul>\n<p data-start=\"709\" data-end=\"827\">Easy installation using existing mounting points ensures a secure and precise fit without complicated modifications.<\/p>\n<p data-start=\"829\" data-end=\"1020\"><strong data-start=\"829\" data-end=\"858\">Tekniska specifikationer<\/strong><\/p>\n<ul>\n<li>F\u00e4rg: Polerat rostfritt st\u00e5l eller m\u00e5lat i standard RAL-f\u00e4rger<\/li>\n<li>Pipe diameter: 60\u202fmm<\/li>\n<li>Compatible cab: Scania NextGen S Highline S12 (side spoiler 12\u202fcm)<\/li>\n<li><\/li>\n<\/ul>\n<p data-start=\"1022\" data-end=\"1110\"><strong data-start=\"1022\" data-end=\"1043\">Paketet inneh\u00e5ller:<\/strong><\/p>\n<ul>\n<li>Decorative pipes<\/li>\n<li>Monteringsf\u00e4sten<\/li>\n<li>Instruktioner f\u00f6r installation<\/li>\n<\/ul>","protected":false},"excerpt":{"rendered":"<p><span style=\"font-weight: bold;\">Flera modellalternativ tillg\u00e4ngliga!<\/span><\/p>","protected":false},"featured_media":121513,"comment_status":"open","ping_status":"closed","template":"","meta":{"_improvement_type_select":"improve_an_existing","_thumb_yes_seoaic":false,"_frame_yes_seoaic":false,"seoaic_generate_description":"","seoaic_improve_instructions_prompt":"","seoaic_rollback_content_improvement":"","seoaic_idea_thumbnail_generator":"","thumbnail_generated":false,"thumbnail_generate_prompt":"","seoaic_article_description":""},"make_fuel_type":[],"make_model":[5623],"make_brand":[3744],"make_year":[3748],"pwb-brand":[8334],"product_brand":[],"product_cat":[6057,6061,7189],"product_tag":[8488,8494],"class_list":{"0":"post-121515","1":"product","2":"type-product","3":"status-publish","4":"has-post-thumbnail","6":"make_model-nextgen-s-2017","7":"make_brand-scania","8":"make_year-trucks","9":"pwb-brand-brand_rststeel","10":"product_cat-lightbars","11":"product_cat-work-light-bars-for-trucks","12":"product_cat-scania-ka-tk","13":"product_tag-scania","14":"product_tag-scania-nextgen","15":"product_shipping_class-lightbars","17":"first","18":"onbackorder","19":"taxable","20":"shipping-taxable","21":"purchasable","22":"product-type-variable"},"yoast_head":"<!-- This site is optimized with the Yoast SEO plugin v25.7 - https:\/\/yoast.com\/wordpress\/plugins\/seo\/ -->\n<title>Decorative Pipes V-Line V27 Scania NextGen S Highline S12 - RST-Steel<\/title>\n<meta name=\"description\" content=\"Decorative V-Line V27 pipes for Scania NextGen S Highline S12, offering stylish design, durability, and enhanced truck appearance.\" \/>\n<meta name=\"robots\" content=\"index, follow, max-snippet:-1, max-image-preview:large, max-video-preview:-1\" \/>\n<link rel=\"canonical\" href=\"https:\/\/rst-steel.com\/sv\/produkt\/decorative-pipes-v-line-v27-scania-nextgen-s-highline-s12_prm_70613\/\" \/>\n<meta property=\"og:locale\" content=\"sv_SE\" \/>\n<meta property=\"og:type\" content=\"article\" \/>\n<meta property=\"og:title\" content=\"Decorative Pipes V-Line V27 Scania NextGen S Highline S12 - RST-Steel\" \/>\n<meta property=\"og:description\" content=\"Decorative V-Line V27 pipes for Scania NextGen S Highline S12, offering stylish design, durability, and enhanced truck appearance.\" \/>\n<meta property=\"og:url\" content=\"https:\/\/rst-steel.com\/sv\/produkt\/decorative-pipes-v-line-v27-scania-nextgen-s-highline-s12_prm_70613\/\" \/>\n<meta property=\"og:site_name\" content=\"RST-Steel\" \/>\n<meta property=\"article:publisher\" content=\"https:\/\/www.facebook.com\/rststeel\" \/>\n<meta property=\"article:modified_time\" content=\"2026-03-16T06:18:24+00:00\" \/>\n<meta property=\"og:image\" content=\"https:\/\/rst-steel.com\/wp-content\/uploads\/2026\/02\/49cb8ccbc0914a67d02739d9c6c040a5d8543817_23143.jpg\" \/>\n\t<meta property=\"og:image:width\" content=\"223\" \/>\n\t<meta property=\"og:image:height\" content=\"1152\" \/>\n\t<meta property=\"og:image:type\" content=\"image\/jpeg\" \/>\n<meta name=\"twitter:card\" content=\"summary_large_image\" \/>\n<meta name=\"twitter:label1\" content=\"Ber\u00e4knad l\u00e4stid\" \/>\n\t<meta name=\"twitter:data1\" content=\"1 minut\" \/>\n<script type=\"application\/ld+json\" class=\"yoast-schema-graph\">{\"@context\":\"https:\/\/schema.org\",\"@graph\":[{\"@type\":\"WebPage\",\"@id\":\"https:\/\/rst-steel.com\/product\/decorative-pipes-v-line-v27-scania-nextgen-s-highline-s12_prm_70613\/\",\"url\":\"https:\/\/rst-steel.com\/product\/decorative-pipes-v-line-v27-scania-nextgen-s-highline-s12_prm_70613\/\",\"name\":\"Decorative Pipes V-Line V27 Scania NextGen S Highline S12 - RST-Steel\",\"isPartOf\":{\"@id\":\"https:\/\/rst-steel.com\/#website\"},\"primaryImageOfPage\":{\"@id\":\"https:\/\/rst-steel.com\/product\/decorative-pipes-v-line-v27-scania-nextgen-s-highline-s12_prm_70613\/#primaryimage\"},\"image\":{\"@id\":\"https:\/\/rst-steel.com\/product\/decorative-pipes-v-line-v27-scania-nextgen-s-highline-s12_prm_70613\/#primaryimage\"},\"thumbnailUrl\":\"https:\/\/rst-steel.com\/wp-content\/uploads\/2026\/02\/49cb8ccbc0914a67d02739d9c6c040a5d8543817_23143.jpg\",\"datePublished\":\"2026-02-16T13:37:05+00:00\",\"dateModified\":\"2026-03-16T06:18:24+00:00\",\"description\":\"Decorative V-Line V27 pipes for Scania NextGen S Highline S12, offering stylish design, durability, and enhanced truck appearance.\",\"breadcrumb\":{\"@id\":\"https:\/\/rst-steel.com\/product\/decorative-pipes-v-line-v27-scania-nextgen-s-highline-s12_prm_70613\/#breadcrumb\"},\"inLanguage\":\"sv-SE\",\"potentialAction\":[{\"@type\":\"ReadAction\",\"target\":[\"https:\/\/rst-steel.com\/product\/decorative-pipes-v-line-v27-scania-nextgen-s-highline-s12_prm_70613\/\"]}]},{\"@type\":\"ImageObject\",\"inLanguage\":\"sv-SE\",\"@id\":\"https:\/\/rst-steel.com\/product\/decorative-pipes-v-line-v27-scania-nextgen-s-highline-s12_prm_70613\/#primaryimage\",\"url\":\"https:\/\/rst-steel.com\/wp-content\/uploads\/2026\/02\/49cb8ccbc0914a67d02739d9c6c040a5d8543817_23143.jpg\",\"contentUrl\":\"https:\/\/rst-steel.com\/wp-content\/uploads\/2026\/02\/49cb8ccbc0914a67d02739d9c6c040a5d8543817_23143.jpg\",\"width\":223,\"height\":1152,\"caption\":\"Decorative Pipes V-Line V27 Scania NextGen S Highline S12\"},{\"@type\":\"BreadcrumbList\",\"@id\":\"https:\/\/rst-steel.com\/product\/decorative-pipes-v-line-v27-scania-nextgen-s-highline-s12_prm_70613\/#breadcrumb\",\"itemListElement\":[{\"@type\":\"ListItem\",\"position\":1,\"name\":\"Home\",\"item\":\"https:\/\/rst-steel.com\/\"},{\"@type\":\"ListItem\",\"position\":2,\"name\":\"RST-Steel Shop\",\"item\":\"https:\/\/rst-steel.com\/shop\/\"},{\"@type\":\"ListItem\",\"position\":3,\"name\":\"Decorative Pipes V-Line V27 Scania NextGen S Highline S12\"}]},{\"@type\":\"WebSite\",\"@id\":\"https:\/\/rst-steel.com\/#website\",\"url\":\"https:\/\/rst-steel.com\/\",\"name\":\"RST-Steel.com\",\"description\":\"Finnish quality steel, for quality-conscious drivers\",\"publisher\":{\"@id\":\"https:\/\/rst-steel.com\/#organization\"},\"alternateName\":\"Safe and stylish RST-Steel quality\",\"potentialAction\":[{\"@type\":\"SearchAction\",\"target\":{\"@type\":\"EntryPoint\",\"urlTemplate\":\"https:\/\/rst-steel.com\/?s={search_term_string}\"},\"query-input\":{\"@type\":\"PropertyValueSpecification\",\"valueRequired\":true,\"valueName\":\"search_term_string\"}}],\"inLanguage\":\"sv-SE\"},{\"@type\":\"Organization\",\"@id\":\"https:\/\/rst-steel.com\/#organization\",\"name\":\"RST-Steel Oy\",\"url\":\"https:\/\/rst-steel.com\/\",\"logo\":{\"@type\":\"ImageObject\",\"inLanguage\":\"sv-SE\",\"@id\":\"https:\/\/rst-steel.com\/#\/schema\/logo\/image\/\",\"url\":\"https:\/\/rst-steel.com\/wp-content\/uploads\/2023\/04\/cropped-Rst-logo-valkoinen-teksti-3.png\",\"contentUrl\":\"https:\/\/rst-steel.com\/wp-content\/uploads\/2023\/04\/cropped-Rst-logo-valkoinen-teksti-3.png\",\"width\":512,\"height\":115,\"caption\":\"RST-Steel Oy\"},\"image\":{\"@id\":\"https:\/\/rst-steel.com\/#\/schema\/logo\/image\/\"},\"sameAs\":[\"https:\/\/www.facebook.com\/rststeel\",\"https:\/\/www.instagram.com\/rststeeloy\/\"]}]}<\/script>\n<!-- \/ Yoast SEO plugin. -->","yoast_head_json":{"title":"Decorative Pipes V-Line V27 Scania NextGen S Highline S12 - RST-Steel","description":"Decorative V-Line V27 pipes for Scania NextGen S Highline S12, offering stylish design, durability, and enhanced truck appearance.","robots":{"index":"index","follow":"follow","max-snippet":"max-snippet:-1","max-image-preview":"max-image-preview:large","max-video-preview":"max-video-preview:-1"},"canonical":"https:\/\/rst-steel.com\/sv\/produkt\/decorative-pipes-v-line-v27-scania-nextgen-s-highline-s12_prm_70613\/","og_locale":"sv_SE","og_type":"article","og_title":"Decorative Pipes V-Line V27 Scania NextGen S Highline S12 - RST-Steel","og_description":"Decorative V-Line V27 pipes for Scania NextGen S Highline S12, offering stylish design, durability, and enhanced truck appearance.","og_url":"https:\/\/rst-steel.com\/sv\/produkt\/decorative-pipes-v-line-v27-scania-nextgen-s-highline-s12_prm_70613\/","og_site_name":"RST-Steel","article_publisher":"https:\/\/www.facebook.com\/rststeel","article_modified_time":"2026-03-16T06:18:24+00:00","og_image":[{"width":223,"height":1152,"url":"https:\/\/rst-steel.com\/wp-content\/uploads\/2026\/02\/49cb8ccbc0914a67d02739d9c6c040a5d8543817_23143.jpg","type":"image\/jpeg"}],"twitter_card":"summary_large_image","twitter_misc":{"Ber\u00e4knad l\u00e4stid":"1 minut"},"schema":{"@context":"https:\/\/schema.org","@graph":[{"@type":"WebPage","@id":"https:\/\/rst-steel.com\/product\/decorative-pipes-v-line-v27-scania-nextgen-s-highline-s12_prm_70613\/","url":"https:\/\/rst-steel.com\/product\/decorative-pipes-v-line-v27-scania-nextgen-s-highline-s12_prm_70613\/","name":"Decorative Pipes V-Line V27 Scania NextGen S Highline S12 - RST-Steel","isPartOf":{"@id":"https:\/\/rst-steel.com\/#website"},"primaryImageOfPage":{"@id":"https:\/\/rst-steel.com\/product\/decorative-pipes-v-line-v27-scania-nextgen-s-highline-s12_prm_70613\/#primaryimage"},"image":{"@id":"https:\/\/rst-steel.com\/product\/decorative-pipes-v-line-v27-scania-nextgen-s-highline-s12_prm_70613\/#primaryimage"},"thumbnailUrl":"https:\/\/rst-steel.com\/wp-content\/uploads\/2026\/02\/49cb8ccbc0914a67d02739d9c6c040a5d8543817_23143.jpg","datePublished":"2026-02-16T13:37:05+00:00","dateModified":"2026-03-16T06:18:24+00:00","description":"Decorative V-Line V27 pipes for Scania NextGen S Highline S12, offering stylish design, durability, and enhanced truck appearance.","breadcrumb":{"@id":"https:\/\/rst-steel.com\/product\/decorative-pipes-v-line-v27-scania-nextgen-s-highline-s12_prm_70613\/#breadcrumb"},"inLanguage":"sv-SE","potentialAction":[{"@type":"ReadAction","target":["https:\/\/rst-steel.com\/product\/decorative-pipes-v-line-v27-scania-nextgen-s-highline-s12_prm_70613\/"]}]},{"@type":"ImageObject","inLanguage":"sv-SE","@id":"https:\/\/rst-steel.com\/product\/decorative-pipes-v-line-v27-scania-nextgen-s-highline-s12_prm_70613\/#primaryimage","url":"https:\/\/rst-steel.com\/wp-content\/uploads\/2026\/02\/49cb8ccbc0914a67d02739d9c6c040a5d8543817_23143.jpg","contentUrl":"https:\/\/rst-steel.com\/wp-content\/uploads\/2026\/02\/49cb8ccbc0914a67d02739d9c6c040a5d8543817_23143.jpg","width":223,"height":1152,"caption":"Decorative Pipes V-Line V27 Scania NextGen S Highline S12"},{"@type":"BreadcrumbList","@id":"https:\/\/rst-steel.com\/product\/decorative-pipes-v-line-v27-scania-nextgen-s-highline-s12_prm_70613\/#breadcrumb","itemListElement":[{"@type":"ListItem","position":1,"name":"Home","item":"https:\/\/rst-steel.com\/"},{"@type":"ListItem","position":2,"name":"RST-Steel Shop","item":"https:\/\/rst-steel.com\/shop\/"},{"@type":"ListItem","position":3,"name":"Decorative Pipes V-Line V27 Scania NextGen S Highline S12"}]},{"@type":"WebSite","@id":"https:\/\/rst-steel.com\/#website","url":"https:\/\/rst-steel.com\/","name":"RST-Stahl.com","description":"Finskt kvalitetsst\u00e5l, f\u00f6r kvalitetsmedvetna f\u00f6rare","publisher":{"@id":"https:\/\/rst-steel.com\/#organization"},"alternateName":"Safe and stylish RST-Steel quality","potentialAction":[{"@type":"SearchAction","target":{"@type":"EntryPoint","urlTemplate":"https:\/\/rst-steel.com\/?s={search_term_string}"},"query-input":{"@type":"PropertyValueSpecification","valueRequired":true,"valueName":"search_term_string"}}],"inLanguage":"sv-SE"},{"@type":"Organization","@id":"https:\/\/rst-steel.com\/#organization","name":"RST-Steel Oy","url":"https:\/\/rst-steel.com\/","logo":{"@type":"ImageObject","inLanguage":"sv-SE","@id":"https:\/\/rst-steel.com\/#\/schema\/logo\/image\/","url":"https:\/\/rst-steel.com\/wp-content\/uploads\/2023\/04\/cropped-Rst-logo-valkoinen-teksti-3.png","contentUrl":"https:\/\/rst-steel.com\/wp-content\/uploads\/2023\/04\/cropped-Rst-logo-valkoinen-teksti-3.png","width":512,"height":115,"caption":"RST-Steel Oy"},"image":{"@id":"https:\/\/rst-steel.com\/#\/schema\/logo\/image\/"},"sameAs":["https:\/\/www.facebook.com\/rststeel","https:\/\/www.instagram.com\/rststeeloy\/"]}]}},"brands":[{"id":8334,"name":"RST-Steel","slug":"brand_rststeel"}],"_links":{"self":[{"href":"https:\/\/rst-steel.com\/sv\/wp-json\/wp\/v2\/product\/121515","targetHints":{"allow":["GET"]}}],"collection":[{"href":"https:\/\/rst-steel.com\/sv\/wp-json\/wp\/v2\/product"}],"about":[{"href":"https:\/\/rst-steel.com\/sv\/wp-json\/wp\/v2\/types\/product"}],"replies":[{"embeddable":true,"href":"https:\/\/rst-steel.com\/sv\/wp-json\/wp\/v2\/comments?post=121515"}],"version-history":[{"count":0,"href":"https:\/\/rst-steel.com\/sv\/wp-json\/wp\/v2\/product\/121515\/revisions"}],"wp:featuredmedia":[{"embeddable":true,"href":"https:\/\/rst-steel.com\/sv\/wp-json\/wp\/v2\/media\/121513"}],"wp:attachment":[{"href":"https:\/\/rst-steel.com\/sv\/wp-json\/wp\/v2\/media?parent=121515"}],"wp:term":[{"taxonomy":"make_fuel_type","embeddable":true,"href":"https:\/\/rst-steel.com\/sv\/wp-json\/wp\/v2\/make_fuel_type?post=121515"},{"taxonomy":"make_model","embeddable":true,"href":"https:\/\/rst-steel.com\/sv\/wp-json\/wp\/v2\/make_model?post=121515"},{"taxonomy":"make_brand","embeddable":true,"href":"https:\/\/rst-steel.com\/sv\/wp-json\/wp\/v2\/make_brand?post=121515"},{"taxonomy":"make_year","embeddable":true,"href":"https:\/\/rst-steel.com\/sv\/wp-json\/wp\/v2\/make_year?post=121515"},{"taxonomy":"pwb-brand","embeddable":true,"href":"https:\/\/rst-steel.com\/sv\/wp-json\/wp\/v2\/pwb-brand?post=121515"},{"taxonomy":"product_brand","embeddable":true,"href":"https:\/\/rst-steel.com\/sv\/wp-json\/wp\/v2\/product_brand?post=121515"},{"taxonomy":"product_cat","embeddable":true,"href":"https:\/\/rst-steel.com\/sv\/wp-json\/wp\/v2\/product_cat?post=121515"},{"taxonomy":"product_tag","embeddable":true,"href":"https:\/\/rst-steel.com\/sv\/wp-json\/wp\/v2\/product_tag?post=121515"}],"curies":[{"name":"wp","href":"https:\/\/api.w.org\/{rel}","templated":true}]}}