{"id":121572,"date":"2026-02-17T12:25:09","date_gmt":"2026-02-17T09:25:09","guid":{"rendered":"https:\/\/rst-steel.com\/product\/rst-flash-dark-optic-600-1800mm-gen2_prm_76012\/"},"modified":"2026-03-16T09:20:12","modified_gmt":"2026-03-16T06:20:12","slug":"rst-flash-dark-optic-600-1800mm-gen2_prm_76012","status":"publish","type":"product","link":"https:\/\/rst-steel.com\/sv\/produkt\/rst-flash-dark-optic-600-1800mm-gen2_prm_76012\/","title":{"rendered":"RST Flash dark optic 600-1800mm Gen2"},"content":{"rendered":"<p data-start=\"0\" data-end=\"39\"><span data-start=\"41\" data-end=\"101\" style=\"font-weight: bold\">RST Flash dark optic 600-1800mm Gen2<\/span><\/p>\n<ul>\n<li><span data-start=\"41\" data-end=\"101\"><br \/><\/span><\/li>\n<\/ul>\n<p data-start=\"0\" data-end=\"39\"><strong data-start=\"41\" data-end=\"101\">R65-approved beacons \u2013 high visibility in all conditions<\/strong><\/p>\n<p data-start=\"41\" data-end=\"319\">\nHigh-quality RST Flash beacons deliver excellent visibility and safety in demanding environments. Available in sizes from 600 mm to 1800 mm, they are versatile for cars, vans, off-road vehicles, and work machines.<\/p>\n<p data-start=\"321\" data-end=\"655\"><strong data-start=\"321\" data-end=\"368\">Versatile features and reliable performance<\/strong><br data-start=\"368\" data-end=\"371\"><br \/>\nThese beacons feature R65 Class 2 approval, separate day and night modes, 12 flash patterns, and Cruise mode for steady light without flashing. 360\u00b0 illumination ensures visibility from all angles, and top-level radio interference protection (Class 5) guarantees reliable operation.<\/p>\n<p data-start=\"657\" data-end=\"903\"><strong data-start=\"657\" data-end=\"687\">Durable and stylish design<\/strong><br data-start=\"687\" data-end=\"690\"><br \/>\nRobust construction protects against impact, water, and dust, while the modern dark profile combines style with aerodynamic design. Multiple beacons can be synchronized for seamless operation on larger vehicles.<\/p>\n<p data-start=\"905\" data-end=\"1068\"><strong data-start=\"905\" data-end=\"943\">Practical and aerodynamic solution<\/strong><br data-start=\"943\" data-end=\"946\"><br \/>\nSmoke-grey polycarbonate lens gives a sleek appearance even when off. Slim design reduces air resistance and wind noise.<\/p>\n<p data-start=\"1070\" data-end=\"1094\"><strong data-start=\"1070\" data-end=\"1092\">24-month warranty!<\/strong><\/p>\n<p data-start=\"1096\" data-end=\"1123\"><strong data-start=\"1096\" data-end=\"1121\">Included in delivery:<\/strong><\/p>\n<ul data-start=\"1124\" data-end=\"1302\">\n<li data-start=\"1124\" data-end=\"1170\">\n<p data-start=\"1126\" data-end=\"1170\">Purelux Flash beacon panel 600\u20131800mm Gen2<\/p>\n<\/li>\n<li data-start=\"1171\" data-end=\"1192\">\n<p data-start=\"1173\" data-end=\"1192\">Monteringsf\u00e4sten<\/p>\n<\/li>\n<li data-start=\"1193\" data-end=\"1211\">\n<p data-start=\"1195\" data-end=\"1211\">Mounting bolts<\/p>\n<\/li>\n<li data-start=\"1212\" data-end=\"1255\">\n<p data-start=\"1214\" data-end=\"1255\">Power cable, 5000 mm, without connector<\/p>\n<\/li>\n<li data-start=\"1256\" data-end=\"1302\">\n<p data-start=\"1258\" data-end=\"1302\">Installation instructions (FI\/EN\/SE\/NO\/DK)<\/p>\n<\/li>\n<\/ul>\n<p data-start=\"1304\" data-end=\"1335\"><strong data-start=\"1304\" data-end=\"1333\">Tekniska specifikationer:<\/strong><\/p>\n<ul data-start=\"1336\" data-end=\"1895\">\n<li data-start=\"1336\" data-end=\"1378\">\n<p data-start=\"1338\" data-end=\"1378\">Brand &amp; model: RST Flash 600\u20131800 Gen2<\/p>\n<\/li>\n<li data-start=\"1379\" data-end=\"1445\">\n<p data-start=\"1381\" data-end=\"1445\">Purpose: Warning and safety light for vehicles \/ work machines<\/p>\n<\/li>\n<li data-start=\"1446\" data-end=\"1475\">\n<p data-start=\"1448\" data-end=\"1475\">Operating voltage: 10\u201336V<\/p>\n<\/li>\n<li data-start=\"1476\" data-end=\"1517\">\n<p data-start=\"1478\" data-end=\"1517\">Mounting: Bracket set, mounting bolts<\/p>\n<\/li>\n<li data-start=\"1518\" data-end=\"1551\">\n<p data-start=\"1520\" data-end=\"1551\">Connector: None, direct wires<\/p>\n<\/li>\n<li data-start=\"1552\" data-end=\"1576\">\n<p data-start=\"1554\" data-end=\"1576\">Cable length: 500 cm<\/p>\n<\/li>\n<li data-start=\"1577\" data-end=\"1608\">\n<p data-start=\"1579\" data-end=\"1608\">Height with brackets: 77 mm<\/p>\n<\/li>\n<li data-start=\"1609\" data-end=\"1667\">\n<p data-start=\"1611\" data-end=\"1667\">Weight (with brackets): 4500\u201310500 g depending on size<\/p>\n<\/li>\n<li data-start=\"1668\" data-end=\"1688\">\n<p data-start=\"1670\" data-end=\"1688\">IP-klassning: IP69K<\/p>\n<\/li>\n<li data-start=\"1689\" data-end=\"1755\">\n<p data-start=\"1691\" data-end=\"1755\">Approvals: EMC ECE R10, R65 Class 2, CISPR25 Class 5, CE, RoHS<\/p>\n<\/li>\n<li data-start=\"1756\" data-end=\"1797\">\n<p data-start=\"1758\" data-end=\"1797\">Operating temperature: -40\u00b0C to +50\u00b0C<\/p>\n<\/li>\n<li data-start=\"1798\" data-end=\"1821\">\n<p data-start=\"1800\" data-end=\"1821\">Garanti: 24 m\u00e5nader<\/p>\n<\/li>\n<li data-start=\"1822\" data-end=\"1895\">\n<p data-start=\"1824\" data-end=\"1895\">Features: 12 modes, amber light, ultra-low profile, 360\u00b0 illumination<\/p>\n<\/li>\n<\/ul>\n<p data-start=\"1897\" data-end=\"1926\"><strong data-start=\"1897\" data-end=\"1924\">Dimensions (W x H x D):<\/strong><\/p>\n<ul data-start=\"1927\" data-end=\"2113\">\n<li data-start=\"1927\" data-end=\"1956\">\n<p data-start=\"1929\" data-end=\"1956\">600 mm: 584 x 35 x 240 mm<\/p>\n<\/li>\n<li data-start=\"1957\" data-end=\"1986\">\n<p data-start=\"1959\" data-end=\"1986\">800 mm: 784 x 35 x 240 mm<\/p>\n<\/li>\n<li data-start=\"1987\" data-end=\"2017\">\n<p data-start=\"1989\" data-end=\"2017\">1000 mm: 984 x 35 x 240 mm<\/p>\n<\/li>\n<li data-start=\"2018\" data-end=\"2049\">\n<p data-start=\"2020\" data-end=\"2049\">1200 mm: 1184 x 35 x 240 mm<\/p>\n<\/li>\n<li data-start=\"2050\" data-end=\"2081\">\n<p data-start=\"2052\" data-end=\"2081\">1400 mm: 1384 x 35 x 240 mm<\/p>\n<\/li>\n<li data-start=\"2082\" data-end=\"2113\">\n<p data-start=\"2084\" data-end=\"2113\">1800 mm: 1784 x 35 x 240 mm<\/p>\n<\/li>\n<\/ul>\n<p data-start=\"2115\" data-end=\"2159\"><strong data-start=\"2115\" data-end=\"2157\">Manufacturer-listed current and power:<\/strong><\/p>\n<\/p>\n<ul data-start=\"2160\" data-end=\"2405\" data-is-last-node=\"\" data-is-only-node=\"\">\n<li data-start=\"2160\" data-end=\"2199\">\n<p data-start=\"2162\" data-end=\"2199\">600 mm: 8.45A @12V \/ 3.9A @24V, 84W<\/p>\n<\/li>\n<li data-start=\"2200\" data-end=\"2240\">\n<p data-start=\"2202\" data-end=\"2240\">800 mm: 8.45A @12V \/ 3.9A @24V, 102W<\/p>\n<\/li>\n<li data-start=\"2241\" data-end=\"2280\">\n<p data-start=\"2243\" data-end=\"2280\">1000 mm: 10A @12V \/ 4.6A @24V, 120W<\/p>\n<\/li>\n<li data-start=\"2281\" data-end=\"2322\">\n<p data-start=\"2283\" data-end=\"2322\">1200 mm: 11.4A @12V \/ 5.1A @24V, 137W<\/p>\n<\/li>\n<li data-start=\"2323\" data-end=\"2365\">\n<p data-start=\"2325\" data-end=\"2365\">1400 mm: 12.45A @12V \/ 5.5A @24V, 150W<\/p>\n<\/li>\n<li data-start=\"2366\" data-end=\"2405\" data-is-last-node=\"\">\n<p data-start=\"2368\" data-end=\"2405\" data-is-last-node=\"\">1800 mm: 15.5A @12V \/ 6.2A @24V, 186W<\/p>\n<\/li>\n<\/ul>","protected":false},"excerpt":{"rendered":"<p>Modern and durable beacon panel for demanding professional use<\/p>","protected":false},"featured_media":121568,"comment_status":"open","ping_status":"closed","template":"","meta":{"_improvement_type_select":"improve_an_existing","_thumb_yes_seoaic":false,"_frame_yes_seoaic":false,"seoaic_generate_description":"","seoaic_improve_instructions_prompt":"","seoaic_rollback_content_improvement":"","seoaic_idea_thumbnail_generator":"","thumbnail_generated":false,"thumbnail_generate_prompt":"","seoaic_article_description":""},"make_fuel_type":[],"make_model":[],"make_brand":[],"make_year":[],"pwb-brand":[],"product_brand":[],"product_cat":[8226,8225,6195],"product_tag":[8489],"class_list":{"0":"post-121572","1":"product","2":"type-product","3":"status-publish","4":"has-post-thumbnail","6":"product_cat-led-beacons","7":"product_cat-warning-lights","8":"product_cat-lamps","9":"product_tag-purelux","11":"first","12":"instock","13":"taxable","14":"shipping-taxable","15":"purchasable","16":"product-type-variable"},"yoast_head":"<!-- This site is optimized with the Yoast SEO plugin v25.7 - https:\/\/yoast.com\/wordpress\/plugins\/seo\/ -->\n<title>RST Flash dark optic 600-1800mm Gen2 - RST-Steel<\/title>\n<meta name=\"description\" content=\"RST Flash Dark Optic 600\u20131800mm Gen2 beacon panel. Durable, R65-approved, 12 flash modes, impact-resistant, 360\u00b0 visibility, for 12V\/24V systems.\" \/>\n<meta name=\"robots\" content=\"index, follow, max-snippet:-1, max-image-preview:large, max-video-preview:-1\" \/>\n<link rel=\"canonical\" href=\"https:\/\/rst-steel.com\/sv\/produkt\/rst-flash-dark-optic-600-1800mm-gen2_prm_76012\/\" \/>\n<meta property=\"og:locale\" content=\"sv_SE\" \/>\n<meta property=\"og:type\" content=\"article\" \/>\n<meta property=\"og:title\" content=\"RST Flash dark optic 600-1800mm Gen2 - RST-Steel\" \/>\n<meta property=\"og:description\" content=\"RST Flash Dark Optic 600\u20131800mm Gen2 beacon panel. Durable, R65-approved, 12 flash modes, impact-resistant, 360\u00b0 visibility, for 12V\/24V systems.\" \/>\n<meta property=\"og:url\" content=\"https:\/\/rst-steel.com\/sv\/produkt\/rst-flash-dark-optic-600-1800mm-gen2_prm_76012\/\" \/>\n<meta property=\"og:site_name\" content=\"RST-Steel\" \/>\n<meta property=\"article:publisher\" content=\"https:\/\/www.facebook.com\/rststeel\" \/>\n<meta property=\"article:modified_time\" content=\"2026-03-16T06:20:12+00:00\" \/>\n<meta property=\"og:image\" content=\"https:\/\/rst-steel.com\/wp-content\/uploads\/2026\/02\/233035c2a9605f9d357fd0fa31e2bd773030ca1b_purelux_flash_600_gen2_3.jpg\" \/>\n\t<meta property=\"og:image:width\" content=\"2048\" \/>\n\t<meta property=\"og:image:height\" content=\"2048\" \/>\n\t<meta property=\"og:image:type\" content=\"image\/jpeg\" \/>\n<meta name=\"twitter:card\" content=\"summary_large_image\" \/>\n<meta name=\"twitter:label1\" content=\"Ber\u00e4knad l\u00e4stid\" \/>\n\t<meta name=\"twitter:data1\" content=\"2 minuter\" \/>\n<script type=\"application\/ld+json\" class=\"yoast-schema-graph\">{\"@context\":\"https:\/\/schema.org\",\"@graph\":[{\"@type\":\"WebPage\",\"@id\":\"https:\/\/rst-steel.com\/product\/rst-flash-dark-optic-600-1800mm-gen2_prm_76012\/\",\"url\":\"https:\/\/rst-steel.com\/product\/rst-flash-dark-optic-600-1800mm-gen2_prm_76012\/\",\"name\":\"RST Flash dark optic 600-1800mm Gen2 - RST-Steel\",\"isPartOf\":{\"@id\":\"https:\/\/rst-steel.com\/#website\"},\"primaryImageOfPage\":{\"@id\":\"https:\/\/rst-steel.com\/product\/rst-flash-dark-optic-600-1800mm-gen2_prm_76012\/#primaryimage\"},\"image\":{\"@id\":\"https:\/\/rst-steel.com\/product\/rst-flash-dark-optic-600-1800mm-gen2_prm_76012\/#primaryimage\"},\"thumbnailUrl\":\"https:\/\/rst-steel.com\/wp-content\/uploads\/2026\/02\/233035c2a9605f9d357fd0fa31e2bd773030ca1b_purelux_flash_600_gen2_3.jpg\",\"datePublished\":\"2026-02-17T09:25:09+00:00\",\"dateModified\":\"2026-03-16T06:20:12+00:00\",\"description\":\"RST Flash Dark Optic 600\u20131800mm Gen2 beacon panel. Durable, R65-approved, 12 flash modes, impact-resistant, 360\u00b0 visibility, for 12V\/24V systems.\",\"breadcrumb\":{\"@id\":\"https:\/\/rst-steel.com\/product\/rst-flash-dark-optic-600-1800mm-gen2_prm_76012\/#breadcrumb\"},\"inLanguage\":\"sv-SE\",\"potentialAction\":[{\"@type\":\"ReadAction\",\"target\":[\"https:\/\/rst-steel.com\/product\/rst-flash-dark-optic-600-1800mm-gen2_prm_76012\/\"]}]},{\"@type\":\"ImageObject\",\"inLanguage\":\"sv-SE\",\"@id\":\"https:\/\/rst-steel.com\/product\/rst-flash-dark-optic-600-1800mm-gen2_prm_76012\/#primaryimage\",\"url\":\"https:\/\/rst-steel.com\/wp-content\/uploads\/2026\/02\/233035c2a9605f9d357fd0fa31e2bd773030ca1b_purelux_flash_600_gen2_3.jpg\",\"contentUrl\":\"https:\/\/rst-steel.com\/wp-content\/uploads\/2026\/02\/233035c2a9605f9d357fd0fa31e2bd773030ca1b_purelux_flash_600_gen2_3.jpg\",\"width\":2048,\"height\":2048,\"caption\":\"RST Flash dark optic 600-1800mm Gen2\"},{\"@type\":\"BreadcrumbList\",\"@id\":\"https:\/\/rst-steel.com\/product\/rst-flash-dark-optic-600-1800mm-gen2_prm_76012\/#breadcrumb\",\"itemListElement\":[{\"@type\":\"ListItem\",\"position\":1,\"name\":\"Home\",\"item\":\"https:\/\/rst-steel.com\/\"},{\"@type\":\"ListItem\",\"position\":2,\"name\":\"RST-Steel Shop\",\"item\":\"https:\/\/rst-steel.com\/shop\/\"},{\"@type\":\"ListItem\",\"position\":3,\"name\":\"RST Flash dark optic 600-1800mm Gen2\"}]},{\"@type\":\"WebSite\",\"@id\":\"https:\/\/rst-steel.com\/#website\",\"url\":\"https:\/\/rst-steel.com\/\",\"name\":\"RST-Steel.com\",\"description\":\"Finnish quality steel, for quality-conscious drivers\",\"publisher\":{\"@id\":\"https:\/\/rst-steel.com\/#organization\"},\"alternateName\":\"Safe and stylish RST-Steel quality\",\"potentialAction\":[{\"@type\":\"SearchAction\",\"target\":{\"@type\":\"EntryPoint\",\"urlTemplate\":\"https:\/\/rst-steel.com\/?s={search_term_string}\"},\"query-input\":{\"@type\":\"PropertyValueSpecification\",\"valueRequired\":true,\"valueName\":\"search_term_string\"}}],\"inLanguage\":\"sv-SE\"},{\"@type\":\"Organization\",\"@id\":\"https:\/\/rst-steel.com\/#organization\",\"name\":\"RST-Steel Oy\",\"url\":\"https:\/\/rst-steel.com\/\",\"logo\":{\"@type\":\"ImageObject\",\"inLanguage\":\"sv-SE\",\"@id\":\"https:\/\/rst-steel.com\/#\/schema\/logo\/image\/\",\"url\":\"https:\/\/rst-steel.com\/wp-content\/uploads\/2023\/04\/cropped-Rst-logo-valkoinen-teksti-3.png\",\"contentUrl\":\"https:\/\/rst-steel.com\/wp-content\/uploads\/2023\/04\/cropped-Rst-logo-valkoinen-teksti-3.png\",\"width\":512,\"height\":115,\"caption\":\"RST-Steel Oy\"},\"image\":{\"@id\":\"https:\/\/rst-steel.com\/#\/schema\/logo\/image\/\"},\"sameAs\":[\"https:\/\/www.facebook.com\/rststeel\",\"https:\/\/www.instagram.com\/rststeeloy\/\"]}]}<\/script>\n<!-- \/ Yoast SEO plugin. -->","yoast_head_json":{"title":"RST Flash dark optic 600-1800mm Gen2 - RST-Steel","description":"RST Flash Dark Optic 600\u20131800mm Gen2 beacon panel. Durable, R65-approved, 12 flash modes, impact-resistant, 360\u00b0 visibility, for 12V\/24V systems.","robots":{"index":"index","follow":"follow","max-snippet":"max-snippet:-1","max-image-preview":"max-image-preview:large","max-video-preview":"max-video-preview:-1"},"canonical":"https:\/\/rst-steel.com\/sv\/produkt\/rst-flash-dark-optic-600-1800mm-gen2_prm_76012\/","og_locale":"sv_SE","og_type":"article","og_title":"RST Flash dark optic 600-1800mm Gen2 - RST-Steel","og_description":"RST Flash Dark Optic 600\u20131800mm Gen2 beacon panel. Durable, R65-approved, 12 flash modes, impact-resistant, 360\u00b0 visibility, for 12V\/24V systems.","og_url":"https:\/\/rst-steel.com\/sv\/produkt\/rst-flash-dark-optic-600-1800mm-gen2_prm_76012\/","og_site_name":"RST-Steel","article_publisher":"https:\/\/www.facebook.com\/rststeel","article_modified_time":"2026-03-16T06:20:12+00:00","og_image":[{"width":2048,"height":2048,"url":"https:\/\/rst-steel.com\/wp-content\/uploads\/2026\/02\/233035c2a9605f9d357fd0fa31e2bd773030ca1b_purelux_flash_600_gen2_3.jpg","type":"image\/jpeg"}],"twitter_card":"summary_large_image","twitter_misc":{"Ber\u00e4knad l\u00e4stid":"2 minuter"},"schema":{"@context":"https:\/\/schema.org","@graph":[{"@type":"WebPage","@id":"https:\/\/rst-steel.com\/product\/rst-flash-dark-optic-600-1800mm-gen2_prm_76012\/","url":"https:\/\/rst-steel.com\/product\/rst-flash-dark-optic-600-1800mm-gen2_prm_76012\/","name":"RST Flash dark optic 600-1800mm Gen2 - RST-Steel","isPartOf":{"@id":"https:\/\/rst-steel.com\/#website"},"primaryImageOfPage":{"@id":"https:\/\/rst-steel.com\/product\/rst-flash-dark-optic-600-1800mm-gen2_prm_76012\/#primaryimage"},"image":{"@id":"https:\/\/rst-steel.com\/product\/rst-flash-dark-optic-600-1800mm-gen2_prm_76012\/#primaryimage"},"thumbnailUrl":"https:\/\/rst-steel.com\/wp-content\/uploads\/2026\/02\/233035c2a9605f9d357fd0fa31e2bd773030ca1b_purelux_flash_600_gen2_3.jpg","datePublished":"2026-02-17T09:25:09+00:00","dateModified":"2026-03-16T06:20:12+00:00","description":"RST Flash Dark Optic 600\u20131800mm Gen2 beacon panel. Durable, R65-approved, 12 flash modes, impact-resistant, 360\u00b0 visibility, for 12V\/24V systems.","breadcrumb":{"@id":"https:\/\/rst-steel.com\/product\/rst-flash-dark-optic-600-1800mm-gen2_prm_76012\/#breadcrumb"},"inLanguage":"sv-SE","potentialAction":[{"@type":"ReadAction","target":["https:\/\/rst-steel.com\/product\/rst-flash-dark-optic-600-1800mm-gen2_prm_76012\/"]}]},{"@type":"ImageObject","inLanguage":"sv-SE","@id":"https:\/\/rst-steel.com\/product\/rst-flash-dark-optic-600-1800mm-gen2_prm_76012\/#primaryimage","url":"https:\/\/rst-steel.com\/wp-content\/uploads\/2026\/02\/233035c2a9605f9d357fd0fa31e2bd773030ca1b_purelux_flash_600_gen2_3.jpg","contentUrl":"https:\/\/rst-steel.com\/wp-content\/uploads\/2026\/02\/233035c2a9605f9d357fd0fa31e2bd773030ca1b_purelux_flash_600_gen2_3.jpg","width":2048,"height":2048,"caption":"RST Flash dark optic 600-1800mm Gen2"},{"@type":"BreadcrumbList","@id":"https:\/\/rst-steel.com\/product\/rst-flash-dark-optic-600-1800mm-gen2_prm_76012\/#breadcrumb","itemListElement":[{"@type":"ListItem","position":1,"name":"Home","item":"https:\/\/rst-steel.com\/"},{"@type":"ListItem","position":2,"name":"RST-Steel Shop","item":"https:\/\/rst-steel.com\/shop\/"},{"@type":"ListItem","position":3,"name":"RST Flash dark optic 600-1800mm Gen2"}]},{"@type":"WebSite","@id":"https:\/\/rst-steel.com\/#website","url":"https:\/\/rst-steel.com\/","name":"RST-Stahl.com","description":"Finskt kvalitetsst\u00e5l, f\u00f6r kvalitetsmedvetna f\u00f6rare","publisher":{"@id":"https:\/\/rst-steel.com\/#organization"},"alternateName":"Safe and stylish RST-Steel quality","potentialAction":[{"@type":"SearchAction","target":{"@type":"EntryPoint","urlTemplate":"https:\/\/rst-steel.com\/?s={search_term_string}"},"query-input":{"@type":"PropertyValueSpecification","valueRequired":true,"valueName":"search_term_string"}}],"inLanguage":"sv-SE"},{"@type":"Organization","@id":"https:\/\/rst-steel.com\/#organization","name":"RST-Steel Oy","url":"https:\/\/rst-steel.com\/","logo":{"@type":"ImageObject","inLanguage":"sv-SE","@id":"https:\/\/rst-steel.com\/#\/schema\/logo\/image\/","url":"https:\/\/rst-steel.com\/wp-content\/uploads\/2023\/04\/cropped-Rst-logo-valkoinen-teksti-3.png","contentUrl":"https:\/\/rst-steel.com\/wp-content\/uploads\/2023\/04\/cropped-Rst-logo-valkoinen-teksti-3.png","width":512,"height":115,"caption":"RST-Steel Oy"},"image":{"@id":"https:\/\/rst-steel.com\/#\/schema\/logo\/image\/"},"sameAs":["https:\/\/www.facebook.com\/rststeel","https:\/\/www.instagram.com\/rststeeloy\/"]}]}},"brands":[],"_links":{"self":[{"href":"https:\/\/rst-steel.com\/sv\/wp-json\/wp\/v2\/product\/121572","targetHints":{"allow":["GET"]}}],"collection":[{"href":"https:\/\/rst-steel.com\/sv\/wp-json\/wp\/v2\/product"}],"about":[{"href":"https:\/\/rst-steel.com\/sv\/wp-json\/wp\/v2\/types\/product"}],"replies":[{"embeddable":true,"href":"https:\/\/rst-steel.com\/sv\/wp-json\/wp\/v2\/comments?post=121572"}],"version-history":[{"count":0,"href":"https:\/\/rst-steel.com\/sv\/wp-json\/wp\/v2\/product\/121572\/revisions"}],"wp:featuredmedia":[{"embeddable":true,"href":"https:\/\/rst-steel.com\/sv\/wp-json\/wp\/v2\/media\/121568"}],"wp:attachment":[{"href":"https:\/\/rst-steel.com\/sv\/wp-json\/wp\/v2\/media?parent=121572"}],"wp:term":[{"taxonomy":"make_fuel_type","embeddable":true,"href":"https:\/\/rst-steel.com\/sv\/wp-json\/wp\/v2\/make_fuel_type?post=121572"},{"taxonomy":"make_model","embeddable":true,"href":"https:\/\/rst-steel.com\/sv\/wp-json\/wp\/v2\/make_model?post=121572"},{"taxonomy":"make_brand","embeddable":true,"href":"https:\/\/rst-steel.com\/sv\/wp-json\/wp\/v2\/make_brand?post=121572"},{"taxonomy":"make_year","embeddable":true,"href":"https:\/\/rst-steel.com\/sv\/wp-json\/wp\/v2\/make_year?post=121572"},{"taxonomy":"pwb-brand","embeddable":true,"href":"https:\/\/rst-steel.com\/sv\/wp-json\/wp\/v2\/pwb-brand?post=121572"},{"taxonomy":"product_brand","embeddable":true,"href":"https:\/\/rst-steel.com\/sv\/wp-json\/wp\/v2\/product_brand?post=121572"},{"taxonomy":"product_cat","embeddable":true,"href":"https:\/\/rst-steel.com\/sv\/wp-json\/wp\/v2\/product_cat?post=121572"},{"taxonomy":"product_tag","embeddable":true,"href":"https:\/\/rst-steel.com\/sv\/wp-json\/wp\/v2\/product_tag?post=121572"}],"curies":[{"name":"wp","href":"https:\/\/api.w.org\/{rel}","templated":true}]}}