{"id":121582,"date":"2026-02-17T12:27:10","date_gmt":"2026-02-17T09:27:10","guid":{"rendered":"https:\/\/rst-steel.com\/product\/beacon-mounting-kit-to-the-roof-rails-scania-nextgen-2017-_prm_78538\/"},"modified":"2026-03-16T09:20:23","modified_gmt":"2026-03-16T06:20:23","slug":"beacon-mounting-kit-to-the-roof-rails-scania-nextgen-2017-_prm_78538","status":"publish","type":"product","link":"https:\/\/rst-steel.com\/sv\/produkt\/beacon-mounting-kit-to-the-roof-rails-scania-nextgen-2017-_prm_78538\/","title":{"rendered":"Beacon mounting kit to the roof rails Scania NextGen 2017-"},"content":{"rendered":"<p><span style=\"font-weight: bold;\">Beacon mounting kit to the roof rails Scania NextGen 2017-<\/span><\/p>\n<p>Designed to make beacon panel installation as easy and neat as possible on Scania factory-fitted roof rails.<\/p>\n<p><strong>Adjustable Angle \u2013 Perfect Position Every Time<\/strong><\/p>\n<p>The mount angle can be adjusted, ensuring the beacon panel is positioned exactly as desired. Scania roofs slope slightly more from front to back, and the adjustment allows the panel to be mounted completely level.<\/p>\n<ul>\n<li><\/li>\n<\/ul>\n<p><strong>Beacon mounting kit Compatibility:<\/strong><\/p>\n<p>Installed center-to-center distance of the beacon mounting holes is 1310 mm, so the beacon frame must be at least 1320 mm long.<br \/>\nMounting points are spaced 50 mm apart, so the RST Flash beacon fits directly without additional parts.<\/p>\n<ul>\n<li><\/li>\n<\/ul>\n<p><strong>Two Different Heights<\/strong><\/p>\n<p>High model: designed specifically for 1800 mm beacon panels, allowing the panel to rise above the side tube of the roof rail.<br \/>\nHeight difference between models: 35 mm.<\/p>\n<ul>\n<li><\/li>\n<\/ul>\n<p><strong>Other Information<\/strong><\/p>\n<ul>\n<li>Sold as a pair.<\/li>\n<li>Color: Black<\/li>\n<\/ul>","protected":false},"excerpt":{"rendered":"<p>Easy, adjustable installation on factory roof rails for a secure and level beacon panel fit.<\/p>","protected":false},"featured_media":121581,"comment_status":"open","ping_status":"closed","template":"","meta":{"_improvement_type_select":"improve_an_existing","_thumb_yes_seoaic":false,"_frame_yes_seoaic":false,"seoaic_generate_description":"","seoaic_improve_instructions_prompt":"","seoaic_rollback_content_improvement":"","seoaic_idea_thumbnail_generator":"","thumbnail_generated":false,"thumbnail_generate_prompt":"","seoaic_article_description":""},"make_fuel_type":[],"make_model":[],"make_brand":[],"make_year":[],"pwb-brand":[],"product_brand":[],"product_cat":[8245,6195,6242],"product_tag":[8488,8494],"class_list":{"0":"post-121582","1":"product","2":"type-product","3":"status-publish","4":"has-post-thumbnail","6":"product_cat-mounting-clamps","7":"product_cat-lamps","8":"product_cat-mounting-accessories","9":"product_tag-scania","10":"product_tag-scania-nextgen","12":"first","13":"instock","14":"taxable","15":"shipping-taxable","16":"purchasable","17":"product-type-variable"},"yoast_head":"<!-- This site is optimized with the Yoast SEO plugin v25.7 - https:\/\/yoast.com\/wordpress\/plugins\/seo\/ -->\n<title>Beacon mounting kit to the roof rails Scania NextGen 2017- RST-Steel<\/title>\n<meta name=\"description\" content=\"Beacon mounting kit for Scania NextGen 2017+. Enables easy, secure installation on factory roof rails with adjustable angle for perfect panel positioning.\" \/>\n<meta name=\"robots\" content=\"index, follow, max-snippet:-1, max-image-preview:large, max-video-preview:-1\" \/>\n<link rel=\"canonical\" href=\"https:\/\/rst-steel.com\/sv\/produkt\/beacon-mounting-kit-to-the-roof-rails-scania-nextgen-2017-_prm_78538\/\" \/>\n<meta property=\"og:locale\" content=\"sv_SE\" \/>\n<meta property=\"og:type\" content=\"article\" \/>\n<meta property=\"og:title\" content=\"Beacon mounting kit to the roof rails Scania NextGen 2017- RST-Steel\" \/>\n<meta property=\"og:description\" content=\"Beacon mounting kit for Scania NextGen 2017+. Enables easy, secure installation on factory roof rails with adjustable angle for perfect panel positioning.\" \/>\n<meta property=\"og:url\" content=\"https:\/\/rst-steel.com\/sv\/produkt\/beacon-mounting-kit-to-the-roof-rails-scania-nextgen-2017-_prm_78538\/\" \/>\n<meta property=\"og:site_name\" content=\"RST-Steel\" \/>\n<meta property=\"article:publisher\" content=\"https:\/\/www.facebook.com\/rststeel\" \/>\n<meta property=\"article:modified_time\" content=\"2026-03-16T06:20:23+00:00\" \/>\n<meta property=\"og:image\" content=\"https:\/\/rst-steel.com\/wp-content\/uploads\/2026\/02\/df228800f6026f6f9bcfea47af412f089439ba25_33630_web.jpg\" \/>\n\t<meta property=\"og:image:width\" content=\"1000\" \/>\n\t<meta property=\"og:image:height\" content=\"1000\" \/>\n\t<meta property=\"og:image:type\" content=\"image\/jpeg\" \/>\n<meta name=\"twitter:card\" content=\"summary_large_image\" \/>\n<meta name=\"twitter:label1\" content=\"Ber\u00e4knad l\u00e4stid\" \/>\n\t<meta name=\"twitter:data1\" content=\"1 minut\" \/>\n<script type=\"application\/ld+json\" class=\"yoast-schema-graph\">{\"@context\":\"https:\/\/schema.org\",\"@graph\":[{\"@type\":\"WebPage\",\"@id\":\"https:\/\/rst-steel.com\/product\/beacon-mounting-kit-to-the-roof-rails-scania-nextgen-2017-_prm_78538\/\",\"url\":\"https:\/\/rst-steel.com\/product\/beacon-mounting-kit-to-the-roof-rails-scania-nextgen-2017-_prm_78538\/\",\"name\":\"Beacon mounting kit to the roof rails Scania NextGen 2017- RST-Steel\",\"isPartOf\":{\"@id\":\"https:\/\/rst-steel.com\/#website\"},\"primaryImageOfPage\":{\"@id\":\"https:\/\/rst-steel.com\/product\/beacon-mounting-kit-to-the-roof-rails-scania-nextgen-2017-_prm_78538\/#primaryimage\"},\"image\":{\"@id\":\"https:\/\/rst-steel.com\/product\/beacon-mounting-kit-to-the-roof-rails-scania-nextgen-2017-_prm_78538\/#primaryimage\"},\"thumbnailUrl\":\"https:\/\/rst-steel.com\/wp-content\/uploads\/2026\/02\/df228800f6026f6f9bcfea47af412f089439ba25_33630_web.jpg\",\"datePublished\":\"2026-02-17T09:27:10+00:00\",\"dateModified\":\"2026-03-16T06:20:23+00:00\",\"description\":\"Beacon mounting kit for Scania NextGen 2017+. Enables easy, secure installation on factory roof rails with adjustable angle for perfect panel positioning.\",\"breadcrumb\":{\"@id\":\"https:\/\/rst-steel.com\/product\/beacon-mounting-kit-to-the-roof-rails-scania-nextgen-2017-_prm_78538\/#breadcrumb\"},\"inLanguage\":\"sv-SE\",\"potentialAction\":[{\"@type\":\"ReadAction\",\"target\":[\"https:\/\/rst-steel.com\/product\/beacon-mounting-kit-to-the-roof-rails-scania-nextgen-2017-_prm_78538\/\"]}]},{\"@type\":\"ImageObject\",\"inLanguage\":\"sv-SE\",\"@id\":\"https:\/\/rst-steel.com\/product\/beacon-mounting-kit-to-the-roof-rails-scania-nextgen-2017-_prm_78538\/#primaryimage\",\"url\":\"https:\/\/rst-steel.com\/wp-content\/uploads\/2026\/02\/df228800f6026f6f9bcfea47af412f089439ba25_33630_web.jpg\",\"contentUrl\":\"https:\/\/rst-steel.com\/wp-content\/uploads\/2026\/02\/df228800f6026f6f9bcfea47af412f089439ba25_33630_web.jpg\",\"width\":1000,\"height\":1000,\"caption\":\"Beacon mounting kit to the roof rails Scania NextGen 2017-\"},{\"@type\":\"BreadcrumbList\",\"@id\":\"https:\/\/rst-steel.com\/product\/beacon-mounting-kit-to-the-roof-rails-scania-nextgen-2017-_prm_78538\/#breadcrumb\",\"itemListElement\":[{\"@type\":\"ListItem\",\"position\":1,\"name\":\"Home\",\"item\":\"https:\/\/rst-steel.com\/\"},{\"@type\":\"ListItem\",\"position\":2,\"name\":\"RST-Steel Shop\",\"item\":\"https:\/\/rst-steel.com\/shop\/\"},{\"@type\":\"ListItem\",\"position\":3,\"name\":\"Beacon mounting kit to the roof rails Scania NextGen 2017-\"}]},{\"@type\":\"WebSite\",\"@id\":\"https:\/\/rst-steel.com\/#website\",\"url\":\"https:\/\/rst-steel.com\/\",\"name\":\"RST-Steel.com\",\"description\":\"Finnish quality steel, for quality-conscious drivers\",\"publisher\":{\"@id\":\"https:\/\/rst-steel.com\/#organization\"},\"alternateName\":\"Safe and stylish RST-Steel quality\",\"potentialAction\":[{\"@type\":\"SearchAction\",\"target\":{\"@type\":\"EntryPoint\",\"urlTemplate\":\"https:\/\/rst-steel.com\/?s={search_term_string}\"},\"query-input\":{\"@type\":\"PropertyValueSpecification\",\"valueRequired\":true,\"valueName\":\"search_term_string\"}}],\"inLanguage\":\"sv-SE\"},{\"@type\":\"Organization\",\"@id\":\"https:\/\/rst-steel.com\/#organization\",\"name\":\"RST-Steel Oy\",\"url\":\"https:\/\/rst-steel.com\/\",\"logo\":{\"@type\":\"ImageObject\",\"inLanguage\":\"sv-SE\",\"@id\":\"https:\/\/rst-steel.com\/#\/schema\/logo\/image\/\",\"url\":\"https:\/\/rst-steel.com\/wp-content\/uploads\/2023\/04\/cropped-Rst-logo-valkoinen-teksti-3.png\",\"contentUrl\":\"https:\/\/rst-steel.com\/wp-content\/uploads\/2023\/04\/cropped-Rst-logo-valkoinen-teksti-3.png\",\"width\":512,\"height\":115,\"caption\":\"RST-Steel Oy\"},\"image\":{\"@id\":\"https:\/\/rst-steel.com\/#\/schema\/logo\/image\/\"},\"sameAs\":[\"https:\/\/www.facebook.com\/rststeel\",\"https:\/\/www.instagram.com\/rststeeloy\/\"]}]}<\/script>\n<!-- \/ Yoast SEO plugin. -->","yoast_head_json":{"title":"Beacon mounting kit to the roof rails Scania NextGen 2017- RST-Steel","description":"Beacon mounting kit for Scania NextGen 2017+. Enables easy, secure installation on factory roof rails with adjustable angle for perfect panel positioning.","robots":{"index":"index","follow":"follow","max-snippet":"max-snippet:-1","max-image-preview":"max-image-preview:large","max-video-preview":"max-video-preview:-1"},"canonical":"https:\/\/rst-steel.com\/sv\/produkt\/beacon-mounting-kit-to-the-roof-rails-scania-nextgen-2017-_prm_78538\/","og_locale":"sv_SE","og_type":"article","og_title":"Beacon mounting kit to the roof rails Scania NextGen 2017- RST-Steel","og_description":"Beacon mounting kit for Scania NextGen 2017+. Enables easy, secure installation on factory roof rails with adjustable angle for perfect panel positioning.","og_url":"https:\/\/rst-steel.com\/sv\/produkt\/beacon-mounting-kit-to-the-roof-rails-scania-nextgen-2017-_prm_78538\/","og_site_name":"RST-Steel","article_publisher":"https:\/\/www.facebook.com\/rststeel","article_modified_time":"2026-03-16T06:20:23+00:00","og_image":[{"width":1000,"height":1000,"url":"https:\/\/rst-steel.com\/wp-content\/uploads\/2026\/02\/df228800f6026f6f9bcfea47af412f089439ba25_33630_web.jpg","type":"image\/jpeg"}],"twitter_card":"summary_large_image","twitter_misc":{"Ber\u00e4knad l\u00e4stid":"1 minut"},"schema":{"@context":"https:\/\/schema.org","@graph":[{"@type":"WebPage","@id":"https:\/\/rst-steel.com\/product\/beacon-mounting-kit-to-the-roof-rails-scania-nextgen-2017-_prm_78538\/","url":"https:\/\/rst-steel.com\/product\/beacon-mounting-kit-to-the-roof-rails-scania-nextgen-2017-_prm_78538\/","name":"Beacon mounting kit to the roof rails Scania NextGen 2017- RST-Steel","isPartOf":{"@id":"https:\/\/rst-steel.com\/#website"},"primaryImageOfPage":{"@id":"https:\/\/rst-steel.com\/product\/beacon-mounting-kit-to-the-roof-rails-scania-nextgen-2017-_prm_78538\/#primaryimage"},"image":{"@id":"https:\/\/rst-steel.com\/product\/beacon-mounting-kit-to-the-roof-rails-scania-nextgen-2017-_prm_78538\/#primaryimage"},"thumbnailUrl":"https:\/\/rst-steel.com\/wp-content\/uploads\/2026\/02\/df228800f6026f6f9bcfea47af412f089439ba25_33630_web.jpg","datePublished":"2026-02-17T09:27:10+00:00","dateModified":"2026-03-16T06:20:23+00:00","description":"Beacon mounting kit for Scania NextGen 2017+. Enables easy, secure installation on factory roof rails with adjustable angle for perfect panel positioning.","breadcrumb":{"@id":"https:\/\/rst-steel.com\/product\/beacon-mounting-kit-to-the-roof-rails-scania-nextgen-2017-_prm_78538\/#breadcrumb"},"inLanguage":"sv-SE","potentialAction":[{"@type":"ReadAction","target":["https:\/\/rst-steel.com\/product\/beacon-mounting-kit-to-the-roof-rails-scania-nextgen-2017-_prm_78538\/"]}]},{"@type":"ImageObject","inLanguage":"sv-SE","@id":"https:\/\/rst-steel.com\/product\/beacon-mounting-kit-to-the-roof-rails-scania-nextgen-2017-_prm_78538\/#primaryimage","url":"https:\/\/rst-steel.com\/wp-content\/uploads\/2026\/02\/df228800f6026f6f9bcfea47af412f089439ba25_33630_web.jpg","contentUrl":"https:\/\/rst-steel.com\/wp-content\/uploads\/2026\/02\/df228800f6026f6f9bcfea47af412f089439ba25_33630_web.jpg","width":1000,"height":1000,"caption":"Beacon mounting kit to the roof rails Scania NextGen 2017-"},{"@type":"BreadcrumbList","@id":"https:\/\/rst-steel.com\/product\/beacon-mounting-kit-to-the-roof-rails-scania-nextgen-2017-_prm_78538\/#breadcrumb","itemListElement":[{"@type":"ListItem","position":1,"name":"Home","item":"https:\/\/rst-steel.com\/"},{"@type":"ListItem","position":2,"name":"RST-Steel Shop","item":"https:\/\/rst-steel.com\/shop\/"},{"@type":"ListItem","position":3,"name":"Beacon mounting kit to the roof rails Scania NextGen 2017-"}]},{"@type":"WebSite","@id":"https:\/\/rst-steel.com\/#website","url":"https:\/\/rst-steel.com\/","name":"RST-Stahl.com","description":"Finskt kvalitetsst\u00e5l, f\u00f6r kvalitetsmedvetna f\u00f6rare","publisher":{"@id":"https:\/\/rst-steel.com\/#organization"},"alternateName":"Safe and stylish RST-Steel quality","potentialAction":[{"@type":"SearchAction","target":{"@type":"EntryPoint","urlTemplate":"https:\/\/rst-steel.com\/?s={search_term_string}"},"query-input":{"@type":"PropertyValueSpecification","valueRequired":true,"valueName":"search_term_string"}}],"inLanguage":"sv-SE"},{"@type":"Organization","@id":"https:\/\/rst-steel.com\/#organization","name":"RST-Steel Oy","url":"https:\/\/rst-steel.com\/","logo":{"@type":"ImageObject","inLanguage":"sv-SE","@id":"https:\/\/rst-steel.com\/#\/schema\/logo\/image\/","url":"https:\/\/rst-steel.com\/wp-content\/uploads\/2023\/04\/cropped-Rst-logo-valkoinen-teksti-3.png","contentUrl":"https:\/\/rst-steel.com\/wp-content\/uploads\/2023\/04\/cropped-Rst-logo-valkoinen-teksti-3.png","width":512,"height":115,"caption":"RST-Steel Oy"},"image":{"@id":"https:\/\/rst-steel.com\/#\/schema\/logo\/image\/"},"sameAs":["https:\/\/www.facebook.com\/rststeel","https:\/\/www.instagram.com\/rststeeloy\/"]}]}},"brands":[],"_links":{"self":[{"href":"https:\/\/rst-steel.com\/sv\/wp-json\/wp\/v2\/product\/121582","targetHints":{"allow":["GET"]}}],"collection":[{"href":"https:\/\/rst-steel.com\/sv\/wp-json\/wp\/v2\/product"}],"about":[{"href":"https:\/\/rst-steel.com\/sv\/wp-json\/wp\/v2\/types\/product"}],"replies":[{"embeddable":true,"href":"https:\/\/rst-steel.com\/sv\/wp-json\/wp\/v2\/comments?post=121582"}],"version-history":[{"count":0,"href":"https:\/\/rst-steel.com\/sv\/wp-json\/wp\/v2\/product\/121582\/revisions"}],"wp:featuredmedia":[{"embeddable":true,"href":"https:\/\/rst-steel.com\/sv\/wp-json\/wp\/v2\/media\/121581"}],"wp:attachment":[{"href":"https:\/\/rst-steel.com\/sv\/wp-json\/wp\/v2\/media?parent=121582"}],"wp:term":[{"taxonomy":"make_fuel_type","embeddable":true,"href":"https:\/\/rst-steel.com\/sv\/wp-json\/wp\/v2\/make_fuel_type?post=121582"},{"taxonomy":"make_model","embeddable":true,"href":"https:\/\/rst-steel.com\/sv\/wp-json\/wp\/v2\/make_model?post=121582"},{"taxonomy":"make_brand","embeddable":true,"href":"https:\/\/rst-steel.com\/sv\/wp-json\/wp\/v2\/make_brand?post=121582"},{"taxonomy":"make_year","embeddable":true,"href":"https:\/\/rst-steel.com\/sv\/wp-json\/wp\/v2\/make_year?post=121582"},{"taxonomy":"pwb-brand","embeddable":true,"href":"https:\/\/rst-steel.com\/sv\/wp-json\/wp\/v2\/pwb-brand?post=121582"},{"taxonomy":"product_brand","embeddable":true,"href":"https:\/\/rst-steel.com\/sv\/wp-json\/wp\/v2\/product_brand?post=121582"},{"taxonomy":"product_cat","embeddable":true,"href":"https:\/\/rst-steel.com\/sv\/wp-json\/wp\/v2\/product_cat?post=121582"},{"taxonomy":"product_tag","embeddable":true,"href":"https:\/\/rst-steel.com\/sv\/wp-json\/wp\/v2\/product_tag?post=121582"}],"curies":[{"name":"wp","href":"https:\/\/api.w.org\/{rel}","templated":true}]}}