{"id":121679,"date":"2026-02-18T13:13:07","date_gmt":"2026-02-18T10:13:07","guid":{"rendered":"https:\/\/rst-steel.com\/product\/rear-bar-cat-962-2023-_prm_72215\/"},"modified":"2026-03-19T12:23:01","modified_gmt":"2026-03-19T09:23:01","slug":"hoodbar-cat-962-2023-_prm_72215","status":"publish","type":"product","link":"https:\/\/rst-steel.com\/sv\/produkt\/hoodbar-cat-962-2023-_prm_72215\/","title":{"rendered":"Hoodbar CAT 962 2023-"},"content":{"rendered":"<p class=\"isSelectedEnd\"><strong>Hoodbar CAT 962 2023-<\/strong><\/p>\n<p class=\"isSelectedEnd\">RST-Steel hoodbars are high-quality Key Flag products made from stainless steel. This stylish light bar allows you to mount lights easily and safely. The bars can also be equipped with marker lights, enhancing visibility on the road even further.<\/p>\n<ul>\n<li><\/li>\n<\/ul>\n<p class=\"isSelectedEnd\"><strong>Tekniska specifikationer<\/strong><\/p>\n<ul data-spread=\"false\">\n<li>\n<p class=\"isSelectedEnd\">F\u00e4rg: Polerat rostfritt st\u00e5l eller m\u00e5lat i standard RAL-f\u00e4rger<\/p>\n<\/li>\n<li>\n<p class=\"isSelectedEnd\">R\u00f6rdiameter: 60 mm<\/p>\n<\/li>\n<li>\n<p class=\"isSelectedEnd\">Enkel att installera<\/p>\n<\/li>\n<\/ul>\n<ul data-spread=\"false\">\n<li><\/li>\n<\/ul>\n<p class=\"isSelectedEnd\"><strong>Paketet inneh\u00e5ller:<\/strong><\/p>\n<ul data-spread=\"false\">\n<li>\n<p class=\"isSelectedEnd\">Model-specific hoodbar<\/p>\n<\/li>\n<li>\n<p class=\"isSelectedEnd\">Monteringsf\u00e4sten och h\u00e5rdvara som kr\u00e4vs f\u00f6r installationen<\/p>\n<\/li>\n<li>\n<p class=\"isSelectedEnd\">Instruktioner f\u00f6r installation<\/p>\n<\/li>\n<\/ul>\n<ul data-spread=\"false\">\n<li><\/li>\n<\/ul>\n<p><span style=\"font-weight: bold;\">Installationstj\u00e4nster finns \u00e4ven tillg\u00e4ngliga p\u00e5 beg\u00e4ran.<\/span><\/p>","protected":false},"excerpt":{"rendered":"<p>Designad f\u00f6r montering p\u00e5 bak-\/huvudpartiet av Caterpillar 962-modeller (2023+). Flera modellalternativ finns tillg\u00e4ngliga!<\/p>","protected":false},"featured_media":121675,"comment_status":"open","ping_status":"closed","template":"","meta":{"_improvement_type_select":"improve_an_existing","_thumb_yes_seoaic":false,"_frame_yes_seoaic":false,"seoaic_generate_description":"","seoaic_improve_instructions_prompt":"","seoaic_rollback_content_improvement":"","seoaic_idea_thumbnail_generator":"","thumbnail_generated":false,"thumbnail_generate_prompt":"","seoaic_article_description":""},"make_fuel_type":[],"make_model":[],"make_brand":[6466],"make_year":[],"pwb-brand":[8334],"product_brand":[],"product_cat":[8084,6057,6074],"product_tag":[],"class_list":{"0":"post-121679","1":"product","2":"type-product","3":"status-publish","4":"has-post-thumbnail","6":"make_brand-caterpillar","7":"pwb-brand-brand_rststeel","8":"product_cat-caterpillar-rearb-wl","9":"product_cat-lightbars","10":"product_cat-rearbars-for-wheel-loaders","11":"product_shipping_class-lightbars","13":"first","14":"onbackorder","15":"taxable","16":"shipping-taxable","17":"purchasable","18":"product-type-variable"},"yoast_head":"<!-- This site is optimized with the Yoast SEO plugin v25.7 - https:\/\/yoast.com\/wordpress\/plugins\/seo\/ -->\n<title>Hoodbar CAT 962 2023- RST-Steel<\/title>\n<meta name=\"description\" content=\"Hoodbar CAT 962 2023- \u2013 durable stainless steel construction, easy installation, stylish and practical light mounting solution.\" \/>\n<meta name=\"robots\" content=\"index, follow, max-snippet:-1, max-image-preview:large, max-video-preview:-1\" \/>\n<link rel=\"canonical\" href=\"https:\/\/rst-steel.com\/sv\/produkt\/hoodbar-cat-962-2023-_prm_72215\/\" \/>\n<meta property=\"og:locale\" content=\"sv_SE\" \/>\n<meta property=\"og:type\" content=\"article\" \/>\n<meta property=\"og:title\" content=\"Hoodbar CAT 962 2023- RST-Steel\" \/>\n<meta property=\"og:description\" content=\"Hoodbar CAT 962 2023- \u2013 durable stainless steel construction, easy installation, stylish and practical light mounting solution.\" \/>\n<meta property=\"og:url\" content=\"https:\/\/rst-steel.com\/sv\/produkt\/hoodbar-cat-962-2023-_prm_72215\/\" \/>\n<meta property=\"og:site_name\" content=\"RST-Steel\" \/>\n<meta property=\"article:publisher\" content=\"https:\/\/www.facebook.com\/rststeel\" \/>\n<meta property=\"article:modified_time\" content=\"2026-03-19T09:23:01+00:00\" \/>\n<meta property=\"og:image\" content=\"https:\/\/rst-steel.com\/wp-content\/uploads\/2026\/02\/cecdb71c7c7283947723a38873a7b6f408975c7f_7814d761_9fef_4a6d_93a2_9c321282b213.jpg\" \/>\n\t<meta property=\"og:image:width\" content=\"2000\" \/>\n\t<meta property=\"og:image:height\" content=\"1500\" \/>\n\t<meta property=\"og:image:type\" content=\"image\/jpeg\" \/>\n<meta name=\"twitter:card\" content=\"summary_large_image\" \/>\n<meta name=\"twitter:label1\" content=\"Ber\u00e4knad l\u00e4stid\" \/>\n\t<meta name=\"twitter:data1\" content=\"1 minut\" \/>\n<script type=\"application\/ld+json\" class=\"yoast-schema-graph\">{\"@context\":\"https:\/\/schema.org\",\"@graph\":[{\"@type\":\"WebPage\",\"@id\":\"https:\/\/rst-steel.com\/product\/hoodbar-cat-962-2023-_prm_72215\/\",\"url\":\"https:\/\/rst-steel.com\/product\/hoodbar-cat-962-2023-_prm_72215\/\",\"name\":\"Hoodbar CAT 962 2023- RST-Steel\",\"isPartOf\":{\"@id\":\"https:\/\/rst-steel.com\/#website\"},\"primaryImageOfPage\":{\"@id\":\"https:\/\/rst-steel.com\/product\/hoodbar-cat-962-2023-_prm_72215\/#primaryimage\"},\"image\":{\"@id\":\"https:\/\/rst-steel.com\/product\/hoodbar-cat-962-2023-_prm_72215\/#primaryimage\"},\"thumbnailUrl\":\"https:\/\/rst-steel.com\/wp-content\/uploads\/2026\/02\/cecdb71c7c7283947723a38873a7b6f408975c7f_7814d761_9fef_4a6d_93a2_9c321282b213.jpg\",\"datePublished\":\"2026-02-18T10:13:07+00:00\",\"dateModified\":\"2026-03-19T09:23:01+00:00\",\"description\":\"Hoodbar CAT 962 2023- \u2013 durable stainless steel construction, easy installation, stylish and practical light mounting solution.\",\"breadcrumb\":{\"@id\":\"https:\/\/rst-steel.com\/product\/hoodbar-cat-962-2023-_prm_72215\/#breadcrumb\"},\"inLanguage\":\"sv-SE\",\"potentialAction\":[{\"@type\":\"ReadAction\",\"target\":[\"https:\/\/rst-steel.com\/product\/hoodbar-cat-962-2023-_prm_72215\/\"]}]},{\"@type\":\"ImageObject\",\"inLanguage\":\"sv-SE\",\"@id\":\"https:\/\/rst-steel.com\/product\/hoodbar-cat-962-2023-_prm_72215\/#primaryimage\",\"url\":\"https:\/\/rst-steel.com\/wp-content\/uploads\/2026\/02\/cecdb71c7c7283947723a38873a7b6f408975c7f_7814d761_9fef_4a6d_93a2_9c321282b213.jpg\",\"contentUrl\":\"https:\/\/rst-steel.com\/wp-content\/uploads\/2026\/02\/cecdb71c7c7283947723a38873a7b6f408975c7f_7814d761_9fef_4a6d_93a2_9c321282b213.jpg\",\"width\":2000,\"height\":1500,\"caption\":\"Hoodbar CAT 962 2023-\"},{\"@type\":\"BreadcrumbList\",\"@id\":\"https:\/\/rst-steel.com\/product\/hoodbar-cat-962-2023-_prm_72215\/#breadcrumb\",\"itemListElement\":[{\"@type\":\"ListItem\",\"position\":1,\"name\":\"Home\",\"item\":\"https:\/\/rst-steel.com\/\"},{\"@type\":\"ListItem\",\"position\":2,\"name\":\"RST-Steel Shop\",\"item\":\"https:\/\/rst-steel.com\/shop\/\"},{\"@type\":\"ListItem\",\"position\":3,\"name\":\"Hoodbar CAT 962 2023-\"}]},{\"@type\":\"WebSite\",\"@id\":\"https:\/\/rst-steel.com\/#website\",\"url\":\"https:\/\/rst-steel.com\/\",\"name\":\"RST-Steel.com\",\"description\":\"Finnish quality steel, for quality-conscious drivers\",\"publisher\":{\"@id\":\"https:\/\/rst-steel.com\/#organization\"},\"alternateName\":\"Safe and stylish RST-Steel quality\",\"potentialAction\":[{\"@type\":\"SearchAction\",\"target\":{\"@type\":\"EntryPoint\",\"urlTemplate\":\"https:\/\/rst-steel.com\/?s={search_term_string}\"},\"query-input\":{\"@type\":\"PropertyValueSpecification\",\"valueRequired\":true,\"valueName\":\"search_term_string\"}}],\"inLanguage\":\"sv-SE\"},{\"@type\":\"Organization\",\"@id\":\"https:\/\/rst-steel.com\/#organization\",\"name\":\"RST-Steel Oy\",\"url\":\"https:\/\/rst-steel.com\/\",\"logo\":{\"@type\":\"ImageObject\",\"inLanguage\":\"sv-SE\",\"@id\":\"https:\/\/rst-steel.com\/#\/schema\/logo\/image\/\",\"url\":\"https:\/\/rst-steel.com\/wp-content\/uploads\/2023\/04\/cropped-Rst-logo-valkoinen-teksti-3.png\",\"contentUrl\":\"https:\/\/rst-steel.com\/wp-content\/uploads\/2023\/04\/cropped-Rst-logo-valkoinen-teksti-3.png\",\"width\":512,\"height\":115,\"caption\":\"RST-Steel Oy\"},\"image\":{\"@id\":\"https:\/\/rst-steel.com\/#\/schema\/logo\/image\/\"},\"sameAs\":[\"https:\/\/www.facebook.com\/rststeel\",\"https:\/\/www.instagram.com\/rststeeloy\/\"]}]}<\/script>\n<!-- \/ Yoast SEO plugin. -->","yoast_head_json":{"title":"Hoodbar CAT 962 2023- RST-Steel","description":"Hoodbar CAT 962 2023- \u2013 durable stainless steel construction, easy installation, stylish and practical light mounting solution.","robots":{"index":"index","follow":"follow","max-snippet":"max-snippet:-1","max-image-preview":"max-image-preview:large","max-video-preview":"max-video-preview:-1"},"canonical":"https:\/\/rst-steel.com\/sv\/produkt\/hoodbar-cat-962-2023-_prm_72215\/","og_locale":"sv_SE","og_type":"article","og_title":"Hoodbar CAT 962 2023- RST-Steel","og_description":"Hoodbar CAT 962 2023- \u2013 durable stainless steel construction, easy installation, stylish and practical light mounting solution.","og_url":"https:\/\/rst-steel.com\/sv\/produkt\/hoodbar-cat-962-2023-_prm_72215\/","og_site_name":"RST-Steel","article_publisher":"https:\/\/www.facebook.com\/rststeel","article_modified_time":"2026-03-19T09:23:01+00:00","og_image":[{"width":2000,"height":1500,"url":"https:\/\/rst-steel.com\/wp-content\/uploads\/2026\/02\/cecdb71c7c7283947723a38873a7b6f408975c7f_7814d761_9fef_4a6d_93a2_9c321282b213.jpg","type":"image\/jpeg"}],"twitter_card":"summary_large_image","twitter_misc":{"Ber\u00e4knad l\u00e4stid":"1 minut"},"schema":{"@context":"https:\/\/schema.org","@graph":[{"@type":"WebPage","@id":"https:\/\/rst-steel.com\/product\/hoodbar-cat-962-2023-_prm_72215\/","url":"https:\/\/rst-steel.com\/product\/hoodbar-cat-962-2023-_prm_72215\/","name":"Hoodbar CAT 962 2023- RST-Steel","isPartOf":{"@id":"https:\/\/rst-steel.com\/#website"},"primaryImageOfPage":{"@id":"https:\/\/rst-steel.com\/product\/hoodbar-cat-962-2023-_prm_72215\/#primaryimage"},"image":{"@id":"https:\/\/rst-steel.com\/product\/hoodbar-cat-962-2023-_prm_72215\/#primaryimage"},"thumbnailUrl":"https:\/\/rst-steel.com\/wp-content\/uploads\/2026\/02\/cecdb71c7c7283947723a38873a7b6f408975c7f_7814d761_9fef_4a6d_93a2_9c321282b213.jpg","datePublished":"2026-02-18T10:13:07+00:00","dateModified":"2026-03-19T09:23:01+00:00","description":"Hoodbar CAT 962 2023- \u2013 durable stainless steel construction, easy installation, stylish and practical light mounting solution.","breadcrumb":{"@id":"https:\/\/rst-steel.com\/product\/hoodbar-cat-962-2023-_prm_72215\/#breadcrumb"},"inLanguage":"sv-SE","potentialAction":[{"@type":"ReadAction","target":["https:\/\/rst-steel.com\/product\/hoodbar-cat-962-2023-_prm_72215\/"]}]},{"@type":"ImageObject","inLanguage":"sv-SE","@id":"https:\/\/rst-steel.com\/product\/hoodbar-cat-962-2023-_prm_72215\/#primaryimage","url":"https:\/\/rst-steel.com\/wp-content\/uploads\/2026\/02\/cecdb71c7c7283947723a38873a7b6f408975c7f_7814d761_9fef_4a6d_93a2_9c321282b213.jpg","contentUrl":"https:\/\/rst-steel.com\/wp-content\/uploads\/2026\/02\/cecdb71c7c7283947723a38873a7b6f408975c7f_7814d761_9fef_4a6d_93a2_9c321282b213.jpg","width":2000,"height":1500,"caption":"Hoodbar CAT 962 2023-"},{"@type":"BreadcrumbList","@id":"https:\/\/rst-steel.com\/product\/hoodbar-cat-962-2023-_prm_72215\/#breadcrumb","itemListElement":[{"@type":"ListItem","position":1,"name":"Home","item":"https:\/\/rst-steel.com\/"},{"@type":"ListItem","position":2,"name":"RST-Steel Shop","item":"https:\/\/rst-steel.com\/shop\/"},{"@type":"ListItem","position":3,"name":"Hoodbar CAT 962 2023-"}]},{"@type":"WebSite","@id":"https:\/\/rst-steel.com\/#website","url":"https:\/\/rst-steel.com\/","name":"RST-Stahl.com","description":"Finskt kvalitetsst\u00e5l, f\u00f6r kvalitetsmedvetna f\u00f6rare","publisher":{"@id":"https:\/\/rst-steel.com\/#organization"},"alternateName":"Safe and stylish RST-Steel quality","potentialAction":[{"@type":"SearchAction","target":{"@type":"EntryPoint","urlTemplate":"https:\/\/rst-steel.com\/?s={search_term_string}"},"query-input":{"@type":"PropertyValueSpecification","valueRequired":true,"valueName":"search_term_string"}}],"inLanguage":"sv-SE"},{"@type":"Organization","@id":"https:\/\/rst-steel.com\/#organization","name":"RST-Steel Oy","url":"https:\/\/rst-steel.com\/","logo":{"@type":"ImageObject","inLanguage":"sv-SE","@id":"https:\/\/rst-steel.com\/#\/schema\/logo\/image\/","url":"https:\/\/rst-steel.com\/wp-content\/uploads\/2023\/04\/cropped-Rst-logo-valkoinen-teksti-3.png","contentUrl":"https:\/\/rst-steel.com\/wp-content\/uploads\/2023\/04\/cropped-Rst-logo-valkoinen-teksti-3.png","width":512,"height":115,"caption":"RST-Steel Oy"},"image":{"@id":"https:\/\/rst-steel.com\/#\/schema\/logo\/image\/"},"sameAs":["https:\/\/www.facebook.com\/rststeel","https:\/\/www.instagram.com\/rststeeloy\/"]}]}},"brands":[{"id":8334,"name":"RST-Steel","slug":"brand_rststeel"}],"_links":{"self":[{"href":"https:\/\/rst-steel.com\/sv\/wp-json\/wp\/v2\/product\/121679","targetHints":{"allow":["GET"]}}],"collection":[{"href":"https:\/\/rst-steel.com\/sv\/wp-json\/wp\/v2\/product"}],"about":[{"href":"https:\/\/rst-steel.com\/sv\/wp-json\/wp\/v2\/types\/product"}],"replies":[{"embeddable":true,"href":"https:\/\/rst-steel.com\/sv\/wp-json\/wp\/v2\/comments?post=121679"}],"version-history":[{"count":0,"href":"https:\/\/rst-steel.com\/sv\/wp-json\/wp\/v2\/product\/121679\/revisions"}],"wp:featuredmedia":[{"embeddable":true,"href":"https:\/\/rst-steel.com\/sv\/wp-json\/wp\/v2\/media\/121675"}],"wp:attachment":[{"href":"https:\/\/rst-steel.com\/sv\/wp-json\/wp\/v2\/media?parent=121679"}],"wp:term":[{"taxonomy":"make_fuel_type","embeddable":true,"href":"https:\/\/rst-steel.com\/sv\/wp-json\/wp\/v2\/make_fuel_type?post=121679"},{"taxonomy":"make_model","embeddable":true,"href":"https:\/\/rst-steel.com\/sv\/wp-json\/wp\/v2\/make_model?post=121679"},{"taxonomy":"make_brand","embeddable":true,"href":"https:\/\/rst-steel.com\/sv\/wp-json\/wp\/v2\/make_brand?post=121679"},{"taxonomy":"make_year","embeddable":true,"href":"https:\/\/rst-steel.com\/sv\/wp-json\/wp\/v2\/make_year?post=121679"},{"taxonomy":"pwb-brand","embeddable":true,"href":"https:\/\/rst-steel.com\/sv\/wp-json\/wp\/v2\/pwb-brand?post=121679"},{"taxonomy":"product_brand","embeddable":true,"href":"https:\/\/rst-steel.com\/sv\/wp-json\/wp\/v2\/product_brand?post=121679"},{"taxonomy":"product_cat","embeddable":true,"href":"https:\/\/rst-steel.com\/sv\/wp-json\/wp\/v2\/product_cat?post=121679"},{"taxonomy":"product_tag","embeddable":true,"href":"https:\/\/rst-steel.com\/sv\/wp-json\/wp\/v2\/product_tag?post=121679"}],"curies":[{"name":"wp","href":"https:\/\/api.w.org\/{rel}","templated":true}]}}