{"id":121884,"date":"2026-02-19T11:32:05","date_gmt":"2026-02-19T08:32:05","guid":{"rendered":"https:\/\/rst-steel.com\/product\/roof-bar-doosan-long-cab_prm_63721\/"},"modified":"2026-03-16T09:19:14","modified_gmt":"2026-03-16T06:19:14","slug":"roof-bar-doosan-long-cab_prm_63721","status":"publish","type":"product","link":"https:\/\/rst-steel.com\/sv\/produkt\/roof-bar-doosan-long-cab_prm_63721\/","title":{"rendered":"Takb\u00e5ge Doosan (Long Cab)"},"content":{"rendered":"<p data-start=\"0\" data-end=\"42\"><strong data-start=\"0\" data-end=\"40\">Takb\u00e5ge Doosan (Long Cab)<\/strong><\/p>\n<p data-start=\"44\" data-end=\"148\">RST-Steel takb\u00e5ge \u00e4r h\u00f6gkvalitativa Key Flag-produkter, tillverkade i Finland av rostfritt st\u00e5l av h\u00f6g kvalitet.<\/p>\n<p data-start=\"150\" data-end=\"372\">Denna stiliga takb\u00e5ge full\u00e4ndar maskinens utseende samtidigt som den erbjuder praktisk funktion \u2013 den kan utrustas med positionslampor och varningsblinkers, vilket \u00f6kar synligheten b\u00e5de i trafiken och p\u00e5 arbetsplatsen.<\/p>\n<ul>\n<li><\/li>\n<\/ul>\n<h3 data-start=\"379\" data-end=\"406\">Varf\u00f6r v\u00e4lja RST-Steel?<\/h3>\n<ul>\n<li><strong data-start=\"407\" data-end=\"423\">Tillf\u00f6rlitlighet:<\/strong> M\u00e5nga \u00e5rs erfarenhet och expertis s\u00e4kerst\u00e4ller v\u00e5ra produkters h\u00f6ga kvalitet och h\u00e5llbarhet.<\/li>\n<li><strong data-start=\"516\" data-end=\"542\">Kundn\u00f6jdhet:<\/strong> Tusentals n\u00f6jda kunder v\u00e4rlden \u00f6ver litar p\u00e5 RST-Steels produkter.<\/li>\n<li>V\u00e4lj \u00f6nskad modell fr\u00e5n menyn. Gl\u00f6m inte att kolla v\u00e5r rekommenderade sektion!<\/li>\n<li><\/li>\n<\/ul>\n<h3 data-start=\"713\" data-end=\"744\">Tekniska specifikationer<\/h3>\n<ul data-start=\"745\" data-end=\"934\">\n<li data-start=\"745\" data-end=\"825\">\n<p data-start=\"747\" data-end=\"825\"><strong data-start=\"747\" data-end=\"757\">F\u00e4rg:<\/strong> Spegelpolerat rostfritt st\u00e5l eller m\u00e5lat i standard RAL-f\u00e4rger<\/p>\n<\/li>\n<li data-start=\"826\" data-end=\"854\">\n<p data-start=\"828\" data-end=\"854\"><strong data-start=\"828\" data-end=\"846\">R\u00f6rets diameter:<\/strong> 60 mm<\/p>\n<\/li>\n<li data-start=\"855\" data-end=\"898\">\n<p data-start=\"857\" data-end=\"898\"><strong data-start=\"857\" data-end=\"889\">Maximal l\u00e4ngd p\u00e5 majakpanel: 800mm<\/strong> 800 mm<\/p>\n<\/li>\n<li data-start=\"899\" data-end=\"934\">\n<p data-start=\"901\" data-end=\"934\" class=\"translation-block\">Fr\u00e4mre skena: F\u00f6r arbetslampor<\/p>\n<\/li>\n<\/ul>\n<ul data-start=\"745\" data-end=\"934\">\n<li data-start=\"899\" data-end=\"934\"><\/li>\n<\/ul>\n<h3 data-start=\"941\" data-end=\"964\">Paketet inneh\u00e5ller:<\/h3>\n<ul data-start=\"965\" data-end=\"1071\">\n<li data-start=\"965\" data-end=\"993\">\n<p data-start=\"967\" data-end=\"993\">Modellspecifik takb\u00e5ge<\/p>\n<\/li>\n<li data-start=\"994\" data-end=\"1041\">\n<p data-start=\"996\" data-end=\"1041\">Monteringsf\u00e4sten som kr\u00e4vs f\u00f6r installation<\/p>\n<\/li>\n<li data-start=\"1042\" data-end=\"1071\">\n<p data-start=\"1044\" data-end=\"1071\">Instruktioner f\u00f6r installation<\/p>\n<\/li>\n<\/ul>\n<p data-start=\"1073\" data-end=\"1127\" data-is-last-node=\"\" data-is-only-node=\"\"><span style=\"font-weight: bold;\">Installationstj\u00e4nster finns \u00e4ven tillg\u00e4ngliga p\u00e5 beg\u00e4ran.<\/span><\/p>","protected":false},"excerpt":{"rendered":"<p>Flera modellalternativ tillg\u00e4ngliga!<\/p>","protected":false},"featured_media":121882,"comment_status":"open","ping_status":"closed","template":"","meta":{"_improvement_type_select":"improve_an_existing","_thumb_yes_seoaic":false,"_frame_yes_seoaic":false,"seoaic_generate_description":"","seoaic_improve_instructions_prompt":"","seoaic_rollback_content_improvement":"","seoaic_idea_thumbnail_generator":"","thumbnail_generated":false,"thumbnail_generate_prompt":"","seoaic_article_description":""},"make_fuel_type":[],"make_model":[6630],"make_brand":[6467],"make_year":[6465],"pwb-brand":[8334],"product_brand":[],"product_cat":[6057,6068,7277],"product_tag":[],"class_list":{"0":"post-121884","1":"product","2":"type-product","3":"status-publish","4":"has-post-thumbnail","6":"make_model-doosan-develon-excavator","7":"make_brand-doosan","8":"make_year-workmachines","9":"pwb-brand-brand_rststeel","10":"product_cat-lightbars","11":"product_cat-roofbars-for-excavators","12":"product_cat-doosan-vr-kkk","13":"product_shipping_class-lightbars","15":"first","16":"instock","17":"taxable","18":"shipping-taxable","19":"purchasable","20":"product-type-variable"},"yoast_head":"<!-- This site is optimized with the Yoast SEO plugin v25.7 - https:\/\/yoast.com\/wordpress\/plugins\/seo\/ -->\n<title>Roof Bar Doosan (Long Cab) - RST-Steel<\/title>\n<meta name=\"description\" content=\"Roof Bar Doosan (Long Cab) \u2013 durable stainless steel, easy light mounting, stylish design, enhances visibility and safety on the worksite.\" \/>\n<meta name=\"robots\" content=\"index, follow, max-snippet:-1, max-image-preview:large, max-video-preview:-1\" \/>\n<link rel=\"canonical\" href=\"https:\/\/rst-steel.com\/sv\/produkt\/roof-bar-doosan-long-cab_prm_63721\/\" \/>\n<meta property=\"og:locale\" content=\"sv_SE\" \/>\n<meta property=\"og:type\" content=\"article\" \/>\n<meta property=\"og:title\" content=\"Roof Bar Doosan (Long Cab) - RST-Steel\" \/>\n<meta property=\"og:description\" content=\"Roof Bar Doosan (Long Cab) \u2013 durable stainless steel, easy light mounting, stylish design, enhances visibility and safety on the worksite.\" \/>\n<meta property=\"og:url\" content=\"https:\/\/rst-steel.com\/sv\/produkt\/roof-bar-doosan-long-cab_prm_63721\/\" \/>\n<meta property=\"og:site_name\" content=\"RST-Steel\" \/>\n<meta property=\"article:publisher\" content=\"https:\/\/www.facebook.com\/rststeel\" \/>\n<meta property=\"article:modified_time\" content=\"2026-03-16T06:19:14+00:00\" \/>\n<meta property=\"og:image\" content=\"https:\/\/rst-steel.com\/wp-content\/uploads\/2026\/02\/b63b3dea56a171e6514466d156224ed9e27bc312_WhatsApp_Image_2025_06_18_at_08.33.29.jpeg\" \/>\n\t<meta property=\"og:image:width\" content=\"1600\" \/>\n\t<meta property=\"og:image:height\" content=\"1200\" \/>\n\t<meta property=\"og:image:type\" content=\"image\/jpeg\" \/>\n<meta name=\"twitter:card\" content=\"summary_large_image\" \/>\n<meta name=\"twitter:label1\" content=\"Ber\u00e4knad l\u00e4stid\" \/>\n\t<meta name=\"twitter:data1\" content=\"1 minut\" \/>\n<script type=\"application\/ld+json\" class=\"yoast-schema-graph\">{\"@context\":\"https:\/\/schema.org\",\"@graph\":[{\"@type\":\"WebPage\",\"@id\":\"https:\/\/rst-steel.com\/product\/roof-bar-doosan-long-cab_prm_63721\/\",\"url\":\"https:\/\/rst-steel.com\/product\/roof-bar-doosan-long-cab_prm_63721\/\",\"name\":\"Roof Bar Doosan (Long Cab) - RST-Steel\",\"isPartOf\":{\"@id\":\"https:\/\/rst-steel.com\/#website\"},\"primaryImageOfPage\":{\"@id\":\"https:\/\/rst-steel.com\/product\/roof-bar-doosan-long-cab_prm_63721\/#primaryimage\"},\"image\":{\"@id\":\"https:\/\/rst-steel.com\/product\/roof-bar-doosan-long-cab_prm_63721\/#primaryimage\"},\"thumbnailUrl\":\"https:\/\/rst-steel.com\/wp-content\/uploads\/2026\/02\/b63b3dea56a171e6514466d156224ed9e27bc312_WhatsApp_Image_2025_06_18_at_08.33.29.jpeg\",\"datePublished\":\"2026-02-19T08:32:05+00:00\",\"dateModified\":\"2026-03-16T06:19:14+00:00\",\"description\":\"Roof Bar Doosan (Long Cab) \u2013 durable stainless steel, easy light mounting, stylish design, enhances visibility and safety on the worksite.\",\"breadcrumb\":{\"@id\":\"https:\/\/rst-steel.com\/product\/roof-bar-doosan-long-cab_prm_63721\/#breadcrumb\"},\"inLanguage\":\"sv-SE\",\"potentialAction\":[{\"@type\":\"ReadAction\",\"target\":[\"https:\/\/rst-steel.com\/product\/roof-bar-doosan-long-cab_prm_63721\/\"]}]},{\"@type\":\"ImageObject\",\"inLanguage\":\"sv-SE\",\"@id\":\"https:\/\/rst-steel.com\/product\/roof-bar-doosan-long-cab_prm_63721\/#primaryimage\",\"url\":\"https:\/\/rst-steel.com\/wp-content\/uploads\/2026\/02\/b63b3dea56a171e6514466d156224ed9e27bc312_WhatsApp_Image_2025_06_18_at_08.33.29.jpeg\",\"contentUrl\":\"https:\/\/rst-steel.com\/wp-content\/uploads\/2026\/02\/b63b3dea56a171e6514466d156224ed9e27bc312_WhatsApp_Image_2025_06_18_at_08.33.29.jpeg\",\"width\":1600,\"height\":1200,\"caption\":\"Roof Bar Doosan (Long Cab)\"},{\"@type\":\"BreadcrumbList\",\"@id\":\"https:\/\/rst-steel.com\/product\/roof-bar-doosan-long-cab_prm_63721\/#breadcrumb\",\"itemListElement\":[{\"@type\":\"ListItem\",\"position\":1,\"name\":\"Home\",\"item\":\"https:\/\/rst-steel.com\/\"},{\"@type\":\"ListItem\",\"position\":2,\"name\":\"RST-Steel Shop\",\"item\":\"https:\/\/rst-steel.com\/shop\/\"},{\"@type\":\"ListItem\",\"position\":3,\"name\":\"Roof Bar Doosan (Long Cab)\"}]},{\"@type\":\"WebSite\",\"@id\":\"https:\/\/rst-steel.com\/#website\",\"url\":\"https:\/\/rst-steel.com\/\",\"name\":\"RST-Steel.com\",\"description\":\"Finnish quality steel, for quality-conscious drivers\",\"publisher\":{\"@id\":\"https:\/\/rst-steel.com\/#organization\"},\"alternateName\":\"Safe and stylish RST-Steel quality\",\"potentialAction\":[{\"@type\":\"SearchAction\",\"target\":{\"@type\":\"EntryPoint\",\"urlTemplate\":\"https:\/\/rst-steel.com\/?s={search_term_string}\"},\"query-input\":{\"@type\":\"PropertyValueSpecification\",\"valueRequired\":true,\"valueName\":\"search_term_string\"}}],\"inLanguage\":\"sv-SE\"},{\"@type\":\"Organization\",\"@id\":\"https:\/\/rst-steel.com\/#organization\",\"name\":\"RST-Steel Oy\",\"url\":\"https:\/\/rst-steel.com\/\",\"logo\":{\"@type\":\"ImageObject\",\"inLanguage\":\"sv-SE\",\"@id\":\"https:\/\/rst-steel.com\/#\/schema\/logo\/image\/\",\"url\":\"https:\/\/rst-steel.com\/wp-content\/uploads\/2023\/04\/cropped-Rst-logo-valkoinen-teksti-3.png\",\"contentUrl\":\"https:\/\/rst-steel.com\/wp-content\/uploads\/2023\/04\/cropped-Rst-logo-valkoinen-teksti-3.png\",\"width\":512,\"height\":115,\"caption\":\"RST-Steel Oy\"},\"image\":{\"@id\":\"https:\/\/rst-steel.com\/#\/schema\/logo\/image\/\"},\"sameAs\":[\"https:\/\/www.facebook.com\/rststeel\",\"https:\/\/www.instagram.com\/rststeeloy\/\"]}]}<\/script>\n<!-- \/ Yoast SEO plugin. -->","yoast_head_json":{"title":"Roof Bar Doosan (Long Cab) - RST-Steel","description":"Roof Bar Doosan (Long Cab) \u2013 durable stainless steel, easy light mounting, stylish design, enhances visibility and safety on the worksite.","robots":{"index":"index","follow":"follow","max-snippet":"max-snippet:-1","max-image-preview":"max-image-preview:large","max-video-preview":"max-video-preview:-1"},"canonical":"https:\/\/rst-steel.com\/sv\/produkt\/roof-bar-doosan-long-cab_prm_63721\/","og_locale":"sv_SE","og_type":"article","og_title":"Roof Bar Doosan (Long Cab) - RST-Steel","og_description":"Roof Bar Doosan (Long Cab) \u2013 durable stainless steel, easy light mounting, stylish design, enhances visibility and safety on the worksite.","og_url":"https:\/\/rst-steel.com\/sv\/produkt\/roof-bar-doosan-long-cab_prm_63721\/","og_site_name":"RST-Steel","article_publisher":"https:\/\/www.facebook.com\/rststeel","article_modified_time":"2026-03-16T06:19:14+00:00","og_image":[{"width":1600,"height":1200,"url":"https:\/\/rst-steel.com\/wp-content\/uploads\/2026\/02\/b63b3dea56a171e6514466d156224ed9e27bc312_WhatsApp_Image_2025_06_18_at_08.33.29.jpeg","type":"image\/jpeg"}],"twitter_card":"summary_large_image","twitter_misc":{"Ber\u00e4knad l\u00e4stid":"1 minut"},"schema":{"@context":"https:\/\/schema.org","@graph":[{"@type":"WebPage","@id":"https:\/\/rst-steel.com\/product\/roof-bar-doosan-long-cab_prm_63721\/","url":"https:\/\/rst-steel.com\/product\/roof-bar-doosan-long-cab_prm_63721\/","name":"Roof Bar Doosan (Long Cab) - RST-Steel","isPartOf":{"@id":"https:\/\/rst-steel.com\/#website"},"primaryImageOfPage":{"@id":"https:\/\/rst-steel.com\/product\/roof-bar-doosan-long-cab_prm_63721\/#primaryimage"},"image":{"@id":"https:\/\/rst-steel.com\/product\/roof-bar-doosan-long-cab_prm_63721\/#primaryimage"},"thumbnailUrl":"https:\/\/rst-steel.com\/wp-content\/uploads\/2026\/02\/b63b3dea56a171e6514466d156224ed9e27bc312_WhatsApp_Image_2025_06_18_at_08.33.29.jpeg","datePublished":"2026-02-19T08:32:05+00:00","dateModified":"2026-03-16T06:19:14+00:00","description":"Roof Bar Doosan (Long Cab) \u2013 durable stainless steel, easy light mounting, stylish design, enhances visibility and safety on the worksite.","breadcrumb":{"@id":"https:\/\/rst-steel.com\/product\/roof-bar-doosan-long-cab_prm_63721\/#breadcrumb"},"inLanguage":"sv-SE","potentialAction":[{"@type":"ReadAction","target":["https:\/\/rst-steel.com\/product\/roof-bar-doosan-long-cab_prm_63721\/"]}]},{"@type":"ImageObject","inLanguage":"sv-SE","@id":"https:\/\/rst-steel.com\/product\/roof-bar-doosan-long-cab_prm_63721\/#primaryimage","url":"https:\/\/rst-steel.com\/wp-content\/uploads\/2026\/02\/b63b3dea56a171e6514466d156224ed9e27bc312_WhatsApp_Image_2025_06_18_at_08.33.29.jpeg","contentUrl":"https:\/\/rst-steel.com\/wp-content\/uploads\/2026\/02\/b63b3dea56a171e6514466d156224ed9e27bc312_WhatsApp_Image_2025_06_18_at_08.33.29.jpeg","width":1600,"height":1200,"caption":"Roof Bar Doosan (Long Cab)"},{"@type":"BreadcrumbList","@id":"https:\/\/rst-steel.com\/product\/roof-bar-doosan-long-cab_prm_63721\/#breadcrumb","itemListElement":[{"@type":"ListItem","position":1,"name":"Home","item":"https:\/\/rst-steel.com\/"},{"@type":"ListItem","position":2,"name":"RST-Steel Shop","item":"https:\/\/rst-steel.com\/shop\/"},{"@type":"ListItem","position":3,"name":"Roof Bar Doosan (Long Cab)"}]},{"@type":"WebSite","@id":"https:\/\/rst-steel.com\/#website","url":"https:\/\/rst-steel.com\/","name":"RST-Stahl.com","description":"Finskt kvalitetsst\u00e5l, f\u00f6r kvalitetsmedvetna f\u00f6rare","publisher":{"@id":"https:\/\/rst-steel.com\/#organization"},"alternateName":"Safe and stylish RST-Steel quality","potentialAction":[{"@type":"SearchAction","target":{"@type":"EntryPoint","urlTemplate":"https:\/\/rst-steel.com\/?s={search_term_string}"},"query-input":{"@type":"PropertyValueSpecification","valueRequired":true,"valueName":"search_term_string"}}],"inLanguage":"sv-SE"},{"@type":"Organization","@id":"https:\/\/rst-steel.com\/#organization","name":"RST-Steel Oy","url":"https:\/\/rst-steel.com\/","logo":{"@type":"ImageObject","inLanguage":"sv-SE","@id":"https:\/\/rst-steel.com\/#\/schema\/logo\/image\/","url":"https:\/\/rst-steel.com\/wp-content\/uploads\/2023\/04\/cropped-Rst-logo-valkoinen-teksti-3.png","contentUrl":"https:\/\/rst-steel.com\/wp-content\/uploads\/2023\/04\/cropped-Rst-logo-valkoinen-teksti-3.png","width":512,"height":115,"caption":"RST-Steel Oy"},"image":{"@id":"https:\/\/rst-steel.com\/#\/schema\/logo\/image\/"},"sameAs":["https:\/\/www.facebook.com\/rststeel","https:\/\/www.instagram.com\/rststeeloy\/"]}]}},"brands":[{"id":8334,"name":"RST-Steel","slug":"brand_rststeel"}],"_links":{"self":[{"href":"https:\/\/rst-steel.com\/sv\/wp-json\/wp\/v2\/product\/121884","targetHints":{"allow":["GET"]}}],"collection":[{"href":"https:\/\/rst-steel.com\/sv\/wp-json\/wp\/v2\/product"}],"about":[{"href":"https:\/\/rst-steel.com\/sv\/wp-json\/wp\/v2\/types\/product"}],"replies":[{"embeddable":true,"href":"https:\/\/rst-steel.com\/sv\/wp-json\/wp\/v2\/comments?post=121884"}],"version-history":[{"count":0,"href":"https:\/\/rst-steel.com\/sv\/wp-json\/wp\/v2\/product\/121884\/revisions"}],"wp:featuredmedia":[{"embeddable":true,"href":"https:\/\/rst-steel.com\/sv\/wp-json\/wp\/v2\/media\/121882"}],"wp:attachment":[{"href":"https:\/\/rst-steel.com\/sv\/wp-json\/wp\/v2\/media?parent=121884"}],"wp:term":[{"taxonomy":"make_fuel_type","embeddable":true,"href":"https:\/\/rst-steel.com\/sv\/wp-json\/wp\/v2\/make_fuel_type?post=121884"},{"taxonomy":"make_model","embeddable":true,"href":"https:\/\/rst-steel.com\/sv\/wp-json\/wp\/v2\/make_model?post=121884"},{"taxonomy":"make_brand","embeddable":true,"href":"https:\/\/rst-steel.com\/sv\/wp-json\/wp\/v2\/make_brand?post=121884"},{"taxonomy":"make_year","embeddable":true,"href":"https:\/\/rst-steel.com\/sv\/wp-json\/wp\/v2\/make_year?post=121884"},{"taxonomy":"pwb-brand","embeddable":true,"href":"https:\/\/rst-steel.com\/sv\/wp-json\/wp\/v2\/pwb-brand?post=121884"},{"taxonomy":"product_brand","embeddable":true,"href":"https:\/\/rst-steel.com\/sv\/wp-json\/wp\/v2\/product_brand?post=121884"},{"taxonomy":"product_cat","embeddable":true,"href":"https:\/\/rst-steel.com\/sv\/wp-json\/wp\/v2\/product_cat?post=121884"},{"taxonomy":"product_tag","embeddable":true,"href":"https:\/\/rst-steel.com\/sv\/wp-json\/wp\/v2\/product_tag?post=121884"}],"curies":[{"name":"wp","href":"https:\/\/api.w.org\/{rel}","templated":true}]}}