{"id":121893,"date":"2026-02-19T11:33:14","date_gmt":"2026-02-19T08:33:14","guid":{"rendered":"https:\/\/rst-steel.com\/product\/side-bars-doosan-develon-dx170w-7_prm_76116\/"},"modified":"2026-03-16T09:19:20","modified_gmt":"2026-03-16T06:19:20","slug":"side-bars-doosan-develon-dx170w-7_prm_76116","status":"publish","type":"product","link":"https:\/\/rst-steel.com\/sv\/produkt\/side-bars-doosan-develon-dx170w-7_prm_76116\/","title":{"rendered":"Sidost\u00e4nger Doosan \/ Develon DX170W-7"},"content":{"rendered":"<div><span style=\"font-weight: bold;\">Sidost\u00e4nger Doosan \/ Develon DX170W-7<\/span><\/div>\n<ul>\n<li><\/li>\n<\/ul>\n<div>RST-Steels sidost\u00e4nger \u00e4r h\u00f6gkvalitativa Key Flag-produkter, tillverkade i Finland av rostfritt st\u00e5l av h\u00f6g kvalitet.<\/div>\n<div>Dessa stiliga sidoskenor full\u00e4ndar maskinens utseende samtidigt som de erbjuder praktisk funktion \u2013 de kan utrustas med positionslampor och varningsblinkers, vilket \u00f6kar synligheten b\u00e5de i trafiken och p\u00e5 arbetsplatsen.<\/div>\n<ul>\n<li><\/li>\n<\/ul>\n<div><span style=\"font-weight: bold;\">Obs! <\/span>Varje r\u00f6r har 1 r\u00f6d positionslampa i \u00e4nden.<\/div>\n<div><\/div>\n<div><span style=\"font-weight: bold;\">Varf\u00f6r v\u00e4lja RST-Steel?<\/span><\/div>\n<ul>\n<li><span style=\"font-weight: bold;\">Tillf\u00f6rlitlighet:<\/span> M\u00e5nga \u00e5rs erfarenhet och expertis s\u00e4kerst\u00e4ller v\u00e5ra produkters h\u00f6ga kvalitet och h\u00e5llbarhet.<\/li>\n<li><span style=\"font-weight: bold;\">Kundn\u00f6jdhet:<\/span> Tusentals n\u00f6jda kunder v\u00e4rlden \u00f6ver litar p\u00e5 RST-Steels produkter.<\/li>\n<li><\/li>\n<\/ul>\n<div><span style=\"font-weight: bold;\">Gl\u00f6m inte att kolla v\u00e5r rekommenderade sektion!<\/span><\/div>\n<ul>\n<li><\/li>\n<\/ul>\n<div><span style=\"font-weight: bold;\">Tekniska specifikationer<\/span><\/div>\n<ul>\n<li>F\u00e4rg: Spegelpolerat rostfritt st\u00e5l eller m\u00e5lat i standard RAL-f\u00e4rger<\/li>\n<li>R\u00f6rets diameter: 60mm<\/li>\n<li><\/li>\n<\/ul>\n<div><span style=\"font-weight: bold;\">Paketet inneh\u00e5ller:<\/span><\/div>\n<ul>\n<li>Sidost\u00e4nger<\/li>\n<li>Monteringsf\u00e4sten som kr\u00e4vs f\u00f6r installation<\/li>\n<li>Instruktioner f\u00f6r installation<\/li>\n<\/ul>","protected":false},"excerpt":{"rendered":"<p>Byggd f\u00f6r att h\u00e5lla i m\u00e5nga \u00e5r<\/p>","protected":false},"featured_media":121891,"comment_status":"open","ping_status":"closed","template":"","meta":{"_improvement_type_select":"improve_an_existing","_thumb_yes_seoaic":false,"_frame_yes_seoaic":false,"seoaic_generate_description":"","seoaic_improve_instructions_prompt":"","seoaic_rollback_content_improvement":"","seoaic_idea_thumbnail_generator":"","thumbnail_generated":false,"thumbnail_generate_prompt":"","seoaic_article_description":""},"make_fuel_type":[],"make_model":[6630],"make_brand":[6467],"make_year":[6465],"pwb-brand":[8334],"product_brand":[],"product_cat":[6057,6069,7282],"product_tag":[],"class_list":{"0":"post-121893","1":"product","2":"type-product","3":"status-publish","4":"has-post-thumbnail","6":"make_model-doosan-develon-excavator","7":"make_brand-doosan","8":"make_year-workmachines","9":"pwb-brand-brand_rststeel","10":"product_cat-lightbars","11":"product_cat-rearbars-for-excavators","12":"product_cat-doosan-vr-kkp","13":"product_shipping_class-lightbars","15":"first","16":"onbackorder","17":"taxable","18":"shipping-taxable","19":"purchasable","20":"product-type-variable"},"yoast_head":"<!-- This site is optimized with the Yoast SEO plugin v25.7 - https:\/\/yoast.com\/wordpress\/plugins\/seo\/ -->\n<title>Side Bars Doosan \/ Develon DX170W-7 - RST-Steel<\/title>\n<meta name=\"description\" content=\"Side Bars Doosan \/ Develon DX170W-7 \u2013 high-quality stainless steel, stylish design, easy light mounting, improves visibility and safety on the worksite.\" \/>\n<meta name=\"robots\" content=\"index, follow, max-snippet:-1, max-image-preview:large, max-video-preview:-1\" \/>\n<link rel=\"canonical\" href=\"https:\/\/rst-steel.com\/sv\/produkt\/side-bars-doosan-develon-dx170w-7_prm_76116\/\" \/>\n<meta property=\"og:locale\" content=\"sv_SE\" \/>\n<meta property=\"og:type\" content=\"article\" \/>\n<meta property=\"og:title\" content=\"Side Bars Doosan \/ Develon DX170W-7 - RST-Steel\" \/>\n<meta property=\"og:description\" content=\"Side Bars Doosan \/ Develon DX170W-7 \u2013 high-quality stainless steel, stylish design, easy light mounting, improves visibility and safety on the worksite.\" \/>\n<meta property=\"og:url\" content=\"https:\/\/rst-steel.com\/sv\/produkt\/side-bars-doosan-develon-dx170w-7_prm_76116\/\" \/>\n<meta property=\"og:site_name\" content=\"RST-Steel\" \/>\n<meta property=\"article:publisher\" content=\"https:\/\/www.facebook.com\/rststeel\" \/>\n<meta property=\"article:modified_time\" content=\"2026-03-16T06:19:20+00:00\" \/>\n<meta property=\"og:image\" content=\"https:\/\/rst-steel.com\/wp-content\/uploads\/2026\/02\/6b22bf268a519feb73ba6378b48d749768da4255_WhatsApp_Image_2025_06_18_at_08.33.33__1_.jpeg\" \/>\n\t<meta property=\"og:image:width\" content=\"1600\" \/>\n\t<meta property=\"og:image:height\" content=\"1200\" \/>\n\t<meta property=\"og:image:type\" content=\"image\/jpeg\" \/>\n<meta name=\"twitter:card\" content=\"summary_large_image\" \/>\n<meta name=\"twitter:label1\" content=\"Ber\u00e4knad l\u00e4stid\" \/>\n\t<meta name=\"twitter:data1\" content=\"1 minut\" \/>\n<script type=\"application\/ld+json\" class=\"yoast-schema-graph\">{\"@context\":\"https:\/\/schema.org\",\"@graph\":[{\"@type\":\"WebPage\",\"@id\":\"https:\/\/rst-steel.com\/product\/side-bars-doosan-develon-dx170w-7_prm_76116\/\",\"url\":\"https:\/\/rst-steel.com\/product\/side-bars-doosan-develon-dx170w-7_prm_76116\/\",\"name\":\"Side Bars Doosan \/ Develon DX170W-7 - RST-Steel\",\"isPartOf\":{\"@id\":\"https:\/\/rst-steel.com\/#website\"},\"primaryImageOfPage\":{\"@id\":\"https:\/\/rst-steel.com\/product\/side-bars-doosan-develon-dx170w-7_prm_76116\/#primaryimage\"},\"image\":{\"@id\":\"https:\/\/rst-steel.com\/product\/side-bars-doosan-develon-dx170w-7_prm_76116\/#primaryimage\"},\"thumbnailUrl\":\"https:\/\/rst-steel.com\/wp-content\/uploads\/2026\/02\/6b22bf268a519feb73ba6378b48d749768da4255_WhatsApp_Image_2025_06_18_at_08.33.33__1_.jpeg\",\"datePublished\":\"2026-02-19T08:33:14+00:00\",\"dateModified\":\"2026-03-16T06:19:20+00:00\",\"description\":\"Side Bars Doosan \/ Develon DX170W-7 \u2013 high-quality stainless steel, stylish design, easy light mounting, improves visibility and safety on the worksite.\",\"breadcrumb\":{\"@id\":\"https:\/\/rst-steel.com\/product\/side-bars-doosan-develon-dx170w-7_prm_76116\/#breadcrumb\"},\"inLanguage\":\"sv-SE\",\"potentialAction\":[{\"@type\":\"ReadAction\",\"target\":[\"https:\/\/rst-steel.com\/product\/side-bars-doosan-develon-dx170w-7_prm_76116\/\"]}]},{\"@type\":\"ImageObject\",\"inLanguage\":\"sv-SE\",\"@id\":\"https:\/\/rst-steel.com\/product\/side-bars-doosan-develon-dx170w-7_prm_76116\/#primaryimage\",\"url\":\"https:\/\/rst-steel.com\/wp-content\/uploads\/2026\/02\/6b22bf268a519feb73ba6378b48d749768da4255_WhatsApp_Image_2025_06_18_at_08.33.33__1_.jpeg\",\"contentUrl\":\"https:\/\/rst-steel.com\/wp-content\/uploads\/2026\/02\/6b22bf268a519feb73ba6378b48d749768da4255_WhatsApp_Image_2025_06_18_at_08.33.33__1_.jpeg\",\"width\":1600,\"height\":1200,\"caption\":\"Side Bars Doosan \/ Develon DX170W-7\"},{\"@type\":\"BreadcrumbList\",\"@id\":\"https:\/\/rst-steel.com\/product\/side-bars-doosan-develon-dx170w-7_prm_76116\/#breadcrumb\",\"itemListElement\":[{\"@type\":\"ListItem\",\"position\":1,\"name\":\"Home\",\"item\":\"https:\/\/rst-steel.com\/\"},{\"@type\":\"ListItem\",\"position\":2,\"name\":\"RST-Steel Shop\",\"item\":\"https:\/\/rst-steel.com\/shop\/\"},{\"@type\":\"ListItem\",\"position\":3,\"name\":\"Side Bars Doosan \/ Develon DX170W-7\"}]},{\"@type\":\"WebSite\",\"@id\":\"https:\/\/rst-steel.com\/#website\",\"url\":\"https:\/\/rst-steel.com\/\",\"name\":\"RST-Steel.com\",\"description\":\"Finnish quality steel, for quality-conscious drivers\",\"publisher\":{\"@id\":\"https:\/\/rst-steel.com\/#organization\"},\"alternateName\":\"Safe and stylish RST-Steel quality\",\"potentialAction\":[{\"@type\":\"SearchAction\",\"target\":{\"@type\":\"EntryPoint\",\"urlTemplate\":\"https:\/\/rst-steel.com\/?s={search_term_string}\"},\"query-input\":{\"@type\":\"PropertyValueSpecification\",\"valueRequired\":true,\"valueName\":\"search_term_string\"}}],\"inLanguage\":\"sv-SE\"},{\"@type\":\"Organization\",\"@id\":\"https:\/\/rst-steel.com\/#organization\",\"name\":\"RST-Steel Oy\",\"url\":\"https:\/\/rst-steel.com\/\",\"logo\":{\"@type\":\"ImageObject\",\"inLanguage\":\"sv-SE\",\"@id\":\"https:\/\/rst-steel.com\/#\/schema\/logo\/image\/\",\"url\":\"https:\/\/rst-steel.com\/wp-content\/uploads\/2023\/04\/cropped-Rst-logo-valkoinen-teksti-3.png\",\"contentUrl\":\"https:\/\/rst-steel.com\/wp-content\/uploads\/2023\/04\/cropped-Rst-logo-valkoinen-teksti-3.png\",\"width\":512,\"height\":115,\"caption\":\"RST-Steel Oy\"},\"image\":{\"@id\":\"https:\/\/rst-steel.com\/#\/schema\/logo\/image\/\"},\"sameAs\":[\"https:\/\/www.facebook.com\/rststeel\",\"https:\/\/www.instagram.com\/rststeeloy\/\"]}]}<\/script>\n<!-- \/ Yoast SEO plugin. -->","yoast_head_json":{"title":"Side Bars Doosan \/ Develon DX170W-7 - RST-Steel","description":"Side Bars Doosan \/ Develon DX170W-7 \u2013 high-quality stainless steel, stylish design, easy light mounting, improves visibility and safety on the worksite.","robots":{"index":"index","follow":"follow","max-snippet":"max-snippet:-1","max-image-preview":"max-image-preview:large","max-video-preview":"max-video-preview:-1"},"canonical":"https:\/\/rst-steel.com\/sv\/produkt\/side-bars-doosan-develon-dx170w-7_prm_76116\/","og_locale":"sv_SE","og_type":"article","og_title":"Side Bars Doosan \/ Develon DX170W-7 - RST-Steel","og_description":"Side Bars Doosan \/ Develon DX170W-7 \u2013 high-quality stainless steel, stylish design, easy light mounting, improves visibility and safety on the worksite.","og_url":"https:\/\/rst-steel.com\/sv\/produkt\/side-bars-doosan-develon-dx170w-7_prm_76116\/","og_site_name":"RST-Steel","article_publisher":"https:\/\/www.facebook.com\/rststeel","article_modified_time":"2026-03-16T06:19:20+00:00","og_image":[{"width":1600,"height":1200,"url":"https:\/\/rst-steel.com\/wp-content\/uploads\/2026\/02\/6b22bf268a519feb73ba6378b48d749768da4255_WhatsApp_Image_2025_06_18_at_08.33.33__1_.jpeg","type":"image\/jpeg"}],"twitter_card":"summary_large_image","twitter_misc":{"Ber\u00e4knad l\u00e4stid":"1 minut"},"schema":{"@context":"https:\/\/schema.org","@graph":[{"@type":"WebPage","@id":"https:\/\/rst-steel.com\/product\/side-bars-doosan-develon-dx170w-7_prm_76116\/","url":"https:\/\/rst-steel.com\/product\/side-bars-doosan-develon-dx170w-7_prm_76116\/","name":"Side Bars Doosan \/ Develon DX170W-7 - RST-Steel","isPartOf":{"@id":"https:\/\/rst-steel.com\/#website"},"primaryImageOfPage":{"@id":"https:\/\/rst-steel.com\/product\/side-bars-doosan-develon-dx170w-7_prm_76116\/#primaryimage"},"image":{"@id":"https:\/\/rst-steel.com\/product\/side-bars-doosan-develon-dx170w-7_prm_76116\/#primaryimage"},"thumbnailUrl":"https:\/\/rst-steel.com\/wp-content\/uploads\/2026\/02\/6b22bf268a519feb73ba6378b48d749768da4255_WhatsApp_Image_2025_06_18_at_08.33.33__1_.jpeg","datePublished":"2026-02-19T08:33:14+00:00","dateModified":"2026-03-16T06:19:20+00:00","description":"Side Bars Doosan \/ Develon DX170W-7 \u2013 high-quality stainless steel, stylish design, easy light mounting, improves visibility and safety on the worksite.","breadcrumb":{"@id":"https:\/\/rst-steel.com\/product\/side-bars-doosan-develon-dx170w-7_prm_76116\/#breadcrumb"},"inLanguage":"sv-SE","potentialAction":[{"@type":"ReadAction","target":["https:\/\/rst-steel.com\/product\/side-bars-doosan-develon-dx170w-7_prm_76116\/"]}]},{"@type":"ImageObject","inLanguage":"sv-SE","@id":"https:\/\/rst-steel.com\/product\/side-bars-doosan-develon-dx170w-7_prm_76116\/#primaryimage","url":"https:\/\/rst-steel.com\/wp-content\/uploads\/2026\/02\/6b22bf268a519feb73ba6378b48d749768da4255_WhatsApp_Image_2025_06_18_at_08.33.33__1_.jpeg","contentUrl":"https:\/\/rst-steel.com\/wp-content\/uploads\/2026\/02\/6b22bf268a519feb73ba6378b48d749768da4255_WhatsApp_Image_2025_06_18_at_08.33.33__1_.jpeg","width":1600,"height":1200,"caption":"Side Bars Doosan \/ Develon DX170W-7"},{"@type":"BreadcrumbList","@id":"https:\/\/rst-steel.com\/product\/side-bars-doosan-develon-dx170w-7_prm_76116\/#breadcrumb","itemListElement":[{"@type":"ListItem","position":1,"name":"Home","item":"https:\/\/rst-steel.com\/"},{"@type":"ListItem","position":2,"name":"RST-Steel Shop","item":"https:\/\/rst-steel.com\/shop\/"},{"@type":"ListItem","position":3,"name":"Side Bars Doosan \/ Develon DX170W-7"}]},{"@type":"WebSite","@id":"https:\/\/rst-steel.com\/#website","url":"https:\/\/rst-steel.com\/","name":"RST-Stahl.com","description":"Finskt kvalitetsst\u00e5l, f\u00f6r kvalitetsmedvetna f\u00f6rare","publisher":{"@id":"https:\/\/rst-steel.com\/#organization"},"alternateName":"Safe and stylish RST-Steel quality","potentialAction":[{"@type":"SearchAction","target":{"@type":"EntryPoint","urlTemplate":"https:\/\/rst-steel.com\/?s={search_term_string}"},"query-input":{"@type":"PropertyValueSpecification","valueRequired":true,"valueName":"search_term_string"}}],"inLanguage":"sv-SE"},{"@type":"Organization","@id":"https:\/\/rst-steel.com\/#organization","name":"RST-Steel Oy","url":"https:\/\/rst-steel.com\/","logo":{"@type":"ImageObject","inLanguage":"sv-SE","@id":"https:\/\/rst-steel.com\/#\/schema\/logo\/image\/","url":"https:\/\/rst-steel.com\/wp-content\/uploads\/2023\/04\/cropped-Rst-logo-valkoinen-teksti-3.png","contentUrl":"https:\/\/rst-steel.com\/wp-content\/uploads\/2023\/04\/cropped-Rst-logo-valkoinen-teksti-3.png","width":512,"height":115,"caption":"RST-Steel Oy"},"image":{"@id":"https:\/\/rst-steel.com\/#\/schema\/logo\/image\/"},"sameAs":["https:\/\/www.facebook.com\/rststeel","https:\/\/www.instagram.com\/rststeeloy\/"]}]}},"brands":[{"id":8334,"name":"RST-Steel","slug":"brand_rststeel"}],"_links":{"self":[{"href":"https:\/\/rst-steel.com\/sv\/wp-json\/wp\/v2\/product\/121893","targetHints":{"allow":["GET"]}}],"collection":[{"href":"https:\/\/rst-steel.com\/sv\/wp-json\/wp\/v2\/product"}],"about":[{"href":"https:\/\/rst-steel.com\/sv\/wp-json\/wp\/v2\/types\/product"}],"replies":[{"embeddable":true,"href":"https:\/\/rst-steel.com\/sv\/wp-json\/wp\/v2\/comments?post=121893"}],"version-history":[{"count":0,"href":"https:\/\/rst-steel.com\/sv\/wp-json\/wp\/v2\/product\/121893\/revisions"}],"wp:featuredmedia":[{"embeddable":true,"href":"https:\/\/rst-steel.com\/sv\/wp-json\/wp\/v2\/media\/121891"}],"wp:attachment":[{"href":"https:\/\/rst-steel.com\/sv\/wp-json\/wp\/v2\/media?parent=121893"}],"wp:term":[{"taxonomy":"make_fuel_type","embeddable":true,"href":"https:\/\/rst-steel.com\/sv\/wp-json\/wp\/v2\/make_fuel_type?post=121893"},{"taxonomy":"make_model","embeddable":true,"href":"https:\/\/rst-steel.com\/sv\/wp-json\/wp\/v2\/make_model?post=121893"},{"taxonomy":"make_brand","embeddable":true,"href":"https:\/\/rst-steel.com\/sv\/wp-json\/wp\/v2\/make_brand?post=121893"},{"taxonomy":"make_year","embeddable":true,"href":"https:\/\/rst-steel.com\/sv\/wp-json\/wp\/v2\/make_year?post=121893"},{"taxonomy":"pwb-brand","embeddable":true,"href":"https:\/\/rst-steel.com\/sv\/wp-json\/wp\/v2\/pwb-brand?post=121893"},{"taxonomy":"product_brand","embeddable":true,"href":"https:\/\/rst-steel.com\/sv\/wp-json\/wp\/v2\/product_brand?post=121893"},{"taxonomy":"product_cat","embeddable":true,"href":"https:\/\/rst-steel.com\/sv\/wp-json\/wp\/v2\/product_cat?post=121893"},{"taxonomy":"product_tag","embeddable":true,"href":"https:\/\/rst-steel.com\/sv\/wp-json\/wp\/v2\/product_tag?post=121893"}],"curies":[{"name":"wp","href":"https:\/\/api.w.org\/{rel}","templated":true}]}}