{"id":121941,"date":"2026-02-20T09:21:11","date_gmt":"2026-02-20T06:21:11","guid":{"rendered":"https:\/\/rst-steel.com\/product\/valoteline-katolle-hitachi-7-sarja-thi106-lyhyt-ohjaamo_prm_68389\/"},"modified":"2026-03-16T09:17:57","modified_gmt":"2026-03-16T06:17:57","slug":"roof-bar-for-hitachi-7-series-thi106-short-cab_prm_68389","status":"publish","type":"product","link":"https:\/\/rst-steel.com\/sv\/produkt\/roof-bar-for-hitachi-7-series-thi106-short-cab_prm_68389\/","title":{"rendered":"Takb\u00e5ge f\u00f6r Hitachi 7\u2011serien (THI106 Kort hytt)"},"content":{"rendered":"<p data-start=\"0\" data-end=\"90\"><span style=\"font-weight: 700\">Takb\u00e5ge f\u00f6r Hitachi 7\u2011serien (THI106 Kort hytt)<\/span><\/p>\n<p data-start=\"0\" data-end=\"90\">RST-Steel takb\u00e5ge \u00e4r premium Key Flag-produkter, tillverkade i Finland av h\u00f6gkvalitativt rostfritt st\u00e5l.<\/p>\n<p data-start=\"217\" data-end=\"442\">En stilfull takb\u00e5ge fullbordar maskinens utseende samtidigt som den erbjuder praktisk funktionalitet. B\u00e5gen kan utrustas med positionsljus och varningsblinkers, vilket g\u00f6r dig \u00e4nnu mer synlig b\u00e5de i trafiken och p\u00e5 arbetsplatsen.<\/p>\n<ul>\n<li><\/li>\n<\/ul>\n<h3 data-start=\"444\" data-end=\"469\">Varf\u00f6r v\u00e4lja RST-Steel?<\/h3>\n<ul>\n<li><strong data-start=\"471\" data-end=\"487\">Tillf\u00f6rlitlighet:<\/strong> M\u00e5nga \u00e5rs erfarenhet och expertis s\u00e4kerst\u00e4ller v\u00e5ra produkters h\u00f6ga kvalitet och h\u00e5llbarhet.<\/li>\n<li><strong data-start=\"580\" data-end=\"606\">Kundn\u00f6jdhet:<\/strong> Tusentals n\u00f6jda kunder v\u00e4rlden \u00f6ver litar p\u00e5 RST-Steels produkter.<\/li>\n<li><\/li>\n<\/ul>\n<h3 data-start=\"682\" data-end=\"711\">Tekniska specifikationer<\/h3>\n<ul data-start=\"713\" data-end=\"897\">\n<li data-start=\"713\" data-end=\"786\">\n<p data-start=\"715\" data-end=\"786\"><strong data-start=\"715\" data-end=\"725\">F\u00e4rg:<\/strong> Polerat rostfritt st\u00e5l eller m\u00e5lat i standard RAL-f\u00e4rger<\/p>\n<\/li>\n<li data-start=\"787\" data-end=\"815\">\n<p data-start=\"789\" data-end=\"815\"><strong data-start=\"789\" data-end=\"807\">R\u00f6rdiameter:<\/strong> 60 mm<\/p>\n<\/li>\n<li data-start=\"816\" data-end=\"857\">\n<p data-start=\"818\" data-end=\"857\"><strong data-start=\"818\" data-end=\"828\">Front:<\/strong> Ljusramp f\u00f6r arbetsljus<\/p>\n<\/li>\n<li data-start=\"858\" data-end=\"897\">\n<p data-start=\"860\" data-end=\"897\"><strong data-start=\"860\" data-end=\"869\">Bakre:<\/strong> 4 ljusf\u00e4sten<\/p>\n<\/li>\n<li><\/li>\n<\/ul>\n<h3 data-start=\"904\" data-end=\"925\">Paketet inneh\u00e5ller:<\/h3>\n<\/p>\n<ul data-start=\"927\" data-end=\"1017\" data-is-last-node=\"\" data-is-only-node=\"\">\n<li data-start=\"927\" data-end=\"945\">\n<p data-start=\"929\" data-end=\"945\">Takb\u00e5ge<\/p>\n<\/li>\n<li data-start=\"946\" data-end=\"989\">\n<p data-start=\"948\" data-end=\"989\">N\u00f6dv\u00e4ndiga monteringsf\u00e4sten och tillbeh\u00f6r<\/p>\n<\/li>\n<li data-start=\"990\" data-end=\"1017\" data-is-last-node=\"\">\n<p data-start=\"992\" data-end=\"1017\" data-is-last-node=\"\">Instruktioner f\u00f6r installation<\/p>\n<\/li>\n<\/ul>","protected":false},"excerpt":{"rendered":"<p>Premium Key Flag-produkter, tillverkade i Finland av h\u00f6gkvalitativt rostfritt st\u00e5l.<\/p>","protected":false},"featured_media":121938,"comment_status":"open","ping_status":"closed","template":"","meta":{"_improvement_type_select":"improve_an_existing","_thumb_yes_seoaic":false,"_frame_yes_seoaic":false,"seoaic_generate_description":"","seoaic_improve_instructions_prompt":"","seoaic_rollback_content_improvement":"","seoaic_idea_thumbnail_generator":"","thumbnail_generated":false,"thumbnail_generate_prompt":"","seoaic_article_description":""},"make_fuel_type":[],"make_model":[],"make_brand":[6535],"make_year":[6465],"pwb-brand":[8334],"product_brand":[],"product_cat":[8065,6057,6068],"product_tag":[],"class_list":{"0":"post-121941","1":"product","2":"type-product","3":"status-publish","4":"has-post-thumbnail","6":"make_brand-hitachiexcavator","7":"make_year-workmachines","8":"pwb-brand-brand_rststeel","9":"product_cat-hitachi-vr-kkk","10":"product_cat-lightbars","11":"product_cat-roofbars-for-excavators","12":"product_shipping_class-lightbars","14":"first","15":"onbackorder","16":"taxable","17":"shipping-taxable","18":"purchasable","19":"product-type-variable"},"yoast_head":"<!-- This site is optimized with the Yoast SEO plugin v25.7 - https:\/\/yoast.com\/wordpress\/plugins\/seo\/ -->\n<title>Roof Bar for Hitachi 7 Series (THI106 Short Cab) - RST-Steel<\/title>\n<meta name=\"description\" content=\"Durable roof bar Hitachi 7 Series (THI106 Short Cab). Stainless steel design for added visibility, protection, and a stylish finish.\" \/>\n<meta name=\"robots\" content=\"index, follow, max-snippet:-1, max-image-preview:large, max-video-preview:-1\" \/>\n<link rel=\"canonical\" href=\"https:\/\/rst-steel.com\/sv\/produkt\/roof-bar-for-hitachi-7-series-thi106-short-cab_prm_68389\/\" \/>\n<meta property=\"og:locale\" content=\"sv_SE\" \/>\n<meta property=\"og:type\" content=\"article\" \/>\n<meta property=\"og:title\" content=\"Roof Bar for Hitachi 7 Series (THI106 Short Cab) - RST-Steel\" \/>\n<meta property=\"og:description\" content=\"Durable roof bar Hitachi 7 Series (THI106 Short Cab). Stainless steel design for added visibility, protection, and a stylish finish.\" \/>\n<meta property=\"og:url\" content=\"https:\/\/rst-steel.com\/sv\/produkt\/roof-bar-for-hitachi-7-series-thi106-short-cab_prm_68389\/\" \/>\n<meta property=\"og:site_name\" content=\"RST-Steel\" \/>\n<meta property=\"article:publisher\" content=\"https:\/\/www.facebook.com\/rststeel\" \/>\n<meta property=\"article:modified_time\" content=\"2026-03-16T06:17:57+00:00\" \/>\n<meta property=\"og:image\" content=\"https:\/\/rst-steel.com\/wp-content\/uploads\/2026\/02\/b7e0b06c9089021ffe0cf7154e42e7be29ea5dbb_675e50be_194c_4a18_966e_2b1b46381ace.jpg\" \/>\n\t<meta property=\"og:image:width\" content=\"1600\" \/>\n\t<meta property=\"og:image:height\" content=\"1200\" \/>\n\t<meta property=\"og:image:type\" content=\"image\/jpeg\" \/>\n<meta name=\"twitter:card\" content=\"summary_large_image\" \/>\n<meta name=\"twitter:label1\" content=\"Ber\u00e4knad l\u00e4stid\" \/>\n\t<meta name=\"twitter:data1\" content=\"1 minut\" \/>\n<script type=\"application\/ld+json\" class=\"yoast-schema-graph\">{\"@context\":\"https:\/\/schema.org\",\"@graph\":[{\"@type\":\"WebPage\",\"@id\":\"https:\/\/rst-steel.com\/product\/roof-bar-for-hitachi-7-series-thi106-short-cab_prm_68389\/\",\"url\":\"https:\/\/rst-steel.com\/product\/roof-bar-for-hitachi-7-series-thi106-short-cab_prm_68389\/\",\"name\":\"Roof Bar for Hitachi 7 Series (THI106 Short Cab) - RST-Steel\",\"isPartOf\":{\"@id\":\"https:\/\/rst-steel.com\/#website\"},\"primaryImageOfPage\":{\"@id\":\"https:\/\/rst-steel.com\/product\/roof-bar-for-hitachi-7-series-thi106-short-cab_prm_68389\/#primaryimage\"},\"image\":{\"@id\":\"https:\/\/rst-steel.com\/product\/roof-bar-for-hitachi-7-series-thi106-short-cab_prm_68389\/#primaryimage\"},\"thumbnailUrl\":\"https:\/\/rst-steel.com\/wp-content\/uploads\/2026\/02\/b7e0b06c9089021ffe0cf7154e42e7be29ea5dbb_675e50be_194c_4a18_966e_2b1b46381ace.jpg\",\"datePublished\":\"2026-02-20T06:21:11+00:00\",\"dateModified\":\"2026-03-16T06:17:57+00:00\",\"description\":\"Durable roof bar Hitachi 7 Series (THI106 Short Cab). Stainless steel design for added visibility, protection, and a stylish finish.\",\"breadcrumb\":{\"@id\":\"https:\/\/rst-steel.com\/product\/roof-bar-for-hitachi-7-series-thi106-short-cab_prm_68389\/#breadcrumb\"},\"inLanguage\":\"sv-SE\",\"potentialAction\":[{\"@type\":\"ReadAction\",\"target\":[\"https:\/\/rst-steel.com\/product\/roof-bar-for-hitachi-7-series-thi106-short-cab_prm_68389\/\"]}]},{\"@type\":\"ImageObject\",\"inLanguage\":\"sv-SE\",\"@id\":\"https:\/\/rst-steel.com\/product\/roof-bar-for-hitachi-7-series-thi106-short-cab_prm_68389\/#primaryimage\",\"url\":\"https:\/\/rst-steel.com\/wp-content\/uploads\/2026\/02\/b7e0b06c9089021ffe0cf7154e42e7be29ea5dbb_675e50be_194c_4a18_966e_2b1b46381ace.jpg\",\"contentUrl\":\"https:\/\/rst-steel.com\/wp-content\/uploads\/2026\/02\/b7e0b06c9089021ffe0cf7154e42e7be29ea5dbb_675e50be_194c_4a18_966e_2b1b46381ace.jpg\",\"width\":1600,\"height\":1200,\"caption\":\"Roof Bar for Hitachi 7 Series (THI106 Short Cab)\"},{\"@type\":\"BreadcrumbList\",\"@id\":\"https:\/\/rst-steel.com\/product\/roof-bar-for-hitachi-7-series-thi106-short-cab_prm_68389\/#breadcrumb\",\"itemListElement\":[{\"@type\":\"ListItem\",\"position\":1,\"name\":\"Home\",\"item\":\"https:\/\/rst-steel.com\/\"},{\"@type\":\"ListItem\",\"position\":2,\"name\":\"RST-Steel Shop\",\"item\":\"https:\/\/rst-steel.com\/shop\/\"},{\"@type\":\"ListItem\",\"position\":3,\"name\":\"Roof Bar for Hitachi 7 Series (THI106 Short Cab)\"}]},{\"@type\":\"WebSite\",\"@id\":\"https:\/\/rst-steel.com\/#website\",\"url\":\"https:\/\/rst-steel.com\/\",\"name\":\"RST-Steel.com\",\"description\":\"Finnish quality steel, for quality-conscious drivers\",\"publisher\":{\"@id\":\"https:\/\/rst-steel.com\/#organization\"},\"alternateName\":\"Safe and stylish RST-Steel quality\",\"potentialAction\":[{\"@type\":\"SearchAction\",\"target\":{\"@type\":\"EntryPoint\",\"urlTemplate\":\"https:\/\/rst-steel.com\/?s={search_term_string}\"},\"query-input\":{\"@type\":\"PropertyValueSpecification\",\"valueRequired\":true,\"valueName\":\"search_term_string\"}}],\"inLanguage\":\"sv-SE\"},{\"@type\":\"Organization\",\"@id\":\"https:\/\/rst-steel.com\/#organization\",\"name\":\"RST-Steel Oy\",\"url\":\"https:\/\/rst-steel.com\/\",\"logo\":{\"@type\":\"ImageObject\",\"inLanguage\":\"sv-SE\",\"@id\":\"https:\/\/rst-steel.com\/#\/schema\/logo\/image\/\",\"url\":\"https:\/\/rst-steel.com\/wp-content\/uploads\/2023\/04\/cropped-Rst-logo-valkoinen-teksti-3.png\",\"contentUrl\":\"https:\/\/rst-steel.com\/wp-content\/uploads\/2023\/04\/cropped-Rst-logo-valkoinen-teksti-3.png\",\"width\":512,\"height\":115,\"caption\":\"RST-Steel Oy\"},\"image\":{\"@id\":\"https:\/\/rst-steel.com\/#\/schema\/logo\/image\/\"},\"sameAs\":[\"https:\/\/www.facebook.com\/rststeel\",\"https:\/\/www.instagram.com\/rststeeloy\/\"]}]}<\/script>\n<!-- \/ Yoast SEO plugin. -->","yoast_head_json":{"title":"Roof Bar for Hitachi 7 Series (THI106 Short Cab) - RST-Steel","description":"Durable roof bar Hitachi 7 Series (THI106 Short Cab). Stainless steel design for added visibility, protection, and a stylish finish.","robots":{"index":"index","follow":"follow","max-snippet":"max-snippet:-1","max-image-preview":"max-image-preview:large","max-video-preview":"max-video-preview:-1"},"canonical":"https:\/\/rst-steel.com\/sv\/produkt\/roof-bar-for-hitachi-7-series-thi106-short-cab_prm_68389\/","og_locale":"sv_SE","og_type":"article","og_title":"Roof Bar for Hitachi 7 Series (THI106 Short Cab) - RST-Steel","og_description":"Durable roof bar Hitachi 7 Series (THI106 Short Cab). Stainless steel design for added visibility, protection, and a stylish finish.","og_url":"https:\/\/rst-steel.com\/sv\/produkt\/roof-bar-for-hitachi-7-series-thi106-short-cab_prm_68389\/","og_site_name":"RST-Steel","article_publisher":"https:\/\/www.facebook.com\/rststeel","article_modified_time":"2026-03-16T06:17:57+00:00","og_image":[{"width":1600,"height":1200,"url":"https:\/\/rst-steel.com\/wp-content\/uploads\/2026\/02\/b7e0b06c9089021ffe0cf7154e42e7be29ea5dbb_675e50be_194c_4a18_966e_2b1b46381ace.jpg","type":"image\/jpeg"}],"twitter_card":"summary_large_image","twitter_misc":{"Ber\u00e4knad l\u00e4stid":"1 minut"},"schema":{"@context":"https:\/\/schema.org","@graph":[{"@type":"WebPage","@id":"https:\/\/rst-steel.com\/product\/roof-bar-for-hitachi-7-series-thi106-short-cab_prm_68389\/","url":"https:\/\/rst-steel.com\/product\/roof-bar-for-hitachi-7-series-thi106-short-cab_prm_68389\/","name":"Roof Bar for Hitachi 7 Series (THI106 Short Cab) - RST-Steel","isPartOf":{"@id":"https:\/\/rst-steel.com\/#website"},"primaryImageOfPage":{"@id":"https:\/\/rst-steel.com\/product\/roof-bar-for-hitachi-7-series-thi106-short-cab_prm_68389\/#primaryimage"},"image":{"@id":"https:\/\/rst-steel.com\/product\/roof-bar-for-hitachi-7-series-thi106-short-cab_prm_68389\/#primaryimage"},"thumbnailUrl":"https:\/\/rst-steel.com\/wp-content\/uploads\/2026\/02\/b7e0b06c9089021ffe0cf7154e42e7be29ea5dbb_675e50be_194c_4a18_966e_2b1b46381ace.jpg","datePublished":"2026-02-20T06:21:11+00:00","dateModified":"2026-03-16T06:17:57+00:00","description":"Durable roof bar Hitachi 7 Series (THI106 Short Cab). Stainless steel design for added visibility, protection, and a stylish finish.","breadcrumb":{"@id":"https:\/\/rst-steel.com\/product\/roof-bar-for-hitachi-7-series-thi106-short-cab_prm_68389\/#breadcrumb"},"inLanguage":"sv-SE","potentialAction":[{"@type":"ReadAction","target":["https:\/\/rst-steel.com\/product\/roof-bar-for-hitachi-7-series-thi106-short-cab_prm_68389\/"]}]},{"@type":"ImageObject","inLanguage":"sv-SE","@id":"https:\/\/rst-steel.com\/product\/roof-bar-for-hitachi-7-series-thi106-short-cab_prm_68389\/#primaryimage","url":"https:\/\/rst-steel.com\/wp-content\/uploads\/2026\/02\/b7e0b06c9089021ffe0cf7154e42e7be29ea5dbb_675e50be_194c_4a18_966e_2b1b46381ace.jpg","contentUrl":"https:\/\/rst-steel.com\/wp-content\/uploads\/2026\/02\/b7e0b06c9089021ffe0cf7154e42e7be29ea5dbb_675e50be_194c_4a18_966e_2b1b46381ace.jpg","width":1600,"height":1200,"caption":"Roof Bar for Hitachi 7 Series (THI106 Short Cab)"},{"@type":"BreadcrumbList","@id":"https:\/\/rst-steel.com\/product\/roof-bar-for-hitachi-7-series-thi106-short-cab_prm_68389\/#breadcrumb","itemListElement":[{"@type":"ListItem","position":1,"name":"Home","item":"https:\/\/rst-steel.com\/"},{"@type":"ListItem","position":2,"name":"RST-Steel Shop","item":"https:\/\/rst-steel.com\/shop\/"},{"@type":"ListItem","position":3,"name":"Roof Bar for Hitachi 7 Series (THI106 Short Cab)"}]},{"@type":"WebSite","@id":"https:\/\/rst-steel.com\/#website","url":"https:\/\/rst-steel.com\/","name":"RST-Stahl.com","description":"Finskt kvalitetsst\u00e5l, f\u00f6r kvalitetsmedvetna f\u00f6rare","publisher":{"@id":"https:\/\/rst-steel.com\/#organization"},"alternateName":"Safe and stylish RST-Steel quality","potentialAction":[{"@type":"SearchAction","target":{"@type":"EntryPoint","urlTemplate":"https:\/\/rst-steel.com\/?s={search_term_string}"},"query-input":{"@type":"PropertyValueSpecification","valueRequired":true,"valueName":"search_term_string"}}],"inLanguage":"sv-SE"},{"@type":"Organization","@id":"https:\/\/rst-steel.com\/#organization","name":"RST-Steel Oy","url":"https:\/\/rst-steel.com\/","logo":{"@type":"ImageObject","inLanguage":"sv-SE","@id":"https:\/\/rst-steel.com\/#\/schema\/logo\/image\/","url":"https:\/\/rst-steel.com\/wp-content\/uploads\/2023\/04\/cropped-Rst-logo-valkoinen-teksti-3.png","contentUrl":"https:\/\/rst-steel.com\/wp-content\/uploads\/2023\/04\/cropped-Rst-logo-valkoinen-teksti-3.png","width":512,"height":115,"caption":"RST-Steel Oy"},"image":{"@id":"https:\/\/rst-steel.com\/#\/schema\/logo\/image\/"},"sameAs":["https:\/\/www.facebook.com\/rststeel","https:\/\/www.instagram.com\/rststeeloy\/"]}]}},"brands":[{"id":8334,"name":"RST-Steel","slug":"brand_rststeel"}],"_links":{"self":[{"href":"https:\/\/rst-steel.com\/sv\/wp-json\/wp\/v2\/product\/121941","targetHints":{"allow":["GET"]}}],"collection":[{"href":"https:\/\/rst-steel.com\/sv\/wp-json\/wp\/v2\/product"}],"about":[{"href":"https:\/\/rst-steel.com\/sv\/wp-json\/wp\/v2\/types\/product"}],"replies":[{"embeddable":true,"href":"https:\/\/rst-steel.com\/sv\/wp-json\/wp\/v2\/comments?post=121941"}],"version-history":[{"count":0,"href":"https:\/\/rst-steel.com\/sv\/wp-json\/wp\/v2\/product\/121941\/revisions"}],"wp:featuredmedia":[{"embeddable":true,"href":"https:\/\/rst-steel.com\/sv\/wp-json\/wp\/v2\/media\/121938"}],"wp:attachment":[{"href":"https:\/\/rst-steel.com\/sv\/wp-json\/wp\/v2\/media?parent=121941"}],"wp:term":[{"taxonomy":"make_fuel_type","embeddable":true,"href":"https:\/\/rst-steel.com\/sv\/wp-json\/wp\/v2\/make_fuel_type?post=121941"},{"taxonomy":"make_model","embeddable":true,"href":"https:\/\/rst-steel.com\/sv\/wp-json\/wp\/v2\/make_model?post=121941"},{"taxonomy":"make_brand","embeddable":true,"href":"https:\/\/rst-steel.com\/sv\/wp-json\/wp\/v2\/make_brand?post=121941"},{"taxonomy":"make_year","embeddable":true,"href":"https:\/\/rst-steel.com\/sv\/wp-json\/wp\/v2\/make_year?post=121941"},{"taxonomy":"pwb-brand","embeddable":true,"href":"https:\/\/rst-steel.com\/sv\/wp-json\/wp\/v2\/pwb-brand?post=121941"},{"taxonomy":"product_brand","embeddable":true,"href":"https:\/\/rst-steel.com\/sv\/wp-json\/wp\/v2\/product_brand?post=121941"},{"taxonomy":"product_cat","embeddable":true,"href":"https:\/\/rst-steel.com\/sv\/wp-json\/wp\/v2\/product_cat?post=121941"},{"taxonomy":"product_tag","embeddable":true,"href":"https:\/\/rst-steel.com\/sv\/wp-json\/wp\/v2\/product_tag?post=121941"}],"curies":[{"name":"wp","href":"https:\/\/api.w.org\/{rel}","templated":true}]}}