{"id":121958,"date":"2026-02-20T09:23:55","date_gmt":"2026-02-20T06:23:55","guid":{"rendered":"https:\/\/rst-steel.com\/product\/roof-bar-hitachi-7-srj-long-cab_prm_68371\/"},"modified":"2026-03-16T09:19:07","modified_gmt":"2026-03-16T06:19:07","slug":"roof-bar-hitachi-7-srj-long-cab_prm_68371","status":"publish","type":"product","link":"https:\/\/rst-steel.com\/sv\/produkt\/roof-bar-hitachi-7-srj-long-cab_prm_68371\/","title":{"rendered":"Takb\u00e5ge Hitachi 7-Serie Long Cab"},"content":{"rendered":"<p data-start=\"0\" data-end=\"79\"><strong data-start=\"0\" data-end=\"77\">Takb\u00e5ge&nbsp;<span class=\"hover:entity-accent entity-underline inline cursor-pointer align-baseline\"><span class=\"whitespace-normal\">Hitachi<\/span><\/span> 7-SRJ (Long Cab)<\/strong><\/p>\n<p data-start=\"81\" data-end=\"204\">RST-Steel takb\u00e5ge \u00e4r premium Key Flag-produkter, tillverkade i Finland av h\u00f6gkvalitativt rostfritt st\u00e5l.<\/p>\n<p data-start=\"206\" data-end=\"423\">En stilfull takb\u00e5ge fullbordar maskinens utseende samtidigt som den erbjuder praktisk funktionalitet. B\u00e5gen kan utrustas med positionsljus och varningsblinkers, vilket f\u00f6rb\u00e4ttrar din synlighet b\u00e5de i trafiken och p\u00e5 arbetsplatsen.<\/p>\n<h3 data-start=\"425\" data-end=\"450\">Varf\u00f6r v\u00e4lja RST-Steel?<\/h3>\n<ul>\n<li><strong data-start=\"452\" data-end=\"468\">Tillf\u00f6rlitlighet:<\/strong> M\u00e5nga \u00e5rs erfarenhet och expertis s\u00e4kerst\u00e4ller v\u00e5ra produkters h\u00f6ga kvalitet och h\u00e5llbarhet.<\/li>\n<li><strong data-start=\"561\" data-end=\"587\">Kundn\u00f6jdhet:<\/strong> Tusentals n\u00f6jda kunder v\u00e4rlden \u00f6ver litar p\u00e5 RST-Steels produkter.<\/li>\n<li><\/li>\n<\/ul>\n<h3 data-start=\"663\" data-end=\"692\">Tekniska specifikationer<\/h3>\n<ul data-start=\"694\" data-end=\"878\">\n<li data-start=\"694\" data-end=\"767\">\n<p data-start=\"696\" data-end=\"767\"><strong data-start=\"696\" data-end=\"706\">F\u00e4rg:<\/strong> Polerat rostfritt st\u00e5l eller m\u00e5lat i standard RAL-f\u00e4rger<\/p>\n<\/li>\n<li data-start=\"768\" data-end=\"796\">\n<p data-start=\"770\" data-end=\"796\"><strong data-start=\"770\" data-end=\"788\">R\u00f6rdiameter:<\/strong> 60 mm<\/p>\n<\/li>\n<li data-start=\"797\" data-end=\"838\">\n<p data-start=\"799\" data-end=\"838\"><strong data-start=\"799\" data-end=\"809\">Front:<\/strong> Ljusramp f\u00f6r arbetsljus<\/p>\n<\/li>\n<li data-start=\"839\" data-end=\"878\">\n<p data-start=\"841\" data-end=\"878\"><strong data-start=\"841\" data-end=\"850\">Bakre:<\/strong> 2 ljusf\u00e4sten<\/p>\n<\/li>\n<li><\/li>\n<\/ul>\n<h3 data-start=\"885\" data-end=\"906\">Paketet inneh\u00e5ller:<\/h3>\n<ul data-start=\"908\" data-end=\"995\">\n<li data-start=\"908\" data-end=\"921\">\n<p data-start=\"910\" data-end=\"921\">Takb\u00e5ge<\/p>\n<\/li>\n<li data-start=\"922\" data-end=\"965\">\n<p data-start=\"924\" data-end=\"965\">N\u00f6dv\u00e4ndiga monteringsf\u00e4sten och tillbeh\u00f6r<\/p>\n<\/li>\n<li data-start=\"966\" data-end=\"995\">\n<p data-start=\"968\" data-end=\"995\">Instruktioner f\u00f6r installation<\/p>\n<\/li>\n<\/ul>\n<p data-start=\"997\" data-end=\"1049\" data-is-last-node=\"\" data-is-only-node=\"\"><span style=\"font-weight: bold\">Installationstj\u00e4nster finns \u00e4ven tillg\u00e4ngliga p\u00e5 beg\u00e4ran.<\/span><\/p>","protected":false},"excerpt":{"rendered":"<p>Premium Key Flag-produkter, tillverkade i Finland av h\u00f6gkvalitativt rostfritt st\u00e5l.<\/p>","protected":false},"featured_media":121956,"comment_status":"open","ping_status":"closed","template":"","meta":{"_improvement_type_select":"improve_an_existing","_thumb_yes_seoaic":false,"_frame_yes_seoaic":false,"seoaic_generate_description":"","seoaic_improve_instructions_prompt":"","seoaic_rollback_content_improvement":"","seoaic_idea_thumbnail_generator":"","thumbnail_generated":false,"thumbnail_generate_prompt":"","seoaic_article_description":""},"make_fuel_type":[],"make_model":[],"make_brand":[6535],"make_year":[6465],"pwb-brand":[8334],"product_brand":[],"product_cat":[8065,6057,6068],"product_tag":[],"class_list":{"0":"post-121958","1":"product","2":"type-product","3":"status-publish","4":"has-post-thumbnail","6":"make_brand-hitachiexcavator","7":"make_year-workmachines","8":"pwb-brand-brand_rststeel","9":"product_cat-hitachi-vr-kkk","10":"product_cat-lightbars","11":"product_cat-roofbars-for-excavators","12":"product_shipping_class-lightbars","14":"first","15":"onbackorder","16":"taxable","17":"shipping-taxable","18":"purchasable","19":"product-type-variable"},"yoast_head":"<!-- This site is optimized with the Yoast SEO plugin v25.7 - https:\/\/yoast.com\/wordpress\/plugins\/seo\/ -->\n<title>Roof Bar Hitachi 7-srj Long Cab - RST-Steel<\/title>\n<meta name=\"description\" content=\"Durable roof bar Hitachi 7 Series Long Cab. Stainless steel construction ensures strength, visibility, and a clean, professional look.\" \/>\n<meta name=\"robots\" content=\"index, follow, max-snippet:-1, max-image-preview:large, max-video-preview:-1\" \/>\n<link rel=\"canonical\" href=\"https:\/\/rst-steel.com\/sv\/produkt\/roof-bar-hitachi-7-srj-long-cab_prm_68371\/\" \/>\n<meta property=\"og:locale\" content=\"sv_SE\" \/>\n<meta property=\"og:type\" content=\"article\" \/>\n<meta property=\"og:title\" content=\"Roof Bar Hitachi 7-srj Long Cab - RST-Steel\" \/>\n<meta property=\"og:description\" content=\"Durable roof bar Hitachi 7 Series Long Cab. Stainless steel construction ensures strength, visibility, and a clean, professional look.\" \/>\n<meta property=\"og:url\" content=\"https:\/\/rst-steel.com\/sv\/produkt\/roof-bar-hitachi-7-srj-long-cab_prm_68371\/\" \/>\n<meta property=\"og:site_name\" content=\"RST-Steel\" \/>\n<meta property=\"article:publisher\" content=\"https:\/\/www.facebook.com\/rststeel\" \/>\n<meta property=\"article:modified_time\" content=\"2026-03-16T06:19:07+00:00\" \/>\n<meta property=\"og:image\" content=\"https:\/\/rst-steel.com\/wp-content\/uploads\/2026\/02\/30c9d758c7c9a77c811bc7075018972e489de94a_THI108CM_web-scaled.jpeg\" \/>\n\t<meta property=\"og:image:width\" content=\"1920\" \/>\n\t<meta property=\"og:image:height\" content=\"2560\" \/>\n\t<meta property=\"og:image:type\" content=\"image\/jpeg\" \/>\n<meta name=\"twitter:card\" content=\"summary_large_image\" \/>\n<meta name=\"twitter:label1\" content=\"Ber\u00e4knad l\u00e4stid\" \/>\n\t<meta name=\"twitter:data1\" content=\"1 minut\" \/>\n<script type=\"application\/ld+json\" class=\"yoast-schema-graph\">{\"@context\":\"https:\/\/schema.org\",\"@graph\":[{\"@type\":\"WebPage\",\"@id\":\"https:\/\/rst-steel.com\/product\/roof-bar-hitachi-7-srj-long-cab_prm_68371\/\",\"url\":\"https:\/\/rst-steel.com\/product\/roof-bar-hitachi-7-srj-long-cab_prm_68371\/\",\"name\":\"Roof Bar Hitachi 7-srj Long Cab - RST-Steel\",\"isPartOf\":{\"@id\":\"https:\/\/rst-steel.com\/#website\"},\"primaryImageOfPage\":{\"@id\":\"https:\/\/rst-steel.com\/product\/roof-bar-hitachi-7-srj-long-cab_prm_68371\/#primaryimage\"},\"image\":{\"@id\":\"https:\/\/rst-steel.com\/product\/roof-bar-hitachi-7-srj-long-cab_prm_68371\/#primaryimage\"},\"thumbnailUrl\":\"https:\/\/rst-steel.com\/wp-content\/uploads\/2026\/02\/30c9d758c7c9a77c811bc7075018972e489de94a_THI108CM_web-scaled.jpeg\",\"datePublished\":\"2026-02-20T06:23:55+00:00\",\"dateModified\":\"2026-03-16T06:19:07+00:00\",\"description\":\"Durable roof bar Hitachi 7 Series Long Cab. Stainless steel construction ensures strength, visibility, and a clean, professional look.\",\"breadcrumb\":{\"@id\":\"https:\/\/rst-steel.com\/product\/roof-bar-hitachi-7-srj-long-cab_prm_68371\/#breadcrumb\"},\"inLanguage\":\"sv-SE\",\"potentialAction\":[{\"@type\":\"ReadAction\",\"target\":[\"https:\/\/rst-steel.com\/product\/roof-bar-hitachi-7-srj-long-cab_prm_68371\/\"]}]},{\"@type\":\"ImageObject\",\"inLanguage\":\"sv-SE\",\"@id\":\"https:\/\/rst-steel.com\/product\/roof-bar-hitachi-7-srj-long-cab_prm_68371\/#primaryimage\",\"url\":\"https:\/\/rst-steel.com\/wp-content\/uploads\/2026\/02\/30c9d758c7c9a77c811bc7075018972e489de94a_THI108CM_web-scaled.jpeg\",\"contentUrl\":\"https:\/\/rst-steel.com\/wp-content\/uploads\/2026\/02\/30c9d758c7c9a77c811bc7075018972e489de94a_THI108CM_web-scaled.jpeg\",\"width\":1920,\"height\":2560,\"caption\":\"Roof Bar Hitachi 7-srj Long Cab\"},{\"@type\":\"BreadcrumbList\",\"@id\":\"https:\/\/rst-steel.com\/product\/roof-bar-hitachi-7-srj-long-cab_prm_68371\/#breadcrumb\",\"itemListElement\":[{\"@type\":\"ListItem\",\"position\":1,\"name\":\"Home\",\"item\":\"https:\/\/rst-steel.com\/\"},{\"@type\":\"ListItem\",\"position\":2,\"name\":\"RST-Steel Shop\",\"item\":\"https:\/\/rst-steel.com\/shop\/\"},{\"@type\":\"ListItem\",\"position\":3,\"name\":\"Roof Bar Hitachi 7-srj Long Cab\"}]},{\"@type\":\"WebSite\",\"@id\":\"https:\/\/rst-steel.com\/#website\",\"url\":\"https:\/\/rst-steel.com\/\",\"name\":\"RST-Steel.com\",\"description\":\"Finnish quality steel, for quality-conscious drivers\",\"publisher\":{\"@id\":\"https:\/\/rst-steel.com\/#organization\"},\"alternateName\":\"Safe and stylish RST-Steel quality\",\"potentialAction\":[{\"@type\":\"SearchAction\",\"target\":{\"@type\":\"EntryPoint\",\"urlTemplate\":\"https:\/\/rst-steel.com\/?s={search_term_string}\"},\"query-input\":{\"@type\":\"PropertyValueSpecification\",\"valueRequired\":true,\"valueName\":\"search_term_string\"}}],\"inLanguage\":\"sv-SE\"},{\"@type\":\"Organization\",\"@id\":\"https:\/\/rst-steel.com\/#organization\",\"name\":\"RST-Steel Oy\",\"url\":\"https:\/\/rst-steel.com\/\",\"logo\":{\"@type\":\"ImageObject\",\"inLanguage\":\"sv-SE\",\"@id\":\"https:\/\/rst-steel.com\/#\/schema\/logo\/image\/\",\"url\":\"https:\/\/rst-steel.com\/wp-content\/uploads\/2023\/04\/cropped-Rst-logo-valkoinen-teksti-3.png\",\"contentUrl\":\"https:\/\/rst-steel.com\/wp-content\/uploads\/2023\/04\/cropped-Rst-logo-valkoinen-teksti-3.png\",\"width\":512,\"height\":115,\"caption\":\"RST-Steel Oy\"},\"image\":{\"@id\":\"https:\/\/rst-steel.com\/#\/schema\/logo\/image\/\"},\"sameAs\":[\"https:\/\/www.facebook.com\/rststeel\",\"https:\/\/www.instagram.com\/rststeeloy\/\"]}]}<\/script>\n<!-- \/ Yoast SEO plugin. -->","yoast_head_json":{"title":"Roof Bar Hitachi 7-srj Long Cab - RST-Steel","description":"Durable roof bar Hitachi 7 Series Long Cab. Stainless steel construction ensures strength, visibility, and a clean, professional look.","robots":{"index":"index","follow":"follow","max-snippet":"max-snippet:-1","max-image-preview":"max-image-preview:large","max-video-preview":"max-video-preview:-1"},"canonical":"https:\/\/rst-steel.com\/sv\/produkt\/roof-bar-hitachi-7-srj-long-cab_prm_68371\/","og_locale":"sv_SE","og_type":"article","og_title":"Roof Bar Hitachi 7-srj Long Cab - RST-Steel","og_description":"Durable roof bar Hitachi 7 Series Long Cab. Stainless steel construction ensures strength, visibility, and a clean, professional look.","og_url":"https:\/\/rst-steel.com\/sv\/produkt\/roof-bar-hitachi-7-srj-long-cab_prm_68371\/","og_site_name":"RST-Steel","article_publisher":"https:\/\/www.facebook.com\/rststeel","article_modified_time":"2026-03-16T06:19:07+00:00","og_image":[{"width":1920,"height":2560,"url":"https:\/\/rst-steel.com\/wp-content\/uploads\/2026\/02\/30c9d758c7c9a77c811bc7075018972e489de94a_THI108CM_web-scaled.jpeg","type":"image\/jpeg"}],"twitter_card":"summary_large_image","twitter_misc":{"Ber\u00e4knad l\u00e4stid":"1 minut"},"schema":{"@context":"https:\/\/schema.org","@graph":[{"@type":"WebPage","@id":"https:\/\/rst-steel.com\/product\/roof-bar-hitachi-7-srj-long-cab_prm_68371\/","url":"https:\/\/rst-steel.com\/product\/roof-bar-hitachi-7-srj-long-cab_prm_68371\/","name":"Roof Bar Hitachi 7-srj Long Cab - RST-Steel","isPartOf":{"@id":"https:\/\/rst-steel.com\/#website"},"primaryImageOfPage":{"@id":"https:\/\/rst-steel.com\/product\/roof-bar-hitachi-7-srj-long-cab_prm_68371\/#primaryimage"},"image":{"@id":"https:\/\/rst-steel.com\/product\/roof-bar-hitachi-7-srj-long-cab_prm_68371\/#primaryimage"},"thumbnailUrl":"https:\/\/rst-steel.com\/wp-content\/uploads\/2026\/02\/30c9d758c7c9a77c811bc7075018972e489de94a_THI108CM_web-scaled.jpeg","datePublished":"2026-02-20T06:23:55+00:00","dateModified":"2026-03-16T06:19:07+00:00","description":"Durable roof bar Hitachi 7 Series Long Cab. Stainless steel construction ensures strength, visibility, and a clean, professional look.","breadcrumb":{"@id":"https:\/\/rst-steel.com\/product\/roof-bar-hitachi-7-srj-long-cab_prm_68371\/#breadcrumb"},"inLanguage":"sv-SE","potentialAction":[{"@type":"ReadAction","target":["https:\/\/rst-steel.com\/product\/roof-bar-hitachi-7-srj-long-cab_prm_68371\/"]}]},{"@type":"ImageObject","inLanguage":"sv-SE","@id":"https:\/\/rst-steel.com\/product\/roof-bar-hitachi-7-srj-long-cab_prm_68371\/#primaryimage","url":"https:\/\/rst-steel.com\/wp-content\/uploads\/2026\/02\/30c9d758c7c9a77c811bc7075018972e489de94a_THI108CM_web-scaled.jpeg","contentUrl":"https:\/\/rst-steel.com\/wp-content\/uploads\/2026\/02\/30c9d758c7c9a77c811bc7075018972e489de94a_THI108CM_web-scaled.jpeg","width":1920,"height":2560,"caption":"Roof Bar Hitachi 7-srj Long Cab"},{"@type":"BreadcrumbList","@id":"https:\/\/rst-steel.com\/product\/roof-bar-hitachi-7-srj-long-cab_prm_68371\/#breadcrumb","itemListElement":[{"@type":"ListItem","position":1,"name":"Home","item":"https:\/\/rst-steel.com\/"},{"@type":"ListItem","position":2,"name":"RST-Steel Shop","item":"https:\/\/rst-steel.com\/shop\/"},{"@type":"ListItem","position":3,"name":"Roof Bar Hitachi 7-srj Long Cab"}]},{"@type":"WebSite","@id":"https:\/\/rst-steel.com\/#website","url":"https:\/\/rst-steel.com\/","name":"RST-Stahl.com","description":"Finskt kvalitetsst\u00e5l, f\u00f6r kvalitetsmedvetna f\u00f6rare","publisher":{"@id":"https:\/\/rst-steel.com\/#organization"},"alternateName":"Safe and stylish RST-Steel quality","potentialAction":[{"@type":"SearchAction","target":{"@type":"EntryPoint","urlTemplate":"https:\/\/rst-steel.com\/?s={search_term_string}"},"query-input":{"@type":"PropertyValueSpecification","valueRequired":true,"valueName":"search_term_string"}}],"inLanguage":"sv-SE"},{"@type":"Organization","@id":"https:\/\/rst-steel.com\/#organization","name":"RST-Steel Oy","url":"https:\/\/rst-steel.com\/","logo":{"@type":"ImageObject","inLanguage":"sv-SE","@id":"https:\/\/rst-steel.com\/#\/schema\/logo\/image\/","url":"https:\/\/rst-steel.com\/wp-content\/uploads\/2023\/04\/cropped-Rst-logo-valkoinen-teksti-3.png","contentUrl":"https:\/\/rst-steel.com\/wp-content\/uploads\/2023\/04\/cropped-Rst-logo-valkoinen-teksti-3.png","width":512,"height":115,"caption":"RST-Steel Oy"},"image":{"@id":"https:\/\/rst-steel.com\/#\/schema\/logo\/image\/"},"sameAs":["https:\/\/www.facebook.com\/rststeel","https:\/\/www.instagram.com\/rststeeloy\/"]}]}},"brands":[{"id":8334,"name":"RST-Steel","slug":"brand_rststeel"}],"_links":{"self":[{"href":"https:\/\/rst-steel.com\/sv\/wp-json\/wp\/v2\/product\/121958","targetHints":{"allow":["GET"]}}],"collection":[{"href":"https:\/\/rst-steel.com\/sv\/wp-json\/wp\/v2\/product"}],"about":[{"href":"https:\/\/rst-steel.com\/sv\/wp-json\/wp\/v2\/types\/product"}],"replies":[{"embeddable":true,"href":"https:\/\/rst-steel.com\/sv\/wp-json\/wp\/v2\/comments?post=121958"}],"version-history":[{"count":0,"href":"https:\/\/rst-steel.com\/sv\/wp-json\/wp\/v2\/product\/121958\/revisions"}],"wp:featuredmedia":[{"embeddable":true,"href":"https:\/\/rst-steel.com\/sv\/wp-json\/wp\/v2\/media\/121956"}],"wp:attachment":[{"href":"https:\/\/rst-steel.com\/sv\/wp-json\/wp\/v2\/media?parent=121958"}],"wp:term":[{"taxonomy":"make_fuel_type","embeddable":true,"href":"https:\/\/rst-steel.com\/sv\/wp-json\/wp\/v2\/make_fuel_type?post=121958"},{"taxonomy":"make_model","embeddable":true,"href":"https:\/\/rst-steel.com\/sv\/wp-json\/wp\/v2\/make_model?post=121958"},{"taxonomy":"make_brand","embeddable":true,"href":"https:\/\/rst-steel.com\/sv\/wp-json\/wp\/v2\/make_brand?post=121958"},{"taxonomy":"make_year","embeddable":true,"href":"https:\/\/rst-steel.com\/sv\/wp-json\/wp\/v2\/make_year?post=121958"},{"taxonomy":"pwb-brand","embeddable":true,"href":"https:\/\/rst-steel.com\/sv\/wp-json\/wp\/v2\/pwb-brand?post=121958"},{"taxonomy":"product_brand","embeddable":true,"href":"https:\/\/rst-steel.com\/sv\/wp-json\/wp\/v2\/product_brand?post=121958"},{"taxonomy":"product_cat","embeddable":true,"href":"https:\/\/rst-steel.com\/sv\/wp-json\/wp\/v2\/product_cat?post=121958"},{"taxonomy":"product_tag","embeddable":true,"href":"https:\/\/rst-steel.com\/sv\/wp-json\/wp\/v2\/product_tag?post=121958"}],"curies":[{"name":"wp","href":"https:\/\/api.w.org\/{rel}","templated":true}]}}