{"id":122028,"date":"2026-02-20T09:34:38","date_gmt":"2026-02-20T06:34:38","guid":{"rendered":"https:\/\/rst-steel.com\/product\/valoteline-taakse-hitachi-zx180lc-7_prm_63847\/"},"modified":"2026-03-19T10:03:31","modified_gmt":"2026-03-19T07:03:31","slug":"valoteline-taakse-hitachi-zx180lc-7_prm_63847","status":"publish","type":"product","link":"https:\/\/rst-steel.com\/sv\/produkt\/valoteline-taakse-hitachi-zx180lc-7_prm_63847\/","title":{"rendered":"Counterweight Bar Hitachi ZX180LC-7"},"content":{"rendered":"<p data-start=\"0\" data-end=\"42\"><strong>Counterweight Bar Hitachi ZX180LC-7<\/strong><\/p>\n<p data-start=\"44\" data-end=\"156\">RST-Steel counterweight bars are premium Key Flag products, manufactured in Finland from high-quality stainless steel.<\/p>\n<p data-start=\"158\" data-end=\"379\">This stylish counterweight bar completes the look of your machine while providing practical functionality \u2013 it can be equipped with marker lights and strobe lights, improving your visibility both in traffic and on the worksite.<\/p>\n<ul>\n<li><\/li>\n<\/ul>\n<h3 data-start=\"386\" data-end=\"413\">Varf\u00f6r v\u00e4lja RST-Steel?<\/h3>\n<ul>\n<li><strong data-start=\"414\" data-end=\"430\">Tillf\u00f6rlitlighet:<\/strong>\u00a0M\u00e5nga \u00e5rs erfarenhet och expertis s\u00e4kerst\u00e4ller v\u00e5ra produkters h\u00f6ga kvalitet och h\u00e5llbarhet.<\/li>\n<li><strong data-start=\"523\" data-end=\"549\">Kundn\u00f6jdhet:<\/strong>\u00a0Tusentals n\u00f6jda kunder v\u00e4rlden \u00f6ver litar p\u00e5 RST-Steels produkter.<\/li>\n<li><\/li>\n<\/ul>\n<h3 data-start=\"627\" data-end=\"658\">Tekniska specifikationer<\/h3>\n<ul data-start=\"659\" data-end=\"801\">\n<li data-start=\"659\" data-end=\"739\">\n<p data-start=\"661\" data-end=\"739\"><strong data-start=\"661\" data-end=\"671\">F\u00e4rg:<\/strong>\u00a0Spegelpolerat rostfritt st\u00e5l eller m\u00e5lat i standard RAL-f\u00e4rger<\/p>\n<\/li>\n<li data-start=\"740\" data-end=\"768\">\n<p data-start=\"742\" data-end=\"768\"><strong data-start=\"742\" data-end=\"760\">R\u00f6rets diameter:<\/strong>\u00a060 mm<\/p>\n<\/li>\n<li data-start=\"769\" data-end=\"801\">\n<p data-start=\"771\" data-end=\"801\"><strong data-start=\"771\" data-end=\"793\">Monteringsf\u00e4sten:<\/strong>\u00a02 st<\/p>\n<\/li>\n<li><\/li>\n<\/ul>\n<h3 data-start=\"808\" data-end=\"831\">Paketet inneh\u00e5ller:<\/h3>\n<ul data-start=\"832\" data-end=\"921\" data-is-last-node=\"\" data-is-only-node=\"\">\n<li data-start=\"832\" data-end=\"845\">\n<p data-start=\"834\" data-end=\"845\">Counterweight bar<\/p>\n<\/li>\n<li data-start=\"846\" data-end=\"893\">\n<p data-start=\"848\" data-end=\"893\">Monteringsf\u00e4sten som kr\u00e4vs f\u00f6r installation<\/p>\n<\/li>\n<li data-start=\"894\" data-end=\"921\" data-is-last-node=\"\">\n<p data-start=\"896\" data-end=\"921\" data-is-last-node=\"\">Instruktioner f\u00f6r installation<\/p>\n<\/li>\n<\/ul>","protected":false},"excerpt":{"rendered":"<p>RST-Steel motviktsb\u00e5ge \u00e4r premie nyckelflagga produkter<\/p>","protected":false},"featured_media":122027,"comment_status":"open","ping_status":"closed","template":"","meta":{"_improvement_type_select":"improve_an_existing","_thumb_yes_seoaic":false,"_frame_yes_seoaic":false,"seoaic_generate_description":"","seoaic_improve_instructions_prompt":"","seoaic_rollback_content_improvement":"","seoaic_idea_thumbnail_generator":"","thumbnail_generated":false,"thumbnail_generate_prompt":"","seoaic_article_description":""},"make_fuel_type":[],"make_model":[],"make_brand":[6535],"make_year":[6465],"pwb-brand":[8334],"product_brand":[],"product_cat":[8074,6057,6069],"product_tag":[],"class_list":{"0":"post-122028","1":"product","2":"type-product","3":"status-publish","4":"has-post-thumbnail","6":"make_brand-hitachiexcavator","7":"make_year-workmachines","8":"pwb-brand-brand_rststeel","9":"product_cat-hitachi-vr-kkp","10":"product_cat-lightbars","11":"product_cat-rearbars-for-excavators","12":"product_shipping_class-lightbars","14":"first","15":"onbackorder","16":"taxable","17":"shipping-taxable","18":"purchasable","19":"product-type-variable"},"yoast_head":"<!-- This site is optimized with the Yoast SEO plugin v25.7 - https:\/\/yoast.com\/wordpress\/plugins\/seo\/ -->\n<title>Counterweight Bar Hitachi ZX180LC-7 - RST-Steel<\/title>\n<meta name=\"description\" content=\"Counterweight Bar Hitachi ZX180LC-7. Stainless steel design enhances visibility, safety, and gives a durable, professional finish.\" \/>\n<meta name=\"robots\" content=\"index, follow, max-snippet:-1, max-image-preview:large, max-video-preview:-1\" \/>\n<link rel=\"canonical\" href=\"https:\/\/rst-steel.com\/sv\/produkt\/valoteline-taakse-hitachi-zx180lc-7_prm_63847\/\" \/>\n<meta property=\"og:locale\" content=\"sv_SE\" \/>\n<meta property=\"og:type\" content=\"article\" \/>\n<meta property=\"og:title\" content=\"Counterweight Bar Hitachi ZX180LC-7 - RST-Steel\" \/>\n<meta property=\"og:description\" content=\"Counterweight Bar Hitachi ZX180LC-7. Stainless steel design enhances visibility, safety, and gives a durable, professional finish.\" \/>\n<meta property=\"og:url\" content=\"https:\/\/rst-steel.com\/sv\/produkt\/valoteline-taakse-hitachi-zx180lc-7_prm_63847\/\" \/>\n<meta property=\"og:site_name\" content=\"RST-Steel\" \/>\n<meta property=\"article:publisher\" content=\"https:\/\/www.facebook.com\/rststeel\" \/>\n<meta property=\"article:modified_time\" content=\"2026-03-19T07:03:31+00:00\" \/>\n<meta property=\"og:image\" content=\"https:\/\/rst-steel.com\/wp-content\/uploads\/2026\/02\/90d5c3d3d2d6509e3fc16c202d177de2c2e4eabb_THI208D_Tuotekuva.jpg\" \/>\n\t<meta property=\"og:image:width\" content=\"1920\" \/>\n\t<meta property=\"og:image:height\" content=\"1080\" \/>\n\t<meta property=\"og:image:type\" content=\"image\/jpeg\" \/>\n<meta name=\"twitter:card\" content=\"summary_large_image\" \/>\n<meta name=\"twitter:label1\" content=\"Ber\u00e4knad l\u00e4stid\" \/>\n\t<meta name=\"twitter:data1\" content=\"1 minut\" \/>\n<script type=\"application\/ld+json\" class=\"yoast-schema-graph\">{\"@context\":\"https:\/\/schema.org\",\"@graph\":[{\"@type\":\"WebPage\",\"@id\":\"https:\/\/rst-steel.com\/product\/valoteline-taakse-hitachi-zx180lc-7_prm_63847\/\",\"url\":\"https:\/\/rst-steel.com\/product\/valoteline-taakse-hitachi-zx180lc-7_prm_63847\/\",\"name\":\"Counterweight Bar Hitachi ZX180LC-7 - RST-Steel\",\"isPartOf\":{\"@id\":\"https:\/\/rst-steel.com\/#website\"},\"primaryImageOfPage\":{\"@id\":\"https:\/\/rst-steel.com\/product\/valoteline-taakse-hitachi-zx180lc-7_prm_63847\/#primaryimage\"},\"image\":{\"@id\":\"https:\/\/rst-steel.com\/product\/valoteline-taakse-hitachi-zx180lc-7_prm_63847\/#primaryimage\"},\"thumbnailUrl\":\"https:\/\/rst-steel.com\/wp-content\/uploads\/2026\/02\/90d5c3d3d2d6509e3fc16c202d177de2c2e4eabb_THI208D_Tuotekuva.jpg\",\"datePublished\":\"2026-02-20T06:34:38+00:00\",\"dateModified\":\"2026-03-19T07:03:31+00:00\",\"description\":\"Counterweight Bar Hitachi ZX180LC-7. Stainless steel design enhances visibility, safety, and gives a durable, professional finish.\",\"breadcrumb\":{\"@id\":\"https:\/\/rst-steel.com\/product\/valoteline-taakse-hitachi-zx180lc-7_prm_63847\/#breadcrumb\"},\"inLanguage\":\"sv-SE\",\"potentialAction\":[{\"@type\":\"ReadAction\",\"target\":[\"https:\/\/rst-steel.com\/product\/valoteline-taakse-hitachi-zx180lc-7_prm_63847\/\"]}]},{\"@type\":\"ImageObject\",\"inLanguage\":\"sv-SE\",\"@id\":\"https:\/\/rst-steel.com\/product\/valoteline-taakse-hitachi-zx180lc-7_prm_63847\/#primaryimage\",\"url\":\"https:\/\/rst-steel.com\/wp-content\/uploads\/2026\/02\/90d5c3d3d2d6509e3fc16c202d177de2c2e4eabb_THI208D_Tuotekuva.jpg\",\"contentUrl\":\"https:\/\/rst-steel.com\/wp-content\/uploads\/2026\/02\/90d5c3d3d2d6509e3fc16c202d177de2c2e4eabb_THI208D_Tuotekuva.jpg\",\"width\":1920,\"height\":1080,\"caption\":\"Counterweight Bar Hitachi ZX180LC-7\"},{\"@type\":\"BreadcrumbList\",\"@id\":\"https:\/\/rst-steel.com\/product\/valoteline-taakse-hitachi-zx180lc-7_prm_63847\/#breadcrumb\",\"itemListElement\":[{\"@type\":\"ListItem\",\"position\":1,\"name\":\"Home\",\"item\":\"https:\/\/rst-steel.com\/\"},{\"@type\":\"ListItem\",\"position\":2,\"name\":\"RST-Steel Shop\",\"item\":\"https:\/\/rst-steel.com\/shop\/\"},{\"@type\":\"ListItem\",\"position\":3,\"name\":\"Counterweight Bar Hitachi ZX180LC-7\"}]},{\"@type\":\"WebSite\",\"@id\":\"https:\/\/rst-steel.com\/#website\",\"url\":\"https:\/\/rst-steel.com\/\",\"name\":\"RST-Steel.com\",\"description\":\"Finnish quality steel, for quality-conscious drivers\",\"publisher\":{\"@id\":\"https:\/\/rst-steel.com\/#organization\"},\"alternateName\":\"Safe and stylish RST-Steel quality\",\"potentialAction\":[{\"@type\":\"SearchAction\",\"target\":{\"@type\":\"EntryPoint\",\"urlTemplate\":\"https:\/\/rst-steel.com\/?s={search_term_string}\"},\"query-input\":{\"@type\":\"PropertyValueSpecification\",\"valueRequired\":true,\"valueName\":\"search_term_string\"}}],\"inLanguage\":\"sv-SE\"},{\"@type\":\"Organization\",\"@id\":\"https:\/\/rst-steel.com\/#organization\",\"name\":\"RST-Steel Oy\",\"url\":\"https:\/\/rst-steel.com\/\",\"logo\":{\"@type\":\"ImageObject\",\"inLanguage\":\"sv-SE\",\"@id\":\"https:\/\/rst-steel.com\/#\/schema\/logo\/image\/\",\"url\":\"https:\/\/rst-steel.com\/wp-content\/uploads\/2023\/04\/cropped-Rst-logo-valkoinen-teksti-3.png\",\"contentUrl\":\"https:\/\/rst-steel.com\/wp-content\/uploads\/2023\/04\/cropped-Rst-logo-valkoinen-teksti-3.png\",\"width\":512,\"height\":115,\"caption\":\"RST-Steel Oy\"},\"image\":{\"@id\":\"https:\/\/rst-steel.com\/#\/schema\/logo\/image\/\"},\"sameAs\":[\"https:\/\/www.facebook.com\/rststeel\",\"https:\/\/www.instagram.com\/rststeeloy\/\"]}]}<\/script>\n<!-- \/ Yoast SEO plugin. -->","yoast_head_json":{"title":"Counterweight Bar Hitachi ZX180LC-7 - RST-Steel","description":"Counterweight Bar Hitachi ZX180LC-7. Stainless steel design enhances visibility, safety, and gives a durable, professional finish.","robots":{"index":"index","follow":"follow","max-snippet":"max-snippet:-1","max-image-preview":"max-image-preview:large","max-video-preview":"max-video-preview:-1"},"canonical":"https:\/\/rst-steel.com\/sv\/produkt\/valoteline-taakse-hitachi-zx180lc-7_prm_63847\/","og_locale":"sv_SE","og_type":"article","og_title":"Counterweight Bar Hitachi ZX180LC-7 - RST-Steel","og_description":"Counterweight Bar Hitachi ZX180LC-7. Stainless steel design enhances visibility, safety, and gives a durable, professional finish.","og_url":"https:\/\/rst-steel.com\/sv\/produkt\/valoteline-taakse-hitachi-zx180lc-7_prm_63847\/","og_site_name":"RST-Steel","article_publisher":"https:\/\/www.facebook.com\/rststeel","article_modified_time":"2026-03-19T07:03:31+00:00","og_image":[{"width":1920,"height":1080,"url":"https:\/\/rst-steel.com\/wp-content\/uploads\/2026\/02\/90d5c3d3d2d6509e3fc16c202d177de2c2e4eabb_THI208D_Tuotekuva.jpg","type":"image\/jpeg"}],"twitter_card":"summary_large_image","twitter_misc":{"Ber\u00e4knad l\u00e4stid":"1 minut"},"schema":{"@context":"https:\/\/schema.org","@graph":[{"@type":"WebPage","@id":"https:\/\/rst-steel.com\/product\/valoteline-taakse-hitachi-zx180lc-7_prm_63847\/","url":"https:\/\/rst-steel.com\/product\/valoteline-taakse-hitachi-zx180lc-7_prm_63847\/","name":"Counterweight Bar Hitachi ZX180LC-7 - RST-Steel","isPartOf":{"@id":"https:\/\/rst-steel.com\/#website"},"primaryImageOfPage":{"@id":"https:\/\/rst-steel.com\/product\/valoteline-taakse-hitachi-zx180lc-7_prm_63847\/#primaryimage"},"image":{"@id":"https:\/\/rst-steel.com\/product\/valoteline-taakse-hitachi-zx180lc-7_prm_63847\/#primaryimage"},"thumbnailUrl":"https:\/\/rst-steel.com\/wp-content\/uploads\/2026\/02\/90d5c3d3d2d6509e3fc16c202d177de2c2e4eabb_THI208D_Tuotekuva.jpg","datePublished":"2026-02-20T06:34:38+00:00","dateModified":"2026-03-19T07:03:31+00:00","description":"Counterweight Bar Hitachi ZX180LC-7. Stainless steel design enhances visibility, safety, and gives a durable, professional finish.","breadcrumb":{"@id":"https:\/\/rst-steel.com\/product\/valoteline-taakse-hitachi-zx180lc-7_prm_63847\/#breadcrumb"},"inLanguage":"sv-SE","potentialAction":[{"@type":"ReadAction","target":["https:\/\/rst-steel.com\/product\/valoteline-taakse-hitachi-zx180lc-7_prm_63847\/"]}]},{"@type":"ImageObject","inLanguage":"sv-SE","@id":"https:\/\/rst-steel.com\/product\/valoteline-taakse-hitachi-zx180lc-7_prm_63847\/#primaryimage","url":"https:\/\/rst-steel.com\/wp-content\/uploads\/2026\/02\/90d5c3d3d2d6509e3fc16c202d177de2c2e4eabb_THI208D_Tuotekuva.jpg","contentUrl":"https:\/\/rst-steel.com\/wp-content\/uploads\/2026\/02\/90d5c3d3d2d6509e3fc16c202d177de2c2e4eabb_THI208D_Tuotekuva.jpg","width":1920,"height":1080,"caption":"Counterweight Bar Hitachi ZX180LC-7"},{"@type":"BreadcrumbList","@id":"https:\/\/rst-steel.com\/product\/valoteline-taakse-hitachi-zx180lc-7_prm_63847\/#breadcrumb","itemListElement":[{"@type":"ListItem","position":1,"name":"Home","item":"https:\/\/rst-steel.com\/"},{"@type":"ListItem","position":2,"name":"RST-Steel Shop","item":"https:\/\/rst-steel.com\/shop\/"},{"@type":"ListItem","position":3,"name":"Counterweight Bar Hitachi ZX180LC-7"}]},{"@type":"WebSite","@id":"https:\/\/rst-steel.com\/#website","url":"https:\/\/rst-steel.com\/","name":"RST-Stahl.com","description":"Finskt kvalitetsst\u00e5l, f\u00f6r kvalitetsmedvetna f\u00f6rare","publisher":{"@id":"https:\/\/rst-steel.com\/#organization"},"alternateName":"Safe and stylish RST-Steel quality","potentialAction":[{"@type":"SearchAction","target":{"@type":"EntryPoint","urlTemplate":"https:\/\/rst-steel.com\/?s={search_term_string}"},"query-input":{"@type":"PropertyValueSpecification","valueRequired":true,"valueName":"search_term_string"}}],"inLanguage":"sv-SE"},{"@type":"Organization","@id":"https:\/\/rst-steel.com\/#organization","name":"RST-Steel Oy","url":"https:\/\/rst-steel.com\/","logo":{"@type":"ImageObject","inLanguage":"sv-SE","@id":"https:\/\/rst-steel.com\/#\/schema\/logo\/image\/","url":"https:\/\/rst-steel.com\/wp-content\/uploads\/2023\/04\/cropped-Rst-logo-valkoinen-teksti-3.png","contentUrl":"https:\/\/rst-steel.com\/wp-content\/uploads\/2023\/04\/cropped-Rst-logo-valkoinen-teksti-3.png","width":512,"height":115,"caption":"RST-Steel Oy"},"image":{"@id":"https:\/\/rst-steel.com\/#\/schema\/logo\/image\/"},"sameAs":["https:\/\/www.facebook.com\/rststeel","https:\/\/www.instagram.com\/rststeeloy\/"]}]}},"brands":[{"id":8334,"name":"RST-Steel","slug":"brand_rststeel"}],"_links":{"self":[{"href":"https:\/\/rst-steel.com\/sv\/wp-json\/wp\/v2\/product\/122028","targetHints":{"allow":["GET"]}}],"collection":[{"href":"https:\/\/rst-steel.com\/sv\/wp-json\/wp\/v2\/product"}],"about":[{"href":"https:\/\/rst-steel.com\/sv\/wp-json\/wp\/v2\/types\/product"}],"replies":[{"embeddable":true,"href":"https:\/\/rst-steel.com\/sv\/wp-json\/wp\/v2\/comments?post=122028"}],"version-history":[{"count":0,"href":"https:\/\/rst-steel.com\/sv\/wp-json\/wp\/v2\/product\/122028\/revisions"}],"wp:featuredmedia":[{"embeddable":true,"href":"https:\/\/rst-steel.com\/sv\/wp-json\/wp\/v2\/media\/122027"}],"wp:attachment":[{"href":"https:\/\/rst-steel.com\/sv\/wp-json\/wp\/v2\/media?parent=122028"}],"wp:term":[{"taxonomy":"make_fuel_type","embeddable":true,"href":"https:\/\/rst-steel.com\/sv\/wp-json\/wp\/v2\/make_fuel_type?post=122028"},{"taxonomy":"make_model","embeddable":true,"href":"https:\/\/rst-steel.com\/sv\/wp-json\/wp\/v2\/make_model?post=122028"},{"taxonomy":"make_brand","embeddable":true,"href":"https:\/\/rst-steel.com\/sv\/wp-json\/wp\/v2\/make_brand?post=122028"},{"taxonomy":"make_year","embeddable":true,"href":"https:\/\/rst-steel.com\/sv\/wp-json\/wp\/v2\/make_year?post=122028"},{"taxonomy":"pwb-brand","embeddable":true,"href":"https:\/\/rst-steel.com\/sv\/wp-json\/wp\/v2\/pwb-brand?post=122028"},{"taxonomy":"product_brand","embeddable":true,"href":"https:\/\/rst-steel.com\/sv\/wp-json\/wp\/v2\/product_brand?post=122028"},{"taxonomy":"product_cat","embeddable":true,"href":"https:\/\/rst-steel.com\/sv\/wp-json\/wp\/v2\/product_cat?post=122028"},{"taxonomy":"product_tag","embeddable":true,"href":"https:\/\/rst-steel.com\/sv\/wp-json\/wp\/v2\/product_tag?post=122028"}],"curies":[{"name":"wp","href":"https:\/\/api.w.org\/{rel}","templated":true}]}}