{"id":122384,"date":"2026-02-24T10:03:01","date_gmt":"2026-02-24T07:03:01","guid":{"rendered":"https:\/\/rst-steel.com\/product\/valoteline-katolle-kubota-kx60-5_prm_65574\/"},"modified":"2026-03-16T09:20:50","modified_gmt":"2026-03-16T06:20:50","slug":"valoteline-katolle-kubota-kx60-5_prm_65574","status":"publish","type":"product","link":"https:\/\/rst-steel.com\/sv\/produkt\/valoteline-katolle-kubota-kx60-5_prm_65574\/","title":{"rendered":"Takb\u00e5ge Kubota KX60-5"},"content":{"rendered":"<p data-start=\"0\" data-end=\"32\"><span style=\"font-weight: bold;\">Takb\u00e5ge Kubota KX60-5<\/span><\/p>\n<p data-start=\"36\" data-end=\"177\">RST-Steel Takb\u00e5ge tillverkas i Finland och \u00e4r gjord av h\u00f6gkvalitativt rostfritt st\u00e5l. Det \u00e4r en premium Nyckelflaggsprodukt.<\/p>\n<p data-start=\"181\" data-end=\"374\">En stilfull takb\u00e5ge full\u00e4ndar maskinens utseende samtidigt som den \u00e4r praktisk \u2013 takb\u00e5gen kan utrustas med positionsljus och arbetslampor f\u00f6r att g\u00f6ra dig \u00e4nnu mer synlig p\u00e5 arbetsplatsen.<\/p>\n<p data-start=\"378\" data-end=\"498\"><span style=\"font-weight: bold;\">Tekniska specifikationer<\/span><\/p>\n<ul>\n<li>F\u00e4rg: Polerat rostfritt st\u00e5l eller m\u00e5lat i standard RAL-f\u00e4rger<\/li>\n<li>R\u00f6rdiameter: 60 mm<\/li>\n<li><\/li>\n<\/ul>\n<p data-start=\"502\" data-end=\"591\" data-is-last-node=\"\" data-is-only-node=\"\"><span style=\"font-weight: bold;\">Paketet inneh\u00e5ller:<\/span><\/p>\n<ul>\n<li>Takb\u00e5ge<\/li>\n<li>N\u00f6dv\u00e4ndigt monteringsmaterial<\/li>\n<li>Instruktioner f\u00f6r installation<\/li>\n<\/ul>","protected":false},"excerpt":{"rendered":"<p>Flera olika modeller finns tillg\u00e4ngliga<\/p>","protected":false},"featured_media":122382,"comment_status":"open","ping_status":"closed","template":"","meta":{"_improvement_type_select":"improve_an_existing","_thumb_yes_seoaic":false,"_frame_yes_seoaic":false,"seoaic_generate_description":"","seoaic_improve_instructions_prompt":"","seoaic_rollback_content_improvement":"","seoaic_idea_thumbnail_generator":"","thumbnail_generated":false,"thumbnail_generate_prompt":"","seoaic_article_description":""},"make_fuel_type":[],"make_model":[],"make_brand":[],"make_year":[6465],"pwb-brand":[8334],"product_brand":[],"product_cat":[8066,6057,6068],"product_tag":[],"class_list":{"0":"post-122384","1":"product","2":"type-product","3":"status-publish","4":"has-post-thumbnail","6":"make_year-workmachines","7":"pwb-brand-brand_rststeel","8":"product_cat-kubota-vr-kkk","9":"product_cat-lightbars","10":"product_cat-roofbars-for-excavators","11":"product_shipping_class-lightbars","13":"first","14":"instock","15":"taxable","16":"shipping-taxable","17":"purchasable","18":"product-type-variable"},"yoast_head":"<!-- This site is optimized with the Yoast SEO plugin v25.7 - https:\/\/yoast.com\/wordpress\/plugins\/seo\/ -->\n<title>Roof Bar Kubota KX60-5 - RST-Steel<\/title>\n<meta name=\"description\" content=\"Roof bar for Kubota KX60-5, durable stainless steel, easy to install, ideal for mounting auxiliary or marker lights.\" \/>\n<meta name=\"robots\" content=\"index, follow, max-snippet:-1, max-image-preview:large, max-video-preview:-1\" \/>\n<link rel=\"canonical\" href=\"https:\/\/rst-steel.com\/sv\/produkt\/valoteline-katolle-kubota-kx60-5_prm_65574\/\" \/>\n<meta property=\"og:locale\" content=\"sv_SE\" \/>\n<meta property=\"og:type\" content=\"article\" \/>\n<meta property=\"og:title\" content=\"Roof Bar Kubota KX60-5 - RST-Steel\" \/>\n<meta property=\"og:description\" content=\"Roof bar for Kubota KX60-5, durable stainless steel, easy to install, ideal for mounting auxiliary or marker lights.\" \/>\n<meta property=\"og:url\" content=\"https:\/\/rst-steel.com\/sv\/produkt\/valoteline-katolle-kubota-kx60-5_prm_65574\/\" \/>\n<meta property=\"og:site_name\" content=\"RST-Steel\" \/>\n<meta property=\"article:publisher\" content=\"https:\/\/www.facebook.com\/rststeel\" \/>\n<meta property=\"article:modified_time\" content=\"2026-03-16T06:20:50+00:00\" \/>\n<meta property=\"og:image\" content=\"https:\/\/rst-steel.com\/wp-content\/uploads\/2026\/02\/99f6d1312a3e0854bff233e9fc7639df7f6207c7_TKU101CM_web.jpg\" \/>\n\t<meta property=\"og:image:width\" content=\"1000\" \/>\n\t<meta property=\"og:image:height\" content=\"1000\" \/>\n\t<meta property=\"og:image:type\" content=\"image\/jpeg\" \/>\n<meta name=\"twitter:card\" content=\"summary_large_image\" \/>\n<meta name=\"twitter:label1\" content=\"Ber\u00e4knad l\u00e4stid\" \/>\n\t<meta name=\"twitter:data1\" content=\"1 minut\" \/>\n<script type=\"application\/ld+json\" class=\"yoast-schema-graph\">{\"@context\":\"https:\/\/schema.org\",\"@graph\":[{\"@type\":\"WebPage\",\"@id\":\"https:\/\/rst-steel.com\/product\/valoteline-katolle-kubota-kx60-5_prm_65574\/\",\"url\":\"https:\/\/rst-steel.com\/product\/valoteline-katolle-kubota-kx60-5_prm_65574\/\",\"name\":\"Roof Bar Kubota KX60-5 - RST-Steel\",\"isPartOf\":{\"@id\":\"https:\/\/rst-steel.com\/#website\"},\"primaryImageOfPage\":{\"@id\":\"https:\/\/rst-steel.com\/product\/valoteline-katolle-kubota-kx60-5_prm_65574\/#primaryimage\"},\"image\":{\"@id\":\"https:\/\/rst-steel.com\/product\/valoteline-katolle-kubota-kx60-5_prm_65574\/#primaryimage\"},\"thumbnailUrl\":\"https:\/\/rst-steel.com\/wp-content\/uploads\/2026\/02\/99f6d1312a3e0854bff233e9fc7639df7f6207c7_TKU101CM_web.jpg\",\"datePublished\":\"2026-02-24T07:03:01+00:00\",\"dateModified\":\"2026-03-16T06:20:50+00:00\",\"description\":\"Roof bar for Kubota KX60-5, durable stainless steel, easy to install, ideal for mounting auxiliary or marker lights.\",\"breadcrumb\":{\"@id\":\"https:\/\/rst-steel.com\/product\/valoteline-katolle-kubota-kx60-5_prm_65574\/#breadcrumb\"},\"inLanguage\":\"sv-SE\",\"potentialAction\":[{\"@type\":\"ReadAction\",\"target\":[\"https:\/\/rst-steel.com\/product\/valoteline-katolle-kubota-kx60-5_prm_65574\/\"]}]},{\"@type\":\"ImageObject\",\"inLanguage\":\"sv-SE\",\"@id\":\"https:\/\/rst-steel.com\/product\/valoteline-katolle-kubota-kx60-5_prm_65574\/#primaryimage\",\"url\":\"https:\/\/rst-steel.com\/wp-content\/uploads\/2026\/02\/99f6d1312a3e0854bff233e9fc7639df7f6207c7_TKU101CM_web.jpg\",\"contentUrl\":\"https:\/\/rst-steel.com\/wp-content\/uploads\/2026\/02\/99f6d1312a3e0854bff233e9fc7639df7f6207c7_TKU101CM_web.jpg\",\"width\":1000,\"height\":1000,\"caption\":\"Roof Bar Kubota KX60-5\"},{\"@type\":\"BreadcrumbList\",\"@id\":\"https:\/\/rst-steel.com\/product\/valoteline-katolle-kubota-kx60-5_prm_65574\/#breadcrumb\",\"itemListElement\":[{\"@type\":\"ListItem\",\"position\":1,\"name\":\"Home\",\"item\":\"https:\/\/rst-steel.com\/\"},{\"@type\":\"ListItem\",\"position\":2,\"name\":\"RST-Steel Shop\",\"item\":\"https:\/\/rst-steel.com\/shop\/\"},{\"@type\":\"ListItem\",\"position\":3,\"name\":\"Roof Bar Kubota KX60-5\"}]},{\"@type\":\"WebSite\",\"@id\":\"https:\/\/rst-steel.com\/#website\",\"url\":\"https:\/\/rst-steel.com\/\",\"name\":\"RST-Steel.com\",\"description\":\"Finnish quality steel, for quality-conscious drivers\",\"publisher\":{\"@id\":\"https:\/\/rst-steel.com\/#organization\"},\"alternateName\":\"Safe and stylish RST-Steel quality\",\"potentialAction\":[{\"@type\":\"SearchAction\",\"target\":{\"@type\":\"EntryPoint\",\"urlTemplate\":\"https:\/\/rst-steel.com\/?s={search_term_string}\"},\"query-input\":{\"@type\":\"PropertyValueSpecification\",\"valueRequired\":true,\"valueName\":\"search_term_string\"}}],\"inLanguage\":\"sv-SE\"},{\"@type\":\"Organization\",\"@id\":\"https:\/\/rst-steel.com\/#organization\",\"name\":\"RST-Steel Oy\",\"url\":\"https:\/\/rst-steel.com\/\",\"logo\":{\"@type\":\"ImageObject\",\"inLanguage\":\"sv-SE\",\"@id\":\"https:\/\/rst-steel.com\/#\/schema\/logo\/image\/\",\"url\":\"https:\/\/rst-steel.com\/wp-content\/uploads\/2023\/04\/cropped-Rst-logo-valkoinen-teksti-3.png\",\"contentUrl\":\"https:\/\/rst-steel.com\/wp-content\/uploads\/2023\/04\/cropped-Rst-logo-valkoinen-teksti-3.png\",\"width\":512,\"height\":115,\"caption\":\"RST-Steel Oy\"},\"image\":{\"@id\":\"https:\/\/rst-steel.com\/#\/schema\/logo\/image\/\"},\"sameAs\":[\"https:\/\/www.facebook.com\/rststeel\",\"https:\/\/www.instagram.com\/rststeeloy\/\"]}]}<\/script>\n<!-- \/ Yoast SEO plugin. -->","yoast_head_json":{"title":"Roof Bar Kubota KX60-5 - RST-Steel","description":"Roof bar for Kubota KX60-5, durable stainless steel, easy to install, ideal for mounting auxiliary or marker lights.","robots":{"index":"index","follow":"follow","max-snippet":"max-snippet:-1","max-image-preview":"max-image-preview:large","max-video-preview":"max-video-preview:-1"},"canonical":"https:\/\/rst-steel.com\/sv\/produkt\/valoteline-katolle-kubota-kx60-5_prm_65574\/","og_locale":"sv_SE","og_type":"article","og_title":"Roof Bar Kubota KX60-5 - RST-Steel","og_description":"Roof bar for Kubota KX60-5, durable stainless steel, easy to install, ideal for mounting auxiliary or marker lights.","og_url":"https:\/\/rst-steel.com\/sv\/produkt\/valoteline-katolle-kubota-kx60-5_prm_65574\/","og_site_name":"RST-Steel","article_publisher":"https:\/\/www.facebook.com\/rststeel","article_modified_time":"2026-03-16T06:20:50+00:00","og_image":[{"width":1000,"height":1000,"url":"https:\/\/rst-steel.com\/wp-content\/uploads\/2026\/02\/99f6d1312a3e0854bff233e9fc7639df7f6207c7_TKU101CM_web.jpg","type":"image\/jpeg"}],"twitter_card":"summary_large_image","twitter_misc":{"Ber\u00e4knad l\u00e4stid":"1 minut"},"schema":{"@context":"https:\/\/schema.org","@graph":[{"@type":"WebPage","@id":"https:\/\/rst-steel.com\/product\/valoteline-katolle-kubota-kx60-5_prm_65574\/","url":"https:\/\/rst-steel.com\/product\/valoteline-katolle-kubota-kx60-5_prm_65574\/","name":"Roof Bar Kubota KX60-5 - RST-Steel","isPartOf":{"@id":"https:\/\/rst-steel.com\/#website"},"primaryImageOfPage":{"@id":"https:\/\/rst-steel.com\/product\/valoteline-katolle-kubota-kx60-5_prm_65574\/#primaryimage"},"image":{"@id":"https:\/\/rst-steel.com\/product\/valoteline-katolle-kubota-kx60-5_prm_65574\/#primaryimage"},"thumbnailUrl":"https:\/\/rst-steel.com\/wp-content\/uploads\/2026\/02\/99f6d1312a3e0854bff233e9fc7639df7f6207c7_TKU101CM_web.jpg","datePublished":"2026-02-24T07:03:01+00:00","dateModified":"2026-03-16T06:20:50+00:00","description":"Roof bar for Kubota KX60-5, durable stainless steel, easy to install, ideal for mounting auxiliary or marker lights.","breadcrumb":{"@id":"https:\/\/rst-steel.com\/product\/valoteline-katolle-kubota-kx60-5_prm_65574\/#breadcrumb"},"inLanguage":"sv-SE","potentialAction":[{"@type":"ReadAction","target":["https:\/\/rst-steel.com\/product\/valoteline-katolle-kubota-kx60-5_prm_65574\/"]}]},{"@type":"ImageObject","inLanguage":"sv-SE","@id":"https:\/\/rst-steel.com\/product\/valoteline-katolle-kubota-kx60-5_prm_65574\/#primaryimage","url":"https:\/\/rst-steel.com\/wp-content\/uploads\/2026\/02\/99f6d1312a3e0854bff233e9fc7639df7f6207c7_TKU101CM_web.jpg","contentUrl":"https:\/\/rst-steel.com\/wp-content\/uploads\/2026\/02\/99f6d1312a3e0854bff233e9fc7639df7f6207c7_TKU101CM_web.jpg","width":1000,"height":1000,"caption":"Roof Bar Kubota KX60-5"},{"@type":"BreadcrumbList","@id":"https:\/\/rst-steel.com\/product\/valoteline-katolle-kubota-kx60-5_prm_65574\/#breadcrumb","itemListElement":[{"@type":"ListItem","position":1,"name":"Home","item":"https:\/\/rst-steel.com\/"},{"@type":"ListItem","position":2,"name":"RST-Steel Shop","item":"https:\/\/rst-steel.com\/shop\/"},{"@type":"ListItem","position":3,"name":"Roof Bar Kubota KX60-5"}]},{"@type":"WebSite","@id":"https:\/\/rst-steel.com\/#website","url":"https:\/\/rst-steel.com\/","name":"RST-Stahl.com","description":"Finskt kvalitetsst\u00e5l, f\u00f6r kvalitetsmedvetna f\u00f6rare","publisher":{"@id":"https:\/\/rst-steel.com\/#organization"},"alternateName":"Safe and stylish RST-Steel quality","potentialAction":[{"@type":"SearchAction","target":{"@type":"EntryPoint","urlTemplate":"https:\/\/rst-steel.com\/?s={search_term_string}"},"query-input":{"@type":"PropertyValueSpecification","valueRequired":true,"valueName":"search_term_string"}}],"inLanguage":"sv-SE"},{"@type":"Organization","@id":"https:\/\/rst-steel.com\/#organization","name":"RST-Steel Oy","url":"https:\/\/rst-steel.com\/","logo":{"@type":"ImageObject","inLanguage":"sv-SE","@id":"https:\/\/rst-steel.com\/#\/schema\/logo\/image\/","url":"https:\/\/rst-steel.com\/wp-content\/uploads\/2023\/04\/cropped-Rst-logo-valkoinen-teksti-3.png","contentUrl":"https:\/\/rst-steel.com\/wp-content\/uploads\/2023\/04\/cropped-Rst-logo-valkoinen-teksti-3.png","width":512,"height":115,"caption":"RST-Steel Oy"},"image":{"@id":"https:\/\/rst-steel.com\/#\/schema\/logo\/image\/"},"sameAs":["https:\/\/www.facebook.com\/rststeel","https:\/\/www.instagram.com\/rststeeloy\/"]}]}},"brands":[{"id":8334,"name":"RST-Steel","slug":"brand_rststeel"}],"_links":{"self":[{"href":"https:\/\/rst-steel.com\/sv\/wp-json\/wp\/v2\/product\/122384","targetHints":{"allow":["GET"]}}],"collection":[{"href":"https:\/\/rst-steel.com\/sv\/wp-json\/wp\/v2\/product"}],"about":[{"href":"https:\/\/rst-steel.com\/sv\/wp-json\/wp\/v2\/types\/product"}],"replies":[{"embeddable":true,"href":"https:\/\/rst-steel.com\/sv\/wp-json\/wp\/v2\/comments?post=122384"}],"version-history":[{"count":0,"href":"https:\/\/rst-steel.com\/sv\/wp-json\/wp\/v2\/product\/122384\/revisions"}],"wp:featuredmedia":[{"embeddable":true,"href":"https:\/\/rst-steel.com\/sv\/wp-json\/wp\/v2\/media\/122382"}],"wp:attachment":[{"href":"https:\/\/rst-steel.com\/sv\/wp-json\/wp\/v2\/media?parent=122384"}],"wp:term":[{"taxonomy":"make_fuel_type","embeddable":true,"href":"https:\/\/rst-steel.com\/sv\/wp-json\/wp\/v2\/make_fuel_type?post=122384"},{"taxonomy":"make_model","embeddable":true,"href":"https:\/\/rst-steel.com\/sv\/wp-json\/wp\/v2\/make_model?post=122384"},{"taxonomy":"make_brand","embeddable":true,"href":"https:\/\/rst-steel.com\/sv\/wp-json\/wp\/v2\/make_brand?post=122384"},{"taxonomy":"make_year","embeddable":true,"href":"https:\/\/rst-steel.com\/sv\/wp-json\/wp\/v2\/make_year?post=122384"},{"taxonomy":"pwb-brand","embeddable":true,"href":"https:\/\/rst-steel.com\/sv\/wp-json\/wp\/v2\/pwb-brand?post=122384"},{"taxonomy":"product_brand","embeddable":true,"href":"https:\/\/rst-steel.com\/sv\/wp-json\/wp\/v2\/product_brand?post=122384"},{"taxonomy":"product_cat","embeddable":true,"href":"https:\/\/rst-steel.com\/sv\/wp-json\/wp\/v2\/product_cat?post=122384"},{"taxonomy":"product_tag","embeddable":true,"href":"https:\/\/rst-steel.com\/sv\/wp-json\/wp\/v2\/product_tag?post=122384"}],"curies":[{"name":"wp","href":"https:\/\/api.w.org\/{rel}","templated":true}]}}