{"id":122397,"date":"2026-02-24T10:04:06","date_gmt":"2026-02-24T07:04:06","guid":{"rendered":"https:\/\/rst-steel.com\/product\/roof-bar-kubota-kx057-4_pr_18939\/"},"modified":"2026-03-16T09:21:26","modified_gmt":"2026-03-16T06:21:26","slug":"roof-bar-kubota-kx057-4_pr_18939","status":"publish","type":"product","link":"https:\/\/rst-steel.com\/sv\/produkt\/roof-bar-kubota-kx057-4_pr_18939\/","title":{"rendered":"Takb\u00e5ge Kubota KX057-4"},"content":{"rendered":"<p data-start=\"0\" data-end=\"50\">Takb\u00e5ge Kubota KX057-4<\/p>\n<p data-start=\"54\" data-end=\"170\">RST-Steel takb\u00e5gen \u00e4r h\u00f6gkvalitativa Nyckelflaggsprodukter tillverkade av rostfritt st\u00e5l i Finland.<\/p>\n<p data-start=\"174\" data-end=\"358\">Takb\u00e5gen \u00e4r ett stilfullt tillbeh\u00f6r som g\u00f6r det enkelt och s\u00e4kert att montera lampor. Det kan \u00e4ven utrustas med positionsljus f\u00f6r att f\u00f6rb\u00e4ttra synligheten i trafiken.<\/p>\n<p data-start=\"362\" data-end=\"489\">Takb\u00e5gen kan anpassas efter kundens behov med olika arbetslampor, varningsblinkande ljus och annan utrustning.<\/p>\n<p data-start=\"493\" data-end=\"638\">Produkten finns ocks\u00e5 pulverlackerad i standard RAL-f\u00e4rger till samma pris som den polerade versionen.<br data-start=\"602\" data-end=\"606\" \/>Specialf\u00e4rger: Be om offert.<\/p>\n<ul>\n<li><\/li>\n<\/ul>\n<p data-start=\"642\" data-end=\"667\"><span style=\"font-weight: bold;\">Tekniska specifikationer<\/span><\/p>\n<ul data-start=\"671\" data-end=\"704\">\n<li data-start=\"671\" data-end=\"704\">\n<p data-start=\"673\" data-end=\"704\">F\u00e4rg: Polerat rostfritt st\u00e5l<\/p>\n<\/li>\n<\/ul>\n<ul data-start=\"671\" data-end=\"704\">\n<li data-start=\"671\" data-end=\"704\"><\/li>\n<\/ul>\n<p data-start=\"708\" data-end=\"725\"><span style=\"font-weight: bold;\">Paketet inneh\u00e5ller:<\/span><\/p>\n<ul data-start=\"729\" data-end=\"813\" data-is-only-node=\"\" data-is-last-node=\"\">\n<li data-start=\"729\" data-end=\"752\">\n<p data-start=\"731\" data-end=\"752\">Takb\u00e5ge<\/p>\n<\/li>\n<li data-start=\"754\" data-end=\"784\">\n<p data-start=\"756\" data-end=\"784\">N\u00f6dv\u00e4ndigt monteringsmaterial<\/p>\n<\/li>\n<li data-start=\"786\" data-end=\"813\" data-is-last-node=\"\">\n<p data-start=\"788\" data-end=\"813\" data-is-last-node=\"\">Instruktioner f\u00f6r installation<\/p>\n<\/li>\n<\/ul>","protected":false},"excerpt":{"rendered":"<p>RST-Steel takb\u00e5ge \u00e4r h\u00f6gkvalitativa Nyckelflaggsprodukter tillverkade av rostfritt st\u00e5l!<\/p>","protected":false},"featured_media":122396,"comment_status":"open","ping_status":"closed","template":"","meta":{"_improvement_type_select":"improve_an_existing","_thumb_yes_seoaic":false,"_frame_yes_seoaic":false,"seoaic_generate_description":"","seoaic_improve_instructions_prompt":"","seoaic_rollback_content_improvement":"","seoaic_idea_thumbnail_generator":"","thumbnail_generated":false,"thumbnail_generate_prompt":"","seoaic_article_description":""},"make_fuel_type":[],"make_model":[],"make_brand":[],"make_year":[6465],"pwb-brand":[8334],"product_brand":[],"product_cat":[8066,6057,6068],"product_tag":[],"class_list":{"0":"post-122397","1":"product","2":"type-product","3":"status-publish","4":"has-post-thumbnail","6":"make_year-workmachines","7":"pwb-brand-brand_rststeel","8":"product_cat-kubota-vr-kkk","9":"product_cat-lightbars","10":"product_cat-roofbars-for-excavators","11":"product_shipping_class-lightbars","13":"first","14":"onbackorder","15":"taxable","16":"shipping-taxable","17":"purchasable","18":"product-type-simple"},"yoast_head":"<!-- This site is optimized with the Yoast SEO plugin v25.7 - https:\/\/yoast.com\/wordpress\/plugins\/seo\/ -->\n<title>Roof bar Kubota KX057-4 - RST-Steel<\/title>\n<meta name=\"description\" content=\"Roof bar for Kubota KX057-4, durable stainless steel, easy to install, perfect for mounting auxiliary or marker lights.\" \/>\n<meta name=\"robots\" content=\"index, follow, max-snippet:-1, max-image-preview:large, max-video-preview:-1\" \/>\n<link rel=\"canonical\" href=\"https:\/\/rst-steel.com\/sv\/produkt\/roof-bar-kubota-kx057-4_pr_18939\/\" \/>\n<meta property=\"og:locale\" content=\"sv_SE\" \/>\n<meta property=\"og:type\" content=\"article\" \/>\n<meta property=\"og:title\" content=\"Roof bar Kubota KX057-4 - RST-Steel\" \/>\n<meta property=\"og:description\" content=\"Roof bar for Kubota KX057-4, durable stainless steel, easy to install, perfect for mounting auxiliary or marker lights.\" \/>\n<meta property=\"og:url\" content=\"https:\/\/rst-steel.com\/sv\/produkt\/roof-bar-kubota-kx057-4_pr_18939\/\" \/>\n<meta property=\"og:site_name\" content=\"RST-Steel\" \/>\n<meta property=\"article:publisher\" content=\"https:\/\/www.facebook.com\/rststeel\" \/>\n<meta property=\"article:modified_time\" content=\"2026-03-16T06:21:26+00:00\" \/>\n<meta property=\"og:image\" content=\"https:\/\/rst-steel.com\/wp-content\/uploads\/2026\/02\/f54a50ad97483336153a8e2c2d3d6b64ed03940a_KX057_4__1_.jpg\" \/>\n\t<meta property=\"og:image:width\" content=\"1280\" \/>\n\t<meta property=\"og:image:height\" content=\"960\" \/>\n\t<meta property=\"og:image:type\" content=\"image\/jpeg\" \/>\n<meta name=\"twitter:card\" content=\"summary_large_image\" \/>\n<meta name=\"twitter:label1\" content=\"Ber\u00e4knad l\u00e4stid\" \/>\n\t<meta name=\"twitter:data1\" content=\"1 minut\" \/>\n<script type=\"application\/ld+json\" class=\"yoast-schema-graph\">{\"@context\":\"https:\/\/schema.org\",\"@graph\":[{\"@type\":\"WebPage\",\"@id\":\"https:\/\/rst-steel.com\/product\/roof-bar-kubota-kx057-4_pr_18939\/\",\"url\":\"https:\/\/rst-steel.com\/product\/roof-bar-kubota-kx057-4_pr_18939\/\",\"name\":\"Roof bar Kubota KX057-4 - RST-Steel\",\"isPartOf\":{\"@id\":\"https:\/\/rst-steel.com\/#website\"},\"primaryImageOfPage\":{\"@id\":\"https:\/\/rst-steel.com\/product\/roof-bar-kubota-kx057-4_pr_18939\/#primaryimage\"},\"image\":{\"@id\":\"https:\/\/rst-steel.com\/product\/roof-bar-kubota-kx057-4_pr_18939\/#primaryimage\"},\"thumbnailUrl\":\"https:\/\/rst-steel.com\/wp-content\/uploads\/2026\/02\/f54a50ad97483336153a8e2c2d3d6b64ed03940a_KX057_4__1_.jpg\",\"datePublished\":\"2026-02-24T07:04:06+00:00\",\"dateModified\":\"2026-03-16T06:21:26+00:00\",\"description\":\"Roof bar for Kubota KX057-4, durable stainless steel, easy to install, perfect for mounting auxiliary or marker lights.\",\"breadcrumb\":{\"@id\":\"https:\/\/rst-steel.com\/product\/roof-bar-kubota-kx057-4_pr_18939\/#breadcrumb\"},\"inLanguage\":\"sv-SE\",\"potentialAction\":[{\"@type\":\"ReadAction\",\"target\":[\"https:\/\/rst-steel.com\/product\/roof-bar-kubota-kx057-4_pr_18939\/\"]}]},{\"@type\":\"ImageObject\",\"inLanguage\":\"sv-SE\",\"@id\":\"https:\/\/rst-steel.com\/product\/roof-bar-kubota-kx057-4_pr_18939\/#primaryimage\",\"url\":\"https:\/\/rst-steel.com\/wp-content\/uploads\/2026\/02\/f54a50ad97483336153a8e2c2d3d6b64ed03940a_KX057_4__1_.jpg\",\"contentUrl\":\"https:\/\/rst-steel.com\/wp-content\/uploads\/2026\/02\/f54a50ad97483336153a8e2c2d3d6b64ed03940a_KX057_4__1_.jpg\",\"width\":1280,\"height\":960,\"caption\":\"Roof bar Kubota KX057-4\"},{\"@type\":\"BreadcrumbList\",\"@id\":\"https:\/\/rst-steel.com\/product\/roof-bar-kubota-kx057-4_pr_18939\/#breadcrumb\",\"itemListElement\":[{\"@type\":\"ListItem\",\"position\":1,\"name\":\"Home\",\"item\":\"https:\/\/rst-steel.com\/\"},{\"@type\":\"ListItem\",\"position\":2,\"name\":\"RST-Steel Shop\",\"item\":\"https:\/\/rst-steel.com\/shop\/\"},{\"@type\":\"ListItem\",\"position\":3,\"name\":\"Roof bar Kubota KX057-4\"}]},{\"@type\":\"WebSite\",\"@id\":\"https:\/\/rst-steel.com\/#website\",\"url\":\"https:\/\/rst-steel.com\/\",\"name\":\"RST-Steel.com\",\"description\":\"Finnish quality steel, for quality-conscious drivers\",\"publisher\":{\"@id\":\"https:\/\/rst-steel.com\/#organization\"},\"alternateName\":\"Safe and stylish RST-Steel quality\",\"potentialAction\":[{\"@type\":\"SearchAction\",\"target\":{\"@type\":\"EntryPoint\",\"urlTemplate\":\"https:\/\/rst-steel.com\/?s={search_term_string}\"},\"query-input\":{\"@type\":\"PropertyValueSpecification\",\"valueRequired\":true,\"valueName\":\"search_term_string\"}}],\"inLanguage\":\"sv-SE\"},{\"@type\":\"Organization\",\"@id\":\"https:\/\/rst-steel.com\/#organization\",\"name\":\"RST-Steel Oy\",\"url\":\"https:\/\/rst-steel.com\/\",\"logo\":{\"@type\":\"ImageObject\",\"inLanguage\":\"sv-SE\",\"@id\":\"https:\/\/rst-steel.com\/#\/schema\/logo\/image\/\",\"url\":\"https:\/\/rst-steel.com\/wp-content\/uploads\/2023\/04\/cropped-Rst-logo-valkoinen-teksti-3.png\",\"contentUrl\":\"https:\/\/rst-steel.com\/wp-content\/uploads\/2023\/04\/cropped-Rst-logo-valkoinen-teksti-3.png\",\"width\":512,\"height\":115,\"caption\":\"RST-Steel Oy\"},\"image\":{\"@id\":\"https:\/\/rst-steel.com\/#\/schema\/logo\/image\/\"},\"sameAs\":[\"https:\/\/www.facebook.com\/rststeel\",\"https:\/\/www.instagram.com\/rststeeloy\/\"]}]}<\/script>\n<!-- \/ Yoast SEO plugin. -->","yoast_head_json":{"title":"Roof bar Kubota KX057-4 - RST-Steel","description":"Roof bar for Kubota KX057-4, durable stainless steel, easy to install, perfect for mounting auxiliary or marker lights.","robots":{"index":"index","follow":"follow","max-snippet":"max-snippet:-1","max-image-preview":"max-image-preview:large","max-video-preview":"max-video-preview:-1"},"canonical":"https:\/\/rst-steel.com\/sv\/produkt\/roof-bar-kubota-kx057-4_pr_18939\/","og_locale":"sv_SE","og_type":"article","og_title":"Roof bar Kubota KX057-4 - RST-Steel","og_description":"Roof bar for Kubota KX057-4, durable stainless steel, easy to install, perfect for mounting auxiliary or marker lights.","og_url":"https:\/\/rst-steel.com\/sv\/produkt\/roof-bar-kubota-kx057-4_pr_18939\/","og_site_name":"RST-Steel","article_publisher":"https:\/\/www.facebook.com\/rststeel","article_modified_time":"2026-03-16T06:21:26+00:00","og_image":[{"width":1280,"height":960,"url":"https:\/\/rst-steel.com\/wp-content\/uploads\/2026\/02\/f54a50ad97483336153a8e2c2d3d6b64ed03940a_KX057_4__1_.jpg","type":"image\/jpeg"}],"twitter_card":"summary_large_image","twitter_misc":{"Ber\u00e4knad l\u00e4stid":"1 minut"},"schema":{"@context":"https:\/\/schema.org","@graph":[{"@type":"WebPage","@id":"https:\/\/rst-steel.com\/product\/roof-bar-kubota-kx057-4_pr_18939\/","url":"https:\/\/rst-steel.com\/product\/roof-bar-kubota-kx057-4_pr_18939\/","name":"Roof bar Kubota KX057-4 - RST-Steel","isPartOf":{"@id":"https:\/\/rst-steel.com\/#website"},"primaryImageOfPage":{"@id":"https:\/\/rst-steel.com\/product\/roof-bar-kubota-kx057-4_pr_18939\/#primaryimage"},"image":{"@id":"https:\/\/rst-steel.com\/product\/roof-bar-kubota-kx057-4_pr_18939\/#primaryimage"},"thumbnailUrl":"https:\/\/rst-steel.com\/wp-content\/uploads\/2026\/02\/f54a50ad97483336153a8e2c2d3d6b64ed03940a_KX057_4__1_.jpg","datePublished":"2026-02-24T07:04:06+00:00","dateModified":"2026-03-16T06:21:26+00:00","description":"Roof bar for Kubota KX057-4, durable stainless steel, easy to install, perfect for mounting auxiliary or marker lights.","breadcrumb":{"@id":"https:\/\/rst-steel.com\/product\/roof-bar-kubota-kx057-4_pr_18939\/#breadcrumb"},"inLanguage":"sv-SE","potentialAction":[{"@type":"ReadAction","target":["https:\/\/rst-steel.com\/product\/roof-bar-kubota-kx057-4_pr_18939\/"]}]},{"@type":"ImageObject","inLanguage":"sv-SE","@id":"https:\/\/rst-steel.com\/product\/roof-bar-kubota-kx057-4_pr_18939\/#primaryimage","url":"https:\/\/rst-steel.com\/wp-content\/uploads\/2026\/02\/f54a50ad97483336153a8e2c2d3d6b64ed03940a_KX057_4__1_.jpg","contentUrl":"https:\/\/rst-steel.com\/wp-content\/uploads\/2026\/02\/f54a50ad97483336153a8e2c2d3d6b64ed03940a_KX057_4__1_.jpg","width":1280,"height":960,"caption":"Roof bar Kubota KX057-4"},{"@type":"BreadcrumbList","@id":"https:\/\/rst-steel.com\/product\/roof-bar-kubota-kx057-4_pr_18939\/#breadcrumb","itemListElement":[{"@type":"ListItem","position":1,"name":"Home","item":"https:\/\/rst-steel.com\/"},{"@type":"ListItem","position":2,"name":"RST-Steel Shop","item":"https:\/\/rst-steel.com\/shop\/"},{"@type":"ListItem","position":3,"name":"Roof bar Kubota KX057-4"}]},{"@type":"WebSite","@id":"https:\/\/rst-steel.com\/#website","url":"https:\/\/rst-steel.com\/","name":"RST-Stahl.com","description":"Finskt kvalitetsst\u00e5l, f\u00f6r kvalitetsmedvetna f\u00f6rare","publisher":{"@id":"https:\/\/rst-steel.com\/#organization"},"alternateName":"Safe and stylish RST-Steel quality","potentialAction":[{"@type":"SearchAction","target":{"@type":"EntryPoint","urlTemplate":"https:\/\/rst-steel.com\/?s={search_term_string}"},"query-input":{"@type":"PropertyValueSpecification","valueRequired":true,"valueName":"search_term_string"}}],"inLanguage":"sv-SE"},{"@type":"Organization","@id":"https:\/\/rst-steel.com\/#organization","name":"RST-Steel Oy","url":"https:\/\/rst-steel.com\/","logo":{"@type":"ImageObject","inLanguage":"sv-SE","@id":"https:\/\/rst-steel.com\/#\/schema\/logo\/image\/","url":"https:\/\/rst-steel.com\/wp-content\/uploads\/2023\/04\/cropped-Rst-logo-valkoinen-teksti-3.png","contentUrl":"https:\/\/rst-steel.com\/wp-content\/uploads\/2023\/04\/cropped-Rst-logo-valkoinen-teksti-3.png","width":512,"height":115,"caption":"RST-Steel Oy"},"image":{"@id":"https:\/\/rst-steel.com\/#\/schema\/logo\/image\/"},"sameAs":["https:\/\/www.facebook.com\/rststeel","https:\/\/www.instagram.com\/rststeeloy\/"]}]}},"brands":[{"id":8334,"name":"RST-Steel","slug":"brand_rststeel"}],"_links":{"self":[{"href":"https:\/\/rst-steel.com\/sv\/wp-json\/wp\/v2\/product\/122397","targetHints":{"allow":["GET"]}}],"collection":[{"href":"https:\/\/rst-steel.com\/sv\/wp-json\/wp\/v2\/product"}],"about":[{"href":"https:\/\/rst-steel.com\/sv\/wp-json\/wp\/v2\/types\/product"}],"replies":[{"embeddable":true,"href":"https:\/\/rst-steel.com\/sv\/wp-json\/wp\/v2\/comments?post=122397"}],"version-history":[{"count":0,"href":"https:\/\/rst-steel.com\/sv\/wp-json\/wp\/v2\/product\/122397\/revisions"}],"wp:featuredmedia":[{"embeddable":true,"href":"https:\/\/rst-steel.com\/sv\/wp-json\/wp\/v2\/media\/122396"}],"wp:attachment":[{"href":"https:\/\/rst-steel.com\/sv\/wp-json\/wp\/v2\/media?parent=122397"}],"wp:term":[{"taxonomy":"make_fuel_type","embeddable":true,"href":"https:\/\/rst-steel.com\/sv\/wp-json\/wp\/v2\/make_fuel_type?post=122397"},{"taxonomy":"make_model","embeddable":true,"href":"https:\/\/rst-steel.com\/sv\/wp-json\/wp\/v2\/make_model?post=122397"},{"taxonomy":"make_brand","embeddable":true,"href":"https:\/\/rst-steel.com\/sv\/wp-json\/wp\/v2\/make_brand?post=122397"},{"taxonomy":"make_year","embeddable":true,"href":"https:\/\/rst-steel.com\/sv\/wp-json\/wp\/v2\/make_year?post=122397"},{"taxonomy":"pwb-brand","embeddable":true,"href":"https:\/\/rst-steel.com\/sv\/wp-json\/wp\/v2\/pwb-brand?post=122397"},{"taxonomy":"product_brand","embeddable":true,"href":"https:\/\/rst-steel.com\/sv\/wp-json\/wp\/v2\/product_brand?post=122397"},{"taxonomy":"product_cat","embeddable":true,"href":"https:\/\/rst-steel.com\/sv\/wp-json\/wp\/v2\/product_cat?post=122397"},{"taxonomy":"product_tag","embeddable":true,"href":"https:\/\/rst-steel.com\/sv\/wp-json\/wp\/v2\/product_tag?post=122397"}],"curies":[{"name":"wp","href":"https:\/\/api.w.org\/{rel}","templated":true}]}}