{"id":122436,"date":"2026-02-24T14:30:22","date_gmt":"2026-02-24T11:30:22","guid":{"rendered":"https:\/\/rst-steel.com\/product\/roof-bar-jcb-427-437-2020-_prm_76011\/"},"modified":"2026-03-16T09:19:36","modified_gmt":"2026-03-16T06:19:36","slug":"roof-bar-jcb-427-437-2020-_prm_76011","status":"publish","type":"product","link":"https:\/\/rst-steel.com\/sv\/produkt\/roof-bar-jcb-427-437-2020-_prm_76011\/","title":{"rendered":"Takb\u00e5ge JCB 427-437 2020-"},"content":{"rendered":"<p data-start=\"0\" data-end=\"52\"><span style=\"font-weight: bold;\">Takb\u00e5ge JCB 427-437 2020-<\/span><\/p>\n<p data-start=\"0\" data-end=\"52\">RST-Steels takb\u00e5gar tillverkas i Finland av h\u00f6gkvalitativt rostfritt st\u00e5l och \u00e4r h\u00f6gkvalitativa Nyckelflaggsprodukter.<\/p>\n<p data-start=\"188\" data-end=\"394\">Takb\u00e5gen \u00e4r ett stiligt tillbeh\u00f6r som g\u00f6r det enkelt och s\u00e4kert att montera lampor. Den kan ocks\u00e5 utrustas med positionslampor f\u00f6r att ytterligare f\u00f6rb\u00e4ttra synligheten i trafiken och p\u00e5 arbetsplatsen<\/p>\n<ul>\n<li><\/li>\n<\/ul>\n<p data-start=\"396\" data-end=\"419\"><span style=\"font-weight: bold;\">Varf\u00f6r v\u00e4lja RST-Steel?<\/span><\/p>\n<ul data-start=\"421\" data-end=\"641\">\n<li data-start=\"421\" data-end=\"534\">\n<p data-start=\"423\" data-end=\"534\"><strong data-start=\"423\" data-end=\"439\">Tillf\u00f6rlitlighet:<\/strong> M\u00e5nga \u00e5rs erfarenhet och expertis garanterar h\u00f6g kvalitet och l\u00e5ng livsl\u00e4ngd f\u00f6r v\u00e5ra produkter.<\/p>\n<\/li>\n<li data-start=\"535\" data-end=\"641\">\n<p data-start=\"537\" data-end=\"641\"><strong data-start=\"537\" data-end=\"563\">Kundn\u00f6jdhet:<\/strong> Tusentals n\u00f6jda kunder \u00f6ver hela v\u00e4rlden litar p\u00e5 RST-Steel-produkter.<\/p>\n<\/li>\n<\/ul>\n<ul data-start=\"421\" data-end=\"641\">\n<li data-start=\"535\" data-end=\"641\"><\/li>\n<\/ul>\n<p data-start=\"643\" data-end=\"670\"><span style=\"font-weight: bold;\">Tekniska specifikationer<\/span><\/p>\n<ul data-start=\"672\" data-end=\"766\">\n<li data-start=\"672\" data-end=\"741\">\n<p data-start=\"674\" data-end=\"741\">F\u00e4rg: Polerat rostfritt st\u00e5l eller m\u00e5lat i standard RAL-f\u00e4rger<\/p>\n<\/li>\n<li data-start=\"742\" data-end=\"766\">\n<p data-start=\"744\" data-end=\"766\">R\u00f6rdiameter: 60 mm<\/p>\n<\/li>\n<\/ul>\n<ul data-start=\"672\" data-end=\"766\">\n<li data-start=\"742\" data-end=\"766\"><\/li>\n<\/ul>\n<p data-start=\"768\" data-end=\"787\"><span style=\"font-weight: bold;\">Paketet inneh\u00e5ller:<\/span><\/p>\n<ul data-start=\"789\" data-end=\"861\" data-is-last-node=\"\" data-is-only-node=\"\">\n<li data-start=\"789\" data-end=\"802\">\n<p data-start=\"791\" data-end=\"802\">Takb\u00e5ge<\/p>\n<\/li>\n<li data-start=\"803\" data-end=\"833\">\n<p data-start=\"805\" data-end=\"833\">N\u00f6dv\u00e4ndigt monteringsmaterial<\/p>\n<\/li>\n<li data-start=\"834\" data-end=\"861\" data-is-last-node=\"\">\n<p data-start=\"836\" data-end=\"861\" data-is-last-node=\"\">Instruktioner f\u00f6r installation<\/p>\n<\/li>\n<\/ul>","protected":false},"excerpt":{"rendered":"<article class=\"text-token-text-primary w-full focus:outline-none [--shadow-height:45px] has-data-writing-block:pointer-events-none has-data-writing-block:-mt-(--shadow-height) has-data-writing-block:pt-(--shadow-height) [&amp;:has([data-writing-block])&gt;*]:pointer-events-auto scroll-mt-(--header-height)\" dir=\"auto\" data-turn-id=\"c812ef0f-d9bc-44c3-b91d-6c46e86bed2d\" data-testid=\"conversation-turn-195\" data-scroll-anchor=\"false\" data-turn=\"user\"><\/article>\n<article class=\"text-token-text-primary w-full focus:outline-none [--shadow-height:45px] has-data-writing-block:pointer-events-none has-data-writing-block:-mt-(--shadow-height) has-data-writing-block:pt-(--shadow-height) [&amp;:has([data-writing-block])&gt;*]:pointer-events-auto scroll-mt-[calc(var(--header-height)+min(200px,max(70px,20svh)))]\" dir=\"auto\" data-turn-id=\"request-WEB:e10694bf-1d60-4d57-bf9e-56bb4132427c-97\" data-testid=\"conversation-turn-196\" data-scroll-anchor=\"true\" data-turn=\"assistant\">\n<div class=\"text-base my-auto mx-auto pb-10 [--thread-content-margin:--spacing(4)] @w-sm\/main:[--thread-content-margin:--spacing(6)] @w-lg\/main:[--thread-content-margin:--spacing(16)] px-(--thread-content-margin)\">\n<div class=\"[--thread-content-max-width:40rem] @w-lg\/main:[--thread-content-max-width:48rem] mx-auto max-w-(--thread-content-max-width) flex-1 group\/turn-messages focus-visible:outline-hidden relative flex w-full min-w-0 flex-col agent-turn\">\n<div class=\"flex max-w-full flex-col grow\">\n<div class=\"min-h-8 text-message relative flex w-full flex-col items-end gap-2 text-start break-words whitespace-normal [.text-message+&amp;]:mt-1\" dir=\"auto\" data-message-author-role=\"assistant\" data-message-id=\"9d28a20b-19c0-4576-a717-dd323f61f94f\" data-message-model-slug=\"gpt-5-2\">\n<div class=\"flex w-full flex-col gap-1 empty:hidden first:pt-[1px]\">\n<div class=\"markdown prose dark:prose-invert w-full wrap-break-word dark markdown-new-styling\">\n<p data-start=\"0\" data-end=\"36\" data-is-last-node=\"\" data-is-only-node=\"\">Flera olika modeller finns tillg\u00e4ngliga<\/p>\n<\/div>\n<\/div>\n<\/div>\n<\/div>\n<\/div>\n<\/div>\n<\/article>","protected":false},"featured_media":122434,"comment_status":"open","ping_status":"closed","template":"","meta":{"_improvement_type_select":"improve_an_existing","_thumb_yes_seoaic":false,"_frame_yes_seoaic":false,"seoaic_generate_description":"","seoaic_improve_instructions_prompt":"","seoaic_rollback_content_improvement":"","seoaic_idea_thumbnail_generator":"","thumbnail_generated":false,"thumbnail_generate_prompt":"","seoaic_article_description":""},"make_fuel_type":[],"make_model":[],"make_brand":[],"make_year":[6465],"pwb-brand":[8334],"product_brand":[],"product_cat":[8466,6057,6073],"product_tag":[],"class_list":{"0":"post-122436","1":"product","2":"type-product","3":"status-publish","4":"has-post-thumbnail","6":"make_year-workmachines","7":"pwb-brand-brand_rststeel","8":"product_cat-jcb-rb-wl","9":"product_cat-lightbars","10":"product_cat-roofbars-for-whee-loaders","11":"product_shipping_class-lightbars","13":"first","14":"onbackorder","15":"taxable","16":"shipping-taxable","17":"purchasable","18":"product-type-variable"},"yoast_head":"<!-- This site is optimized with the Yoast SEO plugin v25.7 - https:\/\/yoast.com\/wordpress\/plugins\/seo\/ -->\n<title>Roof Bar JCB 427-437 2020- RST-Steel<\/title>\n<meta name=\"description\" content=\"Roof Bar JCB 427-437 (2020\u2013), durable stainless steel construction, easy to install, ideal for mounting auxiliary and marker lights.\" \/>\n<meta name=\"robots\" content=\"index, follow, max-snippet:-1, max-image-preview:large, max-video-preview:-1\" \/>\n<link rel=\"canonical\" href=\"https:\/\/rst-steel.com\/sv\/produkt\/roof-bar-jcb-427-437-2020-_prm_76011\/\" \/>\n<meta property=\"og:locale\" content=\"sv_SE\" \/>\n<meta property=\"og:type\" content=\"article\" \/>\n<meta property=\"og:title\" content=\"Roof Bar JCB 427-437 2020- RST-Steel\" \/>\n<meta property=\"og:description\" content=\"Roof Bar JCB 427-437 (2020\u2013), durable stainless steel construction, easy to install, ideal for mounting auxiliary and marker lights.\" \/>\n<meta property=\"og:url\" content=\"https:\/\/rst-steel.com\/sv\/produkt\/roof-bar-jcb-427-437-2020-_prm_76011\/\" \/>\n<meta property=\"og:site_name\" content=\"RST-Steel\" \/>\n<meta property=\"article:publisher\" content=\"https:\/\/www.facebook.com\/rststeel\" \/>\n<meta property=\"article:modified_time\" content=\"2026-03-16T06:19:36+00:00\" \/>\n<meta property=\"og:image\" content=\"https:\/\/rst-steel.com\/wp-content\/uploads\/2026\/02\/625ed1a0a93c17d9db244e6b79aa9f9d158d32cc_TJC206C_web__1_.jpeg\" \/>\n\t<meta property=\"og:image:width\" content=\"1599\" \/>\n\t<meta property=\"og:image:height\" content=\"1200\" \/>\n\t<meta property=\"og:image:type\" content=\"image\/jpeg\" \/>\n<meta name=\"twitter:card\" content=\"summary_large_image\" \/>\n<meta name=\"twitter:label1\" content=\"Ber\u00e4knad l\u00e4stid\" \/>\n\t<meta name=\"twitter:data1\" content=\"1 minut\" \/>\n<script type=\"application\/ld+json\" class=\"yoast-schema-graph\">{\"@context\":\"https:\/\/schema.org\",\"@graph\":[{\"@type\":\"WebPage\",\"@id\":\"https:\/\/rst-steel.com\/product\/roof-bar-jcb-427-437-2020-_prm_76011\/\",\"url\":\"https:\/\/rst-steel.com\/product\/roof-bar-jcb-427-437-2020-_prm_76011\/\",\"name\":\"Roof Bar JCB 427-437 2020- RST-Steel\",\"isPartOf\":{\"@id\":\"https:\/\/rst-steel.com\/#website\"},\"primaryImageOfPage\":{\"@id\":\"https:\/\/rst-steel.com\/product\/roof-bar-jcb-427-437-2020-_prm_76011\/#primaryimage\"},\"image\":{\"@id\":\"https:\/\/rst-steel.com\/product\/roof-bar-jcb-427-437-2020-_prm_76011\/#primaryimage\"},\"thumbnailUrl\":\"https:\/\/rst-steel.com\/wp-content\/uploads\/2026\/02\/625ed1a0a93c17d9db244e6b79aa9f9d158d32cc_TJC206C_web__1_.jpeg\",\"datePublished\":\"2026-02-24T11:30:22+00:00\",\"dateModified\":\"2026-03-16T06:19:36+00:00\",\"description\":\"Roof Bar JCB 427-437 (2020\u2013), durable stainless steel construction, easy to install, ideal for mounting auxiliary and marker lights.\",\"breadcrumb\":{\"@id\":\"https:\/\/rst-steel.com\/product\/roof-bar-jcb-427-437-2020-_prm_76011\/#breadcrumb\"},\"inLanguage\":\"sv-SE\",\"potentialAction\":[{\"@type\":\"ReadAction\",\"target\":[\"https:\/\/rst-steel.com\/product\/roof-bar-jcb-427-437-2020-_prm_76011\/\"]}]},{\"@type\":\"ImageObject\",\"inLanguage\":\"sv-SE\",\"@id\":\"https:\/\/rst-steel.com\/product\/roof-bar-jcb-427-437-2020-_prm_76011\/#primaryimage\",\"url\":\"https:\/\/rst-steel.com\/wp-content\/uploads\/2026\/02\/625ed1a0a93c17d9db244e6b79aa9f9d158d32cc_TJC206C_web__1_.jpeg\",\"contentUrl\":\"https:\/\/rst-steel.com\/wp-content\/uploads\/2026\/02\/625ed1a0a93c17d9db244e6b79aa9f9d158d32cc_TJC206C_web__1_.jpeg\",\"width\":1599,\"height\":1200,\"caption\":\"Roof Bar JCB 427-437 2020-\"},{\"@type\":\"BreadcrumbList\",\"@id\":\"https:\/\/rst-steel.com\/product\/roof-bar-jcb-427-437-2020-_prm_76011\/#breadcrumb\",\"itemListElement\":[{\"@type\":\"ListItem\",\"position\":1,\"name\":\"Home\",\"item\":\"https:\/\/rst-steel.com\/\"},{\"@type\":\"ListItem\",\"position\":2,\"name\":\"RST-Steel Shop\",\"item\":\"https:\/\/rst-steel.com\/shop\/\"},{\"@type\":\"ListItem\",\"position\":3,\"name\":\"Roof Bar JCB 427-437 2020-\"}]},{\"@type\":\"WebSite\",\"@id\":\"https:\/\/rst-steel.com\/#website\",\"url\":\"https:\/\/rst-steel.com\/\",\"name\":\"RST-Steel.com\",\"description\":\"Finnish quality steel, for quality-conscious drivers\",\"publisher\":{\"@id\":\"https:\/\/rst-steel.com\/#organization\"},\"alternateName\":\"Safe and stylish RST-Steel quality\",\"potentialAction\":[{\"@type\":\"SearchAction\",\"target\":{\"@type\":\"EntryPoint\",\"urlTemplate\":\"https:\/\/rst-steel.com\/?s={search_term_string}\"},\"query-input\":{\"@type\":\"PropertyValueSpecification\",\"valueRequired\":true,\"valueName\":\"search_term_string\"}}],\"inLanguage\":\"sv-SE\"},{\"@type\":\"Organization\",\"@id\":\"https:\/\/rst-steel.com\/#organization\",\"name\":\"RST-Steel Oy\",\"url\":\"https:\/\/rst-steel.com\/\",\"logo\":{\"@type\":\"ImageObject\",\"inLanguage\":\"sv-SE\",\"@id\":\"https:\/\/rst-steel.com\/#\/schema\/logo\/image\/\",\"url\":\"https:\/\/rst-steel.com\/wp-content\/uploads\/2023\/04\/cropped-Rst-logo-valkoinen-teksti-3.png\",\"contentUrl\":\"https:\/\/rst-steel.com\/wp-content\/uploads\/2023\/04\/cropped-Rst-logo-valkoinen-teksti-3.png\",\"width\":512,\"height\":115,\"caption\":\"RST-Steel Oy\"},\"image\":{\"@id\":\"https:\/\/rst-steel.com\/#\/schema\/logo\/image\/\"},\"sameAs\":[\"https:\/\/www.facebook.com\/rststeel\",\"https:\/\/www.instagram.com\/rststeeloy\/\"]}]}<\/script>\n<!-- \/ Yoast SEO plugin. -->","yoast_head_json":{"title":"Roof Bar JCB 427-437 2020- RST-Steel","description":"Roof Bar JCB 427-437 (2020\u2013), durable stainless steel construction, easy to install, ideal for mounting auxiliary and marker lights.","robots":{"index":"index","follow":"follow","max-snippet":"max-snippet:-1","max-image-preview":"max-image-preview:large","max-video-preview":"max-video-preview:-1"},"canonical":"https:\/\/rst-steel.com\/sv\/produkt\/roof-bar-jcb-427-437-2020-_prm_76011\/","og_locale":"sv_SE","og_type":"article","og_title":"Roof Bar JCB 427-437 2020- RST-Steel","og_description":"Roof Bar JCB 427-437 (2020\u2013), durable stainless steel construction, easy to install, ideal for mounting auxiliary and marker lights.","og_url":"https:\/\/rst-steel.com\/sv\/produkt\/roof-bar-jcb-427-437-2020-_prm_76011\/","og_site_name":"RST-Steel","article_publisher":"https:\/\/www.facebook.com\/rststeel","article_modified_time":"2026-03-16T06:19:36+00:00","og_image":[{"width":1599,"height":1200,"url":"https:\/\/rst-steel.com\/wp-content\/uploads\/2026\/02\/625ed1a0a93c17d9db244e6b79aa9f9d158d32cc_TJC206C_web__1_.jpeg","type":"image\/jpeg"}],"twitter_card":"summary_large_image","twitter_misc":{"Ber\u00e4knad l\u00e4stid":"1 minut"},"schema":{"@context":"https:\/\/schema.org","@graph":[{"@type":"WebPage","@id":"https:\/\/rst-steel.com\/product\/roof-bar-jcb-427-437-2020-_prm_76011\/","url":"https:\/\/rst-steel.com\/product\/roof-bar-jcb-427-437-2020-_prm_76011\/","name":"Roof Bar JCB 427-437 2020- RST-Steel","isPartOf":{"@id":"https:\/\/rst-steel.com\/#website"},"primaryImageOfPage":{"@id":"https:\/\/rst-steel.com\/product\/roof-bar-jcb-427-437-2020-_prm_76011\/#primaryimage"},"image":{"@id":"https:\/\/rst-steel.com\/product\/roof-bar-jcb-427-437-2020-_prm_76011\/#primaryimage"},"thumbnailUrl":"https:\/\/rst-steel.com\/wp-content\/uploads\/2026\/02\/625ed1a0a93c17d9db244e6b79aa9f9d158d32cc_TJC206C_web__1_.jpeg","datePublished":"2026-02-24T11:30:22+00:00","dateModified":"2026-03-16T06:19:36+00:00","description":"Roof Bar JCB 427-437 (2020\u2013), durable stainless steel construction, easy to install, ideal for mounting auxiliary and marker lights.","breadcrumb":{"@id":"https:\/\/rst-steel.com\/product\/roof-bar-jcb-427-437-2020-_prm_76011\/#breadcrumb"},"inLanguage":"sv-SE","potentialAction":[{"@type":"ReadAction","target":["https:\/\/rst-steel.com\/product\/roof-bar-jcb-427-437-2020-_prm_76011\/"]}]},{"@type":"ImageObject","inLanguage":"sv-SE","@id":"https:\/\/rst-steel.com\/product\/roof-bar-jcb-427-437-2020-_prm_76011\/#primaryimage","url":"https:\/\/rst-steel.com\/wp-content\/uploads\/2026\/02\/625ed1a0a93c17d9db244e6b79aa9f9d158d32cc_TJC206C_web__1_.jpeg","contentUrl":"https:\/\/rst-steel.com\/wp-content\/uploads\/2026\/02\/625ed1a0a93c17d9db244e6b79aa9f9d158d32cc_TJC206C_web__1_.jpeg","width":1599,"height":1200,"caption":"Roof Bar JCB 427-437 2020-"},{"@type":"BreadcrumbList","@id":"https:\/\/rst-steel.com\/product\/roof-bar-jcb-427-437-2020-_prm_76011\/#breadcrumb","itemListElement":[{"@type":"ListItem","position":1,"name":"Home","item":"https:\/\/rst-steel.com\/"},{"@type":"ListItem","position":2,"name":"RST-Steel Shop","item":"https:\/\/rst-steel.com\/shop\/"},{"@type":"ListItem","position":3,"name":"Roof Bar JCB 427-437 2020-"}]},{"@type":"WebSite","@id":"https:\/\/rst-steel.com\/#website","url":"https:\/\/rst-steel.com\/","name":"RST-Stahl.com","description":"Finskt kvalitetsst\u00e5l, f\u00f6r kvalitetsmedvetna f\u00f6rare","publisher":{"@id":"https:\/\/rst-steel.com\/#organization"},"alternateName":"Safe and stylish RST-Steel quality","potentialAction":[{"@type":"SearchAction","target":{"@type":"EntryPoint","urlTemplate":"https:\/\/rst-steel.com\/?s={search_term_string}"},"query-input":{"@type":"PropertyValueSpecification","valueRequired":true,"valueName":"search_term_string"}}],"inLanguage":"sv-SE"},{"@type":"Organization","@id":"https:\/\/rst-steel.com\/#organization","name":"RST-Steel Oy","url":"https:\/\/rst-steel.com\/","logo":{"@type":"ImageObject","inLanguage":"sv-SE","@id":"https:\/\/rst-steel.com\/#\/schema\/logo\/image\/","url":"https:\/\/rst-steel.com\/wp-content\/uploads\/2023\/04\/cropped-Rst-logo-valkoinen-teksti-3.png","contentUrl":"https:\/\/rst-steel.com\/wp-content\/uploads\/2023\/04\/cropped-Rst-logo-valkoinen-teksti-3.png","width":512,"height":115,"caption":"RST-Steel Oy"},"image":{"@id":"https:\/\/rst-steel.com\/#\/schema\/logo\/image\/"},"sameAs":["https:\/\/www.facebook.com\/rststeel","https:\/\/www.instagram.com\/rststeeloy\/"]}]}},"brands":[{"id":8334,"name":"RST-Steel","slug":"brand_rststeel"}],"_links":{"self":[{"href":"https:\/\/rst-steel.com\/sv\/wp-json\/wp\/v2\/product\/122436","targetHints":{"allow":["GET"]}}],"collection":[{"href":"https:\/\/rst-steel.com\/sv\/wp-json\/wp\/v2\/product"}],"about":[{"href":"https:\/\/rst-steel.com\/sv\/wp-json\/wp\/v2\/types\/product"}],"replies":[{"embeddable":true,"href":"https:\/\/rst-steel.com\/sv\/wp-json\/wp\/v2\/comments?post=122436"}],"version-history":[{"count":0,"href":"https:\/\/rst-steel.com\/sv\/wp-json\/wp\/v2\/product\/122436\/revisions"}],"wp:featuredmedia":[{"embeddable":true,"href":"https:\/\/rst-steel.com\/sv\/wp-json\/wp\/v2\/media\/122434"}],"wp:attachment":[{"href":"https:\/\/rst-steel.com\/sv\/wp-json\/wp\/v2\/media?parent=122436"}],"wp:term":[{"taxonomy":"make_fuel_type","embeddable":true,"href":"https:\/\/rst-steel.com\/sv\/wp-json\/wp\/v2\/make_fuel_type?post=122436"},{"taxonomy":"make_model","embeddable":true,"href":"https:\/\/rst-steel.com\/sv\/wp-json\/wp\/v2\/make_model?post=122436"},{"taxonomy":"make_brand","embeddable":true,"href":"https:\/\/rst-steel.com\/sv\/wp-json\/wp\/v2\/make_brand?post=122436"},{"taxonomy":"make_year","embeddable":true,"href":"https:\/\/rst-steel.com\/sv\/wp-json\/wp\/v2\/make_year?post=122436"},{"taxonomy":"pwb-brand","embeddable":true,"href":"https:\/\/rst-steel.com\/sv\/wp-json\/wp\/v2\/pwb-brand?post=122436"},{"taxonomy":"product_brand","embeddable":true,"href":"https:\/\/rst-steel.com\/sv\/wp-json\/wp\/v2\/product_brand?post=122436"},{"taxonomy":"product_cat","embeddable":true,"href":"https:\/\/rst-steel.com\/sv\/wp-json\/wp\/v2\/product_cat?post=122436"},{"taxonomy":"product_tag","embeddable":true,"href":"https:\/\/rst-steel.com\/sv\/wp-json\/wp\/v2\/product_tag?post=122436"}],"curies":[{"name":"wp","href":"https:\/\/api.w.org\/{rel}","templated":true}]}}