{"id":122476,"date":"2026-02-24T16:00:11","date_gmt":"2026-02-24T13:00:11","guid":{"rendered":"https:\/\/rst-steel.com\/product\/bull-bar-freeway-v65-volvo-fh-2021-legalpro_prm_79447\/"},"modified":"2026-03-16T09:20:37","modified_gmt":"2026-03-16T06:20:37","slug":"bull-bar-freeway-v65-volvo-fh-2021-legalpro_prm_79447","status":"publish","type":"product","link":"https:\/\/rst-steel.com\/sv\/produkt\/bull-bar-freeway-v65-volvo-fh-2021-legalpro_prm_79447\/","title":{"rendered":"Bull Bar Freeway V65 Volvo FH 2021- (LegalPro)"},"content":{"rendered":"<div><span style=\"font-weight: bold;\">Bull Bar Freeway V65 Volvo FH 2021- (LegalPro)<\/span><\/div>\n<ul>\n<li><\/li>\n<\/ul>\n<div><span style=\"font-weight: bold;\">This bullbar have received official road approval and may be used legally in all EU countries as well as Norway.<\/span><\/div>\n<div><\/div>\n<ul>\n<li><\/li>\n<\/ul>\n<div><span style=\"font-weight: bold;\">Egenskaper:<\/span><\/div>\n<ul>\n<li><span style=\"font-weight: bold;\">Kompatibilitet:<\/span> Perfekt passform f\u00f6r Freeway V65 Volvo FH 2021\u2013 och fram\u00e5t, med mindre st\u00f6tf\u00e5ngare.<\/li>\n<li><span style=\"font-weight: bold;\">Towability:<\/span> Genom att enkelt placera b\u00e5gen i servicel\u00e4ge kan fordonets originaldragkrok snabbt monteras med hj\u00e4lp av v\u00e5r specialanpassade adapter.<\/li>\n<li><span style=\"font-weight: bold;\">H\u00e5llbarhet:<\/span> Tillverkad av h\u00f6gkvalitativt rostfritt st\u00e5l som \u00e4r utformat f\u00f6r att t\u00e5la \u00e4ven de tuffaste f\u00f6rh\u00e5llandena.<\/li>\n<li><span style=\"font-weight: bold;\">Enkel installation:<\/span> Levereras med installationsanvisningar och monteringsbeslag, vilket g\u00f6r att du sj\u00e4lv kan montera st\u00f6tf\u00e5ngaren om s\u00e5 \u00f6nskas.<\/li>\n<li><span style=\"font-weight: bold;\">Stilren design: <\/span>Ger din lastbil ett modernt och dynamiskt utseende. Den slanka designen i polerad eller m\u00e5lad st\u00e5lyta f\u00e5r din lastbil att sticka ut och se imponerande ut.<\/li>\n<li><span style=\"font-weight: bold;\">Maximalt skydd:<\/span> The bull bar provides effective protection for the front of your vehicle, safeguarding it from collisions and damage. This reduces the risk of repairs and keeps your truck performing at its best for years to come.<\/li>\n<li>Kompatibel med ACC, AEB, Lane Keeping Assist osv.<\/li>\n<li><\/li>\n<\/ul>\n<div><span style=\"font-weight: bold;\">Vad betyder ett v\u00e4g-godk\u00e4nt bullbar?<\/span><\/div>\n<ul>\n<li><\/li>\n<\/ul>\n<div>Ett v\u00e4g-godk\u00e4nt bullbar betyder att produkten \u00e4r fullt godk\u00e4nd f\u00f6r v\u00e4gbruk i Europa och Norge, och att den kan sitta kvar p\u00e5 fordonet vid periodiska besiktningar.<\/div>\n<div>RST-Steel bull bars are premium-quality products manufactured in Finland from stainless steel and carrying the Key Flag Symbol.<\/div>\n<div>The bull bar protects the front of the vehicle in potential collision situations. It gives the truck a bold and stylish appearance, attracts attention, and may even spark \u201csteel fever,\u201d helping you and your company stand out in a positive way.<\/div>\n<div>Vehicle front grille can be opened and cabin tilted with the bull bar in place.<\/div>\n<div>The bull bar can be equipped with auxiliary lights and marker lights to improve visibility in traffic, while increasing safety for both you and other road users.<\/div>\n<ul>\n<li><\/li>\n<\/ul>\n<div><span style=\"font-weight: bold;\">The bull bar is designed for quick and easy removal, making maintenance fast and efficient.<\/span><\/div>\n<ul>\n<li><\/li>\n<\/ul>\n<div><span style=\"font-weight: bold;\">Varf\u00f6r v\u00e4lja RST-Steel?<\/span><\/div>\n<ul>\n<li><span style=\"font-weight: bold;\">Tillverkad i Finland <\/span>Alla v\u00e5ra produkter tillverkas i v\u00e5r egen produktionsanl\u00e4ggning i Nivala, Finland.<\/li>\n<li><span style=\"font-weight: bold;\">Tillf\u00f6rlitlighet:<\/span> M\u00e5nga \u00e5rs erfarenhet och expertis s\u00e4kerst\u00e4ller v\u00e5ra produkters h\u00f6ga kvalitet och h\u00e5llbarhet.<\/li>\n<li><span style=\"font-weight: bold;\">Kundn\u00f6jdhet:<\/span> Tusentals n\u00f6jda kunder v\u00e4rlden \u00f6ver litar p\u00e5 RST-Steels produkter.<\/li>\n<li><\/li>\n<\/ul>\n<div><span style=\"font-weight: bold;\">Teknisk information:<\/span><\/div>\n<ul>\n<li>F\u00e4rg: Polerat rostfritt st\u00e5l eller m\u00e5lad i RAL-standardf\u00e4rger<\/li>\n<li>R\u00f6rens diameter: 76 mm \/ 60 mm<\/li>\n<li>R\u00f6rmaterial: AISI 304<\/li>\n<li>Wiring kit holder: Behind the vertical beam is holder for the RST-Steel&#8217;s wiring kit<\/li>\n<li>Kablagesatsens kontaktf\u00e4ste: Svetsat f\u00e4ste i h\u00e5llaren f\u00f6r kablagesatsens kontakt.<\/li>\n<li>Vikt: 80 kg<\/li>\n<li>Garanti: 1 \u00e5r<\/li>\n<li><\/li>\n<\/ul>\n<div><a style=\"font-weight: bold;\" href=\"https:\/\/www.youtube.com\/watch?v=G2FVajPh-pM\">VIDEO F\u00d6R INSTALLATION AV BULLBAR-KABELSATS FINNS H\u00c4R!<\/a><\/div>\n<ul>\n<li><\/li>\n<\/ul>\n<div><span style=\"font-weight: bold;\">Leveransinneh\u00e5ll:<\/span><\/div>\n<ul>\n<li>Frontskydd<\/li>\n<li>Monteringsf\u00e4sten som beh\u00f6vs f\u00f6r installation<\/li>\n<li>Instruktioner f\u00f6r installation<\/li>\n<li><\/li>\n<\/ul>\n<div><span style=\"font-weight: bold;\">Installationstid:<\/span><\/div>\n<ul>\n<li>\u00a045 minuter utan de elektriska anslutningarna<\/li>\n<\/ul>","protected":false},"excerpt":{"rendered":"<p>Skydda din lastbil p\u00e5 b\u00e4sta m\u00f6jliga s\u00e4tt!<\/p>","protected":false},"featured_media":122474,"comment_status":"open","ping_status":"closed","template":"","meta":{"_improvement_type_select":"improve_an_existing","_thumb_yes_seoaic":false,"_frame_yes_seoaic":false,"seoaic_generate_description":"","seoaic_improve_instructions_prompt":"","seoaic_rollback_content_improvement":"","seoaic_idea_thumbnail_generator":"","thumbnail_generated":false,"thumbnail_generate_prompt":"","seoaic_article_description":""},"make_fuel_type":[],"make_model":[5637],"make_brand":[3745],"make_year":[3748],"pwb-brand":[8334],"product_brand":[],"product_cat":[6280,7158],"product_tag":[8487,6683],"class_list":{"0":"post-122476","1":"product","2":"type-product","3":"status-publish","4":"has-post-thumbnail","6":"make_engine-normal-cab","7":"make_engine-globetrotter","8":"make_engine-globetrotter-xl-cab","9":"make_model-fh-2021","10":"make_brand-volvo","11":"make_year-trucks","12":"pwb-brand-brand_rststeel","13":"product_cat-bullbars","14":"product_cat-volvo-ka-kk","15":"product_tag-bullbar-freeway","16":"product_tag-frontskydd","17":"product_shipping_class-bullbars","19":"first","20":"onbackorder","21":"taxable","22":"shipping-taxable","23":"purchasable","24":"product-type-variable"},"yoast_head":"<!-- This site is optimized with the Yoast SEO plugin v25.7 - https:\/\/yoast.com\/wordpress\/plugins\/seo\/ -->\n<title>Bull Bar Freeway V65 Volvo FH 2021- (LegalPro) - RST-Steel<\/title>\n<meta name=\"description\" content=\"Bull Bar Freeway V65 Volvo FH 2021\u2011, LegalPro certified. Durable stainless steel construction, stylish and practical for added front-end protection.\" \/>\n<meta name=\"robots\" content=\"index, follow, max-snippet:-1, max-image-preview:large, max-video-preview:-1\" \/>\n<link rel=\"canonical\" href=\"https:\/\/rst-steel.com\/sv\/produkt\/bull-bar-freeway-v65-volvo-fh-2021-legalpro_prm_79447\/\" \/>\n<meta property=\"og:locale\" content=\"sv_SE\" \/>\n<meta property=\"og:type\" content=\"article\" \/>\n<meta property=\"og:title\" content=\"Bull Bar Freeway V65 Volvo FH 2021- (LegalPro) - RST-Steel\" \/>\n<meta property=\"og:description\" content=\"Bull Bar Freeway V65 Volvo FH 2021\u2011, LegalPro certified. Durable stainless steel construction, stylish and practical for added front-end protection.\" \/>\n<meta property=\"og:url\" content=\"https:\/\/rst-steel.com\/sv\/produkt\/bull-bar-freeway-v65-volvo-fh-2021-legalpro_prm_79447\/\" \/>\n<meta property=\"og:site_name\" content=\"RST-Steel\" \/>\n<meta property=\"article:publisher\" content=\"https:\/\/www.facebook.com\/rststeel\" \/>\n<meta property=\"article:modified_time\" content=\"2026-03-16T06:20:37+00:00\" \/>\n<meta property=\"og:image\" content=\"https:\/\/rst-steel.com\/wp-content\/uploads\/2026\/02\/a83875b737b566efb1c285e9d67a37c2cea85c18_VO0165.jpg\" \/>\n\t<meta property=\"og:image:width\" content=\"2048\" \/>\n\t<meta property=\"og:image:height\" content=\"2048\" \/>\n\t<meta property=\"og:image:type\" content=\"image\/jpeg\" \/>\n<meta name=\"twitter:card\" content=\"summary_large_image\" \/>\n<meta name=\"twitter:label1\" content=\"Ber\u00e4knad l\u00e4stid\" \/>\n\t<meta name=\"twitter:data1\" content=\"3 minuter\" \/>\n<script type=\"application\/ld+json\" class=\"yoast-schema-graph\">{\"@context\":\"https:\/\/schema.org\",\"@graph\":[{\"@type\":\"WebPage\",\"@id\":\"https:\/\/rst-steel.com\/product\/bull-bar-freeway-v65-volvo-fh-2021-legalpro_prm_79447\/\",\"url\":\"https:\/\/rst-steel.com\/product\/bull-bar-freeway-v65-volvo-fh-2021-legalpro_prm_79447\/\",\"name\":\"Bull Bar Freeway V65 Volvo FH 2021- (LegalPro) - RST-Steel\",\"isPartOf\":{\"@id\":\"https:\/\/rst-steel.com\/#website\"},\"primaryImageOfPage\":{\"@id\":\"https:\/\/rst-steel.com\/product\/bull-bar-freeway-v65-volvo-fh-2021-legalpro_prm_79447\/#primaryimage\"},\"image\":{\"@id\":\"https:\/\/rst-steel.com\/product\/bull-bar-freeway-v65-volvo-fh-2021-legalpro_prm_79447\/#primaryimage\"},\"thumbnailUrl\":\"https:\/\/rst-steel.com\/wp-content\/uploads\/2026\/02\/a83875b737b566efb1c285e9d67a37c2cea85c18_VO0165.jpg\",\"datePublished\":\"2026-02-24T13:00:11+00:00\",\"dateModified\":\"2026-03-16T06:20:37+00:00\",\"description\":\"Bull Bar Freeway V65 Volvo FH 2021\u2011, LegalPro certified. Durable stainless steel construction, stylish and practical for added front-end protection.\",\"breadcrumb\":{\"@id\":\"https:\/\/rst-steel.com\/product\/bull-bar-freeway-v65-volvo-fh-2021-legalpro_prm_79447\/#breadcrumb\"},\"inLanguage\":\"sv-SE\",\"potentialAction\":[{\"@type\":\"ReadAction\",\"target\":[\"https:\/\/rst-steel.com\/product\/bull-bar-freeway-v65-volvo-fh-2021-legalpro_prm_79447\/\"]}]},{\"@type\":\"ImageObject\",\"inLanguage\":\"sv-SE\",\"@id\":\"https:\/\/rst-steel.com\/product\/bull-bar-freeway-v65-volvo-fh-2021-legalpro_prm_79447\/#primaryimage\",\"url\":\"https:\/\/rst-steel.com\/wp-content\/uploads\/2026\/02\/a83875b737b566efb1c285e9d67a37c2cea85c18_VO0165.jpg\",\"contentUrl\":\"https:\/\/rst-steel.com\/wp-content\/uploads\/2026\/02\/a83875b737b566efb1c285e9d67a37c2cea85c18_VO0165.jpg\",\"width\":2048,\"height\":2048,\"caption\":\"Bull Bar Freeway V65 Volvo FH 2021- (LegalPro)\"},{\"@type\":\"BreadcrumbList\",\"@id\":\"https:\/\/rst-steel.com\/product\/bull-bar-freeway-v65-volvo-fh-2021-legalpro_prm_79447\/#breadcrumb\",\"itemListElement\":[{\"@type\":\"ListItem\",\"position\":1,\"name\":\"Home\",\"item\":\"https:\/\/rst-steel.com\/\"},{\"@type\":\"ListItem\",\"position\":2,\"name\":\"RST-Steel Shop\",\"item\":\"https:\/\/rst-steel.com\/shop\/\"},{\"@type\":\"ListItem\",\"position\":3,\"name\":\"Bull Bar Freeway V65 Volvo FH 2021- (LegalPro)\"}]},{\"@type\":\"WebSite\",\"@id\":\"https:\/\/rst-steel.com\/#website\",\"url\":\"https:\/\/rst-steel.com\/\",\"name\":\"RST-Steel.com\",\"description\":\"Finnish quality steel, for quality-conscious drivers\",\"publisher\":{\"@id\":\"https:\/\/rst-steel.com\/#organization\"},\"alternateName\":\"Safe and stylish RST-Steel quality\",\"potentialAction\":[{\"@type\":\"SearchAction\",\"target\":{\"@type\":\"EntryPoint\",\"urlTemplate\":\"https:\/\/rst-steel.com\/?s={search_term_string}\"},\"query-input\":{\"@type\":\"PropertyValueSpecification\",\"valueRequired\":true,\"valueName\":\"search_term_string\"}}],\"inLanguage\":\"sv-SE\"},{\"@type\":\"Organization\",\"@id\":\"https:\/\/rst-steel.com\/#organization\",\"name\":\"RST-Steel Oy\",\"url\":\"https:\/\/rst-steel.com\/\",\"logo\":{\"@type\":\"ImageObject\",\"inLanguage\":\"sv-SE\",\"@id\":\"https:\/\/rst-steel.com\/#\/schema\/logo\/image\/\",\"url\":\"https:\/\/rst-steel.com\/wp-content\/uploads\/2023\/04\/cropped-Rst-logo-valkoinen-teksti-3.png\",\"contentUrl\":\"https:\/\/rst-steel.com\/wp-content\/uploads\/2023\/04\/cropped-Rst-logo-valkoinen-teksti-3.png\",\"width\":512,\"height\":115,\"caption\":\"RST-Steel Oy\"},\"image\":{\"@id\":\"https:\/\/rst-steel.com\/#\/schema\/logo\/image\/\"},\"sameAs\":[\"https:\/\/www.facebook.com\/rststeel\",\"https:\/\/www.instagram.com\/rststeeloy\/\"]}]}<\/script>\n<!-- \/ Yoast SEO plugin. -->","yoast_head_json":{"title":"Bull Bar Freeway V65 Volvo FH 2021- (LegalPro) - RST-Steel","description":"Bull Bar Freeway V65 Volvo FH 2021\u2011, LegalPro certified. Durable stainless steel construction, stylish and practical for added front-end protection.","robots":{"index":"index","follow":"follow","max-snippet":"max-snippet:-1","max-image-preview":"max-image-preview:large","max-video-preview":"max-video-preview:-1"},"canonical":"https:\/\/rst-steel.com\/sv\/produkt\/bull-bar-freeway-v65-volvo-fh-2021-legalpro_prm_79447\/","og_locale":"sv_SE","og_type":"article","og_title":"Bull Bar Freeway V65 Volvo FH 2021- (LegalPro) - RST-Steel","og_description":"Bull Bar Freeway V65 Volvo FH 2021\u2011, LegalPro certified. Durable stainless steel construction, stylish and practical for added front-end protection.","og_url":"https:\/\/rst-steel.com\/sv\/produkt\/bull-bar-freeway-v65-volvo-fh-2021-legalpro_prm_79447\/","og_site_name":"RST-Steel","article_publisher":"https:\/\/www.facebook.com\/rststeel","article_modified_time":"2026-03-16T06:20:37+00:00","og_image":[{"width":2048,"height":2048,"url":"https:\/\/rst-steel.com\/wp-content\/uploads\/2026\/02\/a83875b737b566efb1c285e9d67a37c2cea85c18_VO0165.jpg","type":"image\/jpeg"}],"twitter_card":"summary_large_image","twitter_misc":{"Ber\u00e4knad l\u00e4stid":"3 minuter"},"schema":{"@context":"https:\/\/schema.org","@graph":[{"@type":"WebPage","@id":"https:\/\/rst-steel.com\/product\/bull-bar-freeway-v65-volvo-fh-2021-legalpro_prm_79447\/","url":"https:\/\/rst-steel.com\/product\/bull-bar-freeway-v65-volvo-fh-2021-legalpro_prm_79447\/","name":"Bull Bar Freeway V65 Volvo FH 2021- (LegalPro) - RST-Steel","isPartOf":{"@id":"https:\/\/rst-steel.com\/#website"},"primaryImageOfPage":{"@id":"https:\/\/rst-steel.com\/product\/bull-bar-freeway-v65-volvo-fh-2021-legalpro_prm_79447\/#primaryimage"},"image":{"@id":"https:\/\/rst-steel.com\/product\/bull-bar-freeway-v65-volvo-fh-2021-legalpro_prm_79447\/#primaryimage"},"thumbnailUrl":"https:\/\/rst-steel.com\/wp-content\/uploads\/2026\/02\/a83875b737b566efb1c285e9d67a37c2cea85c18_VO0165.jpg","datePublished":"2026-02-24T13:00:11+00:00","dateModified":"2026-03-16T06:20:37+00:00","description":"Bull Bar Freeway V65 Volvo FH 2021\u2011, LegalPro certified. Durable stainless steel construction, stylish and practical for added front-end protection.","breadcrumb":{"@id":"https:\/\/rst-steel.com\/product\/bull-bar-freeway-v65-volvo-fh-2021-legalpro_prm_79447\/#breadcrumb"},"inLanguage":"sv-SE","potentialAction":[{"@type":"ReadAction","target":["https:\/\/rst-steel.com\/product\/bull-bar-freeway-v65-volvo-fh-2021-legalpro_prm_79447\/"]}]},{"@type":"ImageObject","inLanguage":"sv-SE","@id":"https:\/\/rst-steel.com\/product\/bull-bar-freeway-v65-volvo-fh-2021-legalpro_prm_79447\/#primaryimage","url":"https:\/\/rst-steel.com\/wp-content\/uploads\/2026\/02\/a83875b737b566efb1c285e9d67a37c2cea85c18_VO0165.jpg","contentUrl":"https:\/\/rst-steel.com\/wp-content\/uploads\/2026\/02\/a83875b737b566efb1c285e9d67a37c2cea85c18_VO0165.jpg","width":2048,"height":2048,"caption":"Bull Bar Freeway V65 Volvo FH 2021- (LegalPro)"},{"@type":"BreadcrumbList","@id":"https:\/\/rst-steel.com\/product\/bull-bar-freeway-v65-volvo-fh-2021-legalpro_prm_79447\/#breadcrumb","itemListElement":[{"@type":"ListItem","position":1,"name":"Home","item":"https:\/\/rst-steel.com\/"},{"@type":"ListItem","position":2,"name":"RST-Steel Shop","item":"https:\/\/rst-steel.com\/shop\/"},{"@type":"ListItem","position":3,"name":"Bull Bar Freeway V65 Volvo FH 2021- (LegalPro)"}]},{"@type":"WebSite","@id":"https:\/\/rst-steel.com\/#website","url":"https:\/\/rst-steel.com\/","name":"RST-Stahl.com","description":"Finskt kvalitetsst\u00e5l, f\u00f6r kvalitetsmedvetna f\u00f6rare","publisher":{"@id":"https:\/\/rst-steel.com\/#organization"},"alternateName":"Safe and stylish RST-Steel quality","potentialAction":[{"@type":"SearchAction","target":{"@type":"EntryPoint","urlTemplate":"https:\/\/rst-steel.com\/?s={search_term_string}"},"query-input":{"@type":"PropertyValueSpecification","valueRequired":true,"valueName":"search_term_string"}}],"inLanguage":"sv-SE"},{"@type":"Organization","@id":"https:\/\/rst-steel.com\/#organization","name":"RST-Steel Oy","url":"https:\/\/rst-steel.com\/","logo":{"@type":"ImageObject","inLanguage":"sv-SE","@id":"https:\/\/rst-steel.com\/#\/schema\/logo\/image\/","url":"https:\/\/rst-steel.com\/wp-content\/uploads\/2023\/04\/cropped-Rst-logo-valkoinen-teksti-3.png","contentUrl":"https:\/\/rst-steel.com\/wp-content\/uploads\/2023\/04\/cropped-Rst-logo-valkoinen-teksti-3.png","width":512,"height":115,"caption":"RST-Steel Oy"},"image":{"@id":"https:\/\/rst-steel.com\/#\/schema\/logo\/image\/"},"sameAs":["https:\/\/www.facebook.com\/rststeel","https:\/\/www.instagram.com\/rststeeloy\/"]}]}},"brands":[{"id":8334,"name":"RST-Steel","slug":"brand_rststeel"}],"_links":{"self":[{"href":"https:\/\/rst-steel.com\/sv\/wp-json\/wp\/v2\/product\/122476","targetHints":{"allow":["GET"]}}],"collection":[{"href":"https:\/\/rst-steel.com\/sv\/wp-json\/wp\/v2\/product"}],"about":[{"href":"https:\/\/rst-steel.com\/sv\/wp-json\/wp\/v2\/types\/product"}],"replies":[{"embeddable":true,"href":"https:\/\/rst-steel.com\/sv\/wp-json\/wp\/v2\/comments?post=122476"}],"version-history":[{"count":0,"href":"https:\/\/rst-steel.com\/sv\/wp-json\/wp\/v2\/product\/122476\/revisions"}],"wp:featuredmedia":[{"embeddable":true,"href":"https:\/\/rst-steel.com\/sv\/wp-json\/wp\/v2\/media\/122474"}],"wp:attachment":[{"href":"https:\/\/rst-steel.com\/sv\/wp-json\/wp\/v2\/media?parent=122476"}],"wp:term":[{"taxonomy":"make_fuel_type","embeddable":true,"href":"https:\/\/rst-steel.com\/sv\/wp-json\/wp\/v2\/make_fuel_type?post=122476"},{"taxonomy":"make_model","embeddable":true,"href":"https:\/\/rst-steel.com\/sv\/wp-json\/wp\/v2\/make_model?post=122476"},{"taxonomy":"make_brand","embeddable":true,"href":"https:\/\/rst-steel.com\/sv\/wp-json\/wp\/v2\/make_brand?post=122476"},{"taxonomy":"make_year","embeddable":true,"href":"https:\/\/rst-steel.com\/sv\/wp-json\/wp\/v2\/make_year?post=122476"},{"taxonomy":"pwb-brand","embeddable":true,"href":"https:\/\/rst-steel.com\/sv\/wp-json\/wp\/v2\/pwb-brand?post=122476"},{"taxonomy":"product_brand","embeddable":true,"href":"https:\/\/rst-steel.com\/sv\/wp-json\/wp\/v2\/product_brand?post=122476"},{"taxonomy":"product_cat","embeddable":true,"href":"https:\/\/rst-steel.com\/sv\/wp-json\/wp\/v2\/product_cat?post=122476"},{"taxonomy":"product_tag","embeddable":true,"href":"https:\/\/rst-steel.com\/sv\/wp-json\/wp\/v2\/product_tag?post=122476"}],"curies":[{"name":"wp","href":"https:\/\/api.w.org\/{rel}","templated":true}]}}