{"id":122668,"date":"2026-02-25T16:49:13","date_gmt":"2026-02-25T13:49:13","guid":{"rendered":"https:\/\/rst-steel.com\/product\/fox-parts-sun-visor-scania-ng-straight-34cm_prm_79454\/"},"modified":"2026-03-16T09:20:43","modified_gmt":"2026-03-16T06:20:43","slug":"fox-parts-sun-visor-scania-ng-straight-34cm_prm_79454","status":"publish","type":"product","link":"https:\/\/rst-steel.com\/sv\/produkt\/fox-parts-sun-visor-scania-ng-straight-34cm_prm_79454\/","title":{"rendered":"Fox Parts Sun Visor Scania NG \u2013 Straight 34cm"},"content":{"rendered":"<p><span style=\"font-weight: bold;\">Fox Parts Sun Visor Scania NG \u2013 Straight 34cm<\/span><\/p>\n<p>The sun visor is designed and manufactured to provide a perfect fit and a striking appearance for all Scania Next Generation 2017+ models. The high-quality FOX Parts sun visor combines modern design, durability, and practicality \u2013 an excellent choice for drivers who want both improved protection and a refined look for their vehicle.<\/p>\n<p>This stylish sun visor is made from 4 mm thick aluminum, offering a sturdy structure and long service life. Stainless steel brackets ensure secure and durable installation. Both the exterior and interior surfaces are fully smooth, completing the premium finish.<\/p>\n<p>Be sure to check out other model options in the recommended section!<\/p>\n<ul>\n<li><\/li>\n<\/ul>\n<p><span style=\"font-weight: bold;\">Why choose this sun visor?<\/span><\/p>\n<p>This FOX Parts sunvisor enhances the sleek and modern design of Scania NextGen models. The 34 cm height provides effective protection against sun glare, reducing reflections and improving visibility and driving comfort in all conditions.<\/p>\n<ul>\n<li><\/li>\n<\/ul>\n<p><span style=\"font-weight: bold;\">Product details:<\/span><\/p>\n<ul>\n<li>Brand: FOX Parts<\/li>\n<li>Model: Straight \u2013 34 cm<\/li>\n<li>Compatibility: Scania Next Generation series 2017+<\/li>\n<li>Material: 4 mm aluminum<\/li>\n<li>Brackets: Stainless steel<\/li>\n<li>Design: Straight<\/li>\n<li><\/li>\n<\/ul>\n<p><span style=\"font-weight: bold;\">Tekniska specifikationer<\/span><\/p>\n<ul>\n<li>Material: Aluminum (4 mm)<\/li>\n<li>Height: 34 cm<\/li>\n<li><\/li>\n<\/ul>\n<p><span style=\"font-weight: bold;\">OBS!<\/span><br \/>\nWe recommend test fitting before painting to ensure perfect alignment.<\/p>","protected":false},"excerpt":{"rendered":"<p><span style=\"font-family: Inter, sans-serif; font-size: 14px;\">High-quality aluminum sunvisor!<\/span><\/p>","protected":false},"featured_media":122664,"comment_status":"open","ping_status":"closed","template":"","meta":{"_improvement_type_select":"improve_an_existing","_thumb_yes_seoaic":false,"_frame_yes_seoaic":false,"seoaic_generate_description":"","seoaic_improve_instructions_prompt":"","seoaic_rollback_content_improvement":"","seoaic_idea_thumbnail_generator":"","thumbnail_generated":false,"thumbnail_generate_prompt":"","seoaic_article_description":""},"make_fuel_type":[],"make_model":[5614,2529,5608,5620,5623,5624],"make_brand":[3744],"make_year":[3748],"pwb-brand":[8342],"product_brand":[],"product_cat":[8137,7210,7213],"product_tag":[8488,8494],"class_list":{"0":"post-122668","1":"product","2":"type-product","3":"status-publish","4":"has-post-thumbnail","6":"make_model-nextgen-g-2017","7":"make_model-nextgen-2017","8":"make_model-nextgen-p-2017","9":"make_model-nextgen-r-2017","10":"make_model-nextgen-s-2017","11":"make_model-nextgen-xt-2017","12":"make_brand-scania","13":"make_year-trucks","14":"pwb-brand-brand_foxparts","15":"product_cat-sunvisors-scania","16":"product_cat-sun-visors-and-wind-deflectors","17":"product_cat-sun-visors-for-trucks","18":"product_tag-scania","19":"product_tag-scania-nextgen","21":"first","22":"instock","23":"taxable","24":"shipping-taxable","25":"purchasable","26":"product-type-variable"},"yoast_head":"<!-- This site is optimized with the Yoast SEO plugin v25.7 - https:\/\/yoast.com\/wordpress\/plugins\/seo\/ -->\n<title>Fox Parts Sun Visor Scania NG \u2013 Straight 34cm - RST-Steel<\/title>\n<meta name=\"description\" content=\"Fox Parts sun visor Scania NG straight 34\u202fcm. Durable, high-quality accessory that improves driver comfort by reducing glare and enhancing visibility.\" \/>\n<meta name=\"robots\" content=\"index, follow, max-snippet:-1, max-image-preview:large, max-video-preview:-1\" \/>\n<link rel=\"canonical\" href=\"https:\/\/rst-steel.com\/sv\/produkt\/fox-parts-sun-visor-scania-ng-straight-34cm_prm_79454\/\" \/>\n<meta property=\"og:locale\" content=\"sv_SE\" \/>\n<meta property=\"og:type\" content=\"article\" \/>\n<meta property=\"og:title\" content=\"Fox Parts Sun Visor Scania NG \u2013 Straight 34cm - RST-Steel\" \/>\n<meta property=\"og:description\" content=\"Fox Parts sun visor Scania NG straight 34\u202fcm. Durable, high-quality accessory that improves driver comfort by reducing glare and enhancing visibility.\" \/>\n<meta property=\"og:url\" content=\"https:\/\/rst-steel.com\/sv\/produkt\/fox-parts-sun-visor-scania-ng-straight-34cm_prm_79454\/\" \/>\n<meta property=\"og:site_name\" content=\"RST-Steel\" \/>\n<meta property=\"article:publisher\" content=\"https:\/\/www.facebook.com\/rststeel\" \/>\n<meta property=\"article:modified_time\" content=\"2026-03-16T06:20:43+00:00\" \/>\n<meta property=\"og:image\" content=\"https:\/\/rst-steel.com\/wp-content\/uploads\/2026\/02\/de5befd0587055f3ad43f48f387c1544e914b661_391c4ced6c180acf69834f1943228520d94bf2f3_Fox_Parts_Aurinkolippa_Scania_NG___1.jpg\" \/>\n\t<meta property=\"og:image:width\" content=\"1000\" \/>\n\t<meta property=\"og:image:height\" content=\"1000\" \/>\n\t<meta property=\"og:image:type\" content=\"image\/jpeg\" \/>\n<meta name=\"twitter:card\" content=\"summary_large_image\" \/>\n<meta name=\"twitter:label1\" content=\"Ber\u00e4knad l\u00e4stid\" \/>\n\t<meta name=\"twitter:data1\" content=\"2 minuter\" \/>\n<script type=\"application\/ld+json\" class=\"yoast-schema-graph\">{\"@context\":\"https:\/\/schema.org\",\"@graph\":[{\"@type\":\"WebPage\",\"@id\":\"https:\/\/rst-steel.com\/product\/fox-parts-sun-visor-scania-ng-straight-34cm_prm_79454\/\",\"url\":\"https:\/\/rst-steel.com\/product\/fox-parts-sun-visor-scania-ng-straight-34cm_prm_79454\/\",\"name\":\"Fox Parts Sun Visor Scania NG \u2013 Straight 34cm - RST-Steel\",\"isPartOf\":{\"@id\":\"https:\/\/rst-steel.com\/#website\"},\"primaryImageOfPage\":{\"@id\":\"https:\/\/rst-steel.com\/product\/fox-parts-sun-visor-scania-ng-straight-34cm_prm_79454\/#primaryimage\"},\"image\":{\"@id\":\"https:\/\/rst-steel.com\/product\/fox-parts-sun-visor-scania-ng-straight-34cm_prm_79454\/#primaryimage\"},\"thumbnailUrl\":\"https:\/\/rst-steel.com\/wp-content\/uploads\/2026\/02\/de5befd0587055f3ad43f48f387c1544e914b661_391c4ced6c180acf69834f1943228520d94bf2f3_Fox_Parts_Aurinkolippa_Scania_NG___1.jpg\",\"datePublished\":\"2026-02-25T13:49:13+00:00\",\"dateModified\":\"2026-03-16T06:20:43+00:00\",\"description\":\"Fox Parts sun visor Scania NG straight 34\u202fcm. Durable, high-quality accessory that improves driver comfort by reducing glare and enhancing visibility.\",\"breadcrumb\":{\"@id\":\"https:\/\/rst-steel.com\/product\/fox-parts-sun-visor-scania-ng-straight-34cm_prm_79454\/#breadcrumb\"},\"inLanguage\":\"sv-SE\",\"potentialAction\":[{\"@type\":\"ReadAction\",\"target\":[\"https:\/\/rst-steel.com\/product\/fox-parts-sun-visor-scania-ng-straight-34cm_prm_79454\/\"]}]},{\"@type\":\"ImageObject\",\"inLanguage\":\"sv-SE\",\"@id\":\"https:\/\/rst-steel.com\/product\/fox-parts-sun-visor-scania-ng-straight-34cm_prm_79454\/#primaryimage\",\"url\":\"https:\/\/rst-steel.com\/wp-content\/uploads\/2026\/02\/de5befd0587055f3ad43f48f387c1544e914b661_391c4ced6c180acf69834f1943228520d94bf2f3_Fox_Parts_Aurinkolippa_Scania_NG___1.jpg\",\"contentUrl\":\"https:\/\/rst-steel.com\/wp-content\/uploads\/2026\/02\/de5befd0587055f3ad43f48f387c1544e914b661_391c4ced6c180acf69834f1943228520d94bf2f3_Fox_Parts_Aurinkolippa_Scania_NG___1.jpg\",\"width\":1000,\"height\":1000,\"caption\":\"Fox Parts Sun Visor Scania NG \u2013 Straight 34cm\"},{\"@type\":\"BreadcrumbList\",\"@id\":\"https:\/\/rst-steel.com\/product\/fox-parts-sun-visor-scania-ng-straight-34cm_prm_79454\/#breadcrumb\",\"itemListElement\":[{\"@type\":\"ListItem\",\"position\":1,\"name\":\"Home\",\"item\":\"https:\/\/rst-steel.com\/\"},{\"@type\":\"ListItem\",\"position\":2,\"name\":\"RST-Steel Shop\",\"item\":\"https:\/\/rst-steel.com\/shop\/\"},{\"@type\":\"ListItem\",\"position\":3,\"name\":\"Fox Parts Sun Visor Scania NG \u2013 Straight 34cm\"}]},{\"@type\":\"WebSite\",\"@id\":\"https:\/\/rst-steel.com\/#website\",\"url\":\"https:\/\/rst-steel.com\/\",\"name\":\"RST-Steel.com\",\"description\":\"Finnish quality steel, for quality-conscious drivers\",\"publisher\":{\"@id\":\"https:\/\/rst-steel.com\/#organization\"},\"alternateName\":\"Safe and stylish RST-Steel quality\",\"potentialAction\":[{\"@type\":\"SearchAction\",\"target\":{\"@type\":\"EntryPoint\",\"urlTemplate\":\"https:\/\/rst-steel.com\/?s={search_term_string}\"},\"query-input\":{\"@type\":\"PropertyValueSpecification\",\"valueRequired\":true,\"valueName\":\"search_term_string\"}}],\"inLanguage\":\"sv-SE\"},{\"@type\":\"Organization\",\"@id\":\"https:\/\/rst-steel.com\/#organization\",\"name\":\"RST-Steel Oy\",\"url\":\"https:\/\/rst-steel.com\/\",\"logo\":{\"@type\":\"ImageObject\",\"inLanguage\":\"sv-SE\",\"@id\":\"https:\/\/rst-steel.com\/#\/schema\/logo\/image\/\",\"url\":\"https:\/\/rst-steel.com\/wp-content\/uploads\/2023\/04\/cropped-Rst-logo-valkoinen-teksti-3.png\",\"contentUrl\":\"https:\/\/rst-steel.com\/wp-content\/uploads\/2023\/04\/cropped-Rst-logo-valkoinen-teksti-3.png\",\"width\":512,\"height\":115,\"caption\":\"RST-Steel Oy\"},\"image\":{\"@id\":\"https:\/\/rst-steel.com\/#\/schema\/logo\/image\/\"},\"sameAs\":[\"https:\/\/www.facebook.com\/rststeel\",\"https:\/\/www.instagram.com\/rststeeloy\/\"]}]}<\/script>\n<!-- \/ Yoast SEO plugin. -->","yoast_head_json":{"title":"Fox Parts Sun Visor Scania NG \u2013 Straight 34cm - RST-Steel","description":"Fox Parts sun visor Scania NG straight 34\u202fcm. Durable, high-quality accessory that improves driver comfort by reducing glare and enhancing visibility.","robots":{"index":"index","follow":"follow","max-snippet":"max-snippet:-1","max-image-preview":"max-image-preview:large","max-video-preview":"max-video-preview:-1"},"canonical":"https:\/\/rst-steel.com\/sv\/produkt\/fox-parts-sun-visor-scania-ng-straight-34cm_prm_79454\/","og_locale":"sv_SE","og_type":"article","og_title":"Fox Parts Sun Visor Scania NG \u2013 Straight 34cm - RST-Steel","og_description":"Fox Parts sun visor Scania NG straight 34\u202fcm. Durable, high-quality accessory that improves driver comfort by reducing glare and enhancing visibility.","og_url":"https:\/\/rst-steel.com\/sv\/produkt\/fox-parts-sun-visor-scania-ng-straight-34cm_prm_79454\/","og_site_name":"RST-Steel","article_publisher":"https:\/\/www.facebook.com\/rststeel","article_modified_time":"2026-03-16T06:20:43+00:00","og_image":[{"width":1000,"height":1000,"url":"https:\/\/rst-steel.com\/wp-content\/uploads\/2026\/02\/de5befd0587055f3ad43f48f387c1544e914b661_391c4ced6c180acf69834f1943228520d94bf2f3_Fox_Parts_Aurinkolippa_Scania_NG___1.jpg","type":"image\/jpeg"}],"twitter_card":"summary_large_image","twitter_misc":{"Ber\u00e4knad l\u00e4stid":"2 minuter"},"schema":{"@context":"https:\/\/schema.org","@graph":[{"@type":"WebPage","@id":"https:\/\/rst-steel.com\/product\/fox-parts-sun-visor-scania-ng-straight-34cm_prm_79454\/","url":"https:\/\/rst-steel.com\/product\/fox-parts-sun-visor-scania-ng-straight-34cm_prm_79454\/","name":"Fox Parts Sun Visor Scania NG \u2013 Straight 34cm - RST-Steel","isPartOf":{"@id":"https:\/\/rst-steel.com\/#website"},"primaryImageOfPage":{"@id":"https:\/\/rst-steel.com\/product\/fox-parts-sun-visor-scania-ng-straight-34cm_prm_79454\/#primaryimage"},"image":{"@id":"https:\/\/rst-steel.com\/product\/fox-parts-sun-visor-scania-ng-straight-34cm_prm_79454\/#primaryimage"},"thumbnailUrl":"https:\/\/rst-steel.com\/wp-content\/uploads\/2026\/02\/de5befd0587055f3ad43f48f387c1544e914b661_391c4ced6c180acf69834f1943228520d94bf2f3_Fox_Parts_Aurinkolippa_Scania_NG___1.jpg","datePublished":"2026-02-25T13:49:13+00:00","dateModified":"2026-03-16T06:20:43+00:00","description":"Fox Parts sun visor Scania NG straight 34\u202fcm. Durable, high-quality accessory that improves driver comfort by reducing glare and enhancing visibility.","breadcrumb":{"@id":"https:\/\/rst-steel.com\/product\/fox-parts-sun-visor-scania-ng-straight-34cm_prm_79454\/#breadcrumb"},"inLanguage":"sv-SE","potentialAction":[{"@type":"ReadAction","target":["https:\/\/rst-steel.com\/product\/fox-parts-sun-visor-scania-ng-straight-34cm_prm_79454\/"]}]},{"@type":"ImageObject","inLanguage":"sv-SE","@id":"https:\/\/rst-steel.com\/product\/fox-parts-sun-visor-scania-ng-straight-34cm_prm_79454\/#primaryimage","url":"https:\/\/rst-steel.com\/wp-content\/uploads\/2026\/02\/de5befd0587055f3ad43f48f387c1544e914b661_391c4ced6c180acf69834f1943228520d94bf2f3_Fox_Parts_Aurinkolippa_Scania_NG___1.jpg","contentUrl":"https:\/\/rst-steel.com\/wp-content\/uploads\/2026\/02\/de5befd0587055f3ad43f48f387c1544e914b661_391c4ced6c180acf69834f1943228520d94bf2f3_Fox_Parts_Aurinkolippa_Scania_NG___1.jpg","width":1000,"height":1000,"caption":"Fox Parts Sun Visor Scania NG \u2013 Straight 34cm"},{"@type":"BreadcrumbList","@id":"https:\/\/rst-steel.com\/product\/fox-parts-sun-visor-scania-ng-straight-34cm_prm_79454\/#breadcrumb","itemListElement":[{"@type":"ListItem","position":1,"name":"Home","item":"https:\/\/rst-steel.com\/"},{"@type":"ListItem","position":2,"name":"RST-Steel Shop","item":"https:\/\/rst-steel.com\/shop\/"},{"@type":"ListItem","position":3,"name":"Fox Parts Sun Visor Scania NG \u2013 Straight 34cm"}]},{"@type":"WebSite","@id":"https:\/\/rst-steel.com\/#website","url":"https:\/\/rst-steel.com\/","name":"RST-Stahl.com","description":"Finskt kvalitetsst\u00e5l, f\u00f6r kvalitetsmedvetna f\u00f6rare","publisher":{"@id":"https:\/\/rst-steel.com\/#organization"},"alternateName":"Safe and stylish RST-Steel quality","potentialAction":[{"@type":"SearchAction","target":{"@type":"EntryPoint","urlTemplate":"https:\/\/rst-steel.com\/?s={search_term_string}"},"query-input":{"@type":"PropertyValueSpecification","valueRequired":true,"valueName":"search_term_string"}}],"inLanguage":"sv-SE"},{"@type":"Organization","@id":"https:\/\/rst-steel.com\/#organization","name":"RST-Steel Oy","url":"https:\/\/rst-steel.com\/","logo":{"@type":"ImageObject","inLanguage":"sv-SE","@id":"https:\/\/rst-steel.com\/#\/schema\/logo\/image\/","url":"https:\/\/rst-steel.com\/wp-content\/uploads\/2023\/04\/cropped-Rst-logo-valkoinen-teksti-3.png","contentUrl":"https:\/\/rst-steel.com\/wp-content\/uploads\/2023\/04\/cropped-Rst-logo-valkoinen-teksti-3.png","width":512,"height":115,"caption":"RST-Steel Oy"},"image":{"@id":"https:\/\/rst-steel.com\/#\/schema\/logo\/image\/"},"sameAs":["https:\/\/www.facebook.com\/rststeel","https:\/\/www.instagram.com\/rststeeloy\/"]}]}},"brands":[{"id":8342,"name":"Fox Parts","slug":"brand_foxparts"}],"_links":{"self":[{"href":"https:\/\/rst-steel.com\/sv\/wp-json\/wp\/v2\/product\/122668","targetHints":{"allow":["GET"]}}],"collection":[{"href":"https:\/\/rst-steel.com\/sv\/wp-json\/wp\/v2\/product"}],"about":[{"href":"https:\/\/rst-steel.com\/sv\/wp-json\/wp\/v2\/types\/product"}],"replies":[{"embeddable":true,"href":"https:\/\/rst-steel.com\/sv\/wp-json\/wp\/v2\/comments?post=122668"}],"version-history":[{"count":0,"href":"https:\/\/rst-steel.com\/sv\/wp-json\/wp\/v2\/product\/122668\/revisions"}],"wp:featuredmedia":[{"embeddable":true,"href":"https:\/\/rst-steel.com\/sv\/wp-json\/wp\/v2\/media\/122664"}],"wp:attachment":[{"href":"https:\/\/rst-steel.com\/sv\/wp-json\/wp\/v2\/media?parent=122668"}],"wp:term":[{"taxonomy":"make_fuel_type","embeddable":true,"href":"https:\/\/rst-steel.com\/sv\/wp-json\/wp\/v2\/make_fuel_type?post=122668"},{"taxonomy":"make_model","embeddable":true,"href":"https:\/\/rst-steel.com\/sv\/wp-json\/wp\/v2\/make_model?post=122668"},{"taxonomy":"make_brand","embeddable":true,"href":"https:\/\/rst-steel.com\/sv\/wp-json\/wp\/v2\/make_brand?post=122668"},{"taxonomy":"make_year","embeddable":true,"href":"https:\/\/rst-steel.com\/sv\/wp-json\/wp\/v2\/make_year?post=122668"},{"taxonomy":"pwb-brand","embeddable":true,"href":"https:\/\/rst-steel.com\/sv\/wp-json\/wp\/v2\/pwb-brand?post=122668"},{"taxonomy":"product_brand","embeddable":true,"href":"https:\/\/rst-steel.com\/sv\/wp-json\/wp\/v2\/product_brand?post=122668"},{"taxonomy":"product_cat","embeddable":true,"href":"https:\/\/rst-steel.com\/sv\/wp-json\/wp\/v2\/product_cat?post=122668"},{"taxonomy":"product_tag","embeddable":true,"href":"https:\/\/rst-steel.com\/sv\/wp-json\/wp\/v2\/product_tag?post=122668"}],"curies":[{"name":"wp","href":"https:\/\/api.w.org\/{rel}","templated":true}]}}