{"id":190434,"date":"2026-03-20T09:48:59","date_gmt":"2026-03-20T07:48:59","guid":{"rendered":"https:\/\/rst-steel.com\/tuote-osasto\/Ei-luokiteltu\/roof-bar-with-side-extensions-mercedes-benz-actros-25m-gigaspace\/"},"modified":"2026-04-27T11:04:35","modified_gmt":"2026-04-27T08:04:35","slug":"roof-bar-with-side-extensions-mercedes-benz-actros-25m-gigaspace","status":"publish","type":"product","link":"https:\/\/rst-steel.com\/sv\/produkt-kategori\/light-bars\/roof-bars-for-trucks\/mercedes-benz-roof-bars\/roof-bar-with-side-extensions-mercedes-benz-actros-25m-gigaspace\/","title":{"rendered":"Roof Bar With Side Extensions Mercedes-Benz Actros 2,5m (GigaSpace)"},"content":{"rendered":"<p>Roof Bar With Side Extensions Mercedes-Benz Actros 2,5m (GigaSpace)<\/p>\n<p>RST-Steel&#8217;s roof bars are high-quality products made of stainless steel.<\/p>\n<p>Gives the car a neat and elegant appearance, it also turns eyes and can arouse iron fever, making you and your company stand out.<\/p>\n<p>The roof bars can be equipped with auxiliary lights and position lights, which improve your visibility in traffic, and at the same time increase safety for yourself and others in traffic.<\/p>\n<p>Bar can be equipped with: 3pcs Lazer Triple-R 1000 or 6pcs 9\u2019\u2019 Lazer Sentinel<\/p>\n<p><span style=\"font-weight: bold;\">Technical information:<\/span><\/p>\n<ul>\n<li>Color: Polished stainless steel or powdercoated with RAL-color code<\/li>\n<li>Pipe diameter: 76 mm<\/li>\n<li>Welded lamp brackets rail<\/li>\n<\/ul>\n<p><span style=\"font-weight: bold;\">Delivery contents:<\/span><\/p>\n<ul>\n<li>Roof bar<\/li>\n<li>Fasteners required for installation<\/li>\n<li>Installation instructions<\/li>\n<\/ul>","protected":false},"excerpt":{"rendered":"<p>Roof Bar With Side Extensions Mercedes-Benz Actros 2,5m (GigaSpace) RST-Steel&#8217;s roof bars are high-quality products made of stainless steel. Gives&#8230;<\/p>","protected":false},"featured_media":190431,"template":"","meta":[],"make_year":[10907],"make_brand":[10927],"make_model":[10959],"make_fuel_type":[],"product_brand":[9443],"product_cat":[10508,10512,10509],"product_tag":[],"class_list":{"0":"post-190434","1":"product","2":"type-product","3":"status-publish","4":"has-post-thumbnail","6":"make_year-trucks","7":"make_brand-mercedes-benz","8":"make_model-actros-mp4-mp5","9":"make_engine-mp4-5-gigaspace-2-5","10":"make_engine-pro-cabin-giga-space","11":"product_brand-brand_rststeel","12":"product_cat-light-bars","13":"product_cat-mercedes-benz-roof-bars","14":"product_cat-roof-bars-for-trucks","15":"product_shipping_class-lightbars","17":"first","18":"onbackorder","19":"taxable","20":"shipping-taxable","21":"purchasable","22":"product-type-variable"},"yoast_head":"<!-- This site is optimized with the Yoast SEO plugin v27.1.1 - https:\/\/yoast.com\/product\/yoast-seo-wordpress\/ -->\n<title>Roof Bar With Side Extensions Mercedes-Benz Actros - RST-Steel<\/title>\n<meta name=\"description\" content=\"Roof Bar With Side Extensions Mercedes-Benz Actros 2,5m, suitable for GigaSpace cab. Chech out the products in our online store!\" \/>\n<meta name=\"robots\" content=\"index, follow, max-snippet:-1, max-image-preview:large, max-video-preview:-1\" \/>\n<link rel=\"canonical\" href=\"https:\/\/rst-steel.com\/sv\/produkt-kategori\/light-bars\/roof-bars-for-trucks\/mercedes-benz-roof-bars\/roof-bar-with-side-extensions-mercedes-benz-actros-25m-gigaspace\/\" \/>\n<meta property=\"og:locale\" content=\"sv_SE\" \/>\n<meta property=\"og:type\" content=\"article\" \/>\n<meta property=\"og:title\" content=\"Roof Bar With Side Extensions Mercedes-Benz Actros - RST-Steel\" \/>\n<meta property=\"og:description\" content=\"Roof Bar With Side Extensions Mercedes-Benz Actros 2,5m, suitable for GigaSpace cab. Chech out the products in our online store!\" \/>\n<meta property=\"og:url\" content=\"https:\/\/rst-steel.com\/sv\/produkt-kategori\/light-bars\/roof-bars-for-trucks\/mercedes-benz-roof-bars\/roof-bar-with-side-extensions-mercedes-benz-actros-25m-gigaspace\/\" \/>\n<meta property=\"og:site_name\" content=\"RST-Steel\" \/>\n<meta property=\"article:modified_time\" content=\"2026-04-27T08:04:35+00:00\" \/>\n<meta property=\"og:image\" content=\"https:\/\/rst-steel.com\/wp-content\/uploads\/2026\/03\/1781198943bddcd963872b0ace012919013b717a_ba76ce6da37ba466ce567e22c4bae514-2.jpg\" \/>\n\t<meta property=\"og:image:width\" content=\"775\" \/>\n\t<meta property=\"og:image:height\" content=\"460\" \/>\n\t<meta property=\"og:image:type\" content=\"image\/jpeg\" \/>\n<meta name=\"twitter:card\" content=\"summary_large_image\" \/>\n<meta name=\"twitter:label1\" content=\"Ber\u00e4knad l\u00e4stid\" \/>\n\t<meta name=\"twitter:data1\" content=\"1 minut\" \/>\n<script type=\"application\/ld+json\" class=\"yoast-schema-graph\">{\"@context\":\"https:\/\/schema.org\",\"@graph\":[{\"@type\":\"WebPage\",\"@id\":\"https:\/\/rst-steel.com\/product-category\/light-bars\/roof-bars-for-trucks\/mercedes-benz-roof-bars\/roof-bar-with-side-extensions-mercedes-benz-actros-25m-gigaspace\/\",\"url\":\"https:\/\/rst-steel.com\/product-category\/light-bars\/roof-bars-for-trucks\/mercedes-benz-roof-bars\/roof-bar-with-side-extensions-mercedes-benz-actros-25m-gigaspace\/\",\"name\":\"Roof Bar With Side Extensions Mercedes-Benz Actros - RST-Steel\",\"isPartOf\":{\"@id\":\"https:\/\/rst-steel.com\/#website\"},\"primaryImageOfPage\":{\"@id\":\"https:\/\/rst-steel.com\/product-category\/light-bars\/roof-bars-for-trucks\/mercedes-benz-roof-bars\/roof-bar-with-side-extensions-mercedes-benz-actros-25m-gigaspace\/#primaryimage\"},\"image\":{\"@id\":\"https:\/\/rst-steel.com\/product-category\/light-bars\/roof-bars-for-trucks\/mercedes-benz-roof-bars\/roof-bar-with-side-extensions-mercedes-benz-actros-25m-gigaspace\/#primaryimage\"},\"thumbnailUrl\":\"https:\/\/rst-steel.com\/wp-content\/uploads\/2026\/03\/1781198943bddcd963872b0ace012919013b717a_ba76ce6da37ba466ce567e22c4bae514-2.jpg\",\"datePublished\":\"2026-03-20T07:48:59+00:00\",\"dateModified\":\"2026-04-27T08:04:35+00:00\",\"description\":\"Roof Bar With Side Extensions Mercedes-Benz Actros 2,5m, suitable for GigaSpace cab. Chech out the products in our online store!\",\"breadcrumb\":{\"@id\":\"https:\/\/rst-steel.com\/product-category\/light-bars\/roof-bars-for-trucks\/mercedes-benz-roof-bars\/roof-bar-with-side-extensions-mercedes-benz-actros-25m-gigaspace\/#breadcrumb\"},\"inLanguage\":\"sv-SE\",\"potentialAction\":[{\"@type\":\"ReadAction\",\"target\":[\"https:\/\/rst-steel.com\/product-category\/light-bars\/roof-bars-for-trucks\/mercedes-benz-roof-bars\/roof-bar-with-side-extensions-mercedes-benz-actros-25m-gigaspace\/\"]}]},{\"@type\":\"ImageObject\",\"inLanguage\":\"sv-SE\",\"@id\":\"https:\/\/rst-steel.com\/product-category\/light-bars\/roof-bars-for-trucks\/mercedes-benz-roof-bars\/roof-bar-with-side-extensions-mercedes-benz-actros-25m-gigaspace\/#primaryimage\",\"url\":\"https:\/\/rst-steel.com\/wp-content\/uploads\/2026\/03\/1781198943bddcd963872b0ace012919013b717a_ba76ce6da37ba466ce567e22c4bae514-2.jpg\",\"contentUrl\":\"https:\/\/rst-steel.com\/wp-content\/uploads\/2026\/03\/1781198943bddcd963872b0ace012919013b717a_ba76ce6da37ba466ce567e22c4bae514-2.jpg\",\"width\":775,\"height\":460,\"caption\":\"Roof Bar With Side Extensions Mercedes-Benz Actros 2,5m (GigaSpace)\"},{\"@type\":\"BreadcrumbList\",\"@id\":\"https:\/\/rst-steel.com\/product-category\/light-bars\/roof-bars-for-trucks\/mercedes-benz-roof-bars\/roof-bar-with-side-extensions-mercedes-benz-actros-25m-gigaspace\/#breadcrumb\",\"itemListElement\":[{\"@type\":\"ListItem\",\"position\":1,\"name\":\"Home\",\"item\":\"https:\/\/rst-steel.com\/\"},{\"@type\":\"ListItem\",\"position\":2,\"name\":\"RST-Steel Verkkokauppa\",\"item\":\"https:\/\/rst-steel.com\/shop\/\"},{\"@type\":\"ListItem\",\"position\":3,\"name\":\"Roof Bar With Side Extensions Mercedes-Benz Actros 2,5m (GigaSpace)\"}]},{\"@type\":\"WebSite\",\"@id\":\"https:\/\/rst-steel.com\/#website\",\"url\":\"https:\/\/rst-steel.com\/\",\"name\":\"RST-Steel Oy - Turvallista, tyylik\u00e4st\u00e4, ter\u00e4st\u00e4\",\"description\":\"Finnish quality for discerning drivers\",\"publisher\":{\"@id\":\"https:\/\/rst-steel.com\/#organization\"},\"potentialAction\":[{\"@type\":\"SearchAction\",\"target\":{\"@type\":\"EntryPoint\",\"urlTemplate\":\"https:\/\/rst-steel.com\/?s={search_term_string}\"},\"query-input\":{\"@type\":\"PropertyValueSpecification\",\"valueRequired\":true,\"valueName\":\"search_term_string\"}}],\"inLanguage\":\"sv-SE\"},{\"@type\":\"Organization\",\"@id\":\"https:\/\/rst-steel.com\/#organization\",\"name\":\"RST-Steel Oy\",\"alternateName\":\"RST-Steel Oy - Turvallista, tyylik\u00e4st\u00e4, ter\u00e4st\u00e4\",\"url\":\"https:\/\/rst-steel.com\/\",\"logo\":{\"@type\":\"ImageObject\",\"inLanguage\":\"sv-SE\",\"@id\":\"https:\/\/rst-steel.com\/#\/schema\/logo\/image\/\",\"url\":\"https:\/\/rst-steel.com\/wp-content\/uploads\/2025\/02\/cropped-rst-valkoinen-ilman-taustaa-02.png\",\"contentUrl\":\"https:\/\/rst-steel.com\/wp-content\/uploads\/2025\/02\/cropped-rst-valkoinen-ilman-taustaa-02.png\",\"width\":2319,\"height\":690,\"caption\":\"RST-Steel Oy\"},\"image\":{\"@id\":\"https:\/\/rst-steel.com\/#\/schema\/logo\/image\/\"}}]}<\/script>\n<!-- \/ Yoast SEO plugin. -->","yoast_head_json":{"title":"Roof Bar With Side Extensions Mercedes-Benz Actros - RST-Steel","description":"Roof Bar With Side Extensions Mercedes-Benz Actros 2,5m, suitable for GigaSpace cab. Chech out the products in our online store!","robots":{"index":"index","follow":"follow","max-snippet":"max-snippet:-1","max-image-preview":"max-image-preview:large","max-video-preview":"max-video-preview:-1"},"canonical":"https:\/\/rst-steel.com\/sv\/produkt-kategori\/light-bars\/roof-bars-for-trucks\/mercedes-benz-roof-bars\/roof-bar-with-side-extensions-mercedes-benz-actros-25m-gigaspace\/","og_locale":"sv_SE","og_type":"article","og_title":"Roof Bar With Side Extensions Mercedes-Benz Actros - RST-Steel","og_description":"Roof Bar With Side Extensions Mercedes-Benz Actros 2,5m, suitable for GigaSpace cab. Chech out the products in our online store!","og_url":"https:\/\/rst-steel.com\/sv\/produkt-kategori\/light-bars\/roof-bars-for-trucks\/mercedes-benz-roof-bars\/roof-bar-with-side-extensions-mercedes-benz-actros-25m-gigaspace\/","og_site_name":"RST-Steel","article_modified_time":"2026-04-27T08:04:35+00:00","og_image":[{"width":775,"height":460,"url":"https:\/\/rst-steel.com\/wp-content\/uploads\/2026\/03\/1781198943bddcd963872b0ace012919013b717a_ba76ce6da37ba466ce567e22c4bae514-2.jpg","type":"image\/jpeg"}],"twitter_card":"summary_large_image","twitter_misc":{"Ber\u00e4knad l\u00e4stid":"1 minut"},"schema":{"@context":"https:\/\/schema.org","@graph":[{"@type":"WebPage","@id":"https:\/\/rst-steel.com\/product-category\/light-bars\/roof-bars-for-trucks\/mercedes-benz-roof-bars\/roof-bar-with-side-extensions-mercedes-benz-actros-25m-gigaspace\/","url":"https:\/\/rst-steel.com\/product-category\/light-bars\/roof-bars-for-trucks\/mercedes-benz-roof-bars\/roof-bar-with-side-extensions-mercedes-benz-actros-25m-gigaspace\/","name":"Roof Bar With Side Extensions Mercedes-Benz Actros - RST-Steel","isPartOf":{"@id":"https:\/\/rst-steel.com\/#website"},"primaryImageOfPage":{"@id":"https:\/\/rst-steel.com\/product-category\/light-bars\/roof-bars-for-trucks\/mercedes-benz-roof-bars\/roof-bar-with-side-extensions-mercedes-benz-actros-25m-gigaspace\/#primaryimage"},"image":{"@id":"https:\/\/rst-steel.com\/product-category\/light-bars\/roof-bars-for-trucks\/mercedes-benz-roof-bars\/roof-bar-with-side-extensions-mercedes-benz-actros-25m-gigaspace\/#primaryimage"},"thumbnailUrl":"https:\/\/rst-steel.com\/wp-content\/uploads\/2026\/03\/1781198943bddcd963872b0ace012919013b717a_ba76ce6da37ba466ce567e22c4bae514-2.jpg","datePublished":"2026-03-20T07:48:59+00:00","dateModified":"2026-04-27T08:04:35+00:00","description":"Roof Bar With Side Extensions Mercedes-Benz Actros 2,5m, suitable for GigaSpace cab. Chech out the products in our online store!","breadcrumb":{"@id":"https:\/\/rst-steel.com\/product-category\/light-bars\/roof-bars-for-trucks\/mercedes-benz-roof-bars\/roof-bar-with-side-extensions-mercedes-benz-actros-25m-gigaspace\/#breadcrumb"},"inLanguage":"sv-SE","potentialAction":[{"@type":"ReadAction","target":["https:\/\/rst-steel.com\/product-category\/light-bars\/roof-bars-for-trucks\/mercedes-benz-roof-bars\/roof-bar-with-side-extensions-mercedes-benz-actros-25m-gigaspace\/"]}]},{"@type":"ImageObject","inLanguage":"sv-SE","@id":"https:\/\/rst-steel.com\/product-category\/light-bars\/roof-bars-for-trucks\/mercedes-benz-roof-bars\/roof-bar-with-side-extensions-mercedes-benz-actros-25m-gigaspace\/#primaryimage","url":"https:\/\/rst-steel.com\/wp-content\/uploads\/2026\/03\/1781198943bddcd963872b0ace012919013b717a_ba76ce6da37ba466ce567e22c4bae514-2.jpg","contentUrl":"https:\/\/rst-steel.com\/wp-content\/uploads\/2026\/03\/1781198943bddcd963872b0ace012919013b717a_ba76ce6da37ba466ce567e22c4bae514-2.jpg","width":775,"height":460,"caption":"Roof Bar With Side Extensions Mercedes-Benz Actros 2,5m (GigaSpace)"},{"@type":"BreadcrumbList","@id":"https:\/\/rst-steel.com\/product-category\/light-bars\/roof-bars-for-trucks\/mercedes-benz-roof-bars\/roof-bar-with-side-extensions-mercedes-benz-actros-25m-gigaspace\/#breadcrumb","itemListElement":[{"@type":"ListItem","position":1,"name":"Home","item":"https:\/\/rst-steel.com\/"},{"@type":"ListItem","position":2,"name":"RST-Steel Verkkokauppa","item":"https:\/\/rst-steel.com\/shop\/"},{"@type":"ListItem","position":3,"name":"Roof Bar With Side Extensions Mercedes-Benz Actros 2,5m (GigaSpace)"}]},{"@type":"WebSite","@id":"https:\/\/rst-steel.com\/#website","url":"https:\/\/rst-steel.com\/","name":"RST-Steel Oy - Turvallista, tyylik\u00e4st\u00e4, ter\u00e4st\u00e4","description":"Finsk kvalitet f\u00f6r kvalitetsmedvetna f\u00f6rare","publisher":{"@id":"https:\/\/rst-steel.com\/#organization"},"potentialAction":[{"@type":"SearchAction","target":{"@type":"EntryPoint","urlTemplate":"https:\/\/rst-steel.com\/?s={search_term_string}"},"query-input":{"@type":"PropertyValueSpecification","valueRequired":true,"valueName":"search_term_string"}}],"inLanguage":"sv-SE"},{"@type":"Organization","@id":"https:\/\/rst-steel.com\/#organization","name":"RST-Steel Oy","alternateName":"RST-Steel Oy - Turvallista, tyylik\u00e4st\u00e4, ter\u00e4st\u00e4","url":"https:\/\/rst-steel.com\/","logo":{"@type":"ImageObject","inLanguage":"sv-SE","@id":"https:\/\/rst-steel.com\/#\/schema\/logo\/image\/","url":"https:\/\/rst-steel.com\/wp-content\/uploads\/2025\/02\/cropped-rst-valkoinen-ilman-taustaa-02.png","contentUrl":"https:\/\/rst-steel.com\/wp-content\/uploads\/2025\/02\/cropped-rst-valkoinen-ilman-taustaa-02.png","width":2319,"height":690,"caption":"RST-Steel Oy"},"image":{"@id":"https:\/\/rst-steel.com\/#\/schema\/logo\/image\/"}}]}},"_links":{"self":[{"href":"https:\/\/rst-steel.com\/sv\/wp-json\/wp\/v2\/product\/190434","targetHints":{"allow":["GET"]}}],"collection":[{"href":"https:\/\/rst-steel.com\/sv\/wp-json\/wp\/v2\/product"}],"about":[{"href":"https:\/\/rst-steel.com\/sv\/wp-json\/wp\/v2\/types\/product"}],"version-history":[{"count":3,"href":"https:\/\/rst-steel.com\/sv\/wp-json\/wp\/v2\/product\/190434\/revisions"}],"predecessor-version":[{"id":201600,"href":"https:\/\/rst-steel.com\/sv\/wp-json\/wp\/v2\/product\/190434\/revisions\/201600"}],"wp:featuredmedia":[{"embeddable":true,"href":"https:\/\/rst-steel.com\/sv\/wp-json\/wp\/v2\/media\/190431"}],"wp:attachment":[{"href":"https:\/\/rst-steel.com\/sv\/wp-json\/wp\/v2\/media?parent=190434"}],"wp:term":[{"taxonomy":"make_year","embeddable":true,"href":"https:\/\/rst-steel.com\/sv\/wp-json\/wp\/v2\/make_year?post=190434"},{"taxonomy":"make_brand","embeddable":true,"href":"https:\/\/rst-steel.com\/sv\/wp-json\/wp\/v2\/make_brand?post=190434"},{"taxonomy":"make_model","embeddable":true,"href":"https:\/\/rst-steel.com\/sv\/wp-json\/wp\/v2\/make_model?post=190434"},{"taxonomy":"make_fuel_type","embeddable":true,"href":"https:\/\/rst-steel.com\/sv\/wp-json\/wp\/v2\/make_fuel_type?post=190434"},{"taxonomy":"product_brand","embeddable":true,"href":"https:\/\/rst-steel.com\/sv\/wp-json\/wp\/v2\/product_brand?post=190434"},{"taxonomy":"product_cat","embeddable":true,"href":"https:\/\/rst-steel.com\/sv\/wp-json\/wp\/v2\/product_cat?post=190434"},{"taxonomy":"product_tag","embeddable":true,"href":"https:\/\/rst-steel.com\/sv\/wp-json\/wp\/v2\/product_tag?post=190434"}],"curies":[{"name":"wp","href":"https:\/\/api.w.org\/{rel}","templated":true}]}}