{"id":190613,"date":"2026-03-20T09:52:26","date_gmt":"2026-03-20T07:52:26","guid":{"rendered":"https:\/\/rst-steel.com\/tuote-osasto\/Ei-luokiteltu\/rear-bar-komatsu-pc228uslc\/"},"modified":"2026-04-17T08:59:42","modified_gmt":"2026-04-17T05:59:42","slug":"rear-bar-komatsu-pc228uslc","status":"publish","type":"product","link":"https:\/\/rst-steel.com\/sv\/produkt-kategori\/light-bars\/rear-bars-for-excavators\/rear-bar-komatsu-pc228uslc\/","title":{"rendered":"Rear Bar komatsu PC228USLC"},"content":{"rendered":"<p>Rear Bar komatsu PC228USLC<\/p>\n<p>RST-Steel&#8217;s light brackets are high-quality Key Flag products made from stainless steel.<\/p>\n<p>The light bracket is a stylish accessory that allows you to mount lights easily and securely. It can also be equipped with position lights, further enhancing visibility in traffic.<\/p>\n<p><span style=\"font-weight: bold\">Technical information:<\/span><\/p>\n<ul>\n<li>Color: Polished stainless steel or painting with RAL colors<\/li>\n<li>Pipe diameter: 60mm\n<p><span style=\"font-weight: bold\">Includes:<\/span><\/li>\n<li>Rear bar<\/li>\n<li>Fasteners required for installation<\/li>\n<\/ul>\n<p>\u2022 Installation instructions<\/p>","protected":false},"excerpt":{"rendered":"<p>Rear Bar komatsu PC228USLC RST-Steel&#8217;s light brackets are high-quality Key Flag products made from stainless steel. The light bracket is&#8230;<\/p>","protected":false},"featured_media":190612,"template":"","meta":[],"make_year":[10909],"make_brand":[10924],"make_model":[],"make_fuel_type":[],"product_brand":[9443],"product_cat":[10562,10508],"product_tag":[],"class_list":{"0":"post-190613","1":"product","2":"type-product","3":"status-publish","4":"has-post-thumbnail","6":"make_year-workmachines","7":"make_brand-komatsuexcavator","8":"product_brand-brand_rststeel","9":"product_cat-rear-bars-for-excavators","10":"product_cat-light-bars","11":"product_shipping_class-lightbars","13":"first","14":"onbackorder","15":"taxable","16":"shipping-taxable","17":"purchasable","18":"product-type-variable"},"yoast_head":"<!-- This site is optimized with the Yoast SEO plugin v27.1.1 - https:\/\/yoast.com\/product\/yoast-seo-wordpress\/ -->\n<title>Rear Bar komatsu PC228USLC<\/title>\n<meta name=\"description\" content=\"Heavy-duty Counterweight Bar komatsu PC228USLC. Shields the counterweight from impact and wear, enhancing safety on tough job sites. Easy to install\" \/>\n<meta name=\"robots\" content=\"index, follow, max-snippet:-1, max-image-preview:large, max-video-preview:-1\" \/>\n<link rel=\"canonical\" href=\"https:\/\/rst-steel.com\/sv\/produkt-kategori\/light-bars\/rear-bars-for-excavators\/rear-bar-komatsu-pc228uslc\/\" \/>\n<meta property=\"og:locale\" content=\"sv_SE\" \/>\n<meta property=\"og:type\" content=\"article\" \/>\n<meta property=\"og:title\" content=\"Rear Bar komatsu PC228USLC\" \/>\n<meta property=\"og:description\" content=\"Heavy-duty Counterweight Bar komatsu PC228USLC. Shields the counterweight from impact and wear, enhancing safety on tough job sites. Easy to install\" \/>\n<meta property=\"og:url\" content=\"https:\/\/rst-steel.com\/sv\/produkt-kategori\/light-bars\/rear-bars-for-excavators\/rear-bar-komatsu-pc228uslc\/\" \/>\n<meta property=\"og:site_name\" content=\"RST-Steel\" \/>\n<meta property=\"article:modified_time\" content=\"2026-04-17T05:59:42+00:00\" \/>\n<meta property=\"og:image\" content=\"https:\/\/rst-steel.com\/wp-content\/uploads\/2026\/03\/ec720df9a2e8b917840d57d608dff70c5fbe41dc_8ca7331fe97061b57847748927837d7d.png\" \/>\n\t<meta property=\"og:image:width\" content=\"1091\" \/>\n\t<meta property=\"og:image:height\" content=\"858\" \/>\n\t<meta property=\"og:image:type\" content=\"image\/png\" \/>\n<meta name=\"twitter:card\" content=\"summary_large_image\" \/>\n<meta name=\"twitter:label1\" content=\"Ber\u00e4knad l\u00e4stid\" \/>\n\t<meta name=\"twitter:data1\" content=\"1 minut\" \/>\n<script type=\"application\/ld+json\" class=\"yoast-schema-graph\">{\"@context\":\"https:\/\/schema.org\",\"@graph\":[{\"@type\":\"WebPage\",\"@id\":\"https:\/\/rst-steel.com\/product-category\/light-bars\/rear-bars-for-excavators\/rear-bar-komatsu-pc228uslc\/\",\"url\":\"https:\/\/rst-steel.com\/product-category\/light-bars\/rear-bars-for-excavators\/rear-bar-komatsu-pc228uslc\/\",\"name\":\"Rear Bar komatsu PC228USLC\",\"isPartOf\":{\"@id\":\"https:\/\/rst-steel.com\/#website\"},\"primaryImageOfPage\":{\"@id\":\"https:\/\/rst-steel.com\/product-category\/light-bars\/rear-bars-for-excavators\/rear-bar-komatsu-pc228uslc\/#primaryimage\"},\"image\":{\"@id\":\"https:\/\/rst-steel.com\/product-category\/light-bars\/rear-bars-for-excavators\/rear-bar-komatsu-pc228uslc\/#primaryimage\"},\"thumbnailUrl\":\"https:\/\/rst-steel.com\/wp-content\/uploads\/2026\/03\/ec720df9a2e8b917840d57d608dff70c5fbe41dc_8ca7331fe97061b57847748927837d7d.png\",\"datePublished\":\"2026-03-20T07:52:26+00:00\",\"dateModified\":\"2026-04-17T05:59:42+00:00\",\"description\":\"Heavy-duty Counterweight Bar komatsu PC228USLC. Shields the counterweight from impact and wear, enhancing safety on tough job sites. Easy to install\",\"breadcrumb\":{\"@id\":\"https:\/\/rst-steel.com\/product-category\/light-bars\/rear-bars-for-excavators\/rear-bar-komatsu-pc228uslc\/#breadcrumb\"},\"inLanguage\":\"sv-SE\",\"potentialAction\":[{\"@type\":\"ReadAction\",\"target\":[\"https:\/\/rst-steel.com\/product-category\/light-bars\/rear-bars-for-excavators\/rear-bar-komatsu-pc228uslc\/\"]}]},{\"@type\":\"ImageObject\",\"inLanguage\":\"sv-SE\",\"@id\":\"https:\/\/rst-steel.com\/product-category\/light-bars\/rear-bars-for-excavators\/rear-bar-komatsu-pc228uslc\/#primaryimage\",\"url\":\"https:\/\/rst-steel.com\/wp-content\/uploads\/2026\/03\/ec720df9a2e8b917840d57d608dff70c5fbe41dc_8ca7331fe97061b57847748927837d7d.png\",\"contentUrl\":\"https:\/\/rst-steel.com\/wp-content\/uploads\/2026\/03\/ec720df9a2e8b917840d57d608dff70c5fbe41dc_8ca7331fe97061b57847748927837d7d.png\",\"width\":1091,\"height\":858,\"caption\":\"prm_63888\"},{\"@type\":\"BreadcrumbList\",\"@id\":\"https:\/\/rst-steel.com\/product-category\/light-bars\/rear-bars-for-excavators\/rear-bar-komatsu-pc228uslc\/#breadcrumb\",\"itemListElement\":[{\"@type\":\"ListItem\",\"position\":1,\"name\":\"Home\",\"item\":\"https:\/\/rst-steel.com\/\"},{\"@type\":\"ListItem\",\"position\":2,\"name\":\"RST-Steel Verkkokauppa\",\"item\":\"https:\/\/rst-steel.com\/shop\/\"},{\"@type\":\"ListItem\",\"position\":3,\"name\":\"Rear Bar komatsu PC228USLC\"}]},{\"@type\":\"WebSite\",\"@id\":\"https:\/\/rst-steel.com\/#website\",\"url\":\"https:\/\/rst-steel.com\/\",\"name\":\"RST-Steel Oy - Turvallista, tyylik\u00e4st\u00e4, ter\u00e4st\u00e4\",\"description\":\"Finnish quality for discerning drivers\",\"publisher\":{\"@id\":\"https:\/\/rst-steel.com\/#organization\"},\"potentialAction\":[{\"@type\":\"SearchAction\",\"target\":{\"@type\":\"EntryPoint\",\"urlTemplate\":\"https:\/\/rst-steel.com\/?s={search_term_string}\"},\"query-input\":{\"@type\":\"PropertyValueSpecification\",\"valueRequired\":true,\"valueName\":\"search_term_string\"}}],\"inLanguage\":\"sv-SE\"},{\"@type\":\"Organization\",\"@id\":\"https:\/\/rst-steel.com\/#organization\",\"name\":\"RST-Steel Oy\",\"alternateName\":\"RST-Steel Oy - Turvallista, tyylik\u00e4st\u00e4, ter\u00e4st\u00e4\",\"url\":\"https:\/\/rst-steel.com\/\",\"logo\":{\"@type\":\"ImageObject\",\"inLanguage\":\"sv-SE\",\"@id\":\"https:\/\/rst-steel.com\/#\/schema\/logo\/image\/\",\"url\":\"https:\/\/rst-steel.com\/wp-content\/uploads\/2025\/02\/cropped-rst-valkoinen-ilman-taustaa-02.png\",\"contentUrl\":\"https:\/\/rst-steel.com\/wp-content\/uploads\/2025\/02\/cropped-rst-valkoinen-ilman-taustaa-02.png\",\"width\":2319,\"height\":690,\"caption\":\"RST-Steel Oy\"},\"image\":{\"@id\":\"https:\/\/rst-steel.com\/#\/schema\/logo\/image\/\"}}]}<\/script>\n<!-- \/ Yoast SEO plugin. -->","yoast_head_json":{"title":"Rear Bar komatsu PC228USLC","description":"Heavy-duty Counterweight Bar komatsu PC228USLC. Shields the counterweight from impact and wear, enhancing safety on tough job sites. Easy to install","robots":{"index":"index","follow":"follow","max-snippet":"max-snippet:-1","max-image-preview":"max-image-preview:large","max-video-preview":"max-video-preview:-1"},"canonical":"https:\/\/rst-steel.com\/sv\/produkt-kategori\/light-bars\/rear-bars-for-excavators\/rear-bar-komatsu-pc228uslc\/","og_locale":"sv_SE","og_type":"article","og_title":"Rear Bar komatsu PC228USLC","og_description":"Heavy-duty Counterweight Bar komatsu PC228USLC. Shields the counterweight from impact and wear, enhancing safety on tough job sites. Easy to install","og_url":"https:\/\/rst-steel.com\/sv\/produkt-kategori\/light-bars\/rear-bars-for-excavators\/rear-bar-komatsu-pc228uslc\/","og_site_name":"RST-Steel","article_modified_time":"2026-04-17T05:59:42+00:00","og_image":[{"width":1091,"height":858,"url":"https:\/\/rst-steel.com\/wp-content\/uploads\/2026\/03\/ec720df9a2e8b917840d57d608dff70c5fbe41dc_8ca7331fe97061b57847748927837d7d.png","type":"image\/png"}],"twitter_card":"summary_large_image","twitter_misc":{"Ber\u00e4knad l\u00e4stid":"1 minut"},"schema":{"@context":"https:\/\/schema.org","@graph":[{"@type":"WebPage","@id":"https:\/\/rst-steel.com\/product-category\/light-bars\/rear-bars-for-excavators\/rear-bar-komatsu-pc228uslc\/","url":"https:\/\/rst-steel.com\/product-category\/light-bars\/rear-bars-for-excavators\/rear-bar-komatsu-pc228uslc\/","name":"Rear Bar komatsu PC228USLC","isPartOf":{"@id":"https:\/\/rst-steel.com\/#website"},"primaryImageOfPage":{"@id":"https:\/\/rst-steel.com\/product-category\/light-bars\/rear-bars-for-excavators\/rear-bar-komatsu-pc228uslc\/#primaryimage"},"image":{"@id":"https:\/\/rst-steel.com\/product-category\/light-bars\/rear-bars-for-excavators\/rear-bar-komatsu-pc228uslc\/#primaryimage"},"thumbnailUrl":"https:\/\/rst-steel.com\/wp-content\/uploads\/2026\/03\/ec720df9a2e8b917840d57d608dff70c5fbe41dc_8ca7331fe97061b57847748927837d7d.png","datePublished":"2026-03-20T07:52:26+00:00","dateModified":"2026-04-17T05:59:42+00:00","description":"Heavy-duty Counterweight Bar komatsu PC228USLC. Shields the counterweight from impact and wear, enhancing safety on tough job sites. Easy to install","breadcrumb":{"@id":"https:\/\/rst-steel.com\/product-category\/light-bars\/rear-bars-for-excavators\/rear-bar-komatsu-pc228uslc\/#breadcrumb"},"inLanguage":"sv-SE","potentialAction":[{"@type":"ReadAction","target":["https:\/\/rst-steel.com\/product-category\/light-bars\/rear-bars-for-excavators\/rear-bar-komatsu-pc228uslc\/"]}]},{"@type":"ImageObject","inLanguage":"sv-SE","@id":"https:\/\/rst-steel.com\/product-category\/light-bars\/rear-bars-for-excavators\/rear-bar-komatsu-pc228uslc\/#primaryimage","url":"https:\/\/rst-steel.com\/wp-content\/uploads\/2026\/03\/ec720df9a2e8b917840d57d608dff70c5fbe41dc_8ca7331fe97061b57847748927837d7d.png","contentUrl":"https:\/\/rst-steel.com\/wp-content\/uploads\/2026\/03\/ec720df9a2e8b917840d57d608dff70c5fbe41dc_8ca7331fe97061b57847748927837d7d.png","width":1091,"height":858,"caption":"prm_63888"},{"@type":"BreadcrumbList","@id":"https:\/\/rst-steel.com\/product-category\/light-bars\/rear-bars-for-excavators\/rear-bar-komatsu-pc228uslc\/#breadcrumb","itemListElement":[{"@type":"ListItem","position":1,"name":"Home","item":"https:\/\/rst-steel.com\/"},{"@type":"ListItem","position":2,"name":"RST-Steel Verkkokauppa","item":"https:\/\/rst-steel.com\/shop\/"},{"@type":"ListItem","position":3,"name":"Rear Bar komatsu PC228USLC"}]},{"@type":"WebSite","@id":"https:\/\/rst-steel.com\/#website","url":"https:\/\/rst-steel.com\/","name":"RST-Steel Oy - Turvallista, tyylik\u00e4st\u00e4, ter\u00e4st\u00e4","description":"Finsk kvalitet f\u00f6r kvalitetsmedvetna f\u00f6rare","publisher":{"@id":"https:\/\/rst-steel.com\/#organization"},"potentialAction":[{"@type":"SearchAction","target":{"@type":"EntryPoint","urlTemplate":"https:\/\/rst-steel.com\/?s={search_term_string}"},"query-input":{"@type":"PropertyValueSpecification","valueRequired":true,"valueName":"search_term_string"}}],"inLanguage":"sv-SE"},{"@type":"Organization","@id":"https:\/\/rst-steel.com\/#organization","name":"RST-Steel Oy","alternateName":"RST-Steel Oy - Turvallista, tyylik\u00e4st\u00e4, ter\u00e4st\u00e4","url":"https:\/\/rst-steel.com\/","logo":{"@type":"ImageObject","inLanguage":"sv-SE","@id":"https:\/\/rst-steel.com\/#\/schema\/logo\/image\/","url":"https:\/\/rst-steel.com\/wp-content\/uploads\/2025\/02\/cropped-rst-valkoinen-ilman-taustaa-02.png","contentUrl":"https:\/\/rst-steel.com\/wp-content\/uploads\/2025\/02\/cropped-rst-valkoinen-ilman-taustaa-02.png","width":2319,"height":690,"caption":"RST-Steel Oy"},"image":{"@id":"https:\/\/rst-steel.com\/#\/schema\/logo\/image\/"}}]}},"_links":{"self":[{"href":"https:\/\/rst-steel.com\/sv\/wp-json\/wp\/v2\/product\/190613","targetHints":{"allow":["GET"]}}],"collection":[{"href":"https:\/\/rst-steel.com\/sv\/wp-json\/wp\/v2\/product"}],"about":[{"href":"https:\/\/rst-steel.com\/sv\/wp-json\/wp\/v2\/types\/product"}],"version-history":[{"count":1,"href":"https:\/\/rst-steel.com\/sv\/wp-json\/wp\/v2\/product\/190613\/revisions"}],"predecessor-version":[{"id":199092,"href":"https:\/\/rst-steel.com\/sv\/wp-json\/wp\/v2\/product\/190613\/revisions\/199092"}],"wp:featuredmedia":[{"embeddable":true,"href":"https:\/\/rst-steel.com\/sv\/wp-json\/wp\/v2\/media\/190612"}],"wp:attachment":[{"href":"https:\/\/rst-steel.com\/sv\/wp-json\/wp\/v2\/media?parent=190613"}],"wp:term":[{"taxonomy":"make_year","embeddable":true,"href":"https:\/\/rst-steel.com\/sv\/wp-json\/wp\/v2\/make_year?post=190613"},{"taxonomy":"make_brand","embeddable":true,"href":"https:\/\/rst-steel.com\/sv\/wp-json\/wp\/v2\/make_brand?post=190613"},{"taxonomy":"make_model","embeddable":true,"href":"https:\/\/rst-steel.com\/sv\/wp-json\/wp\/v2\/make_model?post=190613"},{"taxonomy":"make_fuel_type","embeddable":true,"href":"https:\/\/rst-steel.com\/sv\/wp-json\/wp\/v2\/make_fuel_type?post=190613"},{"taxonomy":"product_brand","embeddable":true,"href":"https:\/\/rst-steel.com\/sv\/wp-json\/wp\/v2\/product_brand?post=190613"},{"taxonomy":"product_cat","embeddable":true,"href":"https:\/\/rst-steel.com\/sv\/wp-json\/wp\/v2\/product_cat?post=190613"},{"taxonomy":"product_tag","embeddable":true,"href":"https:\/\/rst-steel.com\/sv\/wp-json\/wp\/v2\/product_tag?post=190613"}],"curies":[{"name":"wp","href":"https:\/\/api.w.org\/{rel}","templated":true}]}}