{"id":190708,"date":"2026-03-20T09:54:07","date_gmt":"2026-03-20T07:54:07","guid":{"rendered":"https:\/\/rst-steel.com\/tuote-osasto\/Ei-luokiteltu\/work-light-bar-for-frame-of-air-deflector-volvo-fh-4\/"},"modified":"2026-04-17T08:59:41","modified_gmt":"2026-04-17T05:59:41","slug":"work-light-bar-for-frame-of-air-deflector-volvo-fh-4","status":"publish","type":"product","link":"https:\/\/rst-steel.com\/sv\/produkt-kategori\/light-bars\/work-light-bars-for-trucks\/volvo-work-light-bars\/work-light-bar-for-frame-of-air-deflector-volvo-fh-4\/","title":{"rendered":"Work Light Bar for frame of air deflector Volvo FH 4"},"content":{"rendered":"<p>Work Light Bar for frame of air deflector Volvo FH 4<\/p>\n<p>RST-Steel&#8217;s work light bars are high-quality products made of stainless steel.&nbsp;<\/p>\n<p>The work light bars can be equipped with position lights, which improve your visibility in traffic, and at the same time increase safety for yourself and others in traffic.<\/p>\n<div><\/div>\n<div><\/div>\n<div>\n<div>Technical information:<\/div>\n<div><\/div>\n<div>Color: Polished stainless steel or painting with RAL-basic colors<\/div>\n<div>Pipes diameter: 60 mm<\/div>\n<div><\/div>\n<div><\/div>\n<div><\/div>\n<div>Delivery contents:<\/div>\n<div><\/div>\n<div>Work light bar<\/div>\n<div>Fasteners required for installation<\/div>\n<div>Installation instructions<\/div>\n<\/div>\n<div><\/div>","protected":false},"excerpt":{"rendered":"<p>Work Light Bar for frame of air deflector Volvo FH 4 RST-Steel&#8217;s work light bars are high-quality products made of&#8230;<\/p>","protected":false},"featured_media":190705,"template":"","meta":[],"make_year":[10907],"make_brand":[10939],"make_model":[10978],"make_fuel_type":[],"product_brand":[9443],"product_cat":[10508,10594,10592],"product_tag":[],"class_list":{"0":"post-190708","1":"product","2":"type-product","3":"status-publish","4":"has-post-thumbnail","6":"make_year-trucks","7":"make_brand-volvo","8":"make_model-fh4","9":"make_engine-vo-normaali-ohjaamo","10":"make_engine-globetrotter","11":"make_engine-globetrotter-xl-ohjaamo","12":"product_brand-brand_rststeel","13":"product_cat-light-bars","14":"product_cat-volvo-work-light-bars","15":"product_cat-work-light-bars-for-trucks","17":"first","18":"onbackorder","19":"taxable","20":"shipping-taxable","21":"purchasable","22":"product-type-variable"},"yoast_head":"<!-- This site is optimized with the Yoast SEO plugin v27.1.1 - https:\/\/yoast.com\/product\/yoast-seo-wordpress\/ -->\n<title>Work Light Bar for frame of air deflector Volvo FH 4 - RST-Steel<\/title>\n<meta name=\"description\" content=\"The Work Light Bar for Volvo FH 4 air deflector frame is made of stainless steel, enhancing visibility and safety with optional position lights.\" \/>\n<meta name=\"robots\" content=\"index, follow, max-snippet:-1, max-image-preview:large, max-video-preview:-1\" \/>\n<link rel=\"canonical\" href=\"https:\/\/rst-steel.com\/sv\/produkt-kategori\/light-bars\/work-light-bars-for-trucks\/volvo-work-light-bars\/work-light-bar-for-frame-of-air-deflector-volvo-fh-4\/\" \/>\n<meta property=\"og:locale\" content=\"sv_SE\" \/>\n<meta property=\"og:type\" content=\"article\" \/>\n<meta property=\"og:title\" content=\"Work Light Bar for frame of air deflector Volvo FH 4 - RST-Steel\" \/>\n<meta property=\"og:description\" content=\"The Work Light Bar for Volvo FH 4 air deflector frame is made of stainless steel, enhancing visibility and safety with optional position lights.\" \/>\n<meta property=\"og:url\" content=\"https:\/\/rst-steel.com\/sv\/produkt-kategori\/light-bars\/work-light-bars-for-trucks\/volvo-work-light-bars\/work-light-bar-for-frame-of-air-deflector-volvo-fh-4\/\" \/>\n<meta property=\"og:site_name\" content=\"RST-Steel\" \/>\n<meta property=\"article:modified_time\" content=\"2026-04-17T05:59:41+00:00\" \/>\n<meta property=\"og:image\" content=\"https:\/\/rst-steel.com\/wp-content\/uploads\/2026\/03\/8107a3d0d857028b6b2bb678ed5d80d8c67bb646_7ebbb07781a592344d2dd4661bbb9b91.jpg\" \/>\n\t<meta property=\"og:image:width\" content=\"1557\" \/>\n\t<meta property=\"og:image:height\" content=\"876\" \/>\n\t<meta property=\"og:image:type\" content=\"image\/jpeg\" \/>\n<meta name=\"twitter:card\" content=\"summary_large_image\" \/>\n<meta name=\"twitter:label1\" content=\"Ber\u00e4knad l\u00e4stid\" \/>\n\t<meta name=\"twitter:data1\" content=\"1 minut\" \/>\n<script type=\"application\/ld+json\" class=\"yoast-schema-graph\">{\"@context\":\"https:\/\/schema.org\",\"@graph\":[{\"@type\":\"WebPage\",\"@id\":\"https:\/\/rst-steel.com\/product-category\/light-bars\/work-light-bars-for-trucks\/volvo-work-light-bars\/work-light-bar-for-frame-of-air-deflector-volvo-fh-4\/\",\"url\":\"https:\/\/rst-steel.com\/product-category\/light-bars\/work-light-bars-for-trucks\/volvo-work-light-bars\/work-light-bar-for-frame-of-air-deflector-volvo-fh-4\/\",\"name\":\"Work Light Bar for frame of air deflector Volvo FH 4 - RST-Steel\",\"isPartOf\":{\"@id\":\"https:\/\/rst-steel.com\/#website\"},\"primaryImageOfPage\":{\"@id\":\"https:\/\/rst-steel.com\/product-category\/light-bars\/work-light-bars-for-trucks\/volvo-work-light-bars\/work-light-bar-for-frame-of-air-deflector-volvo-fh-4\/#primaryimage\"},\"image\":{\"@id\":\"https:\/\/rst-steel.com\/product-category\/light-bars\/work-light-bars-for-trucks\/volvo-work-light-bars\/work-light-bar-for-frame-of-air-deflector-volvo-fh-4\/#primaryimage\"},\"thumbnailUrl\":\"https:\/\/rst-steel.com\/wp-content\/uploads\/2026\/03\/8107a3d0d857028b6b2bb678ed5d80d8c67bb646_7ebbb07781a592344d2dd4661bbb9b91.jpg\",\"datePublished\":\"2026-03-20T07:54:07+00:00\",\"dateModified\":\"2026-04-17T05:59:41+00:00\",\"description\":\"The Work Light Bar for Volvo FH 4 air deflector frame is made of stainless steel, enhancing visibility and safety with optional position lights.\",\"breadcrumb\":{\"@id\":\"https:\/\/rst-steel.com\/product-category\/light-bars\/work-light-bars-for-trucks\/volvo-work-light-bars\/work-light-bar-for-frame-of-air-deflector-volvo-fh-4\/#breadcrumb\"},\"inLanguage\":\"sv-SE\",\"potentialAction\":[{\"@type\":\"ReadAction\",\"target\":[\"https:\/\/rst-steel.com\/product-category\/light-bars\/work-light-bars-for-trucks\/volvo-work-light-bars\/work-light-bar-for-frame-of-air-deflector-volvo-fh-4\/\"]}]},{\"@type\":\"ImageObject\",\"inLanguage\":\"sv-SE\",\"@id\":\"https:\/\/rst-steel.com\/product-category\/light-bars\/work-light-bars-for-trucks\/volvo-work-light-bars\/work-light-bar-for-frame-of-air-deflector-volvo-fh-4\/#primaryimage\",\"url\":\"https:\/\/rst-steel.com\/wp-content\/uploads\/2026\/03\/8107a3d0d857028b6b2bb678ed5d80d8c67bb646_7ebbb07781a592344d2dd4661bbb9b91.jpg\",\"contentUrl\":\"https:\/\/rst-steel.com\/wp-content\/uploads\/2026\/03\/8107a3d0d857028b6b2bb678ed5d80d8c67bb646_7ebbb07781a592344d2dd4661bbb9b91.jpg\",\"width\":1557,\"height\":876,\"caption\":\"prm_64873\"},{\"@type\":\"BreadcrumbList\",\"@id\":\"https:\/\/rst-steel.com\/product-category\/light-bars\/work-light-bars-for-trucks\/volvo-work-light-bars\/work-light-bar-for-frame-of-air-deflector-volvo-fh-4\/#breadcrumb\",\"itemListElement\":[{\"@type\":\"ListItem\",\"position\":1,\"name\":\"Home\",\"item\":\"https:\/\/rst-steel.com\/\"},{\"@type\":\"ListItem\",\"position\":2,\"name\":\"RST-Steel Verkkokauppa\",\"item\":\"https:\/\/rst-steel.com\/shop\/\"},{\"@type\":\"ListItem\",\"position\":3,\"name\":\"Work Light Bar for frame of air deflector Volvo FH 4\"}]},{\"@type\":\"WebSite\",\"@id\":\"https:\/\/rst-steel.com\/#website\",\"url\":\"https:\/\/rst-steel.com\/\",\"name\":\"RST-Steel Oy - Turvallista, tyylik\u00e4st\u00e4, ter\u00e4st\u00e4\",\"description\":\"Finnish quality for discerning drivers\",\"publisher\":{\"@id\":\"https:\/\/rst-steel.com\/#organization\"},\"potentialAction\":[{\"@type\":\"SearchAction\",\"target\":{\"@type\":\"EntryPoint\",\"urlTemplate\":\"https:\/\/rst-steel.com\/?s={search_term_string}\"},\"query-input\":{\"@type\":\"PropertyValueSpecification\",\"valueRequired\":true,\"valueName\":\"search_term_string\"}}],\"inLanguage\":\"sv-SE\"},{\"@type\":\"Organization\",\"@id\":\"https:\/\/rst-steel.com\/#organization\",\"name\":\"RST-Steel Oy\",\"alternateName\":\"RST-Steel Oy - Turvallista, tyylik\u00e4st\u00e4, ter\u00e4st\u00e4\",\"url\":\"https:\/\/rst-steel.com\/\",\"logo\":{\"@type\":\"ImageObject\",\"inLanguage\":\"sv-SE\",\"@id\":\"https:\/\/rst-steel.com\/#\/schema\/logo\/image\/\",\"url\":\"https:\/\/rst-steel.com\/wp-content\/uploads\/2025\/02\/cropped-rst-valkoinen-ilman-taustaa-02.png\",\"contentUrl\":\"https:\/\/rst-steel.com\/wp-content\/uploads\/2025\/02\/cropped-rst-valkoinen-ilman-taustaa-02.png\",\"width\":2319,\"height\":690,\"caption\":\"RST-Steel Oy\"},\"image\":{\"@id\":\"https:\/\/rst-steel.com\/#\/schema\/logo\/image\/\"}}]}<\/script>\n<!-- \/ Yoast SEO plugin. -->","yoast_head_json":{"title":"Work Light Bar for frame of air deflector Volvo FH 4 - RST-Steel","description":"The Work Light Bar for Volvo FH 4 air deflector frame is made of stainless steel, enhancing visibility and safety with optional position lights.","robots":{"index":"index","follow":"follow","max-snippet":"max-snippet:-1","max-image-preview":"max-image-preview:large","max-video-preview":"max-video-preview:-1"},"canonical":"https:\/\/rst-steel.com\/sv\/produkt-kategori\/light-bars\/work-light-bars-for-trucks\/volvo-work-light-bars\/work-light-bar-for-frame-of-air-deflector-volvo-fh-4\/","og_locale":"sv_SE","og_type":"article","og_title":"Work Light Bar for frame of air deflector Volvo FH 4 - RST-Steel","og_description":"The Work Light Bar for Volvo FH 4 air deflector frame is made of stainless steel, enhancing visibility and safety with optional position lights.","og_url":"https:\/\/rst-steel.com\/sv\/produkt-kategori\/light-bars\/work-light-bars-for-trucks\/volvo-work-light-bars\/work-light-bar-for-frame-of-air-deflector-volvo-fh-4\/","og_site_name":"RST-Steel","article_modified_time":"2026-04-17T05:59:41+00:00","og_image":[{"width":1557,"height":876,"url":"https:\/\/rst-steel.com\/wp-content\/uploads\/2026\/03\/8107a3d0d857028b6b2bb678ed5d80d8c67bb646_7ebbb07781a592344d2dd4661bbb9b91.jpg","type":"image\/jpeg"}],"twitter_card":"summary_large_image","twitter_misc":{"Ber\u00e4knad l\u00e4stid":"1 minut"},"schema":{"@context":"https:\/\/schema.org","@graph":[{"@type":"WebPage","@id":"https:\/\/rst-steel.com\/product-category\/light-bars\/work-light-bars-for-trucks\/volvo-work-light-bars\/work-light-bar-for-frame-of-air-deflector-volvo-fh-4\/","url":"https:\/\/rst-steel.com\/product-category\/light-bars\/work-light-bars-for-trucks\/volvo-work-light-bars\/work-light-bar-for-frame-of-air-deflector-volvo-fh-4\/","name":"Work Light Bar for frame of air deflector Volvo FH 4 - RST-Steel","isPartOf":{"@id":"https:\/\/rst-steel.com\/#website"},"primaryImageOfPage":{"@id":"https:\/\/rst-steel.com\/product-category\/light-bars\/work-light-bars-for-trucks\/volvo-work-light-bars\/work-light-bar-for-frame-of-air-deflector-volvo-fh-4\/#primaryimage"},"image":{"@id":"https:\/\/rst-steel.com\/product-category\/light-bars\/work-light-bars-for-trucks\/volvo-work-light-bars\/work-light-bar-for-frame-of-air-deflector-volvo-fh-4\/#primaryimage"},"thumbnailUrl":"https:\/\/rst-steel.com\/wp-content\/uploads\/2026\/03\/8107a3d0d857028b6b2bb678ed5d80d8c67bb646_7ebbb07781a592344d2dd4661bbb9b91.jpg","datePublished":"2026-03-20T07:54:07+00:00","dateModified":"2026-04-17T05:59:41+00:00","description":"The Work Light Bar for Volvo FH 4 air deflector frame is made of stainless steel, enhancing visibility and safety with optional position lights.","breadcrumb":{"@id":"https:\/\/rst-steel.com\/product-category\/light-bars\/work-light-bars-for-trucks\/volvo-work-light-bars\/work-light-bar-for-frame-of-air-deflector-volvo-fh-4\/#breadcrumb"},"inLanguage":"sv-SE","potentialAction":[{"@type":"ReadAction","target":["https:\/\/rst-steel.com\/product-category\/light-bars\/work-light-bars-for-trucks\/volvo-work-light-bars\/work-light-bar-for-frame-of-air-deflector-volvo-fh-4\/"]}]},{"@type":"ImageObject","inLanguage":"sv-SE","@id":"https:\/\/rst-steel.com\/product-category\/light-bars\/work-light-bars-for-trucks\/volvo-work-light-bars\/work-light-bar-for-frame-of-air-deflector-volvo-fh-4\/#primaryimage","url":"https:\/\/rst-steel.com\/wp-content\/uploads\/2026\/03\/8107a3d0d857028b6b2bb678ed5d80d8c67bb646_7ebbb07781a592344d2dd4661bbb9b91.jpg","contentUrl":"https:\/\/rst-steel.com\/wp-content\/uploads\/2026\/03\/8107a3d0d857028b6b2bb678ed5d80d8c67bb646_7ebbb07781a592344d2dd4661bbb9b91.jpg","width":1557,"height":876,"caption":"prm_64873"},{"@type":"BreadcrumbList","@id":"https:\/\/rst-steel.com\/product-category\/light-bars\/work-light-bars-for-trucks\/volvo-work-light-bars\/work-light-bar-for-frame-of-air-deflector-volvo-fh-4\/#breadcrumb","itemListElement":[{"@type":"ListItem","position":1,"name":"Home","item":"https:\/\/rst-steel.com\/"},{"@type":"ListItem","position":2,"name":"RST-Steel Verkkokauppa","item":"https:\/\/rst-steel.com\/shop\/"},{"@type":"ListItem","position":3,"name":"Work Light Bar for frame of air deflector Volvo FH 4"}]},{"@type":"WebSite","@id":"https:\/\/rst-steel.com\/#website","url":"https:\/\/rst-steel.com\/","name":"RST-Steel Oy - Turvallista, tyylik\u00e4st\u00e4, ter\u00e4st\u00e4","description":"Finsk kvalitet f\u00f6r kvalitetsmedvetna f\u00f6rare","publisher":{"@id":"https:\/\/rst-steel.com\/#organization"},"potentialAction":[{"@type":"SearchAction","target":{"@type":"EntryPoint","urlTemplate":"https:\/\/rst-steel.com\/?s={search_term_string}"},"query-input":{"@type":"PropertyValueSpecification","valueRequired":true,"valueName":"search_term_string"}}],"inLanguage":"sv-SE"},{"@type":"Organization","@id":"https:\/\/rst-steel.com\/#organization","name":"Hantera alternativ","alternateName":"RST-Steel Oy - Turvallista, tyylik\u00e4st\u00e4, ter\u00e4st\u00e4","url":"https:\/\/rst-steel.com\/","logo":{"@type":"ImageObject","inLanguage":"sv-SE","@id":"https:\/\/rst-steel.com\/#\/schema\/logo\/image\/","url":"https:\/\/rst-steel.com\/wp-content\/uploads\/2025\/02\/cropped-rst-valkoinen-ilman-taustaa-02.png","contentUrl":"https:\/\/rst-steel.com\/wp-content\/uploads\/2025\/02\/cropped-rst-valkoinen-ilman-taustaa-02.png","width":2319,"height":690,"caption":"RST-Steel Oy"},"image":{"@id":"https:\/\/rst-steel.com\/#\/schema\/logo\/image\/"}}]}},"_links":{"self":[{"href":"https:\/\/rst-steel.com\/sv\/wp-json\/wp\/v2\/product\/190708","targetHints":{"allow":["GET"]}}],"collection":[{"href":"https:\/\/rst-steel.com\/sv\/wp-json\/wp\/v2\/product"}],"about":[{"href":"https:\/\/rst-steel.com\/sv\/wp-json\/wp\/v2\/types\/product"}],"version-history":[{"count":1,"href":"https:\/\/rst-steel.com\/sv\/wp-json\/wp\/v2\/product\/190708\/revisions"}],"predecessor-version":[{"id":199081,"href":"https:\/\/rst-steel.com\/sv\/wp-json\/wp\/v2\/product\/190708\/revisions\/199081"}],"wp:featuredmedia":[{"embeddable":true,"href":"https:\/\/rst-steel.com\/sv\/wp-json\/wp\/v2\/media\/190705"}],"wp:attachment":[{"href":"https:\/\/rst-steel.com\/sv\/wp-json\/wp\/v2\/media?parent=190708"}],"wp:term":[{"taxonomy":"make_year","embeddable":true,"href":"https:\/\/rst-steel.com\/sv\/wp-json\/wp\/v2\/make_year?post=190708"},{"taxonomy":"make_brand","embeddable":true,"href":"https:\/\/rst-steel.com\/sv\/wp-json\/wp\/v2\/make_brand?post=190708"},{"taxonomy":"make_model","embeddable":true,"href":"https:\/\/rst-steel.com\/sv\/wp-json\/wp\/v2\/make_model?post=190708"},{"taxonomy":"make_fuel_type","embeddable":true,"href":"https:\/\/rst-steel.com\/sv\/wp-json\/wp\/v2\/make_fuel_type?post=190708"},{"taxonomy":"product_brand","embeddable":true,"href":"https:\/\/rst-steel.com\/sv\/wp-json\/wp\/v2\/product_brand?post=190708"},{"taxonomy":"product_cat","embeddable":true,"href":"https:\/\/rst-steel.com\/sv\/wp-json\/wp\/v2\/product_cat?post=190708"},{"taxonomy":"product_tag","embeddable":true,"href":"https:\/\/rst-steel.com\/sv\/wp-json\/wp\/v2\/product_tag?post=190708"}],"curies":[{"name":"wp","href":"https:\/\/api.w.org\/{rel}","templated":true}]}}