{"id":190837,"date":"2026-03-20T09:56:05","date_gmt":"2026-03-20T07:56:05","guid":{"rendered":"https:\/\/rst-steel.com\/tuote-osasto\/Ei-luokiteltu\/leather-floor-mat-set-scania-nextgen-s-series-2017-automatic\/"},"modified":"2026-04-15T09:10:43","modified_gmt":"2026-04-15T06:10:43","slug":"leather-floor-mat-set-scania-nextgen-s-series-2017-automatic","status":"publish","type":"product","link":"https:\/\/rst-steel.com\/sv\/produkt-kategori\/interior\/truck-floormats\/scania-floormats\/leather-floor-mat-set-scania-nextgen-s-series-2017-automatic\/","title":{"rendered":"Leather Floor Mat Set Scania NextGen S-Series 2017- Automatic"},"content":{"rendered":"<p>Leather Floor Mat Scania NextGen S-Series 2017- Automatic transmission \/ Flat floor \/&nbsp;Folding passenger seat<\/p>\n<p><\/p>\n<div>\n<p style=\"margin: 0cm 0cm 7.5pt;background-image: initial;background-position: initial;background-size: initial;background-repeat: initial;background-attachment: initial\"><span lang=\"EN-US\" style=\"font-size: 10pt;font-family: Lato, sans-serif\">Easy to install, covers the entire cabin floor. Durable Eco-leather as surface material.<\/span><\/p>\n<p style=\"margin: 0cm 0cm 7.5pt;background-image: initial;background-position: initial;background-size: initial;background-repeat: initial;background-attachment: initial\"><span lang=\"EN-US\" style=\"font-size: 10pt;font-family: Lato, sans-serif\">&nbsp;<\/span><\/p>\n<p style=\"margin: 0cm 0cm 7.5pt;background-image: initial;background-position: initial;background-size: initial;background-repeat: initial;background-attachment: initial\"><span lang=\"EN-US\" style=\"font-size: 10pt;font-family: Lato, sans-serif\">Stays in place and easy to clean. Gives a stylish look to the car, protects from the cold<\/span><\/p>\n<p style=\"margin: 0cm 0cm 7.5pt;background-image: initial;background-position: initial;background-size: initial;background-repeat: initial;background-attachment: initial\"><span lang=\"EN-US\" style=\"font-size: 10pt;font-family: Lato, sans-serif\">&nbsp;<\/span><\/p>\n<p style=\"margin: 0cm 0cm 7.5pt;background-image: initial;background-position: initial;background-size: initial;background-repeat: initial;background-attachment: initial\"><span lang=\"EN-US\" style=\"font-size: 10pt;font-family: Lato, sans-serif\">Also isolates the sounds of the engine and the chassis.<\/span><\/p>\n<\/div>","protected":false},"excerpt":{"rendered":"<p>Leather Floor Mat Scania NextGen S-Series 2017- Automatic transmission \/ Flat floor \/&nbsp;Folding passenger seat Easy to install, covers the&#8230;<\/p>","protected":false},"featured_media":190832,"template":"","meta":[],"make_year":[10907],"make_brand":[10935],"make_model":[10995],"make_fuel_type":[],"product_brand":[],"product_cat":[10679,10699,10696],"product_tag":[],"class_list":{"0":"post-190837","1":"product","2":"type-product","3":"status-publish","4":"has-post-thumbnail","6":"make_year-trucks","7":"make_brand-scania","8":"make_model-nextgen-s-2017","9":"make_engine-scng-makuuohjaamo-highline-cs20h","10":"make_engine-scng-makuuohjaamo-normaali-cs20n","11":"product_cat-interior","12":"product_cat-scania-floormats","13":"product_cat-truck-floormats","15":"first","16":"instock","17":"taxable","18":"shipping-taxable","19":"purchasable","20":"product-type-variable"},"yoast_head":"<!-- This site is optimized with the Yoast SEO plugin v27.1.1 - https:\/\/yoast.com\/product\/yoast-seo-wordpress\/ -->\n<title>Leather Floor Mat Set Scania NextGen S-Series 2017- Automatic - RST-Steel<\/title>\n<meta name=\"description\" content=\"Leather floor mat set for Scania NextGen S-series (2017+), automatic. Durable, custom-fit mats offer premium protection and style for your truck&#039;s interior.\" \/>\n<meta name=\"robots\" content=\"index, follow, max-snippet:-1, max-image-preview:large, max-video-preview:-1\" \/>\n<link rel=\"canonical\" href=\"https:\/\/rst-steel.com\/sv\/produkt-kategori\/interior\/truck-floormats\/scania-floormats\/leather-floor-mat-set-scania-nextgen-s-series-2017-automatic\/\" \/>\n<meta property=\"og:locale\" content=\"sv_SE\" \/>\n<meta property=\"og:type\" content=\"article\" \/>\n<meta property=\"og:title\" content=\"Leather Floor Mat Set Scania NextGen S-Series 2017- Automatic - RST-Steel\" \/>\n<meta property=\"og:description\" content=\"Leather floor mat set for Scania NextGen S-series (2017+), automatic. Durable, custom-fit mats offer premium protection and style for your truck&#039;s interior.\" \/>\n<meta property=\"og:url\" content=\"https:\/\/rst-steel.com\/sv\/produkt-kategori\/interior\/truck-floormats\/scania-floormats\/leather-floor-mat-set-scania-nextgen-s-series-2017-automatic\/\" \/>\n<meta property=\"og:site_name\" content=\"RST-Steel\" \/>\n<meta property=\"article:modified_time\" content=\"2026-04-15T06:10:43+00:00\" \/>\n<meta property=\"og:image\" content=\"https:\/\/rst-steel.com\/wp-content\/uploads\/2026\/03\/48358e72a8b2016dc0086002cfd3470be5ff538d_e7f2e09fec84e3ad2566a56d167fc686.jpg\" \/>\n\t<meta property=\"og:image:width\" content=\"1000\" \/>\n\t<meta property=\"og:image:height\" content=\"667\" \/>\n\t<meta property=\"og:image:type\" content=\"image\/jpeg\" \/>\n<meta name=\"twitter:card\" content=\"summary_large_image\" \/>\n<meta name=\"twitter:label1\" content=\"Ber\u00e4knad l\u00e4stid\" \/>\n\t<meta name=\"twitter:data1\" content=\"1 minut\" \/>\n<script type=\"application\/ld+json\" class=\"yoast-schema-graph\">{\"@context\":\"https:\/\/schema.org\",\"@graph\":[{\"@type\":\"WebPage\",\"@id\":\"https:\/\/rst-steel.com\/product-category\/interior\/truck-floormats\/scania-floormats\/leather-floor-mat-set-scania-nextgen-s-series-2017-automatic\/\",\"url\":\"https:\/\/rst-steel.com\/product-category\/interior\/truck-floormats\/scania-floormats\/leather-floor-mat-set-scania-nextgen-s-series-2017-automatic\/\",\"name\":\"Leather Floor Mat Set Scania NextGen S-Series 2017- Automatic - RST-Steel\",\"isPartOf\":{\"@id\":\"https:\/\/rst-steel.com\/#website\"},\"primaryImageOfPage\":{\"@id\":\"https:\/\/rst-steel.com\/product-category\/interior\/truck-floormats\/scania-floormats\/leather-floor-mat-set-scania-nextgen-s-series-2017-automatic\/#primaryimage\"},\"image\":{\"@id\":\"https:\/\/rst-steel.com\/product-category\/interior\/truck-floormats\/scania-floormats\/leather-floor-mat-set-scania-nextgen-s-series-2017-automatic\/#primaryimage\"},\"thumbnailUrl\":\"https:\/\/rst-steel.com\/wp-content\/uploads\/2026\/03\/48358e72a8b2016dc0086002cfd3470be5ff538d_e7f2e09fec84e3ad2566a56d167fc686.jpg\",\"datePublished\":\"2026-03-20T07:56:05+00:00\",\"dateModified\":\"2026-04-15T06:10:43+00:00\",\"description\":\"Leather floor mat set for Scania NextGen S-series (2017+), automatic. Durable, custom-fit mats offer premium protection and style for your truck's interior.\",\"breadcrumb\":{\"@id\":\"https:\/\/rst-steel.com\/product-category\/interior\/truck-floormats\/scania-floormats\/leather-floor-mat-set-scania-nextgen-s-series-2017-automatic\/#breadcrumb\"},\"inLanguage\":\"sv-SE\",\"potentialAction\":[{\"@type\":\"ReadAction\",\"target\":[\"https:\/\/rst-steel.com\/product-category\/interior\/truck-floormats\/scania-floormats\/leather-floor-mat-set-scania-nextgen-s-series-2017-automatic\/\"]}]},{\"@type\":\"ImageObject\",\"inLanguage\":\"sv-SE\",\"@id\":\"https:\/\/rst-steel.com\/product-category\/interior\/truck-floormats\/scania-floormats\/leather-floor-mat-set-scania-nextgen-s-series-2017-automatic\/#primaryimage\",\"url\":\"https:\/\/rst-steel.com\/wp-content\/uploads\/2026\/03\/48358e72a8b2016dc0086002cfd3470be5ff538d_e7f2e09fec84e3ad2566a56d167fc686.jpg\",\"contentUrl\":\"https:\/\/rst-steel.com\/wp-content\/uploads\/2026\/03\/48358e72a8b2016dc0086002cfd3470be5ff538d_e7f2e09fec84e3ad2566a56d167fc686.jpg\",\"width\":1000,\"height\":667,\"caption\":\"prm_65378\"},{\"@type\":\"BreadcrumbList\",\"@id\":\"https:\/\/rst-steel.com\/product-category\/interior\/truck-floormats\/scania-floormats\/leather-floor-mat-set-scania-nextgen-s-series-2017-automatic\/#breadcrumb\",\"itemListElement\":[{\"@type\":\"ListItem\",\"position\":1,\"name\":\"Home\",\"item\":\"https:\/\/rst-steel.com\/\"},{\"@type\":\"ListItem\",\"position\":2,\"name\":\"RST-Steel Verkkokauppa\",\"item\":\"https:\/\/rst-steel.com\/shop\/\"},{\"@type\":\"ListItem\",\"position\":3,\"name\":\"Leather Floor Mat Set Scania NextGen S-Series 2017- Automatic\"}]},{\"@type\":\"WebSite\",\"@id\":\"https:\/\/rst-steel.com\/#website\",\"url\":\"https:\/\/rst-steel.com\/\",\"name\":\"RST-Steel Oy - Turvallista, tyylik\u00e4st\u00e4, ter\u00e4st\u00e4\",\"description\":\"Finnish quality for discerning drivers\",\"publisher\":{\"@id\":\"https:\/\/rst-steel.com\/#organization\"},\"potentialAction\":[{\"@type\":\"SearchAction\",\"target\":{\"@type\":\"EntryPoint\",\"urlTemplate\":\"https:\/\/rst-steel.com\/?s={search_term_string}\"},\"query-input\":{\"@type\":\"PropertyValueSpecification\",\"valueRequired\":true,\"valueName\":\"search_term_string\"}}],\"inLanguage\":\"sv-SE\"},{\"@type\":\"Organization\",\"@id\":\"https:\/\/rst-steel.com\/#organization\",\"name\":\"RST-Steel Oy\",\"alternateName\":\"RST-Steel Oy - Turvallista, tyylik\u00e4st\u00e4, ter\u00e4st\u00e4\",\"url\":\"https:\/\/rst-steel.com\/\",\"logo\":{\"@type\":\"ImageObject\",\"inLanguage\":\"sv-SE\",\"@id\":\"https:\/\/rst-steel.com\/#\/schema\/logo\/image\/\",\"url\":\"https:\/\/rst-steel.com\/wp-content\/uploads\/2025\/02\/cropped-rst-valkoinen-ilman-taustaa-02.png\",\"contentUrl\":\"https:\/\/rst-steel.com\/wp-content\/uploads\/2025\/02\/cropped-rst-valkoinen-ilman-taustaa-02.png\",\"width\":2319,\"height\":690,\"caption\":\"RST-Steel Oy\"},\"image\":{\"@id\":\"https:\/\/rst-steel.com\/#\/schema\/logo\/image\/\"}}]}<\/script>\n<!-- \/ Yoast SEO plugin. -->","yoast_head_json":{"title":"Leather Floor Mat Set Scania NextGen S-Series 2017- Automatic - RST-Steel","description":"Leather floor mat set for Scania NextGen S-series (2017+), automatic. Durable, custom-fit mats offer premium protection and style for your truck's interior.","robots":{"index":"index","follow":"follow","max-snippet":"max-snippet:-1","max-image-preview":"max-image-preview:large","max-video-preview":"max-video-preview:-1"},"canonical":"https:\/\/rst-steel.com\/sv\/produkt-kategori\/interior\/truck-floormats\/scania-floormats\/leather-floor-mat-set-scania-nextgen-s-series-2017-automatic\/","og_locale":"sv_SE","og_type":"article","og_title":"Leather Floor Mat Set Scania NextGen S-Series 2017- Automatic - RST-Steel","og_description":"Leather floor mat set for Scania NextGen S-series (2017+), automatic. Durable, custom-fit mats offer premium protection and style for your truck's interior.","og_url":"https:\/\/rst-steel.com\/sv\/produkt-kategori\/interior\/truck-floormats\/scania-floormats\/leather-floor-mat-set-scania-nextgen-s-series-2017-automatic\/","og_site_name":"RST-Steel","article_modified_time":"2026-04-15T06:10:43+00:00","og_image":[{"width":1000,"height":667,"url":"https:\/\/rst-steel.com\/wp-content\/uploads\/2026\/03\/48358e72a8b2016dc0086002cfd3470be5ff538d_e7f2e09fec84e3ad2566a56d167fc686.jpg","type":"image\/jpeg"}],"twitter_card":"summary_large_image","twitter_misc":{"Ber\u00e4knad l\u00e4stid":"1 minut"},"schema":{"@context":"https:\/\/schema.org","@graph":[{"@type":"WebPage","@id":"https:\/\/rst-steel.com\/product-category\/interior\/truck-floormats\/scania-floormats\/leather-floor-mat-set-scania-nextgen-s-series-2017-automatic\/","url":"https:\/\/rst-steel.com\/product-category\/interior\/truck-floormats\/scania-floormats\/leather-floor-mat-set-scania-nextgen-s-series-2017-automatic\/","name":"Leather Floor Mat Set Scania NextGen S-Series 2017- Automatic - RST-Steel","isPartOf":{"@id":"https:\/\/rst-steel.com\/#website"},"primaryImageOfPage":{"@id":"https:\/\/rst-steel.com\/product-category\/interior\/truck-floormats\/scania-floormats\/leather-floor-mat-set-scania-nextgen-s-series-2017-automatic\/#primaryimage"},"image":{"@id":"https:\/\/rst-steel.com\/product-category\/interior\/truck-floormats\/scania-floormats\/leather-floor-mat-set-scania-nextgen-s-series-2017-automatic\/#primaryimage"},"thumbnailUrl":"https:\/\/rst-steel.com\/wp-content\/uploads\/2026\/03\/48358e72a8b2016dc0086002cfd3470be5ff538d_e7f2e09fec84e3ad2566a56d167fc686.jpg","datePublished":"2026-03-20T07:56:05+00:00","dateModified":"2026-04-15T06:10:43+00:00","description":"Leather floor mat set for Scania NextGen S-series (2017+), automatic. Durable, custom-fit mats offer premium protection and style for your truck's interior.","breadcrumb":{"@id":"https:\/\/rst-steel.com\/product-category\/interior\/truck-floormats\/scania-floormats\/leather-floor-mat-set-scania-nextgen-s-series-2017-automatic\/#breadcrumb"},"inLanguage":"sv-SE","potentialAction":[{"@type":"ReadAction","target":["https:\/\/rst-steel.com\/product-category\/interior\/truck-floormats\/scania-floormats\/leather-floor-mat-set-scania-nextgen-s-series-2017-automatic\/"]}]},{"@type":"ImageObject","inLanguage":"sv-SE","@id":"https:\/\/rst-steel.com\/product-category\/interior\/truck-floormats\/scania-floormats\/leather-floor-mat-set-scania-nextgen-s-series-2017-automatic\/#primaryimage","url":"https:\/\/rst-steel.com\/wp-content\/uploads\/2026\/03\/48358e72a8b2016dc0086002cfd3470be5ff538d_e7f2e09fec84e3ad2566a56d167fc686.jpg","contentUrl":"https:\/\/rst-steel.com\/wp-content\/uploads\/2026\/03\/48358e72a8b2016dc0086002cfd3470be5ff538d_e7f2e09fec84e3ad2566a56d167fc686.jpg","width":1000,"height":667,"caption":"prm_65378"},{"@type":"BreadcrumbList","@id":"https:\/\/rst-steel.com\/product-category\/interior\/truck-floormats\/scania-floormats\/leather-floor-mat-set-scania-nextgen-s-series-2017-automatic\/#breadcrumb","itemListElement":[{"@type":"ListItem","position":1,"name":"Home","item":"https:\/\/rst-steel.com\/"},{"@type":"ListItem","position":2,"name":"RST-Steel Verkkokauppa","item":"https:\/\/rst-steel.com\/shop\/"},{"@type":"ListItem","position":3,"name":"Leather Floor Mat Set Scania NextGen S-Series 2017- Automatic"}]},{"@type":"WebSite","@id":"https:\/\/rst-steel.com\/#website","url":"https:\/\/rst-steel.com\/","name":"RST-Steel Oy - Turvallista, tyylik\u00e4st\u00e4, ter\u00e4st\u00e4","description":"Finsk kvalitet f\u00f6r kvalitetsmedvetna f\u00f6rare","publisher":{"@id":"https:\/\/rst-steel.com\/#organization"},"potentialAction":[{"@type":"SearchAction","target":{"@type":"EntryPoint","urlTemplate":"https:\/\/rst-steel.com\/?s={search_term_string}"},"query-input":{"@type":"PropertyValueSpecification","valueRequired":true,"valueName":"search_term_string"}}],"inLanguage":"sv-SE"},{"@type":"Organization","@id":"https:\/\/rst-steel.com\/#organization","name":"RST-Steel Oy","alternateName":"RST-Steel Oy - Turvallista, tyylik\u00e4st\u00e4, ter\u00e4st\u00e4","url":"https:\/\/rst-steel.com\/","logo":{"@type":"ImageObject","inLanguage":"sv-SE","@id":"https:\/\/rst-steel.com\/#\/schema\/logo\/image\/","url":"https:\/\/rst-steel.com\/wp-content\/uploads\/2025\/02\/cropped-rst-valkoinen-ilman-taustaa-02.png","contentUrl":"https:\/\/rst-steel.com\/wp-content\/uploads\/2025\/02\/cropped-rst-valkoinen-ilman-taustaa-02.png","width":2319,"height":690,"caption":"RST-Steel Oy"},"image":{"@id":"https:\/\/rst-steel.com\/#\/schema\/logo\/image\/"}}]}},"_links":{"self":[{"href":"https:\/\/rst-steel.com\/sv\/wp-json\/wp\/v2\/product\/190837","targetHints":{"allow":["GET"]}}],"collection":[{"href":"https:\/\/rst-steel.com\/sv\/wp-json\/wp\/v2\/product"}],"about":[{"href":"https:\/\/rst-steel.com\/sv\/wp-json\/wp\/v2\/types\/product"}],"version-history":[{"count":1,"href":"https:\/\/rst-steel.com\/sv\/wp-json\/wp\/v2\/product\/190837\/revisions"}],"predecessor-version":[{"id":199070,"href":"https:\/\/rst-steel.com\/sv\/wp-json\/wp\/v2\/product\/190837\/revisions\/199070"}],"wp:featuredmedia":[{"embeddable":true,"href":"https:\/\/rst-steel.com\/sv\/wp-json\/wp\/v2\/media\/190832"}],"wp:attachment":[{"href":"https:\/\/rst-steel.com\/sv\/wp-json\/wp\/v2\/media?parent=190837"}],"wp:term":[{"taxonomy":"make_year","embeddable":true,"href":"https:\/\/rst-steel.com\/sv\/wp-json\/wp\/v2\/make_year?post=190837"},{"taxonomy":"make_brand","embeddable":true,"href":"https:\/\/rst-steel.com\/sv\/wp-json\/wp\/v2\/make_brand?post=190837"},{"taxonomy":"make_model","embeddable":true,"href":"https:\/\/rst-steel.com\/sv\/wp-json\/wp\/v2\/make_model?post=190837"},{"taxonomy":"make_fuel_type","embeddable":true,"href":"https:\/\/rst-steel.com\/sv\/wp-json\/wp\/v2\/make_fuel_type?post=190837"},{"taxonomy":"product_brand","embeddable":true,"href":"https:\/\/rst-steel.com\/sv\/wp-json\/wp\/v2\/product_brand?post=190837"},{"taxonomy":"product_cat","embeddable":true,"href":"https:\/\/rst-steel.com\/sv\/wp-json\/wp\/v2\/product_cat?post=190837"},{"taxonomy":"product_tag","embeddable":true,"href":"https:\/\/rst-steel.com\/sv\/wp-json\/wp\/v2\/product_tag?post=190837"}],"curies":[{"name":"wp","href":"https:\/\/api.w.org\/{rel}","templated":true}]}}