{"id":190870,"date":"2026-03-20T09:56:33","date_gmt":"2026-03-20T07:56:33","guid":{"rendered":"https:\/\/rst-steel.com\/tuote-osasto\/Ei-luokiteltu\/leather-floor-mat-volvo-fh12-2002-2012-manual\/"},"modified":"2026-04-15T09:10:43","modified_gmt":"2026-04-15T06:10:43","slug":"leather-floor-mat-volvo-fh12-2002-2012-manual","status":"publish","type":"product","link":"https:\/\/rst-steel.com\/sv\/produkt-kategori\/interior\/truck-floormats\/volvo-floormats\/leather-floor-mat-volvo-fh12-2002-2012-manual\/","title":{"rendered":"Leather Floor Mat Volvo FH12 2002-2012, Manual"},"content":{"rendered":"<p>Leather Floor Mat Volvo FH12 2002-2012, Manual<\/p>\n<p>Easy to install, covers the entire cabin<br \/>floor. Durable Eco-leather as surface material.<\/p>\n<p>Stays in place and easy to clean. Gives<br \/>a stylish look to the car, protects from the cold<\/p>\n<p>Also isolates the sounds of the engine<br \/>and the chassis.<\/p>","protected":false},"excerpt":{"rendered":"<p>Leather Floor Mat Volvo FH12 2002-2012, Manual Easy to install, covers the entire cabinfloor. Durable Eco-leather as surface material. Stays&#8230;<\/p>","protected":false},"featured_media":190867,"template":"","meta":[],"make_year":[10907],"make_brand":[10939],"make_model":[10977],"make_fuel_type":[],"product_brand":[],"product_cat":[10679,10696,10698],"product_tag":[],"class_list":{"0":"post-190870","1":"product","2":"type-product","3":"status-publish","4":"has-post-thumbnail","6":"make_year-trucks","7":"make_brand-volvo","8":"make_model-volvo-fh3","9":"product_cat-interior","10":"product_cat-truck-floormats","11":"product_cat-volvo-floormats","13":"first","14":"instock","15":"taxable","16":"shipping-taxable","17":"purchasable","18":"product-type-variable"},"yoast_head":"<!-- This site is optimized with the Yoast SEO plugin v27.1.1 - https:\/\/yoast.com\/product\/yoast-seo-wordpress\/ -->\n<title>Leather Floor Mat Volvo FH12 2002-2012, Manual - RST-Steel<\/title>\n<meta name=\"robots\" content=\"index, follow, max-snippet:-1, max-image-preview:large, max-video-preview:-1\" \/>\n<link rel=\"canonical\" href=\"https:\/\/rst-steel.com\/sv\/produkt-kategori\/interior\/truck-floormats\/volvo-floormats\/leather-floor-mat-volvo-fh12-2002-2012-manual\/\" \/>\n<meta property=\"og:locale\" content=\"sv_SE\" \/>\n<meta property=\"og:type\" content=\"article\" \/>\n<meta property=\"og:title\" content=\"Leather Floor Mat Volvo FH12 2002-2012, Manual - RST-Steel\" \/>\n<meta property=\"og:description\" content=\"Leather Floor Mat Volvo FH12 2002-2012, Manual Easy to install, covers the entire cabinfloor. Durable Eco-leather as surface material. Stays...\" \/>\n<meta property=\"og:url\" content=\"https:\/\/rst-steel.com\/sv\/produkt-kategori\/interior\/truck-floormats\/volvo-floormats\/leather-floor-mat-volvo-fh12-2002-2012-manual\/\" \/>\n<meta property=\"og:site_name\" content=\"RST-Steel\" \/>\n<meta property=\"article:modified_time\" content=\"2026-04-15T06:10:43+00:00\" \/>\n<meta property=\"og:image\" content=\"https:\/\/rst-steel.com\/wp-content\/uploads\/2026\/03\/a7ea9be28072100536d196001073dd4b0f526ae1_e5dbb6bfa5cd1412171ae5fd824a3560.jpg\" \/>\n\t<meta property=\"og:image:width\" content=\"800\" \/>\n\t<meta property=\"og:image:height\" content=\"686\" \/>\n\t<meta property=\"og:image:type\" content=\"image\/jpeg\" \/>\n<meta name=\"twitter:card\" content=\"summary_large_image\" \/>\n<meta name=\"twitter:label1\" content=\"Ber\u00e4knad l\u00e4stid\" \/>\n\t<meta name=\"twitter:data1\" content=\"1 minut\" \/>\n<script type=\"application\/ld+json\" class=\"yoast-schema-graph\">{\"@context\":\"https:\/\/schema.org\",\"@graph\":[{\"@type\":\"WebPage\",\"@id\":\"https:\/\/rst-steel.com\/product-category\/interior\/truck-floormats\/volvo-floormats\/leather-floor-mat-volvo-fh12-2002-2012-manual\/\",\"url\":\"https:\/\/rst-steel.com\/product-category\/interior\/truck-floormats\/volvo-floormats\/leather-floor-mat-volvo-fh12-2002-2012-manual\/\",\"name\":\"Leather Floor Mat Volvo FH12 2002-2012, Manual - RST-Steel\",\"isPartOf\":{\"@id\":\"https:\/\/rst-steel.com\/#website\"},\"primaryImageOfPage\":{\"@id\":\"https:\/\/rst-steel.com\/product-category\/interior\/truck-floormats\/volvo-floormats\/leather-floor-mat-volvo-fh12-2002-2012-manual\/#primaryimage\"},\"image\":{\"@id\":\"https:\/\/rst-steel.com\/product-category\/interior\/truck-floormats\/volvo-floormats\/leather-floor-mat-volvo-fh12-2002-2012-manual\/#primaryimage\"},\"thumbnailUrl\":\"https:\/\/rst-steel.com\/wp-content\/uploads\/2026\/03\/a7ea9be28072100536d196001073dd4b0f526ae1_e5dbb6bfa5cd1412171ae5fd824a3560.jpg\",\"datePublished\":\"2026-03-20T07:56:33+00:00\",\"dateModified\":\"2026-04-15T06:10:43+00:00\",\"breadcrumb\":{\"@id\":\"https:\/\/rst-steel.com\/product-category\/interior\/truck-floormats\/volvo-floormats\/leather-floor-mat-volvo-fh12-2002-2012-manual\/#breadcrumb\"},\"inLanguage\":\"sv-SE\",\"potentialAction\":[{\"@type\":\"ReadAction\",\"target\":[\"https:\/\/rst-steel.com\/product-category\/interior\/truck-floormats\/volvo-floormats\/leather-floor-mat-volvo-fh12-2002-2012-manual\/\"]}]},{\"@type\":\"ImageObject\",\"inLanguage\":\"sv-SE\",\"@id\":\"https:\/\/rst-steel.com\/product-category\/interior\/truck-floormats\/volvo-floormats\/leather-floor-mat-volvo-fh12-2002-2012-manual\/#primaryimage\",\"url\":\"https:\/\/rst-steel.com\/wp-content\/uploads\/2026\/03\/a7ea9be28072100536d196001073dd4b0f526ae1_e5dbb6bfa5cd1412171ae5fd824a3560.jpg\",\"contentUrl\":\"https:\/\/rst-steel.com\/wp-content\/uploads\/2026\/03\/a7ea9be28072100536d196001073dd4b0f526ae1_e5dbb6bfa5cd1412171ae5fd824a3560.jpg\",\"width\":800,\"height\":686,\"caption\":\"prm_65384\"},{\"@type\":\"BreadcrumbList\",\"@id\":\"https:\/\/rst-steel.com\/product-category\/interior\/truck-floormats\/volvo-floormats\/leather-floor-mat-volvo-fh12-2002-2012-manual\/#breadcrumb\",\"itemListElement\":[{\"@type\":\"ListItem\",\"position\":1,\"name\":\"Home\",\"item\":\"https:\/\/rst-steel.com\/\"},{\"@type\":\"ListItem\",\"position\":2,\"name\":\"RST-Steel Verkkokauppa\",\"item\":\"https:\/\/rst-steel.com\/shop\/\"},{\"@type\":\"ListItem\",\"position\":3,\"name\":\"Leather Floor Mat Volvo FH12 2002-2012, Manual\"}]},{\"@type\":\"WebSite\",\"@id\":\"https:\/\/rst-steel.com\/#website\",\"url\":\"https:\/\/rst-steel.com\/\",\"name\":\"RST-Steel Oy - Turvallista, tyylik\u00e4st\u00e4, ter\u00e4st\u00e4\",\"description\":\"Finnish quality for discerning drivers\",\"publisher\":{\"@id\":\"https:\/\/rst-steel.com\/#organization\"},\"potentialAction\":[{\"@type\":\"SearchAction\",\"target\":{\"@type\":\"EntryPoint\",\"urlTemplate\":\"https:\/\/rst-steel.com\/?s={search_term_string}\"},\"query-input\":{\"@type\":\"PropertyValueSpecification\",\"valueRequired\":true,\"valueName\":\"search_term_string\"}}],\"inLanguage\":\"sv-SE\"},{\"@type\":\"Organization\",\"@id\":\"https:\/\/rst-steel.com\/#organization\",\"name\":\"RST-Steel Oy\",\"alternateName\":\"RST-Steel Oy - Turvallista, tyylik\u00e4st\u00e4, ter\u00e4st\u00e4\",\"url\":\"https:\/\/rst-steel.com\/\",\"logo\":{\"@type\":\"ImageObject\",\"inLanguage\":\"sv-SE\",\"@id\":\"https:\/\/rst-steel.com\/#\/schema\/logo\/image\/\",\"url\":\"https:\/\/rst-steel.com\/wp-content\/uploads\/2025\/02\/cropped-rst-valkoinen-ilman-taustaa-02.png\",\"contentUrl\":\"https:\/\/rst-steel.com\/wp-content\/uploads\/2025\/02\/cropped-rst-valkoinen-ilman-taustaa-02.png\",\"width\":2319,\"height\":690,\"caption\":\"RST-Steel Oy\"},\"image\":{\"@id\":\"https:\/\/rst-steel.com\/#\/schema\/logo\/image\/\"}}]}<\/script>\n<!-- \/ Yoast SEO plugin. -->","yoast_head_json":{"title":"Leather Floor Mat Volvo FH12 2002-2012, Manual - RST-Steel","robots":{"index":"index","follow":"follow","max-snippet":"max-snippet:-1","max-image-preview":"max-image-preview:large","max-video-preview":"max-video-preview:-1"},"canonical":"https:\/\/rst-steel.com\/sv\/produkt-kategori\/interior\/truck-floormats\/volvo-floormats\/leather-floor-mat-volvo-fh12-2002-2012-manual\/","og_locale":"sv_SE","og_type":"article","og_title":"Leather Floor Mat Volvo FH12 2002-2012, Manual - RST-Steel","og_description":"Leather Floor Mat Volvo FH12 2002-2012, Manual Easy to install, covers the entire cabinfloor. Durable Eco-leather as surface material. Stays...","og_url":"https:\/\/rst-steel.com\/sv\/produkt-kategori\/interior\/truck-floormats\/volvo-floormats\/leather-floor-mat-volvo-fh12-2002-2012-manual\/","og_site_name":"RST-Steel","article_modified_time":"2026-04-15T06:10:43+00:00","og_image":[{"width":800,"height":686,"url":"https:\/\/rst-steel.com\/wp-content\/uploads\/2026\/03\/a7ea9be28072100536d196001073dd4b0f526ae1_e5dbb6bfa5cd1412171ae5fd824a3560.jpg","type":"image\/jpeg"}],"twitter_card":"summary_large_image","twitter_misc":{"Ber\u00e4knad l\u00e4stid":"1 minut"},"schema":{"@context":"https:\/\/schema.org","@graph":[{"@type":"WebPage","@id":"https:\/\/rst-steel.com\/product-category\/interior\/truck-floormats\/volvo-floormats\/leather-floor-mat-volvo-fh12-2002-2012-manual\/","url":"https:\/\/rst-steel.com\/product-category\/interior\/truck-floormats\/volvo-floormats\/leather-floor-mat-volvo-fh12-2002-2012-manual\/","name":"Leather Floor Mat Volvo FH12 2002-2012, Manual - RST-Steel","isPartOf":{"@id":"https:\/\/rst-steel.com\/#website"},"primaryImageOfPage":{"@id":"https:\/\/rst-steel.com\/product-category\/interior\/truck-floormats\/volvo-floormats\/leather-floor-mat-volvo-fh12-2002-2012-manual\/#primaryimage"},"image":{"@id":"https:\/\/rst-steel.com\/product-category\/interior\/truck-floormats\/volvo-floormats\/leather-floor-mat-volvo-fh12-2002-2012-manual\/#primaryimage"},"thumbnailUrl":"https:\/\/rst-steel.com\/wp-content\/uploads\/2026\/03\/a7ea9be28072100536d196001073dd4b0f526ae1_e5dbb6bfa5cd1412171ae5fd824a3560.jpg","datePublished":"2026-03-20T07:56:33+00:00","dateModified":"2026-04-15T06:10:43+00:00","breadcrumb":{"@id":"https:\/\/rst-steel.com\/product-category\/interior\/truck-floormats\/volvo-floormats\/leather-floor-mat-volvo-fh12-2002-2012-manual\/#breadcrumb"},"inLanguage":"sv-SE","potentialAction":[{"@type":"ReadAction","target":["https:\/\/rst-steel.com\/product-category\/interior\/truck-floormats\/volvo-floormats\/leather-floor-mat-volvo-fh12-2002-2012-manual\/"]}]},{"@type":"ImageObject","inLanguage":"sv-SE","@id":"https:\/\/rst-steel.com\/product-category\/interior\/truck-floormats\/volvo-floormats\/leather-floor-mat-volvo-fh12-2002-2012-manual\/#primaryimage","url":"https:\/\/rst-steel.com\/wp-content\/uploads\/2026\/03\/a7ea9be28072100536d196001073dd4b0f526ae1_e5dbb6bfa5cd1412171ae5fd824a3560.jpg","contentUrl":"https:\/\/rst-steel.com\/wp-content\/uploads\/2026\/03\/a7ea9be28072100536d196001073dd4b0f526ae1_e5dbb6bfa5cd1412171ae5fd824a3560.jpg","width":800,"height":686,"caption":"prm_65384"},{"@type":"BreadcrumbList","@id":"https:\/\/rst-steel.com\/product-category\/interior\/truck-floormats\/volvo-floormats\/leather-floor-mat-volvo-fh12-2002-2012-manual\/#breadcrumb","itemListElement":[{"@type":"ListItem","position":1,"name":"Home","item":"https:\/\/rst-steel.com\/"},{"@type":"ListItem","position":2,"name":"RST-Steel Verkkokauppa","item":"https:\/\/rst-steel.com\/shop\/"},{"@type":"ListItem","position":3,"name":"Leather Floor Mat Volvo FH12 2002-2012, Manual"}]},{"@type":"WebSite","@id":"https:\/\/rst-steel.com\/#website","url":"https:\/\/rst-steel.com\/","name":"RST-Steel Oy - Turvallista, tyylik\u00e4st\u00e4, ter\u00e4st\u00e4","description":"Finsk kvalitet f\u00f6r kvalitetsmedvetna f\u00f6rare","publisher":{"@id":"https:\/\/rst-steel.com\/#organization"},"potentialAction":[{"@type":"SearchAction","target":{"@type":"EntryPoint","urlTemplate":"https:\/\/rst-steel.com\/?s={search_term_string}"},"query-input":{"@type":"PropertyValueSpecification","valueRequired":true,"valueName":"search_term_string"}}],"inLanguage":"sv-SE"},{"@type":"Organization","@id":"https:\/\/rst-steel.com\/#organization","name":"RST-Steel Oy","alternateName":"RST-Steel Oy - Turvallista, tyylik\u00e4st\u00e4, ter\u00e4st\u00e4","url":"https:\/\/rst-steel.com\/","logo":{"@type":"ImageObject","inLanguage":"sv-SE","@id":"https:\/\/rst-steel.com\/#\/schema\/logo\/image\/","url":"https:\/\/rst-steel.com\/wp-content\/uploads\/2025\/02\/cropped-rst-valkoinen-ilman-taustaa-02.png","contentUrl":"https:\/\/rst-steel.com\/wp-content\/uploads\/2025\/02\/cropped-rst-valkoinen-ilman-taustaa-02.png","width":2319,"height":690,"caption":"RST-Steel Oy"},"image":{"@id":"https:\/\/rst-steel.com\/#\/schema\/logo\/image\/"}}]}},"_links":{"self":[{"href":"https:\/\/rst-steel.com\/sv\/wp-json\/wp\/v2\/product\/190870","targetHints":{"allow":["GET"]}}],"collection":[{"href":"https:\/\/rst-steel.com\/sv\/wp-json\/wp\/v2\/product"}],"about":[{"href":"https:\/\/rst-steel.com\/sv\/wp-json\/wp\/v2\/types\/product"}],"version-history":[{"count":1,"href":"https:\/\/rst-steel.com\/sv\/wp-json\/wp\/v2\/product\/190870\/revisions"}],"predecessor-version":[{"id":199068,"href":"https:\/\/rst-steel.com\/sv\/wp-json\/wp\/v2\/product\/190870\/revisions\/199068"}],"wp:featuredmedia":[{"embeddable":true,"href":"https:\/\/rst-steel.com\/sv\/wp-json\/wp\/v2\/media\/190867"}],"wp:attachment":[{"href":"https:\/\/rst-steel.com\/sv\/wp-json\/wp\/v2\/media?parent=190870"}],"wp:term":[{"taxonomy":"make_year","embeddable":true,"href":"https:\/\/rst-steel.com\/sv\/wp-json\/wp\/v2\/make_year?post=190870"},{"taxonomy":"make_brand","embeddable":true,"href":"https:\/\/rst-steel.com\/sv\/wp-json\/wp\/v2\/make_brand?post=190870"},{"taxonomy":"make_model","embeddable":true,"href":"https:\/\/rst-steel.com\/sv\/wp-json\/wp\/v2\/make_model?post=190870"},{"taxonomy":"make_fuel_type","embeddable":true,"href":"https:\/\/rst-steel.com\/sv\/wp-json\/wp\/v2\/make_fuel_type?post=190870"},{"taxonomy":"product_brand","embeddable":true,"href":"https:\/\/rst-steel.com\/sv\/wp-json\/wp\/v2\/product_brand?post=190870"},{"taxonomy":"product_cat","embeddable":true,"href":"https:\/\/rst-steel.com\/sv\/wp-json\/wp\/v2\/product_cat?post=190870"},{"taxonomy":"product_tag","embeddable":true,"href":"https:\/\/rst-steel.com\/sv\/wp-json\/wp\/v2\/product_tag?post=190870"}],"curies":[{"name":"wp","href":"https:\/\/api.w.org\/{rel}","templated":true}]}}