{"id":190906,"date":"2026-03-20T09:57:00","date_gmt":"2026-03-20T07:57:00","guid":{"rendered":"https:\/\/rst-steel.com\/tuote-osasto\/Ei-luokiteltu\/lazer-grille-kit-mb-sprinter-w907-2018-triple-r-750-gen2\/"},"modified":"2026-03-20T09:57:05","modified_gmt":"2026-03-20T07:57:05","slug":"lazer-grille-kit-mb-sprinter-w907-2018-triple-r-750-gen2","status":"publish","type":"product","link":"https:\/\/rst-steel.com\/sv\/produkt-kategori\/lighting\/auxiliary-lights\/lazer-vehicle-specific-driving-light-kits\/lazer-grille-kit-mb-sprinter-w907-2018-triple-r-750-gen2\/","title":{"rendered":"Lazer Grille Kit MB Sprinter W907 2018- Triple-R 750 Gen2"},"content":{"rendered":"<p>Lazer Grille Kit MB Sprinter W907 2018-&nbsp;With Triple-R 750 Auxiliary Light<\/p>\n<ul>\n<li>&nbsp;<\/li>\n<\/ul>\n<p>Lazer Grille Integration Kits include bespoke mounting brackets which allow for quick and easy fitting of Lazer High Performance LED Spotlights within the front grille of the most popular road cars, pick-up trucks, and light commercial vehicles.<\/p>\n<p>Designed to blend seamlessly within the original styling of each vehicle, the resulting lighting setup not only maintains a clean, factory-finished appearance but also remains fully robust and secure. Additionally, it offers enhanced protection against theft.<\/p>\n<p>The Mercedes Sprinter kit, designed for MY18 models and onwards, includes a pair of Triple-R 750 High Performance LED driving lights, a complete wiring kit, and four precision-engineered brackets. These brackets are specifically crafted to fit perfectly within the standard centre grille of the vehicle, ensuring a seamless and secure installation.<\/p>\n<ul>\n<li>&nbsp;<\/li>\n<\/ul>\n<p><span style=\"font-weight: bold\">Product Features:<\/span><\/p>\n<ul>\n<li>Custom fit for Mercedes-Sprinter 2018-<\/li>\n<li>Designed for use with Triple-R 750 High Performance LED Spotlights<\/li>\n<li>Added option for white or amber position\/side light function (Standard model only)<\/li>\n<li>Kit also includes bespoke mounting brackets and two-lamp wiring kit<\/li>\n<li>Brackets made from high strength, UV-stable, composite material<\/li>\n<li>Installation completed with grille left in-situ on vehicle<\/li>\n<li>Fully road-legal<\/li>\n<li>5-year warranty<\/li>\n<\/ul>\n<p>&nbsp;<\/p>\n<p>&nbsp;<\/p>\n<p><span style=\"font-weight: bold\">What&#8217;s Included:<\/span><\/p>\n<ul>\n<li>Lazer Grille Kit MB<\/li>\n<li>2x Triple-R 750 LED Lamps<\/li>\n<li>Two-Lamps Wiring Kit<\/li>\n<li>Installation Instructions<\/li>\n<\/ul>","protected":false},"excerpt":{"rendered":"<p>Lazer Grille Kit MB Sprinter W907 2018-&nbsp;With Triple-R 750 Auxiliary Light &nbsp; Lazer Grille Integration Kits include bespoke mounting brackets&#8230;<\/p>","protected":false},"featured_media":190901,"template":"","meta":{"_improvement_type_select":"improve_an_existing","_thumb_yes_seoaic":false,"_frame_yes_seoaic":false,"seoaic_generate_description":"","seoaic_improve_instructions_prompt":"","seoaic_rollback_content_improvement":"","seoaic_idea_thumbnail_generator":"","thumbnail_generated":false,"thumbnail_generate_prompt":"","seoaic_article_description":""},"make_year":[10908],"make_brand":[10928],"make_model":[10958],"make_fuel_type":[],"product_brand":[9442],"product_cat":[10604,10620,10603],"product_tag":[],"class_list":{"0":"post-190906","1":"product","2":"type-product","3":"status-publish","4":"has-post-thumbnail","6":"make_year-van","7":"make_brand-mb-van","8":"make_model-w907-w910-sprinter","9":"make_engine-sprinter-l1-h1-etuveto-akselivali-3259mm","10":"make_engine-sprinter-l2-h1-akselivali-3665mm","11":"make_engine-sprinter-l2-h2-etuveto-akselivali-3924mm","12":"make_engine-sprinter-l2-h2-akselivali-3665mm","13":"make_engine-sprinter-l3-h2-akselivali-4325mm","14":"make_engine-sprinter-l3-h3-akselivali-4325mm","15":"make_engine-sprinter-l4-h2-akselivali-4325mm","16":"make_engine-sprinter-l4-h3-akselivali-4325mm","17":"product_brand-brand_lazer_lamps","18":"product_cat-auxiliary-lights","19":"product_cat-lazer-vehicle-specific-driving-light-kits","20":"product_cat-lighting","22":"first","23":"instock","24":"taxable","25":"shipping-taxable","26":"purchasable","27":"product-type-variable"},"yoast_head":"<!-- This site is optimized with the Yoast SEO plugin v27.1.1 - https:\/\/yoast.com\/product\/yoast-seo-wordpress\/ -->\n<title>Lazer Grille Kit MB Sprinter W907 2018- RST-Steel<\/title>\n<meta name=\"description\" content=\"Enhance your 2018 MB Sprinter W907 with the Lazer Grille Kit. Features Triple-R 750 Gen2 lights for improved visibility and a sleek look. By RST Steel.\" \/>\n<meta name=\"robots\" content=\"index, follow, max-snippet:-1, max-image-preview:large, max-video-preview:-1\" \/>\n<link rel=\"canonical\" href=\"https:\/\/rst-steel.com\/sv\/produkt-kategori\/lighting\/auxiliary-lights\/lazer-vehicle-specific-driving-light-kits\/lazer-grille-kit-mb-sprinter-w907-2018-triple-r-750-gen2\/\" \/>\n<meta property=\"og:locale\" content=\"sv_SE\" \/>\n<meta property=\"og:type\" content=\"article\" \/>\n<meta property=\"og:title\" content=\"Lazer Grille Kit MB Sprinter W907 2018- RST-Steel\" \/>\n<meta property=\"og:description\" content=\"Enhance your 2018 MB Sprinter W907 with the Lazer Grille Kit. Features Triple-R 750 Gen2 lights for improved visibility and a sleek look. By RST Steel.\" \/>\n<meta property=\"og:url\" content=\"https:\/\/rst-steel.com\/sv\/produkt-kategori\/lighting\/auxiliary-lights\/lazer-vehicle-specific-driving-light-kits\/lazer-grille-kit-mb-sprinter-w907-2018-triple-r-750-gen2\/\" \/>\n<meta property=\"og:site_name\" content=\"RST-Steel\" \/>\n<meta property=\"article:modified_time\" content=\"2026-03-20T07:57:05+00:00\" \/>\n<meta property=\"og:image\" content=\"https:\/\/rst-steel.com\/wp-content\/uploads\/2026\/03\/332ea82478d1f306f79556e3296b042ea85c7146_6a1f34fb6a1b021b18c71ba95c149426.jpg\" \/>\n\t<meta property=\"og:image:width\" content=\"1000\" \/>\n\t<meta property=\"og:image:height\" content=\"750\" \/>\n\t<meta property=\"og:image:type\" content=\"image\/jpeg\" \/>\n<meta name=\"twitter:card\" content=\"summary_large_image\" \/>\n<meta name=\"twitter:label1\" content=\"Ber\u00e4knad l\u00e4stid\" \/>\n\t<meta name=\"twitter:data1\" content=\"2 minuter\" \/>\n<script type=\"application\/ld+json\" class=\"yoast-schema-graph\">{\"@context\":\"https:\/\/schema.org\",\"@graph\":[{\"@type\":\"WebPage\",\"@id\":\"https:\/\/rst-steel.com\/product-category\/lighting\/auxiliary-lights\/lazer-vehicle-specific-driving-light-kits\/lazer-grille-kit-mb-sprinter-w907-2018-triple-r-750-gen2\/\",\"url\":\"https:\/\/rst-steel.com\/product-category\/lighting\/auxiliary-lights\/lazer-vehicle-specific-driving-light-kits\/lazer-grille-kit-mb-sprinter-w907-2018-triple-r-750-gen2\/\",\"name\":\"Lazer Grille Kit MB Sprinter W907 2018- RST-Steel\",\"isPartOf\":{\"@id\":\"https:\/\/rst-steel.com\/#website\"},\"primaryImageOfPage\":{\"@id\":\"https:\/\/rst-steel.com\/product-category\/lighting\/auxiliary-lights\/lazer-vehicle-specific-driving-light-kits\/lazer-grille-kit-mb-sprinter-w907-2018-triple-r-750-gen2\/#primaryimage\"},\"image\":{\"@id\":\"https:\/\/rst-steel.com\/product-category\/lighting\/auxiliary-lights\/lazer-vehicle-specific-driving-light-kits\/lazer-grille-kit-mb-sprinter-w907-2018-triple-r-750-gen2\/#primaryimage\"},\"thumbnailUrl\":\"https:\/\/rst-steel.com\/wp-content\/uploads\/2026\/03\/332ea82478d1f306f79556e3296b042ea85c7146_6a1f34fb6a1b021b18c71ba95c149426.jpg\",\"datePublished\":\"2026-03-20T07:57:00+00:00\",\"dateModified\":\"2026-03-20T07:57:05+00:00\",\"description\":\"Enhance your 2018 MB Sprinter W907 with the Lazer Grille Kit. Features Triple-R 750 Gen2 lights for improved visibility and a sleek look. By RST Steel.\",\"breadcrumb\":{\"@id\":\"https:\/\/rst-steel.com\/product-category\/lighting\/auxiliary-lights\/lazer-vehicle-specific-driving-light-kits\/lazer-grille-kit-mb-sprinter-w907-2018-triple-r-750-gen2\/#breadcrumb\"},\"inLanguage\":\"sv-SE\",\"potentialAction\":[{\"@type\":\"ReadAction\",\"target\":[\"https:\/\/rst-steel.com\/product-category\/lighting\/auxiliary-lights\/lazer-vehicle-specific-driving-light-kits\/lazer-grille-kit-mb-sprinter-w907-2018-triple-r-750-gen2\/\"]}]},{\"@type\":\"ImageObject\",\"inLanguage\":\"sv-SE\",\"@id\":\"https:\/\/rst-steel.com\/product-category\/lighting\/auxiliary-lights\/lazer-vehicle-specific-driving-light-kits\/lazer-grille-kit-mb-sprinter-w907-2018-triple-r-750-gen2\/#primaryimage\",\"url\":\"https:\/\/rst-steel.com\/wp-content\/uploads\/2026\/03\/332ea82478d1f306f79556e3296b042ea85c7146_6a1f34fb6a1b021b18c71ba95c149426.jpg\",\"contentUrl\":\"https:\/\/rst-steel.com\/wp-content\/uploads\/2026\/03\/332ea82478d1f306f79556e3296b042ea85c7146_6a1f34fb6a1b021b18c71ba95c149426.jpg\",\"width\":1000,\"height\":750,\"caption\":\"prm_65586\"},{\"@type\":\"BreadcrumbList\",\"@id\":\"https:\/\/rst-steel.com\/product-category\/lighting\/auxiliary-lights\/lazer-vehicle-specific-driving-light-kits\/lazer-grille-kit-mb-sprinter-w907-2018-triple-r-750-gen2\/#breadcrumb\",\"itemListElement\":[{\"@type\":\"ListItem\",\"position\":1,\"name\":\"Home\",\"item\":\"https:\/\/rst-steel.com\/\"},{\"@type\":\"ListItem\",\"position\":2,\"name\":\"RST-Steel Verkkokauppa\",\"item\":\"https:\/\/rst-steel.com\/shop\/\"},{\"@type\":\"ListItem\",\"position\":3,\"name\":\"Lazer Grille Kit MB Sprinter W907 2018- Triple-R 750 Gen2\"}]},{\"@type\":\"WebSite\",\"@id\":\"https:\/\/rst-steel.com\/#website\",\"url\":\"https:\/\/rst-steel.com\/\",\"name\":\"RST-Steel Oy - Turvallista, tyylik\u00e4st\u00e4, ter\u00e4st\u00e4\",\"description\":\"Finnish quality for discerning drivers\",\"publisher\":{\"@id\":\"https:\/\/rst-steel.com\/#organization\"},\"potentialAction\":[{\"@type\":\"SearchAction\",\"target\":{\"@type\":\"EntryPoint\",\"urlTemplate\":\"https:\/\/rst-steel.com\/?s={search_term_string}\"},\"query-input\":{\"@type\":\"PropertyValueSpecification\",\"valueRequired\":true,\"valueName\":\"search_term_string\"}}],\"inLanguage\":\"sv-SE\"},{\"@type\":\"Organization\",\"@id\":\"https:\/\/rst-steel.com\/#organization\",\"name\":\"RST-Steel Oy\",\"alternateName\":\"RST-Steel Oy - Turvallista, tyylik\u00e4st\u00e4, ter\u00e4st\u00e4\",\"url\":\"https:\/\/rst-steel.com\/\",\"logo\":{\"@type\":\"ImageObject\",\"inLanguage\":\"sv-SE\",\"@id\":\"https:\/\/rst-steel.com\/#\/schema\/logo\/image\/\",\"url\":\"https:\/\/rst-steel.com\/wp-content\/uploads\/2025\/02\/cropped-rst-valkoinen-ilman-taustaa-02.png\",\"contentUrl\":\"https:\/\/rst-steel.com\/wp-content\/uploads\/2025\/02\/cropped-rst-valkoinen-ilman-taustaa-02.png\",\"width\":2319,\"height\":690,\"caption\":\"RST-Steel Oy\"},\"image\":{\"@id\":\"https:\/\/rst-steel.com\/#\/schema\/logo\/image\/\"}}]}<\/script>\n<!-- \/ Yoast SEO plugin. -->","yoast_head_json":{"title":"Lazer Grille Kit MB Sprinter W907 2018- RST-Steel","description":"Enhance your 2018 MB Sprinter W907 with the Lazer Grille Kit. Features Triple-R 750 Gen2 lights for improved visibility and a sleek look. By RST Steel.","robots":{"index":"index","follow":"follow","max-snippet":"max-snippet:-1","max-image-preview":"max-image-preview:large","max-video-preview":"max-video-preview:-1"},"canonical":"https:\/\/rst-steel.com\/sv\/produkt-kategori\/lighting\/auxiliary-lights\/lazer-vehicle-specific-driving-light-kits\/lazer-grille-kit-mb-sprinter-w907-2018-triple-r-750-gen2\/","og_locale":"sv_SE","og_type":"article","og_title":"Lazer Grille Kit MB Sprinter W907 2018- RST-Steel","og_description":"Enhance your 2018 MB Sprinter W907 with the Lazer Grille Kit. Features Triple-R 750 Gen2 lights for improved visibility and a sleek look. By RST Steel.","og_url":"https:\/\/rst-steel.com\/sv\/produkt-kategori\/lighting\/auxiliary-lights\/lazer-vehicle-specific-driving-light-kits\/lazer-grille-kit-mb-sprinter-w907-2018-triple-r-750-gen2\/","og_site_name":"RST-Steel","article_modified_time":"2026-03-20T07:57:05+00:00","og_image":[{"width":1000,"height":750,"url":"https:\/\/rst-steel.com\/wp-content\/uploads\/2026\/03\/332ea82478d1f306f79556e3296b042ea85c7146_6a1f34fb6a1b021b18c71ba95c149426.jpg","type":"image\/jpeg"}],"twitter_card":"summary_large_image","twitter_misc":{"Ber\u00e4knad l\u00e4stid":"2 minuter"},"schema":{"@context":"https:\/\/schema.org","@graph":[{"@type":"WebPage","@id":"https:\/\/rst-steel.com\/product-category\/lighting\/auxiliary-lights\/lazer-vehicle-specific-driving-light-kits\/lazer-grille-kit-mb-sprinter-w907-2018-triple-r-750-gen2\/","url":"https:\/\/rst-steel.com\/product-category\/lighting\/auxiliary-lights\/lazer-vehicle-specific-driving-light-kits\/lazer-grille-kit-mb-sprinter-w907-2018-triple-r-750-gen2\/","name":"Lazer Grille Kit MB Sprinter W907 2018- RST-Steel","isPartOf":{"@id":"https:\/\/rst-steel.com\/#website"},"primaryImageOfPage":{"@id":"https:\/\/rst-steel.com\/product-category\/lighting\/auxiliary-lights\/lazer-vehicle-specific-driving-light-kits\/lazer-grille-kit-mb-sprinter-w907-2018-triple-r-750-gen2\/#primaryimage"},"image":{"@id":"https:\/\/rst-steel.com\/product-category\/lighting\/auxiliary-lights\/lazer-vehicle-specific-driving-light-kits\/lazer-grille-kit-mb-sprinter-w907-2018-triple-r-750-gen2\/#primaryimage"},"thumbnailUrl":"https:\/\/rst-steel.com\/wp-content\/uploads\/2026\/03\/332ea82478d1f306f79556e3296b042ea85c7146_6a1f34fb6a1b021b18c71ba95c149426.jpg","datePublished":"2026-03-20T07:57:00+00:00","dateModified":"2026-03-20T07:57:05+00:00","description":"Enhance your 2018 MB Sprinter W907 with the Lazer Grille Kit. Features Triple-R 750 Gen2 lights for improved visibility and a sleek look. By RST Steel.","breadcrumb":{"@id":"https:\/\/rst-steel.com\/product-category\/lighting\/auxiliary-lights\/lazer-vehicle-specific-driving-light-kits\/lazer-grille-kit-mb-sprinter-w907-2018-triple-r-750-gen2\/#breadcrumb"},"inLanguage":"sv-SE","potentialAction":[{"@type":"ReadAction","target":["https:\/\/rst-steel.com\/product-category\/lighting\/auxiliary-lights\/lazer-vehicle-specific-driving-light-kits\/lazer-grille-kit-mb-sprinter-w907-2018-triple-r-750-gen2\/"]}]},{"@type":"ImageObject","inLanguage":"sv-SE","@id":"https:\/\/rst-steel.com\/product-category\/lighting\/auxiliary-lights\/lazer-vehicle-specific-driving-light-kits\/lazer-grille-kit-mb-sprinter-w907-2018-triple-r-750-gen2\/#primaryimage","url":"https:\/\/rst-steel.com\/wp-content\/uploads\/2026\/03\/332ea82478d1f306f79556e3296b042ea85c7146_6a1f34fb6a1b021b18c71ba95c149426.jpg","contentUrl":"https:\/\/rst-steel.com\/wp-content\/uploads\/2026\/03\/332ea82478d1f306f79556e3296b042ea85c7146_6a1f34fb6a1b021b18c71ba95c149426.jpg","width":1000,"height":750,"caption":"prm_65586"},{"@type":"BreadcrumbList","@id":"https:\/\/rst-steel.com\/product-category\/lighting\/auxiliary-lights\/lazer-vehicle-specific-driving-light-kits\/lazer-grille-kit-mb-sprinter-w907-2018-triple-r-750-gen2\/#breadcrumb","itemListElement":[{"@type":"ListItem","position":1,"name":"Home","item":"https:\/\/rst-steel.com\/"},{"@type":"ListItem","position":2,"name":"RST-Steel Verkkokauppa","item":"https:\/\/rst-steel.com\/shop\/"},{"@type":"ListItem","position":3,"name":"Lazer Grille Kit MB Sprinter W907 2018- Triple-R 750 Gen2"}]},{"@type":"WebSite","@id":"https:\/\/rst-steel.com\/#website","url":"https:\/\/rst-steel.com\/","name":"RST-Steel Oy - Turvallista, tyylik\u00e4st\u00e4, ter\u00e4st\u00e4","description":"Finsk kvalitet f\u00f6r kvalitetsmedvetna f\u00f6rare","publisher":{"@id":"https:\/\/rst-steel.com\/#organization"},"potentialAction":[{"@type":"SearchAction","target":{"@type":"EntryPoint","urlTemplate":"https:\/\/rst-steel.com\/?s={search_term_string}"},"query-input":{"@type":"PropertyValueSpecification","valueRequired":true,"valueName":"search_term_string"}}],"inLanguage":"sv-SE"},{"@type":"Organization","@id":"https:\/\/rst-steel.com\/#organization","name":"Hantera alternativ","alternateName":"RST-Steel Oy - Turvallista, tyylik\u00e4st\u00e4, ter\u00e4st\u00e4","url":"https:\/\/rst-steel.com\/","logo":{"@type":"ImageObject","inLanguage":"sv-SE","@id":"https:\/\/rst-steel.com\/#\/schema\/logo\/image\/","url":"https:\/\/rst-steel.com\/wp-content\/uploads\/2025\/02\/cropped-rst-valkoinen-ilman-taustaa-02.png","contentUrl":"https:\/\/rst-steel.com\/wp-content\/uploads\/2025\/02\/cropped-rst-valkoinen-ilman-taustaa-02.png","width":2319,"height":690,"caption":"RST-Steel Oy"},"image":{"@id":"https:\/\/rst-steel.com\/#\/schema\/logo\/image\/"}}]}},"_links":{"self":[{"href":"https:\/\/rst-steel.com\/sv\/wp-json\/wp\/v2\/product\/190906","targetHints":{"allow":["GET"]}}],"collection":[{"href":"https:\/\/rst-steel.com\/sv\/wp-json\/wp\/v2\/product"}],"about":[{"href":"https:\/\/rst-steel.com\/sv\/wp-json\/wp\/v2\/types\/product"}],"version-history":[{"count":0,"href":"https:\/\/rst-steel.com\/sv\/wp-json\/wp\/v2\/product\/190906\/revisions"}],"wp:featuredmedia":[{"embeddable":true,"href":"https:\/\/rst-steel.com\/sv\/wp-json\/wp\/v2\/media\/190901"}],"wp:attachment":[{"href":"https:\/\/rst-steel.com\/sv\/wp-json\/wp\/v2\/media?parent=190906"}],"wp:term":[{"taxonomy":"make_year","embeddable":true,"href":"https:\/\/rst-steel.com\/sv\/wp-json\/wp\/v2\/make_year?post=190906"},{"taxonomy":"make_brand","embeddable":true,"href":"https:\/\/rst-steel.com\/sv\/wp-json\/wp\/v2\/make_brand?post=190906"},{"taxonomy":"make_model","embeddable":true,"href":"https:\/\/rst-steel.com\/sv\/wp-json\/wp\/v2\/make_model?post=190906"},{"taxonomy":"make_fuel_type","embeddable":true,"href":"https:\/\/rst-steel.com\/sv\/wp-json\/wp\/v2\/make_fuel_type?post=190906"},{"taxonomy":"product_brand","embeddable":true,"href":"https:\/\/rst-steel.com\/sv\/wp-json\/wp\/v2\/product_brand?post=190906"},{"taxonomy":"product_cat","embeddable":true,"href":"https:\/\/rst-steel.com\/sv\/wp-json\/wp\/v2\/product_cat?post=190906"},{"taxonomy":"product_tag","embeddable":true,"href":"https:\/\/rst-steel.com\/sv\/wp-json\/wp\/v2\/product_tag?post=190906"}],"curies":[{"name":"wp","href":"https:\/\/api.w.org\/{rel}","templated":true}]}}