{"id":190968,"date":"2026-03-20T09:57:54","date_gmt":"2026-03-20T07:57:54","guid":{"rendered":"https:\/\/rst-steel.com\/tuote-osasto\/Ei-luokiteltu\/roof-bar-john-deere-normal-roof-6r-2016\/"},"modified":"2026-04-10T10:17:04","modified_gmt":"2026-04-10T07:17:04","slug":"roof-bar-john-deere-normal-roof-6r-2016","status":"publish","type":"product","link":"https:\/\/rst-steel.com\/sv\/produkt-kategori\/light-bars\/roof-bars-for-tractors\/john-deere-roof-bars\/roof-bar-john-deere-normal-roof-6r-2016\/","title":{"rendered":"Roof Bar John Deere (normal Roof) 6R 2016-"},"content":{"rendered":"<p>Roof Bar John Deere (normal Roof) 6R 2016-<\/p>\n<ul>\n<li><\/li>\n<\/ul>\n<p><\/p>\n<p><span style=\"font-weight: bold\">Features:<\/span><\/p>\n<ul>\n<li><span style=\"font-weight: bold\">Compatibility<\/span>: Designed for&nbsp;John Deere 6R 2016 -models with Normal roof, ensuring quick and effortless installation.<\/li>\n<li><span style=\"font-weight: bold\">Materials<\/span>: Made from durable stainless steel, guaranteeing long service life and excellent weather resistance.<\/li>\n<li><span style=\"font-weight: bold\">Stylish Design<\/span>: Polished or painted finish and elegant design enhance the appearance of your tractor.<\/li>\n<li><span style=\"font-weight: bold\">Light Installation<\/span>:&nbsp;Thanks to the welded light brackets, you can easily mount several additional lights onto the roof bar.<\/li>\n<li><span style=\"font-weight: bold\">S\u00e4kerhet<\/span>: Enhances visibility in dark and challenging driving conditions, increasing safety for both the driver and other road users.<\/li>\n<li><\/li>\n<\/ul>\n<p><\/p>\n<p><span style=\"font-weight: bold\">RST-Steel&#8217;s roof bars<\/span>&nbsp;are high-quality products made in&nbsp;<span style=\"font-weight: bold\">Finland&nbsp;<\/span>from stainless steel.&nbsp;<\/p>\n<p>Designed to complement the stylish lines of your tractor, the roof bar not only enhances its appearance but also adds practicality and safety. It can be equipped with auxiliary-, work- and position lights, ensuring maximum visibility on the road and improved safety for both you and other road users.<\/p>\n<p><\/p>\n<p><span style=\"font-weight: bold\">Compatible with 2pcs 40cm auxiliary light panel or 4pcs 9\u2019\u2019 round lamps.<\/span><\/p>\n<ul>\n<li><\/li>\n<\/ul>\n<p>&nbsp;<\/p>\n<p><span style=\"font-weight: bold\">Why Choose RST-Steel?<\/span><\/p>\n<ul>\n<li><span style=\"font-weight: bold\">Tillverkade i Finland<\/span>: All our products are manufactured in our own production facility in Nivala, Finland.<\/li>\n<li><span style=\"font-weight: bold\">Reliability<\/span>: Years of experience and expertise ensure the high quality and durability of our products.<\/li>\n<li><span style=\"font-weight: bold\">Customer Satisfaction:<\/span>&nbsp;Thousands of satisfied customers worldwide trust RST-Steel products.<\/li>\n<li><\/li>\n<\/ul>\n<p>&nbsp;<\/p>\n<p><span style=\"font-weight: bold\">Technical information:<\/span><\/p>\n<ul>\n<li>Color: Polished stainless steel or Powdercoated with RAL colors<\/li>\n<li>Pipe diameter: 60 mm<\/li>\n<li>Welded Auxiliary light brackets 4pcs<\/li>\n<li>&nbsp;Welded work light brackets 8pcs\n<li><\/li>\n<\/li>\n<li><\/li>\n<\/ul>\n<p>&nbsp;<\/p>\n<p><span style=\"font-weight: bold\">Delivery contents:<\/span><\/p>\n<ul>\n<li>Roof Bar<\/li>\n<li>Fasteners required for installation<\/li>\n<li>Installation instructions<\/li>\n<\/ul>","protected":false},"excerpt":{"rendered":"<p>Roof Bar John Deere (normal Roof) 6R 2016- Features: Compatibility: Designed for&nbsp;John Deere 6R 2016 -models with Normal roof, ensuring&#8230;<\/p>","protected":false},"featured_media":190965,"template":"","meta":{"_improvement_type_select":"improve_an_existing","_thumb_yes_seoaic":false,"_frame_yes_seoaic":false,"seoaic_generate_description":"","seoaic_improve_instructions_prompt":"","seoaic_rollback_content_improvement":"","seoaic_idea_thumbnail_generator":"","thumbnail_generated":false,"thumbnail_generate_prompt":"","seoaic_article_description":""},"make_year":[10906],"make_brand":[10923],"make_model":[],"make_fuel_type":[],"product_brand":[9443],"product_cat":[10579,10508,10574],"product_tag":[],"class_list":{"0":"post-190968","1":"product","2":"type-product","3":"status-publish","4":"has-post-thumbnail","6":"make_year-tractor-com","7":"make_brand-john-deere-com","8":"product_brand-brand_rststeel","9":"product_cat-john-deere-roof-bars","10":"product_cat-light-bars","11":"product_cat-roof-bars-for-tractors","12":"product_shipping_class-lightbars","14":"first","15":"instock","16":"sale","17":"taxable","18":"shipping-taxable","19":"purchasable","20":"product-type-variable"},"yoast_head":"<!-- This site is optimized with the Yoast SEO plugin v27.1.1 - https:\/\/yoast.com\/product\/yoast-seo-wordpress\/ -->\n<title>Roof Bar John Deere (normal Roof) 6R 2016- RST-Steel<\/title>\n<meta name=\"description\" content=\"High-quality roof bar for John Deere 6R-series tractors (2016\u2013 onwards) with a standard roof. Durable and easy to install.\" \/>\n<meta name=\"robots\" content=\"index, follow, max-snippet:-1, max-image-preview:large, max-video-preview:-1\" \/>\n<link rel=\"canonical\" href=\"https:\/\/rst-steel.com\/sv\/produkt-kategori\/light-bars\/roof-bars-for-tractors\/john-deere-roof-bars\/roof-bar-john-deere-normal-roof-6r-2016\/\" \/>\n<meta property=\"og:locale\" content=\"sv_SE\" \/>\n<meta property=\"og:type\" content=\"article\" \/>\n<meta property=\"og:title\" content=\"Roof Bar John Deere (normal Roof) 6R 2016- RST-Steel\" \/>\n<meta property=\"og:description\" content=\"High-quality roof bar for John Deere 6R-series tractors (2016\u2013 onwards) with a standard roof. Durable and easy to install.\" \/>\n<meta property=\"og:url\" content=\"https:\/\/rst-steel.com\/sv\/produkt-kategori\/light-bars\/roof-bars-for-tractors\/john-deere-roof-bars\/roof-bar-john-deere-normal-roof-6r-2016\/\" \/>\n<meta property=\"og:site_name\" content=\"RST-Steel\" \/>\n<meta property=\"article:modified_time\" content=\"2026-04-10T07:17:04+00:00\" \/>\n<meta property=\"og:image\" content=\"https:\/\/rst-steel.com\/wp-content\/uploads\/2026\/03\/4ddbcc05f19f8c0ca5cb9c9180ac7bd005bb7583_4f98ee6c2b581c99924168b5ec05202d.jpg\" \/>\n\t<meta property=\"og:image:width\" content=\"960\" \/>\n\t<meta property=\"og:image:height\" content=\"1000\" \/>\n\t<meta property=\"og:image:type\" content=\"image\/jpeg\" \/>\n<meta name=\"twitter:card\" content=\"summary_large_image\" \/>\n<meta name=\"twitter:label1\" content=\"Ber\u00e4knad l\u00e4stid\" \/>\n\t<meta name=\"twitter:data1\" content=\"2 minuter\" \/>\n<script type=\"application\/ld+json\" class=\"yoast-schema-graph\">{\"@context\":\"https:\/\/schema.org\",\"@graph\":[{\"@type\":\"WebPage\",\"@id\":\"https:\/\/rst-steel.com\/product-category\/light-bars\/roof-bars-for-tractors\/john-deere-roof-bars\/roof-bar-john-deere-normal-roof-6r-2016\/\",\"url\":\"https:\/\/rst-steel.com\/product-category\/light-bars\/roof-bars-for-tractors\/john-deere-roof-bars\/roof-bar-john-deere-normal-roof-6r-2016\/\",\"name\":\"Roof Bar John Deere (normal Roof) 6R 2016- RST-Steel\",\"isPartOf\":{\"@id\":\"https:\/\/rst-steel.com\/#website\"},\"primaryImageOfPage\":{\"@id\":\"https:\/\/rst-steel.com\/product-category\/light-bars\/roof-bars-for-tractors\/john-deere-roof-bars\/roof-bar-john-deere-normal-roof-6r-2016\/#primaryimage\"},\"image\":{\"@id\":\"https:\/\/rst-steel.com\/product-category\/light-bars\/roof-bars-for-tractors\/john-deere-roof-bars\/roof-bar-john-deere-normal-roof-6r-2016\/#primaryimage\"},\"thumbnailUrl\":\"https:\/\/rst-steel.com\/wp-content\/uploads\/2026\/03\/4ddbcc05f19f8c0ca5cb9c9180ac7bd005bb7583_4f98ee6c2b581c99924168b5ec05202d.jpg\",\"datePublished\":\"2026-03-20T07:57:54+00:00\",\"dateModified\":\"2026-04-10T07:17:04+00:00\",\"description\":\"High-quality roof bar for John Deere 6R-series tractors (2016\u2013 onwards) with a standard roof. Durable and easy to install.\",\"breadcrumb\":{\"@id\":\"https:\/\/rst-steel.com\/product-category\/light-bars\/roof-bars-for-tractors\/john-deere-roof-bars\/roof-bar-john-deere-normal-roof-6r-2016\/#breadcrumb\"},\"inLanguage\":\"sv-SE\",\"potentialAction\":[{\"@type\":\"ReadAction\",\"target\":[\"https:\/\/rst-steel.com\/product-category\/light-bars\/roof-bars-for-tractors\/john-deere-roof-bars\/roof-bar-john-deere-normal-roof-6r-2016\/\"]}]},{\"@type\":\"ImageObject\",\"inLanguage\":\"sv-SE\",\"@id\":\"https:\/\/rst-steel.com\/product-category\/light-bars\/roof-bars-for-tractors\/john-deere-roof-bars\/roof-bar-john-deere-normal-roof-6r-2016\/#primaryimage\",\"url\":\"https:\/\/rst-steel.com\/wp-content\/uploads\/2026\/03\/4ddbcc05f19f8c0ca5cb9c9180ac7bd005bb7583_4f98ee6c2b581c99924168b5ec05202d.jpg\",\"contentUrl\":\"https:\/\/rst-steel.com\/wp-content\/uploads\/2026\/03\/4ddbcc05f19f8c0ca5cb9c9180ac7bd005bb7583_4f98ee6c2b581c99924168b5ec05202d.jpg\",\"width\":960,\"height\":1000,\"caption\":\"prm_65623\"},{\"@type\":\"BreadcrumbList\",\"@id\":\"https:\/\/rst-steel.com\/product-category\/light-bars\/roof-bars-for-tractors\/john-deere-roof-bars\/roof-bar-john-deere-normal-roof-6r-2016\/#breadcrumb\",\"itemListElement\":[{\"@type\":\"ListItem\",\"position\":1,\"name\":\"Home\",\"item\":\"https:\/\/rst-steel.com\/\"},{\"@type\":\"ListItem\",\"position\":2,\"name\":\"RST-Steel Verkkokauppa\",\"item\":\"https:\/\/rst-steel.com\/shop\/\"},{\"@type\":\"ListItem\",\"position\":3,\"name\":\"Roof Bar John Deere (normal Roof) 6R 2016-\"}]},{\"@type\":\"WebSite\",\"@id\":\"https:\/\/rst-steel.com\/#website\",\"url\":\"https:\/\/rst-steel.com\/\",\"name\":\"RST-Steel Oy - Turvallista, tyylik\u00e4st\u00e4, ter\u00e4st\u00e4\",\"description\":\"Finnish quality for discerning drivers\",\"publisher\":{\"@id\":\"https:\/\/rst-steel.com\/#organization\"},\"potentialAction\":[{\"@type\":\"SearchAction\",\"target\":{\"@type\":\"EntryPoint\",\"urlTemplate\":\"https:\/\/rst-steel.com\/?s={search_term_string}\"},\"query-input\":{\"@type\":\"PropertyValueSpecification\",\"valueRequired\":true,\"valueName\":\"search_term_string\"}}],\"inLanguage\":\"sv-SE\"},{\"@type\":\"Organization\",\"@id\":\"https:\/\/rst-steel.com\/#organization\",\"name\":\"RST-Steel Oy\",\"alternateName\":\"RST-Steel Oy - Turvallista, tyylik\u00e4st\u00e4, ter\u00e4st\u00e4\",\"url\":\"https:\/\/rst-steel.com\/\",\"logo\":{\"@type\":\"ImageObject\",\"inLanguage\":\"sv-SE\",\"@id\":\"https:\/\/rst-steel.com\/#\/schema\/logo\/image\/\",\"url\":\"https:\/\/rst-steel.com\/wp-content\/uploads\/2025\/02\/cropped-rst-valkoinen-ilman-taustaa-02.png\",\"contentUrl\":\"https:\/\/rst-steel.com\/wp-content\/uploads\/2025\/02\/cropped-rst-valkoinen-ilman-taustaa-02.png\",\"width\":2319,\"height\":690,\"caption\":\"RST-Steel Oy\"},\"image\":{\"@id\":\"https:\/\/rst-steel.com\/#\/schema\/logo\/image\/\"}}]}<\/script>\n<!-- \/ Yoast SEO plugin. -->","yoast_head_json":{"title":"Roof Bar John Deere (normal Roof) 6R 2016- RST-Steel","description":"High-quality roof bar for John Deere 6R-series tractors (2016\u2013 onwards) with a standard roof. Durable and easy to install.","robots":{"index":"index","follow":"follow","max-snippet":"max-snippet:-1","max-image-preview":"max-image-preview:large","max-video-preview":"max-video-preview:-1"},"canonical":"https:\/\/rst-steel.com\/sv\/produkt-kategori\/light-bars\/roof-bars-for-tractors\/john-deere-roof-bars\/roof-bar-john-deere-normal-roof-6r-2016\/","og_locale":"sv_SE","og_type":"article","og_title":"Roof Bar John Deere (normal Roof) 6R 2016- RST-Steel","og_description":"High-quality roof bar for John Deere 6R-series tractors (2016\u2013 onwards) with a standard roof. Durable and easy to install.","og_url":"https:\/\/rst-steel.com\/sv\/produkt-kategori\/light-bars\/roof-bars-for-tractors\/john-deere-roof-bars\/roof-bar-john-deere-normal-roof-6r-2016\/","og_site_name":"RST-Steel","article_modified_time":"2026-04-10T07:17:04+00:00","og_image":[{"width":960,"height":1000,"url":"https:\/\/rst-steel.com\/wp-content\/uploads\/2026\/03\/4ddbcc05f19f8c0ca5cb9c9180ac7bd005bb7583_4f98ee6c2b581c99924168b5ec05202d.jpg","type":"image\/jpeg"}],"twitter_card":"summary_large_image","twitter_misc":{"Ber\u00e4knad l\u00e4stid":"2 minuter"},"schema":{"@context":"https:\/\/schema.org","@graph":[{"@type":"WebPage","@id":"https:\/\/rst-steel.com\/product-category\/light-bars\/roof-bars-for-tractors\/john-deere-roof-bars\/roof-bar-john-deere-normal-roof-6r-2016\/","url":"https:\/\/rst-steel.com\/product-category\/light-bars\/roof-bars-for-tractors\/john-deere-roof-bars\/roof-bar-john-deere-normal-roof-6r-2016\/","name":"Roof Bar John Deere (normal Roof) 6R 2016- RST-Steel","isPartOf":{"@id":"https:\/\/rst-steel.com\/#website"},"primaryImageOfPage":{"@id":"https:\/\/rst-steel.com\/product-category\/light-bars\/roof-bars-for-tractors\/john-deere-roof-bars\/roof-bar-john-deere-normal-roof-6r-2016\/#primaryimage"},"image":{"@id":"https:\/\/rst-steel.com\/product-category\/light-bars\/roof-bars-for-tractors\/john-deere-roof-bars\/roof-bar-john-deere-normal-roof-6r-2016\/#primaryimage"},"thumbnailUrl":"https:\/\/rst-steel.com\/wp-content\/uploads\/2026\/03\/4ddbcc05f19f8c0ca5cb9c9180ac7bd005bb7583_4f98ee6c2b581c99924168b5ec05202d.jpg","datePublished":"2026-03-20T07:57:54+00:00","dateModified":"2026-04-10T07:17:04+00:00","description":"High-quality roof bar for John Deere 6R-series tractors (2016\u2013 onwards) with a standard roof. Durable and easy to install.","breadcrumb":{"@id":"https:\/\/rst-steel.com\/product-category\/light-bars\/roof-bars-for-tractors\/john-deere-roof-bars\/roof-bar-john-deere-normal-roof-6r-2016\/#breadcrumb"},"inLanguage":"sv-SE","potentialAction":[{"@type":"ReadAction","target":["https:\/\/rst-steel.com\/product-category\/light-bars\/roof-bars-for-tractors\/john-deere-roof-bars\/roof-bar-john-deere-normal-roof-6r-2016\/"]}]},{"@type":"ImageObject","inLanguage":"sv-SE","@id":"https:\/\/rst-steel.com\/product-category\/light-bars\/roof-bars-for-tractors\/john-deere-roof-bars\/roof-bar-john-deere-normal-roof-6r-2016\/#primaryimage","url":"https:\/\/rst-steel.com\/wp-content\/uploads\/2026\/03\/4ddbcc05f19f8c0ca5cb9c9180ac7bd005bb7583_4f98ee6c2b581c99924168b5ec05202d.jpg","contentUrl":"https:\/\/rst-steel.com\/wp-content\/uploads\/2026\/03\/4ddbcc05f19f8c0ca5cb9c9180ac7bd005bb7583_4f98ee6c2b581c99924168b5ec05202d.jpg","width":960,"height":1000,"caption":"prm_65623"},{"@type":"BreadcrumbList","@id":"https:\/\/rst-steel.com\/product-category\/light-bars\/roof-bars-for-tractors\/john-deere-roof-bars\/roof-bar-john-deere-normal-roof-6r-2016\/#breadcrumb","itemListElement":[{"@type":"ListItem","position":1,"name":"Home","item":"https:\/\/rst-steel.com\/"},{"@type":"ListItem","position":2,"name":"RST-Steel Verkkokauppa","item":"https:\/\/rst-steel.com\/shop\/"},{"@type":"ListItem","position":3,"name":"Roof Bar John Deere (normal Roof) 6R 2016-"}]},{"@type":"WebSite","@id":"https:\/\/rst-steel.com\/#website","url":"https:\/\/rst-steel.com\/","name":"RST-Steel Oy - Turvallista, tyylik\u00e4st\u00e4, ter\u00e4st\u00e4","description":"Finsk kvalitet f\u00f6r kvalitetsmedvetna f\u00f6rare","publisher":{"@id":"https:\/\/rst-steel.com\/#organization"},"potentialAction":[{"@type":"SearchAction","target":{"@type":"EntryPoint","urlTemplate":"https:\/\/rst-steel.com\/?s={search_term_string}"},"query-input":{"@type":"PropertyValueSpecification","valueRequired":true,"valueName":"search_term_string"}}],"inLanguage":"sv-SE"},{"@type":"Organization","@id":"https:\/\/rst-steel.com\/#organization","name":"Hantera alternativ","alternateName":"RST-Steel Oy - Turvallista, tyylik\u00e4st\u00e4, ter\u00e4st\u00e4","url":"https:\/\/rst-steel.com\/","logo":{"@type":"ImageObject","inLanguage":"sv-SE","@id":"https:\/\/rst-steel.com\/#\/schema\/logo\/image\/","url":"https:\/\/rst-steel.com\/wp-content\/uploads\/2025\/02\/cropped-rst-valkoinen-ilman-taustaa-02.png","contentUrl":"https:\/\/rst-steel.com\/wp-content\/uploads\/2025\/02\/cropped-rst-valkoinen-ilman-taustaa-02.png","width":2319,"height":690,"caption":"RST-Steel Oy"},"image":{"@id":"https:\/\/rst-steel.com\/#\/schema\/logo\/image\/"}}]}},"_links":{"self":[{"href":"https:\/\/rst-steel.com\/sv\/wp-json\/wp\/v2\/product\/190968","targetHints":{"allow":["GET"]}}],"collection":[{"href":"https:\/\/rst-steel.com\/sv\/wp-json\/wp\/v2\/product"}],"about":[{"href":"https:\/\/rst-steel.com\/sv\/wp-json\/wp\/v2\/types\/product"}],"version-history":[{"count":0,"href":"https:\/\/rst-steel.com\/sv\/wp-json\/wp\/v2\/product\/190968\/revisions"}],"wp:featuredmedia":[{"embeddable":true,"href":"https:\/\/rst-steel.com\/sv\/wp-json\/wp\/v2\/media\/190965"}],"wp:attachment":[{"href":"https:\/\/rst-steel.com\/sv\/wp-json\/wp\/v2\/media?parent=190968"}],"wp:term":[{"taxonomy":"make_year","embeddable":true,"href":"https:\/\/rst-steel.com\/sv\/wp-json\/wp\/v2\/make_year?post=190968"},{"taxonomy":"make_brand","embeddable":true,"href":"https:\/\/rst-steel.com\/sv\/wp-json\/wp\/v2\/make_brand?post=190968"},{"taxonomy":"make_model","embeddable":true,"href":"https:\/\/rst-steel.com\/sv\/wp-json\/wp\/v2\/make_model?post=190968"},{"taxonomy":"make_fuel_type","embeddable":true,"href":"https:\/\/rst-steel.com\/sv\/wp-json\/wp\/v2\/make_fuel_type?post=190968"},{"taxonomy":"product_brand","embeddable":true,"href":"https:\/\/rst-steel.com\/sv\/wp-json\/wp\/v2\/product_brand?post=190968"},{"taxonomy":"product_cat","embeddable":true,"href":"https:\/\/rst-steel.com\/sv\/wp-json\/wp\/v2\/product_cat?post=190968"},{"taxonomy":"product_tag","embeddable":true,"href":"https:\/\/rst-steel.com\/sv\/wp-json\/wp\/v2\/product_tag?post=190968"}],"curies":[{"name":"wp","href":"https:\/\/api.w.org\/{rel}","templated":true}]}}