{"id":191070,"date":"2026-03-20T09:59:47","date_gmt":"2026-03-20T07:59:47","guid":{"rendered":"https:\/\/rst-steel.com\/tuote-osasto\/Ei-luokiteltu\/rear-spoiler-renault-master-opel-movano-nissan-nv400-2014\/"},"modified":"2026-04-17T08:59:39","modified_gmt":"2026-04-17T05:59:39","slug":"rear-spoiler-renault-master-opel-movano-nissan-nv400-2014","status":"publish","type":"product","link":"https:\/\/rst-steel.com\/sv\/produkt-kategori\/spoilers-guards-chrome-accessories\/mec-one-spoilers-for-vans\/renault-mec-one-spoilers\/rear-spoiler-renault-master-opel-movano-nissan-nv400-2014\/","title":{"rendered":"Rear Spoiler  Renault Master \/ Opel Movano \/ Nissan NV400 2014-"},"content":{"rendered":"<p>Rear Spoiler&nbsp;&nbsp;Renault Master \/ Opel Movano \/ Nissan NV400 2014-<\/p>\n<p><span style=\"font-weight: bold\">Available for H1 \/ H2&nbsp;&nbsp;<\/span><span style=\"font-weight: 700\">&nbsp;roof height models<\/span><\/p>\n<p><span style=\"font-weight: 700\">Suitable for double door models<\/span><\/p>\n<p>The body of the spoiler is a shiny stainless steel bar. The shaped cover of the spoiler is black semi-gloss UV-protected ABS plastic.&nbsp;All mounting parts are made of stainless steel.<\/p>\n<p>The spoiler includes two red LED position lights as standard. It is also easy to equip with additional accessories, such as work lights or strobe lights.<\/p>\n<p>The spoiler can be painted easily using an primer. Painting is recommended only for the upper surface, as the black underside provides an appealing look in shaded areas, especially when paired with light and camera equipment.<\/p>\n<p><span style=\"font-weight: bold\">Includes:<\/span><\/p>\n<ul>\n<li>Rear Spoiler<\/li>\n<li>Mounting accessories<\/li>\n<li>Position lights and their wiring harness<\/li>\n<\/ul>","protected":false},"excerpt":{"rendered":"<p>Rear Spoiler&nbsp;&nbsp;Renault Master \/ Opel Movano \/ Nissan NV400 2014- Available for H1 \/ H2&nbsp;&nbsp;&nbsp;roof height models Suitable for double&#8230;<\/p>","protected":false},"featured_media":191069,"template":"","meta":[],"make_year":[10908],"make_brand":[10930,10931,10934],"make_model":[10989,10990],"make_fuel_type":[],"product_brand":[],"product_cat":[10753,10746,10738],"product_tag":[],"class_list":{"0":"post-191070","1":"product","2":"type-product","3":"status-publish","4":"has-post-thumbnail","6":"make_year-van","7":"make_brand-nissan-van","8":"make_brand-opel-van","9":"make_brand-renault-van","10":"make_model-master-2010-2019","11":"make_model-movano-2010-2019","12":"product_cat-renault-mec-one-spoilers","13":"product_cat-mec-one-spoilers-for-vans","14":"product_cat-spoilers-guards-chrome-accessories","15":"product_shipping_class-erikoispitka","17":"first","18":"onbackorder","19":"taxable","20":"shipping-taxable","21":"purchasable","22":"product-type-variable"},"yoast_head":"<!-- This site is optimized with the Yoast SEO plugin v27.1.1 - https:\/\/yoast.com\/product\/yoast-seo-wordpress\/ -->\n<title>Rear Spoiler Renault Master \/ Opel Movano \/ Nissan NV400 2014-<\/title>\n<meta name=\"description\" content=\"Rear spoiler compatible with Renault Master, Opel Movano, and Nissan NV400 from 2014 onwards. Adds a sporty appearance. Made from durable ABS plastic.\" \/>\n<meta name=\"robots\" content=\"index, follow, max-snippet:-1, max-image-preview:large, max-video-preview:-1\" \/>\n<link rel=\"canonical\" href=\"https:\/\/rst-steel.com\/sv\/produkt-kategori\/spoilers-guards-chrome-accessories\/mec-one-spoilers-for-vans\/renault-mec-one-spoilers\/rear-spoiler-renault-master-opel-movano-nissan-nv400-2014\/\" \/>\n<meta property=\"og:locale\" content=\"sv_SE\" \/>\n<meta property=\"og:type\" content=\"article\" \/>\n<meta property=\"og:title\" content=\"Rear Spoiler Renault Master \/ Opel Movano \/ Nissan NV400 2014-\" \/>\n<meta property=\"og:description\" content=\"Rear spoiler compatible with Renault Master, Opel Movano, and Nissan NV400 from 2014 onwards. Adds a sporty appearance. Made from durable ABS plastic.\" \/>\n<meta property=\"og:url\" content=\"https:\/\/rst-steel.com\/sv\/produkt-kategori\/spoilers-guards-chrome-accessories\/mec-one-spoilers-for-vans\/renault-mec-one-spoilers\/rear-spoiler-renault-master-opel-movano-nissan-nv400-2014\/\" \/>\n<meta property=\"og:site_name\" content=\"RST-Steel\" \/>\n<meta property=\"article:modified_time\" content=\"2026-04-17T05:59:39+00:00\" \/>\n<meta property=\"og:image\" content=\"https:\/\/rst-steel.com\/wp-content\/uploads\/2026\/03\/c665c2732d7c301477d016681393dfecfc87a9e9_20b4e8b70ab9b38366539a8aec76e701.png\" \/>\n\t<meta property=\"og:image:width\" content=\"816\" \/>\n\t<meta property=\"og:image:height\" content=\"556\" \/>\n\t<meta property=\"og:image:type\" content=\"image\/png\" \/>\n<meta name=\"twitter:card\" content=\"summary_large_image\" \/>\n<meta name=\"twitter:label1\" content=\"Ber\u00e4knad l\u00e4stid\" \/>\n\t<meta name=\"twitter:data1\" content=\"1 minut\" \/>\n<script type=\"application\/ld+json\" class=\"yoast-schema-graph\">{\"@context\":\"https:\/\/schema.org\",\"@graph\":[{\"@type\":\"WebPage\",\"@id\":\"https:\/\/rst-steel.com\/product-category\/spoilers-guards-chrome-accessories\/mec-one-spoilers-for-vans\/renault-mec-one-spoilers\/rear-spoiler-renault-master-opel-movano-nissan-nv400-2014\/\",\"url\":\"https:\/\/rst-steel.com\/product-category\/spoilers-guards-chrome-accessories\/mec-one-spoilers-for-vans\/renault-mec-one-spoilers\/rear-spoiler-renault-master-opel-movano-nissan-nv400-2014\/\",\"name\":\"Rear Spoiler Renault Master \/ Opel Movano \/ Nissan NV400 2014-\",\"isPartOf\":{\"@id\":\"https:\/\/rst-steel.com\/#website\"},\"primaryImageOfPage\":{\"@id\":\"https:\/\/rst-steel.com\/product-category\/spoilers-guards-chrome-accessories\/mec-one-spoilers-for-vans\/renault-mec-one-spoilers\/rear-spoiler-renault-master-opel-movano-nissan-nv400-2014\/#primaryimage\"},\"image\":{\"@id\":\"https:\/\/rst-steel.com\/product-category\/spoilers-guards-chrome-accessories\/mec-one-spoilers-for-vans\/renault-mec-one-spoilers\/rear-spoiler-renault-master-opel-movano-nissan-nv400-2014\/#primaryimage\"},\"thumbnailUrl\":\"https:\/\/rst-steel.com\/wp-content\/uploads\/2026\/03\/c665c2732d7c301477d016681393dfecfc87a9e9_20b4e8b70ab9b38366539a8aec76e701.png\",\"datePublished\":\"2026-03-20T07:59:47+00:00\",\"dateModified\":\"2026-04-17T05:59:39+00:00\",\"description\":\"Rear spoiler compatible with Renault Master, Opel Movano, and Nissan NV400 from 2014 onwards. Adds a sporty appearance. Made from durable ABS plastic.\",\"breadcrumb\":{\"@id\":\"https:\/\/rst-steel.com\/product-category\/spoilers-guards-chrome-accessories\/mec-one-spoilers-for-vans\/renault-mec-one-spoilers\/rear-spoiler-renault-master-opel-movano-nissan-nv400-2014\/#breadcrumb\"},\"inLanguage\":\"sv-SE\",\"potentialAction\":[{\"@type\":\"ReadAction\",\"target\":[\"https:\/\/rst-steel.com\/product-category\/spoilers-guards-chrome-accessories\/mec-one-spoilers-for-vans\/renault-mec-one-spoilers\/rear-spoiler-renault-master-opel-movano-nissan-nv400-2014\/\"]}]},{\"@type\":\"ImageObject\",\"inLanguage\":\"sv-SE\",\"@id\":\"https:\/\/rst-steel.com\/product-category\/spoilers-guards-chrome-accessories\/mec-one-spoilers-for-vans\/renault-mec-one-spoilers\/rear-spoiler-renault-master-opel-movano-nissan-nv400-2014\/#primaryimage\",\"url\":\"https:\/\/rst-steel.com\/wp-content\/uploads\/2026\/03\/c665c2732d7c301477d016681393dfecfc87a9e9_20b4e8b70ab9b38366539a8aec76e701.png\",\"contentUrl\":\"https:\/\/rst-steel.com\/wp-content\/uploads\/2026\/03\/c665c2732d7c301477d016681393dfecfc87a9e9_20b4e8b70ab9b38366539a8aec76e701.png\",\"width\":816,\"height\":556,\"caption\":\"prm_65898\"},{\"@type\":\"BreadcrumbList\",\"@id\":\"https:\/\/rst-steel.com\/product-category\/spoilers-guards-chrome-accessories\/mec-one-spoilers-for-vans\/renault-mec-one-spoilers\/rear-spoiler-renault-master-opel-movano-nissan-nv400-2014\/#breadcrumb\",\"itemListElement\":[{\"@type\":\"ListItem\",\"position\":1,\"name\":\"Home\",\"item\":\"https:\/\/rst-steel.com\/\"},{\"@type\":\"ListItem\",\"position\":2,\"name\":\"RST-Steel Verkkokauppa\",\"item\":\"https:\/\/rst-steel.com\/shop\/\"},{\"@type\":\"ListItem\",\"position\":3,\"name\":\"Rear Spoiler Renault Master \/ Opel Movano \/ Nissan NV400 2014-\"}]},{\"@type\":\"WebSite\",\"@id\":\"https:\/\/rst-steel.com\/#website\",\"url\":\"https:\/\/rst-steel.com\/\",\"name\":\"RST-Steel Oy - Turvallista, tyylik\u00e4st\u00e4, ter\u00e4st\u00e4\",\"description\":\"Finnish quality for discerning drivers\",\"publisher\":{\"@id\":\"https:\/\/rst-steel.com\/#organization\"},\"potentialAction\":[{\"@type\":\"SearchAction\",\"target\":{\"@type\":\"EntryPoint\",\"urlTemplate\":\"https:\/\/rst-steel.com\/?s={search_term_string}\"},\"query-input\":{\"@type\":\"PropertyValueSpecification\",\"valueRequired\":true,\"valueName\":\"search_term_string\"}}],\"inLanguage\":\"sv-SE\"},{\"@type\":\"Organization\",\"@id\":\"https:\/\/rst-steel.com\/#organization\",\"name\":\"RST-Steel Oy\",\"alternateName\":\"RST-Steel Oy - Turvallista, tyylik\u00e4st\u00e4, ter\u00e4st\u00e4\",\"url\":\"https:\/\/rst-steel.com\/\",\"logo\":{\"@type\":\"ImageObject\",\"inLanguage\":\"sv-SE\",\"@id\":\"https:\/\/rst-steel.com\/#\/schema\/logo\/image\/\",\"url\":\"https:\/\/rst-steel.com\/wp-content\/uploads\/2025\/02\/cropped-rst-valkoinen-ilman-taustaa-02.png\",\"contentUrl\":\"https:\/\/rst-steel.com\/wp-content\/uploads\/2025\/02\/cropped-rst-valkoinen-ilman-taustaa-02.png\",\"width\":2319,\"height\":690,\"caption\":\"RST-Steel Oy\"},\"image\":{\"@id\":\"https:\/\/rst-steel.com\/#\/schema\/logo\/image\/\"}}]}<\/script>\n<!-- \/ Yoast SEO plugin. -->","yoast_head_json":{"title":"Rear Spoiler Renault Master \/ Opel Movano \/ Nissan NV400 2014-","description":"Rear spoiler compatible with Renault Master, Opel Movano, and Nissan NV400 from 2014 onwards. Adds a sporty appearance. Made from durable ABS plastic.","robots":{"index":"index","follow":"follow","max-snippet":"max-snippet:-1","max-image-preview":"max-image-preview:large","max-video-preview":"max-video-preview:-1"},"canonical":"https:\/\/rst-steel.com\/sv\/produkt-kategori\/spoilers-guards-chrome-accessories\/mec-one-spoilers-for-vans\/renault-mec-one-spoilers\/rear-spoiler-renault-master-opel-movano-nissan-nv400-2014\/","og_locale":"sv_SE","og_type":"article","og_title":"Rear Spoiler Renault Master \/ Opel Movano \/ Nissan NV400 2014-","og_description":"Rear spoiler compatible with Renault Master, Opel Movano, and Nissan NV400 from 2014 onwards. Adds a sporty appearance. Made from durable ABS plastic.","og_url":"https:\/\/rst-steel.com\/sv\/produkt-kategori\/spoilers-guards-chrome-accessories\/mec-one-spoilers-for-vans\/renault-mec-one-spoilers\/rear-spoiler-renault-master-opel-movano-nissan-nv400-2014\/","og_site_name":"RST-Steel","article_modified_time":"2026-04-17T05:59:39+00:00","og_image":[{"width":816,"height":556,"url":"https:\/\/rst-steel.com\/wp-content\/uploads\/2026\/03\/c665c2732d7c301477d016681393dfecfc87a9e9_20b4e8b70ab9b38366539a8aec76e701.png","type":"image\/png"}],"twitter_card":"summary_large_image","twitter_misc":{"Ber\u00e4knad l\u00e4stid":"1 minut"},"schema":{"@context":"https:\/\/schema.org","@graph":[{"@type":"WebPage","@id":"https:\/\/rst-steel.com\/product-category\/spoilers-guards-chrome-accessories\/mec-one-spoilers-for-vans\/renault-mec-one-spoilers\/rear-spoiler-renault-master-opel-movano-nissan-nv400-2014\/","url":"https:\/\/rst-steel.com\/product-category\/spoilers-guards-chrome-accessories\/mec-one-spoilers-for-vans\/renault-mec-one-spoilers\/rear-spoiler-renault-master-opel-movano-nissan-nv400-2014\/","name":"Rear Spoiler Renault Master \/ Opel Movano \/ Nissan NV400 2014-","isPartOf":{"@id":"https:\/\/rst-steel.com\/#website"},"primaryImageOfPage":{"@id":"https:\/\/rst-steel.com\/product-category\/spoilers-guards-chrome-accessories\/mec-one-spoilers-for-vans\/renault-mec-one-spoilers\/rear-spoiler-renault-master-opel-movano-nissan-nv400-2014\/#primaryimage"},"image":{"@id":"https:\/\/rst-steel.com\/product-category\/spoilers-guards-chrome-accessories\/mec-one-spoilers-for-vans\/renault-mec-one-spoilers\/rear-spoiler-renault-master-opel-movano-nissan-nv400-2014\/#primaryimage"},"thumbnailUrl":"https:\/\/rst-steel.com\/wp-content\/uploads\/2026\/03\/c665c2732d7c301477d016681393dfecfc87a9e9_20b4e8b70ab9b38366539a8aec76e701.png","datePublished":"2026-03-20T07:59:47+00:00","dateModified":"2026-04-17T05:59:39+00:00","description":"Rear spoiler compatible with Renault Master, Opel Movano, and Nissan NV400 from 2014 onwards. Adds a sporty appearance. Made from durable ABS plastic.","breadcrumb":{"@id":"https:\/\/rst-steel.com\/product-category\/spoilers-guards-chrome-accessories\/mec-one-spoilers-for-vans\/renault-mec-one-spoilers\/rear-spoiler-renault-master-opel-movano-nissan-nv400-2014\/#breadcrumb"},"inLanguage":"sv-SE","potentialAction":[{"@type":"ReadAction","target":["https:\/\/rst-steel.com\/product-category\/spoilers-guards-chrome-accessories\/mec-one-spoilers-for-vans\/renault-mec-one-spoilers\/rear-spoiler-renault-master-opel-movano-nissan-nv400-2014\/"]}]},{"@type":"ImageObject","inLanguage":"sv-SE","@id":"https:\/\/rst-steel.com\/product-category\/spoilers-guards-chrome-accessories\/mec-one-spoilers-for-vans\/renault-mec-one-spoilers\/rear-spoiler-renault-master-opel-movano-nissan-nv400-2014\/#primaryimage","url":"https:\/\/rst-steel.com\/wp-content\/uploads\/2026\/03\/c665c2732d7c301477d016681393dfecfc87a9e9_20b4e8b70ab9b38366539a8aec76e701.png","contentUrl":"https:\/\/rst-steel.com\/wp-content\/uploads\/2026\/03\/c665c2732d7c301477d016681393dfecfc87a9e9_20b4e8b70ab9b38366539a8aec76e701.png","width":816,"height":556,"caption":"prm_65898"},{"@type":"BreadcrumbList","@id":"https:\/\/rst-steel.com\/product-category\/spoilers-guards-chrome-accessories\/mec-one-spoilers-for-vans\/renault-mec-one-spoilers\/rear-spoiler-renault-master-opel-movano-nissan-nv400-2014\/#breadcrumb","itemListElement":[{"@type":"ListItem","position":1,"name":"Home","item":"https:\/\/rst-steel.com\/"},{"@type":"ListItem","position":2,"name":"RST-Steel Verkkokauppa","item":"https:\/\/rst-steel.com\/shop\/"},{"@type":"ListItem","position":3,"name":"Rear Spoiler Renault Master \/ Opel Movano \/ Nissan NV400 2014-"}]},{"@type":"WebSite","@id":"https:\/\/rst-steel.com\/#website","url":"https:\/\/rst-steel.com\/","name":"RST-Steel Oy - Turvallista, tyylik\u00e4st\u00e4, ter\u00e4st\u00e4","description":"Finsk kvalitet f\u00f6r kvalitetsmedvetna f\u00f6rare","publisher":{"@id":"https:\/\/rst-steel.com\/#organization"},"potentialAction":[{"@type":"SearchAction","target":{"@type":"EntryPoint","urlTemplate":"https:\/\/rst-steel.com\/?s={search_term_string}"},"query-input":{"@type":"PropertyValueSpecification","valueRequired":true,"valueName":"search_term_string"}}],"inLanguage":"sv-SE"},{"@type":"Organization","@id":"https:\/\/rst-steel.com\/#organization","name":"RST-Steel Oy","alternateName":"RST-Steel Oy - Turvallista, tyylik\u00e4st\u00e4, ter\u00e4st\u00e4","url":"https:\/\/rst-steel.com\/","logo":{"@type":"ImageObject","inLanguage":"sv-SE","@id":"https:\/\/rst-steel.com\/#\/schema\/logo\/image\/","url":"https:\/\/rst-steel.com\/wp-content\/uploads\/2025\/02\/cropped-rst-valkoinen-ilman-taustaa-02.png","contentUrl":"https:\/\/rst-steel.com\/wp-content\/uploads\/2025\/02\/cropped-rst-valkoinen-ilman-taustaa-02.png","width":2319,"height":690,"caption":"RST-Steel Oy"},"image":{"@id":"https:\/\/rst-steel.com\/#\/schema\/logo\/image\/"}}]}},"_links":{"self":[{"href":"https:\/\/rst-steel.com\/sv\/wp-json\/wp\/v2\/product\/191070","targetHints":{"allow":["GET"]}}],"collection":[{"href":"https:\/\/rst-steel.com\/sv\/wp-json\/wp\/v2\/product"}],"about":[{"href":"https:\/\/rst-steel.com\/sv\/wp-json\/wp\/v2\/types\/product"}],"version-history":[{"count":1,"href":"https:\/\/rst-steel.com\/sv\/wp-json\/wp\/v2\/product\/191070\/revisions"}],"predecessor-version":[{"id":199050,"href":"https:\/\/rst-steel.com\/sv\/wp-json\/wp\/v2\/product\/191070\/revisions\/199050"}],"wp:featuredmedia":[{"embeddable":true,"href":"https:\/\/rst-steel.com\/sv\/wp-json\/wp\/v2\/media\/191069"}],"wp:attachment":[{"href":"https:\/\/rst-steel.com\/sv\/wp-json\/wp\/v2\/media?parent=191070"}],"wp:term":[{"taxonomy":"make_year","embeddable":true,"href":"https:\/\/rst-steel.com\/sv\/wp-json\/wp\/v2\/make_year?post=191070"},{"taxonomy":"make_brand","embeddable":true,"href":"https:\/\/rst-steel.com\/sv\/wp-json\/wp\/v2\/make_brand?post=191070"},{"taxonomy":"make_model","embeddable":true,"href":"https:\/\/rst-steel.com\/sv\/wp-json\/wp\/v2\/make_model?post=191070"},{"taxonomy":"make_fuel_type","embeddable":true,"href":"https:\/\/rst-steel.com\/sv\/wp-json\/wp\/v2\/make_fuel_type?post=191070"},{"taxonomy":"product_brand","embeddable":true,"href":"https:\/\/rst-steel.com\/sv\/wp-json\/wp\/v2\/product_brand?post=191070"},{"taxonomy":"product_cat","embeddable":true,"href":"https:\/\/rst-steel.com\/sv\/wp-json\/wp\/v2\/product_cat?post=191070"},{"taxonomy":"product_tag","embeddable":true,"href":"https:\/\/rst-steel.com\/sv\/wp-json\/wp\/v2\/product_tag?post=191070"}],"curies":[{"name":"wp","href":"https:\/\/api.w.org\/{rel}","templated":true}]}}