{"id":191109,"date":"2026-03-20T10:00:22","date_gmt":"2026-03-20T08:00:22","guid":{"rendered":"https:\/\/rst-steel.com\/tuote-osasto\/Ei-luokiteltu\/rear-corner-bars-volkswagen-crafter-2017-man-tge-2018-normal\/"},"modified":"2026-04-17T08:57:47","modified_gmt":"2026-04-17T05:57:47","slug":"rear-corner-bars-volkswagen-crafter-2017-man-tge-2018-normal","status":"publish","type":"product","link":"https:\/\/rst-steel.com\/sv\/produkt-kategori\/side-bars-and-side-steps\/rear-corner-bars-for-vans\/volkswagen-rear-corner-bars\/rear-corner-bars-volkswagen-crafter-2017-man-tge-2018-normal\/","title":{"rendered":"Rear Corner Bars Volkswagen Crafter 2017-\/ MAN TGE 2018- (Normal)"},"content":{"rendered":"<p>Rear Corner Bars Volkswagen Crafter 2017-\/ MAN TGE 2018- (Normal)<\/p>\n<ul>\n<li>Suitable for cars with a wheelbase 3640 mm \/ 4490 mm and normal rear overhang!<\/li>\n<li>Suitable for cars with a normal rear bumper.&nbsp;<\/li>\n<li>Does not interfere with parktronic operation<\/li>\n<\/ul>\n<p><span style=\"font-weight: bold\">Technical information:<\/span><\/p>\n<ul>\n<li>Color: Mirror polished stainless steel or powdercoated with RAL-colors<\/li>\n<li>Pipe diameter:&nbsp; 76 mm&nbsp;<\/li>\n<\/ul>\n<p><span style=\"font-weight: bold\">Delivery contents:<\/span><\/p>\n<ul>\n<li>Rear corner bars&nbsp;<\/li>\n<li>Fasteners required for installation<\/li>\n<li>Installation instructions<\/li>\n<\/ul>","protected":false},"excerpt":{"rendered":"<p>Rear Corner Bars Volkswagen Crafter 2017-\/ MAN TGE 2018- (Normal) Suitable for cars with a wheelbase 3640 mm \/ 4490&#8230;<\/p>","protected":false},"featured_media":191108,"template":"","meta":[],"make_year":[10908],"make_brand":[12747,10938],"make_model":[10968,12673],"make_fuel_type":[],"product_brand":[9443],"product_cat":[10849,10844,10843,10846],"product_tag":[],"class_list":{"0":"post-191109","1":"product","2":"type-product","3":"status-publish","4":"has-post-thumbnail","6":"make_year-van","7":"make_brand-man-van","8":"make_brand-volkswagen-van","9":"make_model-crafter-2017","10":"make_model-tge-2018","11":"make_engine-crafter-2017-l3-h2-akselivali-3640mm","12":"make_engine-crafter-2017-l3-h3-akselivali-3640mm","13":"make_engine-crafter-2017-l4-h3-akselivali-4490mm","14":"make_engine-crafter-2017-l4-h4-akselivali-4490mm","15":"make_engine-crafter-2017-l5-h3-akselivali-4490mm","16":"make_engine-crafter-2017-l5-h4-akselivali-4490mm","17":"product_brand-brand_rststeel","18":"product_cat-man-rear-corner-bars","19":"product_cat-rear-corner-bars-for-vans","20":"product_cat-side-bars-and-side-steps","21":"product_cat-volkswagen-rear-corner-bars","22":"product_shipping_class-erikoispitka","24":"first","25":"instock","26":"taxable","27":"shipping-taxable","28":"purchasable","29":"product-type-variable"},"yoast_head":"<!-- This site is optimized with the Yoast SEO plugin v27.1.1 - https:\/\/yoast.com\/product\/yoast-seo-wordpress\/ -->\n<title>Rear Corner Bars Volkswagen Crafter 2017- (Normal) - RST-Steel<\/title>\n<meta name=\"description\" content=\"Rear Corner Bars for Volkswagen Crafter 2017- and MAN TGE 2018- models with Normal rear overhang! Several model options available!\" \/>\n<meta name=\"robots\" content=\"index, follow, max-snippet:-1, max-image-preview:large, max-video-preview:-1\" \/>\n<link rel=\"canonical\" href=\"https:\/\/rst-steel.com\/sv\/produkt-kategori\/side-bars-and-side-steps\/rear-corner-bars-for-vans\/volkswagen-rear-corner-bars\/rear-corner-bars-volkswagen-crafter-2017-man-tge-2018-normal\/\" \/>\n<meta property=\"og:locale\" content=\"sv_SE\" \/>\n<meta property=\"og:type\" content=\"article\" \/>\n<meta property=\"og:title\" content=\"Rear Corner Bars Volkswagen Crafter 2017- (Normal) - RST-Steel\" \/>\n<meta property=\"og:description\" content=\"Rear Corner Bars for Volkswagen Crafter 2017- and MAN TGE 2018- models with Normal rear overhang! Several model options available!\" \/>\n<meta property=\"og:url\" content=\"https:\/\/rst-steel.com\/sv\/produkt-kategori\/side-bars-and-side-steps\/rear-corner-bars-for-vans\/volkswagen-rear-corner-bars\/rear-corner-bars-volkswagen-crafter-2017-man-tge-2018-normal\/\" \/>\n<meta property=\"og:site_name\" content=\"RST-Steel\" \/>\n<meta property=\"article:modified_time\" content=\"2026-04-17T05:57:47+00:00\" \/>\n<meta property=\"og:image\" content=\"https:\/\/rst-steel.com\/wp-content\/uploads\/2026\/03\/ab2398a2f6e6c12082c362aae87b78e5a57b86e9_6987714bae216ceb3aa4686031e889ab.jpg\" \/>\n\t<meta property=\"og:image:width\" content=\"1427\" \/>\n\t<meta property=\"og:image:height\" content=\"835\" \/>\n\t<meta property=\"og:image:type\" content=\"image\/jpeg\" \/>\n<meta name=\"twitter:card\" content=\"summary_large_image\" \/>\n<meta name=\"twitter:label1\" content=\"Ber\u00e4knad l\u00e4stid\" \/>\n\t<meta name=\"twitter:data1\" content=\"1 minut\" \/>\n<script type=\"application\/ld+json\" class=\"yoast-schema-graph\">{\"@context\":\"https:\/\/schema.org\",\"@graph\":[{\"@type\":\"WebPage\",\"@id\":\"https:\/\/rst-steel.com\/product-category\/side-bars-and-side-steps\/rear-corner-bars-for-vans\/volkswagen-rear-corner-bars\/rear-corner-bars-volkswagen-crafter-2017-man-tge-2018-normal\/\",\"url\":\"https:\/\/rst-steel.com\/product-category\/side-bars-and-side-steps\/rear-corner-bars-for-vans\/volkswagen-rear-corner-bars\/rear-corner-bars-volkswagen-crafter-2017-man-tge-2018-normal\/\",\"name\":\"Rear Corner Bars Volkswagen Crafter 2017- (Normal) - RST-Steel\",\"isPartOf\":{\"@id\":\"https:\/\/rst-steel.com\/#website\"},\"primaryImageOfPage\":{\"@id\":\"https:\/\/rst-steel.com\/product-category\/side-bars-and-side-steps\/rear-corner-bars-for-vans\/volkswagen-rear-corner-bars\/rear-corner-bars-volkswagen-crafter-2017-man-tge-2018-normal\/#primaryimage\"},\"image\":{\"@id\":\"https:\/\/rst-steel.com\/product-category\/side-bars-and-side-steps\/rear-corner-bars-for-vans\/volkswagen-rear-corner-bars\/rear-corner-bars-volkswagen-crafter-2017-man-tge-2018-normal\/#primaryimage\"},\"thumbnailUrl\":\"https:\/\/rst-steel.com\/wp-content\/uploads\/2026\/03\/ab2398a2f6e6c12082c362aae87b78e5a57b86e9_6987714bae216ceb3aa4686031e889ab.jpg\",\"datePublished\":\"2026-03-20T08:00:22+00:00\",\"dateModified\":\"2026-04-17T05:57:47+00:00\",\"description\":\"Rear Corner Bars for Volkswagen Crafter 2017- and MAN TGE 2018- models with Normal rear overhang! Several model options available!\",\"breadcrumb\":{\"@id\":\"https:\/\/rst-steel.com\/product-category\/side-bars-and-side-steps\/rear-corner-bars-for-vans\/volkswagen-rear-corner-bars\/rear-corner-bars-volkswagen-crafter-2017-man-tge-2018-normal\/#breadcrumb\"},\"inLanguage\":\"sv-SE\",\"potentialAction\":[{\"@type\":\"ReadAction\",\"target\":[\"https:\/\/rst-steel.com\/product-category\/side-bars-and-side-steps\/rear-corner-bars-for-vans\/volkswagen-rear-corner-bars\/rear-corner-bars-volkswagen-crafter-2017-man-tge-2018-normal\/\"]}]},{\"@type\":\"ImageObject\",\"inLanguage\":\"sv-SE\",\"@id\":\"https:\/\/rst-steel.com\/product-category\/side-bars-and-side-steps\/rear-corner-bars-for-vans\/volkswagen-rear-corner-bars\/rear-corner-bars-volkswagen-crafter-2017-man-tge-2018-normal\/#primaryimage\",\"url\":\"https:\/\/rst-steel.com\/wp-content\/uploads\/2026\/03\/ab2398a2f6e6c12082c362aae87b78e5a57b86e9_6987714bae216ceb3aa4686031e889ab.jpg\",\"contentUrl\":\"https:\/\/rst-steel.com\/wp-content\/uploads\/2026\/03\/ab2398a2f6e6c12082c362aae87b78e5a57b86e9_6987714bae216ceb3aa4686031e889ab.jpg\",\"width\":1427,\"height\":835,\"caption\":\"prm_65960\"},{\"@type\":\"BreadcrumbList\",\"@id\":\"https:\/\/rst-steel.com\/product-category\/side-bars-and-side-steps\/rear-corner-bars-for-vans\/volkswagen-rear-corner-bars\/rear-corner-bars-volkswagen-crafter-2017-man-tge-2018-normal\/#breadcrumb\",\"itemListElement\":[{\"@type\":\"ListItem\",\"position\":1,\"name\":\"Home\",\"item\":\"https:\/\/rst-steel.com\/\"},{\"@type\":\"ListItem\",\"position\":2,\"name\":\"RST-Steel Verkkokauppa\",\"item\":\"https:\/\/rst-steel.com\/shop\/\"},{\"@type\":\"ListItem\",\"position\":3,\"name\":\"Rear Corner Bars Volkswagen Crafter 2017-\/ MAN TGE 2018- (Normal)\"}]},{\"@type\":\"WebSite\",\"@id\":\"https:\/\/rst-steel.com\/#website\",\"url\":\"https:\/\/rst-steel.com\/\",\"name\":\"RST-Steel Oy - Turvallista, tyylik\u00e4st\u00e4, ter\u00e4st\u00e4\",\"description\":\"Finnish quality for discerning drivers\",\"publisher\":{\"@id\":\"https:\/\/rst-steel.com\/#organization\"},\"potentialAction\":[{\"@type\":\"SearchAction\",\"target\":{\"@type\":\"EntryPoint\",\"urlTemplate\":\"https:\/\/rst-steel.com\/?s={search_term_string}\"},\"query-input\":{\"@type\":\"PropertyValueSpecification\",\"valueRequired\":true,\"valueName\":\"search_term_string\"}}],\"inLanguage\":\"sv-SE\"},{\"@type\":\"Organization\",\"@id\":\"https:\/\/rst-steel.com\/#organization\",\"name\":\"RST-Steel Oy\",\"alternateName\":\"RST-Steel Oy - Turvallista, tyylik\u00e4st\u00e4, ter\u00e4st\u00e4\",\"url\":\"https:\/\/rst-steel.com\/\",\"logo\":{\"@type\":\"ImageObject\",\"inLanguage\":\"sv-SE\",\"@id\":\"https:\/\/rst-steel.com\/#\/schema\/logo\/image\/\",\"url\":\"https:\/\/rst-steel.com\/wp-content\/uploads\/2025\/02\/cropped-rst-valkoinen-ilman-taustaa-02.png\",\"contentUrl\":\"https:\/\/rst-steel.com\/wp-content\/uploads\/2025\/02\/cropped-rst-valkoinen-ilman-taustaa-02.png\",\"width\":2319,\"height\":690,\"caption\":\"RST-Steel Oy\"},\"image\":{\"@id\":\"https:\/\/rst-steel.com\/#\/schema\/logo\/image\/\"}}]}<\/script>\n<!-- \/ Yoast SEO plugin. -->","yoast_head_json":{"title":"Rear Corner Bars Volkswagen Crafter 2017- (Normal) - RST-Steel","description":"Rear Corner Bars for Volkswagen Crafter 2017- and MAN TGE 2018- models with Normal rear overhang! Several model options available!","robots":{"index":"index","follow":"follow","max-snippet":"max-snippet:-1","max-image-preview":"max-image-preview:large","max-video-preview":"max-video-preview:-1"},"canonical":"https:\/\/rst-steel.com\/sv\/produkt-kategori\/side-bars-and-side-steps\/rear-corner-bars-for-vans\/volkswagen-rear-corner-bars\/rear-corner-bars-volkswagen-crafter-2017-man-tge-2018-normal\/","og_locale":"sv_SE","og_type":"article","og_title":"Rear Corner Bars Volkswagen Crafter 2017- (Normal) - RST-Steel","og_description":"Rear Corner Bars for Volkswagen Crafter 2017- and MAN TGE 2018- models with Normal rear overhang! Several model options available!","og_url":"https:\/\/rst-steel.com\/sv\/produkt-kategori\/side-bars-and-side-steps\/rear-corner-bars-for-vans\/volkswagen-rear-corner-bars\/rear-corner-bars-volkswagen-crafter-2017-man-tge-2018-normal\/","og_site_name":"RST-Steel","article_modified_time":"2026-04-17T05:57:47+00:00","og_image":[{"width":1427,"height":835,"url":"https:\/\/rst-steel.com\/wp-content\/uploads\/2026\/03\/ab2398a2f6e6c12082c362aae87b78e5a57b86e9_6987714bae216ceb3aa4686031e889ab.jpg","type":"image\/jpeg"}],"twitter_card":"summary_large_image","twitter_misc":{"Ber\u00e4knad l\u00e4stid":"1 minut"},"schema":{"@context":"https:\/\/schema.org","@graph":[{"@type":"WebPage","@id":"https:\/\/rst-steel.com\/product-category\/side-bars-and-side-steps\/rear-corner-bars-for-vans\/volkswagen-rear-corner-bars\/rear-corner-bars-volkswagen-crafter-2017-man-tge-2018-normal\/","url":"https:\/\/rst-steel.com\/product-category\/side-bars-and-side-steps\/rear-corner-bars-for-vans\/volkswagen-rear-corner-bars\/rear-corner-bars-volkswagen-crafter-2017-man-tge-2018-normal\/","name":"Rear Corner Bars Volkswagen Crafter 2017- (Normal) - RST-Steel","isPartOf":{"@id":"https:\/\/rst-steel.com\/#website"},"primaryImageOfPage":{"@id":"https:\/\/rst-steel.com\/product-category\/side-bars-and-side-steps\/rear-corner-bars-for-vans\/volkswagen-rear-corner-bars\/rear-corner-bars-volkswagen-crafter-2017-man-tge-2018-normal\/#primaryimage"},"image":{"@id":"https:\/\/rst-steel.com\/product-category\/side-bars-and-side-steps\/rear-corner-bars-for-vans\/volkswagen-rear-corner-bars\/rear-corner-bars-volkswagen-crafter-2017-man-tge-2018-normal\/#primaryimage"},"thumbnailUrl":"https:\/\/rst-steel.com\/wp-content\/uploads\/2026\/03\/ab2398a2f6e6c12082c362aae87b78e5a57b86e9_6987714bae216ceb3aa4686031e889ab.jpg","datePublished":"2026-03-20T08:00:22+00:00","dateModified":"2026-04-17T05:57:47+00:00","description":"Rear Corner Bars for Volkswagen Crafter 2017- and MAN TGE 2018- models with Normal rear overhang! Several model options available!","breadcrumb":{"@id":"https:\/\/rst-steel.com\/product-category\/side-bars-and-side-steps\/rear-corner-bars-for-vans\/volkswagen-rear-corner-bars\/rear-corner-bars-volkswagen-crafter-2017-man-tge-2018-normal\/#breadcrumb"},"inLanguage":"sv-SE","potentialAction":[{"@type":"ReadAction","target":["https:\/\/rst-steel.com\/product-category\/side-bars-and-side-steps\/rear-corner-bars-for-vans\/volkswagen-rear-corner-bars\/rear-corner-bars-volkswagen-crafter-2017-man-tge-2018-normal\/"]}]},{"@type":"ImageObject","inLanguage":"sv-SE","@id":"https:\/\/rst-steel.com\/product-category\/side-bars-and-side-steps\/rear-corner-bars-for-vans\/volkswagen-rear-corner-bars\/rear-corner-bars-volkswagen-crafter-2017-man-tge-2018-normal\/#primaryimage","url":"https:\/\/rst-steel.com\/wp-content\/uploads\/2026\/03\/ab2398a2f6e6c12082c362aae87b78e5a57b86e9_6987714bae216ceb3aa4686031e889ab.jpg","contentUrl":"https:\/\/rst-steel.com\/wp-content\/uploads\/2026\/03\/ab2398a2f6e6c12082c362aae87b78e5a57b86e9_6987714bae216ceb3aa4686031e889ab.jpg","width":1427,"height":835,"caption":"prm_65960"},{"@type":"BreadcrumbList","@id":"https:\/\/rst-steel.com\/product-category\/side-bars-and-side-steps\/rear-corner-bars-for-vans\/volkswagen-rear-corner-bars\/rear-corner-bars-volkswagen-crafter-2017-man-tge-2018-normal\/#breadcrumb","itemListElement":[{"@type":"ListItem","position":1,"name":"Home","item":"https:\/\/rst-steel.com\/"},{"@type":"ListItem","position":2,"name":"RST-Steel Verkkokauppa","item":"https:\/\/rst-steel.com\/shop\/"},{"@type":"ListItem","position":3,"name":"Rear Corner Bars Volkswagen Crafter 2017-\/ MAN TGE 2018- (Normal)"}]},{"@type":"WebSite","@id":"https:\/\/rst-steel.com\/#website","url":"https:\/\/rst-steel.com\/","name":"RST-Steel Oy - Turvallista, tyylik\u00e4st\u00e4, ter\u00e4st\u00e4","description":"Finsk kvalitet f\u00f6r kvalitetsmedvetna f\u00f6rare","publisher":{"@id":"https:\/\/rst-steel.com\/#organization"},"potentialAction":[{"@type":"SearchAction","target":{"@type":"EntryPoint","urlTemplate":"https:\/\/rst-steel.com\/?s={search_term_string}"},"query-input":{"@type":"PropertyValueSpecification","valueRequired":true,"valueName":"search_term_string"}}],"inLanguage":"sv-SE"},{"@type":"Organization","@id":"https:\/\/rst-steel.com\/#organization","name":"RST-Steel Oy","alternateName":"RST-Steel Oy - Turvallista, tyylik\u00e4st\u00e4, ter\u00e4st\u00e4","url":"https:\/\/rst-steel.com\/","logo":{"@type":"ImageObject","inLanguage":"sv-SE","@id":"https:\/\/rst-steel.com\/#\/schema\/logo\/image\/","url":"https:\/\/rst-steel.com\/wp-content\/uploads\/2025\/02\/cropped-rst-valkoinen-ilman-taustaa-02.png","contentUrl":"https:\/\/rst-steel.com\/wp-content\/uploads\/2025\/02\/cropped-rst-valkoinen-ilman-taustaa-02.png","width":2319,"height":690,"caption":"RST-Steel Oy"},"image":{"@id":"https:\/\/rst-steel.com\/#\/schema\/logo\/image\/"}}]}},"_links":{"self":[{"href":"https:\/\/rst-steel.com\/sv\/wp-json\/wp\/v2\/product\/191109","targetHints":{"allow":["GET"]}}],"collection":[{"href":"https:\/\/rst-steel.com\/sv\/wp-json\/wp\/v2\/product"}],"about":[{"href":"https:\/\/rst-steel.com\/sv\/wp-json\/wp\/v2\/types\/product"}],"version-history":[{"count":1,"href":"https:\/\/rst-steel.com\/sv\/wp-json\/wp\/v2\/product\/191109\/revisions"}],"predecessor-version":[{"id":199045,"href":"https:\/\/rst-steel.com\/sv\/wp-json\/wp\/v2\/product\/191109\/revisions\/199045"}],"wp:featuredmedia":[{"embeddable":true,"href":"https:\/\/rst-steel.com\/sv\/wp-json\/wp\/v2\/media\/191108"}],"wp:attachment":[{"href":"https:\/\/rst-steel.com\/sv\/wp-json\/wp\/v2\/media?parent=191109"}],"wp:term":[{"taxonomy":"make_year","embeddable":true,"href":"https:\/\/rst-steel.com\/sv\/wp-json\/wp\/v2\/make_year?post=191109"},{"taxonomy":"make_brand","embeddable":true,"href":"https:\/\/rst-steel.com\/sv\/wp-json\/wp\/v2\/make_brand?post=191109"},{"taxonomy":"make_model","embeddable":true,"href":"https:\/\/rst-steel.com\/sv\/wp-json\/wp\/v2\/make_model?post=191109"},{"taxonomy":"make_fuel_type","embeddable":true,"href":"https:\/\/rst-steel.com\/sv\/wp-json\/wp\/v2\/make_fuel_type?post=191109"},{"taxonomy":"product_brand","embeddable":true,"href":"https:\/\/rst-steel.com\/sv\/wp-json\/wp\/v2\/product_brand?post=191109"},{"taxonomy":"product_cat","embeddable":true,"href":"https:\/\/rst-steel.com\/sv\/wp-json\/wp\/v2\/product_cat?post=191109"},{"taxonomy":"product_tag","embeddable":true,"href":"https:\/\/rst-steel.com\/sv\/wp-json\/wp\/v2\/product_tag?post=191109"}],"curies":[{"name":"wp","href":"https:\/\/api.w.org\/{rel}","templated":true}]}}