{"id":191476,"date":"2026-03-20T10:06:57","date_gmt":"2026-03-20T08:06:57","guid":{"rendered":"https:\/\/rst-steel.com\/tuote-osasto\/Ei-luokiteltu\/roof-bar-pro-v05-scania-nextgen-highline\/"},"modified":"2026-04-15T09:10:33","modified_gmt":"2026-04-15T06:10:33","slug":"roof-bar-pro-v05-scania-nextgen-highline","status":"publish","type":"product","link":"https:\/\/rst-steel.com\/sv\/produkt-kategori\/light-bars\/roof-bars-for-trucks\/scania-roof-bars\/roof-bar-pro-v05-scania-nextgen-highline\/","title":{"rendered":"Roof Bar Pro V05 Scania NextGen &#8211; Highline"},"content":{"rendered":"<p>RST-Steel&#8217;s roof bars are high-quality products<span style=\"font-weight: bold\">&nbsp;made in Finland<\/span>&nbsp;from stainless steel.<\/p>\n<p>Designed to complement the stylish lines of your truck, the roof bar not only enhances its appearance but also adds practicality and safety. It can be equipped with auxiliary lights and position lights, ensuring maximum visibility on the road and improved safety for both you and other road users.<\/p>\n<p><span style=\"font-weight: bold\">Features:<\/span><\/p>\n<ul>\n<li>Compatibility: Designed for Scania NextGen models with a Highline Cab, ensuring quick and effortless installation.<\/li>\n<li>Materials: Made from durable stainless steel, guaranteeing long service life and excellent weather resistance.<\/li>\n<li>Stylish Design: Polished or painted finish and elegant design enhance the appearance of your truck.<\/li>\n<li>Light Installation: Thanks to the welded auxiliary light brackets, you can easily mount several additional lights onto the roof bar.<\/li>\n<li>Safety: Enhances visibility in dark and challenging driving conditions, increasing safety for both the driver and other road users.<\/li>\n<\/ul>\n<p><span style=\"font-weight: bold\">Compatible with 3pcs 40cm light panel or 6pcs 9\u2019\u2019 round lamps.<\/span><\/p>\n<p><span style=\"font-weight: bold\">Why Choose RST-Steel?<\/span><\/p>\n<ul>\n<li><span style=\"font-weight: bold\">Tillverkade i Finland<\/span>: All our products are manufactured in our own production facility in Nivala, Finland.<\/li>\n<\/ul>\n<ul>\n<li><span style=\"font-weight: bold\">Reliability<\/span>: Years of experience and expertise ensure the high quality and durability of our products.<\/li>\n<li><span style=\"font-weight: bold\">Customer Satisfaction:<\/span>&nbsp;Thousands of satisfied customers worldwide trust RST-Steel products.<\/li>\n<\/ul>\n<p><span style=\"font-weight: bold\">Technical information:<\/span><\/p>\n<ul>\n<li>&nbsp;Color: Polished stainless steel or powdercoated with RAL-colors<\/li>\n<li>Pipes diameter: 76 mm \/ 60 mm<\/li>\n<li>Welded lamp bracket rail<\/li>\n<\/ul>\n<p><span style=\"font-weight: bold\"><br \/><\/span><\/p>\n<p><span style=\"font-weight: bold\">Delivery contents:<\/span><\/p>\n<ul>\n<li>Roof Bar<\/li>\n<li>Fasteners required for installation<\/li>\n<li>Installation instructions<\/li>\n<\/ul>","protected":false},"excerpt":{"rendered":"<p>RST-Steel&#8217;s roof bars are high-quality products&nbsp;made in Finland&nbsp;from stainless steel. Designed to complement the stylish lines of your truck, the&#8230;<\/p>","protected":false},"featured_media":191473,"template":"","meta":{"_improvement_type_select":"improve_an_existing","_thumb_yes_seoaic":false,"_frame_yes_seoaic":false,"seoaic_generate_description":"","seoaic_improve_instructions_prompt":"","seoaic_rollback_content_improvement":"","seoaic_idea_thumbnail_generator":"","thumbnail_generated":false,"thumbnail_generate_prompt":"","seoaic_article_description":""},"make_year":[10907],"make_brand":[10935],"make_model":[10991,10993,10994,10995,10996],"make_fuel_type":[],"product_brand":[9443],"product_cat":[10508,10509,10510],"product_tag":[],"class_list":{"0":"post-191476","1":"product","2":"type-product","3":"status-publish","4":"has-post-thumbnail","6":"make_year-trucks","7":"make_brand-scania","8":"make_model-nextgen-g-2017","9":"make_model-nextgen-p-2017","10":"make_model-nextgen-r-2017","11":"make_model-nextgen-s-2017","12":"make_model-nextgen-xt-2017","13":"make_engine-scng-makuuohjaamo-highline-cg20h","14":"make_engine-scng-makuuohjaamo-highline-cp20h","15":"make_engine-scng-makuuohjaamo-highline-cr20h","16":"make_engine-scng-makuuohjaamo-highline-cs20h","17":"product_brand-brand_rststeel","18":"product_cat-light-bars","19":"product_cat-roof-bars-for-trucks","20":"product_cat-scania-roof-bars","21":"product_shipping_class-lightbars","23":"first","24":"instock","25":"taxable","26":"shipping-taxable","27":"purchasable","28":"product-type-variable"},"yoast_head":"<!-- This site is optimized with the Yoast SEO plugin v27.1.1 - https:\/\/yoast.com\/product\/yoast-seo-wordpress\/ -->\n<title>Roof Bar Pro V05 Scania NextGen - Highline - RST-Steel<\/title>\n<meta name=\"description\" content=\"Stylish Roof Bar designed for all Scania NextGen 2017- models with Highline cab. Check out this product and get yours today!\" \/>\n<meta name=\"robots\" content=\"index, follow, max-snippet:-1, max-image-preview:large, max-video-preview:-1\" \/>\n<link rel=\"canonical\" href=\"https:\/\/rst-steel.com\/sv\/produkt-kategori\/light-bars\/roof-bars-for-trucks\/scania-roof-bars\/roof-bar-pro-v05-scania-nextgen-highline\/\" \/>\n<meta property=\"og:locale\" content=\"sv_SE\" \/>\n<meta property=\"og:type\" content=\"article\" \/>\n<meta property=\"og:title\" content=\"Roof Bar Pro V05 Scania NextGen - Highline - RST-Steel\" \/>\n<meta property=\"og:description\" content=\"Stylish Roof Bar designed for all Scania NextGen 2017- models with Highline cab. Check out this product and get yours today!\" \/>\n<meta property=\"og:url\" content=\"https:\/\/rst-steel.com\/sv\/produkt-kategori\/light-bars\/roof-bars-for-trucks\/scania-roof-bars\/roof-bar-pro-v05-scania-nextgen-highline\/\" \/>\n<meta property=\"og:site_name\" content=\"RST-Steel\" \/>\n<meta property=\"article:modified_time\" content=\"2026-04-15T06:10:33+00:00\" \/>\n<meta property=\"og:image\" content=\"https:\/\/rst-steel.com\/wp-content\/uploads\/2026\/03\/cf06792359f6eb1de443005ee9f2c3a292cc75a9_6c1190956dc58c953f4660e78619c4fa.jpg\" \/>\n\t<meta property=\"og:image:width\" content=\"1000\" \/>\n\t<meta property=\"og:image:height\" content=\"667\" \/>\n\t<meta property=\"og:image:type\" content=\"image\/jpeg\" \/>\n<meta name=\"twitter:card\" content=\"summary_large_image\" \/>\n<meta name=\"twitter:label1\" content=\"Ber\u00e4knad l\u00e4stid\" \/>\n\t<meta name=\"twitter:data1\" content=\"2 minuter\" \/>\n<script type=\"application\/ld+json\" class=\"yoast-schema-graph\">{\"@context\":\"https:\/\/schema.org\",\"@graph\":[{\"@type\":\"WebPage\",\"@id\":\"https:\/\/rst-steel.com\/product-category\/light-bars\/roof-bars-for-trucks\/scania-roof-bars\/roof-bar-pro-v05-scania-nextgen-highline\/\",\"url\":\"https:\/\/rst-steel.com\/product-category\/light-bars\/roof-bars-for-trucks\/scania-roof-bars\/roof-bar-pro-v05-scania-nextgen-highline\/\",\"name\":\"Roof Bar Pro V05 Scania NextGen - Highline - RST-Steel\",\"isPartOf\":{\"@id\":\"https:\/\/rst-steel.com\/#website\"},\"primaryImageOfPage\":{\"@id\":\"https:\/\/rst-steel.com\/product-category\/light-bars\/roof-bars-for-trucks\/scania-roof-bars\/roof-bar-pro-v05-scania-nextgen-highline\/#primaryimage\"},\"image\":{\"@id\":\"https:\/\/rst-steel.com\/product-category\/light-bars\/roof-bars-for-trucks\/scania-roof-bars\/roof-bar-pro-v05-scania-nextgen-highline\/#primaryimage\"},\"thumbnailUrl\":\"https:\/\/rst-steel.com\/wp-content\/uploads\/2026\/03\/cf06792359f6eb1de443005ee9f2c3a292cc75a9_6c1190956dc58c953f4660e78619c4fa.jpg\",\"datePublished\":\"2026-03-20T08:06:57+00:00\",\"dateModified\":\"2026-04-15T06:10:33+00:00\",\"description\":\"Stylish Roof Bar designed for all Scania NextGen 2017- models with Highline cab. Check out this product and get yours today!\",\"breadcrumb\":{\"@id\":\"https:\/\/rst-steel.com\/product-category\/light-bars\/roof-bars-for-trucks\/scania-roof-bars\/roof-bar-pro-v05-scania-nextgen-highline\/#breadcrumb\"},\"inLanguage\":\"sv-SE\",\"potentialAction\":[{\"@type\":\"ReadAction\",\"target\":[\"https:\/\/rst-steel.com\/product-category\/light-bars\/roof-bars-for-trucks\/scania-roof-bars\/roof-bar-pro-v05-scania-nextgen-highline\/\"]}]},{\"@type\":\"ImageObject\",\"inLanguage\":\"sv-SE\",\"@id\":\"https:\/\/rst-steel.com\/product-category\/light-bars\/roof-bars-for-trucks\/scania-roof-bars\/roof-bar-pro-v05-scania-nextgen-highline\/#primaryimage\",\"url\":\"https:\/\/rst-steel.com\/wp-content\/uploads\/2026\/03\/cf06792359f6eb1de443005ee9f2c3a292cc75a9_6c1190956dc58c953f4660e78619c4fa.jpg\",\"contentUrl\":\"https:\/\/rst-steel.com\/wp-content\/uploads\/2026\/03\/cf06792359f6eb1de443005ee9f2c3a292cc75a9_6c1190956dc58c953f4660e78619c4fa.jpg\",\"width\":1000,\"height\":667,\"caption\":\"prm_66122\"},{\"@type\":\"BreadcrumbList\",\"@id\":\"https:\/\/rst-steel.com\/product-category\/light-bars\/roof-bars-for-trucks\/scania-roof-bars\/roof-bar-pro-v05-scania-nextgen-highline\/#breadcrumb\",\"itemListElement\":[{\"@type\":\"ListItem\",\"position\":1,\"name\":\"Home\",\"item\":\"https:\/\/rst-steel.com\/\"},{\"@type\":\"ListItem\",\"position\":2,\"name\":\"RST-Steel Verkkokauppa\",\"item\":\"https:\/\/rst-steel.com\/shop\/\"},{\"@type\":\"ListItem\",\"position\":3,\"name\":\"Roof Bar Pro V05 Scania NextGen &#8211; Highline\"}]},{\"@type\":\"WebSite\",\"@id\":\"https:\/\/rst-steel.com\/#website\",\"url\":\"https:\/\/rst-steel.com\/\",\"name\":\"RST-Steel Oy - Turvallista, tyylik\u00e4st\u00e4, ter\u00e4st\u00e4\",\"description\":\"Finnish quality for discerning drivers\",\"publisher\":{\"@id\":\"https:\/\/rst-steel.com\/#organization\"},\"potentialAction\":[{\"@type\":\"SearchAction\",\"target\":{\"@type\":\"EntryPoint\",\"urlTemplate\":\"https:\/\/rst-steel.com\/?s={search_term_string}\"},\"query-input\":{\"@type\":\"PropertyValueSpecification\",\"valueRequired\":true,\"valueName\":\"search_term_string\"}}],\"inLanguage\":\"sv-SE\"},{\"@type\":\"Organization\",\"@id\":\"https:\/\/rst-steel.com\/#organization\",\"name\":\"RST-Steel Oy\",\"alternateName\":\"RST-Steel Oy - Turvallista, tyylik\u00e4st\u00e4, ter\u00e4st\u00e4\",\"url\":\"https:\/\/rst-steel.com\/\",\"logo\":{\"@type\":\"ImageObject\",\"inLanguage\":\"sv-SE\",\"@id\":\"https:\/\/rst-steel.com\/#\/schema\/logo\/image\/\",\"url\":\"https:\/\/rst-steel.com\/wp-content\/uploads\/2025\/02\/cropped-rst-valkoinen-ilman-taustaa-02.png\",\"contentUrl\":\"https:\/\/rst-steel.com\/wp-content\/uploads\/2025\/02\/cropped-rst-valkoinen-ilman-taustaa-02.png\",\"width\":2319,\"height\":690,\"caption\":\"RST-Steel Oy\"},\"image\":{\"@id\":\"https:\/\/rst-steel.com\/#\/schema\/logo\/image\/\"}}]}<\/script>\n<!-- \/ Yoast SEO plugin. -->","yoast_head_json":{"title":"Roof Bar Pro V05 Scania NextGen - Highline - RST-Steel","description":"Stylish Roof Bar designed for all Scania NextGen 2017- models with Highline cab. Check out this product and get yours today!","robots":{"index":"index","follow":"follow","max-snippet":"max-snippet:-1","max-image-preview":"max-image-preview:large","max-video-preview":"max-video-preview:-1"},"canonical":"https:\/\/rst-steel.com\/sv\/produkt-kategori\/light-bars\/roof-bars-for-trucks\/scania-roof-bars\/roof-bar-pro-v05-scania-nextgen-highline\/","og_locale":"sv_SE","og_type":"article","og_title":"Roof Bar Pro V05 Scania NextGen - Highline - RST-Steel","og_description":"Stylish Roof Bar designed for all Scania NextGen 2017- models with Highline cab. Check out this product and get yours today!","og_url":"https:\/\/rst-steel.com\/sv\/produkt-kategori\/light-bars\/roof-bars-for-trucks\/scania-roof-bars\/roof-bar-pro-v05-scania-nextgen-highline\/","og_site_name":"RST-Steel","article_modified_time":"2026-04-15T06:10:33+00:00","og_image":[{"width":1000,"height":667,"url":"https:\/\/rst-steel.com\/wp-content\/uploads\/2026\/03\/cf06792359f6eb1de443005ee9f2c3a292cc75a9_6c1190956dc58c953f4660e78619c4fa.jpg","type":"image\/jpeg"}],"twitter_card":"summary_large_image","twitter_misc":{"Ber\u00e4knad l\u00e4stid":"2 minuter"},"schema":{"@context":"https:\/\/schema.org","@graph":[{"@type":"WebPage","@id":"https:\/\/rst-steel.com\/product-category\/light-bars\/roof-bars-for-trucks\/scania-roof-bars\/roof-bar-pro-v05-scania-nextgen-highline\/","url":"https:\/\/rst-steel.com\/product-category\/light-bars\/roof-bars-for-trucks\/scania-roof-bars\/roof-bar-pro-v05-scania-nextgen-highline\/","name":"Roof Bar Pro V05 Scania NextGen - Highline - RST-Steel","isPartOf":{"@id":"https:\/\/rst-steel.com\/#website"},"primaryImageOfPage":{"@id":"https:\/\/rst-steel.com\/product-category\/light-bars\/roof-bars-for-trucks\/scania-roof-bars\/roof-bar-pro-v05-scania-nextgen-highline\/#primaryimage"},"image":{"@id":"https:\/\/rst-steel.com\/product-category\/light-bars\/roof-bars-for-trucks\/scania-roof-bars\/roof-bar-pro-v05-scania-nextgen-highline\/#primaryimage"},"thumbnailUrl":"https:\/\/rst-steel.com\/wp-content\/uploads\/2026\/03\/cf06792359f6eb1de443005ee9f2c3a292cc75a9_6c1190956dc58c953f4660e78619c4fa.jpg","datePublished":"2026-03-20T08:06:57+00:00","dateModified":"2026-04-15T06:10:33+00:00","description":"Stylish Roof Bar designed for all Scania NextGen 2017- models with Highline cab. Check out this product and get yours today!","breadcrumb":{"@id":"https:\/\/rst-steel.com\/product-category\/light-bars\/roof-bars-for-trucks\/scania-roof-bars\/roof-bar-pro-v05-scania-nextgen-highline\/#breadcrumb"},"inLanguage":"sv-SE","potentialAction":[{"@type":"ReadAction","target":["https:\/\/rst-steel.com\/product-category\/light-bars\/roof-bars-for-trucks\/scania-roof-bars\/roof-bar-pro-v05-scania-nextgen-highline\/"]}]},{"@type":"ImageObject","inLanguage":"sv-SE","@id":"https:\/\/rst-steel.com\/product-category\/light-bars\/roof-bars-for-trucks\/scania-roof-bars\/roof-bar-pro-v05-scania-nextgen-highline\/#primaryimage","url":"https:\/\/rst-steel.com\/wp-content\/uploads\/2026\/03\/cf06792359f6eb1de443005ee9f2c3a292cc75a9_6c1190956dc58c953f4660e78619c4fa.jpg","contentUrl":"https:\/\/rst-steel.com\/wp-content\/uploads\/2026\/03\/cf06792359f6eb1de443005ee9f2c3a292cc75a9_6c1190956dc58c953f4660e78619c4fa.jpg","width":1000,"height":667,"caption":"prm_66122"},{"@type":"BreadcrumbList","@id":"https:\/\/rst-steel.com\/product-category\/light-bars\/roof-bars-for-trucks\/scania-roof-bars\/roof-bar-pro-v05-scania-nextgen-highline\/#breadcrumb","itemListElement":[{"@type":"ListItem","position":1,"name":"Home","item":"https:\/\/rst-steel.com\/"},{"@type":"ListItem","position":2,"name":"RST-Steel Verkkokauppa","item":"https:\/\/rst-steel.com\/shop\/"},{"@type":"ListItem","position":3,"name":"Roof Bar Pro V05 Scania NextGen &#8211; Highline"}]},{"@type":"WebSite","@id":"https:\/\/rst-steel.com\/#website","url":"https:\/\/rst-steel.com\/","name":"RST-Steel Oy - Turvallista, tyylik\u00e4st\u00e4, ter\u00e4st\u00e4","description":"Finsk kvalitet f\u00f6r kvalitetsmedvetna f\u00f6rare","publisher":{"@id":"https:\/\/rst-steel.com\/#organization"},"potentialAction":[{"@type":"SearchAction","target":{"@type":"EntryPoint","urlTemplate":"https:\/\/rst-steel.com\/?s={search_term_string}"},"query-input":{"@type":"PropertyValueSpecification","valueRequired":true,"valueName":"search_term_string"}}],"inLanguage":"sv-SE"},{"@type":"Organization","@id":"https:\/\/rst-steel.com\/#organization","name":"Hantera alternativ","alternateName":"RST-Steel Oy - Turvallista, tyylik\u00e4st\u00e4, ter\u00e4st\u00e4","url":"https:\/\/rst-steel.com\/","logo":{"@type":"ImageObject","inLanguage":"sv-SE","@id":"https:\/\/rst-steel.com\/#\/schema\/logo\/image\/","url":"https:\/\/rst-steel.com\/wp-content\/uploads\/2025\/02\/cropped-rst-valkoinen-ilman-taustaa-02.png","contentUrl":"https:\/\/rst-steel.com\/wp-content\/uploads\/2025\/02\/cropped-rst-valkoinen-ilman-taustaa-02.png","width":2319,"height":690,"caption":"RST-Steel Oy"},"image":{"@id":"https:\/\/rst-steel.com\/#\/schema\/logo\/image\/"}}]}},"_links":{"self":[{"href":"https:\/\/rst-steel.com\/sv\/wp-json\/wp\/v2\/product\/191476","targetHints":{"allow":["GET"]}}],"collection":[{"href":"https:\/\/rst-steel.com\/sv\/wp-json\/wp\/v2\/product"}],"about":[{"href":"https:\/\/rst-steel.com\/sv\/wp-json\/wp\/v2\/types\/product"}],"version-history":[{"count":1,"href":"https:\/\/rst-steel.com\/sv\/wp-json\/wp\/v2\/product\/191476\/revisions"}],"predecessor-version":[{"id":199025,"href":"https:\/\/rst-steel.com\/sv\/wp-json\/wp\/v2\/product\/191476\/revisions\/199025"}],"wp:featuredmedia":[{"embeddable":true,"href":"https:\/\/rst-steel.com\/sv\/wp-json\/wp\/v2\/media\/191473"}],"wp:attachment":[{"href":"https:\/\/rst-steel.com\/sv\/wp-json\/wp\/v2\/media?parent=191476"}],"wp:term":[{"taxonomy":"make_year","embeddable":true,"href":"https:\/\/rst-steel.com\/sv\/wp-json\/wp\/v2\/make_year?post=191476"},{"taxonomy":"make_brand","embeddable":true,"href":"https:\/\/rst-steel.com\/sv\/wp-json\/wp\/v2\/make_brand?post=191476"},{"taxonomy":"make_model","embeddable":true,"href":"https:\/\/rst-steel.com\/sv\/wp-json\/wp\/v2\/make_model?post=191476"},{"taxonomy":"make_fuel_type","embeddable":true,"href":"https:\/\/rst-steel.com\/sv\/wp-json\/wp\/v2\/make_fuel_type?post=191476"},{"taxonomy":"product_brand","embeddable":true,"href":"https:\/\/rst-steel.com\/sv\/wp-json\/wp\/v2\/product_brand?post=191476"},{"taxonomy":"product_cat","embeddable":true,"href":"https:\/\/rst-steel.com\/sv\/wp-json\/wp\/v2\/product_cat?post=191476"},{"taxonomy":"product_tag","embeddable":true,"href":"https:\/\/rst-steel.com\/sv\/wp-json\/wp\/v2\/product_tag?post=191476"}],"curies":[{"name":"wp","href":"https:\/\/api.w.org\/{rel}","templated":true}]}}