{"id":191545,"date":"2026-03-20T10:08:10","date_gmt":"2026-03-20T08:08:10","guid":{"rendered":"https:\/\/rst-steel.com\/tuote-osasto\/Ei-luokiteltu\/roof-bar-renault-t-series-high-cab\/"},"modified":"2026-04-24T15:44:53","modified_gmt":"2026-04-24T12:44:53","slug":"roof-bar-renault-t-series-high-cab","status":"publish","type":"product","link":"https:\/\/rst-steel.com\/sv\/produkt-kategori\/light-bars\/roof-bars-for-trucks\/renault-roof-bars\/roof-bar-renault-t-series-high-cab\/","title":{"rendered":"Roof Bar Renault T-Series, High cab"},"content":{"rendered":"<p>Roof Bar Renault T-Series, High cab<\/p>\n<p><span style=\"font-weight: bold;\">\u00a0<\/span><\/p>\n<p><span style=\"font-weight: bold;\">Do you need a reliable and stylish solution for mounting auxiliary lights on your truck?<\/span><\/p>\n<p>Our roof bar is designed specifically to meet your needs!<\/p>\n<p>RST-Steel\u2019s roof\u00a0 bars are high-quality products made from stainless steel. The roof bar accentuates the stylish lines of the cab and allows you to install Lazer auxiliary lights for enhanced safety.<\/p>\n<p>This model accommodates 3pcs. Lazer Triple-R 1000 or 6pcs. Lazer Sentinel 9&#8221; auxiliary lights.<\/p>\n<p>Features:<\/p>\n<ul>\n<li>Compatibility: Specifically designed for Renault T- and C-Series with High cab, ensuring quick and effortless installation.<\/li>\n<li>Materials: Made from durable stainless steel, guaranteeing long service life and excellent weather resistance.<\/li>\n<li>Stylish Design: Polished or painted finish and elegant design enhance the appearance of your truck.<\/li>\n<li>Light Installation: The roof bar easily accommodates multiple auxiliary lights, significantly improving your vehicle\u2019s lighting.<\/li>\n<li>Safety: Enhances visibility in dark and challenging driving conditions, increasing safety for both the driver and other road users.<\/li>\n<\/ul>\n<p><span style=\"font-weight: bold;\">Why Choose RST-Steel?<\/span><\/p>\n<ul>\n<li>Reliability: Years of experience and expertise ensure the high quality and durability of our products.<\/li>\n<li>Customer Satisfaction: Thousands of satisfied customers worldwide trust RST-Steel products.<\/li>\n<\/ul>\n<p><span style=\"font-weight: bold;\">Tekniska specifikationer<\/span><\/p>\n<ul>\n<li>Color: Mirror-polished stainless steel or Powdercoated with RAL colors<\/li>\n<li>Pipe Diameter: 76 mm<\/li>\n<li>6pcs. lamp brackets<\/li>\n<\/ul>\n<p><span style=\"font-weight: bold;\">Package Includes:<\/span><\/p>\n<ul>\n<li>Roof Bar<\/li>\n<li>Mounting brackets required for installation<\/li>\n<li>Installation instructions<\/li>\n<\/ul>\n<p><span style=\"font-weight: bold;\">Buy now and enhance visibility and safety with a high-quality roof bar!<\/span><\/p>\n<p>Get the roof bar for Renault T-series today and elevate the functionality and appearance of your truck to a new level! Order now from RST-Steel online store and take advantage of fast delivery.<\/p>\n<p><span style=\"font-weight: bold;\">RST-Steel \u2013 Your reliable partner on the road<\/span><\/p>","protected":false},"excerpt":{"rendered":"<p>Roof Bar Renault T-Series, High cab \u00a0 Do you need a reliable and stylish solution for mounting auxiliary lights on&#8230;<\/p>","protected":false},"featured_media":191543,"template":"","meta":[],"make_year":[10907],"make_brand":[10933],"make_model":[10947,10950],"make_fuel_type":[],"product_brand":[9443],"product_cat":[10508,10516,10509],"product_tag":[],"class_list":{"0":"post-191545","1":"product","2":"type-product","3":"status-publish","4":"has-post-thumbnail","6":"make_year-trucks","7":"make_brand-renault-truck","8":"make_model-renault-c","9":"make_model-renault-t","10":"product_brand-brand_rststeel","11":"product_cat-light-bars","12":"product_cat-renault-roof-bars","13":"product_cat-roof-bars-for-trucks","14":"product_shipping_class-lightbars","16":"first","17":"instock","18":"taxable","19":"shipping-taxable","20":"purchasable","21":"product-type-variable"},"yoast_head":"<!-- This site is optimized with the Yoast SEO plugin v27.1.1 - https:\/\/yoast.com\/product\/yoast-seo-wordpress\/ -->\n<title>Roof Bar Renault T-Series, High cab - RST-Steel<\/title>\n<meta name=\"description\" content=\"Roof Bar Renault T-Series and C-Series with High cab. Get the roof bar today and elevate the functionality and appearance of your truck to a new level!\" \/>\n<meta name=\"robots\" content=\"index, follow, max-snippet:-1, max-image-preview:large, max-video-preview:-1\" \/>\n<link rel=\"canonical\" href=\"https:\/\/rst-steel.com\/sv\/produkt-kategori\/light-bars\/roof-bars-for-trucks\/renault-roof-bars\/roof-bar-renault-t-series-high-cab\/\" \/>\n<meta property=\"og:locale\" content=\"sv_SE\" \/>\n<meta property=\"og:type\" content=\"article\" \/>\n<meta property=\"og:title\" content=\"Roof Bar Renault T-Series, High cab - RST-Steel\" \/>\n<meta property=\"og:description\" content=\"Roof Bar Renault T-Series and C-Series with High cab. Get the roof bar today and elevate the functionality and appearance of your truck to a new level!\" \/>\n<meta property=\"og:url\" content=\"https:\/\/rst-steel.com\/sv\/produkt-kategori\/light-bars\/roof-bars-for-trucks\/renault-roof-bars\/roof-bar-renault-t-series-high-cab\/\" \/>\n<meta property=\"og:site_name\" content=\"RST-Steel\" \/>\n<meta property=\"article:modified_time\" content=\"2026-04-24T12:44:53+00:00\" \/>\n<meta property=\"og:image\" content=\"https:\/\/rst-steel.com\/wp-content\/uploads\/2026\/03\/2ad632763a37987a1d8ac8cc35aecf0075a6b6b0_a864d2cec439b631ea6b7c3189c7fc21-scaled.jpg\" \/>\n\t<meta property=\"og:image:width\" content=\"2560\" \/>\n\t<meta property=\"og:image:height\" content=\"1707\" \/>\n\t<meta property=\"og:image:type\" content=\"image\/jpeg\" \/>\n<meta name=\"twitter:card\" content=\"summary_large_image\" \/>\n<meta name=\"twitter:label1\" content=\"Ber\u00e4knad l\u00e4stid\" \/>\n\t<meta name=\"twitter:data1\" content=\"2 minuter\" \/>\n<script type=\"application\/ld+json\" class=\"yoast-schema-graph\">{\"@context\":\"https:\/\/schema.org\",\"@graph\":[{\"@type\":\"WebPage\",\"@id\":\"https:\/\/rst-steel.com\/product-category\/light-bars\/roof-bars-for-trucks\/renault-roof-bars\/roof-bar-renault-t-series-high-cab\/\",\"url\":\"https:\/\/rst-steel.com\/product-category\/light-bars\/roof-bars-for-trucks\/renault-roof-bars\/roof-bar-renault-t-series-high-cab\/\",\"name\":\"Roof Bar Renault T-Series, High cab - RST-Steel\",\"isPartOf\":{\"@id\":\"https:\/\/rst-steel.com\/#website\"},\"primaryImageOfPage\":{\"@id\":\"https:\/\/rst-steel.com\/product-category\/light-bars\/roof-bars-for-trucks\/renault-roof-bars\/roof-bar-renault-t-series-high-cab\/#primaryimage\"},\"image\":{\"@id\":\"https:\/\/rst-steel.com\/product-category\/light-bars\/roof-bars-for-trucks\/renault-roof-bars\/roof-bar-renault-t-series-high-cab\/#primaryimage\"},\"thumbnailUrl\":\"https:\/\/rst-steel.com\/wp-content\/uploads\/2026\/03\/2ad632763a37987a1d8ac8cc35aecf0075a6b6b0_a864d2cec439b631ea6b7c3189c7fc21-scaled.jpg\",\"datePublished\":\"2026-03-20T08:08:10+00:00\",\"dateModified\":\"2026-04-24T12:44:53+00:00\",\"description\":\"Roof Bar Renault T-Series and C-Series with High cab. Get the roof bar today and elevate the functionality and appearance of your truck to a new level!\",\"breadcrumb\":{\"@id\":\"https:\/\/rst-steel.com\/product-category\/light-bars\/roof-bars-for-trucks\/renault-roof-bars\/roof-bar-renault-t-series-high-cab\/#breadcrumb\"},\"inLanguage\":\"sv-SE\",\"potentialAction\":[{\"@type\":\"ReadAction\",\"target\":[\"https:\/\/rst-steel.com\/product-category\/light-bars\/roof-bars-for-trucks\/renault-roof-bars\/roof-bar-renault-t-series-high-cab\/\"]}]},{\"@type\":\"ImageObject\",\"inLanguage\":\"sv-SE\",\"@id\":\"https:\/\/rst-steel.com\/product-category\/light-bars\/roof-bars-for-trucks\/renault-roof-bars\/roof-bar-renault-t-series-high-cab\/#primaryimage\",\"url\":\"https:\/\/rst-steel.com\/wp-content\/uploads\/2026\/03\/2ad632763a37987a1d8ac8cc35aecf0075a6b6b0_a864d2cec439b631ea6b7c3189c7fc21-scaled.jpg\",\"contentUrl\":\"https:\/\/rst-steel.com\/wp-content\/uploads\/2026\/03\/2ad632763a37987a1d8ac8cc35aecf0075a6b6b0_a864d2cec439b631ea6b7c3189c7fc21-scaled.jpg\",\"width\":2560,\"height\":1707,\"caption\":\"prm_66273\"},{\"@type\":\"BreadcrumbList\",\"@id\":\"https:\/\/rst-steel.com\/product-category\/light-bars\/roof-bars-for-trucks\/renault-roof-bars\/roof-bar-renault-t-series-high-cab\/#breadcrumb\",\"itemListElement\":[{\"@type\":\"ListItem\",\"position\":1,\"name\":\"Home\",\"item\":\"https:\/\/rst-steel.com\/\"},{\"@type\":\"ListItem\",\"position\":2,\"name\":\"RST-Steel Verkkokauppa\",\"item\":\"https:\/\/rst-steel.com\/shop\/\"},{\"@type\":\"ListItem\",\"position\":3,\"name\":\"Roof Bar Renault T-Series, High cab\"}]},{\"@type\":\"WebSite\",\"@id\":\"https:\/\/rst-steel.com\/#website\",\"url\":\"https:\/\/rst-steel.com\/\",\"name\":\"RST-Steel Oy - Turvallista, tyylik\u00e4st\u00e4, ter\u00e4st\u00e4\",\"description\":\"Finnish quality for discerning drivers\",\"publisher\":{\"@id\":\"https:\/\/rst-steel.com\/#organization\"},\"potentialAction\":[{\"@type\":\"SearchAction\",\"target\":{\"@type\":\"EntryPoint\",\"urlTemplate\":\"https:\/\/rst-steel.com\/?s={search_term_string}\"},\"query-input\":{\"@type\":\"PropertyValueSpecification\",\"valueRequired\":true,\"valueName\":\"search_term_string\"}}],\"inLanguage\":\"sv-SE\"},{\"@type\":\"Organization\",\"@id\":\"https:\/\/rst-steel.com\/#organization\",\"name\":\"RST-Steel Oy\",\"alternateName\":\"RST-Steel Oy - Turvallista, tyylik\u00e4st\u00e4, ter\u00e4st\u00e4\",\"url\":\"https:\/\/rst-steel.com\/\",\"logo\":{\"@type\":\"ImageObject\",\"inLanguage\":\"sv-SE\",\"@id\":\"https:\/\/rst-steel.com\/#\/schema\/logo\/image\/\",\"url\":\"https:\/\/rst-steel.com\/wp-content\/uploads\/2025\/02\/cropped-rst-valkoinen-ilman-taustaa-02.png\",\"contentUrl\":\"https:\/\/rst-steel.com\/wp-content\/uploads\/2025\/02\/cropped-rst-valkoinen-ilman-taustaa-02.png\",\"width\":2319,\"height\":690,\"caption\":\"RST-Steel Oy\"},\"image\":{\"@id\":\"https:\/\/rst-steel.com\/#\/schema\/logo\/image\/\"}}]}<\/script>\n<!-- \/ Yoast SEO plugin. -->","yoast_head_json":{"title":"Roof Bar Renault T-Series, High cab - RST-Steel","description":"Roof Bar Renault T-Series and C-Series with High cab. Get the roof bar today and elevate the functionality and appearance of your truck to a new level!","robots":{"index":"index","follow":"follow","max-snippet":"max-snippet:-1","max-image-preview":"max-image-preview:large","max-video-preview":"max-video-preview:-1"},"canonical":"https:\/\/rst-steel.com\/sv\/produkt-kategori\/light-bars\/roof-bars-for-trucks\/renault-roof-bars\/roof-bar-renault-t-series-high-cab\/","og_locale":"sv_SE","og_type":"article","og_title":"Roof Bar Renault T-Series, High cab - RST-Steel","og_description":"Roof Bar Renault T-Series and C-Series with High cab. Get the roof bar today and elevate the functionality and appearance of your truck to a new level!","og_url":"https:\/\/rst-steel.com\/sv\/produkt-kategori\/light-bars\/roof-bars-for-trucks\/renault-roof-bars\/roof-bar-renault-t-series-high-cab\/","og_site_name":"RST-Steel","article_modified_time":"2026-04-24T12:44:53+00:00","og_image":[{"width":2560,"height":1707,"url":"https:\/\/rst-steel.com\/wp-content\/uploads\/2026\/03\/2ad632763a37987a1d8ac8cc35aecf0075a6b6b0_a864d2cec439b631ea6b7c3189c7fc21-scaled.jpg","type":"image\/jpeg"}],"twitter_card":"summary_large_image","twitter_misc":{"Ber\u00e4knad l\u00e4stid":"2 minuter"},"schema":{"@context":"https:\/\/schema.org","@graph":[{"@type":"WebPage","@id":"https:\/\/rst-steel.com\/product-category\/light-bars\/roof-bars-for-trucks\/renault-roof-bars\/roof-bar-renault-t-series-high-cab\/","url":"https:\/\/rst-steel.com\/product-category\/light-bars\/roof-bars-for-trucks\/renault-roof-bars\/roof-bar-renault-t-series-high-cab\/","name":"Roof Bar Renault T-Series, High cab - RST-Steel","isPartOf":{"@id":"https:\/\/rst-steel.com\/#website"},"primaryImageOfPage":{"@id":"https:\/\/rst-steel.com\/product-category\/light-bars\/roof-bars-for-trucks\/renault-roof-bars\/roof-bar-renault-t-series-high-cab\/#primaryimage"},"image":{"@id":"https:\/\/rst-steel.com\/product-category\/light-bars\/roof-bars-for-trucks\/renault-roof-bars\/roof-bar-renault-t-series-high-cab\/#primaryimage"},"thumbnailUrl":"https:\/\/rst-steel.com\/wp-content\/uploads\/2026\/03\/2ad632763a37987a1d8ac8cc35aecf0075a6b6b0_a864d2cec439b631ea6b7c3189c7fc21-scaled.jpg","datePublished":"2026-03-20T08:08:10+00:00","dateModified":"2026-04-24T12:44:53+00:00","description":"Roof Bar Renault T-Series and C-Series with High cab. Get the roof bar today and elevate the functionality and appearance of your truck to a new level!","breadcrumb":{"@id":"https:\/\/rst-steel.com\/product-category\/light-bars\/roof-bars-for-trucks\/renault-roof-bars\/roof-bar-renault-t-series-high-cab\/#breadcrumb"},"inLanguage":"sv-SE","potentialAction":[{"@type":"ReadAction","target":["https:\/\/rst-steel.com\/product-category\/light-bars\/roof-bars-for-trucks\/renault-roof-bars\/roof-bar-renault-t-series-high-cab\/"]}]},{"@type":"ImageObject","inLanguage":"sv-SE","@id":"https:\/\/rst-steel.com\/product-category\/light-bars\/roof-bars-for-trucks\/renault-roof-bars\/roof-bar-renault-t-series-high-cab\/#primaryimage","url":"https:\/\/rst-steel.com\/wp-content\/uploads\/2026\/03\/2ad632763a37987a1d8ac8cc35aecf0075a6b6b0_a864d2cec439b631ea6b7c3189c7fc21-scaled.jpg","contentUrl":"https:\/\/rst-steel.com\/wp-content\/uploads\/2026\/03\/2ad632763a37987a1d8ac8cc35aecf0075a6b6b0_a864d2cec439b631ea6b7c3189c7fc21-scaled.jpg","width":2560,"height":1707,"caption":"prm_66273"},{"@type":"BreadcrumbList","@id":"https:\/\/rst-steel.com\/product-category\/light-bars\/roof-bars-for-trucks\/renault-roof-bars\/roof-bar-renault-t-series-high-cab\/#breadcrumb","itemListElement":[{"@type":"ListItem","position":1,"name":"Home","item":"https:\/\/rst-steel.com\/"},{"@type":"ListItem","position":2,"name":"RST-Steel Verkkokauppa","item":"https:\/\/rst-steel.com\/shop\/"},{"@type":"ListItem","position":3,"name":"Roof Bar Renault T-Series, High cab"}]},{"@type":"WebSite","@id":"https:\/\/rst-steel.com\/#website","url":"https:\/\/rst-steel.com\/","name":"RST-Steel Oy - Turvallista, tyylik\u00e4st\u00e4, ter\u00e4st\u00e4","description":"Finsk kvalitet f\u00f6r kvalitetsmedvetna f\u00f6rare","publisher":{"@id":"https:\/\/rst-steel.com\/#organization"},"potentialAction":[{"@type":"SearchAction","target":{"@type":"EntryPoint","urlTemplate":"https:\/\/rst-steel.com\/?s={search_term_string}"},"query-input":{"@type":"PropertyValueSpecification","valueRequired":true,"valueName":"search_term_string"}}],"inLanguage":"sv-SE"},{"@type":"Organization","@id":"https:\/\/rst-steel.com\/#organization","name":"RST-Steel Oy","alternateName":"RST-Steel Oy - Turvallista, tyylik\u00e4st\u00e4, ter\u00e4st\u00e4","url":"https:\/\/rst-steel.com\/","logo":{"@type":"ImageObject","inLanguage":"sv-SE","@id":"https:\/\/rst-steel.com\/#\/schema\/logo\/image\/","url":"https:\/\/rst-steel.com\/wp-content\/uploads\/2025\/02\/cropped-rst-valkoinen-ilman-taustaa-02.png","contentUrl":"https:\/\/rst-steel.com\/wp-content\/uploads\/2025\/02\/cropped-rst-valkoinen-ilman-taustaa-02.png","width":2319,"height":690,"caption":"RST-Steel Oy"},"image":{"@id":"https:\/\/rst-steel.com\/#\/schema\/logo\/image\/"}}]}},"_links":{"self":[{"href":"https:\/\/rst-steel.com\/sv\/wp-json\/wp\/v2\/product\/191545","targetHints":{"allow":["GET"]}}],"collection":[{"href":"https:\/\/rst-steel.com\/sv\/wp-json\/wp\/v2\/product"}],"about":[{"href":"https:\/\/rst-steel.com\/sv\/wp-json\/wp\/v2\/types\/product"}],"version-history":[{"count":2,"href":"https:\/\/rst-steel.com\/sv\/wp-json\/wp\/v2\/product\/191545\/revisions"}],"predecessor-version":[{"id":201647,"href":"https:\/\/rst-steel.com\/sv\/wp-json\/wp\/v2\/product\/191545\/revisions\/201647"}],"wp:featuredmedia":[{"embeddable":true,"href":"https:\/\/rst-steel.com\/sv\/wp-json\/wp\/v2\/media\/191543"}],"wp:attachment":[{"href":"https:\/\/rst-steel.com\/sv\/wp-json\/wp\/v2\/media?parent=191545"}],"wp:term":[{"taxonomy":"make_year","embeddable":true,"href":"https:\/\/rst-steel.com\/sv\/wp-json\/wp\/v2\/make_year?post=191545"},{"taxonomy":"make_brand","embeddable":true,"href":"https:\/\/rst-steel.com\/sv\/wp-json\/wp\/v2\/make_brand?post=191545"},{"taxonomy":"make_model","embeddable":true,"href":"https:\/\/rst-steel.com\/sv\/wp-json\/wp\/v2\/make_model?post=191545"},{"taxonomy":"make_fuel_type","embeddable":true,"href":"https:\/\/rst-steel.com\/sv\/wp-json\/wp\/v2\/make_fuel_type?post=191545"},{"taxonomy":"product_brand","embeddable":true,"href":"https:\/\/rst-steel.com\/sv\/wp-json\/wp\/v2\/product_brand?post=191545"},{"taxonomy":"product_cat","embeddable":true,"href":"https:\/\/rst-steel.com\/sv\/wp-json\/wp\/v2\/product_cat?post=191545"},{"taxonomy":"product_tag","embeddable":true,"href":"https:\/\/rst-steel.com\/sv\/wp-json\/wp\/v2\/product_tag?post=191545"}],"curies":[{"name":"wp","href":"https:\/\/api.w.org\/{rel}","templated":true}]}}