{"id":191562,"date":"2026-03-20T10:08:26","date_gmt":"2026-03-20T08:08:26","guid":{"rendered":"https:\/\/rst-steel.com\/tuote-osasto\/Ei-luokiteltu\/roof-bar-with-side-extension-man-tgx-gx-2021\/"},"modified":"2026-04-10T10:17:17","modified_gmt":"2026-04-10T07:17:17","slug":"roof-bar-with-side-extension-man-tgx-gx-2021","status":"publish","type":"product","link":"https:\/\/rst-steel.com\/sv\/produkt-kategori\/light-bars\/roof-bars-for-trucks\/man-roof-bars\/roof-bar-with-side-extension-man-tgx-gx-2021\/","title":{"rendered":"Roof Bar with Side Extension MAN TGX GX 2021-"},"content":{"rendered":"<p>Roof Bar with Side Extension MAN TGX GX 2021-<\/p>\n<p><\/p>\n<p><span style=\"font-weight: 700\">Do you need a reliable and stylish solution for mounting auxiliary lights on your MAN truck?<\/span><\/p>\n<p><\/p>\n<p>Our roof bar is designed specifically to meet your needs!<\/p>\n<p>RST-Steel\u2019s roof&nbsp; bars are high-quality products made from stainless steel. The roof bar accentuates the stylish lines of the cab and allows you to install Lazer auxiliary lights for enhanced safety.&nbsp;<span style=\"font-weight: bold\">This model accommodates 3pcs. Lazer Triple-R 1000 or 6pcs. Lazer Sentinel 9&#8221; auxiliary lights.<\/span><\/p>\n<p><\/p>\n<p><span style=\"font-weight: bold\">Features:<\/span><\/p>\n<ul>\n<li><span style=\"font-weight: bold\">Compatibility<\/span>: Specifically designed for MAN TGX 2021- models with GX cab, ensuring quick and effortless installation.<\/li>\n<li><span style=\"font-weight: bold\">Materials<\/span>: Made from durable stainless steel, guaranteeing long service life and excellent weather resistance.<\/li>\n<li><span style=\"font-weight: bold\">Stylish Design:<\/span>&nbsp;Polished or painted finish and elegant design enhance the appearance of your truck.<\/li>\n<li><span style=\"font-weight: bold\">Light Installation:<\/span>&nbsp;The roof bar easily accommodates multiple auxiliary lights, significantly improving your vehicle\u2019s lighting.<\/li>\n<li><span style=\"font-weight: bold\">S\u00e4kerhet<\/span>: Enhances visibility in dark and challenging driving conditions, increasing safety for both the driver and other road users.<\/li>\n<\/ul>\n<p><\/p>\n<p><\/p>\n<p><span style=\"font-weight: bold\">Why Choose RST-Steel?<\/span><\/p>\n<ul>\n<li><span style=\"font-weight: bold\">Reliability<\/span>: Years of experience and expertise ensure the high quality and durability of our products.<\/li>\n<li><span style=\"font-weight: bold\">Customer Satisfaction:<\/span>&nbsp;Thousands of satisfied customers worldwide trust RST-Steel products.<\/li>\n<\/ul>\n<p><\/p>\n<p><\/p>\n<p><span style=\"font-weight: bold\">Tekniska specifikationer<\/span><\/p>\n<ul>\n<li>Color: Mirror-polished stainless steel or Powdercoated with RAL colors<\/li>\n<li>Pipe Diameter: 76 mm<\/li>\n<li>6 pcs. Lamp brackets<\/li>\n<\/ul>\n<p><\/p>\n<p><span style=\"font-weight: bold\">Package Includes:<\/span><\/p>\n<ul>\n<li>Roof Bar<\/li>\n<li>Mounting brackets required for installation<\/li>\n<li>Installation instructions<\/li>\n<\/ul>\n<p><\/p>\n<p><\/p>\n<p><span style=\"font-weight: bold\">Buy now and enhance visibility and safety with a high-quality roof&nbsp;<\/span><span style=\"font-weight: bold\">bar!<\/span><\/p>\n<p><\/p>\n<p>Get the roof bar for MAN TGX 2021- models today and elevate the functionality and appearance of your truck to a new level! Order now from RST-Steel online store and take advantage of fast delivery.<\/p>\n<p><\/p>\n<p><span style=\"font-weight: bold\">RST-Steel \u2013 Your reliable partner on the road<\/span><\/p>","protected":false},"excerpt":{"rendered":"<p>Roof Bar with Side Extension MAN TGX GX 2021- Do you need a reliable and stylish solution for mounting auxiliary&#8230;<\/p>","protected":false},"featured_media":191561,"template":"","meta":{"_improvement_type_select":"improve_an_existing","_thumb_yes_seoaic":false,"_frame_yes_seoaic":false,"seoaic_generate_description":"","seoaic_improve_instructions_prompt":"","seoaic_rollback_content_improvement":"","seoaic_idea_thumbnail_generator":"","thumbnail_generated":false,"thumbnail_generate_prompt":"","seoaic_article_description":""},"make_year":[10907],"make_brand":[10925],"make_model":[11017],"make_fuel_type":[],"product_brand":[9443],"product_cat":[10508,10515,10509],"product_tag":[],"class_list":{"0":"post-191562","1":"product","2":"type-product","3":"status-publish","4":"has-post-thumbnail","6":"make_year-trucks","7":"make_brand-man-truck","8":"make_model-tgx-2021","9":"make_engine-ma21-gx-ohjaamo","10":"product_brand-brand_rststeel","11":"product_cat-light-bars","12":"product_cat-man-roof-bars","13":"product_cat-roof-bars-for-trucks","14":"product_shipping_class-lightbars","16":"first","17":"onbackorder","18":"taxable","19":"shipping-taxable","20":"purchasable","21":"product-type-variable"},"yoast_head":"<!-- This site is optimized with the Yoast SEO plugin v27.1.1 - https:\/\/yoast.com\/product\/yoast-seo-wordpress\/ -->\n<title>Roof Bar with Side Extension MAN TGX GX 2021- RST-Steel<\/title>\n<meta name=\"description\" content=\"Specifically designed Roof Bar With Side Extensions MAN TGX 2021- with GX cab. Enhance visibility and safety with a high-quality roof\u00a0bar!\" \/>\n<meta name=\"robots\" content=\"index, follow, max-snippet:-1, max-image-preview:large, max-video-preview:-1\" \/>\n<link rel=\"canonical\" href=\"https:\/\/rst-steel.com\/sv\/produkt-kategori\/light-bars\/roof-bars-for-trucks\/man-roof-bars\/roof-bar-with-side-extension-man-tgx-gx-2021\/\" \/>\n<meta property=\"og:locale\" content=\"sv_SE\" \/>\n<meta property=\"og:type\" content=\"article\" \/>\n<meta property=\"og:title\" content=\"Roof Bar with Side Extension MAN TGX GX 2021- RST-Steel\" \/>\n<meta property=\"og:description\" content=\"Specifically designed Roof Bar With Side Extensions MAN TGX 2021- with GX cab. Enhance visibility and safety with a high-quality roof\u00a0bar!\" \/>\n<meta property=\"og:url\" content=\"https:\/\/rst-steel.com\/sv\/produkt-kategori\/light-bars\/roof-bars-for-trucks\/man-roof-bars\/roof-bar-with-side-extension-man-tgx-gx-2021\/\" \/>\n<meta property=\"og:site_name\" content=\"RST-Steel\" \/>\n<meta property=\"article:modified_time\" content=\"2026-04-10T07:17:17+00:00\" \/>\n<meta property=\"og:image\" content=\"https:\/\/rst-steel.com\/wp-content\/uploads\/2026\/03\/650db50349f3b4056f7bdc5e4d1ae88ab1165e55_2a3ded8c7e438fd5be49ba935b41b19c.png\" \/>\n\t<meta property=\"og:image:width\" content=\"1920\" \/>\n\t<meta property=\"og:image:height\" content=\"1484\" \/>\n\t<meta property=\"og:image:type\" content=\"image\/png\" \/>\n<meta name=\"twitter:card\" content=\"summary_large_image\" \/>\n<meta name=\"twitter:label1\" content=\"Ber\u00e4knad l\u00e4stid\" \/>\n\t<meta name=\"twitter:data1\" content=\"2 minuter\" \/>\n<script type=\"application\/ld+json\" class=\"yoast-schema-graph\">{\"@context\":\"https:\/\/schema.org\",\"@graph\":[{\"@type\":\"WebPage\",\"@id\":\"https:\/\/rst-steel.com\/product-category\/light-bars\/roof-bars-for-trucks\/man-roof-bars\/roof-bar-with-side-extension-man-tgx-gx-2021\/\",\"url\":\"https:\/\/rst-steel.com\/product-category\/light-bars\/roof-bars-for-trucks\/man-roof-bars\/roof-bar-with-side-extension-man-tgx-gx-2021\/\",\"name\":\"Roof Bar with Side Extension MAN TGX GX 2021- RST-Steel\",\"isPartOf\":{\"@id\":\"https:\/\/rst-steel.com\/#website\"},\"primaryImageOfPage\":{\"@id\":\"https:\/\/rst-steel.com\/product-category\/light-bars\/roof-bars-for-trucks\/man-roof-bars\/roof-bar-with-side-extension-man-tgx-gx-2021\/#primaryimage\"},\"image\":{\"@id\":\"https:\/\/rst-steel.com\/product-category\/light-bars\/roof-bars-for-trucks\/man-roof-bars\/roof-bar-with-side-extension-man-tgx-gx-2021\/#primaryimage\"},\"thumbnailUrl\":\"https:\/\/rst-steel.com\/wp-content\/uploads\/2026\/03\/650db50349f3b4056f7bdc5e4d1ae88ab1165e55_2a3ded8c7e438fd5be49ba935b41b19c.png\",\"datePublished\":\"2026-03-20T08:08:26+00:00\",\"dateModified\":\"2026-04-10T07:17:17+00:00\",\"description\":\"Specifically designed Roof Bar With Side Extensions MAN TGX 2021- with GX cab. Enhance visibility and safety with a high-quality roof\u00a0bar!\",\"breadcrumb\":{\"@id\":\"https:\/\/rst-steel.com\/product-category\/light-bars\/roof-bars-for-trucks\/man-roof-bars\/roof-bar-with-side-extension-man-tgx-gx-2021\/#breadcrumb\"},\"inLanguage\":\"sv-SE\",\"potentialAction\":[{\"@type\":\"ReadAction\",\"target\":[\"https:\/\/rst-steel.com\/product-category\/light-bars\/roof-bars-for-trucks\/man-roof-bars\/roof-bar-with-side-extension-man-tgx-gx-2021\/\"]}]},{\"@type\":\"ImageObject\",\"inLanguage\":\"sv-SE\",\"@id\":\"https:\/\/rst-steel.com\/product-category\/light-bars\/roof-bars-for-trucks\/man-roof-bars\/roof-bar-with-side-extension-man-tgx-gx-2021\/#primaryimage\",\"url\":\"https:\/\/rst-steel.com\/wp-content\/uploads\/2026\/03\/650db50349f3b4056f7bdc5e4d1ae88ab1165e55_2a3ded8c7e438fd5be49ba935b41b19c.png\",\"contentUrl\":\"https:\/\/rst-steel.com\/wp-content\/uploads\/2026\/03\/650db50349f3b4056f7bdc5e4d1ae88ab1165e55_2a3ded8c7e438fd5be49ba935b41b19c.png\",\"width\":1920,\"height\":1484,\"caption\":\"prm_66296\"},{\"@type\":\"BreadcrumbList\",\"@id\":\"https:\/\/rst-steel.com\/product-category\/light-bars\/roof-bars-for-trucks\/man-roof-bars\/roof-bar-with-side-extension-man-tgx-gx-2021\/#breadcrumb\",\"itemListElement\":[{\"@type\":\"ListItem\",\"position\":1,\"name\":\"Home\",\"item\":\"https:\/\/rst-steel.com\/\"},{\"@type\":\"ListItem\",\"position\":2,\"name\":\"RST-Steel Verkkokauppa\",\"item\":\"https:\/\/rst-steel.com\/shop\/\"},{\"@type\":\"ListItem\",\"position\":3,\"name\":\"Roof Bar with Side Extension MAN TGX GX 2021-\"}]},{\"@type\":\"WebSite\",\"@id\":\"https:\/\/rst-steel.com\/#website\",\"url\":\"https:\/\/rst-steel.com\/\",\"name\":\"RST-Steel Oy - Turvallista, tyylik\u00e4st\u00e4, ter\u00e4st\u00e4\",\"description\":\"Finnish quality for discerning drivers\",\"publisher\":{\"@id\":\"https:\/\/rst-steel.com\/#organization\"},\"potentialAction\":[{\"@type\":\"SearchAction\",\"target\":{\"@type\":\"EntryPoint\",\"urlTemplate\":\"https:\/\/rst-steel.com\/?s={search_term_string}\"},\"query-input\":{\"@type\":\"PropertyValueSpecification\",\"valueRequired\":true,\"valueName\":\"search_term_string\"}}],\"inLanguage\":\"sv-SE\"},{\"@type\":\"Organization\",\"@id\":\"https:\/\/rst-steel.com\/#organization\",\"name\":\"RST-Steel Oy\",\"alternateName\":\"RST-Steel Oy - Turvallista, tyylik\u00e4st\u00e4, ter\u00e4st\u00e4\",\"url\":\"https:\/\/rst-steel.com\/\",\"logo\":{\"@type\":\"ImageObject\",\"inLanguage\":\"sv-SE\",\"@id\":\"https:\/\/rst-steel.com\/#\/schema\/logo\/image\/\",\"url\":\"https:\/\/rst-steel.com\/wp-content\/uploads\/2025\/02\/cropped-rst-valkoinen-ilman-taustaa-02.png\",\"contentUrl\":\"https:\/\/rst-steel.com\/wp-content\/uploads\/2025\/02\/cropped-rst-valkoinen-ilman-taustaa-02.png\",\"width\":2319,\"height\":690,\"caption\":\"RST-Steel Oy\"},\"image\":{\"@id\":\"https:\/\/rst-steel.com\/#\/schema\/logo\/image\/\"}}]}<\/script>\n<!-- \/ Yoast SEO plugin. -->","yoast_head_json":{"title":"Roof Bar with Side Extension MAN TGX GX 2021- RST-Steel","description":"Specifically designed Roof Bar With Side Extensions MAN TGX 2021- with GX cab. Enhance visibility and safety with a high-quality roof\u00a0bar!","robots":{"index":"index","follow":"follow","max-snippet":"max-snippet:-1","max-image-preview":"max-image-preview:large","max-video-preview":"max-video-preview:-1"},"canonical":"https:\/\/rst-steel.com\/sv\/produkt-kategori\/light-bars\/roof-bars-for-trucks\/man-roof-bars\/roof-bar-with-side-extension-man-tgx-gx-2021\/","og_locale":"sv_SE","og_type":"article","og_title":"Roof Bar with Side Extension MAN TGX GX 2021- RST-Steel","og_description":"Specifically designed Roof Bar With Side Extensions MAN TGX 2021- with GX cab. Enhance visibility and safety with a high-quality roof\u00a0bar!","og_url":"https:\/\/rst-steel.com\/sv\/produkt-kategori\/light-bars\/roof-bars-for-trucks\/man-roof-bars\/roof-bar-with-side-extension-man-tgx-gx-2021\/","og_site_name":"RST-Steel","article_modified_time":"2026-04-10T07:17:17+00:00","og_image":[{"width":1920,"height":1484,"url":"https:\/\/rst-steel.com\/wp-content\/uploads\/2026\/03\/650db50349f3b4056f7bdc5e4d1ae88ab1165e55_2a3ded8c7e438fd5be49ba935b41b19c.png","type":"image\/png"}],"twitter_card":"summary_large_image","twitter_misc":{"Ber\u00e4knad l\u00e4stid":"2 minuter"},"schema":{"@context":"https:\/\/schema.org","@graph":[{"@type":"WebPage","@id":"https:\/\/rst-steel.com\/product-category\/light-bars\/roof-bars-for-trucks\/man-roof-bars\/roof-bar-with-side-extension-man-tgx-gx-2021\/","url":"https:\/\/rst-steel.com\/product-category\/light-bars\/roof-bars-for-trucks\/man-roof-bars\/roof-bar-with-side-extension-man-tgx-gx-2021\/","name":"Roof Bar with Side Extension MAN TGX GX 2021- RST-Steel","isPartOf":{"@id":"https:\/\/rst-steel.com\/#website"},"primaryImageOfPage":{"@id":"https:\/\/rst-steel.com\/product-category\/light-bars\/roof-bars-for-trucks\/man-roof-bars\/roof-bar-with-side-extension-man-tgx-gx-2021\/#primaryimage"},"image":{"@id":"https:\/\/rst-steel.com\/product-category\/light-bars\/roof-bars-for-trucks\/man-roof-bars\/roof-bar-with-side-extension-man-tgx-gx-2021\/#primaryimage"},"thumbnailUrl":"https:\/\/rst-steel.com\/wp-content\/uploads\/2026\/03\/650db50349f3b4056f7bdc5e4d1ae88ab1165e55_2a3ded8c7e438fd5be49ba935b41b19c.png","datePublished":"2026-03-20T08:08:26+00:00","dateModified":"2026-04-10T07:17:17+00:00","description":"Specifically designed Roof Bar With Side Extensions MAN TGX 2021- with GX cab. Enhance visibility and safety with a high-quality roof\u00a0bar!","breadcrumb":{"@id":"https:\/\/rst-steel.com\/product-category\/light-bars\/roof-bars-for-trucks\/man-roof-bars\/roof-bar-with-side-extension-man-tgx-gx-2021\/#breadcrumb"},"inLanguage":"sv-SE","potentialAction":[{"@type":"ReadAction","target":["https:\/\/rst-steel.com\/product-category\/light-bars\/roof-bars-for-trucks\/man-roof-bars\/roof-bar-with-side-extension-man-tgx-gx-2021\/"]}]},{"@type":"ImageObject","inLanguage":"sv-SE","@id":"https:\/\/rst-steel.com\/product-category\/light-bars\/roof-bars-for-trucks\/man-roof-bars\/roof-bar-with-side-extension-man-tgx-gx-2021\/#primaryimage","url":"https:\/\/rst-steel.com\/wp-content\/uploads\/2026\/03\/650db50349f3b4056f7bdc5e4d1ae88ab1165e55_2a3ded8c7e438fd5be49ba935b41b19c.png","contentUrl":"https:\/\/rst-steel.com\/wp-content\/uploads\/2026\/03\/650db50349f3b4056f7bdc5e4d1ae88ab1165e55_2a3ded8c7e438fd5be49ba935b41b19c.png","width":1920,"height":1484,"caption":"prm_66296"},{"@type":"BreadcrumbList","@id":"https:\/\/rst-steel.com\/product-category\/light-bars\/roof-bars-for-trucks\/man-roof-bars\/roof-bar-with-side-extension-man-tgx-gx-2021\/#breadcrumb","itemListElement":[{"@type":"ListItem","position":1,"name":"Home","item":"https:\/\/rst-steel.com\/"},{"@type":"ListItem","position":2,"name":"RST-Steel Verkkokauppa","item":"https:\/\/rst-steel.com\/shop\/"},{"@type":"ListItem","position":3,"name":"Roof Bar with Side Extension MAN TGX GX 2021-"}]},{"@type":"WebSite","@id":"https:\/\/rst-steel.com\/#website","url":"https:\/\/rst-steel.com\/","name":"RST-Steel Oy - Turvallista, tyylik\u00e4st\u00e4, ter\u00e4st\u00e4","description":"Finsk kvalitet f\u00f6r kvalitetsmedvetna f\u00f6rare","publisher":{"@id":"https:\/\/rst-steel.com\/#organization"},"potentialAction":[{"@type":"SearchAction","target":{"@type":"EntryPoint","urlTemplate":"https:\/\/rst-steel.com\/?s={search_term_string}"},"query-input":{"@type":"PropertyValueSpecification","valueRequired":true,"valueName":"search_term_string"}}],"inLanguage":"sv-SE"},{"@type":"Organization","@id":"https:\/\/rst-steel.com\/#organization","name":"Hantera alternativ","alternateName":"RST-Steel Oy - Turvallista, tyylik\u00e4st\u00e4, ter\u00e4st\u00e4","url":"https:\/\/rst-steel.com\/","logo":{"@type":"ImageObject","inLanguage":"sv-SE","@id":"https:\/\/rst-steel.com\/#\/schema\/logo\/image\/","url":"https:\/\/rst-steel.com\/wp-content\/uploads\/2025\/02\/cropped-rst-valkoinen-ilman-taustaa-02.png","contentUrl":"https:\/\/rst-steel.com\/wp-content\/uploads\/2025\/02\/cropped-rst-valkoinen-ilman-taustaa-02.png","width":2319,"height":690,"caption":"RST-Steel Oy"},"image":{"@id":"https:\/\/rst-steel.com\/#\/schema\/logo\/image\/"}}]}},"_links":{"self":[{"href":"https:\/\/rst-steel.com\/sv\/wp-json\/wp\/v2\/product\/191562","targetHints":{"allow":["GET"]}}],"collection":[{"href":"https:\/\/rst-steel.com\/sv\/wp-json\/wp\/v2\/product"}],"about":[{"href":"https:\/\/rst-steel.com\/sv\/wp-json\/wp\/v2\/types\/product"}],"version-history":[{"count":0,"href":"https:\/\/rst-steel.com\/sv\/wp-json\/wp\/v2\/product\/191562\/revisions"}],"wp:featuredmedia":[{"embeddable":true,"href":"https:\/\/rst-steel.com\/sv\/wp-json\/wp\/v2\/media\/191561"}],"wp:attachment":[{"href":"https:\/\/rst-steel.com\/sv\/wp-json\/wp\/v2\/media?parent=191562"}],"wp:term":[{"taxonomy":"make_year","embeddable":true,"href":"https:\/\/rst-steel.com\/sv\/wp-json\/wp\/v2\/make_year?post=191562"},{"taxonomy":"make_brand","embeddable":true,"href":"https:\/\/rst-steel.com\/sv\/wp-json\/wp\/v2\/make_brand?post=191562"},{"taxonomy":"make_model","embeddable":true,"href":"https:\/\/rst-steel.com\/sv\/wp-json\/wp\/v2\/make_model?post=191562"},{"taxonomy":"make_fuel_type","embeddable":true,"href":"https:\/\/rst-steel.com\/sv\/wp-json\/wp\/v2\/make_fuel_type?post=191562"},{"taxonomy":"product_brand","embeddable":true,"href":"https:\/\/rst-steel.com\/sv\/wp-json\/wp\/v2\/product_brand?post=191562"},{"taxonomy":"product_cat","embeddable":true,"href":"https:\/\/rst-steel.com\/sv\/wp-json\/wp\/v2\/product_cat?post=191562"},{"taxonomy":"product_tag","embeddable":true,"href":"https:\/\/rst-steel.com\/sv\/wp-json\/wp\/v2\/product_tag?post=191562"}],"curies":[{"name":"wp","href":"https:\/\/api.w.org\/{rel}","templated":true}]}}