{"id":191833,"date":"2026-03-20T10:13:36","date_gmt":"2026-03-20T08:13:36","guid":{"rendered":"https:\/\/rst-steel.com\/tuote-osasto\/Ei-luokiteltu\/leather-floor-mat-mb-sprinter-2006-2017\/"},"modified":"2026-04-17T08:57:26","modified_gmt":"2026-04-17T05:57:26","slug":"leather-floor-mat-mb-sprinter-2006-2017","status":"publish","type":"product","link":"https:\/\/rst-steel.com\/sv\/produkt-kategori\/interior\/truck-floormats\/mercedes-benz-floormats\/leather-floor-mat-mb-sprinter-2006-2017\/","title":{"rendered":"Leather Floor Mat MB Sprinter 2006-2017"},"content":{"rendered":"<p>Leather Floor Mat Mercedes-Benz Sprinter 2006-2017<\/p>\n<p>Easy to install, covers the entire cabin floor. Durable Eco-leather as surface material.<\/p>\n<p>Stays in place and easy to clean. Gives a stylish look to the car, protects from the cold. Also isolates the sounds of the engine and the chassis.<\/p>","protected":false},"excerpt":{"rendered":"<p>Leather Floor Mat Mercedes-Benz Sprinter 2006-2017 Easy to install, covers the entire cabin floor. Durable Eco-leather as surface material. Stays&#8230;<\/p>","protected":false},"featured_media":191828,"template":"","meta":[],"make_year":[10908],"make_brand":[10928],"make_model":[10956,10957],"make_fuel_type":[],"product_brand":[],"product_cat":[10679,10697,10696],"product_tag":[],"class_list":{"0":"post-191833","1":"product","2":"type-product","3":"status-publish","4":"has-post-thumbnail","6":"make_year-van","7":"make_brand-mb-van","8":"make_model-w906-facelift-sprinter","9":"make_model-w906-sprinter","10":"product_cat-interior","11":"product_cat-mercedes-benz-floormats","12":"product_cat-truck-floormats","13":"product_shipping_class-lightbars","15":"first","16":"instock","17":"taxable","18":"shipping-taxable","19":"purchasable","20":"product-type-variable"},"yoast_head":"<!-- This site is optimized with the Yoast SEO plugin v27.1.1 - https:\/\/yoast.com\/product\/yoast-seo-wordpress\/ -->\n<title>Leather Floor Mat Mercedes-Benz Sprinter 2006-2017 - RST-Steel<\/title>\n<meta name=\"description\" content=\"Leather Floor Mat Mercedes-Benz Sprinter 2006-2017 models. Several color options available! Check out the products and order now!\" \/>\n<meta name=\"robots\" content=\"index, follow, max-snippet:-1, max-image-preview:large, max-video-preview:-1\" \/>\n<link rel=\"canonical\" href=\"https:\/\/rst-steel.com\/sv\/produkt-kategori\/interior\/truck-floormats\/mercedes-benz-floormats\/leather-floor-mat-mb-sprinter-2006-2017\/\" \/>\n<meta property=\"og:locale\" content=\"sv_SE\" \/>\n<meta property=\"og:type\" content=\"article\" \/>\n<meta property=\"og:title\" content=\"Leather Floor Mat Mercedes-Benz Sprinter 2006-2017 - RST-Steel\" \/>\n<meta property=\"og:description\" content=\"Leather Floor Mat Mercedes-Benz Sprinter 2006-2017 models. Several color options available! Check out the products and order now!\" \/>\n<meta property=\"og:url\" content=\"https:\/\/rst-steel.com\/sv\/produkt-kategori\/interior\/truck-floormats\/mercedes-benz-floormats\/leather-floor-mat-mb-sprinter-2006-2017\/\" \/>\n<meta property=\"og:site_name\" content=\"RST-Steel\" \/>\n<meta property=\"article:modified_time\" content=\"2026-04-17T05:57:26+00:00\" \/>\n<meta property=\"og:image\" content=\"https:\/\/rst-steel.com\/wp-content\/uploads\/2026\/03\/2dfce67dcbc8366bf5938b7afefe46adf9074034_547fb32c7934beabf4a838da927caf82.jpg\" \/>\n\t<meta property=\"og:image:width\" content=\"1200\" \/>\n\t<meta property=\"og:image:height\" content=\"800\" \/>\n\t<meta property=\"og:image:type\" content=\"image\/jpeg\" \/>\n<meta name=\"twitter:card\" content=\"summary_large_image\" \/>\n<meta name=\"twitter:label1\" content=\"Ber\u00e4knad l\u00e4stid\" \/>\n\t<meta name=\"twitter:data1\" content=\"1 minut\" \/>\n<script type=\"application\/ld+json\" class=\"yoast-schema-graph\">{\"@context\":\"https:\/\/schema.org\",\"@graph\":[{\"@type\":\"WebPage\",\"@id\":\"https:\/\/rst-steel.com\/product-category\/interior\/truck-floormats\/mercedes-benz-floormats\/leather-floor-mat-mb-sprinter-2006-2017\/\",\"url\":\"https:\/\/rst-steel.com\/product-category\/interior\/truck-floormats\/mercedes-benz-floormats\/leather-floor-mat-mb-sprinter-2006-2017\/\",\"name\":\"Leather Floor Mat Mercedes-Benz Sprinter 2006-2017 - RST-Steel\",\"isPartOf\":{\"@id\":\"https:\/\/rst-steel.com\/#website\"},\"primaryImageOfPage\":{\"@id\":\"https:\/\/rst-steel.com\/product-category\/interior\/truck-floormats\/mercedes-benz-floormats\/leather-floor-mat-mb-sprinter-2006-2017\/#primaryimage\"},\"image\":{\"@id\":\"https:\/\/rst-steel.com\/product-category\/interior\/truck-floormats\/mercedes-benz-floormats\/leather-floor-mat-mb-sprinter-2006-2017\/#primaryimage\"},\"thumbnailUrl\":\"https:\/\/rst-steel.com\/wp-content\/uploads\/2026\/03\/2dfce67dcbc8366bf5938b7afefe46adf9074034_547fb32c7934beabf4a838da927caf82.jpg\",\"datePublished\":\"2026-03-20T08:13:36+00:00\",\"dateModified\":\"2026-04-17T05:57:26+00:00\",\"description\":\"Leather Floor Mat Mercedes-Benz Sprinter 2006-2017 models. Several color options available! Check out the products and order now!\",\"breadcrumb\":{\"@id\":\"https:\/\/rst-steel.com\/product-category\/interior\/truck-floormats\/mercedes-benz-floormats\/leather-floor-mat-mb-sprinter-2006-2017\/#breadcrumb\"},\"inLanguage\":\"sv-SE\",\"potentialAction\":[{\"@type\":\"ReadAction\",\"target\":[\"https:\/\/rst-steel.com\/product-category\/interior\/truck-floormats\/mercedes-benz-floormats\/leather-floor-mat-mb-sprinter-2006-2017\/\"]}]},{\"@type\":\"ImageObject\",\"inLanguage\":\"sv-SE\",\"@id\":\"https:\/\/rst-steel.com\/product-category\/interior\/truck-floormats\/mercedes-benz-floormats\/leather-floor-mat-mb-sprinter-2006-2017\/#primaryimage\",\"url\":\"https:\/\/rst-steel.com\/wp-content\/uploads\/2026\/03\/2dfce67dcbc8366bf5938b7afefe46adf9074034_547fb32c7934beabf4a838da927caf82.jpg\",\"contentUrl\":\"https:\/\/rst-steel.com\/wp-content\/uploads\/2026\/03\/2dfce67dcbc8366bf5938b7afefe46adf9074034_547fb32c7934beabf4a838da927caf82.jpg\",\"width\":1200,\"height\":800,\"caption\":\"prm_69324\"},{\"@type\":\"BreadcrumbList\",\"@id\":\"https:\/\/rst-steel.com\/product-category\/interior\/truck-floormats\/mercedes-benz-floormats\/leather-floor-mat-mb-sprinter-2006-2017\/#breadcrumb\",\"itemListElement\":[{\"@type\":\"ListItem\",\"position\":1,\"name\":\"Home\",\"item\":\"https:\/\/rst-steel.com\/\"},{\"@type\":\"ListItem\",\"position\":2,\"name\":\"RST-Steel Verkkokauppa\",\"item\":\"https:\/\/rst-steel.com\/shop\/\"},{\"@type\":\"ListItem\",\"position\":3,\"name\":\"Leather Floor Mat MB Sprinter 2006-2017\"}]},{\"@type\":\"WebSite\",\"@id\":\"https:\/\/rst-steel.com\/#website\",\"url\":\"https:\/\/rst-steel.com\/\",\"name\":\"RST-Steel Oy - Turvallista, tyylik\u00e4st\u00e4, ter\u00e4st\u00e4\",\"description\":\"Finnish quality for discerning drivers\",\"publisher\":{\"@id\":\"https:\/\/rst-steel.com\/#organization\"},\"potentialAction\":[{\"@type\":\"SearchAction\",\"target\":{\"@type\":\"EntryPoint\",\"urlTemplate\":\"https:\/\/rst-steel.com\/?s={search_term_string}\"},\"query-input\":{\"@type\":\"PropertyValueSpecification\",\"valueRequired\":true,\"valueName\":\"search_term_string\"}}],\"inLanguage\":\"sv-SE\"},{\"@type\":\"Organization\",\"@id\":\"https:\/\/rst-steel.com\/#organization\",\"name\":\"RST-Steel Oy\",\"alternateName\":\"RST-Steel Oy - Turvallista, tyylik\u00e4st\u00e4, ter\u00e4st\u00e4\",\"url\":\"https:\/\/rst-steel.com\/\",\"logo\":{\"@type\":\"ImageObject\",\"inLanguage\":\"sv-SE\",\"@id\":\"https:\/\/rst-steel.com\/#\/schema\/logo\/image\/\",\"url\":\"https:\/\/rst-steel.com\/wp-content\/uploads\/2025\/02\/cropped-rst-valkoinen-ilman-taustaa-02.png\",\"contentUrl\":\"https:\/\/rst-steel.com\/wp-content\/uploads\/2025\/02\/cropped-rst-valkoinen-ilman-taustaa-02.png\",\"width\":2319,\"height\":690,\"caption\":\"RST-Steel Oy\"},\"image\":{\"@id\":\"https:\/\/rst-steel.com\/#\/schema\/logo\/image\/\"}}]}<\/script>\n<!-- \/ Yoast SEO plugin. -->","yoast_head_json":{"title":"Leather Floor Mat Mercedes-Benz Sprinter 2006-2017 - RST-Steel","description":"Leather Floor Mat Mercedes-Benz Sprinter 2006-2017 models. Several color options available! Check out the products and order now!","robots":{"index":"index","follow":"follow","max-snippet":"max-snippet:-1","max-image-preview":"max-image-preview:large","max-video-preview":"max-video-preview:-1"},"canonical":"https:\/\/rst-steel.com\/sv\/produkt-kategori\/interior\/truck-floormats\/mercedes-benz-floormats\/leather-floor-mat-mb-sprinter-2006-2017\/","og_locale":"sv_SE","og_type":"article","og_title":"Leather Floor Mat Mercedes-Benz Sprinter 2006-2017 - RST-Steel","og_description":"Leather Floor Mat Mercedes-Benz Sprinter 2006-2017 models. Several color options available! Check out the products and order now!","og_url":"https:\/\/rst-steel.com\/sv\/produkt-kategori\/interior\/truck-floormats\/mercedes-benz-floormats\/leather-floor-mat-mb-sprinter-2006-2017\/","og_site_name":"RST-Steel","article_modified_time":"2026-04-17T05:57:26+00:00","og_image":[{"width":1200,"height":800,"url":"https:\/\/rst-steel.com\/wp-content\/uploads\/2026\/03\/2dfce67dcbc8366bf5938b7afefe46adf9074034_547fb32c7934beabf4a838da927caf82.jpg","type":"image\/jpeg"}],"twitter_card":"summary_large_image","twitter_misc":{"Ber\u00e4knad l\u00e4stid":"1 minut"},"schema":{"@context":"https:\/\/schema.org","@graph":[{"@type":"WebPage","@id":"https:\/\/rst-steel.com\/product-category\/interior\/truck-floormats\/mercedes-benz-floormats\/leather-floor-mat-mb-sprinter-2006-2017\/","url":"https:\/\/rst-steel.com\/product-category\/interior\/truck-floormats\/mercedes-benz-floormats\/leather-floor-mat-mb-sprinter-2006-2017\/","name":"Leather Floor Mat Mercedes-Benz Sprinter 2006-2017 - RST-Steel","isPartOf":{"@id":"https:\/\/rst-steel.com\/#website"},"primaryImageOfPage":{"@id":"https:\/\/rst-steel.com\/product-category\/interior\/truck-floormats\/mercedes-benz-floormats\/leather-floor-mat-mb-sprinter-2006-2017\/#primaryimage"},"image":{"@id":"https:\/\/rst-steel.com\/product-category\/interior\/truck-floormats\/mercedes-benz-floormats\/leather-floor-mat-mb-sprinter-2006-2017\/#primaryimage"},"thumbnailUrl":"https:\/\/rst-steel.com\/wp-content\/uploads\/2026\/03\/2dfce67dcbc8366bf5938b7afefe46adf9074034_547fb32c7934beabf4a838da927caf82.jpg","datePublished":"2026-03-20T08:13:36+00:00","dateModified":"2026-04-17T05:57:26+00:00","description":"Leather Floor Mat Mercedes-Benz Sprinter 2006-2017 models. Several color options available! Check out the products and order now!","breadcrumb":{"@id":"https:\/\/rst-steel.com\/product-category\/interior\/truck-floormats\/mercedes-benz-floormats\/leather-floor-mat-mb-sprinter-2006-2017\/#breadcrumb"},"inLanguage":"sv-SE","potentialAction":[{"@type":"ReadAction","target":["https:\/\/rst-steel.com\/product-category\/interior\/truck-floormats\/mercedes-benz-floormats\/leather-floor-mat-mb-sprinter-2006-2017\/"]}]},{"@type":"ImageObject","inLanguage":"sv-SE","@id":"https:\/\/rst-steel.com\/product-category\/interior\/truck-floormats\/mercedes-benz-floormats\/leather-floor-mat-mb-sprinter-2006-2017\/#primaryimage","url":"https:\/\/rst-steel.com\/wp-content\/uploads\/2026\/03\/2dfce67dcbc8366bf5938b7afefe46adf9074034_547fb32c7934beabf4a838da927caf82.jpg","contentUrl":"https:\/\/rst-steel.com\/wp-content\/uploads\/2026\/03\/2dfce67dcbc8366bf5938b7afefe46adf9074034_547fb32c7934beabf4a838da927caf82.jpg","width":1200,"height":800,"caption":"prm_69324"},{"@type":"BreadcrumbList","@id":"https:\/\/rst-steel.com\/product-category\/interior\/truck-floormats\/mercedes-benz-floormats\/leather-floor-mat-mb-sprinter-2006-2017\/#breadcrumb","itemListElement":[{"@type":"ListItem","position":1,"name":"Home","item":"https:\/\/rst-steel.com\/"},{"@type":"ListItem","position":2,"name":"RST-Steel Verkkokauppa","item":"https:\/\/rst-steel.com\/shop\/"},{"@type":"ListItem","position":3,"name":"Leather Floor Mat MB Sprinter 2006-2017"}]},{"@type":"WebSite","@id":"https:\/\/rst-steel.com\/#website","url":"https:\/\/rst-steel.com\/","name":"RST-Steel Oy - Turvallista, tyylik\u00e4st\u00e4, ter\u00e4st\u00e4","description":"Finsk kvalitet f\u00f6r kvalitetsmedvetna f\u00f6rare","publisher":{"@id":"https:\/\/rst-steel.com\/#organization"},"potentialAction":[{"@type":"SearchAction","target":{"@type":"EntryPoint","urlTemplate":"https:\/\/rst-steel.com\/?s={search_term_string}"},"query-input":{"@type":"PropertyValueSpecification","valueRequired":true,"valueName":"search_term_string"}}],"inLanguage":"sv-SE"},{"@type":"Organization","@id":"https:\/\/rst-steel.com\/#organization","name":"RST-Steel Oy","alternateName":"RST-Steel Oy - Turvallista, tyylik\u00e4st\u00e4, ter\u00e4st\u00e4","url":"https:\/\/rst-steel.com\/","logo":{"@type":"ImageObject","inLanguage":"sv-SE","@id":"https:\/\/rst-steel.com\/#\/schema\/logo\/image\/","url":"https:\/\/rst-steel.com\/wp-content\/uploads\/2025\/02\/cropped-rst-valkoinen-ilman-taustaa-02.png","contentUrl":"https:\/\/rst-steel.com\/wp-content\/uploads\/2025\/02\/cropped-rst-valkoinen-ilman-taustaa-02.png","width":2319,"height":690,"caption":"RST-Steel Oy"},"image":{"@id":"https:\/\/rst-steel.com\/#\/schema\/logo\/image\/"}}]}},"_links":{"self":[{"href":"https:\/\/rst-steel.com\/sv\/wp-json\/wp\/v2\/product\/191833","targetHints":{"allow":["GET"]}}],"collection":[{"href":"https:\/\/rst-steel.com\/sv\/wp-json\/wp\/v2\/product"}],"about":[{"href":"https:\/\/rst-steel.com\/sv\/wp-json\/wp\/v2\/types\/product"}],"version-history":[{"count":1,"href":"https:\/\/rst-steel.com\/sv\/wp-json\/wp\/v2\/product\/191833\/revisions"}],"predecessor-version":[{"id":199000,"href":"https:\/\/rst-steel.com\/sv\/wp-json\/wp\/v2\/product\/191833\/revisions\/199000"}],"wp:featuredmedia":[{"embeddable":true,"href":"https:\/\/rst-steel.com\/sv\/wp-json\/wp\/v2\/media\/191828"}],"wp:attachment":[{"href":"https:\/\/rst-steel.com\/sv\/wp-json\/wp\/v2\/media?parent=191833"}],"wp:term":[{"taxonomy":"make_year","embeddable":true,"href":"https:\/\/rst-steel.com\/sv\/wp-json\/wp\/v2\/make_year?post=191833"},{"taxonomy":"make_brand","embeddable":true,"href":"https:\/\/rst-steel.com\/sv\/wp-json\/wp\/v2\/make_brand?post=191833"},{"taxonomy":"make_model","embeddable":true,"href":"https:\/\/rst-steel.com\/sv\/wp-json\/wp\/v2\/make_model?post=191833"},{"taxonomy":"make_fuel_type","embeddable":true,"href":"https:\/\/rst-steel.com\/sv\/wp-json\/wp\/v2\/make_fuel_type?post=191833"},{"taxonomy":"product_brand","embeddable":true,"href":"https:\/\/rst-steel.com\/sv\/wp-json\/wp\/v2\/product_brand?post=191833"},{"taxonomy":"product_cat","embeddable":true,"href":"https:\/\/rst-steel.com\/sv\/wp-json\/wp\/v2\/product_cat?post=191833"},{"taxonomy":"product_tag","embeddable":true,"href":"https:\/\/rst-steel.com\/sv\/wp-json\/wp\/v2\/product_tag?post=191833"}],"curies":[{"name":"wp","href":"https:\/\/api.w.org\/{rel}","templated":true}]}}