{"id":192381,"date":"2026-03-20T10:28:41","date_gmt":"2026-03-20T08:28:41","guid":{"rendered":"https:\/\/rst-steel.com\/tuote-osasto\/Ei-luokiteltu\/floor-mat-valtra-n-t-q-s-4-6\/"},"modified":"2026-04-15T10:43:49","modified_gmt":"2026-04-15T07:43:49","slug":"floor-mat-valtra-n-t-q-s-4-6","status":"publish","type":"product","link":"https:\/\/rst-steel.com\/sv\/produkt-kategori\/interior\/tractor-floor-mats\/valtra-floor-mats\/floor-mat-valtra-n-t-q-s-4-6\/","title":{"rendered":"Floor mat Valtra N\/T\/Q\/S 4-6"},"content":{"rendered":"<div>Floormat Valtra N\/T\/Q\/S 4-6<\/div>\n<div><\/div>\n<div>Mat set in very fine quality as adapted for machine driving without shoes.<\/div>\n<div><\/div>\n<div>Diamond pattern with padding, as shown.<\/div>\n<div><\/div>\n<p><span style=\"font-weight: bold;\">Fits<\/span>:<\/p>\n<ul>\n<li>Valtra N gen 4<\/li>\n<li>Valtra T gen 4<\/li>\n<li>Valtra S gen 4<\/li>\n<\/ul>\n<ul>\n<li>Valtra T gen 5<\/li>\n<li>Valtra S gen 5<\/li>\n<li>Valtra N gen 5<\/li>\n<\/ul>\n<ul>\n<li>Valtra N gen 6<\/li>\n<li>Valtra T gen 6<\/li>\n<li>Valtra S gen 6<\/li>\n<\/ul>\n<ul>\n<li>Valtra Q<\/li>\n<\/ul>\n<div><span style=\"font-weight: bold;\">As well as other machines with the same cab.<\/span><\/div>","protected":false},"excerpt":{"rendered":"<p>Floormat Valtra N\/T\/Q\/S 4-6 Mat set in very fine quality as adapted for machine driving without shoes. Diamond pattern with&#8230;<\/p>","protected":false},"featured_media":192380,"template":"","meta":[],"make_year":[10906],"make_brand":[10936],"make_model":[11030,11031,12770,12760,12769,12762,12759],"make_fuel_type":[],"product_brand":[],"product_cat":[10679,10715,10716],"product_tag":[],"class_list":{"0":"post-192381","1":"product","2":"type-product","3":"status-publish","4":"has-post-thumbnail","6":"make_year-tractor-com","7":"make_brand-valtra-rstcom","8":"make_model-valtra-4-series","9":"make_model-valtra-5-series","10":"make_model-valtra-6-series","11":"make_model-valtra-n-series","12":"make_model-valtra-q-series","13":"make_model-valtra-s-series","14":"make_model-valtra-t-series","15":"product_cat-interior","16":"product_cat-tractor-floor-mats","17":"product_cat-valtra-floor-mats","19":"first","20":"instock","21":"taxable","22":"shipping-taxable","23":"purchasable","24":"product-type-variable"},"yoast_head":"<!-- This site is optimized with the Yoast SEO plugin v27.1.1 - https:\/\/yoast.com\/product\/yoast-seo-wordpress\/ -->\n<title>Floor mat Valtra N\/T\/Q\/S 4-6 - RST-Steel<\/title>\n<meta name=\"description\" content=\"Premium floormats for Valtra T4-5 \/ N4-5 tractors. Durable, easy to clean, and custom-fit for maximum protection and comfort. Perfect for heavy-duty use!\" \/>\n<meta name=\"robots\" content=\"index, follow, max-snippet:-1, max-image-preview:large, max-video-preview:-1\" \/>\n<link rel=\"canonical\" href=\"https:\/\/rst-steel.com\/sv\/produkt-kategori\/interior\/tractor-floor-mats\/valtra-floor-mats\/floor-mat-valtra-n-t-q-s-4-6\/\" \/>\n<meta property=\"og:locale\" content=\"sv_SE\" \/>\n<meta property=\"og:type\" content=\"article\" \/>\n<meta property=\"og:title\" content=\"Floor mat Valtra N\/T\/Q\/S 4-6 - RST-Steel\" \/>\n<meta property=\"og:description\" content=\"Premium floormats for Valtra T4-5 \/ N4-5 tractors. Durable, easy to clean, and custom-fit for maximum protection and comfort. Perfect for heavy-duty use!\" \/>\n<meta property=\"og:url\" content=\"https:\/\/rst-steel.com\/sv\/produkt-kategori\/interior\/tractor-floor-mats\/valtra-floor-mats\/floor-mat-valtra-n-t-q-s-4-6\/\" \/>\n<meta property=\"og:site_name\" content=\"RST-Steel\" \/>\n<meta property=\"article:modified_time\" content=\"2026-04-15T07:43:49+00:00\" \/>\n<meta property=\"og:image\" content=\"https:\/\/rst-steel.com\/wp-content\/uploads\/2026\/03\/4e84cecbf09c7a368444b7cd33e0dfa22ceaeb7c_ce6d01cd77ba170a6c9840c3023f66db-scaled.jpg\" \/>\n\t<meta property=\"og:image:width\" content=\"2560\" \/>\n\t<meta property=\"og:image:height\" content=\"2560\" \/>\n\t<meta property=\"og:image:type\" content=\"image\/jpeg\" \/>\n<meta name=\"twitter:card\" content=\"summary_large_image\" \/>\n<meta name=\"twitter:label1\" content=\"Ber\u00e4knad l\u00e4stid\" \/>\n\t<meta name=\"twitter:data1\" content=\"1 minut\" \/>\n<script type=\"application\/ld+json\" class=\"yoast-schema-graph\">{\"@context\":\"https:\/\/schema.org\",\"@graph\":[{\"@type\":\"WebPage\",\"@id\":\"https:\/\/rst-steel.com\/product-category\/interior\/tractor-floor-mats\/valtra-floor-mats\/floor-mat-valtra-n-t-q-s-4-6\/\",\"url\":\"https:\/\/rst-steel.com\/product-category\/interior\/tractor-floor-mats\/valtra-floor-mats\/floor-mat-valtra-n-t-q-s-4-6\/\",\"name\":\"Floor mat Valtra N\/T\/Q\/S 4-6 - RST-Steel\",\"isPartOf\":{\"@id\":\"https:\/\/rst-steel.com\/#website\"},\"primaryImageOfPage\":{\"@id\":\"https:\/\/rst-steel.com\/product-category\/interior\/tractor-floor-mats\/valtra-floor-mats\/floor-mat-valtra-n-t-q-s-4-6\/#primaryimage\"},\"image\":{\"@id\":\"https:\/\/rst-steel.com\/product-category\/interior\/tractor-floor-mats\/valtra-floor-mats\/floor-mat-valtra-n-t-q-s-4-6\/#primaryimage\"},\"thumbnailUrl\":\"https:\/\/rst-steel.com\/wp-content\/uploads\/2026\/03\/4e84cecbf09c7a368444b7cd33e0dfa22ceaeb7c_ce6d01cd77ba170a6c9840c3023f66db-scaled.jpg\",\"datePublished\":\"2026-03-20T08:28:41+00:00\",\"dateModified\":\"2026-04-15T07:43:49+00:00\",\"description\":\"Premium floormats for Valtra T4-5 \/ N4-5 tractors. Durable, easy to clean, and custom-fit for maximum protection and comfort. Perfect for heavy-duty use!\",\"breadcrumb\":{\"@id\":\"https:\/\/rst-steel.com\/product-category\/interior\/tractor-floor-mats\/valtra-floor-mats\/floor-mat-valtra-n-t-q-s-4-6\/#breadcrumb\"},\"inLanguage\":\"sv-SE\",\"potentialAction\":[{\"@type\":\"ReadAction\",\"target\":[\"https:\/\/rst-steel.com\/product-category\/interior\/tractor-floor-mats\/valtra-floor-mats\/floor-mat-valtra-n-t-q-s-4-6\/\"]}]},{\"@type\":\"ImageObject\",\"inLanguage\":\"sv-SE\",\"@id\":\"https:\/\/rst-steel.com\/product-category\/interior\/tractor-floor-mats\/valtra-floor-mats\/floor-mat-valtra-n-t-q-s-4-6\/#primaryimage\",\"url\":\"https:\/\/rst-steel.com\/wp-content\/uploads\/2026\/03\/4e84cecbf09c7a368444b7cd33e0dfa22ceaeb7c_ce6d01cd77ba170a6c9840c3023f66db-scaled.jpg\",\"contentUrl\":\"https:\/\/rst-steel.com\/wp-content\/uploads\/2026\/03\/4e84cecbf09c7a368444b7cd33e0dfa22ceaeb7c_ce6d01cd77ba170a6c9840c3023f66db-scaled.jpg\",\"width\":2560,\"height\":2560,\"caption\":\"prm_69599\"},{\"@type\":\"BreadcrumbList\",\"@id\":\"https:\/\/rst-steel.com\/product-category\/interior\/tractor-floor-mats\/valtra-floor-mats\/floor-mat-valtra-n-t-q-s-4-6\/#breadcrumb\",\"itemListElement\":[{\"@type\":\"ListItem\",\"position\":1,\"name\":\"Home\",\"item\":\"https:\/\/rst-steel.com\/\"},{\"@type\":\"ListItem\",\"position\":2,\"name\":\"RST-Steel Verkkokauppa\",\"item\":\"https:\/\/rst-steel.com\/shop\/\"},{\"@type\":\"ListItem\",\"position\":3,\"name\":\"Floor mat Valtra N\/T\/Q\/S 4-6\"}]},{\"@type\":\"WebSite\",\"@id\":\"https:\/\/rst-steel.com\/#website\",\"url\":\"https:\/\/rst-steel.com\/\",\"name\":\"RST-Steel Oy - Turvallista, tyylik\u00e4st\u00e4, ter\u00e4st\u00e4\",\"description\":\"Finnish quality for discerning drivers\",\"publisher\":{\"@id\":\"https:\/\/rst-steel.com\/#organization\"},\"potentialAction\":[{\"@type\":\"SearchAction\",\"target\":{\"@type\":\"EntryPoint\",\"urlTemplate\":\"https:\/\/rst-steel.com\/?s={search_term_string}\"},\"query-input\":{\"@type\":\"PropertyValueSpecification\",\"valueRequired\":true,\"valueName\":\"search_term_string\"}}],\"inLanguage\":\"sv-SE\"},{\"@type\":\"Organization\",\"@id\":\"https:\/\/rst-steel.com\/#organization\",\"name\":\"RST-Steel Oy\",\"alternateName\":\"RST-Steel Oy - Turvallista, tyylik\u00e4st\u00e4, ter\u00e4st\u00e4\",\"url\":\"https:\/\/rst-steel.com\/\",\"logo\":{\"@type\":\"ImageObject\",\"inLanguage\":\"sv-SE\",\"@id\":\"https:\/\/rst-steel.com\/#\/schema\/logo\/image\/\",\"url\":\"https:\/\/rst-steel.com\/wp-content\/uploads\/2025\/02\/cropped-rst-valkoinen-ilman-taustaa-02.png\",\"contentUrl\":\"https:\/\/rst-steel.com\/wp-content\/uploads\/2025\/02\/cropped-rst-valkoinen-ilman-taustaa-02.png\",\"width\":2319,\"height\":690,\"caption\":\"RST-Steel Oy\"},\"image\":{\"@id\":\"https:\/\/rst-steel.com\/#\/schema\/logo\/image\/\"}}]}<\/script>\n<!-- \/ Yoast SEO plugin. -->","yoast_head_json":{"title":"Floor mat Valtra N\/T\/Q\/S 4-6 - RST-Steel","description":"Premium floormats for Valtra T4-5 \/ N4-5 tractors. Durable, easy to clean, and custom-fit for maximum protection and comfort. Perfect for heavy-duty use!","robots":{"index":"index","follow":"follow","max-snippet":"max-snippet:-1","max-image-preview":"max-image-preview:large","max-video-preview":"max-video-preview:-1"},"canonical":"https:\/\/rst-steel.com\/sv\/produkt-kategori\/interior\/tractor-floor-mats\/valtra-floor-mats\/floor-mat-valtra-n-t-q-s-4-6\/","og_locale":"sv_SE","og_type":"article","og_title":"Floor mat Valtra N\/T\/Q\/S 4-6 - RST-Steel","og_description":"Premium floormats for Valtra T4-5 \/ N4-5 tractors. Durable, easy to clean, and custom-fit for maximum protection and comfort. Perfect for heavy-duty use!","og_url":"https:\/\/rst-steel.com\/sv\/produkt-kategori\/interior\/tractor-floor-mats\/valtra-floor-mats\/floor-mat-valtra-n-t-q-s-4-6\/","og_site_name":"RST-Steel","article_modified_time":"2026-04-15T07:43:49+00:00","og_image":[{"width":2560,"height":2560,"url":"https:\/\/rst-steel.com\/wp-content\/uploads\/2026\/03\/4e84cecbf09c7a368444b7cd33e0dfa22ceaeb7c_ce6d01cd77ba170a6c9840c3023f66db-scaled.jpg","type":"image\/jpeg"}],"twitter_card":"summary_large_image","twitter_misc":{"Ber\u00e4knad l\u00e4stid":"1 minut"},"schema":{"@context":"https:\/\/schema.org","@graph":[{"@type":"WebPage","@id":"https:\/\/rst-steel.com\/product-category\/interior\/tractor-floor-mats\/valtra-floor-mats\/floor-mat-valtra-n-t-q-s-4-6\/","url":"https:\/\/rst-steel.com\/product-category\/interior\/tractor-floor-mats\/valtra-floor-mats\/floor-mat-valtra-n-t-q-s-4-6\/","name":"Floor mat Valtra N\/T\/Q\/S 4-6 - RST-Steel","isPartOf":{"@id":"https:\/\/rst-steel.com\/#website"},"primaryImageOfPage":{"@id":"https:\/\/rst-steel.com\/product-category\/interior\/tractor-floor-mats\/valtra-floor-mats\/floor-mat-valtra-n-t-q-s-4-6\/#primaryimage"},"image":{"@id":"https:\/\/rst-steel.com\/product-category\/interior\/tractor-floor-mats\/valtra-floor-mats\/floor-mat-valtra-n-t-q-s-4-6\/#primaryimage"},"thumbnailUrl":"https:\/\/rst-steel.com\/wp-content\/uploads\/2026\/03\/4e84cecbf09c7a368444b7cd33e0dfa22ceaeb7c_ce6d01cd77ba170a6c9840c3023f66db-scaled.jpg","datePublished":"2026-03-20T08:28:41+00:00","dateModified":"2026-04-15T07:43:49+00:00","description":"Premium floormats for Valtra T4-5 \/ N4-5 tractors. Durable, easy to clean, and custom-fit for maximum protection and comfort. Perfect for heavy-duty use!","breadcrumb":{"@id":"https:\/\/rst-steel.com\/product-category\/interior\/tractor-floor-mats\/valtra-floor-mats\/floor-mat-valtra-n-t-q-s-4-6\/#breadcrumb"},"inLanguage":"sv-SE","potentialAction":[{"@type":"ReadAction","target":["https:\/\/rst-steel.com\/product-category\/interior\/tractor-floor-mats\/valtra-floor-mats\/floor-mat-valtra-n-t-q-s-4-6\/"]}]},{"@type":"ImageObject","inLanguage":"sv-SE","@id":"https:\/\/rst-steel.com\/product-category\/interior\/tractor-floor-mats\/valtra-floor-mats\/floor-mat-valtra-n-t-q-s-4-6\/#primaryimage","url":"https:\/\/rst-steel.com\/wp-content\/uploads\/2026\/03\/4e84cecbf09c7a368444b7cd33e0dfa22ceaeb7c_ce6d01cd77ba170a6c9840c3023f66db-scaled.jpg","contentUrl":"https:\/\/rst-steel.com\/wp-content\/uploads\/2026\/03\/4e84cecbf09c7a368444b7cd33e0dfa22ceaeb7c_ce6d01cd77ba170a6c9840c3023f66db-scaled.jpg","width":2560,"height":2560,"caption":"prm_69599"},{"@type":"BreadcrumbList","@id":"https:\/\/rst-steel.com\/product-category\/interior\/tractor-floor-mats\/valtra-floor-mats\/floor-mat-valtra-n-t-q-s-4-6\/#breadcrumb","itemListElement":[{"@type":"ListItem","position":1,"name":"Home","item":"https:\/\/rst-steel.com\/"},{"@type":"ListItem","position":2,"name":"RST-Steel Verkkokauppa","item":"https:\/\/rst-steel.com\/shop\/"},{"@type":"ListItem","position":3,"name":"Floor mat Valtra N\/T\/Q\/S 4-6"}]},{"@type":"WebSite","@id":"https:\/\/rst-steel.com\/#website","url":"https:\/\/rst-steel.com\/","name":"RST-Steel Oy - Turvallista, tyylik\u00e4st\u00e4, ter\u00e4st\u00e4","description":"Finsk kvalitet f\u00f6r kvalitetsmedvetna f\u00f6rare","publisher":{"@id":"https:\/\/rst-steel.com\/#organization"},"potentialAction":[{"@type":"SearchAction","target":{"@type":"EntryPoint","urlTemplate":"https:\/\/rst-steel.com\/?s={search_term_string}"},"query-input":{"@type":"PropertyValueSpecification","valueRequired":true,"valueName":"search_term_string"}}],"inLanguage":"sv-SE"},{"@type":"Organization","@id":"https:\/\/rst-steel.com\/#organization","name":"RST-Steel Oy","alternateName":"RST-Steel Oy - Turvallista, tyylik\u00e4st\u00e4, ter\u00e4st\u00e4","url":"https:\/\/rst-steel.com\/","logo":{"@type":"ImageObject","inLanguage":"sv-SE","@id":"https:\/\/rst-steel.com\/#\/schema\/logo\/image\/","url":"https:\/\/rst-steel.com\/wp-content\/uploads\/2025\/02\/cropped-rst-valkoinen-ilman-taustaa-02.png","contentUrl":"https:\/\/rst-steel.com\/wp-content\/uploads\/2025\/02\/cropped-rst-valkoinen-ilman-taustaa-02.png","width":2319,"height":690,"caption":"RST-Steel Oy"},"image":{"@id":"https:\/\/rst-steel.com\/#\/schema\/logo\/image\/"}}]}},"_links":{"self":[{"href":"https:\/\/rst-steel.com\/sv\/wp-json\/wp\/v2\/product\/192381","targetHints":{"allow":["GET"]}}],"collection":[{"href":"https:\/\/rst-steel.com\/sv\/wp-json\/wp\/v2\/product"}],"about":[{"href":"https:\/\/rst-steel.com\/sv\/wp-json\/wp\/v2\/types\/product"}],"version-history":[{"count":2,"href":"https:\/\/rst-steel.com\/sv\/wp-json\/wp\/v2\/product\/192381\/revisions"}],"predecessor-version":[{"id":199341,"href":"https:\/\/rst-steel.com\/sv\/wp-json\/wp\/v2\/product\/192381\/revisions\/199341"}],"wp:featuredmedia":[{"embeddable":true,"href":"https:\/\/rst-steel.com\/sv\/wp-json\/wp\/v2\/media\/192380"}],"wp:attachment":[{"href":"https:\/\/rst-steel.com\/sv\/wp-json\/wp\/v2\/media?parent=192381"}],"wp:term":[{"taxonomy":"make_year","embeddable":true,"href":"https:\/\/rst-steel.com\/sv\/wp-json\/wp\/v2\/make_year?post=192381"},{"taxonomy":"make_brand","embeddable":true,"href":"https:\/\/rst-steel.com\/sv\/wp-json\/wp\/v2\/make_brand?post=192381"},{"taxonomy":"make_model","embeddable":true,"href":"https:\/\/rst-steel.com\/sv\/wp-json\/wp\/v2\/make_model?post=192381"},{"taxonomy":"make_fuel_type","embeddable":true,"href":"https:\/\/rst-steel.com\/sv\/wp-json\/wp\/v2\/make_fuel_type?post=192381"},{"taxonomy":"product_brand","embeddable":true,"href":"https:\/\/rst-steel.com\/sv\/wp-json\/wp\/v2\/product_brand?post=192381"},{"taxonomy":"product_cat","embeddable":true,"href":"https:\/\/rst-steel.com\/sv\/wp-json\/wp\/v2\/product_cat?post=192381"},{"taxonomy":"product_tag","embeddable":true,"href":"https:\/\/rst-steel.com\/sv\/wp-json\/wp\/v2\/product_tag?post=192381"}],"curies":[{"name":"wp","href":"https:\/\/api.w.org\/{rel}","templated":true}]}}