{"id":193524,"date":"2026-03-20T11:01:28","date_gmt":"2026-03-20T09:01:28","guid":{"rendered":"https:\/\/rst-steel.com\/tuote-osasto\/Ei-luokiteltu\/rear-bar-caterpillar-mh3022\/"},"modified":"2026-04-27T10:49:11","modified_gmt":"2026-04-27T07:49:11","slug":"rear-bar-caterpillar-mh3022","status":"publish","type":"product","link":"https:\/\/rst-steel.com\/sv\/produkt-kategori\/light-bars\/rear-bars-for-excavators\/caterpillar-rear-bars\/rear-bar-caterpillar-mh3022\/","title":{"rendered":"Motviktsb\u00e5ge Caterpillar MH3022"},"content":{"rendered":"<p>Motviktsb\u00e5ge Caterpillar MH3022<\/p>\n<p>RST-Steel\u2019s rear bars are high-quality products made of stainless steel. The rear bars can be equipped with work lights and position lights, which improve your visibility in traffic, and at the same time increase safety for yourself and others in traffic.<\/p>\n<p><span style=\"font-weight: bold;\">Technical information:<\/span><\/p>\n<ul>\n<li>Color: Polished stainless steel or painting with RAL-basic colors<\/li>\n<li>Pipes diameter: 60 mm<\/li>\n<li>Easy to install<\/li>\n<\/ul>\n<p><span style=\"font-weight: bold;\">Delivery contents:<\/span><\/p>\n<ul>\n<li>Rear bar<\/li>\n<li>Fasteners required for installation<\/li>\n<li>Installation instructions<\/li>\n<\/ul>","protected":false},"excerpt":{"rendered":"<p>Rear Bar Caterpillar MH3022 RST-Steel\u2019s rear bars are high-quality products made of stainless steel. The rear bars can be equipped&#8230;<\/p>","protected":false},"featured_media":193523,"template":"","meta":[],"make_year":[],"make_brand":[],"make_model":[],"make_fuel_type":[],"product_brand":[9443],"product_cat":[10563,10562,10508],"product_tag":[],"class_list":{"0":"post-193524","1":"product","2":"type-product","3":"status-publish","4":"has-post-thumbnail","6":"product_brand-brand_rststeel","7":"product_cat-caterpillar-rear-bars","8":"product_cat-rear-bars-for-excavators","9":"product_cat-light-bars","10":"product_shipping_class-lightbars","12":"first","13":"onbackorder","14":"taxable","15":"shipping-taxable","16":"purchasable","17":"product-type-variable"},"yoast_head":"<!-- This site is optimized with the Yoast SEO plugin v27.1.1 - https:\/\/yoast.com\/product\/yoast-seo-wordpress\/ -->\n<title>Rear Bar Caterpillar MH3022 - RST-Steel<\/title>\n<meta name=\"description\" content=\"Counterweight Bar Caterpillar MH3022 \u2013 durable, precise fit. Improves safety, stability, and adds a clean, professional look.\" \/>\n<meta name=\"robots\" content=\"index, follow, max-snippet:-1, max-image-preview:large, max-video-preview:-1\" \/>\n<link rel=\"canonical\" href=\"https:\/\/rst-steel.com\/sv\/produkt-kategori\/light-bars\/rear-bars-for-excavators\/caterpillar-rear-bars\/rear-bar-caterpillar-mh3022\/\" \/>\n<meta property=\"og:locale\" content=\"sv_SE\" \/>\n<meta property=\"og:type\" content=\"article\" \/>\n<meta property=\"og:title\" content=\"Rear Bar Caterpillar MH3022 - RST-Steel\" \/>\n<meta property=\"og:description\" content=\"Counterweight Bar Caterpillar MH3022 \u2013 durable, precise fit. Improves safety, stability, and adds a clean, professional look.\" \/>\n<meta property=\"og:url\" content=\"https:\/\/rst-steel.com\/sv\/produkt-kategori\/light-bars\/rear-bars-for-excavators\/caterpillar-rear-bars\/rear-bar-caterpillar-mh3022\/\" \/>\n<meta property=\"og:site_name\" content=\"RST-Steel\" \/>\n<meta property=\"article:modified_time\" content=\"2026-04-27T07:49:11+00:00\" \/>\n<meta property=\"og:image\" content=\"https:\/\/rst-steel.com\/wp-content\/uploads\/2026\/03\/c89638310edc789fb8b8fef0e920bd6f4a56964e_7508fe859c1493c18cf012e2b26ab0a0-scaled.png\" \/>\n\t<meta property=\"og:image:width\" content=\"2560\" \/>\n\t<meta property=\"og:image:height\" content=\"1280\" \/>\n\t<meta property=\"og:image:type\" content=\"image\/png\" \/>\n<meta name=\"twitter:card\" content=\"summary_large_image\" \/>\n<meta name=\"twitter:label1\" content=\"Ber\u00e4knad l\u00e4stid\" \/>\n\t<meta name=\"twitter:data1\" content=\"1 minut\" \/>\n<script type=\"application\/ld+json\" class=\"yoast-schema-graph\">{\"@context\":\"https:\/\/schema.org\",\"@graph\":[{\"@type\":\"WebPage\",\"@id\":\"https:\/\/rst-steel.com\/product-category\/light-bars\/rear-bars-for-excavators\/caterpillar-rear-bars\/rear-bar-caterpillar-mh3022\/\",\"url\":\"https:\/\/rst-steel.com\/product-category\/light-bars\/rear-bars-for-excavators\/caterpillar-rear-bars\/rear-bar-caterpillar-mh3022\/\",\"name\":\"Rear Bar Caterpillar MH3022 - RST-Steel\",\"isPartOf\":{\"@id\":\"https:\/\/rst-steel.com\/#website\"},\"primaryImageOfPage\":{\"@id\":\"https:\/\/rst-steel.com\/product-category\/light-bars\/rear-bars-for-excavators\/caterpillar-rear-bars\/rear-bar-caterpillar-mh3022\/#primaryimage\"},\"image\":{\"@id\":\"https:\/\/rst-steel.com\/product-category\/light-bars\/rear-bars-for-excavators\/caterpillar-rear-bars\/rear-bar-caterpillar-mh3022\/#primaryimage\"},\"thumbnailUrl\":\"https:\/\/rst-steel.com\/wp-content\/uploads\/2026\/03\/c89638310edc789fb8b8fef0e920bd6f4a56964e_7508fe859c1493c18cf012e2b26ab0a0-scaled.png\",\"datePublished\":\"2026-03-20T09:01:28+00:00\",\"dateModified\":\"2026-04-27T07:49:11+00:00\",\"description\":\"Counterweight Bar Caterpillar MH3022 \u2013 durable, precise fit. Improves safety, stability, and adds a clean, professional look.\",\"breadcrumb\":{\"@id\":\"https:\/\/rst-steel.com\/product-category\/light-bars\/rear-bars-for-excavators\/caterpillar-rear-bars\/rear-bar-caterpillar-mh3022\/#breadcrumb\"},\"inLanguage\":\"sv-SE\",\"potentialAction\":[{\"@type\":\"ReadAction\",\"target\":[\"https:\/\/rst-steel.com\/product-category\/light-bars\/rear-bars-for-excavators\/caterpillar-rear-bars\/rear-bar-caterpillar-mh3022\/\"]}]},{\"@type\":\"ImageObject\",\"inLanguage\":\"sv-SE\",\"@id\":\"https:\/\/rst-steel.com\/product-category\/light-bars\/rear-bars-for-excavators\/caterpillar-rear-bars\/rear-bar-caterpillar-mh3022\/#primaryimage\",\"url\":\"https:\/\/rst-steel.com\/wp-content\/uploads\/2026\/03\/c89638310edc789fb8b8fef0e920bd6f4a56964e_7508fe859c1493c18cf012e2b26ab0a0-scaled.png\",\"contentUrl\":\"https:\/\/rst-steel.com\/wp-content\/uploads\/2026\/03\/c89638310edc789fb8b8fef0e920bd6f4a56964e_7508fe859c1493c18cf012e2b26ab0a0-scaled.png\",\"width\":2560,\"height\":1280,\"caption\":\"Rear Bar Caterpillar MH3022\"},{\"@type\":\"BreadcrumbList\",\"@id\":\"https:\/\/rst-steel.com\/product-category\/light-bars\/rear-bars-for-excavators\/caterpillar-rear-bars\/rear-bar-caterpillar-mh3022\/#breadcrumb\",\"itemListElement\":[{\"@type\":\"ListItem\",\"position\":1,\"name\":\"Home\",\"item\":\"https:\/\/rst-steel.com\/\"},{\"@type\":\"ListItem\",\"position\":2,\"name\":\"RST-Steel Verkkokauppa\",\"item\":\"https:\/\/rst-steel.com\/shop\/\"},{\"@type\":\"ListItem\",\"position\":3,\"name\":\"Rear Bar Caterpillar MH3022\"}]},{\"@type\":\"WebSite\",\"@id\":\"https:\/\/rst-steel.com\/#website\",\"url\":\"https:\/\/rst-steel.com\/\",\"name\":\"RST-Steel Oy - Turvallista, tyylik\u00e4st\u00e4, ter\u00e4st\u00e4\",\"description\":\"Finnish quality for discerning drivers\",\"publisher\":{\"@id\":\"https:\/\/rst-steel.com\/#organization\"},\"potentialAction\":[{\"@type\":\"SearchAction\",\"target\":{\"@type\":\"EntryPoint\",\"urlTemplate\":\"https:\/\/rst-steel.com\/?s={search_term_string}\"},\"query-input\":{\"@type\":\"PropertyValueSpecification\",\"valueRequired\":true,\"valueName\":\"search_term_string\"}}],\"inLanguage\":\"sv-SE\"},{\"@type\":\"Organization\",\"@id\":\"https:\/\/rst-steel.com\/#organization\",\"name\":\"RST-Steel Oy\",\"alternateName\":\"RST-Steel Oy - Turvallista, tyylik\u00e4st\u00e4, ter\u00e4st\u00e4\",\"url\":\"https:\/\/rst-steel.com\/\",\"logo\":{\"@type\":\"ImageObject\",\"inLanguage\":\"sv-SE\",\"@id\":\"https:\/\/rst-steel.com\/#\/schema\/logo\/image\/\",\"url\":\"https:\/\/rst-steel.com\/wp-content\/uploads\/2025\/02\/cropped-rst-valkoinen-ilman-taustaa-02.png\",\"contentUrl\":\"https:\/\/rst-steel.com\/wp-content\/uploads\/2025\/02\/cropped-rst-valkoinen-ilman-taustaa-02.png\",\"width\":2319,\"height\":690,\"caption\":\"RST-Steel Oy\"},\"image\":{\"@id\":\"https:\/\/rst-steel.com\/#\/schema\/logo\/image\/\"}}]}<\/script>\n<!-- \/ Yoast SEO plugin. -->","yoast_head_json":{"title":"Rear Bar Caterpillar MH3022 - RST-Steel","description":"Counterweight Bar Caterpillar MH3022 \u2013 durable, precise fit. Improves safety, stability, and adds a clean, professional look.","robots":{"index":"index","follow":"follow","max-snippet":"max-snippet:-1","max-image-preview":"max-image-preview:large","max-video-preview":"max-video-preview:-1"},"canonical":"https:\/\/rst-steel.com\/sv\/produkt-kategori\/light-bars\/rear-bars-for-excavators\/caterpillar-rear-bars\/rear-bar-caterpillar-mh3022\/","og_locale":"sv_SE","og_type":"article","og_title":"Rear Bar Caterpillar MH3022 - RST-Steel","og_description":"Counterweight Bar Caterpillar MH3022 \u2013 durable, precise fit. Improves safety, stability, and adds a clean, professional look.","og_url":"https:\/\/rst-steel.com\/sv\/produkt-kategori\/light-bars\/rear-bars-for-excavators\/caterpillar-rear-bars\/rear-bar-caterpillar-mh3022\/","og_site_name":"RST-Steel","article_modified_time":"2026-04-27T07:49:11+00:00","og_image":[{"width":2560,"height":1280,"url":"https:\/\/rst-steel.com\/wp-content\/uploads\/2026\/03\/c89638310edc789fb8b8fef0e920bd6f4a56964e_7508fe859c1493c18cf012e2b26ab0a0-scaled.png","type":"image\/png"}],"twitter_card":"summary_large_image","twitter_misc":{"Ber\u00e4knad l\u00e4stid":"1 minut"},"schema":{"@context":"https:\/\/schema.org","@graph":[{"@type":"WebPage","@id":"https:\/\/rst-steel.com\/product-category\/light-bars\/rear-bars-for-excavators\/caterpillar-rear-bars\/rear-bar-caterpillar-mh3022\/","url":"https:\/\/rst-steel.com\/product-category\/light-bars\/rear-bars-for-excavators\/caterpillar-rear-bars\/rear-bar-caterpillar-mh3022\/","name":"Rear Bar Caterpillar MH3022 - RST-Steel","isPartOf":{"@id":"https:\/\/rst-steel.com\/#website"},"primaryImageOfPage":{"@id":"https:\/\/rst-steel.com\/product-category\/light-bars\/rear-bars-for-excavators\/caterpillar-rear-bars\/rear-bar-caterpillar-mh3022\/#primaryimage"},"image":{"@id":"https:\/\/rst-steel.com\/product-category\/light-bars\/rear-bars-for-excavators\/caterpillar-rear-bars\/rear-bar-caterpillar-mh3022\/#primaryimage"},"thumbnailUrl":"https:\/\/rst-steel.com\/wp-content\/uploads\/2026\/03\/c89638310edc789fb8b8fef0e920bd6f4a56964e_7508fe859c1493c18cf012e2b26ab0a0-scaled.png","datePublished":"2026-03-20T09:01:28+00:00","dateModified":"2026-04-27T07:49:11+00:00","description":"Counterweight Bar Caterpillar MH3022 \u2013 durable, precise fit. Improves safety, stability, and adds a clean, professional look.","breadcrumb":{"@id":"https:\/\/rst-steel.com\/product-category\/light-bars\/rear-bars-for-excavators\/caterpillar-rear-bars\/rear-bar-caterpillar-mh3022\/#breadcrumb"},"inLanguage":"sv-SE","potentialAction":[{"@type":"ReadAction","target":["https:\/\/rst-steel.com\/product-category\/light-bars\/rear-bars-for-excavators\/caterpillar-rear-bars\/rear-bar-caterpillar-mh3022\/"]}]},{"@type":"ImageObject","inLanguage":"sv-SE","@id":"https:\/\/rst-steel.com\/product-category\/light-bars\/rear-bars-for-excavators\/caterpillar-rear-bars\/rear-bar-caterpillar-mh3022\/#primaryimage","url":"https:\/\/rst-steel.com\/wp-content\/uploads\/2026\/03\/c89638310edc789fb8b8fef0e920bd6f4a56964e_7508fe859c1493c18cf012e2b26ab0a0-scaled.png","contentUrl":"https:\/\/rst-steel.com\/wp-content\/uploads\/2026\/03\/c89638310edc789fb8b8fef0e920bd6f4a56964e_7508fe859c1493c18cf012e2b26ab0a0-scaled.png","width":2560,"height":1280,"caption":"Rear Bar Caterpillar MH3022"},{"@type":"BreadcrumbList","@id":"https:\/\/rst-steel.com\/product-category\/light-bars\/rear-bars-for-excavators\/caterpillar-rear-bars\/rear-bar-caterpillar-mh3022\/#breadcrumb","itemListElement":[{"@type":"ListItem","position":1,"name":"Home","item":"https:\/\/rst-steel.com\/"},{"@type":"ListItem","position":2,"name":"RST-Steel Verkkokauppa","item":"https:\/\/rst-steel.com\/shop\/"},{"@type":"ListItem","position":3,"name":"Rear Bar Caterpillar MH3022"}]},{"@type":"WebSite","@id":"https:\/\/rst-steel.com\/#website","url":"https:\/\/rst-steel.com\/","name":"RST-Steel Oy - Turvallista, tyylik\u00e4st\u00e4, ter\u00e4st\u00e4","description":"Finsk kvalitet f\u00f6r kvalitetsmedvetna f\u00f6rare","publisher":{"@id":"https:\/\/rst-steel.com\/#organization"},"potentialAction":[{"@type":"SearchAction","target":{"@type":"EntryPoint","urlTemplate":"https:\/\/rst-steel.com\/?s={search_term_string}"},"query-input":{"@type":"PropertyValueSpecification","valueRequired":true,"valueName":"search_term_string"}}],"inLanguage":"sv-SE"},{"@type":"Organization","@id":"https:\/\/rst-steel.com\/#organization","name":"RST-Steel Oy","alternateName":"RST-Steel Oy - Turvallista, tyylik\u00e4st\u00e4, ter\u00e4st\u00e4","url":"https:\/\/rst-steel.com\/","logo":{"@type":"ImageObject","inLanguage":"sv-SE","@id":"https:\/\/rst-steel.com\/#\/schema\/logo\/image\/","url":"https:\/\/rst-steel.com\/wp-content\/uploads\/2025\/02\/cropped-rst-valkoinen-ilman-taustaa-02.png","contentUrl":"https:\/\/rst-steel.com\/wp-content\/uploads\/2025\/02\/cropped-rst-valkoinen-ilman-taustaa-02.png","width":2319,"height":690,"caption":"RST-Steel Oy"},"image":{"@id":"https:\/\/rst-steel.com\/#\/schema\/logo\/image\/"}}]}},"_links":{"self":[{"href":"https:\/\/rst-steel.com\/sv\/wp-json\/wp\/v2\/product\/193524","targetHints":{"allow":["GET"]}}],"collection":[{"href":"https:\/\/rst-steel.com\/sv\/wp-json\/wp\/v2\/product"}],"about":[{"href":"https:\/\/rst-steel.com\/sv\/wp-json\/wp\/v2\/types\/product"}],"version-history":[{"count":2,"href":"https:\/\/rst-steel.com\/sv\/wp-json\/wp\/v2\/product\/193524\/revisions"}],"predecessor-version":[{"id":201702,"href":"https:\/\/rst-steel.com\/sv\/wp-json\/wp\/v2\/product\/193524\/revisions\/201702"}],"wp:featuredmedia":[{"embeddable":true,"href":"https:\/\/rst-steel.com\/sv\/wp-json\/wp\/v2\/media\/193523"}],"wp:attachment":[{"href":"https:\/\/rst-steel.com\/sv\/wp-json\/wp\/v2\/media?parent=193524"}],"wp:term":[{"taxonomy":"make_year","embeddable":true,"href":"https:\/\/rst-steel.com\/sv\/wp-json\/wp\/v2\/make_year?post=193524"},{"taxonomy":"make_brand","embeddable":true,"href":"https:\/\/rst-steel.com\/sv\/wp-json\/wp\/v2\/make_brand?post=193524"},{"taxonomy":"make_model","embeddable":true,"href":"https:\/\/rst-steel.com\/sv\/wp-json\/wp\/v2\/make_model?post=193524"},{"taxonomy":"make_fuel_type","embeddable":true,"href":"https:\/\/rst-steel.com\/sv\/wp-json\/wp\/v2\/make_fuel_type?post=193524"},{"taxonomy":"product_brand","embeddable":true,"href":"https:\/\/rst-steel.com\/sv\/wp-json\/wp\/v2\/product_brand?post=193524"},{"taxonomy":"product_cat","embeddable":true,"href":"https:\/\/rst-steel.com\/sv\/wp-json\/wp\/v2\/product_cat?post=193524"},{"taxonomy":"product_tag","embeddable":true,"href":"https:\/\/rst-steel.com\/sv\/wp-json\/wp\/v2\/product_tag?post=193524"}],"curies":[{"name":"wp","href":"https:\/\/api.w.org\/{rel}","templated":true}]}}