{"id":193561,"date":"2026-03-20T11:02:05","date_gmt":"2026-03-20T09:02:05","guid":{"rendered":"https:\/\/rst-steel.com\/tuote-osasto\/Ei-luokiteltu\/front-spoiler-bar-man-tgm-2022\/"},"modified":"2026-04-27T10:48:32","modified_gmt":"2026-04-27T07:48:32","slug":"front-spoiler-bar-man-tgm-2022","status":"publish","type":"product","link":"https:\/\/rst-steel.com\/sv\/produkt-kategori\/front-spoiler-bars\/front-spoiler-bars-for-trucks\/man-front-spoiler-bars\/front-spoiler-bar-man-tgm-2022\/","title":{"rendered":"Front Spoiler Bar MAN TGM 2022-"},"content":{"rendered":"<p>Front Spoiler Bar MAN TGM 2022-<\/p>\n<p>RST-Steel&#8217;s front spoiler bars are high-quality products made of stainless steel.<\/p>\n<p>Front spoiler bar is a stylish accessory to protect the front bumper of your car. The front spoiler bars can be equipped with position lights, which improve your visibility in traffic, and at the same time increase safety for yourself and others in traffic<\/p>\n<p>Hitting curbs, speed bumps or snow clods on the road can cause damage to the front of the car. Repairing the damage can be expensive and time-consuming. By preparing for these dangers, the journey continues with a safe mind and the business is secured in these respects.<\/p>\n<p><span style=\"font-weight: bold;\">Technical information:<\/span><\/p>\n<ul>\n<li>Color: Mirror polished stainless steel or painting with RAL basic colors<\/li>\n<li>Pipe diameter: 60 mm<\/li>\n<li>Easy to install<\/li>\n<\/ul>\n<p><span style=\"font-weight: bold;\">Delivery contents:<\/span><\/p>\n<ul>\n<li>Front spoiler bar<\/li>\n<li>Fasteners required for installation<\/li>\n<li>Installation instructions<\/li>\n<\/ul>","protected":false},"excerpt":{"rendered":"<p>Front Spoiler Bar MAN TGM 2022- RST-Steel&#8217;s front spoiler bars are high-quality products made of stainless steel. Front spoiler bar&#8230;<\/p>","protected":false},"featured_media":193559,"template":"","meta":[],"make_year":[10907],"make_brand":[10925],"make_model":[11013],"make_fuel_type":[],"product_brand":[9443],"product_cat":[10784,10825,10828],"product_tag":[],"class_list":{"0":"post-193561","1":"product","2":"type-product","3":"status-publish","4":"has-post-thumbnail","6":"make_year-trucks","7":"make_brand-man-truck","8":"make_model-tgm","9":"product_brand-brand_rststeel","10":"product_cat-front-spoiler-bars","11":"product_cat-front-spoiler-bars-for-trucks","12":"product_cat-man-front-spoiler-bars","13":"product_shipping_class-lightbars","15":"first","16":"onbackorder","17":"taxable","18":"shipping-taxable","19":"purchasable","20":"product-type-variable"},"yoast_head":"<!-- This site is optimized with the Yoast SEO plugin v27.1.1 - https:\/\/yoast.com\/product\/yoast-seo-wordpress\/ -->\n<title>Front Spoiler Bar MAN TGM 2022- RST-Steel<\/title>\n<meta name=\"description\" content=\"Front Spoiler Bar MAN TGM 2022- models. Several models options available! Get to know the products and place an order now!\" \/>\n<meta name=\"robots\" content=\"index, follow, max-snippet:-1, max-image-preview:large, max-video-preview:-1\" \/>\n<link rel=\"canonical\" href=\"https:\/\/rst-steel.com\/sv\/produkt-kategori\/front-spoiler-bars\/front-spoiler-bars-for-trucks\/man-front-spoiler-bars\/front-spoiler-bar-man-tgm-2022\/\" \/>\n<meta property=\"og:locale\" content=\"sv_SE\" \/>\n<meta property=\"og:type\" content=\"article\" \/>\n<meta property=\"og:title\" content=\"Front Spoiler Bar MAN TGM 2022- RST-Steel\" \/>\n<meta property=\"og:description\" content=\"Front Spoiler Bar MAN TGM 2022- models. Several models options available! Get to know the products and place an order now!\" \/>\n<meta property=\"og:url\" content=\"https:\/\/rst-steel.com\/sv\/produkt-kategori\/front-spoiler-bars\/front-spoiler-bars-for-trucks\/man-front-spoiler-bars\/front-spoiler-bar-man-tgm-2022\/\" \/>\n<meta property=\"og:site_name\" content=\"RST-Steel\" \/>\n<meta property=\"article:modified_time\" content=\"2026-04-27T07:48:32+00:00\" \/>\n<meta property=\"og:image\" content=\"https:\/\/rst-steel.com\/wp-content\/uploads\/2026\/03\/38e4438e1c6b790bd545fff1d91446a888c8fb0b_5a6db0994e035b0b51da2b7b97d28704.png\" \/>\n\t<meta property=\"og:image:width\" content=\"1159\" \/>\n\t<meta property=\"og:image:height\" content=\"733\" \/>\n\t<meta property=\"og:image:type\" content=\"image\/png\" \/>\n<meta name=\"twitter:card\" content=\"summary_large_image\" \/>\n<meta name=\"twitter:label1\" content=\"Ber\u00e4knad l\u00e4stid\" \/>\n\t<meta name=\"twitter:data1\" content=\"1 minut\" \/>\n<script type=\"application\/ld+json\" class=\"yoast-schema-graph\">{\"@context\":\"https:\/\/schema.org\",\"@graph\":[{\"@type\":\"WebPage\",\"@id\":\"https:\/\/rst-steel.com\/product-category\/front-spoiler-bars\/front-spoiler-bars-for-trucks\/man-front-spoiler-bars\/front-spoiler-bar-man-tgm-2022\/\",\"url\":\"https:\/\/rst-steel.com\/product-category\/front-spoiler-bars\/front-spoiler-bars-for-trucks\/man-front-spoiler-bars\/front-spoiler-bar-man-tgm-2022\/\",\"name\":\"Front Spoiler Bar MAN TGM 2022- RST-Steel\",\"isPartOf\":{\"@id\":\"https:\/\/rst-steel.com\/#website\"},\"primaryImageOfPage\":{\"@id\":\"https:\/\/rst-steel.com\/product-category\/front-spoiler-bars\/front-spoiler-bars-for-trucks\/man-front-spoiler-bars\/front-spoiler-bar-man-tgm-2022\/#primaryimage\"},\"image\":{\"@id\":\"https:\/\/rst-steel.com\/product-category\/front-spoiler-bars\/front-spoiler-bars-for-trucks\/man-front-spoiler-bars\/front-spoiler-bar-man-tgm-2022\/#primaryimage\"},\"thumbnailUrl\":\"https:\/\/rst-steel.com\/wp-content\/uploads\/2026\/03\/38e4438e1c6b790bd545fff1d91446a888c8fb0b_5a6db0994e035b0b51da2b7b97d28704.png\",\"datePublished\":\"2026-03-20T09:02:05+00:00\",\"dateModified\":\"2026-04-27T07:48:32+00:00\",\"description\":\"Front Spoiler Bar MAN TGM 2022- models. Several models options available! Get to know the products and place an order now!\",\"breadcrumb\":{\"@id\":\"https:\/\/rst-steel.com\/product-category\/front-spoiler-bars\/front-spoiler-bars-for-trucks\/man-front-spoiler-bars\/front-spoiler-bar-man-tgm-2022\/#breadcrumb\"},\"inLanguage\":\"sv-SE\",\"potentialAction\":[{\"@type\":\"ReadAction\",\"target\":[\"https:\/\/rst-steel.com\/product-category\/front-spoiler-bars\/front-spoiler-bars-for-trucks\/man-front-spoiler-bars\/front-spoiler-bar-man-tgm-2022\/\"]}]},{\"@type\":\"ImageObject\",\"inLanguage\":\"sv-SE\",\"@id\":\"https:\/\/rst-steel.com\/product-category\/front-spoiler-bars\/front-spoiler-bars-for-trucks\/man-front-spoiler-bars\/front-spoiler-bar-man-tgm-2022\/#primaryimage\",\"url\":\"https:\/\/rst-steel.com\/wp-content\/uploads\/2026\/03\/38e4438e1c6b790bd545fff1d91446a888c8fb0b_5a6db0994e035b0b51da2b7b97d28704.png\",\"contentUrl\":\"https:\/\/rst-steel.com\/wp-content\/uploads\/2026\/03\/38e4438e1c6b790bd545fff1d91446a888c8fb0b_5a6db0994e035b0b51da2b7b97d28704.png\",\"width\":1159,\"height\":733,\"caption\":\"Front Spoiler Bar MAN TGM 2022-\"},{\"@type\":\"BreadcrumbList\",\"@id\":\"https:\/\/rst-steel.com\/product-category\/front-spoiler-bars\/front-spoiler-bars-for-trucks\/man-front-spoiler-bars\/front-spoiler-bar-man-tgm-2022\/#breadcrumb\",\"itemListElement\":[{\"@type\":\"ListItem\",\"position\":1,\"name\":\"Home\",\"item\":\"https:\/\/rst-steel.com\/\"},{\"@type\":\"ListItem\",\"position\":2,\"name\":\"RST-Steel Verkkokauppa\",\"item\":\"https:\/\/rst-steel.com\/shop\/\"},{\"@type\":\"ListItem\",\"position\":3,\"name\":\"Front Spoiler Bar MAN TGM 2022-\"}]},{\"@type\":\"WebSite\",\"@id\":\"https:\/\/rst-steel.com\/#website\",\"url\":\"https:\/\/rst-steel.com\/\",\"name\":\"RST-Steel Oy - Turvallista, tyylik\u00e4st\u00e4, ter\u00e4st\u00e4\",\"description\":\"Finnish quality for discerning drivers\",\"publisher\":{\"@id\":\"https:\/\/rst-steel.com\/#organization\"},\"potentialAction\":[{\"@type\":\"SearchAction\",\"target\":{\"@type\":\"EntryPoint\",\"urlTemplate\":\"https:\/\/rst-steel.com\/?s={search_term_string}\"},\"query-input\":{\"@type\":\"PropertyValueSpecification\",\"valueRequired\":true,\"valueName\":\"search_term_string\"}}],\"inLanguage\":\"sv-SE\"},{\"@type\":\"Organization\",\"@id\":\"https:\/\/rst-steel.com\/#organization\",\"name\":\"RST-Steel Oy\",\"alternateName\":\"RST-Steel Oy - Turvallista, tyylik\u00e4st\u00e4, ter\u00e4st\u00e4\",\"url\":\"https:\/\/rst-steel.com\/\",\"logo\":{\"@type\":\"ImageObject\",\"inLanguage\":\"sv-SE\",\"@id\":\"https:\/\/rst-steel.com\/#\/schema\/logo\/image\/\",\"url\":\"https:\/\/rst-steel.com\/wp-content\/uploads\/2025\/02\/cropped-rst-valkoinen-ilman-taustaa-02.png\",\"contentUrl\":\"https:\/\/rst-steel.com\/wp-content\/uploads\/2025\/02\/cropped-rst-valkoinen-ilman-taustaa-02.png\",\"width\":2319,\"height\":690,\"caption\":\"RST-Steel Oy\"},\"image\":{\"@id\":\"https:\/\/rst-steel.com\/#\/schema\/logo\/image\/\"}}]}<\/script>\n<!-- \/ Yoast SEO plugin. -->","yoast_head_json":{"title":"Front Spoiler Bar MAN TGM 2022- RST-Steel","description":"Front Spoiler Bar MAN TGM 2022- models. Several models options available! Get to know the products and place an order now!","robots":{"index":"index","follow":"follow","max-snippet":"max-snippet:-1","max-image-preview":"max-image-preview:large","max-video-preview":"max-video-preview:-1"},"canonical":"https:\/\/rst-steel.com\/sv\/produkt-kategori\/front-spoiler-bars\/front-spoiler-bars-for-trucks\/man-front-spoiler-bars\/front-spoiler-bar-man-tgm-2022\/","og_locale":"sv_SE","og_type":"article","og_title":"Front Spoiler Bar MAN TGM 2022- RST-Steel","og_description":"Front Spoiler Bar MAN TGM 2022- models. Several models options available! Get to know the products and place an order now!","og_url":"https:\/\/rst-steel.com\/sv\/produkt-kategori\/front-spoiler-bars\/front-spoiler-bars-for-trucks\/man-front-spoiler-bars\/front-spoiler-bar-man-tgm-2022\/","og_site_name":"RST-Steel","article_modified_time":"2026-04-27T07:48:32+00:00","og_image":[{"width":1159,"height":733,"url":"https:\/\/rst-steel.com\/wp-content\/uploads\/2026\/03\/38e4438e1c6b790bd545fff1d91446a888c8fb0b_5a6db0994e035b0b51da2b7b97d28704.png","type":"image\/png"}],"twitter_card":"summary_large_image","twitter_misc":{"Ber\u00e4knad l\u00e4stid":"1 minut"},"schema":{"@context":"https:\/\/schema.org","@graph":[{"@type":"WebPage","@id":"https:\/\/rst-steel.com\/product-category\/front-spoiler-bars\/front-spoiler-bars-for-trucks\/man-front-spoiler-bars\/front-spoiler-bar-man-tgm-2022\/","url":"https:\/\/rst-steel.com\/product-category\/front-spoiler-bars\/front-spoiler-bars-for-trucks\/man-front-spoiler-bars\/front-spoiler-bar-man-tgm-2022\/","name":"Front Spoiler Bar MAN TGM 2022- RST-Steel","isPartOf":{"@id":"https:\/\/rst-steel.com\/#website"},"primaryImageOfPage":{"@id":"https:\/\/rst-steel.com\/product-category\/front-spoiler-bars\/front-spoiler-bars-for-trucks\/man-front-spoiler-bars\/front-spoiler-bar-man-tgm-2022\/#primaryimage"},"image":{"@id":"https:\/\/rst-steel.com\/product-category\/front-spoiler-bars\/front-spoiler-bars-for-trucks\/man-front-spoiler-bars\/front-spoiler-bar-man-tgm-2022\/#primaryimage"},"thumbnailUrl":"https:\/\/rst-steel.com\/wp-content\/uploads\/2026\/03\/38e4438e1c6b790bd545fff1d91446a888c8fb0b_5a6db0994e035b0b51da2b7b97d28704.png","datePublished":"2026-03-20T09:02:05+00:00","dateModified":"2026-04-27T07:48:32+00:00","description":"Front Spoiler Bar MAN TGM 2022- models. Several models options available! Get to know the products and place an order now!","breadcrumb":{"@id":"https:\/\/rst-steel.com\/product-category\/front-spoiler-bars\/front-spoiler-bars-for-trucks\/man-front-spoiler-bars\/front-spoiler-bar-man-tgm-2022\/#breadcrumb"},"inLanguage":"sv-SE","potentialAction":[{"@type":"ReadAction","target":["https:\/\/rst-steel.com\/product-category\/front-spoiler-bars\/front-spoiler-bars-for-trucks\/man-front-spoiler-bars\/front-spoiler-bar-man-tgm-2022\/"]}]},{"@type":"ImageObject","inLanguage":"sv-SE","@id":"https:\/\/rst-steel.com\/product-category\/front-spoiler-bars\/front-spoiler-bars-for-trucks\/man-front-spoiler-bars\/front-spoiler-bar-man-tgm-2022\/#primaryimage","url":"https:\/\/rst-steel.com\/wp-content\/uploads\/2026\/03\/38e4438e1c6b790bd545fff1d91446a888c8fb0b_5a6db0994e035b0b51da2b7b97d28704.png","contentUrl":"https:\/\/rst-steel.com\/wp-content\/uploads\/2026\/03\/38e4438e1c6b790bd545fff1d91446a888c8fb0b_5a6db0994e035b0b51da2b7b97d28704.png","width":1159,"height":733,"caption":"Front Spoiler Bar MAN TGM 2022-"},{"@type":"BreadcrumbList","@id":"https:\/\/rst-steel.com\/product-category\/front-spoiler-bars\/front-spoiler-bars-for-trucks\/man-front-spoiler-bars\/front-spoiler-bar-man-tgm-2022\/#breadcrumb","itemListElement":[{"@type":"ListItem","position":1,"name":"Home","item":"https:\/\/rst-steel.com\/"},{"@type":"ListItem","position":2,"name":"RST-Steel Verkkokauppa","item":"https:\/\/rst-steel.com\/shop\/"},{"@type":"ListItem","position":3,"name":"Front Spoiler Bar MAN TGM 2022-"}]},{"@type":"WebSite","@id":"https:\/\/rst-steel.com\/#website","url":"https:\/\/rst-steel.com\/","name":"RST-Steel Oy - Turvallista, tyylik\u00e4st\u00e4, ter\u00e4st\u00e4","description":"Finsk kvalitet f\u00f6r kvalitetsmedvetna f\u00f6rare","publisher":{"@id":"https:\/\/rst-steel.com\/#organization"},"potentialAction":[{"@type":"SearchAction","target":{"@type":"EntryPoint","urlTemplate":"https:\/\/rst-steel.com\/?s={search_term_string}"},"query-input":{"@type":"PropertyValueSpecification","valueRequired":true,"valueName":"search_term_string"}}],"inLanguage":"sv-SE"},{"@type":"Organization","@id":"https:\/\/rst-steel.com\/#organization","name":"RST-Steel Oy","alternateName":"RST-Steel Oy - Turvallista, tyylik\u00e4st\u00e4, ter\u00e4st\u00e4","url":"https:\/\/rst-steel.com\/","logo":{"@type":"ImageObject","inLanguage":"sv-SE","@id":"https:\/\/rst-steel.com\/#\/schema\/logo\/image\/","url":"https:\/\/rst-steel.com\/wp-content\/uploads\/2025\/02\/cropped-rst-valkoinen-ilman-taustaa-02.png","contentUrl":"https:\/\/rst-steel.com\/wp-content\/uploads\/2025\/02\/cropped-rst-valkoinen-ilman-taustaa-02.png","width":2319,"height":690,"caption":"RST-Steel Oy"},"image":{"@id":"https:\/\/rst-steel.com\/#\/schema\/logo\/image\/"}}]}},"_links":{"self":[{"href":"https:\/\/rst-steel.com\/sv\/wp-json\/wp\/v2\/product\/193561","targetHints":{"allow":["GET"]}}],"collection":[{"href":"https:\/\/rst-steel.com\/sv\/wp-json\/wp\/v2\/product"}],"about":[{"href":"https:\/\/rst-steel.com\/sv\/wp-json\/wp\/v2\/types\/product"}],"version-history":[{"count":2,"href":"https:\/\/rst-steel.com\/sv\/wp-json\/wp\/v2\/product\/193561\/revisions"}],"predecessor-version":[{"id":201701,"href":"https:\/\/rst-steel.com\/sv\/wp-json\/wp\/v2\/product\/193561\/revisions\/201701"}],"wp:featuredmedia":[{"embeddable":true,"href":"https:\/\/rst-steel.com\/sv\/wp-json\/wp\/v2\/media\/193559"}],"wp:attachment":[{"href":"https:\/\/rst-steel.com\/sv\/wp-json\/wp\/v2\/media?parent=193561"}],"wp:term":[{"taxonomy":"make_year","embeddable":true,"href":"https:\/\/rst-steel.com\/sv\/wp-json\/wp\/v2\/make_year?post=193561"},{"taxonomy":"make_brand","embeddable":true,"href":"https:\/\/rst-steel.com\/sv\/wp-json\/wp\/v2\/make_brand?post=193561"},{"taxonomy":"make_model","embeddable":true,"href":"https:\/\/rst-steel.com\/sv\/wp-json\/wp\/v2\/make_model?post=193561"},{"taxonomy":"make_fuel_type","embeddable":true,"href":"https:\/\/rst-steel.com\/sv\/wp-json\/wp\/v2\/make_fuel_type?post=193561"},{"taxonomy":"product_brand","embeddable":true,"href":"https:\/\/rst-steel.com\/sv\/wp-json\/wp\/v2\/product_brand?post=193561"},{"taxonomy":"product_cat","embeddable":true,"href":"https:\/\/rst-steel.com\/sv\/wp-json\/wp\/v2\/product_cat?post=193561"},{"taxonomy":"product_tag","embeddable":true,"href":"https:\/\/rst-steel.com\/sv\/wp-json\/wp\/v2\/product_tag?post=193561"}],"curies":[{"name":"wp","href":"https:\/\/api.w.org\/{rel}","templated":true}]}}