{"id":193620,"date":"2026-03-20T11:03:07","date_gmt":"2026-03-20T09:03:07","guid":{"rendered":"https:\/\/rst-steel.com\/tuote-osasto\/Ei-luokiteltu\/roof-bar-fendt-930-942-vario-2019\/"},"modified":"2026-04-15T10:28:40","modified_gmt":"2026-04-15T07:28:40","slug":"roof-bar-fendt-930-942-vario-2019","status":"publish","type":"product","link":"https:\/\/rst-steel.com\/sv\/produkt-kategori\/light-bars\/roof-bars-for-tractors\/fendt-roof-bars\/roof-bar-fendt-930-942-vario-2019\/","title":{"rendered":"Roof bar Fendt 930-942 vario 2019-"},"content":{"rendered":"<p>Roof Bar Fendt 930-942 vario 2019-<\/p>\n<p>&nbsp;<\/p>\n<p>RST-Steel\u2019s roof bars are high-quality products made of stainless steel.<\/p>\n<p>The roof bars can be equipped with auxiliary lights and position lights, which improve your visibility in traffic, and at the same time increase safety for yourself and others in traffic.<\/p>\n<p>&nbsp;<\/p>\n<p><span style=\"font-weight: bold;\">Fits to:<\/span><\/p>\n<ul>\n<li>FENDT 930 Vario (2019-)<\/li>\n<li>FENDT 933 Vario (2019-)<\/li>\n<li>FENDT 936 Vario (2019-)<\/li>\n<li>FENDT 939 Vario (2019-)<\/li>\n<li>FENDT 942 Vario (2019-)<\/li>\n<\/ul>\n<p><span style=\"font-weight: bold;\">Technical information:<\/span><\/p>\n<ul>\n<li>Color: Polished stainless steel or painting with RAL-basic colors<\/li>\n<li>Pipes diameter: 60 mm<\/li>\n<\/ul>\n<p><span style=\"font-weight: bold;\">Delivery contents:<\/span><\/p>\n<ul>\n<li>Roof bar<\/li>\n<li>Fasteners required for installation<\/li>\n<li>Installation instructions<\/li>\n<\/ul>","protected":false},"excerpt":{"rendered":"<p>Roof Bar Fendt 930-942 vario 2019- &nbsp; RST-Steel\u2019s roof bars are high-quality products made of stainless steel. The roof bars&#8230;<\/p>","protected":false},"featured_media":193617,"template":"","meta":[],"make_year":[10906],"make_brand":[10915],"make_model":[12481,12482,12483,12484,12485],"make_fuel_type":[],"product_brand":[9443],"product_cat":[10577,10508,10574],"product_tag":[],"class_list":{"0":"post-193620","1":"product","2":"type-product","3":"status-publish","4":"has-post-thumbnail","6":"make_year-tractor-com","7":"make_brand-fendt","8":"make_model-fendt-930","9":"make_model-fendt-933","10":"make_model-fendt-936","11":"make_model-fendt-939","12":"make_model-fendt-942","13":"product_brand-brand_rststeel","14":"product_cat-fendt-roof-bars","15":"product_cat-light-bars","16":"product_cat-roof-bars-for-tractors","17":"product_shipping_class-lightbars","19":"first","20":"instock","21":"taxable","22":"shipping-taxable","23":"purchasable","24":"product-type-variable"},"yoast_head":"<!-- This site is optimized with the Yoast SEO plugin v27.1.1 - https:\/\/yoast.com\/product\/yoast-seo-wordpress\/ -->\n<title>Roof bar Fendt 930-942 vario 2019- RST-Steel<\/title>\n<meta name=\"description\" content=\"Roof Bar Fendt 930-942 vario 2019- models. RST-Steel\u2019s roof bars are high-quality products made of stainless steel.\u00a0Check the products and place an order!\" \/>\n<meta name=\"robots\" content=\"index, follow, max-snippet:-1, max-image-preview:large, max-video-preview:-1\" \/>\n<link rel=\"canonical\" href=\"https:\/\/rst-steel.com\/sv\/produkt-kategori\/light-bars\/roof-bars-for-tractors\/fendt-roof-bars\/roof-bar-fendt-930-942-vario-2019\/\" \/>\n<meta property=\"og:locale\" content=\"sv_SE\" \/>\n<meta property=\"og:type\" content=\"article\" \/>\n<meta property=\"og:title\" content=\"Roof bar Fendt 930-942 vario 2019- RST-Steel\" \/>\n<meta property=\"og:description\" content=\"Roof Bar Fendt 930-942 vario 2019- models. RST-Steel\u2019s roof bars are high-quality products made of stainless steel.\u00a0Check the products and place an order!\" \/>\n<meta property=\"og:url\" content=\"https:\/\/rst-steel.com\/sv\/produkt-kategori\/light-bars\/roof-bars-for-tractors\/fendt-roof-bars\/roof-bar-fendt-930-942-vario-2019\/\" \/>\n<meta property=\"og:site_name\" content=\"RST-Steel\" \/>\n<meta property=\"article:modified_time\" content=\"2026-04-15T07:28:40+00:00\" \/>\n<meta property=\"og:image\" content=\"https:\/\/rst-steel.com\/wp-content\/uploads\/2026\/03\/3ec83720bc03ca83ce2a6c3253308df0251a7529_ad8d115ed698fb8164b100edda12d64a.jpg\" \/>\n\t<meta property=\"og:image:width\" content=\"1536\" \/>\n\t<meta property=\"og:image:height\" content=\"2048\" \/>\n\t<meta property=\"og:image:type\" content=\"image\/jpeg\" \/>\n<meta name=\"twitter:card\" content=\"summary_large_image\" \/>\n<meta name=\"twitter:label1\" content=\"Ber\u00e4knad l\u00e4stid\" \/>\n\t<meta name=\"twitter:data1\" content=\"1 minut\" \/>\n<script type=\"application\/ld+json\" class=\"yoast-schema-graph\">{\"@context\":\"https:\/\/schema.org\",\"@graph\":[{\"@type\":\"WebPage\",\"@id\":\"https:\/\/rst-steel.com\/product-category\/light-bars\/roof-bars-for-tractors\/fendt-roof-bars\/roof-bar-fendt-930-942-vario-2019\/\",\"url\":\"https:\/\/rst-steel.com\/product-category\/light-bars\/roof-bars-for-tractors\/fendt-roof-bars\/roof-bar-fendt-930-942-vario-2019\/\",\"name\":\"Roof bar Fendt 930-942 vario 2019- RST-Steel\",\"isPartOf\":{\"@id\":\"https:\/\/rst-steel.com\/#website\"},\"primaryImageOfPage\":{\"@id\":\"https:\/\/rst-steel.com\/product-category\/light-bars\/roof-bars-for-tractors\/fendt-roof-bars\/roof-bar-fendt-930-942-vario-2019\/#primaryimage\"},\"image\":{\"@id\":\"https:\/\/rst-steel.com\/product-category\/light-bars\/roof-bars-for-tractors\/fendt-roof-bars\/roof-bar-fendt-930-942-vario-2019\/#primaryimage\"},\"thumbnailUrl\":\"https:\/\/rst-steel.com\/wp-content\/uploads\/2026\/03\/3ec83720bc03ca83ce2a6c3253308df0251a7529_ad8d115ed698fb8164b100edda12d64a.jpg\",\"datePublished\":\"2026-03-20T09:03:07+00:00\",\"dateModified\":\"2026-04-15T07:28:40+00:00\",\"description\":\"Roof Bar Fendt 930-942 vario 2019- models. RST-Steel\u2019s roof bars are high-quality products made of stainless steel.\u00a0Check the products and place an order!\",\"breadcrumb\":{\"@id\":\"https:\/\/rst-steel.com\/product-category\/light-bars\/roof-bars-for-tractors\/fendt-roof-bars\/roof-bar-fendt-930-942-vario-2019\/#breadcrumb\"},\"inLanguage\":\"sv-SE\",\"potentialAction\":[{\"@type\":\"ReadAction\",\"target\":[\"https:\/\/rst-steel.com\/product-category\/light-bars\/roof-bars-for-tractors\/fendt-roof-bars\/roof-bar-fendt-930-942-vario-2019\/\"]}]},{\"@type\":\"ImageObject\",\"inLanguage\":\"sv-SE\",\"@id\":\"https:\/\/rst-steel.com\/product-category\/light-bars\/roof-bars-for-tractors\/fendt-roof-bars\/roof-bar-fendt-930-942-vario-2019\/#primaryimage\",\"url\":\"https:\/\/rst-steel.com\/wp-content\/uploads\/2026\/03\/3ec83720bc03ca83ce2a6c3253308df0251a7529_ad8d115ed698fb8164b100edda12d64a.jpg\",\"contentUrl\":\"https:\/\/rst-steel.com\/wp-content\/uploads\/2026\/03\/3ec83720bc03ca83ce2a6c3253308df0251a7529_ad8d115ed698fb8164b100edda12d64a.jpg\",\"width\":1536,\"height\":2048,\"caption\":\"Roof bar Fendt 930-942 vario 2019-\"},{\"@type\":\"BreadcrumbList\",\"@id\":\"https:\/\/rst-steel.com\/product-category\/light-bars\/roof-bars-for-tractors\/fendt-roof-bars\/roof-bar-fendt-930-942-vario-2019\/#breadcrumb\",\"itemListElement\":[{\"@type\":\"ListItem\",\"position\":1,\"name\":\"Home\",\"item\":\"https:\/\/rst-steel.com\/\"},{\"@type\":\"ListItem\",\"position\":2,\"name\":\"RST-Steel Verkkokauppa\",\"item\":\"https:\/\/rst-steel.com\/shop\/\"},{\"@type\":\"ListItem\",\"position\":3,\"name\":\"Roof bar Fendt 930-942 vario 2019-\"}]},{\"@type\":\"WebSite\",\"@id\":\"https:\/\/rst-steel.com\/#website\",\"url\":\"https:\/\/rst-steel.com\/\",\"name\":\"RST-Steel Oy - Turvallista, tyylik\u00e4st\u00e4, ter\u00e4st\u00e4\",\"description\":\"Finnish quality for discerning drivers\",\"publisher\":{\"@id\":\"https:\/\/rst-steel.com\/#organization\"},\"potentialAction\":[{\"@type\":\"SearchAction\",\"target\":{\"@type\":\"EntryPoint\",\"urlTemplate\":\"https:\/\/rst-steel.com\/?s={search_term_string}\"},\"query-input\":{\"@type\":\"PropertyValueSpecification\",\"valueRequired\":true,\"valueName\":\"search_term_string\"}}],\"inLanguage\":\"sv-SE\"},{\"@type\":\"Organization\",\"@id\":\"https:\/\/rst-steel.com\/#organization\",\"name\":\"RST-Steel Oy\",\"alternateName\":\"RST-Steel Oy - Turvallista, tyylik\u00e4st\u00e4, ter\u00e4st\u00e4\",\"url\":\"https:\/\/rst-steel.com\/\",\"logo\":{\"@type\":\"ImageObject\",\"inLanguage\":\"sv-SE\",\"@id\":\"https:\/\/rst-steel.com\/#\/schema\/logo\/image\/\",\"url\":\"https:\/\/rst-steel.com\/wp-content\/uploads\/2025\/02\/cropped-rst-valkoinen-ilman-taustaa-02.png\",\"contentUrl\":\"https:\/\/rst-steel.com\/wp-content\/uploads\/2025\/02\/cropped-rst-valkoinen-ilman-taustaa-02.png\",\"width\":2319,\"height\":690,\"caption\":\"RST-Steel Oy\"},\"image\":{\"@id\":\"https:\/\/rst-steel.com\/#\/schema\/logo\/image\/\"}}]}<\/script>\n<!-- \/ Yoast SEO plugin. -->","yoast_head_json":{"title":"Roof bar Fendt 930-942 vario 2019- RST-Steel","description":"Roof Bar Fendt 930-942 vario 2019- models. RST-Steel\u2019s roof bars are high-quality products made of stainless steel.\u00a0Check the products and place an order!","robots":{"index":"index","follow":"follow","max-snippet":"max-snippet:-1","max-image-preview":"max-image-preview:large","max-video-preview":"max-video-preview:-1"},"canonical":"https:\/\/rst-steel.com\/sv\/produkt-kategori\/light-bars\/roof-bars-for-tractors\/fendt-roof-bars\/roof-bar-fendt-930-942-vario-2019\/","og_locale":"sv_SE","og_type":"article","og_title":"Roof bar Fendt 930-942 vario 2019- RST-Steel","og_description":"Roof Bar Fendt 930-942 vario 2019- models. RST-Steel\u2019s roof bars are high-quality products made of stainless steel.\u00a0Check the products and place an order!","og_url":"https:\/\/rst-steel.com\/sv\/produkt-kategori\/light-bars\/roof-bars-for-tractors\/fendt-roof-bars\/roof-bar-fendt-930-942-vario-2019\/","og_site_name":"RST-Steel","article_modified_time":"2026-04-15T07:28:40+00:00","og_image":[{"width":1536,"height":2048,"url":"https:\/\/rst-steel.com\/wp-content\/uploads\/2026\/03\/3ec83720bc03ca83ce2a6c3253308df0251a7529_ad8d115ed698fb8164b100edda12d64a.jpg","type":"image\/jpeg"}],"twitter_card":"summary_large_image","twitter_misc":{"Ber\u00e4knad l\u00e4stid":"1 minut"},"schema":{"@context":"https:\/\/schema.org","@graph":[{"@type":"WebPage","@id":"https:\/\/rst-steel.com\/product-category\/light-bars\/roof-bars-for-tractors\/fendt-roof-bars\/roof-bar-fendt-930-942-vario-2019\/","url":"https:\/\/rst-steel.com\/product-category\/light-bars\/roof-bars-for-tractors\/fendt-roof-bars\/roof-bar-fendt-930-942-vario-2019\/","name":"Roof bar Fendt 930-942 vario 2019- RST-Steel","isPartOf":{"@id":"https:\/\/rst-steel.com\/#website"},"primaryImageOfPage":{"@id":"https:\/\/rst-steel.com\/product-category\/light-bars\/roof-bars-for-tractors\/fendt-roof-bars\/roof-bar-fendt-930-942-vario-2019\/#primaryimage"},"image":{"@id":"https:\/\/rst-steel.com\/product-category\/light-bars\/roof-bars-for-tractors\/fendt-roof-bars\/roof-bar-fendt-930-942-vario-2019\/#primaryimage"},"thumbnailUrl":"https:\/\/rst-steel.com\/wp-content\/uploads\/2026\/03\/3ec83720bc03ca83ce2a6c3253308df0251a7529_ad8d115ed698fb8164b100edda12d64a.jpg","datePublished":"2026-03-20T09:03:07+00:00","dateModified":"2026-04-15T07:28:40+00:00","description":"Roof Bar Fendt 930-942 vario 2019- models. RST-Steel\u2019s roof bars are high-quality products made of stainless steel.\u00a0Check the products and place an order!","breadcrumb":{"@id":"https:\/\/rst-steel.com\/product-category\/light-bars\/roof-bars-for-tractors\/fendt-roof-bars\/roof-bar-fendt-930-942-vario-2019\/#breadcrumb"},"inLanguage":"sv-SE","potentialAction":[{"@type":"ReadAction","target":["https:\/\/rst-steel.com\/product-category\/light-bars\/roof-bars-for-tractors\/fendt-roof-bars\/roof-bar-fendt-930-942-vario-2019\/"]}]},{"@type":"ImageObject","inLanguage":"sv-SE","@id":"https:\/\/rst-steel.com\/product-category\/light-bars\/roof-bars-for-tractors\/fendt-roof-bars\/roof-bar-fendt-930-942-vario-2019\/#primaryimage","url":"https:\/\/rst-steel.com\/wp-content\/uploads\/2026\/03\/3ec83720bc03ca83ce2a6c3253308df0251a7529_ad8d115ed698fb8164b100edda12d64a.jpg","contentUrl":"https:\/\/rst-steel.com\/wp-content\/uploads\/2026\/03\/3ec83720bc03ca83ce2a6c3253308df0251a7529_ad8d115ed698fb8164b100edda12d64a.jpg","width":1536,"height":2048,"caption":"Roof bar Fendt 930-942 vario 2019-"},{"@type":"BreadcrumbList","@id":"https:\/\/rst-steel.com\/product-category\/light-bars\/roof-bars-for-tractors\/fendt-roof-bars\/roof-bar-fendt-930-942-vario-2019\/#breadcrumb","itemListElement":[{"@type":"ListItem","position":1,"name":"Home","item":"https:\/\/rst-steel.com\/"},{"@type":"ListItem","position":2,"name":"RST-Steel Verkkokauppa","item":"https:\/\/rst-steel.com\/shop\/"},{"@type":"ListItem","position":3,"name":"Roof bar Fendt 930-942 vario 2019-"}]},{"@type":"WebSite","@id":"https:\/\/rst-steel.com\/#website","url":"https:\/\/rst-steel.com\/","name":"RST-Steel Oy - Turvallista, tyylik\u00e4st\u00e4, ter\u00e4st\u00e4","description":"Finsk kvalitet f\u00f6r kvalitetsmedvetna f\u00f6rare","publisher":{"@id":"https:\/\/rst-steel.com\/#organization"},"potentialAction":[{"@type":"SearchAction","target":{"@type":"EntryPoint","urlTemplate":"https:\/\/rst-steel.com\/?s={search_term_string}"},"query-input":{"@type":"PropertyValueSpecification","valueRequired":true,"valueName":"search_term_string"}}],"inLanguage":"sv-SE"},{"@type":"Organization","@id":"https:\/\/rst-steel.com\/#organization","name":"RST-Steel Oy","alternateName":"RST-Steel Oy - Turvallista, tyylik\u00e4st\u00e4, ter\u00e4st\u00e4","url":"https:\/\/rst-steel.com\/","logo":{"@type":"ImageObject","inLanguage":"sv-SE","@id":"https:\/\/rst-steel.com\/#\/schema\/logo\/image\/","url":"https:\/\/rst-steel.com\/wp-content\/uploads\/2025\/02\/cropped-rst-valkoinen-ilman-taustaa-02.png","contentUrl":"https:\/\/rst-steel.com\/wp-content\/uploads\/2025\/02\/cropped-rst-valkoinen-ilman-taustaa-02.png","width":2319,"height":690,"caption":"RST-Steel Oy"},"image":{"@id":"https:\/\/rst-steel.com\/#\/schema\/logo\/image\/"}}]}},"_links":{"self":[{"href":"https:\/\/rst-steel.com\/sv\/wp-json\/wp\/v2\/product\/193620","targetHints":{"allow":["GET"]}}],"collection":[{"href":"https:\/\/rst-steel.com\/sv\/wp-json\/wp\/v2\/product"}],"about":[{"href":"https:\/\/rst-steel.com\/sv\/wp-json\/wp\/v2\/types\/product"}],"version-history":[{"count":2,"href":"https:\/\/rst-steel.com\/sv\/wp-json\/wp\/v2\/product\/193620\/revisions"}],"predecessor-version":[{"id":201699,"href":"https:\/\/rst-steel.com\/sv\/wp-json\/wp\/v2\/product\/193620\/revisions\/201699"}],"wp:featuredmedia":[{"embeddable":true,"href":"https:\/\/rst-steel.com\/sv\/wp-json\/wp\/v2\/media\/193617"}],"wp:attachment":[{"href":"https:\/\/rst-steel.com\/sv\/wp-json\/wp\/v2\/media?parent=193620"}],"wp:term":[{"taxonomy":"make_year","embeddable":true,"href":"https:\/\/rst-steel.com\/sv\/wp-json\/wp\/v2\/make_year?post=193620"},{"taxonomy":"make_brand","embeddable":true,"href":"https:\/\/rst-steel.com\/sv\/wp-json\/wp\/v2\/make_brand?post=193620"},{"taxonomy":"make_model","embeddable":true,"href":"https:\/\/rst-steel.com\/sv\/wp-json\/wp\/v2\/make_model?post=193620"},{"taxonomy":"make_fuel_type","embeddable":true,"href":"https:\/\/rst-steel.com\/sv\/wp-json\/wp\/v2\/make_fuel_type?post=193620"},{"taxonomy":"product_brand","embeddable":true,"href":"https:\/\/rst-steel.com\/sv\/wp-json\/wp\/v2\/product_brand?post=193620"},{"taxonomy":"product_cat","embeddable":true,"href":"https:\/\/rst-steel.com\/sv\/wp-json\/wp\/v2\/product_cat?post=193620"},{"taxonomy":"product_tag","embeddable":true,"href":"https:\/\/rst-steel.com\/sv\/wp-json\/wp\/v2\/product_tag?post=193620"}],"curies":[{"name":"wp","href":"https:\/\/api.w.org\/{rel}","templated":true}]}}