{"id":193631,"date":"2026-03-20T11:03:20","date_gmt":"2026-03-20T09:03:20","guid":{"rendered":"https:\/\/rst-steel.com\/tuote-osasto\/Ei-luokiteltu\/front-spoiler-bar-daf-xd-22\/"},"modified":"2026-04-10T10:17:24","modified_gmt":"2026-04-10T07:17:24","slug":"front-spoiler-bar-daf-xd-22","status":"publish","type":"product","link":"https:\/\/rst-steel.com\/sv\/produkt-kategori\/front-spoiler-bars\/front-spoiler-bars-for-trucks\/daf-front-spoiler-bars\/front-spoiler-bar-daf-xd-22\/","title":{"rendered":"Front Spoiler Bar DAF XD 22-"},"content":{"rendered":"<p>Front Spoiler Bar DAF XD 22-<\/p>\n<p><\/p>\n<p>RST-Steel\u2019s front spoiler bars are high-quality products made of stainless steel. Front spoiler bar is a stylish accessory to protect the front bumper of your car.<\/p>\n<p>The front spoiler bars can be equipped with position lights, which improve your visibility in traffic, and at the same time increase safety for yourself and others in traffic.<\/p>\n<p>Hitting curbs, speed bumps or snow clods on the road can cause damage to the front of the car. Repairing the damage can be expensive and time-consuming. By preparing for these dangers, the journey continues with a safe mind and the business is secured in these respects.<\/p>\n<p><\/p>\n<p><span style=\"font-weight: bold\">Technical information:<\/span><\/p>\n<ul>\n<li>Color: Mirror polished stainless steel or painting with RAL-basic colors<\/li>\n<li>Pipe diameter: 60 mm<\/li>\n<li>Easy to install<\/li>\n<\/ul>\n<p><\/p>\n<p><span style=\"font-weight: bold\">Delivery contents:<\/span><\/p>\n<ul>\n<li>Front spoiler bar<\/li>\n<li>Fasteners required for installation<\/li>\n<li>Installation instructions<\/li>\n<\/ul>","protected":false},"excerpt":{"rendered":"<p>Front Spoiler Bar DAF XD 22- RST-Steel\u2019s front spoiler bars are high-quality products made of stainless steel. Front spoiler bar&#8230;<\/p>","protected":false},"featured_media":193629,"template":"","meta":{"_improvement_type_select":"improve_an_existing","_thumb_yes_seoaic":false,"_frame_yes_seoaic":false,"seoaic_generate_description":"","seoaic_improve_instructions_prompt":"","seoaic_rollback_content_improvement":"","seoaic_idea_thumbnail_generator":"","thumbnail_generated":false,"thumbnail_generate_prompt":"","seoaic_article_description":""},"make_year":[10907],"make_brand":[10913],"make_model":[10943],"make_fuel_type":[],"product_brand":[9443],"product_cat":[10830,10784,10825],"product_tag":[],"class_list":{"0":"post-193631","1":"product","2":"type-product","3":"status-publish","4":"has-post-thumbnail","6":"make_year-trucks","7":"make_brand-daf","8":"make_model-xd-2022","9":"product_brand-brand_rststeel","10":"product_cat-daf-front-spoiler-bars","11":"product_cat-front-spoiler-bars","12":"product_cat-front-spoiler-bars-for-trucks","13":"product_shipping_class-lightbars","15":"first","16":"instock","17":"taxable","18":"shipping-taxable","19":"purchasable","20":"product-type-variable"},"yoast_head":"<!-- This site is optimized with the Yoast SEO plugin v27.1.1 - https:\/\/yoast.com\/product\/yoast-seo-wordpress\/ -->\n<title>Front Spoiler Bar DAF XD 22- RST-Steel<\/title>\n<meta name=\"description\" content=\"Front Spoiler Bar DAF XD 22- models. RST-Steel\u2019s front spoiler bars are high-quality products made of stainless steel. Check the products and order now!\" \/>\n<meta name=\"robots\" content=\"index, follow, max-snippet:-1, max-image-preview:large, max-video-preview:-1\" \/>\n<link rel=\"canonical\" href=\"https:\/\/rst-steel.com\/sv\/produkt-kategori\/front-spoiler-bars\/front-spoiler-bars-for-trucks\/daf-front-spoiler-bars\/front-spoiler-bar-daf-xd-22\/\" \/>\n<meta property=\"og:locale\" content=\"sv_SE\" \/>\n<meta property=\"og:type\" content=\"article\" \/>\n<meta property=\"og:title\" content=\"Front Spoiler Bar DAF XD 22- RST-Steel\" \/>\n<meta property=\"og:description\" content=\"Front Spoiler Bar DAF XD 22- models. RST-Steel\u2019s front spoiler bars are high-quality products made of stainless steel. Check the products and order now!\" \/>\n<meta property=\"og:url\" content=\"https:\/\/rst-steel.com\/sv\/produkt-kategori\/front-spoiler-bars\/front-spoiler-bars-for-trucks\/daf-front-spoiler-bars\/front-spoiler-bar-daf-xd-22\/\" \/>\n<meta property=\"og:site_name\" content=\"RST-Steel\" \/>\n<meta property=\"article:modified_time\" content=\"2026-04-10T07:17:24+00:00\" \/>\n<meta property=\"og:image\" content=\"https:\/\/rst-steel.com\/wp-content\/uploads\/2026\/03\/d60e13f6c509e110fdc9c80dd99d8a649fc762b1_d2764995884a26a39503e8615e74f818.jpg\" \/>\n\t<meta property=\"og:image:width\" content=\"1200\" \/>\n\t<meta property=\"og:image:height\" content=\"1426\" \/>\n\t<meta property=\"og:image:type\" content=\"image\/jpeg\" \/>\n<meta name=\"twitter:card\" content=\"summary_large_image\" \/>\n<meta name=\"twitter:label1\" content=\"Ber\u00e4knad l\u00e4stid\" \/>\n\t<meta name=\"twitter:data1\" content=\"1 minut\" \/>\n<script type=\"application\/ld+json\" class=\"yoast-schema-graph\">{\"@context\":\"https:\/\/schema.org\",\"@graph\":[{\"@type\":\"WebPage\",\"@id\":\"https:\/\/rst-steel.com\/product-category\/front-spoiler-bars\/front-spoiler-bars-for-trucks\/daf-front-spoiler-bars\/front-spoiler-bar-daf-xd-22\/\",\"url\":\"https:\/\/rst-steel.com\/product-category\/front-spoiler-bars\/front-spoiler-bars-for-trucks\/daf-front-spoiler-bars\/front-spoiler-bar-daf-xd-22\/\",\"name\":\"Front Spoiler Bar DAF XD 22- RST-Steel\",\"isPartOf\":{\"@id\":\"https:\/\/rst-steel.com\/#website\"},\"primaryImageOfPage\":{\"@id\":\"https:\/\/rst-steel.com\/product-category\/front-spoiler-bars\/front-spoiler-bars-for-trucks\/daf-front-spoiler-bars\/front-spoiler-bar-daf-xd-22\/#primaryimage\"},\"image\":{\"@id\":\"https:\/\/rst-steel.com\/product-category\/front-spoiler-bars\/front-spoiler-bars-for-trucks\/daf-front-spoiler-bars\/front-spoiler-bar-daf-xd-22\/#primaryimage\"},\"thumbnailUrl\":\"https:\/\/rst-steel.com\/wp-content\/uploads\/2026\/03\/d60e13f6c509e110fdc9c80dd99d8a649fc762b1_d2764995884a26a39503e8615e74f818.jpg\",\"datePublished\":\"2026-03-20T09:03:20+00:00\",\"dateModified\":\"2026-04-10T07:17:24+00:00\",\"description\":\"Front Spoiler Bar DAF XD 22- models. RST-Steel\u2019s front spoiler bars are high-quality products made of stainless steel. Check the products and order now!\",\"breadcrumb\":{\"@id\":\"https:\/\/rst-steel.com\/product-category\/front-spoiler-bars\/front-spoiler-bars-for-trucks\/daf-front-spoiler-bars\/front-spoiler-bar-daf-xd-22\/#breadcrumb\"},\"inLanguage\":\"sv-SE\",\"potentialAction\":[{\"@type\":\"ReadAction\",\"target\":[\"https:\/\/rst-steel.com\/product-category\/front-spoiler-bars\/front-spoiler-bars-for-trucks\/daf-front-spoiler-bars\/front-spoiler-bar-daf-xd-22\/\"]}]},{\"@type\":\"ImageObject\",\"inLanguage\":\"sv-SE\",\"@id\":\"https:\/\/rst-steel.com\/product-category\/front-spoiler-bars\/front-spoiler-bars-for-trucks\/daf-front-spoiler-bars\/front-spoiler-bar-daf-xd-22\/#primaryimage\",\"url\":\"https:\/\/rst-steel.com\/wp-content\/uploads\/2026\/03\/d60e13f6c509e110fdc9c80dd99d8a649fc762b1_d2764995884a26a39503e8615e74f818.jpg\",\"contentUrl\":\"https:\/\/rst-steel.com\/wp-content\/uploads\/2026\/03\/d60e13f6c509e110fdc9c80dd99d8a649fc762b1_d2764995884a26a39503e8615e74f818.jpg\",\"width\":1200,\"height\":1426,\"caption\":\"prm_70933\"},{\"@type\":\"BreadcrumbList\",\"@id\":\"https:\/\/rst-steel.com\/product-category\/front-spoiler-bars\/front-spoiler-bars-for-trucks\/daf-front-spoiler-bars\/front-spoiler-bar-daf-xd-22\/#breadcrumb\",\"itemListElement\":[{\"@type\":\"ListItem\",\"position\":1,\"name\":\"Home\",\"item\":\"https:\/\/rst-steel.com\/\"},{\"@type\":\"ListItem\",\"position\":2,\"name\":\"RST-Steel Verkkokauppa\",\"item\":\"https:\/\/rst-steel.com\/shop\/\"},{\"@type\":\"ListItem\",\"position\":3,\"name\":\"Front Spoiler Bar DAF XD 22-\"}]},{\"@type\":\"WebSite\",\"@id\":\"https:\/\/rst-steel.com\/#website\",\"url\":\"https:\/\/rst-steel.com\/\",\"name\":\"RST-Steel Oy - Turvallista, tyylik\u00e4st\u00e4, ter\u00e4st\u00e4\",\"description\":\"Finnish quality for discerning drivers\",\"publisher\":{\"@id\":\"https:\/\/rst-steel.com\/#organization\"},\"potentialAction\":[{\"@type\":\"SearchAction\",\"target\":{\"@type\":\"EntryPoint\",\"urlTemplate\":\"https:\/\/rst-steel.com\/?s={search_term_string}\"},\"query-input\":{\"@type\":\"PropertyValueSpecification\",\"valueRequired\":true,\"valueName\":\"search_term_string\"}}],\"inLanguage\":\"sv-SE\"},{\"@type\":\"Organization\",\"@id\":\"https:\/\/rst-steel.com\/#organization\",\"name\":\"RST-Steel Oy\",\"alternateName\":\"RST-Steel Oy - Turvallista, tyylik\u00e4st\u00e4, ter\u00e4st\u00e4\",\"url\":\"https:\/\/rst-steel.com\/\",\"logo\":{\"@type\":\"ImageObject\",\"inLanguage\":\"sv-SE\",\"@id\":\"https:\/\/rst-steel.com\/#\/schema\/logo\/image\/\",\"url\":\"https:\/\/rst-steel.com\/wp-content\/uploads\/2025\/02\/cropped-rst-valkoinen-ilman-taustaa-02.png\",\"contentUrl\":\"https:\/\/rst-steel.com\/wp-content\/uploads\/2025\/02\/cropped-rst-valkoinen-ilman-taustaa-02.png\",\"width\":2319,\"height\":690,\"caption\":\"RST-Steel Oy\"},\"image\":{\"@id\":\"https:\/\/rst-steel.com\/#\/schema\/logo\/image\/\"}}]}<\/script>\n<!-- \/ Yoast SEO plugin. -->","yoast_head_json":{"title":"Front Spoiler Bar DAF XD 22- RST-Steel","description":"Front Spoiler Bar DAF XD 22- models. RST-Steel\u2019s front spoiler bars are high-quality products made of stainless steel. Check the products and order now!","robots":{"index":"index","follow":"follow","max-snippet":"max-snippet:-1","max-image-preview":"max-image-preview:large","max-video-preview":"max-video-preview:-1"},"canonical":"https:\/\/rst-steel.com\/sv\/produkt-kategori\/front-spoiler-bars\/front-spoiler-bars-for-trucks\/daf-front-spoiler-bars\/front-spoiler-bar-daf-xd-22\/","og_locale":"sv_SE","og_type":"article","og_title":"Front Spoiler Bar DAF XD 22- RST-Steel","og_description":"Front Spoiler Bar DAF XD 22- models. RST-Steel\u2019s front spoiler bars are high-quality products made of stainless steel. Check the products and order now!","og_url":"https:\/\/rst-steel.com\/sv\/produkt-kategori\/front-spoiler-bars\/front-spoiler-bars-for-trucks\/daf-front-spoiler-bars\/front-spoiler-bar-daf-xd-22\/","og_site_name":"RST-Steel","article_modified_time":"2026-04-10T07:17:24+00:00","og_image":[{"width":1200,"height":1426,"url":"https:\/\/rst-steel.com\/wp-content\/uploads\/2026\/03\/d60e13f6c509e110fdc9c80dd99d8a649fc762b1_d2764995884a26a39503e8615e74f818.jpg","type":"image\/jpeg"}],"twitter_card":"summary_large_image","twitter_misc":{"Ber\u00e4knad l\u00e4stid":"1 minut"},"schema":{"@context":"https:\/\/schema.org","@graph":[{"@type":"WebPage","@id":"https:\/\/rst-steel.com\/product-category\/front-spoiler-bars\/front-spoiler-bars-for-trucks\/daf-front-spoiler-bars\/front-spoiler-bar-daf-xd-22\/","url":"https:\/\/rst-steel.com\/product-category\/front-spoiler-bars\/front-spoiler-bars-for-trucks\/daf-front-spoiler-bars\/front-spoiler-bar-daf-xd-22\/","name":"Front Spoiler Bar DAF XD 22- RST-Steel","isPartOf":{"@id":"https:\/\/rst-steel.com\/#website"},"primaryImageOfPage":{"@id":"https:\/\/rst-steel.com\/product-category\/front-spoiler-bars\/front-spoiler-bars-for-trucks\/daf-front-spoiler-bars\/front-spoiler-bar-daf-xd-22\/#primaryimage"},"image":{"@id":"https:\/\/rst-steel.com\/product-category\/front-spoiler-bars\/front-spoiler-bars-for-trucks\/daf-front-spoiler-bars\/front-spoiler-bar-daf-xd-22\/#primaryimage"},"thumbnailUrl":"https:\/\/rst-steel.com\/wp-content\/uploads\/2026\/03\/d60e13f6c509e110fdc9c80dd99d8a649fc762b1_d2764995884a26a39503e8615e74f818.jpg","datePublished":"2026-03-20T09:03:20+00:00","dateModified":"2026-04-10T07:17:24+00:00","description":"Front Spoiler Bar DAF XD 22- models. RST-Steel\u2019s front spoiler bars are high-quality products made of stainless steel. Check the products and order now!","breadcrumb":{"@id":"https:\/\/rst-steel.com\/product-category\/front-spoiler-bars\/front-spoiler-bars-for-trucks\/daf-front-spoiler-bars\/front-spoiler-bar-daf-xd-22\/#breadcrumb"},"inLanguage":"sv-SE","potentialAction":[{"@type":"ReadAction","target":["https:\/\/rst-steel.com\/product-category\/front-spoiler-bars\/front-spoiler-bars-for-trucks\/daf-front-spoiler-bars\/front-spoiler-bar-daf-xd-22\/"]}]},{"@type":"ImageObject","inLanguage":"sv-SE","@id":"https:\/\/rst-steel.com\/product-category\/front-spoiler-bars\/front-spoiler-bars-for-trucks\/daf-front-spoiler-bars\/front-spoiler-bar-daf-xd-22\/#primaryimage","url":"https:\/\/rst-steel.com\/wp-content\/uploads\/2026\/03\/d60e13f6c509e110fdc9c80dd99d8a649fc762b1_d2764995884a26a39503e8615e74f818.jpg","contentUrl":"https:\/\/rst-steel.com\/wp-content\/uploads\/2026\/03\/d60e13f6c509e110fdc9c80dd99d8a649fc762b1_d2764995884a26a39503e8615e74f818.jpg","width":1200,"height":1426,"caption":"prm_70933"},{"@type":"BreadcrumbList","@id":"https:\/\/rst-steel.com\/product-category\/front-spoiler-bars\/front-spoiler-bars-for-trucks\/daf-front-spoiler-bars\/front-spoiler-bar-daf-xd-22\/#breadcrumb","itemListElement":[{"@type":"ListItem","position":1,"name":"Home","item":"https:\/\/rst-steel.com\/"},{"@type":"ListItem","position":2,"name":"RST-Steel Verkkokauppa","item":"https:\/\/rst-steel.com\/shop\/"},{"@type":"ListItem","position":3,"name":"Front Spoiler Bar DAF XD 22-"}]},{"@type":"WebSite","@id":"https:\/\/rst-steel.com\/#website","url":"https:\/\/rst-steel.com\/","name":"RST-Steel Oy - Turvallista, tyylik\u00e4st\u00e4, ter\u00e4st\u00e4","description":"Finsk kvalitet f\u00f6r kvalitetsmedvetna f\u00f6rare","publisher":{"@id":"https:\/\/rst-steel.com\/#organization"},"potentialAction":[{"@type":"SearchAction","target":{"@type":"EntryPoint","urlTemplate":"https:\/\/rst-steel.com\/?s={search_term_string}"},"query-input":{"@type":"PropertyValueSpecification","valueRequired":true,"valueName":"search_term_string"}}],"inLanguage":"sv-SE"},{"@type":"Organization","@id":"https:\/\/rst-steel.com\/#organization","name":"Hantera alternativ","alternateName":"RST-Steel Oy - Turvallista, tyylik\u00e4st\u00e4, ter\u00e4st\u00e4","url":"https:\/\/rst-steel.com\/","logo":{"@type":"ImageObject","inLanguage":"sv-SE","@id":"https:\/\/rst-steel.com\/#\/schema\/logo\/image\/","url":"https:\/\/rst-steel.com\/wp-content\/uploads\/2025\/02\/cropped-rst-valkoinen-ilman-taustaa-02.png","contentUrl":"https:\/\/rst-steel.com\/wp-content\/uploads\/2025\/02\/cropped-rst-valkoinen-ilman-taustaa-02.png","width":2319,"height":690,"caption":"RST-Steel Oy"},"image":{"@id":"https:\/\/rst-steel.com\/#\/schema\/logo\/image\/"}}]}},"_links":{"self":[{"href":"https:\/\/rst-steel.com\/sv\/wp-json\/wp\/v2\/product\/193631","targetHints":{"allow":["GET"]}}],"collection":[{"href":"https:\/\/rst-steel.com\/sv\/wp-json\/wp\/v2\/product"}],"about":[{"href":"https:\/\/rst-steel.com\/sv\/wp-json\/wp\/v2\/types\/product"}],"version-history":[{"count":0,"href":"https:\/\/rst-steel.com\/sv\/wp-json\/wp\/v2\/product\/193631\/revisions"}],"wp:featuredmedia":[{"embeddable":true,"href":"https:\/\/rst-steel.com\/sv\/wp-json\/wp\/v2\/media\/193629"}],"wp:attachment":[{"href":"https:\/\/rst-steel.com\/sv\/wp-json\/wp\/v2\/media?parent=193631"}],"wp:term":[{"taxonomy":"make_year","embeddable":true,"href":"https:\/\/rst-steel.com\/sv\/wp-json\/wp\/v2\/make_year?post=193631"},{"taxonomy":"make_brand","embeddable":true,"href":"https:\/\/rst-steel.com\/sv\/wp-json\/wp\/v2\/make_brand?post=193631"},{"taxonomy":"make_model","embeddable":true,"href":"https:\/\/rst-steel.com\/sv\/wp-json\/wp\/v2\/make_model?post=193631"},{"taxonomy":"make_fuel_type","embeddable":true,"href":"https:\/\/rst-steel.com\/sv\/wp-json\/wp\/v2\/make_fuel_type?post=193631"},{"taxonomy":"product_brand","embeddable":true,"href":"https:\/\/rst-steel.com\/sv\/wp-json\/wp\/v2\/product_brand?post=193631"},{"taxonomy":"product_cat","embeddable":true,"href":"https:\/\/rst-steel.com\/sv\/wp-json\/wp\/v2\/product_cat?post=193631"},{"taxonomy":"product_tag","embeddable":true,"href":"https:\/\/rst-steel.com\/sv\/wp-json\/wp\/v2\/product_tag?post=193631"}],"curies":[{"name":"wp","href":"https:\/\/api.w.org\/{rel}","templated":true}]}}