{"id":193688,"date":"2026-03-20T11:04:28","date_gmt":"2026-03-20T09:04:28","guid":{"rendered":"https:\/\/rst-steel.com\/tuote-osasto\/Ei-luokiteltu\/rear-bar-jcb-419-2018\/"},"modified":"2026-04-10T10:16:57","modified_gmt":"2026-04-10T07:16:57","slug":"rear-bar-jcb-419-2018","status":"publish","type":"product","link":"https:\/\/rst-steel.com\/sv\/produkt-kategori\/light-bars\/rear-bars-for-excavators\/jcb-rear-bars\/rear-bar-jcb-419-2018\/","title":{"rendered":"Rear Bar JCB 419 2018-"},"content":{"rendered":"<p data-start=\"0\" data-end=\"31\"><strong data-start=\"0\" data-end=\"29\">Rear Bar JCB 419 2018\u2013<\/strong><\/p>\n<p data-start=\"33\" data-end=\"138\">RST-Steel rear bars are premium-quality Key Flag products manufactured in Finland from stainless steel.<\/p>\n<p data-start=\"140\" data-end=\"349\">This rear bar is a stylish accessory that allows you to mount additional lights easily and securely. It can also be equipped with marker lights, further improving visibility both in traffic and on job sites.<\/p>\n<ul>\n<li><\/li>\n<\/ul>\n<p data-start=\"351\" data-end=\"378\"><strong data-start=\"351\" data-end=\"376\">Why Choose RST-Steel?<\/strong><\/p>\n<ul>\n<li><strong data-start=\"380\" data-end=\"396\">Reliability:<\/strong> Years of experience and expertise guarantee the high quality and durability of our products.<\/li>\n<li><strong data-start=\"492\" data-end=\"518\">Customer Satisfaction:<\/strong> Thousands of satisfied customers around the world trust RST-Steel products.<\/li>\n<li><\/li>\n<\/ul>\n<p data-start=\"598\" data-end=\"629\"><strong data-start=\"598\" data-end=\"627\">Tekniska specifikationer<\/strong><\/p>\n<ul>\n<li>Color: Polished stainless steel or powder-coated in standard RAL colors<\/li>\n<li>\nTube diameter: 60 mm<\/li>\n<li><\/li>\n<\/ul>\n<p data-start=\"729\" data-end=\"752\"><strong data-start=\"729\" data-end=\"750\">Package Includes:<\/strong><\/p>\n<\/p>\n<ul>\n<li>Rear bar<\/li>\n<li>\nRequired mounting brackets<\/li>\n<li>\nInstallation instructions<\/li>\n<\/ul>","protected":false},"excerpt":{"rendered":"<p>Rear Bar JCB 419 2018\u2013 RST-Steel rear bars are premium-quality Key Flag products manufactured in Finland from stainless steel. This&#8230;<\/p>","protected":false},"featured_media":193685,"template":"","meta":{"_improvement_type_select":"improve_an_existing","_thumb_yes_seoaic":false,"_frame_yes_seoaic":false,"seoaic_generate_description":"","seoaic_improve_instructions_prompt":"","seoaic_rollback_content_improvement":"","seoaic_idea_thumbnail_generator":"","thumbnail_generated":false,"thumbnail_generate_prompt":"","seoaic_article_description":""},"make_year":[10909],"make_brand":[],"make_model":[],"make_fuel_type":[],"product_brand":[9443],"product_cat":[10590,10566,10508],"product_tag":[],"class_list":{"0":"post-193688","1":"product","2":"type-product","3":"status-publish","4":"has-post-thumbnail","6":"make_year-workmachines","7":"product_brand-brand_rststeel","8":"product_cat-rear-bars-for-wheel-loaders","9":"product_cat-jcb-rear-bars","10":"product_cat-light-bars","11":"product_shipping_class-lightbars","13":"first","14":"onbackorder","15":"taxable","16":"shipping-taxable","17":"purchasable","18":"product-type-variable"},"yoast_head":"<!-- This site is optimized with the Yoast SEO plugin v27.1.1 - https:\/\/yoast.com\/product\/yoast-seo-wordpress\/ -->\n<title>Rear Bar JCB 419 2018- RST-Steel<\/title>\n<meta name=\"description\" content=\"Hoodbar for JCB 419 2018-. Durable stainless steel, stylish design, includes light mounts, enhances visibility and safety on job sites.\" \/>\n<meta name=\"robots\" content=\"index, follow, max-snippet:-1, max-image-preview:large, max-video-preview:-1\" \/>\n<link rel=\"canonical\" href=\"https:\/\/rst-steel.com\/sv\/produkt-kategori\/light-bars\/rear-bars-for-excavators\/jcb-rear-bars\/rear-bar-jcb-419-2018\/\" \/>\n<meta property=\"og:locale\" content=\"sv_SE\" \/>\n<meta property=\"og:type\" content=\"article\" \/>\n<meta property=\"og:title\" content=\"Rear Bar JCB 419 2018- RST-Steel\" \/>\n<meta property=\"og:description\" content=\"Hoodbar for JCB 419 2018-. Durable stainless steel, stylish design, includes light mounts, enhances visibility and safety on job sites.\" \/>\n<meta property=\"og:url\" content=\"https:\/\/rst-steel.com\/sv\/produkt-kategori\/light-bars\/rear-bars-for-excavators\/jcb-rear-bars\/rear-bar-jcb-419-2018\/\" \/>\n<meta property=\"og:site_name\" content=\"RST-Steel\" \/>\n<meta property=\"article:modified_time\" content=\"2026-04-10T07:16:57+00:00\" \/>\n<meta property=\"og:image\" content=\"https:\/\/rst-steel.com\/wp-content\/uploads\/2026\/03\/5bb9395c1404dc358b2d3d918ee2fb403ccc62bd_8604279452b886668212cea7f9c403cb70f83a8f_36838__1_.png\" \/>\n\t<meta property=\"og:image:width\" content=\"1920\" \/>\n\t<meta property=\"og:image:height\" content=\"1080\" \/>\n\t<meta property=\"og:image:type\" content=\"image\/png\" \/>\n<meta name=\"twitter:card\" content=\"summary_large_image\" \/>\n<meta name=\"twitter:label1\" content=\"Ber\u00e4knad l\u00e4stid\" \/>\n\t<meta name=\"twitter:data1\" content=\"1 minut\" \/>\n<script type=\"application\/ld+json\" class=\"yoast-schema-graph\">{\"@context\":\"https:\/\/schema.org\",\"@graph\":[{\"@type\":\"WebPage\",\"@id\":\"https:\/\/rst-steel.com\/product-category\/light-bars\/rear-bars-for-excavators\/jcb-rear-bars\/rear-bar-jcb-419-2018\/\",\"url\":\"https:\/\/rst-steel.com\/product-category\/light-bars\/rear-bars-for-excavators\/jcb-rear-bars\/rear-bar-jcb-419-2018\/\",\"name\":\"Rear Bar JCB 419 2018- RST-Steel\",\"isPartOf\":{\"@id\":\"https:\/\/rst-steel.com\/#website\"},\"primaryImageOfPage\":{\"@id\":\"https:\/\/rst-steel.com\/product-category\/light-bars\/rear-bars-for-excavators\/jcb-rear-bars\/rear-bar-jcb-419-2018\/#primaryimage\"},\"image\":{\"@id\":\"https:\/\/rst-steel.com\/product-category\/light-bars\/rear-bars-for-excavators\/jcb-rear-bars\/rear-bar-jcb-419-2018\/#primaryimage\"},\"thumbnailUrl\":\"https:\/\/rst-steel.com\/wp-content\/uploads\/2026\/03\/5bb9395c1404dc358b2d3d918ee2fb403ccc62bd_8604279452b886668212cea7f9c403cb70f83a8f_36838__1_.png\",\"datePublished\":\"2026-03-20T09:04:28+00:00\",\"dateModified\":\"2026-04-10T07:16:57+00:00\",\"description\":\"Hoodbar for JCB 419 2018-. Durable stainless steel, stylish design, includes light mounts, enhances visibility and safety on job sites.\",\"breadcrumb\":{\"@id\":\"https:\/\/rst-steel.com\/product-category\/light-bars\/rear-bars-for-excavators\/jcb-rear-bars\/rear-bar-jcb-419-2018\/#breadcrumb\"},\"inLanguage\":\"sv-SE\",\"potentialAction\":[{\"@type\":\"ReadAction\",\"target\":[\"https:\/\/rst-steel.com\/product-category\/light-bars\/rear-bars-for-excavators\/jcb-rear-bars\/rear-bar-jcb-419-2018\/\"]}]},{\"@type\":\"ImageObject\",\"inLanguage\":\"sv-SE\",\"@id\":\"https:\/\/rst-steel.com\/product-category\/light-bars\/rear-bars-for-excavators\/jcb-rear-bars\/rear-bar-jcb-419-2018\/#primaryimage\",\"url\":\"https:\/\/rst-steel.com\/wp-content\/uploads\/2026\/03\/5bb9395c1404dc358b2d3d918ee2fb403ccc62bd_8604279452b886668212cea7f9c403cb70f83a8f_36838__1_.png\",\"contentUrl\":\"https:\/\/rst-steel.com\/wp-content\/uploads\/2026\/03\/5bb9395c1404dc358b2d3d918ee2fb403ccc62bd_8604279452b886668212cea7f9c403cb70f83a8f_36838__1_.png\",\"width\":1920,\"height\":1080,\"caption\":\"prm_71292\"},{\"@type\":\"BreadcrumbList\",\"@id\":\"https:\/\/rst-steel.com\/product-category\/light-bars\/rear-bars-for-excavators\/jcb-rear-bars\/rear-bar-jcb-419-2018\/#breadcrumb\",\"itemListElement\":[{\"@type\":\"ListItem\",\"position\":1,\"name\":\"Home\",\"item\":\"https:\/\/rst-steel.com\/\"},{\"@type\":\"ListItem\",\"position\":2,\"name\":\"RST-Steel Verkkokauppa\",\"item\":\"https:\/\/rst-steel.com\/shop\/\"},{\"@type\":\"ListItem\",\"position\":3,\"name\":\"Rear Bar JCB 419 2018-\"}]},{\"@type\":\"WebSite\",\"@id\":\"https:\/\/rst-steel.com\/#website\",\"url\":\"https:\/\/rst-steel.com\/\",\"name\":\"RST-Steel Oy - Turvallista, tyylik\u00e4st\u00e4, ter\u00e4st\u00e4\",\"description\":\"Finnish quality for discerning drivers\",\"publisher\":{\"@id\":\"https:\/\/rst-steel.com\/#organization\"},\"potentialAction\":[{\"@type\":\"SearchAction\",\"target\":{\"@type\":\"EntryPoint\",\"urlTemplate\":\"https:\/\/rst-steel.com\/?s={search_term_string}\"},\"query-input\":{\"@type\":\"PropertyValueSpecification\",\"valueRequired\":true,\"valueName\":\"search_term_string\"}}],\"inLanguage\":\"sv-SE\"},{\"@type\":\"Organization\",\"@id\":\"https:\/\/rst-steel.com\/#organization\",\"name\":\"RST-Steel Oy\",\"alternateName\":\"RST-Steel Oy - Turvallista, tyylik\u00e4st\u00e4, ter\u00e4st\u00e4\",\"url\":\"https:\/\/rst-steel.com\/\",\"logo\":{\"@type\":\"ImageObject\",\"inLanguage\":\"sv-SE\",\"@id\":\"https:\/\/rst-steel.com\/#\/schema\/logo\/image\/\",\"url\":\"https:\/\/rst-steel.com\/wp-content\/uploads\/2025\/02\/cropped-rst-valkoinen-ilman-taustaa-02.png\",\"contentUrl\":\"https:\/\/rst-steel.com\/wp-content\/uploads\/2025\/02\/cropped-rst-valkoinen-ilman-taustaa-02.png\",\"width\":2319,\"height\":690,\"caption\":\"RST-Steel Oy\"},\"image\":{\"@id\":\"https:\/\/rst-steel.com\/#\/schema\/logo\/image\/\"}}]}<\/script>\n<!-- \/ Yoast SEO plugin. -->","yoast_head_json":{"title":"Rear Bar JCB 419 2018- RST-Steel","description":"Hoodbar for JCB 419 2018-. Durable stainless steel, stylish design, includes light mounts, enhances visibility and safety on job sites.","robots":{"index":"index","follow":"follow","max-snippet":"max-snippet:-1","max-image-preview":"max-image-preview:large","max-video-preview":"max-video-preview:-1"},"canonical":"https:\/\/rst-steel.com\/sv\/produkt-kategori\/light-bars\/rear-bars-for-excavators\/jcb-rear-bars\/rear-bar-jcb-419-2018\/","og_locale":"sv_SE","og_type":"article","og_title":"Rear Bar JCB 419 2018- RST-Steel","og_description":"Hoodbar for JCB 419 2018-. Durable stainless steel, stylish design, includes light mounts, enhances visibility and safety on job sites.","og_url":"https:\/\/rst-steel.com\/sv\/produkt-kategori\/light-bars\/rear-bars-for-excavators\/jcb-rear-bars\/rear-bar-jcb-419-2018\/","og_site_name":"RST-Steel","article_modified_time":"2026-04-10T07:16:57+00:00","og_image":[{"width":1920,"height":1080,"url":"https:\/\/rst-steel.com\/wp-content\/uploads\/2026\/03\/5bb9395c1404dc358b2d3d918ee2fb403ccc62bd_8604279452b886668212cea7f9c403cb70f83a8f_36838__1_.png","type":"image\/png"}],"twitter_card":"summary_large_image","twitter_misc":{"Ber\u00e4knad l\u00e4stid":"1 minut"},"schema":{"@context":"https:\/\/schema.org","@graph":[{"@type":"WebPage","@id":"https:\/\/rst-steel.com\/product-category\/light-bars\/rear-bars-for-excavators\/jcb-rear-bars\/rear-bar-jcb-419-2018\/","url":"https:\/\/rst-steel.com\/product-category\/light-bars\/rear-bars-for-excavators\/jcb-rear-bars\/rear-bar-jcb-419-2018\/","name":"Rear Bar JCB 419 2018- RST-Steel","isPartOf":{"@id":"https:\/\/rst-steel.com\/#website"},"primaryImageOfPage":{"@id":"https:\/\/rst-steel.com\/product-category\/light-bars\/rear-bars-for-excavators\/jcb-rear-bars\/rear-bar-jcb-419-2018\/#primaryimage"},"image":{"@id":"https:\/\/rst-steel.com\/product-category\/light-bars\/rear-bars-for-excavators\/jcb-rear-bars\/rear-bar-jcb-419-2018\/#primaryimage"},"thumbnailUrl":"https:\/\/rst-steel.com\/wp-content\/uploads\/2026\/03\/5bb9395c1404dc358b2d3d918ee2fb403ccc62bd_8604279452b886668212cea7f9c403cb70f83a8f_36838__1_.png","datePublished":"2026-03-20T09:04:28+00:00","dateModified":"2026-04-10T07:16:57+00:00","description":"Hoodbar for JCB 419 2018-. Durable stainless steel, stylish design, includes light mounts, enhances visibility and safety on job sites.","breadcrumb":{"@id":"https:\/\/rst-steel.com\/product-category\/light-bars\/rear-bars-for-excavators\/jcb-rear-bars\/rear-bar-jcb-419-2018\/#breadcrumb"},"inLanguage":"sv-SE","potentialAction":[{"@type":"ReadAction","target":["https:\/\/rst-steel.com\/product-category\/light-bars\/rear-bars-for-excavators\/jcb-rear-bars\/rear-bar-jcb-419-2018\/"]}]},{"@type":"ImageObject","inLanguage":"sv-SE","@id":"https:\/\/rst-steel.com\/product-category\/light-bars\/rear-bars-for-excavators\/jcb-rear-bars\/rear-bar-jcb-419-2018\/#primaryimage","url":"https:\/\/rst-steel.com\/wp-content\/uploads\/2026\/03\/5bb9395c1404dc358b2d3d918ee2fb403ccc62bd_8604279452b886668212cea7f9c403cb70f83a8f_36838__1_.png","contentUrl":"https:\/\/rst-steel.com\/wp-content\/uploads\/2026\/03\/5bb9395c1404dc358b2d3d918ee2fb403ccc62bd_8604279452b886668212cea7f9c403cb70f83a8f_36838__1_.png","width":1920,"height":1080,"caption":"prm_71292"},{"@type":"BreadcrumbList","@id":"https:\/\/rst-steel.com\/product-category\/light-bars\/rear-bars-for-excavators\/jcb-rear-bars\/rear-bar-jcb-419-2018\/#breadcrumb","itemListElement":[{"@type":"ListItem","position":1,"name":"Home","item":"https:\/\/rst-steel.com\/"},{"@type":"ListItem","position":2,"name":"RST-Steel Verkkokauppa","item":"https:\/\/rst-steel.com\/shop\/"},{"@type":"ListItem","position":3,"name":"Rear Bar JCB 419 2018-"}]},{"@type":"WebSite","@id":"https:\/\/rst-steel.com\/#website","url":"https:\/\/rst-steel.com\/","name":"RST-Steel Oy - Turvallista, tyylik\u00e4st\u00e4, ter\u00e4st\u00e4","description":"Finsk kvalitet f\u00f6r kvalitetsmedvetna f\u00f6rare","publisher":{"@id":"https:\/\/rst-steel.com\/#organization"},"potentialAction":[{"@type":"SearchAction","target":{"@type":"EntryPoint","urlTemplate":"https:\/\/rst-steel.com\/?s={search_term_string}"},"query-input":{"@type":"PropertyValueSpecification","valueRequired":true,"valueName":"search_term_string"}}],"inLanguage":"sv-SE"},{"@type":"Organization","@id":"https:\/\/rst-steel.com\/#organization","name":"Hantera alternativ","alternateName":"RST-Steel Oy - Turvallista, tyylik\u00e4st\u00e4, ter\u00e4st\u00e4","url":"https:\/\/rst-steel.com\/","logo":{"@type":"ImageObject","inLanguage":"sv-SE","@id":"https:\/\/rst-steel.com\/#\/schema\/logo\/image\/","url":"https:\/\/rst-steel.com\/wp-content\/uploads\/2025\/02\/cropped-rst-valkoinen-ilman-taustaa-02.png","contentUrl":"https:\/\/rst-steel.com\/wp-content\/uploads\/2025\/02\/cropped-rst-valkoinen-ilman-taustaa-02.png","width":2319,"height":690,"caption":"RST-Steel Oy"},"image":{"@id":"https:\/\/rst-steel.com\/#\/schema\/logo\/image\/"}}]}},"_links":{"self":[{"href":"https:\/\/rst-steel.com\/sv\/wp-json\/wp\/v2\/product\/193688","targetHints":{"allow":["GET"]}}],"collection":[{"href":"https:\/\/rst-steel.com\/sv\/wp-json\/wp\/v2\/product"}],"about":[{"href":"https:\/\/rst-steel.com\/sv\/wp-json\/wp\/v2\/types\/product"}],"version-history":[{"count":0,"href":"https:\/\/rst-steel.com\/sv\/wp-json\/wp\/v2\/product\/193688\/revisions"}],"wp:featuredmedia":[{"embeddable":true,"href":"https:\/\/rst-steel.com\/sv\/wp-json\/wp\/v2\/media\/193685"}],"wp:attachment":[{"href":"https:\/\/rst-steel.com\/sv\/wp-json\/wp\/v2\/media?parent=193688"}],"wp:term":[{"taxonomy":"make_year","embeddable":true,"href":"https:\/\/rst-steel.com\/sv\/wp-json\/wp\/v2\/make_year?post=193688"},{"taxonomy":"make_brand","embeddable":true,"href":"https:\/\/rst-steel.com\/sv\/wp-json\/wp\/v2\/make_brand?post=193688"},{"taxonomy":"make_model","embeddable":true,"href":"https:\/\/rst-steel.com\/sv\/wp-json\/wp\/v2\/make_model?post=193688"},{"taxonomy":"make_fuel_type","embeddable":true,"href":"https:\/\/rst-steel.com\/sv\/wp-json\/wp\/v2\/make_fuel_type?post=193688"},{"taxonomy":"product_brand","embeddable":true,"href":"https:\/\/rst-steel.com\/sv\/wp-json\/wp\/v2\/product_brand?post=193688"},{"taxonomy":"product_cat","embeddable":true,"href":"https:\/\/rst-steel.com\/sv\/wp-json\/wp\/v2\/product_cat?post=193688"},{"taxonomy":"product_tag","embeddable":true,"href":"https:\/\/rst-steel.com\/sv\/wp-json\/wp\/v2\/product_tag?post=193688"}],"curies":[{"name":"wp","href":"https:\/\/api.w.org\/{rel}","templated":true}]}}