{"id":194188,"date":"2026-03-20T11:13:29","date_gmt":"2026-03-20T09:13:29","guid":{"rendered":"https:\/\/rst-steel.com\/tuote-osasto\/Ei-luokiteltu\/front-spoiler-bar-lowline-v21-scania-nextgen\/"},"modified":"2026-04-28T15:50:10","modified_gmt":"2026-04-28T12:50:10","slug":"front-spoiler-bar-lowline-v21-scania-nextgen","status":"publish","type":"product","link":"https:\/\/rst-steel.com\/sv\/produkt-kategori\/front-spoiler-bars\/front-spoiler-bars-for-trucks\/scania-front-spoiler-bars\/front-spoiler-bar-lowline-v21-scania-nextgen\/","title":{"rendered":"Front Spoiler Bar Lowline V21 Scania NextGen"},"content":{"rendered":"<p><b><span lang=\"EN-US\">RST-Steel\u2019s front spoiler bars<\/span><\/b><span lang=\"EN-US\">\u00a0are\u00a0<b>Tillverkade i Finland: Garanterad finsk kvalitet.<\/b>, crafted from high-quality stainless steel, and proudly representing Finnish quality and craftsmanship.<\/span><\/p>\n<p class=\"MsoNormal\"><span lang=\"EN-US\">Lowline sront spoiler bar is a stylish accessory to protect the front bumper of your car. Hitting curbs, speed bumps or snow clods on the road can cause damage to the front of the car.\u00a0<\/span>Repairing the damage can be expensive and time-consuming. By preparing for these dangers, the journey continues with a safe mind and the business is secured in these respects.<\/p>\n<p class=\"MsoNormal\"><span lang=\"EN-US\">This front spoiler bar feature a 60 mm diameter, combined with a hand-finished design, ensuring durability for years rather than just a single season.<\/span><\/p>\n<p class=\"MsoNormal\"><span lang=\"EN-US\">Included with the product is a stainless steel mounting kit specifically for your car, along with straightforward installation instructions.<\/span><\/p>\n<p class=\"MsoNormal\"><span style=\"font-weight: bold;\">Quick and easy installation!<br \/>\n<\/span><\/p>\n<p><span style=\"font-weight: bold;\">Features:<\/span><\/p>\n<ul>\n<li>Compatibility: Fits Scania NextGen 2017- models with a small bumper.<\/li>\n<li>Durability: Made from high-quality stainless steel, capable of withstanding the toughest conditions.<\/li>\n<li>Easy Installation: Includes installation instructions and necessary hardware, ensuring you can install the front spoiler bars yourself.<\/li>\n<li>Stylish Appearance: This front spoiler bar gives your truck a modern and dynamic look. Its sleek design and polished or powdercoated steel finish make your truck stand out and look impressive.<\/li>\n<li>Maximum Protection: Protects the front bumper from dents, scratches, and other damage, extending the lifespan of your vehicle.<\/li>\n<\/ul>\n<p class=\"MsoNormal\"><b>Why Choose RST-Steel?<\/b><\/p>\n<ul style=\"margin-top: 0cm;\" type=\"disc\">\n<li class=\"MsoNormal\"><b><span lang=\"EN-US\">Tillverkade i Finland: Garanterad finsk kvalitet.<\/span><\/b><span lang=\"EN-US\">:\u00a0All RST-Steel products are manufactured in our own factory in Nivala, Finland.<\/span><\/li>\n<li class=\"MsoNormal\"><b><span lang=\"EN-US\">Reliability<\/span><\/b><span lang=\"EN-US\">: Years of experience and expertise ensure the high quality and durability of our products.<\/span><\/li>\n<li class=\"MsoNormal\"><b><span lang=\"EN-US\">Customer Satisfaction<\/span><\/b><span lang=\"EN-US\">: Thousands of satisfied customers worldwide trust RST-Steel products.<\/span><\/li>\n<\/ul>\n<p><span style=\"font-weight: bold;\">Tekniska specifikationer<\/span><\/p>\n<ul>\n<li>Color: Mirror-polished stainless steel or Powdercoated with RAL colors<\/li>\n<li>Pipe Diameter: 60 mm<\/li>\n<li>Easy Installation<\/li>\n<\/ul>\n<p><span style=\"font-weight: bold;\">Delivery Contents:<\/span><\/p>\n<ul>\n<li>Front Spoiler Bar<\/li>\n<li>Fasteners required for installation<\/li>\n<li>Installation instructions<\/li>\n<\/ul>","protected":false},"excerpt":{"rendered":"<p>RST-Steel\u2019s front spoiler bars\u00a0are\u00a0Made in Finland, crafted from high-quality stainless steel, and proudly representing Finnish quality and craftsmanship. Lowline sront&#8230;<\/p>","protected":false},"featured_media":202101,"template":"","meta":[],"make_year":[10907],"make_brand":[10935],"make_model":[10991],"make_fuel_type":[],"product_brand":[9443],"product_cat":[10784,10825,10826],"product_tag":[],"class_list":{"0":"post-194188","1":"product","2":"type-product","3":"status-publish","4":"has-post-thumbnail","6":"make_year-trucks","7":"make_brand-scania","8":"make_model-nextgen-g-2017","9":"make_engine-scng-paivaohjaamo-matala-cr17l","10":"make_engine-scng-paivaohjaamo-normaali-cr17n","11":"make_engine-scng-makuuohjaamo-highline-cr20h","12":"make_engine-scng-makuuohjaamo-highline-cs20h","13":"make_engine-scng-makuuohjaamo-matala-cr20l","14":"make_engine-scng-makuuohjaamo-normaali-cr20n","15":"make_engine-scng-makuuohjaamo-normaali-cs20n","16":"product_brand-brand_rststeel","17":"product_cat-front-spoiler-bars","18":"product_cat-front-spoiler-bars-for-trucks","19":"product_cat-scania-front-spoiler-bars","20":"product_shipping_class-erikoispitka","22":"first","23":"instock","24":"taxable","25":"shipping-taxable","26":"purchasable","27":"product-type-variable"},"yoast_head":"<!-- This site is optimized with the Yoast SEO plugin v27.1.1 - https:\/\/yoast.com\/product\/yoast-seo-wordpress\/ -->\n<title>Front Spoiler Bar Lowline V21 Scania NextGen - RST-Steel<\/title>\n<meta name=\"description\" content=\"3-Part Front Spoiler Bar for Scania NextGen 2017- with small bumper. Durable protective design enhancing style and offering extra safety for the front.\" \/>\n<meta name=\"robots\" content=\"index, follow, max-snippet:-1, max-image-preview:large, max-video-preview:-1\" \/>\n<link rel=\"canonical\" href=\"https:\/\/rst-steel.com\/sv\/produkt-kategori\/front-spoiler-bars\/front-spoiler-bars-for-trucks\/scania-front-spoiler-bars\/front-spoiler-bar-lowline-v21-scania-nextgen\/\" \/>\n<meta property=\"og:locale\" content=\"sv_SE\" \/>\n<meta property=\"og:type\" content=\"article\" \/>\n<meta property=\"og:title\" content=\"Front Spoiler Bar Lowline V21 Scania NextGen - RST-Steel\" \/>\n<meta property=\"og:description\" content=\"3-Part Front Spoiler Bar for Scania NextGen 2017- with small bumper. Durable protective design enhancing style and offering extra safety for the front.\" \/>\n<meta property=\"og:url\" content=\"https:\/\/rst-steel.com\/sv\/produkt-kategori\/front-spoiler-bars\/front-spoiler-bars-for-trucks\/scania-front-spoiler-bars\/front-spoiler-bar-lowline-v21-scania-nextgen\/\" \/>\n<meta property=\"og:site_name\" content=\"RST-Steel\" \/>\n<meta property=\"article:modified_time\" content=\"2026-04-28T12:50:10+00:00\" \/>\n<meta property=\"og:image\" content=\"https:\/\/rst-steel.com\/wp-content\/uploads\/2026\/03\/e990b9425fdccd950314054fb5231926.jpg\" \/>\n\t<meta property=\"og:image:width\" content=\"1500\" \/>\n\t<meta property=\"og:image:height\" content=\"2000\" \/>\n\t<meta property=\"og:image:type\" content=\"image\/jpeg\" \/>\n<meta name=\"twitter:card\" content=\"summary_large_image\" \/>\n<meta name=\"twitter:label1\" content=\"Ber\u00e4knad l\u00e4stid\" \/>\n\t<meta name=\"twitter:data1\" content=\"2 minuter\" \/>\n<script type=\"application\/ld+json\" class=\"yoast-schema-graph\">{\"@context\":\"https:\/\/schema.org\",\"@graph\":[{\"@type\":\"WebPage\",\"@id\":\"https:\/\/rst-steel.com\/product-category\/front-spoiler-bars\/front-spoiler-bars-for-trucks\/scania-front-spoiler-bars\/front-spoiler-bar-lowline-v21-scania-nextgen\/\",\"url\":\"https:\/\/rst-steel.com\/product-category\/front-spoiler-bars\/front-spoiler-bars-for-trucks\/scania-front-spoiler-bars\/front-spoiler-bar-lowline-v21-scania-nextgen\/\",\"name\":\"Front Spoiler Bar Lowline V21 Scania NextGen - RST-Steel\",\"isPartOf\":{\"@id\":\"https:\/\/rst-steel.com\/#website\"},\"primaryImageOfPage\":{\"@id\":\"https:\/\/rst-steel.com\/product-category\/front-spoiler-bars\/front-spoiler-bars-for-trucks\/scania-front-spoiler-bars\/front-spoiler-bar-lowline-v21-scania-nextgen\/#primaryimage\"},\"image\":{\"@id\":\"https:\/\/rst-steel.com\/product-category\/front-spoiler-bars\/front-spoiler-bars-for-trucks\/scania-front-spoiler-bars\/front-spoiler-bar-lowline-v21-scania-nextgen\/#primaryimage\"},\"thumbnailUrl\":\"https:\/\/rst-steel.com\/wp-content\/uploads\/2026\/03\/e990b9425fdccd950314054fb5231926.jpg\",\"datePublished\":\"2026-03-20T09:13:29+00:00\",\"dateModified\":\"2026-04-28T12:50:10+00:00\",\"description\":\"3-Part Front Spoiler Bar for Scania NextGen 2017- with small bumper. Durable protective design enhancing style and offering extra safety for the front.\",\"breadcrumb\":{\"@id\":\"https:\/\/rst-steel.com\/product-category\/front-spoiler-bars\/front-spoiler-bars-for-trucks\/scania-front-spoiler-bars\/front-spoiler-bar-lowline-v21-scania-nextgen\/#breadcrumb\"},\"inLanguage\":\"sv-SE\",\"potentialAction\":[{\"@type\":\"ReadAction\",\"target\":[\"https:\/\/rst-steel.com\/product-category\/front-spoiler-bars\/front-spoiler-bars-for-trucks\/scania-front-spoiler-bars\/front-spoiler-bar-lowline-v21-scania-nextgen\/\"]}]},{\"@type\":\"ImageObject\",\"inLanguage\":\"sv-SE\",\"@id\":\"https:\/\/rst-steel.com\/product-category\/front-spoiler-bars\/front-spoiler-bars-for-trucks\/scania-front-spoiler-bars\/front-spoiler-bar-lowline-v21-scania-nextgen\/#primaryimage\",\"url\":\"https:\/\/rst-steel.com\/wp-content\/uploads\/2026\/03\/e990b9425fdccd950314054fb5231926.jpg\",\"contentUrl\":\"https:\/\/rst-steel.com\/wp-content\/uploads\/2026\/03\/e990b9425fdccd950314054fb5231926.jpg\",\"width\":1500,\"height\":2000,\"caption\":\"Front Spoiler Bar Lowline V21 Scania NextGen\"},{\"@type\":\"BreadcrumbList\",\"@id\":\"https:\/\/rst-steel.com\/product-category\/front-spoiler-bars\/front-spoiler-bars-for-trucks\/scania-front-spoiler-bars\/front-spoiler-bar-lowline-v21-scania-nextgen\/#breadcrumb\",\"itemListElement\":[{\"@type\":\"ListItem\",\"position\":1,\"name\":\"Home\",\"item\":\"https:\/\/rst-steel.com\/\"},{\"@type\":\"ListItem\",\"position\":2,\"name\":\"RST-Steel Verkkokauppa\",\"item\":\"https:\/\/rst-steel.com\/shop\/\"},{\"@type\":\"ListItem\",\"position\":3,\"name\":\"Front Spoiler Bar Lowline V21 Scania NextGen\"}]},{\"@type\":\"WebSite\",\"@id\":\"https:\/\/rst-steel.com\/#website\",\"url\":\"https:\/\/rst-steel.com\/\",\"name\":\"RST-Steel Oy - Turvallista, tyylik\u00e4st\u00e4, ter\u00e4st\u00e4\",\"description\":\"Finnish quality for discerning drivers\",\"publisher\":{\"@id\":\"https:\/\/rst-steel.com\/#organization\"},\"potentialAction\":[{\"@type\":\"SearchAction\",\"target\":{\"@type\":\"EntryPoint\",\"urlTemplate\":\"https:\/\/rst-steel.com\/?s={search_term_string}\"},\"query-input\":{\"@type\":\"PropertyValueSpecification\",\"valueRequired\":true,\"valueName\":\"search_term_string\"}}],\"inLanguage\":\"sv-SE\"},{\"@type\":\"Organization\",\"@id\":\"https:\/\/rst-steel.com\/#organization\",\"name\":\"RST-Steel Oy\",\"alternateName\":\"RST-Steel Oy - Turvallista, tyylik\u00e4st\u00e4, ter\u00e4st\u00e4\",\"url\":\"https:\/\/rst-steel.com\/\",\"logo\":{\"@type\":\"ImageObject\",\"inLanguage\":\"sv-SE\",\"@id\":\"https:\/\/rst-steel.com\/#\/schema\/logo\/image\/\",\"url\":\"https:\/\/rst-steel.com\/wp-content\/uploads\/2025\/02\/cropped-rst-valkoinen-ilman-taustaa-02.png\",\"contentUrl\":\"https:\/\/rst-steel.com\/wp-content\/uploads\/2025\/02\/cropped-rst-valkoinen-ilman-taustaa-02.png\",\"width\":2319,\"height\":690,\"caption\":\"RST-Steel Oy\"},\"image\":{\"@id\":\"https:\/\/rst-steel.com\/#\/schema\/logo\/image\/\"}}]}<\/script>\n<!-- \/ Yoast SEO plugin. -->","yoast_head_json":{"title":"Front Spoiler Bar Lowline V21 Scania NextGen - RST-Steel","description":"3-Part Front Spoiler Bar for Scania NextGen 2017- with small bumper. Durable protective design enhancing style and offering extra safety for the front.","robots":{"index":"index","follow":"follow","max-snippet":"max-snippet:-1","max-image-preview":"max-image-preview:large","max-video-preview":"max-video-preview:-1"},"canonical":"https:\/\/rst-steel.com\/sv\/produkt-kategori\/front-spoiler-bars\/front-spoiler-bars-for-trucks\/scania-front-spoiler-bars\/front-spoiler-bar-lowline-v21-scania-nextgen\/","og_locale":"sv_SE","og_type":"article","og_title":"Front Spoiler Bar Lowline V21 Scania NextGen - RST-Steel","og_description":"3-Part Front Spoiler Bar for Scania NextGen 2017- with small bumper. Durable protective design enhancing style and offering extra safety for the front.","og_url":"https:\/\/rst-steel.com\/sv\/produkt-kategori\/front-spoiler-bars\/front-spoiler-bars-for-trucks\/scania-front-spoiler-bars\/front-spoiler-bar-lowline-v21-scania-nextgen\/","og_site_name":"RST-Steel","article_modified_time":"2026-04-28T12:50:10+00:00","og_image":[{"width":1500,"height":2000,"url":"https:\/\/rst-steel.com\/wp-content\/uploads\/2026\/03\/e990b9425fdccd950314054fb5231926.jpg","type":"image\/jpeg"}],"twitter_card":"summary_large_image","twitter_misc":{"Ber\u00e4knad l\u00e4stid":"2 minuter"},"schema":{"@context":"https:\/\/schema.org","@graph":[{"@type":"WebPage","@id":"https:\/\/rst-steel.com\/product-category\/front-spoiler-bars\/front-spoiler-bars-for-trucks\/scania-front-spoiler-bars\/front-spoiler-bar-lowline-v21-scania-nextgen\/","url":"https:\/\/rst-steel.com\/product-category\/front-spoiler-bars\/front-spoiler-bars-for-trucks\/scania-front-spoiler-bars\/front-spoiler-bar-lowline-v21-scania-nextgen\/","name":"Front Spoiler Bar Lowline V21 Scania NextGen - RST-Steel","isPartOf":{"@id":"https:\/\/rst-steel.com\/#website"},"primaryImageOfPage":{"@id":"https:\/\/rst-steel.com\/product-category\/front-spoiler-bars\/front-spoiler-bars-for-trucks\/scania-front-spoiler-bars\/front-spoiler-bar-lowline-v21-scania-nextgen\/#primaryimage"},"image":{"@id":"https:\/\/rst-steel.com\/product-category\/front-spoiler-bars\/front-spoiler-bars-for-trucks\/scania-front-spoiler-bars\/front-spoiler-bar-lowline-v21-scania-nextgen\/#primaryimage"},"thumbnailUrl":"https:\/\/rst-steel.com\/wp-content\/uploads\/2026\/03\/e990b9425fdccd950314054fb5231926.jpg","datePublished":"2026-03-20T09:13:29+00:00","dateModified":"2026-04-28T12:50:10+00:00","description":"3-Part Front Spoiler Bar for Scania NextGen 2017- with small bumper. Durable protective design enhancing style and offering extra safety for the front.","breadcrumb":{"@id":"https:\/\/rst-steel.com\/product-category\/front-spoiler-bars\/front-spoiler-bars-for-trucks\/scania-front-spoiler-bars\/front-spoiler-bar-lowline-v21-scania-nextgen\/#breadcrumb"},"inLanguage":"sv-SE","potentialAction":[{"@type":"ReadAction","target":["https:\/\/rst-steel.com\/product-category\/front-spoiler-bars\/front-spoiler-bars-for-trucks\/scania-front-spoiler-bars\/front-spoiler-bar-lowline-v21-scania-nextgen\/"]}]},{"@type":"ImageObject","inLanguage":"sv-SE","@id":"https:\/\/rst-steel.com\/product-category\/front-spoiler-bars\/front-spoiler-bars-for-trucks\/scania-front-spoiler-bars\/front-spoiler-bar-lowline-v21-scania-nextgen\/#primaryimage","url":"https:\/\/rst-steel.com\/wp-content\/uploads\/2026\/03\/e990b9425fdccd950314054fb5231926.jpg","contentUrl":"https:\/\/rst-steel.com\/wp-content\/uploads\/2026\/03\/e990b9425fdccd950314054fb5231926.jpg","width":1500,"height":2000,"caption":"Front Spoiler Bar Lowline V21 Scania NextGen"},{"@type":"BreadcrumbList","@id":"https:\/\/rst-steel.com\/product-category\/front-spoiler-bars\/front-spoiler-bars-for-trucks\/scania-front-spoiler-bars\/front-spoiler-bar-lowline-v21-scania-nextgen\/#breadcrumb","itemListElement":[{"@type":"ListItem","position":1,"name":"Home","item":"https:\/\/rst-steel.com\/"},{"@type":"ListItem","position":2,"name":"RST-Steel Verkkokauppa","item":"https:\/\/rst-steel.com\/shop\/"},{"@type":"ListItem","position":3,"name":"Front Spoiler Bar Lowline V21 Scania NextGen"}]},{"@type":"WebSite","@id":"https:\/\/rst-steel.com\/#website","url":"https:\/\/rst-steel.com\/","name":"RST-Steel Oy - Turvallista, tyylik\u00e4st\u00e4, ter\u00e4st\u00e4","description":"Finsk kvalitet f\u00f6r kvalitetsmedvetna f\u00f6rare","publisher":{"@id":"https:\/\/rst-steel.com\/#organization"},"potentialAction":[{"@type":"SearchAction","target":{"@type":"EntryPoint","urlTemplate":"https:\/\/rst-steel.com\/?s={search_term_string}"},"query-input":{"@type":"PropertyValueSpecification","valueRequired":true,"valueName":"search_term_string"}}],"inLanguage":"sv-SE"},{"@type":"Organization","@id":"https:\/\/rst-steel.com\/#organization","name":"RST-Steel Oy","alternateName":"RST-Steel Oy - Turvallista, tyylik\u00e4st\u00e4, ter\u00e4st\u00e4","url":"https:\/\/rst-steel.com\/","logo":{"@type":"ImageObject","inLanguage":"sv-SE","@id":"https:\/\/rst-steel.com\/#\/schema\/logo\/image\/","url":"https:\/\/rst-steel.com\/wp-content\/uploads\/2025\/02\/cropped-rst-valkoinen-ilman-taustaa-02.png","contentUrl":"https:\/\/rst-steel.com\/wp-content\/uploads\/2025\/02\/cropped-rst-valkoinen-ilman-taustaa-02.png","width":2319,"height":690,"caption":"RST-Steel Oy"},"image":{"@id":"https:\/\/rst-steel.com\/#\/schema\/logo\/image\/"}}]}},"_links":{"self":[{"href":"https:\/\/rst-steel.com\/sv\/wp-json\/wp\/v2\/product\/194188","targetHints":{"allow":["GET"]}}],"collection":[{"href":"https:\/\/rst-steel.com\/sv\/wp-json\/wp\/v2\/product"}],"about":[{"href":"https:\/\/rst-steel.com\/sv\/wp-json\/wp\/v2\/types\/product"}],"version-history":[{"count":2,"href":"https:\/\/rst-steel.com\/sv\/wp-json\/wp\/v2\/product\/194188\/revisions"}],"predecessor-version":[{"id":202102,"href":"https:\/\/rst-steel.com\/sv\/wp-json\/wp\/v2\/product\/194188\/revisions\/202102"}],"wp:featuredmedia":[{"embeddable":true,"href":"https:\/\/rst-steel.com\/sv\/wp-json\/wp\/v2\/media\/202101"}],"wp:attachment":[{"href":"https:\/\/rst-steel.com\/sv\/wp-json\/wp\/v2\/media?parent=194188"}],"wp:term":[{"taxonomy":"make_year","embeddable":true,"href":"https:\/\/rst-steel.com\/sv\/wp-json\/wp\/v2\/make_year?post=194188"},{"taxonomy":"make_brand","embeddable":true,"href":"https:\/\/rst-steel.com\/sv\/wp-json\/wp\/v2\/make_brand?post=194188"},{"taxonomy":"make_model","embeddable":true,"href":"https:\/\/rst-steel.com\/sv\/wp-json\/wp\/v2\/make_model?post=194188"},{"taxonomy":"make_fuel_type","embeddable":true,"href":"https:\/\/rst-steel.com\/sv\/wp-json\/wp\/v2\/make_fuel_type?post=194188"},{"taxonomy":"product_brand","embeddable":true,"href":"https:\/\/rst-steel.com\/sv\/wp-json\/wp\/v2\/product_brand?post=194188"},{"taxonomy":"product_cat","embeddable":true,"href":"https:\/\/rst-steel.com\/sv\/wp-json\/wp\/v2\/product_cat?post=194188"},{"taxonomy":"product_tag","embeddable":true,"href":"https:\/\/rst-steel.com\/sv\/wp-json\/wp\/v2\/product_tag?post=194188"}],"curies":[{"name":"wp","href":"https:\/\/api.w.org\/{rel}","templated":true}]}}