{"id":194244,"date":"2026-03-20T11:14:26","date_gmt":"2026-03-20T09:14:26","guid":{"rendered":"https:\/\/rst-steel.com\/tuote-osasto\/Ei-luokiteltu\/decorative-pipes-v-line-h-line-v33-for-scania-ng-r-norm-without-wind-deflector\/"},"modified":"2026-04-10T10:17:02","modified_gmt":"2026-04-10T07:17:02","slug":"decorative-pipes-v-line-h-line-v33-for-scania-ng-r-norm-without-wind-deflector","status":"publish","type":"product","link":"https:\/\/rst-steel.com\/sv\/produkt-kategori\/light-bars\/work-light-bars-for-trucks\/scania-work-light-bars\/decorative-pipes-v-line-h-line-v33-for-scania-ng-r-norm-without-wind-deflector\/","title":{"rendered":"Decorative Pipes V-Line + H-Line V33 for Scania NG R Norm, without Wind Deflector"},"content":{"rendered":"<p><span style=\"font-weight: bold\">Decorative Pipes V-Line + H-Line V33 for Scania NG R Norm, without Wind Deflector<\/span><\/p>\n<ul>\n<li><\/li>\n<\/ul>\n<p>Enhance the look of your Scania NG R truck with RST-Steel\u2019s high-quality V-Line + H-Line V33 decorative pipes. Specifically designed for the Scania NG R Normal cab without wind deflector, this set ensures a precise fit and gives your truck a clean, premium, and professional appearance.<\/p>\n<ul>\n<li><\/li>\n<\/ul>\n<p>Made from high-quality stainless steel, this decorative pipe not only looks great but is also built to withstand the toughest conditions. Its easy and quick installation allows you to upgrade your truck effortlessly.<\/p>\n<ul>\n<li><\/li>\n<\/ul>\n<p><span style=\"font-weight: bold\">Tekniska specifikationer<\/span><\/p>\n<ul>\n<li>Color: Polished stainless steel or painted in standard RAL colors<\/li>\n<li>Pipe diameter: 60 mm<\/li>\n<li>Mounting: Roof rail<\/li>\n<li>Compatible cab: Scania R Normal, without spoilers or roof wind deflector<\/li>\n<li><\/li>\n<\/ul>\n<p><span style=\"font-weight: bold\">Included in the package:<\/span><\/p>\n<ul>\n<li>Decorative pipes<\/li>\n<li>Mounting brackets<\/li>\n<li>Installation instructions<\/li>\n<\/ul>","protected":false},"excerpt":{"rendered":"<p>Decorative Pipes V-Line + H-Line V33 for Scania NG R Norm, without Wind Deflector Enhance the look of your Scania&#8230;<\/p>","protected":false},"featured_media":194241,"template":"","meta":{"_improvement_type_select":"improve_an_existing","_thumb_yes_seoaic":false,"_frame_yes_seoaic":false,"seoaic_generate_description":"","seoaic_improve_instructions_prompt":"","seoaic_rollback_content_improvement":"","seoaic_idea_thumbnail_generator":"","thumbnail_generated":false,"thumbnail_generate_prompt":"","seoaic_article_description":""},"make_year":[10907],"make_brand":[10935],"make_model":[10994],"make_fuel_type":[],"product_brand":[],"product_cat":[10508,10593,10592],"product_tag":[],"class_list":{"0":"post-194244","1":"product","2":"type-product","3":"status-publish","4":"has-post-thumbnail","6":"make_year-trucks","7":"make_brand-scania","8":"make_model-nextgen-r-2017","9":"product_cat-light-bars","10":"product_cat-scania-work-light-bars","11":"product_cat-work-light-bars-for-trucks","12":"product_shipping_class-lightbars","14":"first","15":"instock","16":"taxable","17":"shipping-taxable","18":"purchasable","19":"product-type-variable"},"yoast_head":"<!-- This site is optimized with the Yoast SEO plugin v27.1.1 - https:\/\/yoast.com\/product\/yoast-seo-wordpress\/ -->\n<title>Decorative Pipes V-Line + H-Line V33 for Scania NG R Norm, without Wind Deflector - RST-Steel<\/title>\n<meta name=\"description\" content=\"Decorative V-Line + H-Line V33 pipes for Scania NG R Norm, without wind deflector, adding style, durability, and premium truck aesthetics.\" \/>\n<meta name=\"robots\" content=\"index, follow, max-snippet:-1, max-image-preview:large, max-video-preview:-1\" \/>\n<link rel=\"canonical\" href=\"https:\/\/rst-steel.com\/sv\/produkt-kategori\/light-bars\/work-light-bars-for-trucks\/scania-work-light-bars\/decorative-pipes-v-line-h-line-v33-for-scania-ng-r-norm-without-wind-deflector\/\" \/>\n<meta property=\"og:locale\" content=\"sv_SE\" \/>\n<meta property=\"og:type\" content=\"article\" \/>\n<meta property=\"og:title\" content=\"Decorative Pipes V-Line + H-Line V33 for Scania NG R Norm, without Wind Deflector - RST-Steel\" \/>\n<meta property=\"og:description\" content=\"Decorative V-Line + H-Line V33 pipes for Scania NG R Norm, without wind deflector, adding style, durability, and premium truck aesthetics.\" \/>\n<meta property=\"og:url\" content=\"https:\/\/rst-steel.com\/sv\/produkt-kategori\/light-bars\/work-light-bars-for-trucks\/scania-work-light-bars\/decorative-pipes-v-line-h-line-v33-for-scania-ng-r-norm-without-wind-deflector\/\" \/>\n<meta property=\"og:site_name\" content=\"RST-Steel\" \/>\n<meta property=\"article:modified_time\" content=\"2026-04-10T07:17:02+00:00\" \/>\n<meta property=\"og:image\" content=\"https:\/\/rst-steel.com\/wp-content\/uploads\/2026\/03\/93d98ebab909734df00320a061a5d19f6623ea2d_f92c2a0cfbebedab5f6126760d8091a51001ab14_87104.png\" \/>\n\t<meta property=\"og:image:width\" content=\"1920\" \/>\n\t<meta property=\"og:image:height\" content=\"1484\" \/>\n\t<meta property=\"og:image:type\" content=\"image\/png\" \/>\n<meta name=\"twitter:card\" content=\"summary_large_image\" \/>\n<meta name=\"twitter:label1\" content=\"Ber\u00e4knad l\u00e4stid\" \/>\n\t<meta name=\"twitter:data1\" content=\"1 minut\" \/>\n<script type=\"application\/ld+json\" class=\"yoast-schema-graph\">{\"@context\":\"https:\/\/schema.org\",\"@graph\":[{\"@type\":\"WebPage\",\"@id\":\"https:\/\/rst-steel.com\/product-category\/light-bars\/work-light-bars-for-trucks\/scania-work-light-bars\/decorative-pipes-v-line-h-line-v33-for-scania-ng-r-norm-without-wind-deflector\/\",\"url\":\"https:\/\/rst-steel.com\/product-category\/light-bars\/work-light-bars-for-trucks\/scania-work-light-bars\/decorative-pipes-v-line-h-line-v33-for-scania-ng-r-norm-without-wind-deflector\/\",\"name\":\"Decorative Pipes V-Line + H-Line V33 for Scania NG R Norm, without Wind Deflector - RST-Steel\",\"isPartOf\":{\"@id\":\"https:\/\/rst-steel.com\/#website\"},\"primaryImageOfPage\":{\"@id\":\"https:\/\/rst-steel.com\/product-category\/light-bars\/work-light-bars-for-trucks\/scania-work-light-bars\/decorative-pipes-v-line-h-line-v33-for-scania-ng-r-norm-without-wind-deflector\/#primaryimage\"},\"image\":{\"@id\":\"https:\/\/rst-steel.com\/product-category\/light-bars\/work-light-bars-for-trucks\/scania-work-light-bars\/decorative-pipes-v-line-h-line-v33-for-scania-ng-r-norm-without-wind-deflector\/#primaryimage\"},\"thumbnailUrl\":\"https:\/\/rst-steel.com\/wp-content\/uploads\/2026\/03\/93d98ebab909734df00320a061a5d19f6623ea2d_f92c2a0cfbebedab5f6126760d8091a51001ab14_87104.png\",\"datePublished\":\"2026-03-20T09:14:26+00:00\",\"dateModified\":\"2026-04-10T07:17:02+00:00\",\"description\":\"Decorative V-Line + H-Line V33 pipes for Scania NG R Norm, without wind deflector, adding style, durability, and premium truck aesthetics.\",\"breadcrumb\":{\"@id\":\"https:\/\/rst-steel.com\/product-category\/light-bars\/work-light-bars-for-trucks\/scania-work-light-bars\/decorative-pipes-v-line-h-line-v33-for-scania-ng-r-norm-without-wind-deflector\/#breadcrumb\"},\"inLanguage\":\"sv-SE\",\"potentialAction\":[{\"@type\":\"ReadAction\",\"target\":[\"https:\/\/rst-steel.com\/product-category\/light-bars\/work-light-bars-for-trucks\/scania-work-light-bars\/decorative-pipes-v-line-h-line-v33-for-scania-ng-r-norm-without-wind-deflector\/\"]}]},{\"@type\":\"ImageObject\",\"inLanguage\":\"sv-SE\",\"@id\":\"https:\/\/rst-steel.com\/product-category\/light-bars\/work-light-bars-for-trucks\/scania-work-light-bars\/decorative-pipes-v-line-h-line-v33-for-scania-ng-r-norm-without-wind-deflector\/#primaryimage\",\"url\":\"https:\/\/rst-steel.com\/wp-content\/uploads\/2026\/03\/93d98ebab909734df00320a061a5d19f6623ea2d_f92c2a0cfbebedab5f6126760d8091a51001ab14_87104.png\",\"contentUrl\":\"https:\/\/rst-steel.com\/wp-content\/uploads\/2026\/03\/93d98ebab909734df00320a061a5d19f6623ea2d_f92c2a0cfbebedab5f6126760d8091a51001ab14_87104.png\",\"width\":1920,\"height\":1484,\"caption\":\"prm_76230\"},{\"@type\":\"BreadcrumbList\",\"@id\":\"https:\/\/rst-steel.com\/product-category\/light-bars\/work-light-bars-for-trucks\/scania-work-light-bars\/decorative-pipes-v-line-h-line-v33-for-scania-ng-r-norm-without-wind-deflector\/#breadcrumb\",\"itemListElement\":[{\"@type\":\"ListItem\",\"position\":1,\"name\":\"Home\",\"item\":\"https:\/\/rst-steel.com\/\"},{\"@type\":\"ListItem\",\"position\":2,\"name\":\"RST-Steel Verkkokauppa\",\"item\":\"https:\/\/rst-steel.com\/shop\/\"},{\"@type\":\"ListItem\",\"position\":3,\"name\":\"Decorative Pipes V-Line + H-Line V33 for Scania NG R Norm, without Wind Deflector\"}]},{\"@type\":\"WebSite\",\"@id\":\"https:\/\/rst-steel.com\/#website\",\"url\":\"https:\/\/rst-steel.com\/\",\"name\":\"RST-Steel Oy - Turvallista, tyylik\u00e4st\u00e4, ter\u00e4st\u00e4\",\"description\":\"Finnish quality for discerning drivers\",\"publisher\":{\"@id\":\"https:\/\/rst-steel.com\/#organization\"},\"potentialAction\":[{\"@type\":\"SearchAction\",\"target\":{\"@type\":\"EntryPoint\",\"urlTemplate\":\"https:\/\/rst-steel.com\/?s={search_term_string}\"},\"query-input\":{\"@type\":\"PropertyValueSpecification\",\"valueRequired\":true,\"valueName\":\"search_term_string\"}}],\"inLanguage\":\"sv-SE\"},{\"@type\":\"Organization\",\"@id\":\"https:\/\/rst-steel.com\/#organization\",\"name\":\"RST-Steel Oy\",\"alternateName\":\"RST-Steel Oy - Turvallista, tyylik\u00e4st\u00e4, ter\u00e4st\u00e4\",\"url\":\"https:\/\/rst-steel.com\/\",\"logo\":{\"@type\":\"ImageObject\",\"inLanguage\":\"sv-SE\",\"@id\":\"https:\/\/rst-steel.com\/#\/schema\/logo\/image\/\",\"url\":\"https:\/\/rst-steel.com\/wp-content\/uploads\/2025\/02\/cropped-rst-valkoinen-ilman-taustaa-02.png\",\"contentUrl\":\"https:\/\/rst-steel.com\/wp-content\/uploads\/2025\/02\/cropped-rst-valkoinen-ilman-taustaa-02.png\",\"width\":2319,\"height\":690,\"caption\":\"RST-Steel Oy\"},\"image\":{\"@id\":\"https:\/\/rst-steel.com\/#\/schema\/logo\/image\/\"}}]}<\/script>\n<!-- \/ Yoast SEO plugin. -->","yoast_head_json":{"title":"Decorative Pipes V-Line + H-Line V33 for Scania NG R Norm, without Wind Deflector - RST-Steel","description":"Decorative V-Line + H-Line V33 pipes for Scania NG R Norm, without wind deflector, adding style, durability, and premium truck aesthetics.","robots":{"index":"index","follow":"follow","max-snippet":"max-snippet:-1","max-image-preview":"max-image-preview:large","max-video-preview":"max-video-preview:-1"},"canonical":"https:\/\/rst-steel.com\/sv\/produkt-kategori\/light-bars\/work-light-bars-for-trucks\/scania-work-light-bars\/decorative-pipes-v-line-h-line-v33-for-scania-ng-r-norm-without-wind-deflector\/","og_locale":"sv_SE","og_type":"article","og_title":"Decorative Pipes V-Line + H-Line V33 for Scania NG R Norm, without Wind Deflector - RST-Steel","og_description":"Decorative V-Line + H-Line V33 pipes for Scania NG R Norm, without wind deflector, adding style, durability, and premium truck aesthetics.","og_url":"https:\/\/rst-steel.com\/sv\/produkt-kategori\/light-bars\/work-light-bars-for-trucks\/scania-work-light-bars\/decorative-pipes-v-line-h-line-v33-for-scania-ng-r-norm-without-wind-deflector\/","og_site_name":"RST-Steel","article_modified_time":"2026-04-10T07:17:02+00:00","og_image":[{"width":1920,"height":1484,"url":"https:\/\/rst-steel.com\/wp-content\/uploads\/2026\/03\/93d98ebab909734df00320a061a5d19f6623ea2d_f92c2a0cfbebedab5f6126760d8091a51001ab14_87104.png","type":"image\/png"}],"twitter_card":"summary_large_image","twitter_misc":{"Ber\u00e4knad l\u00e4stid":"1 minut"},"schema":{"@context":"https:\/\/schema.org","@graph":[{"@type":"WebPage","@id":"https:\/\/rst-steel.com\/product-category\/light-bars\/work-light-bars-for-trucks\/scania-work-light-bars\/decorative-pipes-v-line-h-line-v33-for-scania-ng-r-norm-without-wind-deflector\/","url":"https:\/\/rst-steel.com\/product-category\/light-bars\/work-light-bars-for-trucks\/scania-work-light-bars\/decorative-pipes-v-line-h-line-v33-for-scania-ng-r-norm-without-wind-deflector\/","name":"Decorative Pipes V-Line + H-Line V33 for Scania NG R Norm, without Wind Deflector - RST-Steel","isPartOf":{"@id":"https:\/\/rst-steel.com\/#website"},"primaryImageOfPage":{"@id":"https:\/\/rst-steel.com\/product-category\/light-bars\/work-light-bars-for-trucks\/scania-work-light-bars\/decorative-pipes-v-line-h-line-v33-for-scania-ng-r-norm-without-wind-deflector\/#primaryimage"},"image":{"@id":"https:\/\/rst-steel.com\/product-category\/light-bars\/work-light-bars-for-trucks\/scania-work-light-bars\/decorative-pipes-v-line-h-line-v33-for-scania-ng-r-norm-without-wind-deflector\/#primaryimage"},"thumbnailUrl":"https:\/\/rst-steel.com\/wp-content\/uploads\/2026\/03\/93d98ebab909734df00320a061a5d19f6623ea2d_f92c2a0cfbebedab5f6126760d8091a51001ab14_87104.png","datePublished":"2026-03-20T09:14:26+00:00","dateModified":"2026-04-10T07:17:02+00:00","description":"Decorative V-Line + H-Line V33 pipes for Scania NG R Norm, without wind deflector, adding style, durability, and premium truck aesthetics.","breadcrumb":{"@id":"https:\/\/rst-steel.com\/product-category\/light-bars\/work-light-bars-for-trucks\/scania-work-light-bars\/decorative-pipes-v-line-h-line-v33-for-scania-ng-r-norm-without-wind-deflector\/#breadcrumb"},"inLanguage":"sv-SE","potentialAction":[{"@type":"ReadAction","target":["https:\/\/rst-steel.com\/product-category\/light-bars\/work-light-bars-for-trucks\/scania-work-light-bars\/decorative-pipes-v-line-h-line-v33-for-scania-ng-r-norm-without-wind-deflector\/"]}]},{"@type":"ImageObject","inLanguage":"sv-SE","@id":"https:\/\/rst-steel.com\/product-category\/light-bars\/work-light-bars-for-trucks\/scania-work-light-bars\/decorative-pipes-v-line-h-line-v33-for-scania-ng-r-norm-without-wind-deflector\/#primaryimage","url":"https:\/\/rst-steel.com\/wp-content\/uploads\/2026\/03\/93d98ebab909734df00320a061a5d19f6623ea2d_f92c2a0cfbebedab5f6126760d8091a51001ab14_87104.png","contentUrl":"https:\/\/rst-steel.com\/wp-content\/uploads\/2026\/03\/93d98ebab909734df00320a061a5d19f6623ea2d_f92c2a0cfbebedab5f6126760d8091a51001ab14_87104.png","width":1920,"height":1484,"caption":"prm_76230"},{"@type":"BreadcrumbList","@id":"https:\/\/rst-steel.com\/product-category\/light-bars\/work-light-bars-for-trucks\/scania-work-light-bars\/decorative-pipes-v-line-h-line-v33-for-scania-ng-r-norm-without-wind-deflector\/#breadcrumb","itemListElement":[{"@type":"ListItem","position":1,"name":"Home","item":"https:\/\/rst-steel.com\/"},{"@type":"ListItem","position":2,"name":"RST-Steel Verkkokauppa","item":"https:\/\/rst-steel.com\/shop\/"},{"@type":"ListItem","position":3,"name":"Decorative Pipes V-Line + H-Line V33 for Scania NG R Norm, without Wind Deflector"}]},{"@type":"WebSite","@id":"https:\/\/rst-steel.com\/#website","url":"https:\/\/rst-steel.com\/","name":"RST-Steel Oy - Turvallista, tyylik\u00e4st\u00e4, ter\u00e4st\u00e4","description":"Finsk kvalitet f\u00f6r kvalitetsmedvetna f\u00f6rare","publisher":{"@id":"https:\/\/rst-steel.com\/#organization"},"potentialAction":[{"@type":"SearchAction","target":{"@type":"EntryPoint","urlTemplate":"https:\/\/rst-steel.com\/?s={search_term_string}"},"query-input":{"@type":"PropertyValueSpecification","valueRequired":true,"valueName":"search_term_string"}}],"inLanguage":"sv-SE"},{"@type":"Organization","@id":"https:\/\/rst-steel.com\/#organization","name":"Hantera alternativ","alternateName":"RST-Steel Oy - Turvallista, tyylik\u00e4st\u00e4, ter\u00e4st\u00e4","url":"https:\/\/rst-steel.com\/","logo":{"@type":"ImageObject","inLanguage":"sv-SE","@id":"https:\/\/rst-steel.com\/#\/schema\/logo\/image\/","url":"https:\/\/rst-steel.com\/wp-content\/uploads\/2025\/02\/cropped-rst-valkoinen-ilman-taustaa-02.png","contentUrl":"https:\/\/rst-steel.com\/wp-content\/uploads\/2025\/02\/cropped-rst-valkoinen-ilman-taustaa-02.png","width":2319,"height":690,"caption":"RST-Steel Oy"},"image":{"@id":"https:\/\/rst-steel.com\/#\/schema\/logo\/image\/"}}]}},"_links":{"self":[{"href":"https:\/\/rst-steel.com\/sv\/wp-json\/wp\/v2\/product\/194244","targetHints":{"allow":["GET"]}}],"collection":[{"href":"https:\/\/rst-steel.com\/sv\/wp-json\/wp\/v2\/product"}],"about":[{"href":"https:\/\/rst-steel.com\/sv\/wp-json\/wp\/v2\/types\/product"}],"version-history":[{"count":0,"href":"https:\/\/rst-steel.com\/sv\/wp-json\/wp\/v2\/product\/194244\/revisions"}],"wp:featuredmedia":[{"embeddable":true,"href":"https:\/\/rst-steel.com\/sv\/wp-json\/wp\/v2\/media\/194241"}],"wp:attachment":[{"href":"https:\/\/rst-steel.com\/sv\/wp-json\/wp\/v2\/media?parent=194244"}],"wp:term":[{"taxonomy":"make_year","embeddable":true,"href":"https:\/\/rst-steel.com\/sv\/wp-json\/wp\/v2\/make_year?post=194244"},{"taxonomy":"make_brand","embeddable":true,"href":"https:\/\/rst-steel.com\/sv\/wp-json\/wp\/v2\/make_brand?post=194244"},{"taxonomy":"make_model","embeddable":true,"href":"https:\/\/rst-steel.com\/sv\/wp-json\/wp\/v2\/make_model?post=194244"},{"taxonomy":"make_fuel_type","embeddable":true,"href":"https:\/\/rst-steel.com\/sv\/wp-json\/wp\/v2\/make_fuel_type?post=194244"},{"taxonomy":"product_brand","embeddable":true,"href":"https:\/\/rst-steel.com\/sv\/wp-json\/wp\/v2\/product_brand?post=194244"},{"taxonomy":"product_cat","embeddable":true,"href":"https:\/\/rst-steel.com\/sv\/wp-json\/wp\/v2\/product_cat?post=194244"},{"taxonomy":"product_tag","embeddable":true,"href":"https:\/\/rst-steel.com\/sv\/wp-json\/wp\/v2\/product_tag?post=194244"}],"curies":[{"name":"wp","href":"https:\/\/api.w.org\/{rel}","templated":true}]}}