{"id":194305,"date":"2026-03-20T11:15:33","date_gmt":"2026-03-20T09:15:33","guid":{"rendered":"https:\/\/rst-steel.com\/tuote-osasto\/Ei-luokiteltu\/rear-bar-volvo-ecr145f-2025\/"},"modified":"2026-04-15T09:09:39","modified_gmt":"2026-04-15T06:09:39","slug":"rear-bar-volvo-ecr145f-2025","status":"publish","type":"product","link":"https:\/\/rst-steel.com\/sv\/produkt-kategori\/light-bars\/rear-bars-for-excavators\/volvo-rear-bars\/rear-bar-volvo-ecr145f-2025\/","title":{"rendered":"Rear Bar Volvo ECR145F 2025-"},"content":{"rendered":"<p><span style=\"font-weight: bold\">Rear Bar Volvo ECR145F 2025-<\/span><\/p>\n<p>RST-Steel\u2019s rear bars are high-quality products made of stainless steel.&nbsp;<\/p>\n<p>The rear bars can be equipped with work lights and position lights, which improve your visibility in traffic, and at the same time increase safety for yourself and others in traffic.<\/p>\n<p><span style=\"font-weight: bold\">Technical information:<\/span><\/p>\n<ul>\n<li>Color: Polished stainless steel or Powdercoated with RAL-colors<\/li>\n<li>Pipes diameter: 60 mm<\/li>\n<\/ul>\n<p><span style=\"font-weight: bold\">Delivery contents:<\/span><\/p>\n<ul>\n<li>Rear bar<\/li>\n<li>Fasteners required for installation<\/li>\n<li>Installation instructions<\/li>\n<\/ul>","protected":false},"excerpt":{"rendered":"<p>Rear Bar Volvo ECR145F 2025- RST-Steel\u2019s rear bars are high-quality products made of stainless steel.&nbsp; The rear bars can be&#8230;<\/p>","protected":false},"featured_media":194303,"template":"","meta":{"_improvement_type_select":"improve_an_existing","_thumb_yes_seoaic":false,"_frame_yes_seoaic":false,"seoaic_generate_description":"","seoaic_improve_instructions_prompt":"","seoaic_rollback_content_improvement":"","seoaic_idea_thumbnail_generator":"","thumbnail_generated":false,"thumbnail_generate_prompt":"","seoaic_article_description":""},"make_year":[10909],"make_brand":[10940],"make_model":[11033],"make_fuel_type":[],"product_brand":[9443],"product_cat":[10562,10508,10565],"product_tag":[],"class_list":{"0":"post-194305","1":"product","2":"type-product","3":"status-publish","4":"has-post-thumbnail","6":"make_year-workmachines","7":"make_brand-volvo-workmachines","8":"make_model-volvo-excavators","9":"product_brand-brand_rststeel","10":"product_cat-rear-bars-for-excavators","11":"product_cat-light-bars","12":"product_cat-volvo-rear-bars","13":"product_shipping_class-lightbars","15":"first","16":"onbackorder","17":"taxable","18":"shipping-taxable","19":"purchasable","20":"product-type-variable"},"yoast_head":"<!-- This site is optimized with the Yoast SEO plugin v27.1.1 - https:\/\/yoast.com\/product\/yoast-seo-wordpress\/ -->\n<title>Rear Bar Volvo ECR145F 2025- RST-Steel<\/title>\n<meta name=\"description\" content=\"Counterweight bar for Volvo ECR145F 2025-. Durable stainless steel, stylish design, enhances visibility and allows secure light mounting.\" \/>\n<meta name=\"robots\" content=\"index, follow, max-snippet:-1, max-image-preview:large, max-video-preview:-1\" \/>\n<link rel=\"canonical\" href=\"https:\/\/rst-steel.com\/sv\/produkt-kategori\/light-bars\/rear-bars-for-excavators\/volvo-rear-bars\/rear-bar-volvo-ecr145f-2025\/\" \/>\n<meta property=\"og:locale\" content=\"sv_SE\" \/>\n<meta property=\"og:type\" content=\"article\" \/>\n<meta property=\"og:title\" content=\"Rear Bar Volvo ECR145F 2025- RST-Steel\" \/>\n<meta property=\"og:description\" content=\"Counterweight bar for Volvo ECR145F 2025-. Durable stainless steel, stylish design, enhances visibility and allows secure light mounting.\" \/>\n<meta property=\"og:url\" content=\"https:\/\/rst-steel.com\/sv\/produkt-kategori\/light-bars\/rear-bars-for-excavators\/volvo-rear-bars\/rear-bar-volvo-ecr145f-2025\/\" \/>\n<meta property=\"og:site_name\" content=\"RST-Steel\" \/>\n<meta property=\"article:modified_time\" content=\"2026-04-15T06:09:39+00:00\" \/>\n<meta property=\"og:image\" content=\"https:\/\/rst-steel.com\/wp-content\/uploads\/2026\/03\/904af121b8b6f607dad20ee6fc8ad7a56e77a9ba_280ef4dd3da458b79f7a4e518ac6087a10c2434f_95967.png\" \/>\n\t<meta property=\"og:image:width\" content=\"1920\" \/>\n\t<meta property=\"og:image:height\" content=\"1484\" \/>\n\t<meta property=\"og:image:type\" content=\"image\/png\" \/>\n<meta name=\"twitter:card\" content=\"summary_large_image\" \/>\n<meta name=\"twitter:label1\" content=\"Ber\u00e4knad l\u00e4stid\" \/>\n\t<meta name=\"twitter:data1\" content=\"1 minut\" \/>\n<script type=\"application\/ld+json\" class=\"yoast-schema-graph\">{\"@context\":\"https:\/\/schema.org\",\"@graph\":[{\"@type\":\"WebPage\",\"@id\":\"https:\/\/rst-steel.com\/product-category\/light-bars\/rear-bars-for-excavators\/volvo-rear-bars\/rear-bar-volvo-ecr145f-2025\/\",\"url\":\"https:\/\/rst-steel.com\/product-category\/light-bars\/rear-bars-for-excavators\/volvo-rear-bars\/rear-bar-volvo-ecr145f-2025\/\",\"name\":\"Rear Bar Volvo ECR145F 2025- RST-Steel\",\"isPartOf\":{\"@id\":\"https:\/\/rst-steel.com\/#website\"},\"primaryImageOfPage\":{\"@id\":\"https:\/\/rst-steel.com\/product-category\/light-bars\/rear-bars-for-excavators\/volvo-rear-bars\/rear-bar-volvo-ecr145f-2025\/#primaryimage\"},\"image\":{\"@id\":\"https:\/\/rst-steel.com\/product-category\/light-bars\/rear-bars-for-excavators\/volvo-rear-bars\/rear-bar-volvo-ecr145f-2025\/#primaryimage\"},\"thumbnailUrl\":\"https:\/\/rst-steel.com\/wp-content\/uploads\/2026\/03\/904af121b8b6f607dad20ee6fc8ad7a56e77a9ba_280ef4dd3da458b79f7a4e518ac6087a10c2434f_95967.png\",\"datePublished\":\"2026-03-20T09:15:33+00:00\",\"dateModified\":\"2026-04-15T06:09:39+00:00\",\"description\":\"Counterweight bar for Volvo ECR145F 2025-. Durable stainless steel, stylish design, enhances visibility and allows secure light mounting.\",\"breadcrumb\":{\"@id\":\"https:\/\/rst-steel.com\/product-category\/light-bars\/rear-bars-for-excavators\/volvo-rear-bars\/rear-bar-volvo-ecr145f-2025\/#breadcrumb\"},\"inLanguage\":\"sv-SE\",\"potentialAction\":[{\"@type\":\"ReadAction\",\"target\":[\"https:\/\/rst-steel.com\/product-category\/light-bars\/rear-bars-for-excavators\/volvo-rear-bars\/rear-bar-volvo-ecr145f-2025\/\"]}]},{\"@type\":\"ImageObject\",\"inLanguage\":\"sv-SE\",\"@id\":\"https:\/\/rst-steel.com\/product-category\/light-bars\/rear-bars-for-excavators\/volvo-rear-bars\/rear-bar-volvo-ecr145f-2025\/#primaryimage\",\"url\":\"https:\/\/rst-steel.com\/wp-content\/uploads\/2026\/03\/904af121b8b6f607dad20ee6fc8ad7a56e77a9ba_280ef4dd3da458b79f7a4e518ac6087a10c2434f_95967.png\",\"contentUrl\":\"https:\/\/rst-steel.com\/wp-content\/uploads\/2026\/03\/904af121b8b6f607dad20ee6fc8ad7a56e77a9ba_280ef4dd3da458b79f7a4e518ac6087a10c2434f_95967.png\",\"width\":1920,\"height\":1484,\"caption\":\"prm_76742\"},{\"@type\":\"BreadcrumbList\",\"@id\":\"https:\/\/rst-steel.com\/product-category\/light-bars\/rear-bars-for-excavators\/volvo-rear-bars\/rear-bar-volvo-ecr145f-2025\/#breadcrumb\",\"itemListElement\":[{\"@type\":\"ListItem\",\"position\":1,\"name\":\"Home\",\"item\":\"https:\/\/rst-steel.com\/\"},{\"@type\":\"ListItem\",\"position\":2,\"name\":\"RST-Steel Verkkokauppa\",\"item\":\"https:\/\/rst-steel.com\/shop\/\"},{\"@type\":\"ListItem\",\"position\":3,\"name\":\"Rear Bar Volvo ECR145F 2025-\"}]},{\"@type\":\"WebSite\",\"@id\":\"https:\/\/rst-steel.com\/#website\",\"url\":\"https:\/\/rst-steel.com\/\",\"name\":\"RST-Steel Oy - Turvallista, tyylik\u00e4st\u00e4, ter\u00e4st\u00e4\",\"description\":\"Finnish quality for discerning drivers\",\"publisher\":{\"@id\":\"https:\/\/rst-steel.com\/#organization\"},\"potentialAction\":[{\"@type\":\"SearchAction\",\"target\":{\"@type\":\"EntryPoint\",\"urlTemplate\":\"https:\/\/rst-steel.com\/?s={search_term_string}\"},\"query-input\":{\"@type\":\"PropertyValueSpecification\",\"valueRequired\":true,\"valueName\":\"search_term_string\"}}],\"inLanguage\":\"sv-SE\"},{\"@type\":\"Organization\",\"@id\":\"https:\/\/rst-steel.com\/#organization\",\"name\":\"RST-Steel Oy\",\"alternateName\":\"RST-Steel Oy - Turvallista, tyylik\u00e4st\u00e4, ter\u00e4st\u00e4\",\"url\":\"https:\/\/rst-steel.com\/\",\"logo\":{\"@type\":\"ImageObject\",\"inLanguage\":\"sv-SE\",\"@id\":\"https:\/\/rst-steel.com\/#\/schema\/logo\/image\/\",\"url\":\"https:\/\/rst-steel.com\/wp-content\/uploads\/2025\/02\/cropped-rst-valkoinen-ilman-taustaa-02.png\",\"contentUrl\":\"https:\/\/rst-steel.com\/wp-content\/uploads\/2025\/02\/cropped-rst-valkoinen-ilman-taustaa-02.png\",\"width\":2319,\"height\":690,\"caption\":\"RST-Steel Oy\"},\"image\":{\"@id\":\"https:\/\/rst-steel.com\/#\/schema\/logo\/image\/\"}}]}<\/script>\n<!-- \/ Yoast SEO plugin. -->","yoast_head_json":{"title":"Rear Bar Volvo ECR145F 2025- RST-Steel","description":"Counterweight bar for Volvo ECR145F 2025-. Durable stainless steel, stylish design, enhances visibility and allows secure light mounting.","robots":{"index":"index","follow":"follow","max-snippet":"max-snippet:-1","max-image-preview":"max-image-preview:large","max-video-preview":"max-video-preview:-1"},"canonical":"https:\/\/rst-steel.com\/sv\/produkt-kategori\/light-bars\/rear-bars-for-excavators\/volvo-rear-bars\/rear-bar-volvo-ecr145f-2025\/","og_locale":"sv_SE","og_type":"article","og_title":"Rear Bar Volvo ECR145F 2025- RST-Steel","og_description":"Counterweight bar for Volvo ECR145F 2025-. Durable stainless steel, stylish design, enhances visibility and allows secure light mounting.","og_url":"https:\/\/rst-steel.com\/sv\/produkt-kategori\/light-bars\/rear-bars-for-excavators\/volvo-rear-bars\/rear-bar-volvo-ecr145f-2025\/","og_site_name":"RST-Steel","article_modified_time":"2026-04-15T06:09:39+00:00","og_image":[{"width":1920,"height":1484,"url":"https:\/\/rst-steel.com\/wp-content\/uploads\/2026\/03\/904af121b8b6f607dad20ee6fc8ad7a56e77a9ba_280ef4dd3da458b79f7a4e518ac6087a10c2434f_95967.png","type":"image\/png"}],"twitter_card":"summary_large_image","twitter_misc":{"Ber\u00e4knad l\u00e4stid":"1 minut"},"schema":{"@context":"https:\/\/schema.org","@graph":[{"@type":"WebPage","@id":"https:\/\/rst-steel.com\/product-category\/light-bars\/rear-bars-for-excavators\/volvo-rear-bars\/rear-bar-volvo-ecr145f-2025\/","url":"https:\/\/rst-steel.com\/product-category\/light-bars\/rear-bars-for-excavators\/volvo-rear-bars\/rear-bar-volvo-ecr145f-2025\/","name":"Rear Bar Volvo ECR145F 2025- RST-Steel","isPartOf":{"@id":"https:\/\/rst-steel.com\/#website"},"primaryImageOfPage":{"@id":"https:\/\/rst-steel.com\/product-category\/light-bars\/rear-bars-for-excavators\/volvo-rear-bars\/rear-bar-volvo-ecr145f-2025\/#primaryimage"},"image":{"@id":"https:\/\/rst-steel.com\/product-category\/light-bars\/rear-bars-for-excavators\/volvo-rear-bars\/rear-bar-volvo-ecr145f-2025\/#primaryimage"},"thumbnailUrl":"https:\/\/rst-steel.com\/wp-content\/uploads\/2026\/03\/904af121b8b6f607dad20ee6fc8ad7a56e77a9ba_280ef4dd3da458b79f7a4e518ac6087a10c2434f_95967.png","datePublished":"2026-03-20T09:15:33+00:00","dateModified":"2026-04-15T06:09:39+00:00","description":"Counterweight bar for Volvo ECR145F 2025-. Durable stainless steel, stylish design, enhances visibility and allows secure light mounting.","breadcrumb":{"@id":"https:\/\/rst-steel.com\/product-category\/light-bars\/rear-bars-for-excavators\/volvo-rear-bars\/rear-bar-volvo-ecr145f-2025\/#breadcrumb"},"inLanguage":"sv-SE","potentialAction":[{"@type":"ReadAction","target":["https:\/\/rst-steel.com\/product-category\/light-bars\/rear-bars-for-excavators\/volvo-rear-bars\/rear-bar-volvo-ecr145f-2025\/"]}]},{"@type":"ImageObject","inLanguage":"sv-SE","@id":"https:\/\/rst-steel.com\/product-category\/light-bars\/rear-bars-for-excavators\/volvo-rear-bars\/rear-bar-volvo-ecr145f-2025\/#primaryimage","url":"https:\/\/rst-steel.com\/wp-content\/uploads\/2026\/03\/904af121b8b6f607dad20ee6fc8ad7a56e77a9ba_280ef4dd3da458b79f7a4e518ac6087a10c2434f_95967.png","contentUrl":"https:\/\/rst-steel.com\/wp-content\/uploads\/2026\/03\/904af121b8b6f607dad20ee6fc8ad7a56e77a9ba_280ef4dd3da458b79f7a4e518ac6087a10c2434f_95967.png","width":1920,"height":1484,"caption":"prm_76742"},{"@type":"BreadcrumbList","@id":"https:\/\/rst-steel.com\/product-category\/light-bars\/rear-bars-for-excavators\/volvo-rear-bars\/rear-bar-volvo-ecr145f-2025\/#breadcrumb","itemListElement":[{"@type":"ListItem","position":1,"name":"Home","item":"https:\/\/rst-steel.com\/"},{"@type":"ListItem","position":2,"name":"RST-Steel Verkkokauppa","item":"https:\/\/rst-steel.com\/shop\/"},{"@type":"ListItem","position":3,"name":"Rear Bar Volvo ECR145F 2025-"}]},{"@type":"WebSite","@id":"https:\/\/rst-steel.com\/#website","url":"https:\/\/rst-steel.com\/","name":"RST-Steel Oy - Turvallista, tyylik\u00e4st\u00e4, ter\u00e4st\u00e4","description":"Finsk kvalitet f\u00f6r kvalitetsmedvetna f\u00f6rare","publisher":{"@id":"https:\/\/rst-steel.com\/#organization"},"potentialAction":[{"@type":"SearchAction","target":{"@type":"EntryPoint","urlTemplate":"https:\/\/rst-steel.com\/?s={search_term_string}"},"query-input":{"@type":"PropertyValueSpecification","valueRequired":true,"valueName":"search_term_string"}}],"inLanguage":"sv-SE"},{"@type":"Organization","@id":"https:\/\/rst-steel.com\/#organization","name":"Hantera alternativ","alternateName":"RST-Steel Oy - Turvallista, tyylik\u00e4st\u00e4, ter\u00e4st\u00e4","url":"https:\/\/rst-steel.com\/","logo":{"@type":"ImageObject","inLanguage":"sv-SE","@id":"https:\/\/rst-steel.com\/#\/schema\/logo\/image\/","url":"https:\/\/rst-steel.com\/wp-content\/uploads\/2025\/02\/cropped-rst-valkoinen-ilman-taustaa-02.png","contentUrl":"https:\/\/rst-steel.com\/wp-content\/uploads\/2025\/02\/cropped-rst-valkoinen-ilman-taustaa-02.png","width":2319,"height":690,"caption":"RST-Steel Oy"},"image":{"@id":"https:\/\/rst-steel.com\/#\/schema\/logo\/image\/"}}]}},"_links":{"self":[{"href":"https:\/\/rst-steel.com\/sv\/wp-json\/wp\/v2\/product\/194305","targetHints":{"allow":["GET"]}}],"collection":[{"href":"https:\/\/rst-steel.com\/sv\/wp-json\/wp\/v2\/product"}],"about":[{"href":"https:\/\/rst-steel.com\/sv\/wp-json\/wp\/v2\/types\/product"}],"version-history":[{"count":1,"href":"https:\/\/rst-steel.com\/sv\/wp-json\/wp\/v2\/product\/194305\/revisions"}],"predecessor-version":[{"id":198910,"href":"https:\/\/rst-steel.com\/sv\/wp-json\/wp\/v2\/product\/194305\/revisions\/198910"}],"wp:featuredmedia":[{"embeddable":true,"href":"https:\/\/rst-steel.com\/sv\/wp-json\/wp\/v2\/media\/194303"}],"wp:attachment":[{"href":"https:\/\/rst-steel.com\/sv\/wp-json\/wp\/v2\/media?parent=194305"}],"wp:term":[{"taxonomy":"make_year","embeddable":true,"href":"https:\/\/rst-steel.com\/sv\/wp-json\/wp\/v2\/make_year?post=194305"},{"taxonomy":"make_brand","embeddable":true,"href":"https:\/\/rst-steel.com\/sv\/wp-json\/wp\/v2\/make_brand?post=194305"},{"taxonomy":"make_model","embeddable":true,"href":"https:\/\/rst-steel.com\/sv\/wp-json\/wp\/v2\/make_model?post=194305"},{"taxonomy":"make_fuel_type","embeddable":true,"href":"https:\/\/rst-steel.com\/sv\/wp-json\/wp\/v2\/make_fuel_type?post=194305"},{"taxonomy":"product_brand","embeddable":true,"href":"https:\/\/rst-steel.com\/sv\/wp-json\/wp\/v2\/product_brand?post=194305"},{"taxonomy":"product_cat","embeddable":true,"href":"https:\/\/rst-steel.com\/sv\/wp-json\/wp\/v2\/product_cat?post=194305"},{"taxonomy":"product_tag","embeddable":true,"href":"https:\/\/rst-steel.com\/sv\/wp-json\/wp\/v2\/product_tag?post=194305"}],"curies":[{"name":"wp","href":"https:\/\/api.w.org\/{rel}","templated":true}]}}